{"id":19391,"date":"2020-01-01T10:10:03","date_gmt":"2020-01-01T08:10:03","guid":{"rendered":"https:\/\/hotta.eu\/shop\/luizianas-stila-karsta-merce\/"},"modified":"2024-12-27T12:42:38","modified_gmt":"2024-12-27T10:42:38","slug":"louisiana-style-hot-sauce","status":"publish","type":"product","link":"https:\/\/hotta.eu\/lv\/shop\/louisiana-style-hot-sauce\/","title":{"rendered":"Louisiana Style Hot Sauce"},"content":{"rendered":"<p><strong>Sast\u0101vda\u013cas<\/strong><br \/>\nIesala eti\u0137sk\u0101be, habanero \u010dilli, kaj\u0113nas \u010dilli, \u016bdens, tom\u0101tu biezenis, fruktozes s\u012brups, destil\u0113ta eti\u0137sk\u0101be, glikozes s\u012brups, Vor\u010dester\u0161\u012bras m\u0113rce, s\u0101ls, paprika, \u0137iploku pulveris, br\u016bnais cukurs, <strong>selerijas s\u0101ls<\/strong>, laima sulas koncentr\u0101ts, gar\u0161vielu s\u0101ls, dab\u012bga k\u016bpin\u0101ta aromatiz\u0113t\u0101ja, gar\u0161vielu mais\u012bjums.<\/p>\n<p><strong>Uztura inform\u0101cija (100 g)<br \/>\n<\/strong> Ener\u0123ija 376 kJ \/ 90 kcal, tauki 0,5 g, og\u013chidr\u0101ti 17 g, no tiem cukuri 8 g, olbaltumvielas 2 g, s\u0101ls 1,75 g.<\/p>\n<p><strong>Der\u012bgums un glab\u0101\u0161ana<\/strong><br \/>\nDer\u012bguma termi\u0146\u0161 uz pudel\u012btes attiecas uz neatv\u0113rtiem produktiem. Atv\u0113rtu produktu j\u0101uzglab\u0101 ledusskap\u012b.<\/p>\n","protected":false},"excerpt":{"rendered":"<p>Louisiana Style Batch #218 ir pikanta m\u0113rce no Original Juan&#8217;s Pain is Good s\u0113rijas, kas ir tum\u0161\u0101ka un d\u016bmakain\u0101ka nek\u0101 t\u0101s l\u012bdzinieces. Lielisks b\u0101rbekj\u016b pavadonis.<\/p>\n<p>Pain is Good Louisiana Style tika par\u0101d\u012bta t\u012bmek\u013ca seri\u0101l\u0101 Hot Ones m\u0113rces 1. un 2. sezon\u0101.<\/p>\n<div class=\"responsive-video\"><iframe src=\"https:\/\/www.youtube.com\/embed\/ztUKJ414jtk\" width=\"480\" height=\"270\" frameborder=\"0\" allowfullscreen=\"allowfullscreen\"><\/iframe><\/div>\n[ywcwtl_form product_id=\"\"]\n","protected":false},"featured_media":17428,"comment_status":"open","ping_status":"closed","template":"","meta":[],"product_cat":[920,916,922],"product_tag":[],"giftcard-category":[],"class_list":{"0":"post-19391","1":"product","2":"type-product","3":"status-publish","4":"has-post-thumbnail","6":"product_cat-hot-ones-lv","7":"product_cat-merces","8":"product_cat-videjs","9":"pa_brand-pain-is-good","11":"first","12":"outofstock","13":"taxable","14":"shipping-taxable","15":"purchasable","16":"product-type-simple"},"yoast_head":"<!-- This site is optimized with the Yoast SEO plugin v27.3 - https:\/\/yoast.com\/product\/yoast-seo-wordpress\/ -->\n<title>Louisiana Style Hot Sauce - Hotta<\/title>\n<meta name=\"description\" content=\"Louisiana Style Batch #218 ir pikanta m\u0113rce no Original Juan&#039;s Pain is Good s\u0113rijas, kas ir tum\u0161\u0101ka un d\u016bmakain\u0101ka nek\u0101 t\u0101s l\u012bdzinieces.\" \/>\n<meta name=\"robots\" content=\"index, follow, max-snippet:-1, max-image-preview:large, max-video-preview:-1\" \/>\n<link rel=\"canonical\" href=\"https:\/\/hotta.eu\/lv\/shop\/louisiana-style-hot-sauce\/\" \/>\n<meta property=\"og:locale\" content=\"lv_LV\" \/>\n<meta property=\"og:type\" content=\"article\" \/>\n<meta property=\"og:title\" content=\"Louisiana Style Hot Sauce - Hotta\" \/>\n<meta property=\"og:description\" content=\"Louisiana Style Batch #218 ir pikanta m\u0113rce no Original Juan&#039;s Pain is Good s\u0113rijas, kas ir tum\u0161\u0101ka un d\u016bmakain\u0101ka nek\u0101 t\u0101s l\u012bdzinieces.\" \/>\n<meta property=\"og:url\" content=\"https:\/\/hotta.eu\/lv\/shop\/louisiana-style-hot-sauce\/\" \/>\n<meta property=\"og:site_name\" content=\"Hotta\" \/>\n<meta property=\"article:publisher\" content=\"https:\/\/www.facebook.com\/hotta.eu\" \/>\n<meta property=\"article:modified_time\" content=\"2024-12-27T10:42:38+00:00\" \/>\n<meta property=\"og:image\" content=\"https:\/\/hotta.eu\/wp-content\/uploads\/2020\/05\/pain-is-good-louisiana.jpg\" \/>\n\t<meta property=\"og:image:width\" content=\"2000\" \/>\n\t<meta property=\"og:image:height\" content=\"2000\" \/>\n\t<meta property=\"og:image:type\" content=\"image\/jpeg\" \/>\n<meta name=\"twitter:card\" content=\"summary_large_image\" \/>\n<meta name=\"twitter:site\" content=\"@hottashop\" \/>\n<meta name=\"twitter:label1\" content=\"Est. reading time\" \/>\n\t<meta name=\"twitter:data1\" content=\"1 minute\" \/>\n<script type=\"application\/ld+json\" class=\"yoast-schema-graph\">{\"@context\":\"https:\\\/\\\/schema.org\",\"@graph\":[{\"@type\":\"WebPage\",\"@id\":\"https:\\\/\\\/hotta.eu\\\/lv\\\/shop\\\/louisiana-style-hot-sauce\\\/\",\"url\":\"https:\\\/\\\/hotta.eu\\\/lv\\\/shop\\\/louisiana-style-hot-sauce\\\/\",\"name\":\"Louisiana Style Hot Sauce - Hotta\",\"isPartOf\":{\"@id\":\"https:\\\/\\\/hotta.eu\\\/lv\\\/#website\"},\"primaryImageOfPage\":{\"@id\":\"https:\\\/\\\/hotta.eu\\\/lv\\\/shop\\\/louisiana-style-hot-sauce\\\/#primaryimage\"},\"image\":{\"@id\":\"https:\\\/\\\/hotta.eu\\\/lv\\\/shop\\\/louisiana-style-hot-sauce\\\/#primaryimage\"},\"thumbnailUrl\":\"https:\\\/\\\/hotta.eu\\\/wp-content\\\/uploads\\\/2020\\\/05\\\/pain-is-good-louisiana.jpg\",\"datePublished\":\"2020-01-01T08:10:03+00:00\",\"dateModified\":\"2024-12-27T10:42:38+00:00\",\"description\":\"Louisiana Style Batch #218 ir pikanta m\u0113rce no Original Juan's Pain is Good s\u0113rijas, kas ir tum\u0161\u0101ka un d\u016bmakain\u0101ka nek\u0101 t\u0101s l\u012bdzinieces.\",\"breadcrumb\":{\"@id\":\"https:\\\/\\\/hotta.eu\\\/lv\\\/shop\\\/louisiana-style-hot-sauce\\\/#breadcrumb\"},\"inLanguage\":\"lv-LV\",\"potentialAction\":[{\"@type\":\"ReadAction\",\"target\":[\"https:\\\/\\\/hotta.eu\\\/lv\\\/shop\\\/louisiana-style-hot-sauce\\\/\"]}]},{\"@type\":\"ImageObject\",\"inLanguage\":\"lv-LV\",\"@id\":\"https:\\\/\\\/hotta.eu\\\/lv\\\/shop\\\/louisiana-style-hot-sauce\\\/#primaryimage\",\"url\":\"https:\\\/\\\/hotta.eu\\\/wp-content\\\/uploads\\\/2020\\\/05\\\/pain-is-good-louisiana.jpg\",\"contentUrl\":\"https:\\\/\\\/hotta.eu\\\/wp-content\\\/uploads\\\/2020\\\/05\\\/pain-is-good-louisiana.jpg\",\"width\":2000,\"height\":2000},{\"@type\":\"BreadcrumbList\",\"@id\":\"https:\\\/\\\/hotta.eu\\\/lv\\\/shop\\\/louisiana-style-hot-sauce\\\/#breadcrumb\",\"itemListElement\":[{\"@type\":\"ListItem\",\"position\":1,\"name\":\"S\u0101kums\",\"item\":\"https:\\\/\\\/hotta.eu\\\/lv\\\/sakumlapa\\\/\"},{\"@type\":\"ListItem\",\"position\":2,\"name\":\"Veikals\",\"item\":\"https:\\\/\\\/hotta.eu\\\/lv\\\/shop\\\/\"},{\"@type\":\"ListItem\",\"position\":3,\"name\":\"Louisiana Style Hot Sauce\"}]},{\"@type\":\"WebSite\",\"@id\":\"https:\\\/\\\/hotta.eu\\\/lv\\\/#website\",\"url\":\"https:\\\/\\\/hotta.eu\\\/lv\\\/\",\"name\":\"Hotta\",\"description\":\"Makes your mouth burn a lotta!\",\"publisher\":{\"@id\":\"https:\\\/\\\/hotta.eu\\\/lv\\\/#organization\"},\"potentialAction\":[{\"@type\":\"SearchAction\",\"target\":{\"@type\":\"EntryPoint\",\"urlTemplate\":\"https:\\\/\\\/hotta.eu\\\/lv\\\/?s={search_term_string}\"},\"query-input\":{\"@type\":\"PropertyValueSpecification\",\"valueRequired\":true,\"valueName\":\"search_term_string\"}}],\"inLanguage\":\"lv-LV\"},{\"@type\":\"Organization\",\"@id\":\"https:\\\/\\\/hotta.eu\\\/lv\\\/#organization\",\"name\":\"Hotta\",\"url\":\"https:\\\/\\\/hotta.eu\\\/lv\\\/\",\"logo\":{\"@type\":\"ImageObject\",\"inLanguage\":\"lv-LV\",\"@id\":\"https:\\\/\\\/hotta.eu\\\/lv\\\/#\\\/schema\\\/logo\\\/image\\\/\",\"url\":\"https:\\\/\\\/hotta.eu\\\/wp-content\\\/uploads\\\/2025\\\/04\\\/hotta-logo-invoice.png\",\"contentUrl\":\"https:\\\/\\\/hotta.eu\\\/wp-content\\\/uploads\\\/2025\\\/04\\\/hotta-logo-invoice.png\",\"width\":600,\"height\":411,\"caption\":\"Hotta\"},\"image\":{\"@id\":\"https:\\\/\\\/hotta.eu\\\/lv\\\/#\\\/schema\\\/logo\\\/image\\\/\"},\"sameAs\":[\"https:\\\/\\\/www.facebook.com\\\/hotta.eu\",\"https:\\\/\\\/x.com\\\/hottashop\",\"https:\\\/\\\/www.instagram.com\\\/hotta.shop\"]}]}<\/script>\n<!-- \/ Yoast SEO plugin. -->","yoast_head_json":{"title":"Louisiana Style Hot Sauce - Hotta","description":"Louisiana Style Batch #218 ir pikanta m\u0113rce no Original Juan's Pain is Good s\u0113rijas, kas ir tum\u0161\u0101ka un d\u016bmakain\u0101ka nek\u0101 t\u0101s l\u012bdzinieces.","robots":{"index":"index","follow":"follow","max-snippet":"max-snippet:-1","max-image-preview":"max-image-preview:large","max-video-preview":"max-video-preview:-1"},"canonical":"https:\/\/hotta.eu\/lv\/shop\/louisiana-style-hot-sauce\/","og_locale":"lv_LV","og_type":"article","og_title":"Louisiana Style Hot Sauce - Hotta","og_description":"Louisiana Style Batch #218 ir pikanta m\u0113rce no Original Juan's Pain is Good s\u0113rijas, kas ir tum\u0161\u0101ka un d\u016bmakain\u0101ka nek\u0101 t\u0101s l\u012bdzinieces.","og_url":"https:\/\/hotta.eu\/lv\/shop\/louisiana-style-hot-sauce\/","og_site_name":"Hotta","article_publisher":"https:\/\/www.facebook.com\/hotta.eu","article_modified_time":"2024-12-27T10:42:38+00:00","og_image":[{"width":2000,"height":2000,"url":"https:\/\/hotta.eu\/wp-content\/uploads\/2020\/05\/pain-is-good-louisiana.jpg","type":"image\/jpeg"}],"twitter_card":"summary_large_image","twitter_site":"@hottashop","twitter_misc":{"Est. reading time":"1 minute"},"schema":{"@context":"https:\/\/schema.org","@graph":[{"@type":"WebPage","@id":"https:\/\/hotta.eu\/lv\/shop\/louisiana-style-hot-sauce\/","url":"https:\/\/hotta.eu\/lv\/shop\/louisiana-style-hot-sauce\/","name":"Louisiana Style Hot Sauce - Hotta","isPartOf":{"@id":"https:\/\/hotta.eu\/lv\/#website"},"primaryImageOfPage":{"@id":"https:\/\/hotta.eu\/lv\/shop\/louisiana-style-hot-sauce\/#primaryimage"},"image":{"@id":"https:\/\/hotta.eu\/lv\/shop\/louisiana-style-hot-sauce\/#primaryimage"},"thumbnailUrl":"https:\/\/hotta.eu\/wp-content\/uploads\/2020\/05\/pain-is-good-louisiana.jpg","datePublished":"2020-01-01T08:10:03+00:00","dateModified":"2024-12-27T10:42:38+00:00","description":"Louisiana Style Batch #218 ir pikanta m\u0113rce no Original Juan's Pain is Good s\u0113rijas, kas ir tum\u0161\u0101ka un d\u016bmakain\u0101ka nek\u0101 t\u0101s l\u012bdzinieces.","breadcrumb":{"@id":"https:\/\/hotta.eu\/lv\/shop\/louisiana-style-hot-sauce\/#breadcrumb"},"inLanguage":"lv-LV","potentialAction":[{"@type":"ReadAction","target":["https:\/\/hotta.eu\/lv\/shop\/louisiana-style-hot-sauce\/"]}]},{"@type":"ImageObject","inLanguage":"lv-LV","@id":"https:\/\/hotta.eu\/lv\/shop\/louisiana-style-hot-sauce\/#primaryimage","url":"https:\/\/hotta.eu\/wp-content\/uploads\/2020\/05\/pain-is-good-louisiana.jpg","contentUrl":"https:\/\/hotta.eu\/wp-content\/uploads\/2020\/05\/pain-is-good-louisiana.jpg","width":2000,"height":2000},{"@type":"BreadcrumbList","@id":"https:\/\/hotta.eu\/lv\/shop\/louisiana-style-hot-sauce\/#breadcrumb","itemListElement":[{"@type":"ListItem","position":1,"name":"S\u0101kums","item":"https:\/\/hotta.eu\/lv\/sakumlapa\/"},{"@type":"ListItem","position":2,"name":"Veikals","item":"https:\/\/hotta.eu\/lv\/shop\/"},{"@type":"ListItem","position":3,"name":"Louisiana Style Hot Sauce"}]},{"@type":"WebSite","@id":"https:\/\/hotta.eu\/lv\/#website","url":"https:\/\/hotta.eu\/lv\/","name":"Hotta","description":"Makes your mouth burn a lotta!","publisher":{"@id":"https:\/\/hotta.eu\/lv\/#organization"},"potentialAction":[{"@type":"SearchAction","target":{"@type":"EntryPoint","urlTemplate":"https:\/\/hotta.eu\/lv\/?s={search_term_string}"},"query-input":{"@type":"PropertyValueSpecification","valueRequired":true,"valueName":"search_term_string"}}],"inLanguage":"lv-LV"},{"@type":"Organization","@id":"https:\/\/hotta.eu\/lv\/#organization","name":"Hotta","url":"https:\/\/hotta.eu\/lv\/","logo":{"@type":"ImageObject","inLanguage":"lv-LV","@id":"https:\/\/hotta.eu\/lv\/#\/schema\/logo\/image\/","url":"https:\/\/hotta.eu\/wp-content\/uploads\/2025\/04\/hotta-logo-invoice.png","contentUrl":"https:\/\/hotta.eu\/wp-content\/uploads\/2025\/04\/hotta-logo-invoice.png","width":600,"height":411,"caption":"Hotta"},"image":{"@id":"https:\/\/hotta.eu\/lv\/#\/schema\/logo\/image\/"},"sameAs":["https:\/\/www.facebook.com\/hotta.eu","https:\/\/x.com\/hottashop","https:\/\/www.instagram.com\/hotta.shop"]}]}},"jetpack_sharing_enabled":true,"_links":{"self":[{"href":"https:\/\/hotta.eu\/lv\/wp-json\/wp\/v2\/product\/19391","targetHints":{"allow":["GET"]}}],"collection":[{"href":"https:\/\/hotta.eu\/lv\/wp-json\/wp\/v2\/product"}],"about":[{"href":"https:\/\/hotta.eu\/lv\/wp-json\/wp\/v2\/types\/product"}],"replies":[{"embeddable":true,"href":"https:\/\/hotta.eu\/lv\/wp-json\/wp\/v2\/comments?post=19391"}],"wp:featuredmedia":[{"embeddable":true,"href":"https:\/\/hotta.eu\/lv\/wp-json\/wp\/v2\/media\/17428"}],"wp:attachment":[{"href":"https:\/\/hotta.eu\/lv\/wp-json\/wp\/v2\/media?parent=19391"}],"wp:term":[{"taxonomy":"product_cat","embeddable":true,"href":"https:\/\/hotta.eu\/lv\/wp-json\/wp\/v2\/product_cat?post=19391"},{"taxonomy":"product_tag","embeddable":true,"href":"https:\/\/hotta.eu\/lv\/wp-json\/wp\/v2\/product_tag?post=19391"},{"taxonomy":"giftcard-category","embeddable":true,"href":"https:\/\/hotta.eu\/lv\/wp-json\/wp\/v2\/giftcard-category?post=19391"}],"curies":[{"name":"wp","href":"https:\/\/api.w.org\/{rel}","templated":true}]}}