{"id":19394,"date":"2020-02-01T15:50:10","date_gmt":"2020-02-01T13:50:10","guid":{"rendered":"https:\/\/hotta.eu\/shop\/valentina-karsta-merce\/"},"modified":"2026-02-14T17:34:55","modified_gmt":"2026-02-14T15:34:55","slug":"valentina-hot-sauce","status":"publish","type":"product","link":"https:\/\/hotta.eu\/lv\/shop\/valentina-hot-sauce\/","title":{"rendered":"Valentina Hot Sauce"},"content":{"rendered":"<p><strong>Sast\u0101vda\u013cas<\/strong><br \/>\n\u016adens, kalt\u0113ti Puya \u010dilli, eti\u0137sk\u0101be (E260), s\u0101ls, n\u0101trija benzo\u0101ts (E211), gar\u0161vielas, gar\u0161vielas.<\/p>\n<div class=\"tableheader\"><strong>Uzturv\u0113rt\u012bba (100 g)<\/strong><\/div>\n<div>S\u0101ls 1900 mg.<\/div>\n<p><strong>Der\u012bgums un glab\u0101\u0161ana<\/strong><br \/>\nDer\u012bguma termi\u0146\u0161 uz pudel\u012btes attiecas uz neatv\u0113rtiem produktiem. Atv\u0113rtu produktu j\u0101uzglab\u0101 ledusskap\u012b.<\/p>\n","protected":false},"excerpt":{"rendered":"<p>Valentina pikant\u0101 m\u0113rce tiek ra\u017eota Meksik\u0101, kur t\u0101 ar\u012b ir \u013coti popul\u0101ra izv\u0113le. Bie\u017ei izmanto kombin\u0101cij\u0101 ar citronu un s\u0101li, piem\u0113ram, uz svaigiem gur\u0137iem vai da\u017e\u0101diem aug\u013ciem (piem\u0113ram, arb\u016bzu, apels\u012bnu un anan\u0101su). \u0160\u012b ir ori\u0123in\u0101l\u0101 Valentina m\u0113rce (dzelten\u0101 eti\u0137ete), ta\u010du var atrast ar\u012b <a href=\"https:\/\/hotta.eu\/product\/valentina-black-label\/\">pikant\u0101ku Valentina versiju (meln\u0101 eti\u0137ete)<\/a>. Izm\u0113\u0123iniet kaut ko jaunu un apvienojiet Valentina ar aug\u013ciem!<br \/>\n[ywcwtl_form product_id=\"\"]<\/p>\n","protected":false},"featured_media":15847,"comment_status":"open","ping_status":"closed","template":"","meta":[],"product_cat":[924,916],"product_tag":[],"giftcard-category":[],"class_list":{"0":"post-19394","1":"product","2":"type-product","3":"status-publish","4":"has-post-thumbnail","6":"product_cat-maigs","7":"product_cat-merces","8":"pa_brand-salsa-valentina","10":"first","11":"instock","12":"taxable","13":"shipping-taxable","14":"purchasable","15":"product-type-simple"},"yoast_head":"<!-- This site is optimized with the Yoast SEO plugin v27.3 - https:\/\/yoast.com\/product\/yoast-seo-wordpress\/ -->\n<title>Valentina Hot Sauce - Hotta<\/title>\n<meta name=\"description\" content=\"Valentina pikant\u0101 m\u0113rce tiek ra\u017eota Meksik\u0101, kur t\u0101 ar\u012b ir \u013coti popul\u0101ra izv\u0113le. Bie\u017ei izmanto kombin\u0101cij\u0101 ar citronu un s\u0101li, piem\u0113ram, uz svaigiem gur\u0137iem vai da\u017e\u0101diem aug\u013ciem.\" \/>\n<meta name=\"robots\" content=\"index, follow, max-snippet:-1, max-image-preview:large, max-video-preview:-1\" \/>\n<link rel=\"canonical\" href=\"https:\/\/hotta.eu\/lv\/shop\/valentina-hot-sauce\/\" \/>\n<meta property=\"og:locale\" content=\"lv_LV\" \/>\n<meta property=\"og:type\" content=\"article\" \/>\n<meta property=\"og:title\" content=\"Valentina Hot Sauce - Hotta\" \/>\n<meta property=\"og:description\" content=\"Valentina pikant\u0101 m\u0113rce tiek ra\u017eota Meksik\u0101, kur t\u0101 ar\u012b ir \u013coti popul\u0101ra izv\u0113le. Bie\u017ei izmanto kombin\u0101cij\u0101 ar citronu un s\u0101li, piem\u0113ram, uz svaigiem gur\u0137iem vai da\u017e\u0101diem aug\u013ciem.\" \/>\n<meta property=\"og:url\" content=\"https:\/\/hotta.eu\/lv\/shop\/valentina-hot-sauce\/\" \/>\n<meta property=\"og:site_name\" content=\"Hotta\" \/>\n<meta property=\"article:publisher\" content=\"https:\/\/www.facebook.com\/hotta.eu\" \/>\n<meta property=\"article:modified_time\" content=\"2026-02-14T15:34:55+00:00\" \/>\n<meta property=\"og:image\" content=\"https:\/\/hotta.eu\/wp-content\/uploads\/2024\/03\/IMG_6545.jpg\" \/>\n\t<meta property=\"og:image:width\" content=\"2000\" \/>\n\t<meta property=\"og:image:height\" content=\"2000\" \/>\n\t<meta property=\"og:image:type\" content=\"image\/jpeg\" \/>\n<meta name=\"twitter:card\" content=\"summary_large_image\" \/>\n<meta name=\"twitter:site\" content=\"@hottashop\" \/>\n<meta name=\"twitter:label1\" content=\"Est. reading time\" \/>\n\t<meta name=\"twitter:data1\" content=\"1 minute\" \/>\n<script type=\"application\/ld+json\" class=\"yoast-schema-graph\">{\"@context\":\"https:\\\/\\\/schema.org\",\"@graph\":[{\"@type\":\"WebPage\",\"@id\":\"https:\\\/\\\/hotta.eu\\\/lv\\\/shop\\\/valentina-hot-sauce\\\/\",\"url\":\"https:\\\/\\\/hotta.eu\\\/lv\\\/shop\\\/valentina-hot-sauce\\\/\",\"name\":\"Valentina Hot Sauce - Hotta\",\"isPartOf\":{\"@id\":\"https:\\\/\\\/hotta.eu\\\/lv\\\/#website\"},\"primaryImageOfPage\":{\"@id\":\"https:\\\/\\\/hotta.eu\\\/lv\\\/shop\\\/valentina-hot-sauce\\\/#primaryimage\"},\"image\":{\"@id\":\"https:\\\/\\\/hotta.eu\\\/lv\\\/shop\\\/valentina-hot-sauce\\\/#primaryimage\"},\"thumbnailUrl\":\"https:\\\/\\\/hotta.eu\\\/wp-content\\\/uploads\\\/2024\\\/03\\\/IMG_6545.jpg\",\"datePublished\":\"2020-02-01T13:50:10+00:00\",\"dateModified\":\"2026-02-14T15:34:55+00:00\",\"description\":\"Valentina pikant\u0101 m\u0113rce tiek ra\u017eota Meksik\u0101, kur t\u0101 ar\u012b ir \u013coti popul\u0101ra izv\u0113le. Bie\u017ei izmanto kombin\u0101cij\u0101 ar citronu un s\u0101li, piem\u0113ram, uz svaigiem gur\u0137iem vai da\u017e\u0101diem aug\u013ciem.\",\"breadcrumb\":{\"@id\":\"https:\\\/\\\/hotta.eu\\\/lv\\\/shop\\\/valentina-hot-sauce\\\/#breadcrumb\"},\"inLanguage\":\"lv-LV\",\"potentialAction\":[{\"@type\":\"ReadAction\",\"target\":[\"https:\\\/\\\/hotta.eu\\\/lv\\\/shop\\\/valentina-hot-sauce\\\/\"]}]},{\"@type\":\"ImageObject\",\"inLanguage\":\"lv-LV\",\"@id\":\"https:\\\/\\\/hotta.eu\\\/lv\\\/shop\\\/valentina-hot-sauce\\\/#primaryimage\",\"url\":\"https:\\\/\\\/hotta.eu\\\/wp-content\\\/uploads\\\/2024\\\/03\\\/IMG_6545.jpg\",\"contentUrl\":\"https:\\\/\\\/hotta.eu\\\/wp-content\\\/uploads\\\/2024\\\/03\\\/IMG_6545.jpg\",\"width\":2000,\"height\":2000},{\"@type\":\"BreadcrumbList\",\"@id\":\"https:\\\/\\\/hotta.eu\\\/lv\\\/shop\\\/valentina-hot-sauce\\\/#breadcrumb\",\"itemListElement\":[{\"@type\":\"ListItem\",\"position\":1,\"name\":\"S\u0101kums\",\"item\":\"https:\\\/\\\/hotta.eu\\\/lv\\\/sakumlapa\\\/\"},{\"@type\":\"ListItem\",\"position\":2,\"name\":\"Veikals\",\"item\":\"https:\\\/\\\/hotta.eu\\\/lv\\\/shop\\\/\"},{\"@type\":\"ListItem\",\"position\":3,\"name\":\"Valentina Hot Sauce\"}]},{\"@type\":\"WebSite\",\"@id\":\"https:\\\/\\\/hotta.eu\\\/lv\\\/#website\",\"url\":\"https:\\\/\\\/hotta.eu\\\/lv\\\/\",\"name\":\"Hotta\",\"description\":\"Makes your mouth burn a lotta!\",\"publisher\":{\"@id\":\"https:\\\/\\\/hotta.eu\\\/lv\\\/#organization\"},\"potentialAction\":[{\"@type\":\"SearchAction\",\"target\":{\"@type\":\"EntryPoint\",\"urlTemplate\":\"https:\\\/\\\/hotta.eu\\\/lv\\\/?s={search_term_string}\"},\"query-input\":{\"@type\":\"PropertyValueSpecification\",\"valueRequired\":true,\"valueName\":\"search_term_string\"}}],\"inLanguage\":\"lv-LV\"},{\"@type\":\"Organization\",\"@id\":\"https:\\\/\\\/hotta.eu\\\/lv\\\/#organization\",\"name\":\"Hotta\",\"url\":\"https:\\\/\\\/hotta.eu\\\/lv\\\/\",\"logo\":{\"@type\":\"ImageObject\",\"inLanguage\":\"lv-LV\",\"@id\":\"https:\\\/\\\/hotta.eu\\\/lv\\\/#\\\/schema\\\/logo\\\/image\\\/\",\"url\":\"https:\\\/\\\/hotta.eu\\\/wp-content\\\/uploads\\\/2025\\\/04\\\/hotta-logo-invoice.png\",\"contentUrl\":\"https:\\\/\\\/hotta.eu\\\/wp-content\\\/uploads\\\/2025\\\/04\\\/hotta-logo-invoice.png\",\"width\":600,\"height\":411,\"caption\":\"Hotta\"},\"image\":{\"@id\":\"https:\\\/\\\/hotta.eu\\\/lv\\\/#\\\/schema\\\/logo\\\/image\\\/\"},\"sameAs\":[\"https:\\\/\\\/www.facebook.com\\\/hotta.eu\",\"https:\\\/\\\/x.com\\\/hottashop\",\"https:\\\/\\\/www.instagram.com\\\/hotta.shop\"]}]}<\/script>\n<!-- \/ Yoast SEO plugin. -->","yoast_head_json":{"title":"Valentina Hot Sauce - Hotta","description":"Valentina pikant\u0101 m\u0113rce tiek ra\u017eota Meksik\u0101, kur t\u0101 ar\u012b ir \u013coti popul\u0101ra izv\u0113le. Bie\u017ei izmanto kombin\u0101cij\u0101 ar citronu un s\u0101li, piem\u0113ram, uz svaigiem gur\u0137iem vai da\u017e\u0101diem aug\u013ciem.","robots":{"index":"index","follow":"follow","max-snippet":"max-snippet:-1","max-image-preview":"max-image-preview:large","max-video-preview":"max-video-preview:-1"},"canonical":"https:\/\/hotta.eu\/lv\/shop\/valentina-hot-sauce\/","og_locale":"lv_LV","og_type":"article","og_title":"Valentina Hot Sauce - Hotta","og_description":"Valentina pikant\u0101 m\u0113rce tiek ra\u017eota Meksik\u0101, kur t\u0101 ar\u012b ir \u013coti popul\u0101ra izv\u0113le. Bie\u017ei izmanto kombin\u0101cij\u0101 ar citronu un s\u0101li, piem\u0113ram, uz svaigiem gur\u0137iem vai da\u017e\u0101diem aug\u013ciem.","og_url":"https:\/\/hotta.eu\/lv\/shop\/valentina-hot-sauce\/","og_site_name":"Hotta","article_publisher":"https:\/\/www.facebook.com\/hotta.eu","article_modified_time":"2026-02-14T15:34:55+00:00","og_image":[{"width":2000,"height":2000,"url":"https:\/\/hotta.eu\/wp-content\/uploads\/2024\/03\/IMG_6545.jpg","type":"image\/jpeg"}],"twitter_card":"summary_large_image","twitter_site":"@hottashop","twitter_misc":{"Est. reading time":"1 minute"},"schema":{"@context":"https:\/\/schema.org","@graph":[{"@type":"WebPage","@id":"https:\/\/hotta.eu\/lv\/shop\/valentina-hot-sauce\/","url":"https:\/\/hotta.eu\/lv\/shop\/valentina-hot-sauce\/","name":"Valentina Hot Sauce - Hotta","isPartOf":{"@id":"https:\/\/hotta.eu\/lv\/#website"},"primaryImageOfPage":{"@id":"https:\/\/hotta.eu\/lv\/shop\/valentina-hot-sauce\/#primaryimage"},"image":{"@id":"https:\/\/hotta.eu\/lv\/shop\/valentina-hot-sauce\/#primaryimage"},"thumbnailUrl":"https:\/\/hotta.eu\/wp-content\/uploads\/2024\/03\/IMG_6545.jpg","datePublished":"2020-02-01T13:50:10+00:00","dateModified":"2026-02-14T15:34:55+00:00","description":"Valentina pikant\u0101 m\u0113rce tiek ra\u017eota Meksik\u0101, kur t\u0101 ar\u012b ir \u013coti popul\u0101ra izv\u0113le. Bie\u017ei izmanto kombin\u0101cij\u0101 ar citronu un s\u0101li, piem\u0113ram, uz svaigiem gur\u0137iem vai da\u017e\u0101diem aug\u013ciem.","breadcrumb":{"@id":"https:\/\/hotta.eu\/lv\/shop\/valentina-hot-sauce\/#breadcrumb"},"inLanguage":"lv-LV","potentialAction":[{"@type":"ReadAction","target":["https:\/\/hotta.eu\/lv\/shop\/valentina-hot-sauce\/"]}]},{"@type":"ImageObject","inLanguage":"lv-LV","@id":"https:\/\/hotta.eu\/lv\/shop\/valentina-hot-sauce\/#primaryimage","url":"https:\/\/hotta.eu\/wp-content\/uploads\/2024\/03\/IMG_6545.jpg","contentUrl":"https:\/\/hotta.eu\/wp-content\/uploads\/2024\/03\/IMG_6545.jpg","width":2000,"height":2000},{"@type":"BreadcrumbList","@id":"https:\/\/hotta.eu\/lv\/shop\/valentina-hot-sauce\/#breadcrumb","itemListElement":[{"@type":"ListItem","position":1,"name":"S\u0101kums","item":"https:\/\/hotta.eu\/lv\/sakumlapa\/"},{"@type":"ListItem","position":2,"name":"Veikals","item":"https:\/\/hotta.eu\/lv\/shop\/"},{"@type":"ListItem","position":3,"name":"Valentina Hot Sauce"}]},{"@type":"WebSite","@id":"https:\/\/hotta.eu\/lv\/#website","url":"https:\/\/hotta.eu\/lv\/","name":"Hotta","description":"Makes your mouth burn a lotta!","publisher":{"@id":"https:\/\/hotta.eu\/lv\/#organization"},"potentialAction":[{"@type":"SearchAction","target":{"@type":"EntryPoint","urlTemplate":"https:\/\/hotta.eu\/lv\/?s={search_term_string}"},"query-input":{"@type":"PropertyValueSpecification","valueRequired":true,"valueName":"search_term_string"}}],"inLanguage":"lv-LV"},{"@type":"Organization","@id":"https:\/\/hotta.eu\/lv\/#organization","name":"Hotta","url":"https:\/\/hotta.eu\/lv\/","logo":{"@type":"ImageObject","inLanguage":"lv-LV","@id":"https:\/\/hotta.eu\/lv\/#\/schema\/logo\/image\/","url":"https:\/\/hotta.eu\/wp-content\/uploads\/2025\/04\/hotta-logo-invoice.png","contentUrl":"https:\/\/hotta.eu\/wp-content\/uploads\/2025\/04\/hotta-logo-invoice.png","width":600,"height":411,"caption":"Hotta"},"image":{"@id":"https:\/\/hotta.eu\/lv\/#\/schema\/logo\/image\/"},"sameAs":["https:\/\/www.facebook.com\/hotta.eu","https:\/\/x.com\/hottashop","https:\/\/www.instagram.com\/hotta.shop"]}]}},"jetpack_sharing_enabled":true,"_links":{"self":[{"href":"https:\/\/hotta.eu\/lv\/wp-json\/wp\/v2\/product\/19394","targetHints":{"allow":["GET"]}}],"collection":[{"href":"https:\/\/hotta.eu\/lv\/wp-json\/wp\/v2\/product"}],"about":[{"href":"https:\/\/hotta.eu\/lv\/wp-json\/wp\/v2\/types\/product"}],"replies":[{"embeddable":true,"href":"https:\/\/hotta.eu\/lv\/wp-json\/wp\/v2\/comments?post=19394"}],"wp:featuredmedia":[{"embeddable":true,"href":"https:\/\/hotta.eu\/lv\/wp-json\/wp\/v2\/media\/15847"}],"wp:attachment":[{"href":"https:\/\/hotta.eu\/lv\/wp-json\/wp\/v2\/media?parent=19394"}],"wp:term":[{"taxonomy":"product_cat","embeddable":true,"href":"https:\/\/hotta.eu\/lv\/wp-json\/wp\/v2\/product_cat?post=19394"},{"taxonomy":"product_tag","embeddable":true,"href":"https:\/\/hotta.eu\/lv\/wp-json\/wp\/v2\/product_tag?post=19394"},{"taxonomy":"giftcard-category","embeddable":true,"href":"https:\/\/hotta.eu\/lv\/wp-json\/wp\/v2\/giftcard-category?post=19394"}],"curies":[{"name":"wp","href":"https:\/\/api.w.org\/{rel}","templated":true}]}}