{"id":19395,"date":"2020-02-01T23:45:41","date_gmt":"2020-02-01T21:45:41","guid":{"rendered":"https:\/\/hotta.eu\/shop\/cherry-bomb-karsta-merce\/"},"modified":"2024-12-27T12:42:36","modified_gmt":"2024-12-27T10:42:36","slug":"cherry-bomb-hot-sauce","status":"publish","type":"product","link":"https:\/\/hotta.eu\/lv\/shop\/cherry-bomb-hot-sauce\/","title":{"rendered":"Cherry Bomb Hot Sauce"},"content":{"rendered":"<p><strong>Sast\u0101vda\u013cas<\/strong><br \/>\nSk\u0101bie \u0137ir\u0161i, habanero \u010dilli, s\u012bpoli, \u0101bols, \u0101bolu eti\u0137is, iztvaic\u0113ta j\u0113lcukura sula, laima sula, s\u0101ls, malta kafija, citrona mizi\u0146a, kan\u0113lis, krustnagli\u0146as.<\/p>\n<p><strong>Uzturv\u0113rt\u012bbas v\u0113rt\u012bbas (5 g)<br \/>\n<\/strong> Og\u013chidr\u0101ti 1 g, no tiem cukuri 1 g, n\u0101trijs 40 mg.<\/p>\n<p><strong>Der\u012bgums un glab\u0101\u0161ana<\/strong><br \/>\nDer\u012bguma termi\u0146\u0161 uz pudel\u012btes attiecas uz neatv\u0113rtiem produktiem. Atv\u0113rtu produktu j\u0101uzglab\u0101 ledusskap\u012b.<\/p>\n","protected":false},"excerpt":{"rendered":"<p>Karma Sauce Cherry Bomb ir viena no visvair\u0101k godalgotaj\u0101m karstaj\u0101m m\u0113rc\u0113m. Gar\u0161as k\u0101rpi\u0146as k\u0101rdino\u0161a \u0137ir\u0161u un habanero \u010dilli kombin\u0101cija, kas jums j\u0101piedz\u012bvo pa\u0161iem!<\/p>\n<p>Ieg\u016bto balvu saraksts ir iespaid\u012bgs:<\/p>\n<ul>\n<li>2012. gada NY Smoke &amp; Fire pirm\u0101s vietas ieguv\u0113js &#8211; lab\u0101kais gar\u0161as zi\u0146\u0101<\/li>\n<li>2013 Fiery Food Challenge Zelta \u010c\u012bles uzvar\u0113t\u0101js &#8211; karst\u0101 m\u0113rce: Hot<\/li>\n<li>2013 Fiery Food Challenge uzvar\u0113t\u0101js &#8211; as\u0101 m\u0113rce: Habanero<\/li>\n<li>2013. gada Fiery Food Challenge uzvar\u0113t\u0101js &#8211; Tautas izv\u0113le<\/li>\n<li>2013 Scovie pirm\u0101s vietas ieguv\u0113js &#8211; Karst\u0101 m\u0113rce: piln\u012bgi dab\u012bga<\/li>\n<li>2014 Fiery Food Challenge uzvar\u0113t\u0101js &#8211; as\u0101 m\u0113rce: Habanero<\/li>\n<li>2014 Fiery Food Challenge Zelta \u010c\u012bles uzvar\u0113t\u0101js &#8211; karst\u0101 m\u0113rce: Hot<\/li>\n<li>2015 Fiery Food Challenge uzvar\u0113t\u0101js &#8211; karst\u0101 m\u0113rce: karsts<\/li>\n<li>2016 Fiery Food Challenge Zelta \u010c\u012bles uzvar\u0113t\u0101js &#8211; karst\u0101 m\u0113rce: Hot<\/li>\n<li>2017. gada Fiery Food Challenge Zelta \u010c\u012bles uzvar\u0113t\u0101js &#8211; karst\u0101 m\u0113rce: Hot<\/li>\n<li>2017. gada Fiery Food Challenge Zelta \u010c\u012bles uzvar\u0113t\u0101js &#8211; Lab\u0101k\u0101 karst\u0101 m\u0113rce kopum\u0101<\/li>\n<li>2019. gada Scovie uzvar\u0113t\u0101js &#8211; karst\u0101 m\u0113rce: piln\u012bgi dab\u012bga<\/li>\n<\/ul>\n[ywcwtl_form product_id=\"\"]\n","protected":false},"featured_media":15855,"comment_status":"open","ping_status":"closed","template":"","meta":[],"product_cat":[926,916],"product_tag":[],"giftcard-category":[],"class_list":{"0":"post-19395","1":"product","2":"type-product","3":"status-publish","4":"has-post-thumbnail","6":"product_cat-ass","7":"product_cat-merces","8":"pa_brand-karma-sauce","10":"first","11":"outofstock","12":"taxable","13":"shipping-taxable","14":"purchasable","15":"product-type-simple"},"yoast_head":"<!-- This site is optimized with the Yoast SEO plugin v27.4 - https:\/\/yoast.com\/product\/yoast-seo-wordpress\/ -->\n<title>Cherry Bomb Hot Sauce - Hotta<\/title>\n<meta name=\"description\" content=\"Mezclajete\u00ae (mez-kla-HET-tay) Especial ir \u010cipotle un Guajillo \u010dilli mais\u012bjums ar \u0137iploku un s\u012bpolu piedevu. \u013boti laba izv\u0113le ikdienas lieto\u0161anai.\" \/>\n<meta name=\"robots\" content=\"index, follow, max-snippet:-1, max-image-preview:large, max-video-preview:-1\" \/>\n<link rel=\"canonical\" href=\"https:\/\/hotta.eu\/lv\/shop\/cherry-bomb-hot-sauce\/\" \/>\n<meta property=\"og:locale\" content=\"lv_LV\" \/>\n<meta property=\"og:type\" content=\"article\" \/>\n<meta property=\"og:title\" content=\"Cherry Bomb Hot Sauce - Hotta\" \/>\n<meta property=\"og:description\" content=\"Mezclajete\u00ae (mez-kla-HET-tay) Especial ir \u010cipotle un Guajillo \u010dilli mais\u012bjums ar \u0137iploku un s\u012bpolu piedevu. \u013boti laba izv\u0113le ikdienas lieto\u0161anai.\" \/>\n<meta property=\"og:url\" content=\"https:\/\/hotta.eu\/lv\/shop\/cherry-bomb-hot-sauce\/\" \/>\n<meta property=\"og:site_name\" content=\"Hotta\" \/>\n<meta property=\"article:publisher\" content=\"https:\/\/www.facebook.com\/hotta.eu\" \/>\n<meta property=\"article:modified_time\" content=\"2024-12-27T10:42:36+00:00\" \/>\n<meta property=\"og:image\" content=\"https:\/\/hotta.eu\/wp-content\/uploads\/2024\/03\/IMG_6550.jpg\" \/>\n\t<meta property=\"og:image:width\" content=\"2000\" \/>\n\t<meta property=\"og:image:height\" content=\"2000\" \/>\n\t<meta property=\"og:image:type\" content=\"image\/jpeg\" \/>\n<meta name=\"twitter:card\" content=\"summary_large_image\" \/>\n<meta name=\"twitter:site\" content=\"@hottashop\" \/>\n<meta name=\"twitter:label1\" content=\"Est. reading time\" \/>\n\t<meta name=\"twitter:data1\" content=\"1 minute\" \/>\n<script type=\"application\/ld+json\" class=\"yoast-schema-graph\">{\"@context\":\"https:\\\/\\\/schema.org\",\"@graph\":[{\"@type\":\"WebPage\",\"@id\":\"https:\\\/\\\/hotta.eu\\\/lv\\\/shop\\\/cherry-bomb-hot-sauce\\\/\",\"url\":\"https:\\\/\\\/hotta.eu\\\/lv\\\/shop\\\/cherry-bomb-hot-sauce\\\/\",\"name\":\"Cherry Bomb Hot Sauce - Hotta\",\"isPartOf\":{\"@id\":\"https:\\\/\\\/hotta.eu\\\/lv\\\/#website\"},\"primaryImageOfPage\":{\"@id\":\"https:\\\/\\\/hotta.eu\\\/lv\\\/shop\\\/cherry-bomb-hot-sauce\\\/#primaryimage\"},\"image\":{\"@id\":\"https:\\\/\\\/hotta.eu\\\/lv\\\/shop\\\/cherry-bomb-hot-sauce\\\/#primaryimage\"},\"thumbnailUrl\":\"https:\\\/\\\/hotta.eu\\\/wp-content\\\/uploads\\\/2024\\\/03\\\/IMG_6550.jpg\",\"datePublished\":\"2020-02-01T21:45:41+00:00\",\"dateModified\":\"2024-12-27T10:42:36+00:00\",\"description\":\"Mezclajete\u00ae (mez-kla-HET-tay) Especial ir \u010cipotle un Guajillo \u010dilli mais\u012bjums ar \u0137iploku un s\u012bpolu piedevu. \u013boti laba izv\u0113le ikdienas lieto\u0161anai.\",\"breadcrumb\":{\"@id\":\"https:\\\/\\\/hotta.eu\\\/lv\\\/shop\\\/cherry-bomb-hot-sauce\\\/#breadcrumb\"},\"inLanguage\":\"lv-LV\",\"potentialAction\":[{\"@type\":\"ReadAction\",\"target\":[\"https:\\\/\\\/hotta.eu\\\/lv\\\/shop\\\/cherry-bomb-hot-sauce\\\/\"]}]},{\"@type\":\"ImageObject\",\"inLanguage\":\"lv-LV\",\"@id\":\"https:\\\/\\\/hotta.eu\\\/lv\\\/shop\\\/cherry-bomb-hot-sauce\\\/#primaryimage\",\"url\":\"https:\\\/\\\/hotta.eu\\\/wp-content\\\/uploads\\\/2024\\\/03\\\/IMG_6550.jpg\",\"contentUrl\":\"https:\\\/\\\/hotta.eu\\\/wp-content\\\/uploads\\\/2024\\\/03\\\/IMG_6550.jpg\",\"width\":2000,\"height\":2000},{\"@type\":\"BreadcrumbList\",\"@id\":\"https:\\\/\\\/hotta.eu\\\/lv\\\/shop\\\/cherry-bomb-hot-sauce\\\/#breadcrumb\",\"itemListElement\":[{\"@type\":\"ListItem\",\"position\":1,\"name\":\"S\u0101kums\",\"item\":\"https:\\\/\\\/hotta.eu\\\/lv\\\/sakumlapa\\\/\"},{\"@type\":\"ListItem\",\"position\":2,\"name\":\"Veikals\",\"item\":\"https:\\\/\\\/hotta.eu\\\/lv\\\/shop\\\/\"},{\"@type\":\"ListItem\",\"position\":3,\"name\":\"Cherry Bomb Hot Sauce\"}]},{\"@type\":\"WebSite\",\"@id\":\"https:\\\/\\\/hotta.eu\\\/lv\\\/#website\",\"url\":\"https:\\\/\\\/hotta.eu\\\/lv\\\/\",\"name\":\"Hotta\",\"description\":\"Makes your mouth burn a lotta!\",\"publisher\":{\"@id\":\"https:\\\/\\\/hotta.eu\\\/lv\\\/#organization\"},\"potentialAction\":[{\"@type\":\"SearchAction\",\"target\":{\"@type\":\"EntryPoint\",\"urlTemplate\":\"https:\\\/\\\/hotta.eu\\\/lv\\\/?s={search_term_string}\"},\"query-input\":{\"@type\":\"PropertyValueSpecification\",\"valueRequired\":true,\"valueName\":\"search_term_string\"}}],\"inLanguage\":\"lv-LV\"},{\"@type\":\"Organization\",\"@id\":\"https:\\\/\\\/hotta.eu\\\/lv\\\/#organization\",\"name\":\"Hotta\",\"url\":\"https:\\\/\\\/hotta.eu\\\/lv\\\/\",\"logo\":{\"@type\":\"ImageObject\",\"inLanguage\":\"lv-LV\",\"@id\":\"https:\\\/\\\/hotta.eu\\\/lv\\\/#\\\/schema\\\/logo\\\/image\\\/\",\"url\":\"https:\\\/\\\/hotta.eu\\\/wp-content\\\/uploads\\\/2025\\\/04\\\/hotta-logo-invoice.png\",\"contentUrl\":\"https:\\\/\\\/hotta.eu\\\/wp-content\\\/uploads\\\/2025\\\/04\\\/hotta-logo-invoice.png\",\"width\":600,\"height\":411,\"caption\":\"Hotta\"},\"image\":{\"@id\":\"https:\\\/\\\/hotta.eu\\\/lv\\\/#\\\/schema\\\/logo\\\/image\\\/\"},\"sameAs\":[\"https:\\\/\\\/www.facebook.com\\\/hotta.eu\",\"https:\\\/\\\/x.com\\\/hottashop\",\"https:\\\/\\\/www.instagram.com\\\/hotta.shop\"]}]}<\/script>\n<!-- \/ Yoast SEO plugin. -->","yoast_head_json":{"title":"Cherry Bomb Hot Sauce - Hotta","description":"Mezclajete\u00ae (mez-kla-HET-tay) Especial ir \u010cipotle un Guajillo \u010dilli mais\u012bjums ar \u0137iploku un s\u012bpolu piedevu. \u013boti laba izv\u0113le ikdienas lieto\u0161anai.","robots":{"index":"index","follow":"follow","max-snippet":"max-snippet:-1","max-image-preview":"max-image-preview:large","max-video-preview":"max-video-preview:-1"},"canonical":"https:\/\/hotta.eu\/lv\/shop\/cherry-bomb-hot-sauce\/","og_locale":"lv_LV","og_type":"article","og_title":"Cherry Bomb Hot Sauce - Hotta","og_description":"Mezclajete\u00ae (mez-kla-HET-tay) Especial ir \u010cipotle un Guajillo \u010dilli mais\u012bjums ar \u0137iploku un s\u012bpolu piedevu. \u013boti laba izv\u0113le ikdienas lieto\u0161anai.","og_url":"https:\/\/hotta.eu\/lv\/shop\/cherry-bomb-hot-sauce\/","og_site_name":"Hotta","article_publisher":"https:\/\/www.facebook.com\/hotta.eu","article_modified_time":"2024-12-27T10:42:36+00:00","og_image":[{"width":2000,"height":2000,"url":"https:\/\/hotta.eu\/wp-content\/uploads\/2024\/03\/IMG_6550.jpg","type":"image\/jpeg"}],"twitter_card":"summary_large_image","twitter_site":"@hottashop","twitter_misc":{"Est. reading time":"1 minute"},"schema":{"@context":"https:\/\/schema.org","@graph":[{"@type":"WebPage","@id":"https:\/\/hotta.eu\/lv\/shop\/cherry-bomb-hot-sauce\/","url":"https:\/\/hotta.eu\/lv\/shop\/cherry-bomb-hot-sauce\/","name":"Cherry Bomb Hot Sauce - Hotta","isPartOf":{"@id":"https:\/\/hotta.eu\/lv\/#website"},"primaryImageOfPage":{"@id":"https:\/\/hotta.eu\/lv\/shop\/cherry-bomb-hot-sauce\/#primaryimage"},"image":{"@id":"https:\/\/hotta.eu\/lv\/shop\/cherry-bomb-hot-sauce\/#primaryimage"},"thumbnailUrl":"https:\/\/hotta.eu\/wp-content\/uploads\/2024\/03\/IMG_6550.jpg","datePublished":"2020-02-01T21:45:41+00:00","dateModified":"2024-12-27T10:42:36+00:00","description":"Mezclajete\u00ae (mez-kla-HET-tay) Especial ir \u010cipotle un Guajillo \u010dilli mais\u012bjums ar \u0137iploku un s\u012bpolu piedevu. \u013boti laba izv\u0113le ikdienas lieto\u0161anai.","breadcrumb":{"@id":"https:\/\/hotta.eu\/lv\/shop\/cherry-bomb-hot-sauce\/#breadcrumb"},"inLanguage":"lv-LV","potentialAction":[{"@type":"ReadAction","target":["https:\/\/hotta.eu\/lv\/shop\/cherry-bomb-hot-sauce\/"]}]},{"@type":"ImageObject","inLanguage":"lv-LV","@id":"https:\/\/hotta.eu\/lv\/shop\/cherry-bomb-hot-sauce\/#primaryimage","url":"https:\/\/hotta.eu\/wp-content\/uploads\/2024\/03\/IMG_6550.jpg","contentUrl":"https:\/\/hotta.eu\/wp-content\/uploads\/2024\/03\/IMG_6550.jpg","width":2000,"height":2000},{"@type":"BreadcrumbList","@id":"https:\/\/hotta.eu\/lv\/shop\/cherry-bomb-hot-sauce\/#breadcrumb","itemListElement":[{"@type":"ListItem","position":1,"name":"S\u0101kums","item":"https:\/\/hotta.eu\/lv\/sakumlapa\/"},{"@type":"ListItem","position":2,"name":"Veikals","item":"https:\/\/hotta.eu\/lv\/shop\/"},{"@type":"ListItem","position":3,"name":"Cherry Bomb Hot Sauce"}]},{"@type":"WebSite","@id":"https:\/\/hotta.eu\/lv\/#website","url":"https:\/\/hotta.eu\/lv\/","name":"Hotta","description":"Makes your mouth burn a lotta!","publisher":{"@id":"https:\/\/hotta.eu\/lv\/#organization"},"potentialAction":[{"@type":"SearchAction","target":{"@type":"EntryPoint","urlTemplate":"https:\/\/hotta.eu\/lv\/?s={search_term_string}"},"query-input":{"@type":"PropertyValueSpecification","valueRequired":true,"valueName":"search_term_string"}}],"inLanguage":"lv-LV"},{"@type":"Organization","@id":"https:\/\/hotta.eu\/lv\/#organization","name":"Hotta","url":"https:\/\/hotta.eu\/lv\/","logo":{"@type":"ImageObject","inLanguage":"lv-LV","@id":"https:\/\/hotta.eu\/lv\/#\/schema\/logo\/image\/","url":"https:\/\/hotta.eu\/wp-content\/uploads\/2025\/04\/hotta-logo-invoice.png","contentUrl":"https:\/\/hotta.eu\/wp-content\/uploads\/2025\/04\/hotta-logo-invoice.png","width":600,"height":411,"caption":"Hotta"},"image":{"@id":"https:\/\/hotta.eu\/lv\/#\/schema\/logo\/image\/"},"sameAs":["https:\/\/www.facebook.com\/hotta.eu","https:\/\/x.com\/hottashop","https:\/\/www.instagram.com\/hotta.shop"]}]}},"jetpack_sharing_enabled":true,"_links":{"self":[{"href":"https:\/\/hotta.eu\/lv\/wp-json\/wp\/v2\/product\/19395","targetHints":{"allow":["GET"]}}],"collection":[{"href":"https:\/\/hotta.eu\/lv\/wp-json\/wp\/v2\/product"}],"about":[{"href":"https:\/\/hotta.eu\/lv\/wp-json\/wp\/v2\/types\/product"}],"replies":[{"embeddable":true,"href":"https:\/\/hotta.eu\/lv\/wp-json\/wp\/v2\/comments?post=19395"}],"wp:featuredmedia":[{"embeddable":true,"href":"https:\/\/hotta.eu\/lv\/wp-json\/wp\/v2\/media\/15855"}],"wp:attachment":[{"href":"https:\/\/hotta.eu\/lv\/wp-json\/wp\/v2\/media?parent=19395"}],"wp:term":[{"taxonomy":"product_cat","embeddable":true,"href":"https:\/\/hotta.eu\/lv\/wp-json\/wp\/v2\/product_cat?post=19395"},{"taxonomy":"product_tag","embeddable":true,"href":"https:\/\/hotta.eu\/lv\/wp-json\/wp\/v2\/product_tag?post=19395"},{"taxonomy":"giftcard-category","embeddable":true,"href":"https:\/\/hotta.eu\/lv\/wp-json\/wp\/v2\/giftcard-category?post=19395"}],"curies":[{"name":"wp","href":"https:\/\/api.w.org\/{rel}","templated":true}]}}