{"id":19399,"date":"2020-02-02T03:31:18","date_gmt":"2020-02-02T01:31:18","guid":{"rendered":"https:\/\/hotta.eu\/shop\/spoku-piparu-un-mellenu-karsta-merce\/"},"modified":"2026-03-15T16:13:26","modified_gmt":"2026-03-15T14:13:26","slug":"ghost-pepper-blueberry-hot-sauce","status":"publish","type":"product","link":"https:\/\/hotta.eu\/lv\/shop\/ghost-pepper-blueberry-hot-sauce\/","title":{"rendered":"Ghost Pepper  Blueberry Hot Sauce"},"content":{"rendered":"<p><strong>Sast\u0101vda\u013cas<\/strong><br \/>\nMellenes, baltv\u012bna eti\u0137is, \u010dilli &#8220;Ghost chilli&#8221;, j\u016bras s\u0101ls, melnie pipari.<\/p>\n<div class=\"tableheader\"><strong>Uztura inform\u0101cija (5 g)<\/strong><\/div>\n<div>N\u0101trijs 30 mg, og\u013chidr\u0101ti &lt;1,0 g.<\/div>\n<p><strong>Der\u012bgums un glab\u0101\u0161ana<\/strong><br \/>\nDer\u012bguma termi\u0146\u0161 uz pudel\u012btes attiecas uz neatv\u0113rtiem produktiem. Atv\u0113rtu produktu j\u0101uzglab\u0101 ledusskap\u012b.<\/p>\n","protected":false},"excerpt":{"rendered":"<p>Aug\u013cains un vienlaikus ass. Tas ir \u010dilli un melle\u0146u gars, kas ir gan pat\u012bkami eksotisks, gan p\u0101rsteidzo\u0161i ass. Tas ir \u012bpa\u0161i labs kop\u0101 ar vistas, p\u012bles un citiem ga\u013cas \u0113dieniem.<\/p>\n<p>Bravado Ghost Pepper &amp; Blueberry tika iek\u013cauta Hot Ones m\u0113r\u010du t\u012bmek\u013ca s\u0113rij\u0101 3. sezon\u0101.<\/p>\n<div class=\"responsive-video\"><iframe src=\"https:\/\/www.youtube.com\/embed\/Tgw2Kkmupg8\" width=\"480\" height=\"270\" frameborder=\"0\" allowfullscreen=\"allowfullscreen\"><\/iframe><\/div>\n[ywcwtl_form product_id=\"\"]\n","protected":false},"featured_media":17408,"comment_status":"open","ping_status":"closed","template":"","meta":[],"product_cat":[920,916,922],"product_tag":[],"giftcard-category":[],"class_list":{"0":"post-19399","1":"product","2":"type-product","3":"status-publish","4":"has-post-thumbnail","6":"product_cat-hot-ones-lv","7":"product_cat-merces","8":"product_cat-videjs","9":"pa_brand-bravado-spice-co","11":"first","12":"instock","13":"taxable","14":"shipping-taxable","15":"purchasable","16":"product-type-simple"},"yoast_head":"<!-- This site is optimized with the Yoast SEO plugin v27.3 - https:\/\/yoast.com\/product\/yoast-seo-wordpress\/ -->\n<title>Ghost Pepper Blueberry Hot Sauce - Hotta<\/title>\n<meta name=\"description\" content=\"Granny Smith \u0101bolu mais\u012bjums ar svaigiem \u010dilli un \u0137iplokiem. Noteikti viena no interesant\u0101kaj\u0101m za\u013caj\u0101m m\u0113rc\u0113m, ko izm\u0113\u0123in\u0101t!\" \/>\n<meta name=\"robots\" content=\"index, follow, max-snippet:-1, max-image-preview:large, max-video-preview:-1\" \/>\n<link rel=\"canonical\" href=\"https:\/\/hotta.eu\/lv\/shop\/ghost-pepper-blueberry-hot-sauce\/\" \/>\n<meta property=\"og:locale\" content=\"lv_LV\" \/>\n<meta property=\"og:type\" content=\"article\" \/>\n<meta property=\"og:title\" content=\"Ghost Pepper Blueberry Hot Sauce - Hotta\" \/>\n<meta property=\"og:description\" content=\"Granny Smith \u0101bolu mais\u012bjums ar svaigiem \u010dilli un \u0137iplokiem. Noteikti viena no interesant\u0101kaj\u0101m za\u013caj\u0101m m\u0113rc\u0113m, ko izm\u0113\u0123in\u0101t!\" \/>\n<meta property=\"og:url\" content=\"https:\/\/hotta.eu\/lv\/shop\/ghost-pepper-blueberry-hot-sauce\/\" \/>\n<meta property=\"og:site_name\" content=\"Hotta\" \/>\n<meta property=\"article:publisher\" content=\"https:\/\/www.facebook.com\/hotta.eu\" \/>\n<meta property=\"article:modified_time\" content=\"2026-03-15T14:13:26+00:00\" \/>\n<meta property=\"og:image\" content=\"https:\/\/hotta.eu\/wp-content\/uploads\/2020\/05\/bravado-ghost-pepper-blueberry.jpg\" \/>\n\t<meta property=\"og:image:width\" content=\"1801\" \/>\n\t<meta property=\"og:image:height\" content=\"1801\" \/>\n\t<meta property=\"og:image:type\" content=\"image\/jpeg\" \/>\n<meta name=\"twitter:card\" content=\"summary_large_image\" \/>\n<meta name=\"twitter:site\" content=\"@hottashop\" \/>\n<meta name=\"twitter:label1\" content=\"Est. reading time\" \/>\n\t<meta name=\"twitter:data1\" content=\"1 minute\" \/>\n<script type=\"application\/ld+json\" class=\"yoast-schema-graph\">{\"@context\":\"https:\\\/\\\/schema.org\",\"@graph\":[{\"@type\":\"WebPage\",\"@id\":\"https:\\\/\\\/hotta.eu\\\/lv\\\/shop\\\/ghost-pepper-blueberry-hot-sauce\\\/\",\"url\":\"https:\\\/\\\/hotta.eu\\\/lv\\\/shop\\\/ghost-pepper-blueberry-hot-sauce\\\/\",\"name\":\"Ghost Pepper Blueberry Hot Sauce - Hotta\",\"isPartOf\":{\"@id\":\"https:\\\/\\\/hotta.eu\\\/lv\\\/#website\"},\"primaryImageOfPage\":{\"@id\":\"https:\\\/\\\/hotta.eu\\\/lv\\\/shop\\\/ghost-pepper-blueberry-hot-sauce\\\/#primaryimage\"},\"image\":{\"@id\":\"https:\\\/\\\/hotta.eu\\\/lv\\\/shop\\\/ghost-pepper-blueberry-hot-sauce\\\/#primaryimage\"},\"thumbnailUrl\":\"https:\\\/\\\/hotta.eu\\\/wp-content\\\/uploads\\\/2020\\\/05\\\/bravado-ghost-pepper-blueberry.jpg\",\"datePublished\":\"2020-02-02T01:31:18+00:00\",\"dateModified\":\"2026-03-15T14:13:26+00:00\",\"description\":\"Granny Smith \u0101bolu mais\u012bjums ar svaigiem \u010dilli un \u0137iplokiem. Noteikti viena no interesant\u0101kaj\u0101m za\u013caj\u0101m m\u0113rc\u0113m, ko izm\u0113\u0123in\u0101t!\",\"breadcrumb\":{\"@id\":\"https:\\\/\\\/hotta.eu\\\/lv\\\/shop\\\/ghost-pepper-blueberry-hot-sauce\\\/#breadcrumb\"},\"inLanguage\":\"lv-LV\",\"potentialAction\":[{\"@type\":\"ReadAction\",\"target\":[\"https:\\\/\\\/hotta.eu\\\/lv\\\/shop\\\/ghost-pepper-blueberry-hot-sauce\\\/\"]}]},{\"@type\":\"ImageObject\",\"inLanguage\":\"lv-LV\",\"@id\":\"https:\\\/\\\/hotta.eu\\\/lv\\\/shop\\\/ghost-pepper-blueberry-hot-sauce\\\/#primaryimage\",\"url\":\"https:\\\/\\\/hotta.eu\\\/wp-content\\\/uploads\\\/2020\\\/05\\\/bravado-ghost-pepper-blueberry.jpg\",\"contentUrl\":\"https:\\\/\\\/hotta.eu\\\/wp-content\\\/uploads\\\/2020\\\/05\\\/bravado-ghost-pepper-blueberry.jpg\",\"width\":1801,\"height\":1801},{\"@type\":\"BreadcrumbList\",\"@id\":\"https:\\\/\\\/hotta.eu\\\/lv\\\/shop\\\/ghost-pepper-blueberry-hot-sauce\\\/#breadcrumb\",\"itemListElement\":[{\"@type\":\"ListItem\",\"position\":1,\"name\":\"S\u0101kums\",\"item\":\"https:\\\/\\\/hotta.eu\\\/lv\\\/sakumlapa\\\/\"},{\"@type\":\"ListItem\",\"position\":2,\"name\":\"Veikals\",\"item\":\"https:\\\/\\\/hotta.eu\\\/lv\\\/shop\\\/\"},{\"@type\":\"ListItem\",\"position\":3,\"name\":\"Ghost Pepper Blueberry Hot Sauce\"}]},{\"@type\":\"WebSite\",\"@id\":\"https:\\\/\\\/hotta.eu\\\/lv\\\/#website\",\"url\":\"https:\\\/\\\/hotta.eu\\\/lv\\\/\",\"name\":\"Hotta\",\"description\":\"Makes your mouth burn a lotta!\",\"publisher\":{\"@id\":\"https:\\\/\\\/hotta.eu\\\/lv\\\/#organization\"},\"potentialAction\":[{\"@type\":\"SearchAction\",\"target\":{\"@type\":\"EntryPoint\",\"urlTemplate\":\"https:\\\/\\\/hotta.eu\\\/lv\\\/?s={search_term_string}\"},\"query-input\":{\"@type\":\"PropertyValueSpecification\",\"valueRequired\":true,\"valueName\":\"search_term_string\"}}],\"inLanguage\":\"lv-LV\"},{\"@type\":\"Organization\",\"@id\":\"https:\\\/\\\/hotta.eu\\\/lv\\\/#organization\",\"name\":\"Hotta\",\"url\":\"https:\\\/\\\/hotta.eu\\\/lv\\\/\",\"logo\":{\"@type\":\"ImageObject\",\"inLanguage\":\"lv-LV\",\"@id\":\"https:\\\/\\\/hotta.eu\\\/lv\\\/#\\\/schema\\\/logo\\\/image\\\/\",\"url\":\"https:\\\/\\\/hotta.eu\\\/wp-content\\\/uploads\\\/2025\\\/04\\\/hotta-logo-invoice.png\",\"contentUrl\":\"https:\\\/\\\/hotta.eu\\\/wp-content\\\/uploads\\\/2025\\\/04\\\/hotta-logo-invoice.png\",\"width\":600,\"height\":411,\"caption\":\"Hotta\"},\"image\":{\"@id\":\"https:\\\/\\\/hotta.eu\\\/lv\\\/#\\\/schema\\\/logo\\\/image\\\/\"},\"sameAs\":[\"https:\\\/\\\/www.facebook.com\\\/hotta.eu\",\"https:\\\/\\\/x.com\\\/hottashop\",\"https:\\\/\\\/www.instagram.com\\\/hotta.shop\"]}]}<\/script>\n<!-- \/ Yoast SEO plugin. -->","yoast_head_json":{"title":"Ghost Pepper Blueberry Hot Sauce - Hotta","description":"Granny Smith \u0101bolu mais\u012bjums ar svaigiem \u010dilli un \u0137iplokiem. Noteikti viena no interesant\u0101kaj\u0101m za\u013caj\u0101m m\u0113rc\u0113m, ko izm\u0113\u0123in\u0101t!","robots":{"index":"index","follow":"follow","max-snippet":"max-snippet:-1","max-image-preview":"max-image-preview:large","max-video-preview":"max-video-preview:-1"},"canonical":"https:\/\/hotta.eu\/lv\/shop\/ghost-pepper-blueberry-hot-sauce\/","og_locale":"lv_LV","og_type":"article","og_title":"Ghost Pepper Blueberry Hot Sauce - Hotta","og_description":"Granny Smith \u0101bolu mais\u012bjums ar svaigiem \u010dilli un \u0137iplokiem. Noteikti viena no interesant\u0101kaj\u0101m za\u013caj\u0101m m\u0113rc\u0113m, ko izm\u0113\u0123in\u0101t!","og_url":"https:\/\/hotta.eu\/lv\/shop\/ghost-pepper-blueberry-hot-sauce\/","og_site_name":"Hotta","article_publisher":"https:\/\/www.facebook.com\/hotta.eu","article_modified_time":"2026-03-15T14:13:26+00:00","og_image":[{"width":1801,"height":1801,"url":"https:\/\/hotta.eu\/wp-content\/uploads\/2020\/05\/bravado-ghost-pepper-blueberry.jpg","type":"image\/jpeg"}],"twitter_card":"summary_large_image","twitter_site":"@hottashop","twitter_misc":{"Est. reading time":"1 minute"},"schema":{"@context":"https:\/\/schema.org","@graph":[{"@type":"WebPage","@id":"https:\/\/hotta.eu\/lv\/shop\/ghost-pepper-blueberry-hot-sauce\/","url":"https:\/\/hotta.eu\/lv\/shop\/ghost-pepper-blueberry-hot-sauce\/","name":"Ghost Pepper Blueberry Hot Sauce - Hotta","isPartOf":{"@id":"https:\/\/hotta.eu\/lv\/#website"},"primaryImageOfPage":{"@id":"https:\/\/hotta.eu\/lv\/shop\/ghost-pepper-blueberry-hot-sauce\/#primaryimage"},"image":{"@id":"https:\/\/hotta.eu\/lv\/shop\/ghost-pepper-blueberry-hot-sauce\/#primaryimage"},"thumbnailUrl":"https:\/\/hotta.eu\/wp-content\/uploads\/2020\/05\/bravado-ghost-pepper-blueberry.jpg","datePublished":"2020-02-02T01:31:18+00:00","dateModified":"2026-03-15T14:13:26+00:00","description":"Granny Smith \u0101bolu mais\u012bjums ar svaigiem \u010dilli un \u0137iplokiem. Noteikti viena no interesant\u0101kaj\u0101m za\u013caj\u0101m m\u0113rc\u0113m, ko izm\u0113\u0123in\u0101t!","breadcrumb":{"@id":"https:\/\/hotta.eu\/lv\/shop\/ghost-pepper-blueberry-hot-sauce\/#breadcrumb"},"inLanguage":"lv-LV","potentialAction":[{"@type":"ReadAction","target":["https:\/\/hotta.eu\/lv\/shop\/ghost-pepper-blueberry-hot-sauce\/"]}]},{"@type":"ImageObject","inLanguage":"lv-LV","@id":"https:\/\/hotta.eu\/lv\/shop\/ghost-pepper-blueberry-hot-sauce\/#primaryimage","url":"https:\/\/hotta.eu\/wp-content\/uploads\/2020\/05\/bravado-ghost-pepper-blueberry.jpg","contentUrl":"https:\/\/hotta.eu\/wp-content\/uploads\/2020\/05\/bravado-ghost-pepper-blueberry.jpg","width":1801,"height":1801},{"@type":"BreadcrumbList","@id":"https:\/\/hotta.eu\/lv\/shop\/ghost-pepper-blueberry-hot-sauce\/#breadcrumb","itemListElement":[{"@type":"ListItem","position":1,"name":"S\u0101kums","item":"https:\/\/hotta.eu\/lv\/sakumlapa\/"},{"@type":"ListItem","position":2,"name":"Veikals","item":"https:\/\/hotta.eu\/lv\/shop\/"},{"@type":"ListItem","position":3,"name":"Ghost Pepper Blueberry Hot Sauce"}]},{"@type":"WebSite","@id":"https:\/\/hotta.eu\/lv\/#website","url":"https:\/\/hotta.eu\/lv\/","name":"Hotta","description":"Makes your mouth burn a lotta!","publisher":{"@id":"https:\/\/hotta.eu\/lv\/#organization"},"potentialAction":[{"@type":"SearchAction","target":{"@type":"EntryPoint","urlTemplate":"https:\/\/hotta.eu\/lv\/?s={search_term_string}"},"query-input":{"@type":"PropertyValueSpecification","valueRequired":true,"valueName":"search_term_string"}}],"inLanguage":"lv-LV"},{"@type":"Organization","@id":"https:\/\/hotta.eu\/lv\/#organization","name":"Hotta","url":"https:\/\/hotta.eu\/lv\/","logo":{"@type":"ImageObject","inLanguage":"lv-LV","@id":"https:\/\/hotta.eu\/lv\/#\/schema\/logo\/image\/","url":"https:\/\/hotta.eu\/wp-content\/uploads\/2025\/04\/hotta-logo-invoice.png","contentUrl":"https:\/\/hotta.eu\/wp-content\/uploads\/2025\/04\/hotta-logo-invoice.png","width":600,"height":411,"caption":"Hotta"},"image":{"@id":"https:\/\/hotta.eu\/lv\/#\/schema\/logo\/image\/"},"sameAs":["https:\/\/www.facebook.com\/hotta.eu","https:\/\/x.com\/hottashop","https:\/\/www.instagram.com\/hotta.shop"]}]}},"jetpack_sharing_enabled":true,"_links":{"self":[{"href":"https:\/\/hotta.eu\/lv\/wp-json\/wp\/v2\/product\/19399","targetHints":{"allow":["GET"]}}],"collection":[{"href":"https:\/\/hotta.eu\/lv\/wp-json\/wp\/v2\/product"}],"about":[{"href":"https:\/\/hotta.eu\/lv\/wp-json\/wp\/v2\/types\/product"}],"replies":[{"embeddable":true,"href":"https:\/\/hotta.eu\/lv\/wp-json\/wp\/v2\/comments?post=19399"}],"wp:featuredmedia":[{"embeddable":true,"href":"https:\/\/hotta.eu\/lv\/wp-json\/wp\/v2\/media\/17408"}],"wp:attachment":[{"href":"https:\/\/hotta.eu\/lv\/wp-json\/wp\/v2\/media?parent=19399"}],"wp:term":[{"taxonomy":"product_cat","embeddable":true,"href":"https:\/\/hotta.eu\/lv\/wp-json\/wp\/v2\/product_cat?post=19399"},{"taxonomy":"product_tag","embeddable":true,"href":"https:\/\/hotta.eu\/lv\/wp-json\/wp\/v2\/product_tag?post=19399"},{"taxonomy":"giftcard-category","embeddable":true,"href":"https:\/\/hotta.eu\/lv\/wp-json\/wp\/v2\/giftcard-category?post=19399"}],"curies":[{"name":"wp","href":"https:\/\/api.w.org\/{rel}","templated":true}]}}