{"id":19403,"date":"2020-02-02T01:50:33","date_gmt":"2020-02-01T23:50:33","guid":{"rendered":"https:\/\/hotta.eu\/shop\/zila-agaves-srirasa\/"},"modified":"2024-12-27T12:42:34","modified_gmt":"2024-12-27T10:42:34","slug":"blue-agave-sriracha","status":"publish","type":"product","link":"https:\/\/hotta.eu\/lv\/shop\/blue-agave-sriracha\/","title":{"rendered":"Blue Agave Sriracha"},"content":{"rendered":"<p><strong>Sast\u0101vda\u013cas<\/strong><br \/>\nJalapeno, zilais agaves nekt\u0101rs, destil\u0113ta eti\u0137sk\u0101be, \u0137iploki, s\u0101ls, mandar\u012bnu sulas koncentr\u0101ts, laima sulas koncentr\u0101ts, gu\u0101ra sve\u0137i.<\/p>\n<p><strong>Uztura inform\u0101cija (15 g)<br \/>\n<\/strong> Ener\u0123ija 62,76 kJ \/ 15 kcal, og\u013chidr\u0101ti 3 g, no tiem cukuri 2 g, n\u0101trijs 190 mg.<\/p>\n<p><strong>Der\u012bgums un glab\u0101\u0161ana<\/strong><br \/>\nDer\u012bguma termi\u0146\u0161 uz pudel\u012btes attiecas uz neatv\u0113rtiem produktiem. Atv\u0113rtu produktu j\u0101uzglab\u0101 ledusskap\u012b.<\/p>\n","protected":false},"excerpt":{"rendered":"<p>Viena no sald\u0101kaj\u0101m gar\u0161\u0101m Yellowbird kl\u0101st\u0101 ar m\u0113renu asumu. Zil\u0101s agaves gar\u0161a garant\u0113 eksotisku gar\u0161as baud\u012bjumu. Yellowbird gatavo m\u0113rces, izmantojot dab\u012bgas sast\u0101vda\u013cas, atsakoties no m\u0101ksl\u012bgajiem konservantiem un koncentr\u0113joties uz \u010dili piparu gar\u0161u izcel\u0161anu, uz br\u012bdi atst\u0101jot to sp\u0113ku otraj\u0101 pl\u0101n\u0101. Patiesi univers\u0101la m\u0113rce, kas noteikti atrad\u012bs pla\u0161u pielietojumu ikviena gard\u0113\u017ea \u0113dienkart\u0113!<br \/>\n[ywcwtl_form product_id=\"\"]<\/p>\n","protected":false},"featured_media":15863,"comment_status":"open","ping_status":"closed","template":"","meta":[],"product_cat":[924,916],"product_tag":[],"giftcard-category":[],"class_list":{"0":"post-19403","1":"product","2":"type-product","3":"status-publish","4":"has-post-thumbnail","6":"product_cat-maigs","7":"product_cat-merces","8":"pa_brand-yellowbird-foods","10":"first","11":"outofstock","12":"taxable","13":"shipping-taxable","14":"purchasable","15":"product-type-simple"},"yoast_head":"<!-- This site is optimized with the Yoast SEO plugin v27.4 - https:\/\/yoast.com\/product\/yoast-seo-wordpress\/ -->\n<title>Blue Agave Sriracha - Hotta<\/title>\n<meta name=\"description\" content=\"Viena no sald\u0101kaj\u0101m gar\u0161\u0101m Yellowbird kl\u0101st\u0101 ar m\u0113renu asumu. Zil\u0101s agaves gar\u0161a garant\u0113 eksotisku gar\u0161as baud\u012bjumu.\" \/>\n<meta name=\"robots\" content=\"index, follow, max-snippet:-1, max-image-preview:large, max-video-preview:-1\" \/>\n<link rel=\"canonical\" href=\"https:\/\/hotta.eu\/lv\/shop\/blue-agave-sriracha\/\" \/>\n<meta property=\"og:locale\" content=\"lv_LV\" \/>\n<meta property=\"og:type\" content=\"article\" \/>\n<meta property=\"og:title\" content=\"Blue Agave Sriracha - Hotta\" \/>\n<meta property=\"og:description\" content=\"Viena no sald\u0101kaj\u0101m gar\u0161\u0101m Yellowbird kl\u0101st\u0101 ar m\u0113renu asumu. Zil\u0101s agaves gar\u0161a garant\u0113 eksotisku gar\u0161as baud\u012bjumu.\" \/>\n<meta property=\"og:url\" content=\"https:\/\/hotta.eu\/lv\/shop\/blue-agave-sriracha\/\" \/>\n<meta property=\"og:site_name\" content=\"Hotta\" \/>\n<meta property=\"article:publisher\" content=\"https:\/\/www.facebook.com\/hotta.eu\" \/>\n<meta property=\"article:modified_time\" content=\"2024-12-27T10:42:34+00:00\" \/>\n<meta property=\"og:image\" content=\"https:\/\/hotta.eu\/wp-content\/uploads\/2024\/03\/IMG_6544.jpg\" \/>\n\t<meta property=\"og:image:width\" content=\"2000\" \/>\n\t<meta property=\"og:image:height\" content=\"1999\" \/>\n\t<meta property=\"og:image:type\" content=\"image\/jpeg\" \/>\n<meta name=\"twitter:card\" content=\"summary_large_image\" \/>\n<meta name=\"twitter:site\" content=\"@hottashop\" \/>\n<meta name=\"twitter:label1\" content=\"Est. reading time\" \/>\n\t<meta name=\"twitter:data1\" content=\"1 minute\" \/>\n<script type=\"application\/ld+json\" class=\"yoast-schema-graph\">{\"@context\":\"https:\\\/\\\/schema.org\",\"@graph\":[{\"@type\":\"WebPage\",\"@id\":\"https:\\\/\\\/hotta.eu\\\/lv\\\/shop\\\/blue-agave-sriracha\\\/\",\"url\":\"https:\\\/\\\/hotta.eu\\\/lv\\\/shop\\\/blue-agave-sriracha\\\/\",\"name\":\"Blue Agave Sriracha - Hotta\",\"isPartOf\":{\"@id\":\"https:\\\/\\\/hotta.eu\\\/lv\\\/#website\"},\"primaryImageOfPage\":{\"@id\":\"https:\\\/\\\/hotta.eu\\\/lv\\\/shop\\\/blue-agave-sriracha\\\/#primaryimage\"},\"image\":{\"@id\":\"https:\\\/\\\/hotta.eu\\\/lv\\\/shop\\\/blue-agave-sriracha\\\/#primaryimage\"},\"thumbnailUrl\":\"https:\\\/\\\/hotta.eu\\\/wp-content\\\/uploads\\\/2024\\\/03\\\/IMG_6544.jpg\",\"datePublished\":\"2020-02-01T23:50:33+00:00\",\"dateModified\":\"2024-12-27T10:42:34+00:00\",\"description\":\"Viena no sald\u0101kaj\u0101m gar\u0161\u0101m Yellowbird kl\u0101st\u0101 ar m\u0113renu asumu. Zil\u0101s agaves gar\u0161a garant\u0113 eksotisku gar\u0161as baud\u012bjumu.\",\"breadcrumb\":{\"@id\":\"https:\\\/\\\/hotta.eu\\\/lv\\\/shop\\\/blue-agave-sriracha\\\/#breadcrumb\"},\"inLanguage\":\"lv-LV\",\"potentialAction\":[{\"@type\":\"ReadAction\",\"target\":[\"https:\\\/\\\/hotta.eu\\\/lv\\\/shop\\\/blue-agave-sriracha\\\/\"]}]},{\"@type\":\"ImageObject\",\"inLanguage\":\"lv-LV\",\"@id\":\"https:\\\/\\\/hotta.eu\\\/lv\\\/shop\\\/blue-agave-sriracha\\\/#primaryimage\",\"url\":\"https:\\\/\\\/hotta.eu\\\/wp-content\\\/uploads\\\/2024\\\/03\\\/IMG_6544.jpg\",\"contentUrl\":\"https:\\\/\\\/hotta.eu\\\/wp-content\\\/uploads\\\/2024\\\/03\\\/IMG_6544.jpg\",\"width\":2000,\"height\":1999},{\"@type\":\"BreadcrumbList\",\"@id\":\"https:\\\/\\\/hotta.eu\\\/lv\\\/shop\\\/blue-agave-sriracha\\\/#breadcrumb\",\"itemListElement\":[{\"@type\":\"ListItem\",\"position\":1,\"name\":\"S\u0101kums\",\"item\":\"https:\\\/\\\/hotta.eu\\\/lv\\\/sakumlapa\\\/\"},{\"@type\":\"ListItem\",\"position\":2,\"name\":\"Veikals\",\"item\":\"https:\\\/\\\/hotta.eu\\\/lv\\\/shop\\\/\"},{\"@type\":\"ListItem\",\"position\":3,\"name\":\"Blue Agave Sriracha\"}]},{\"@type\":\"WebSite\",\"@id\":\"https:\\\/\\\/hotta.eu\\\/lv\\\/#website\",\"url\":\"https:\\\/\\\/hotta.eu\\\/lv\\\/\",\"name\":\"Hotta\",\"description\":\"Makes your mouth burn a lotta!\",\"publisher\":{\"@id\":\"https:\\\/\\\/hotta.eu\\\/lv\\\/#organization\"},\"potentialAction\":[{\"@type\":\"SearchAction\",\"target\":{\"@type\":\"EntryPoint\",\"urlTemplate\":\"https:\\\/\\\/hotta.eu\\\/lv\\\/?s={search_term_string}\"},\"query-input\":{\"@type\":\"PropertyValueSpecification\",\"valueRequired\":true,\"valueName\":\"search_term_string\"}}],\"inLanguage\":\"lv-LV\"},{\"@type\":\"Organization\",\"@id\":\"https:\\\/\\\/hotta.eu\\\/lv\\\/#organization\",\"name\":\"Hotta\",\"url\":\"https:\\\/\\\/hotta.eu\\\/lv\\\/\",\"logo\":{\"@type\":\"ImageObject\",\"inLanguage\":\"lv-LV\",\"@id\":\"https:\\\/\\\/hotta.eu\\\/lv\\\/#\\\/schema\\\/logo\\\/image\\\/\",\"url\":\"https:\\\/\\\/hotta.eu\\\/wp-content\\\/uploads\\\/2025\\\/04\\\/hotta-logo-invoice.png\",\"contentUrl\":\"https:\\\/\\\/hotta.eu\\\/wp-content\\\/uploads\\\/2025\\\/04\\\/hotta-logo-invoice.png\",\"width\":600,\"height\":411,\"caption\":\"Hotta\"},\"image\":{\"@id\":\"https:\\\/\\\/hotta.eu\\\/lv\\\/#\\\/schema\\\/logo\\\/image\\\/\"},\"sameAs\":[\"https:\\\/\\\/www.facebook.com\\\/hotta.eu\",\"https:\\\/\\\/x.com\\\/hottashop\",\"https:\\\/\\\/www.instagram.com\\\/hotta.shop\"]}]}<\/script>\n<!-- \/ Yoast SEO plugin. -->","yoast_head_json":{"title":"Blue Agave Sriracha - Hotta","description":"Viena no sald\u0101kaj\u0101m gar\u0161\u0101m Yellowbird kl\u0101st\u0101 ar m\u0113renu asumu. Zil\u0101s agaves gar\u0161a garant\u0113 eksotisku gar\u0161as baud\u012bjumu.","robots":{"index":"index","follow":"follow","max-snippet":"max-snippet:-1","max-image-preview":"max-image-preview:large","max-video-preview":"max-video-preview:-1"},"canonical":"https:\/\/hotta.eu\/lv\/shop\/blue-agave-sriracha\/","og_locale":"lv_LV","og_type":"article","og_title":"Blue Agave Sriracha - Hotta","og_description":"Viena no sald\u0101kaj\u0101m gar\u0161\u0101m Yellowbird kl\u0101st\u0101 ar m\u0113renu asumu. Zil\u0101s agaves gar\u0161a garant\u0113 eksotisku gar\u0161as baud\u012bjumu.","og_url":"https:\/\/hotta.eu\/lv\/shop\/blue-agave-sriracha\/","og_site_name":"Hotta","article_publisher":"https:\/\/www.facebook.com\/hotta.eu","article_modified_time":"2024-12-27T10:42:34+00:00","og_image":[{"width":2000,"height":1999,"url":"https:\/\/hotta.eu\/wp-content\/uploads\/2024\/03\/IMG_6544.jpg","type":"image\/jpeg"}],"twitter_card":"summary_large_image","twitter_site":"@hottashop","twitter_misc":{"Est. reading time":"1 minute"},"schema":{"@context":"https:\/\/schema.org","@graph":[{"@type":"WebPage","@id":"https:\/\/hotta.eu\/lv\/shop\/blue-agave-sriracha\/","url":"https:\/\/hotta.eu\/lv\/shop\/blue-agave-sriracha\/","name":"Blue Agave Sriracha - Hotta","isPartOf":{"@id":"https:\/\/hotta.eu\/lv\/#website"},"primaryImageOfPage":{"@id":"https:\/\/hotta.eu\/lv\/shop\/blue-agave-sriracha\/#primaryimage"},"image":{"@id":"https:\/\/hotta.eu\/lv\/shop\/blue-agave-sriracha\/#primaryimage"},"thumbnailUrl":"https:\/\/hotta.eu\/wp-content\/uploads\/2024\/03\/IMG_6544.jpg","datePublished":"2020-02-01T23:50:33+00:00","dateModified":"2024-12-27T10:42:34+00:00","description":"Viena no sald\u0101kaj\u0101m gar\u0161\u0101m Yellowbird kl\u0101st\u0101 ar m\u0113renu asumu. Zil\u0101s agaves gar\u0161a garant\u0113 eksotisku gar\u0161as baud\u012bjumu.","breadcrumb":{"@id":"https:\/\/hotta.eu\/lv\/shop\/blue-agave-sriracha\/#breadcrumb"},"inLanguage":"lv-LV","potentialAction":[{"@type":"ReadAction","target":["https:\/\/hotta.eu\/lv\/shop\/blue-agave-sriracha\/"]}]},{"@type":"ImageObject","inLanguage":"lv-LV","@id":"https:\/\/hotta.eu\/lv\/shop\/blue-agave-sriracha\/#primaryimage","url":"https:\/\/hotta.eu\/wp-content\/uploads\/2024\/03\/IMG_6544.jpg","contentUrl":"https:\/\/hotta.eu\/wp-content\/uploads\/2024\/03\/IMG_6544.jpg","width":2000,"height":1999},{"@type":"BreadcrumbList","@id":"https:\/\/hotta.eu\/lv\/shop\/blue-agave-sriracha\/#breadcrumb","itemListElement":[{"@type":"ListItem","position":1,"name":"S\u0101kums","item":"https:\/\/hotta.eu\/lv\/sakumlapa\/"},{"@type":"ListItem","position":2,"name":"Veikals","item":"https:\/\/hotta.eu\/lv\/shop\/"},{"@type":"ListItem","position":3,"name":"Blue Agave Sriracha"}]},{"@type":"WebSite","@id":"https:\/\/hotta.eu\/lv\/#website","url":"https:\/\/hotta.eu\/lv\/","name":"Hotta","description":"Makes your mouth burn a lotta!","publisher":{"@id":"https:\/\/hotta.eu\/lv\/#organization"},"potentialAction":[{"@type":"SearchAction","target":{"@type":"EntryPoint","urlTemplate":"https:\/\/hotta.eu\/lv\/?s={search_term_string}"},"query-input":{"@type":"PropertyValueSpecification","valueRequired":true,"valueName":"search_term_string"}}],"inLanguage":"lv-LV"},{"@type":"Organization","@id":"https:\/\/hotta.eu\/lv\/#organization","name":"Hotta","url":"https:\/\/hotta.eu\/lv\/","logo":{"@type":"ImageObject","inLanguage":"lv-LV","@id":"https:\/\/hotta.eu\/lv\/#\/schema\/logo\/image\/","url":"https:\/\/hotta.eu\/wp-content\/uploads\/2025\/04\/hotta-logo-invoice.png","contentUrl":"https:\/\/hotta.eu\/wp-content\/uploads\/2025\/04\/hotta-logo-invoice.png","width":600,"height":411,"caption":"Hotta"},"image":{"@id":"https:\/\/hotta.eu\/lv\/#\/schema\/logo\/image\/"},"sameAs":["https:\/\/www.facebook.com\/hotta.eu","https:\/\/x.com\/hottashop","https:\/\/www.instagram.com\/hotta.shop"]}]}},"jetpack_sharing_enabled":true,"_links":{"self":[{"href":"https:\/\/hotta.eu\/lv\/wp-json\/wp\/v2\/product\/19403","targetHints":{"allow":["GET"]}}],"collection":[{"href":"https:\/\/hotta.eu\/lv\/wp-json\/wp\/v2\/product"}],"about":[{"href":"https:\/\/hotta.eu\/lv\/wp-json\/wp\/v2\/types\/product"}],"replies":[{"embeddable":true,"href":"https:\/\/hotta.eu\/lv\/wp-json\/wp\/v2\/comments?post=19403"}],"wp:featuredmedia":[{"embeddable":true,"href":"https:\/\/hotta.eu\/lv\/wp-json\/wp\/v2\/media\/15863"}],"wp:attachment":[{"href":"https:\/\/hotta.eu\/lv\/wp-json\/wp\/v2\/media?parent=19403"}],"wp:term":[{"taxonomy":"product_cat","embeddable":true,"href":"https:\/\/hotta.eu\/lv\/wp-json\/wp\/v2\/product_cat?post=19403"},{"taxonomy":"product_tag","embeddable":true,"href":"https:\/\/hotta.eu\/lv\/wp-json\/wp\/v2\/product_tag?post=19403"},{"taxonomy":"giftcard-category","embeddable":true,"href":"https:\/\/hotta.eu\/lv\/wp-json\/wp\/v2\/giftcard-category?post=19403"}],"curies":[{"name":"wp","href":"https:\/\/api.w.org\/{rel}","templated":true}]}}