{"id":19409,"date":"2020-02-02T21:41:02","date_gmt":"2020-02-02T19:41:02","guid":{"rendered":"https:\/\/hotta.eu\/shop\/truff-karstaka-merce\/"},"modified":"2024-12-27T12:42:29","modified_gmt":"2024-12-27T10:42:29","slug":"truff-hotter-sauce","status":"publish","type":"product","link":"https:\/\/hotta.eu\/lv\/shop\/truff-hotter-sauce\/","title":{"rendered":"TRUFF Hotter Sauce"},"content":{"rendered":"<p><strong>Sast\u0101vs<br \/>\n<\/strong>TRUFF\u00ae Hotter Chilli Blend (sarkanie \u010dilli, eti\u0137sk\u0101be, organiskais cukurs, \u0137iploki, s\u0101ls, meln\u0101s trifeles, melno trife\u013cu pulvera koncentr\u0101ts), jalapeno, organiskais agaves nekt\u0101rs, ar melno trife\u013cu esenci pild\u012bta ol\u012bve\u013c\u013ca, \u016bdens, sarkano habanero pulveris, citronsk\u0101be, organiskais koriandrs, likop\u0113ns un glicer\u012bns, gar\u0161vielu \u0137imenes, ksant\u0101na sve\u0137i.<\/p>\n<p><strong>Uzturv\u0113rt\u012bbas inform\u0101cija (100 g)<br \/>\n<\/strong> Ener\u0123ija 677 kJ \/ 161 kcal, tauki 18,2 g, no tiem pies\u0101tin\u0101t\u0101s tauksk\u0101bes 2,6 g, og\u013chidr\u0101ti 22,8 g, no tiem cukuri 16,1 g, olbaltumvielas 1 g, s\u0101ls 2,07 g.<\/p>\n<p><strong>Der\u012bgums un glab\u0101\u0161ana<\/strong><br \/>\nDer\u012bguma termi\u0146\u0161 uz pudel\u012btes attiecas uz neatv\u0113rtiem produktiem. Atv\u0113rtu produktu j\u0101uzglab\u0101 ledusskap\u012b.<\/p>\n","protected":false},"excerpt":{"rendered":"<p>Ekskluz\u012bv\u0101s TRUFF m\u0113rces pikant\u0101k\u0101 versija ir pagatavota, izmantojot visaugst\u0101k\u0101s kvalit\u0101tes sarkanos \u010dili piparus un It\u0101lijas melno trife\u013cu e\u013c\u013cu. Saldumu pie\u0161\u0137ir Jalisco organisk\u0101 agaves vinaigrette. Vid\u0113ji asas m\u0113rces (~5000-7000 SHU) ar uzsvaru uz izcilu gar\u0161u. M\u0113rce ir veg\u0101niska un nesatur lipekli. Apskatiet ar\u012b <a href=\"https:\/\/truffhotsauce.com\/blogs\/truff-kitchen\/tagged\/recipe\" target=\"_blank\" rel=\"noopener noreferrer\">TRUFF receptes<\/a>. \u0160is ir produkts (RED).<\/p>\n<div class=\"responsive-video\"><iframe src=\"https:\/\/www.youtube.com\/embed\/kISKJZlQlS0\" width=\"480\" height=\"270\" frameborder=\"0\" allowfullscreen=\"allowfullscreen\"><\/iframe><\/div>\n<p><img decoding=\"async\" src=\"https:\/\/cdn.shopify.com\/s\/files\/1\/2182\/2603\/files\/truff-logomark_300x90@2x.png?v=1509127244\" \/><br \/>\n[ywcwtl_form product_id=\"\"]<\/p>\n","protected":false},"featured_media":15891,"comment_status":"open","ping_status":"closed","template":"","meta":[],"product_cat":[916,922],"product_tag":[],"giftcard-category":[],"class_list":{"0":"post-19409","1":"product","2":"type-product","3":"status-publish","4":"has-post-thumbnail","6":"product_cat-merces","7":"product_cat-videjs","8":"pa_brand-truff","10":"first","11":"outofstock","12":"taxable","13":"shipping-taxable","14":"purchasable","15":"product-type-simple"},"yoast_head":"<!-- This site is optimized with the Yoast SEO plugin v27.4 - https:\/\/yoast.com\/product\/yoast-seo-wordpress\/ -->\n<title>TRUFF Hotter Sauce - Hotta<\/title>\n<meta name=\"description\" content=\"Ekskluz\u012bv\u0101s TRUFF m\u0113rces pikant\u0101k\u0101 versija ir pagatavota, izmantojot visaugst\u0101k\u0101s kvalit\u0101tes sarkanos \u010dili piparus un It\u0101lijas melno trife\u013cu e\u013c\u013cu. Saldumu pie\u0161\u0137ir Jalisco organisk\u0101 agaves vinaigrette.\" \/>\n<meta name=\"robots\" content=\"index, follow, max-snippet:-1, max-image-preview:large, max-video-preview:-1\" \/>\n<link rel=\"canonical\" href=\"https:\/\/hotta.eu\/lv\/shop\/truff-hotter-sauce\/\" \/>\n<meta property=\"og:locale\" content=\"lv_LV\" \/>\n<meta property=\"og:type\" content=\"article\" \/>\n<meta property=\"og:title\" content=\"TRUFF Hotter Sauce - Hotta\" \/>\n<meta property=\"og:description\" content=\"Ekskluz\u012bv\u0101s TRUFF m\u0113rces pikant\u0101k\u0101 versija ir pagatavota, izmantojot visaugst\u0101k\u0101s kvalit\u0101tes sarkanos \u010dili piparus un It\u0101lijas melno trife\u013cu e\u013c\u013cu. Saldumu pie\u0161\u0137ir Jalisco organisk\u0101 agaves vinaigrette.\" \/>\n<meta property=\"og:url\" content=\"https:\/\/hotta.eu\/lv\/shop\/truff-hotter-sauce\/\" \/>\n<meta property=\"og:site_name\" content=\"Hotta\" \/>\n<meta property=\"article:publisher\" content=\"https:\/\/www.facebook.com\/hotta.eu\" \/>\n<meta property=\"article:modified_time\" content=\"2024-12-27T10:42:29+00:00\" \/>\n<meta property=\"og:image\" content=\"https:\/\/hotta.eu\/wp-content\/uploads\/2024\/03\/IMG_6539.jpg\" \/>\n\t<meta property=\"og:image:width\" content=\"2000\" \/>\n\t<meta property=\"og:image:height\" content=\"1999\" \/>\n\t<meta property=\"og:image:type\" content=\"image\/jpeg\" \/>\n<meta name=\"twitter:card\" content=\"summary_large_image\" \/>\n<meta name=\"twitter:site\" content=\"@hottashop\" \/>\n<meta name=\"twitter:label1\" content=\"Est. reading time\" \/>\n\t<meta name=\"twitter:data1\" content=\"1 minute\" \/>\n<script type=\"application\/ld+json\" class=\"yoast-schema-graph\">{\"@context\":\"https:\\\/\\\/schema.org\",\"@graph\":[{\"@type\":\"WebPage\",\"@id\":\"https:\\\/\\\/hotta.eu\\\/lv\\\/shop\\\/truff-hotter-sauce\\\/\",\"url\":\"https:\\\/\\\/hotta.eu\\\/lv\\\/shop\\\/truff-hotter-sauce\\\/\",\"name\":\"TRUFF Hotter Sauce - Hotta\",\"isPartOf\":{\"@id\":\"https:\\\/\\\/hotta.eu\\\/lv\\\/#website\"},\"primaryImageOfPage\":{\"@id\":\"https:\\\/\\\/hotta.eu\\\/lv\\\/shop\\\/truff-hotter-sauce\\\/#primaryimage\"},\"image\":{\"@id\":\"https:\\\/\\\/hotta.eu\\\/lv\\\/shop\\\/truff-hotter-sauce\\\/#primaryimage\"},\"thumbnailUrl\":\"https:\\\/\\\/hotta.eu\\\/wp-content\\\/uploads\\\/2024\\\/03\\\/IMG_6539.jpg\",\"datePublished\":\"2020-02-02T19:41:02+00:00\",\"dateModified\":\"2024-12-27T10:42:29+00:00\",\"description\":\"Ekskluz\u012bv\u0101s TRUFF m\u0113rces pikant\u0101k\u0101 versija ir pagatavota, izmantojot visaugst\u0101k\u0101s kvalit\u0101tes sarkanos \u010dili piparus un It\u0101lijas melno trife\u013cu e\u013c\u013cu. Saldumu pie\u0161\u0137ir Jalisco organisk\u0101 agaves vinaigrette.\",\"breadcrumb\":{\"@id\":\"https:\\\/\\\/hotta.eu\\\/lv\\\/shop\\\/truff-hotter-sauce\\\/#breadcrumb\"},\"inLanguage\":\"lv-LV\",\"potentialAction\":[{\"@type\":\"ReadAction\",\"target\":[\"https:\\\/\\\/hotta.eu\\\/lv\\\/shop\\\/truff-hotter-sauce\\\/\"]}]},{\"@type\":\"ImageObject\",\"inLanguage\":\"lv-LV\",\"@id\":\"https:\\\/\\\/hotta.eu\\\/lv\\\/shop\\\/truff-hotter-sauce\\\/#primaryimage\",\"url\":\"https:\\\/\\\/hotta.eu\\\/wp-content\\\/uploads\\\/2024\\\/03\\\/IMG_6539.jpg\",\"contentUrl\":\"https:\\\/\\\/hotta.eu\\\/wp-content\\\/uploads\\\/2024\\\/03\\\/IMG_6539.jpg\",\"width\":2000,\"height\":1999},{\"@type\":\"BreadcrumbList\",\"@id\":\"https:\\\/\\\/hotta.eu\\\/lv\\\/shop\\\/truff-hotter-sauce\\\/#breadcrumb\",\"itemListElement\":[{\"@type\":\"ListItem\",\"position\":1,\"name\":\"S\u0101kums\",\"item\":\"https:\\\/\\\/hotta.eu\\\/lv\\\/sakumlapa\\\/\"},{\"@type\":\"ListItem\",\"position\":2,\"name\":\"Veikals\",\"item\":\"https:\\\/\\\/hotta.eu\\\/lv\\\/shop\\\/\"},{\"@type\":\"ListItem\",\"position\":3,\"name\":\"TRUFF Hotter Sauce\"}]},{\"@type\":\"WebSite\",\"@id\":\"https:\\\/\\\/hotta.eu\\\/lv\\\/#website\",\"url\":\"https:\\\/\\\/hotta.eu\\\/lv\\\/\",\"name\":\"Hotta\",\"description\":\"Makes your mouth burn a lotta!\",\"publisher\":{\"@id\":\"https:\\\/\\\/hotta.eu\\\/lv\\\/#organization\"},\"potentialAction\":[{\"@type\":\"SearchAction\",\"target\":{\"@type\":\"EntryPoint\",\"urlTemplate\":\"https:\\\/\\\/hotta.eu\\\/lv\\\/?s={search_term_string}\"},\"query-input\":{\"@type\":\"PropertyValueSpecification\",\"valueRequired\":true,\"valueName\":\"search_term_string\"}}],\"inLanguage\":\"lv-LV\"},{\"@type\":\"Organization\",\"@id\":\"https:\\\/\\\/hotta.eu\\\/lv\\\/#organization\",\"name\":\"Hotta\",\"url\":\"https:\\\/\\\/hotta.eu\\\/lv\\\/\",\"logo\":{\"@type\":\"ImageObject\",\"inLanguage\":\"lv-LV\",\"@id\":\"https:\\\/\\\/hotta.eu\\\/lv\\\/#\\\/schema\\\/logo\\\/image\\\/\",\"url\":\"https:\\\/\\\/hotta.eu\\\/wp-content\\\/uploads\\\/2025\\\/04\\\/hotta-logo-invoice.png\",\"contentUrl\":\"https:\\\/\\\/hotta.eu\\\/wp-content\\\/uploads\\\/2025\\\/04\\\/hotta-logo-invoice.png\",\"width\":600,\"height\":411,\"caption\":\"Hotta\"},\"image\":{\"@id\":\"https:\\\/\\\/hotta.eu\\\/lv\\\/#\\\/schema\\\/logo\\\/image\\\/\"},\"sameAs\":[\"https:\\\/\\\/www.facebook.com\\\/hotta.eu\",\"https:\\\/\\\/x.com\\\/hottashop\",\"https:\\\/\\\/www.instagram.com\\\/hotta.shop\"]}]}<\/script>\n<!-- \/ Yoast SEO plugin. -->","yoast_head_json":{"title":"TRUFF Hotter Sauce - Hotta","description":"Ekskluz\u012bv\u0101s TRUFF m\u0113rces pikant\u0101k\u0101 versija ir pagatavota, izmantojot visaugst\u0101k\u0101s kvalit\u0101tes sarkanos \u010dili piparus un It\u0101lijas melno trife\u013cu e\u013c\u013cu. Saldumu pie\u0161\u0137ir Jalisco organisk\u0101 agaves vinaigrette.","robots":{"index":"index","follow":"follow","max-snippet":"max-snippet:-1","max-image-preview":"max-image-preview:large","max-video-preview":"max-video-preview:-1"},"canonical":"https:\/\/hotta.eu\/lv\/shop\/truff-hotter-sauce\/","og_locale":"lv_LV","og_type":"article","og_title":"TRUFF Hotter Sauce - Hotta","og_description":"Ekskluz\u012bv\u0101s TRUFF m\u0113rces pikant\u0101k\u0101 versija ir pagatavota, izmantojot visaugst\u0101k\u0101s kvalit\u0101tes sarkanos \u010dili piparus un It\u0101lijas melno trife\u013cu e\u013c\u013cu. Saldumu pie\u0161\u0137ir Jalisco organisk\u0101 agaves vinaigrette.","og_url":"https:\/\/hotta.eu\/lv\/shop\/truff-hotter-sauce\/","og_site_name":"Hotta","article_publisher":"https:\/\/www.facebook.com\/hotta.eu","article_modified_time":"2024-12-27T10:42:29+00:00","og_image":[{"width":2000,"height":1999,"url":"https:\/\/hotta.eu\/wp-content\/uploads\/2024\/03\/IMG_6539.jpg","type":"image\/jpeg"}],"twitter_card":"summary_large_image","twitter_site":"@hottashop","twitter_misc":{"Est. reading time":"1 minute"},"schema":{"@context":"https:\/\/schema.org","@graph":[{"@type":"WebPage","@id":"https:\/\/hotta.eu\/lv\/shop\/truff-hotter-sauce\/","url":"https:\/\/hotta.eu\/lv\/shop\/truff-hotter-sauce\/","name":"TRUFF Hotter Sauce - Hotta","isPartOf":{"@id":"https:\/\/hotta.eu\/lv\/#website"},"primaryImageOfPage":{"@id":"https:\/\/hotta.eu\/lv\/shop\/truff-hotter-sauce\/#primaryimage"},"image":{"@id":"https:\/\/hotta.eu\/lv\/shop\/truff-hotter-sauce\/#primaryimage"},"thumbnailUrl":"https:\/\/hotta.eu\/wp-content\/uploads\/2024\/03\/IMG_6539.jpg","datePublished":"2020-02-02T19:41:02+00:00","dateModified":"2024-12-27T10:42:29+00:00","description":"Ekskluz\u012bv\u0101s TRUFF m\u0113rces pikant\u0101k\u0101 versija ir pagatavota, izmantojot visaugst\u0101k\u0101s kvalit\u0101tes sarkanos \u010dili piparus un It\u0101lijas melno trife\u013cu e\u013c\u013cu. Saldumu pie\u0161\u0137ir Jalisco organisk\u0101 agaves vinaigrette.","breadcrumb":{"@id":"https:\/\/hotta.eu\/lv\/shop\/truff-hotter-sauce\/#breadcrumb"},"inLanguage":"lv-LV","potentialAction":[{"@type":"ReadAction","target":["https:\/\/hotta.eu\/lv\/shop\/truff-hotter-sauce\/"]}]},{"@type":"ImageObject","inLanguage":"lv-LV","@id":"https:\/\/hotta.eu\/lv\/shop\/truff-hotter-sauce\/#primaryimage","url":"https:\/\/hotta.eu\/wp-content\/uploads\/2024\/03\/IMG_6539.jpg","contentUrl":"https:\/\/hotta.eu\/wp-content\/uploads\/2024\/03\/IMG_6539.jpg","width":2000,"height":1999},{"@type":"BreadcrumbList","@id":"https:\/\/hotta.eu\/lv\/shop\/truff-hotter-sauce\/#breadcrumb","itemListElement":[{"@type":"ListItem","position":1,"name":"S\u0101kums","item":"https:\/\/hotta.eu\/lv\/sakumlapa\/"},{"@type":"ListItem","position":2,"name":"Veikals","item":"https:\/\/hotta.eu\/lv\/shop\/"},{"@type":"ListItem","position":3,"name":"TRUFF Hotter Sauce"}]},{"@type":"WebSite","@id":"https:\/\/hotta.eu\/lv\/#website","url":"https:\/\/hotta.eu\/lv\/","name":"Hotta","description":"Makes your mouth burn a lotta!","publisher":{"@id":"https:\/\/hotta.eu\/lv\/#organization"},"potentialAction":[{"@type":"SearchAction","target":{"@type":"EntryPoint","urlTemplate":"https:\/\/hotta.eu\/lv\/?s={search_term_string}"},"query-input":{"@type":"PropertyValueSpecification","valueRequired":true,"valueName":"search_term_string"}}],"inLanguage":"lv-LV"},{"@type":"Organization","@id":"https:\/\/hotta.eu\/lv\/#organization","name":"Hotta","url":"https:\/\/hotta.eu\/lv\/","logo":{"@type":"ImageObject","inLanguage":"lv-LV","@id":"https:\/\/hotta.eu\/lv\/#\/schema\/logo\/image\/","url":"https:\/\/hotta.eu\/wp-content\/uploads\/2025\/04\/hotta-logo-invoice.png","contentUrl":"https:\/\/hotta.eu\/wp-content\/uploads\/2025\/04\/hotta-logo-invoice.png","width":600,"height":411,"caption":"Hotta"},"image":{"@id":"https:\/\/hotta.eu\/lv\/#\/schema\/logo\/image\/"},"sameAs":["https:\/\/www.facebook.com\/hotta.eu","https:\/\/x.com\/hottashop","https:\/\/www.instagram.com\/hotta.shop"]}]}},"jetpack_sharing_enabled":true,"_links":{"self":[{"href":"https:\/\/hotta.eu\/lv\/wp-json\/wp\/v2\/product\/19409","targetHints":{"allow":["GET"]}}],"collection":[{"href":"https:\/\/hotta.eu\/lv\/wp-json\/wp\/v2\/product"}],"about":[{"href":"https:\/\/hotta.eu\/lv\/wp-json\/wp\/v2\/types\/product"}],"replies":[{"embeddable":true,"href":"https:\/\/hotta.eu\/lv\/wp-json\/wp\/v2\/comments?post=19409"}],"wp:featuredmedia":[{"embeddable":true,"href":"https:\/\/hotta.eu\/lv\/wp-json\/wp\/v2\/media\/15891"}],"wp:attachment":[{"href":"https:\/\/hotta.eu\/lv\/wp-json\/wp\/v2\/media?parent=19409"}],"wp:term":[{"taxonomy":"product_cat","embeddable":true,"href":"https:\/\/hotta.eu\/lv\/wp-json\/wp\/v2\/product_cat?post=19409"},{"taxonomy":"product_tag","embeddable":true,"href":"https:\/\/hotta.eu\/lv\/wp-json\/wp\/v2\/product_tag?post=19409"},{"taxonomy":"giftcard-category","embeddable":true,"href":"https:\/\/hotta.eu\/lv\/wp-json\/wp\/v2\/giftcard-category?post=19409"}],"curies":[{"name":"wp","href":"https:\/\/api.w.org\/{rel}","templated":true}]}}