{"id":19413,"date":"2020-03-08T21:37:27","date_gmt":"2020-03-08T19:37:27","guid":{"rendered":"https:\/\/hotta.eu\/shop\/dzeikila-vai-sleptuve-asa-cilli-merce\/"},"modified":"2024-12-27T12:42:28","modified_gmt":"2024-12-27T10:42:28","slug":"jekyll-or-hide-hot-chilli-sauce","status":"publish","type":"product","link":"https:\/\/hotta.eu\/lv\/shop\/jekyll-or-hide-hot-chilli-sauce\/","title":{"rendered":"Jekyll or Hide Hot Chilli Sauce"},"content":{"rendered":"<p><strong>Sast\u0101vda\u013cas<\/strong><br \/>\nSarkanie pipari, s\u0101lssk\u0101be, \u016bdens, \u010diplo \u010dilli (5%), sarkanie s\u012bpoli, \u0137iploki, j\u016bras s\u0101ls, e\u013c\u013ca.<\/p>\n<p><strong>Uzturv\u0113rt\u012bbas inform\u0101cija (100 g)<br \/>\n<\/strong>Ener\u0123ija 189 kJ \/ 46 kcal, tauki 0,9 g, no tiem pies\u0101tin\u0101t\u0101s tauksk\u0101bes 0,1 g, og\u013chidr\u0101ti 5,8 g, no tiem cukuri 3,2 g, olbaltumvielas 1,1 g, s\u0101ls 0,6 g.<\/p>\n<p><strong>Der\u012bgums un glab\u0101\u0161ana<\/strong><br \/>\nDer\u012bguma termi\u0146\u0161 uz pudel\u012btes attiecas uz neatv\u0113rtiem produktiem. Atv\u0113rtu produktu j\u0101uzglab\u0101 ledusskap\u012b.<\/p>\n","protected":false},"excerpt":{"rendered":"<p>D\u017eeikila jeb Hide m\u0113rce, kas pieder Grim Reaper m\u0113r\u010du saimei, s\u0101kotn\u0113ji tika izgudrota bekona sviestmaiz\u0113m un c\u016bkga\u013cai, ta\u010du daudzi to ir iecien\u012bju\u0161i ar\u012b citu ga\u013cas \u0113dienu pagatavo\u0161anai. Sp\u0113c\u012bga gar\u0161a m\u0113rce, kas ir ieguvusi divas zelta zvaigznes &#8220;The Great Taste Awards&#8221; konkurs\u0101.<br \/>\n[ywcwtl_form product_id=\"\"]<\/p>\n","protected":false},"featured_media":15375,"comment_status":"open","ping_status":"closed","template":"","meta":[],"product_cat":[916,922],"product_tag":[],"giftcard-category":[],"class_list":{"0":"post-19413","1":"product","2":"type-product","3":"status-publish","4":"has-post-thumbnail","6":"product_cat-merces","7":"product_cat-videjs","8":"pa_brand-grim-reaper-foods","10":"first","11":"outofstock","12":"taxable","13":"shipping-taxable","14":"purchasable","15":"product-type-simple"},"yoast_head":"<!-- This site is optimized with the Yoast SEO plugin v27.4 - https:\/\/yoast.com\/product\/yoast-seo-wordpress\/ -->\n<title>Jekyll or Hide Hot Chilli Sauce - Hotta<\/title>\n<meta name=\"description\" content=\"D\u017eeikila jeb Hide m\u0113rce, kas pieder Grim Reaper m\u0113r\u010du saimei, s\u0101kotn\u0113ji tika izgudrota bekona sviestmaiz\u0113m un c\u016bkga\u013cai, ta\u010du daudzi to ir iecien\u012bju\u0161i ar\u012b citu ga\u013cas \u0113dienu pagatavo\u0161anai. Sp\u0113c\u012bga gar\u0161a m\u0113rce, kas ir ieguvusi divas zelta zvaigznes &quot;The Great Taste Awards&quot; konkurs\u0101.\" \/>\n<meta name=\"robots\" content=\"index, follow, max-snippet:-1, max-image-preview:large, max-video-preview:-1\" \/>\n<link rel=\"canonical\" href=\"https:\/\/hotta.eu\/lv\/shop\/jekyll-or-hide-hot-chilli-sauce\/\" \/>\n<meta property=\"og:locale\" content=\"lv_LV\" \/>\n<meta property=\"og:type\" content=\"article\" \/>\n<meta property=\"og:title\" content=\"Jekyll or Hide Hot Chilli Sauce - Hotta\" \/>\n<meta property=\"og:description\" content=\"D\u017eeikila jeb Hide m\u0113rce, kas pieder Grim Reaper m\u0113r\u010du saimei, s\u0101kotn\u0113ji tika izgudrota bekona sviestmaiz\u0113m un c\u016bkga\u013cai, ta\u010du daudzi to ir iecien\u012bju\u0161i ar\u012b citu ga\u013cas \u0113dienu pagatavo\u0161anai. Sp\u0113c\u012bga gar\u0161a m\u0113rce, kas ir ieguvusi divas zelta zvaigznes &quot;The Great Taste Awards&quot; konkurs\u0101.\" \/>\n<meta property=\"og:url\" content=\"https:\/\/hotta.eu\/lv\/shop\/jekyll-or-hide-hot-chilli-sauce\/\" \/>\n<meta property=\"og:site_name\" content=\"Hotta\" \/>\n<meta property=\"article:publisher\" content=\"https:\/\/www.facebook.com\/hotta.eu\" \/>\n<meta property=\"article:modified_time\" content=\"2024-12-27T10:42:28+00:00\" \/>\n<meta property=\"og:image\" content=\"https:\/\/hotta.eu\/wp-content\/uploads\/2024\/03\/IMG_3387.jpg\" \/>\n\t<meta property=\"og:image:width\" content=\"1977\" \/>\n\t<meta property=\"og:image:height\" content=\"1977\" \/>\n\t<meta property=\"og:image:type\" content=\"image\/jpeg\" \/>\n<meta name=\"twitter:card\" content=\"summary_large_image\" \/>\n<meta name=\"twitter:site\" content=\"@hottashop\" \/>\n<meta name=\"twitter:label1\" content=\"Est. reading time\" \/>\n\t<meta name=\"twitter:data1\" content=\"1 minute\" \/>\n<script type=\"application\/ld+json\" class=\"yoast-schema-graph\">{\"@context\":\"https:\\\/\\\/schema.org\",\"@graph\":[{\"@type\":\"WebPage\",\"@id\":\"https:\\\/\\\/hotta.eu\\\/lv\\\/shop\\\/jekyll-or-hide-hot-chilli-sauce\\\/\",\"url\":\"https:\\\/\\\/hotta.eu\\\/lv\\\/shop\\\/jekyll-or-hide-hot-chilli-sauce\\\/\",\"name\":\"Jekyll or Hide Hot Chilli Sauce - Hotta\",\"isPartOf\":{\"@id\":\"https:\\\/\\\/hotta.eu\\\/lv\\\/#website\"},\"primaryImageOfPage\":{\"@id\":\"https:\\\/\\\/hotta.eu\\\/lv\\\/shop\\\/jekyll-or-hide-hot-chilli-sauce\\\/#primaryimage\"},\"image\":{\"@id\":\"https:\\\/\\\/hotta.eu\\\/lv\\\/shop\\\/jekyll-or-hide-hot-chilli-sauce\\\/#primaryimage\"},\"thumbnailUrl\":\"https:\\\/\\\/hotta.eu\\\/wp-content\\\/uploads\\\/2024\\\/03\\\/IMG_3387.jpg\",\"datePublished\":\"2020-03-08T19:37:27+00:00\",\"dateModified\":\"2024-12-27T10:42:28+00:00\",\"description\":\"D\u017eeikila jeb Hide m\u0113rce, kas pieder Grim Reaper m\u0113r\u010du saimei, s\u0101kotn\u0113ji tika izgudrota bekona sviestmaiz\u0113m un c\u016bkga\u013cai, ta\u010du daudzi to ir iecien\u012bju\u0161i ar\u012b citu ga\u013cas \u0113dienu pagatavo\u0161anai. Sp\u0113c\u012bga gar\u0161a m\u0113rce, kas ir ieguvusi divas zelta zvaigznes \\\"The Great Taste Awards\\\" konkurs\u0101.\",\"breadcrumb\":{\"@id\":\"https:\\\/\\\/hotta.eu\\\/lv\\\/shop\\\/jekyll-or-hide-hot-chilli-sauce\\\/#breadcrumb\"},\"inLanguage\":\"lv-LV\",\"potentialAction\":[{\"@type\":\"ReadAction\",\"target\":[\"https:\\\/\\\/hotta.eu\\\/lv\\\/shop\\\/jekyll-or-hide-hot-chilli-sauce\\\/\"]}]},{\"@type\":\"ImageObject\",\"inLanguage\":\"lv-LV\",\"@id\":\"https:\\\/\\\/hotta.eu\\\/lv\\\/shop\\\/jekyll-or-hide-hot-chilli-sauce\\\/#primaryimage\",\"url\":\"https:\\\/\\\/hotta.eu\\\/wp-content\\\/uploads\\\/2024\\\/03\\\/IMG_3387.jpg\",\"contentUrl\":\"https:\\\/\\\/hotta.eu\\\/wp-content\\\/uploads\\\/2024\\\/03\\\/IMG_3387.jpg\",\"width\":1977,\"height\":1977},{\"@type\":\"BreadcrumbList\",\"@id\":\"https:\\\/\\\/hotta.eu\\\/lv\\\/shop\\\/jekyll-or-hide-hot-chilli-sauce\\\/#breadcrumb\",\"itemListElement\":[{\"@type\":\"ListItem\",\"position\":1,\"name\":\"S\u0101kums\",\"item\":\"https:\\\/\\\/hotta.eu\\\/lv\\\/sakumlapa\\\/\"},{\"@type\":\"ListItem\",\"position\":2,\"name\":\"Veikals\",\"item\":\"https:\\\/\\\/hotta.eu\\\/lv\\\/shop\\\/\"},{\"@type\":\"ListItem\",\"position\":3,\"name\":\"Jekyll or Hide Hot Chilli Sauce\"}]},{\"@type\":\"WebSite\",\"@id\":\"https:\\\/\\\/hotta.eu\\\/lv\\\/#website\",\"url\":\"https:\\\/\\\/hotta.eu\\\/lv\\\/\",\"name\":\"Hotta\",\"description\":\"Makes your mouth burn a lotta!\",\"publisher\":{\"@id\":\"https:\\\/\\\/hotta.eu\\\/lv\\\/#organization\"},\"potentialAction\":[{\"@type\":\"SearchAction\",\"target\":{\"@type\":\"EntryPoint\",\"urlTemplate\":\"https:\\\/\\\/hotta.eu\\\/lv\\\/?s={search_term_string}\"},\"query-input\":{\"@type\":\"PropertyValueSpecification\",\"valueRequired\":true,\"valueName\":\"search_term_string\"}}],\"inLanguage\":\"lv-LV\"},{\"@type\":\"Organization\",\"@id\":\"https:\\\/\\\/hotta.eu\\\/lv\\\/#organization\",\"name\":\"Hotta\",\"url\":\"https:\\\/\\\/hotta.eu\\\/lv\\\/\",\"logo\":{\"@type\":\"ImageObject\",\"inLanguage\":\"lv-LV\",\"@id\":\"https:\\\/\\\/hotta.eu\\\/lv\\\/#\\\/schema\\\/logo\\\/image\\\/\",\"url\":\"https:\\\/\\\/hotta.eu\\\/wp-content\\\/uploads\\\/2025\\\/04\\\/hotta-logo-invoice.png\",\"contentUrl\":\"https:\\\/\\\/hotta.eu\\\/wp-content\\\/uploads\\\/2025\\\/04\\\/hotta-logo-invoice.png\",\"width\":600,\"height\":411,\"caption\":\"Hotta\"},\"image\":{\"@id\":\"https:\\\/\\\/hotta.eu\\\/lv\\\/#\\\/schema\\\/logo\\\/image\\\/\"},\"sameAs\":[\"https:\\\/\\\/www.facebook.com\\\/hotta.eu\",\"https:\\\/\\\/x.com\\\/hottashop\",\"https:\\\/\\\/www.instagram.com\\\/hotta.shop\"]}]}<\/script>\n<!-- \/ Yoast SEO plugin. -->","yoast_head_json":{"title":"Jekyll or Hide Hot Chilli Sauce - Hotta","description":"D\u017eeikila jeb Hide m\u0113rce, kas pieder Grim Reaper m\u0113r\u010du saimei, s\u0101kotn\u0113ji tika izgudrota bekona sviestmaiz\u0113m un c\u016bkga\u013cai, ta\u010du daudzi to ir iecien\u012bju\u0161i ar\u012b citu ga\u013cas \u0113dienu pagatavo\u0161anai. Sp\u0113c\u012bga gar\u0161a m\u0113rce, kas ir ieguvusi divas zelta zvaigznes \"The Great Taste Awards\" konkurs\u0101.","robots":{"index":"index","follow":"follow","max-snippet":"max-snippet:-1","max-image-preview":"max-image-preview:large","max-video-preview":"max-video-preview:-1"},"canonical":"https:\/\/hotta.eu\/lv\/shop\/jekyll-or-hide-hot-chilli-sauce\/","og_locale":"lv_LV","og_type":"article","og_title":"Jekyll or Hide Hot Chilli Sauce - Hotta","og_description":"D\u017eeikila jeb Hide m\u0113rce, kas pieder Grim Reaper m\u0113r\u010du saimei, s\u0101kotn\u0113ji tika izgudrota bekona sviestmaiz\u0113m un c\u016bkga\u013cai, ta\u010du daudzi to ir iecien\u012bju\u0161i ar\u012b citu ga\u013cas \u0113dienu pagatavo\u0161anai. Sp\u0113c\u012bga gar\u0161a m\u0113rce, kas ir ieguvusi divas zelta zvaigznes \"The Great Taste Awards\" konkurs\u0101.","og_url":"https:\/\/hotta.eu\/lv\/shop\/jekyll-or-hide-hot-chilli-sauce\/","og_site_name":"Hotta","article_publisher":"https:\/\/www.facebook.com\/hotta.eu","article_modified_time":"2024-12-27T10:42:28+00:00","og_image":[{"width":1977,"height":1977,"url":"https:\/\/hotta.eu\/wp-content\/uploads\/2024\/03\/IMG_3387.jpg","type":"image\/jpeg"}],"twitter_card":"summary_large_image","twitter_site":"@hottashop","twitter_misc":{"Est. reading time":"1 minute"},"schema":{"@context":"https:\/\/schema.org","@graph":[{"@type":"WebPage","@id":"https:\/\/hotta.eu\/lv\/shop\/jekyll-or-hide-hot-chilli-sauce\/","url":"https:\/\/hotta.eu\/lv\/shop\/jekyll-or-hide-hot-chilli-sauce\/","name":"Jekyll or Hide Hot Chilli Sauce - Hotta","isPartOf":{"@id":"https:\/\/hotta.eu\/lv\/#website"},"primaryImageOfPage":{"@id":"https:\/\/hotta.eu\/lv\/shop\/jekyll-or-hide-hot-chilli-sauce\/#primaryimage"},"image":{"@id":"https:\/\/hotta.eu\/lv\/shop\/jekyll-or-hide-hot-chilli-sauce\/#primaryimage"},"thumbnailUrl":"https:\/\/hotta.eu\/wp-content\/uploads\/2024\/03\/IMG_3387.jpg","datePublished":"2020-03-08T19:37:27+00:00","dateModified":"2024-12-27T10:42:28+00:00","description":"D\u017eeikila jeb Hide m\u0113rce, kas pieder Grim Reaper m\u0113r\u010du saimei, s\u0101kotn\u0113ji tika izgudrota bekona sviestmaiz\u0113m un c\u016bkga\u013cai, ta\u010du daudzi to ir iecien\u012bju\u0161i ar\u012b citu ga\u013cas \u0113dienu pagatavo\u0161anai. Sp\u0113c\u012bga gar\u0161a m\u0113rce, kas ir ieguvusi divas zelta zvaigznes \"The Great Taste Awards\" konkurs\u0101.","breadcrumb":{"@id":"https:\/\/hotta.eu\/lv\/shop\/jekyll-or-hide-hot-chilli-sauce\/#breadcrumb"},"inLanguage":"lv-LV","potentialAction":[{"@type":"ReadAction","target":["https:\/\/hotta.eu\/lv\/shop\/jekyll-or-hide-hot-chilli-sauce\/"]}]},{"@type":"ImageObject","inLanguage":"lv-LV","@id":"https:\/\/hotta.eu\/lv\/shop\/jekyll-or-hide-hot-chilli-sauce\/#primaryimage","url":"https:\/\/hotta.eu\/wp-content\/uploads\/2024\/03\/IMG_3387.jpg","contentUrl":"https:\/\/hotta.eu\/wp-content\/uploads\/2024\/03\/IMG_3387.jpg","width":1977,"height":1977},{"@type":"BreadcrumbList","@id":"https:\/\/hotta.eu\/lv\/shop\/jekyll-or-hide-hot-chilli-sauce\/#breadcrumb","itemListElement":[{"@type":"ListItem","position":1,"name":"S\u0101kums","item":"https:\/\/hotta.eu\/lv\/sakumlapa\/"},{"@type":"ListItem","position":2,"name":"Veikals","item":"https:\/\/hotta.eu\/lv\/shop\/"},{"@type":"ListItem","position":3,"name":"Jekyll or Hide Hot Chilli Sauce"}]},{"@type":"WebSite","@id":"https:\/\/hotta.eu\/lv\/#website","url":"https:\/\/hotta.eu\/lv\/","name":"Hotta","description":"Makes your mouth burn a lotta!","publisher":{"@id":"https:\/\/hotta.eu\/lv\/#organization"},"potentialAction":[{"@type":"SearchAction","target":{"@type":"EntryPoint","urlTemplate":"https:\/\/hotta.eu\/lv\/?s={search_term_string}"},"query-input":{"@type":"PropertyValueSpecification","valueRequired":true,"valueName":"search_term_string"}}],"inLanguage":"lv-LV"},{"@type":"Organization","@id":"https:\/\/hotta.eu\/lv\/#organization","name":"Hotta","url":"https:\/\/hotta.eu\/lv\/","logo":{"@type":"ImageObject","inLanguage":"lv-LV","@id":"https:\/\/hotta.eu\/lv\/#\/schema\/logo\/image\/","url":"https:\/\/hotta.eu\/wp-content\/uploads\/2025\/04\/hotta-logo-invoice.png","contentUrl":"https:\/\/hotta.eu\/wp-content\/uploads\/2025\/04\/hotta-logo-invoice.png","width":600,"height":411,"caption":"Hotta"},"image":{"@id":"https:\/\/hotta.eu\/lv\/#\/schema\/logo\/image\/"},"sameAs":["https:\/\/www.facebook.com\/hotta.eu","https:\/\/x.com\/hottashop","https:\/\/www.instagram.com\/hotta.shop"]}]}},"jetpack_sharing_enabled":true,"_links":{"self":[{"href":"https:\/\/hotta.eu\/lv\/wp-json\/wp\/v2\/product\/19413","targetHints":{"allow":["GET"]}}],"collection":[{"href":"https:\/\/hotta.eu\/lv\/wp-json\/wp\/v2\/product"}],"about":[{"href":"https:\/\/hotta.eu\/lv\/wp-json\/wp\/v2\/types\/product"}],"replies":[{"embeddable":true,"href":"https:\/\/hotta.eu\/lv\/wp-json\/wp\/v2\/comments?post=19413"}],"wp:featuredmedia":[{"embeddable":true,"href":"https:\/\/hotta.eu\/lv\/wp-json\/wp\/v2\/media\/15375"}],"wp:attachment":[{"href":"https:\/\/hotta.eu\/lv\/wp-json\/wp\/v2\/media?parent=19413"}],"wp:term":[{"taxonomy":"product_cat","embeddable":true,"href":"https:\/\/hotta.eu\/lv\/wp-json\/wp\/v2\/product_cat?post=19413"},{"taxonomy":"product_tag","embeddable":true,"href":"https:\/\/hotta.eu\/lv\/wp-json\/wp\/v2\/product_tag?post=19413"},{"taxonomy":"giftcard-category","embeddable":true,"href":"https:\/\/hotta.eu\/lv\/wp-json\/wp\/v2\/giftcard-category?post=19413"}],"curies":[{"name":"wp","href":"https:\/\/api.w.org\/{rel}","templated":true}]}}