{"id":19416,"date":"2020-02-02T21:17:35","date_gmt":"2020-02-02T19:17:35","guid":{"rendered":"https:\/\/hotta.eu\/shop\/truff-karsta-merce\/"},"modified":"2024-12-27T12:42:30","modified_gmt":"2024-12-27T10:42:30","slug":"truff-hot-sauce","status":"publish","type":"product","link":"https:\/\/hotta.eu\/lv\/shop\/truff-hot-sauce\/","title":{"rendered":"TRUFF Hot Sauce"},"content":{"rendered":"<p><strong>Sast\u0101vs<br \/>\n<\/strong>TRUFF\u00ae \u010dilli mais\u012bjums (sarkanie \u010dilli, eti\u0137sk\u0101be, organiskais cukurs, \u0137iploki, s\u0101ls, meln\u0101s trifeles), organiskais agaves nekt\u0101rs, ol\u012bve\u013c\u013ca ar melno trife\u013cu esenci, likop\u0113ns un glicer\u012bns, gar\u0161viela \u0137imenes, ksant\u0101na sve\u0137i.<\/p>\n<p><strong>Uzturv\u0113rt\u012bba (5 g)<br \/>\n<\/strong>Ener\u0123ija 41,84 kJ\/10 kcal, tauki 1 g, og\u013chidr\u0101ti 1 g, n\u0101trijs 40 mg.<\/p>\n<p><strong>Der\u012bgums un glab\u0101\u0161ana<\/strong><br \/>\nDer\u012bguma termi\u0146\u0161 uz pudel\u012btes attiecas uz neatv\u0113rtiem produktiem. Atv\u0113rtu produktu j\u0101uzglab\u0101 ledusskap\u012b.<\/p>\n","protected":false},"excerpt":{"rendered":"<p>Ekskluz\u012bv\u0101s TRUFF m\u0113rces tiek gatavotas, izmantojot augst\u0101k\u0101s kvalit\u0101tes sarkanos \u010dili piparus, kas sajaukti ar It\u0101lijas melno trife\u013cu e\u013c\u013cu. Saldumu pie\u0161\u0137ir Jalisco organisk\u0101 agaves vinaigrette. Vid\u0113ji pikanta m\u0113rce (~ 2500 SHU) ar uzsvaru uz lielisku gar\u0161u. M\u0113rce ir veg\u0101niska un nesatur lipekli. Apskatiet ar\u012b <a href=\"https:\/\/truffhotsauce.com\/blogs\/truff-kitchen\/tagged\/recipe\" target=\"_blank\" rel=\"noopener noreferrer\">TRUFF receptes<\/a>.<\/p>\n<div class=\"responsive-video\"><iframe src=\"https:\/\/www.youtube.com\/embed\/kISKJZlQlS0\" width=\"480\" height=\"270\" frameborder=\"0\" allowfullscreen=\"allowfullscreen\"><\/iframe><\/div>\n<p><img decoding=\"async\" src=\"https:\/\/cdn.shopify.com\/s\/files\/1\/2182\/2603\/files\/truff-logomark_300x90@2x.png?v=1509127244\" \/><br \/>\n[ywcwtl_form product_id=\"\"]<\/p>\n","protected":false},"featured_media":15887,"comment_status":"open","ping_status":"closed","template":"","meta":[],"product_cat":[916,922],"product_tag":[],"giftcard-category":[],"class_list":{"0":"post-19416","1":"product","2":"type-product","3":"status-publish","4":"has-post-thumbnail","6":"product_cat-merces","7":"product_cat-videjs","8":"pa_brand-truff","10":"first","11":"outofstock","12":"taxable","13":"shipping-taxable","14":"purchasable","15":"product-type-simple"},"yoast_head":"<!-- This site is optimized with the Yoast SEO plugin v27.3 - https:\/\/yoast.com\/product\/yoast-seo-wordpress\/ -->\n<title>TRUFF Hot Sauce - Hotta<\/title>\n<meta name=\"description\" content=\"Ekskluz\u012bv\u0101s TRUFF m\u0113rces tiek gatavotas, izmantojot augst\u0101k\u0101s kvalit\u0101tes sarkanos \u010dili piparus, kas sajaukti ar It\u0101lijas melno trife\u013cu e\u013c\u013cu. Saldumu pie\u0161\u0137ir Jalisco organisk\u0101 agaves vinaigrette.\" \/>\n<meta name=\"robots\" content=\"index, follow, max-snippet:-1, max-image-preview:large, max-video-preview:-1\" \/>\n<link rel=\"canonical\" href=\"https:\/\/hotta.eu\/lv\/shop\/truff-hot-sauce\/\" \/>\n<meta property=\"og:locale\" content=\"lv_LV\" \/>\n<meta property=\"og:type\" content=\"article\" \/>\n<meta property=\"og:title\" content=\"TRUFF Hot Sauce - Hotta\" \/>\n<meta property=\"og:description\" content=\"Ekskluz\u012bv\u0101s TRUFF m\u0113rces tiek gatavotas, izmantojot augst\u0101k\u0101s kvalit\u0101tes sarkanos \u010dili piparus, kas sajaukti ar It\u0101lijas melno trife\u013cu e\u013c\u013cu. Saldumu pie\u0161\u0137ir Jalisco organisk\u0101 agaves vinaigrette.\" \/>\n<meta property=\"og:url\" content=\"https:\/\/hotta.eu\/lv\/shop\/truff-hot-sauce\/\" \/>\n<meta property=\"og:site_name\" content=\"Hotta\" \/>\n<meta property=\"article:publisher\" content=\"https:\/\/www.facebook.com\/hotta.eu\" \/>\n<meta property=\"article:modified_time\" content=\"2024-12-27T10:42:30+00:00\" \/>\n<meta property=\"og:image\" content=\"https:\/\/hotta.eu\/wp-content\/uploads\/2024\/03\/IMG_6538-1.jpg\" \/>\n\t<meta property=\"og:image:width\" content=\"1865\" \/>\n\t<meta property=\"og:image:height\" content=\"1865\" \/>\n\t<meta property=\"og:image:type\" content=\"image\/jpeg\" \/>\n<meta name=\"twitter:card\" content=\"summary_large_image\" \/>\n<meta name=\"twitter:site\" content=\"@hottashop\" \/>\n<meta name=\"twitter:label1\" content=\"Est. reading time\" \/>\n\t<meta name=\"twitter:data1\" content=\"1 minute\" \/>\n<script type=\"application\/ld+json\" class=\"yoast-schema-graph\">{\"@context\":\"https:\\\/\\\/schema.org\",\"@graph\":[{\"@type\":\"WebPage\",\"@id\":\"https:\\\/\\\/hotta.eu\\\/lv\\\/shop\\\/truff-hot-sauce\\\/\",\"url\":\"https:\\\/\\\/hotta.eu\\\/lv\\\/shop\\\/truff-hot-sauce\\\/\",\"name\":\"TRUFF Hot Sauce - Hotta\",\"isPartOf\":{\"@id\":\"https:\\\/\\\/hotta.eu\\\/lv\\\/#website\"},\"primaryImageOfPage\":{\"@id\":\"https:\\\/\\\/hotta.eu\\\/lv\\\/shop\\\/truff-hot-sauce\\\/#primaryimage\"},\"image\":{\"@id\":\"https:\\\/\\\/hotta.eu\\\/lv\\\/shop\\\/truff-hot-sauce\\\/#primaryimage\"},\"thumbnailUrl\":\"https:\\\/\\\/hotta.eu\\\/wp-content\\\/uploads\\\/2024\\\/03\\\/IMG_6538-1.jpg\",\"datePublished\":\"2020-02-02T19:17:35+00:00\",\"dateModified\":\"2024-12-27T10:42:30+00:00\",\"description\":\"Ekskluz\u012bv\u0101s TRUFF m\u0113rces tiek gatavotas, izmantojot augst\u0101k\u0101s kvalit\u0101tes sarkanos \u010dili piparus, kas sajaukti ar It\u0101lijas melno trife\u013cu e\u013c\u013cu. Saldumu pie\u0161\u0137ir Jalisco organisk\u0101 agaves vinaigrette.\",\"breadcrumb\":{\"@id\":\"https:\\\/\\\/hotta.eu\\\/lv\\\/shop\\\/truff-hot-sauce\\\/#breadcrumb\"},\"inLanguage\":\"lv-LV\",\"potentialAction\":[{\"@type\":\"ReadAction\",\"target\":[\"https:\\\/\\\/hotta.eu\\\/lv\\\/shop\\\/truff-hot-sauce\\\/\"]}]},{\"@type\":\"ImageObject\",\"inLanguage\":\"lv-LV\",\"@id\":\"https:\\\/\\\/hotta.eu\\\/lv\\\/shop\\\/truff-hot-sauce\\\/#primaryimage\",\"url\":\"https:\\\/\\\/hotta.eu\\\/wp-content\\\/uploads\\\/2024\\\/03\\\/IMG_6538-1.jpg\",\"contentUrl\":\"https:\\\/\\\/hotta.eu\\\/wp-content\\\/uploads\\\/2024\\\/03\\\/IMG_6538-1.jpg\",\"width\":1865,\"height\":1865},{\"@type\":\"BreadcrumbList\",\"@id\":\"https:\\\/\\\/hotta.eu\\\/lv\\\/shop\\\/truff-hot-sauce\\\/#breadcrumb\",\"itemListElement\":[{\"@type\":\"ListItem\",\"position\":1,\"name\":\"S\u0101kums\",\"item\":\"https:\\\/\\\/hotta.eu\\\/lv\\\/sakumlapa\\\/\"},{\"@type\":\"ListItem\",\"position\":2,\"name\":\"Veikals\",\"item\":\"https:\\\/\\\/hotta.eu\\\/lv\\\/shop\\\/\"},{\"@type\":\"ListItem\",\"position\":3,\"name\":\"TRUFF Hot Sauce\"}]},{\"@type\":\"WebSite\",\"@id\":\"https:\\\/\\\/hotta.eu\\\/lv\\\/#website\",\"url\":\"https:\\\/\\\/hotta.eu\\\/lv\\\/\",\"name\":\"Hotta\",\"description\":\"Makes your mouth burn a lotta!\",\"publisher\":{\"@id\":\"https:\\\/\\\/hotta.eu\\\/lv\\\/#organization\"},\"potentialAction\":[{\"@type\":\"SearchAction\",\"target\":{\"@type\":\"EntryPoint\",\"urlTemplate\":\"https:\\\/\\\/hotta.eu\\\/lv\\\/?s={search_term_string}\"},\"query-input\":{\"@type\":\"PropertyValueSpecification\",\"valueRequired\":true,\"valueName\":\"search_term_string\"}}],\"inLanguage\":\"lv-LV\"},{\"@type\":\"Organization\",\"@id\":\"https:\\\/\\\/hotta.eu\\\/lv\\\/#organization\",\"name\":\"Hotta\",\"url\":\"https:\\\/\\\/hotta.eu\\\/lv\\\/\",\"logo\":{\"@type\":\"ImageObject\",\"inLanguage\":\"lv-LV\",\"@id\":\"https:\\\/\\\/hotta.eu\\\/lv\\\/#\\\/schema\\\/logo\\\/image\\\/\",\"url\":\"https:\\\/\\\/hotta.eu\\\/wp-content\\\/uploads\\\/2025\\\/04\\\/hotta-logo-invoice.png\",\"contentUrl\":\"https:\\\/\\\/hotta.eu\\\/wp-content\\\/uploads\\\/2025\\\/04\\\/hotta-logo-invoice.png\",\"width\":600,\"height\":411,\"caption\":\"Hotta\"},\"image\":{\"@id\":\"https:\\\/\\\/hotta.eu\\\/lv\\\/#\\\/schema\\\/logo\\\/image\\\/\"},\"sameAs\":[\"https:\\\/\\\/www.facebook.com\\\/hotta.eu\",\"https:\\\/\\\/x.com\\\/hottashop\",\"https:\\\/\\\/www.instagram.com\\\/hotta.shop\"]}]}<\/script>\n<!-- \/ Yoast SEO plugin. -->","yoast_head_json":{"title":"TRUFF Hot Sauce - Hotta","description":"Ekskluz\u012bv\u0101s TRUFF m\u0113rces tiek gatavotas, izmantojot augst\u0101k\u0101s kvalit\u0101tes sarkanos \u010dili piparus, kas sajaukti ar It\u0101lijas melno trife\u013cu e\u013c\u013cu. Saldumu pie\u0161\u0137ir Jalisco organisk\u0101 agaves vinaigrette.","robots":{"index":"index","follow":"follow","max-snippet":"max-snippet:-1","max-image-preview":"max-image-preview:large","max-video-preview":"max-video-preview:-1"},"canonical":"https:\/\/hotta.eu\/lv\/shop\/truff-hot-sauce\/","og_locale":"lv_LV","og_type":"article","og_title":"TRUFF Hot Sauce - Hotta","og_description":"Ekskluz\u012bv\u0101s TRUFF m\u0113rces tiek gatavotas, izmantojot augst\u0101k\u0101s kvalit\u0101tes sarkanos \u010dili piparus, kas sajaukti ar It\u0101lijas melno trife\u013cu e\u013c\u013cu. Saldumu pie\u0161\u0137ir Jalisco organisk\u0101 agaves vinaigrette.","og_url":"https:\/\/hotta.eu\/lv\/shop\/truff-hot-sauce\/","og_site_name":"Hotta","article_publisher":"https:\/\/www.facebook.com\/hotta.eu","article_modified_time":"2024-12-27T10:42:30+00:00","og_image":[{"width":1865,"height":1865,"url":"https:\/\/hotta.eu\/wp-content\/uploads\/2024\/03\/IMG_6538-1.jpg","type":"image\/jpeg"}],"twitter_card":"summary_large_image","twitter_site":"@hottashop","twitter_misc":{"Est. reading time":"1 minute"},"schema":{"@context":"https:\/\/schema.org","@graph":[{"@type":"WebPage","@id":"https:\/\/hotta.eu\/lv\/shop\/truff-hot-sauce\/","url":"https:\/\/hotta.eu\/lv\/shop\/truff-hot-sauce\/","name":"TRUFF Hot Sauce - Hotta","isPartOf":{"@id":"https:\/\/hotta.eu\/lv\/#website"},"primaryImageOfPage":{"@id":"https:\/\/hotta.eu\/lv\/shop\/truff-hot-sauce\/#primaryimage"},"image":{"@id":"https:\/\/hotta.eu\/lv\/shop\/truff-hot-sauce\/#primaryimage"},"thumbnailUrl":"https:\/\/hotta.eu\/wp-content\/uploads\/2024\/03\/IMG_6538-1.jpg","datePublished":"2020-02-02T19:17:35+00:00","dateModified":"2024-12-27T10:42:30+00:00","description":"Ekskluz\u012bv\u0101s TRUFF m\u0113rces tiek gatavotas, izmantojot augst\u0101k\u0101s kvalit\u0101tes sarkanos \u010dili piparus, kas sajaukti ar It\u0101lijas melno trife\u013cu e\u013c\u013cu. Saldumu pie\u0161\u0137ir Jalisco organisk\u0101 agaves vinaigrette.","breadcrumb":{"@id":"https:\/\/hotta.eu\/lv\/shop\/truff-hot-sauce\/#breadcrumb"},"inLanguage":"lv-LV","potentialAction":[{"@type":"ReadAction","target":["https:\/\/hotta.eu\/lv\/shop\/truff-hot-sauce\/"]}]},{"@type":"ImageObject","inLanguage":"lv-LV","@id":"https:\/\/hotta.eu\/lv\/shop\/truff-hot-sauce\/#primaryimage","url":"https:\/\/hotta.eu\/wp-content\/uploads\/2024\/03\/IMG_6538-1.jpg","contentUrl":"https:\/\/hotta.eu\/wp-content\/uploads\/2024\/03\/IMG_6538-1.jpg","width":1865,"height":1865},{"@type":"BreadcrumbList","@id":"https:\/\/hotta.eu\/lv\/shop\/truff-hot-sauce\/#breadcrumb","itemListElement":[{"@type":"ListItem","position":1,"name":"S\u0101kums","item":"https:\/\/hotta.eu\/lv\/sakumlapa\/"},{"@type":"ListItem","position":2,"name":"Veikals","item":"https:\/\/hotta.eu\/lv\/shop\/"},{"@type":"ListItem","position":3,"name":"TRUFF Hot Sauce"}]},{"@type":"WebSite","@id":"https:\/\/hotta.eu\/lv\/#website","url":"https:\/\/hotta.eu\/lv\/","name":"Hotta","description":"Makes your mouth burn a lotta!","publisher":{"@id":"https:\/\/hotta.eu\/lv\/#organization"},"potentialAction":[{"@type":"SearchAction","target":{"@type":"EntryPoint","urlTemplate":"https:\/\/hotta.eu\/lv\/?s={search_term_string}"},"query-input":{"@type":"PropertyValueSpecification","valueRequired":true,"valueName":"search_term_string"}}],"inLanguage":"lv-LV"},{"@type":"Organization","@id":"https:\/\/hotta.eu\/lv\/#organization","name":"Hotta","url":"https:\/\/hotta.eu\/lv\/","logo":{"@type":"ImageObject","inLanguage":"lv-LV","@id":"https:\/\/hotta.eu\/lv\/#\/schema\/logo\/image\/","url":"https:\/\/hotta.eu\/wp-content\/uploads\/2025\/04\/hotta-logo-invoice.png","contentUrl":"https:\/\/hotta.eu\/wp-content\/uploads\/2025\/04\/hotta-logo-invoice.png","width":600,"height":411,"caption":"Hotta"},"image":{"@id":"https:\/\/hotta.eu\/lv\/#\/schema\/logo\/image\/"},"sameAs":["https:\/\/www.facebook.com\/hotta.eu","https:\/\/x.com\/hottashop","https:\/\/www.instagram.com\/hotta.shop"]}]}},"jetpack_sharing_enabled":true,"_links":{"self":[{"href":"https:\/\/hotta.eu\/lv\/wp-json\/wp\/v2\/product\/19416","targetHints":{"allow":["GET"]}}],"collection":[{"href":"https:\/\/hotta.eu\/lv\/wp-json\/wp\/v2\/product"}],"about":[{"href":"https:\/\/hotta.eu\/lv\/wp-json\/wp\/v2\/types\/product"}],"replies":[{"embeddable":true,"href":"https:\/\/hotta.eu\/lv\/wp-json\/wp\/v2\/comments?post=19416"}],"wp:featuredmedia":[{"embeddable":true,"href":"https:\/\/hotta.eu\/lv\/wp-json\/wp\/v2\/media\/15887"}],"wp:attachment":[{"href":"https:\/\/hotta.eu\/lv\/wp-json\/wp\/v2\/media?parent=19416"}],"wp:term":[{"taxonomy":"product_cat","embeddable":true,"href":"https:\/\/hotta.eu\/lv\/wp-json\/wp\/v2\/product_cat?post=19416"},{"taxonomy":"product_tag","embeddable":true,"href":"https:\/\/hotta.eu\/lv\/wp-json\/wp\/v2\/product_tag?post=19416"},{"taxonomy":"giftcard-category","embeddable":true,"href":"https:\/\/hotta.eu\/lv\/wp-json\/wp\/v2\/giftcard-category?post=19416"}],"curies":[{"name":"wp","href":"https:\/\/api.w.org\/{rel}","templated":true}]}}