{"id":19423,"date":"2020-03-15T18:10:57","date_gmt":"2020-03-15T16:10:57","guid":{"rendered":"https:\/\/hotta.eu\/shop\/piparu-habanero-raudzeta-cili-merce\/"},"modified":"2024-12-27T12:42:26","modified_gmt":"2024-12-27T10:42:26","slug":"piparu-habanero-raudzeta-cili-merce","status":"publish","type":"product","link":"https:\/\/hotta.eu\/lv\/shop\/piparu-habanero-raudzeta-cili-merce\/","title":{"rendered":"Piparu-Habanero raudz\u0113ta \u010dili m\u0113rce"},"content":{"rendered":"<p><strong>Sast\u0101vda\u013cas<\/strong><br \/>\nPaprika, sarkanais \u010dilli, habanero \u010dilli, \u0137iploki, s\u012bpoli, ingvers, \u016bdens, Himalaju s\u0101ls.<\/p>\n<p><strong>Der\u012bgums un glab\u0101\u0161ana<\/strong><br \/>\nUz produkta ir nor\u0101d\u012bts iepakojuma datums. No \u0161\u012b datuma produktu var uzglab\u0101t vienu gadu. Pirms lieto\u0161anas sakrat\u012bt. T\u0101 k\u0101 rasa ir dz\u012bva, atverot to, var izdal\u012bties g\u0101zes. Tas ir raudz\u0113ts produkts, t\u0101p\u0113c vienm\u0113r uzglab\u0101jiet to ledusskap\u012b.<\/p>\n","protected":false},"excerpt":{"rendered":"<p>Pirm\u0101 Igaunij\u0101 pagatavot\u0101 ferment\u0113t\u0101 \u010dilli m\u0113rce! Crefti ir unik\u0101ls, jo tas netiek v\u0101r\u012bts un tam netiek pievienots cukurs vai eti\u0137is. Tiek saglab\u0101tas ferment\u0101cijas proces\u0101 radu\u0161\u0101s piensk\u0101bes bakt\u0113rijas &#8211; m\u0113rce ir dz\u012bva! Ilgsto\u0161as un mier\u012bgas ferment\u0101cijas rezult\u0101t\u0101 rodas dabiskas, bet sare\u017e\u0123\u012btas gar\u0161as: aug\u013cu, ugun\u012bgas, sk\u0101bas, spilgtas. Izgatavots ar rok\u0101m. Paprika-Habanero Crefti lieliski sader ar pic\u0101m, pelme\u0146iem, ga\u013cas un r\u012bsu \u0113dieniem, sal\u0101tiem un zup\u0101m. Crefti ir ide\u0101li piem\u0113rots visur, kur ir v\u0113lama gar\u0161viela!<br \/>\n[ywcwtl_form product_id=\"\"]<\/p>\n","protected":false},"featured_media":15899,"comment_status":"open","ping_status":"closed","template":"","meta":[],"product_cat":[924,916],"product_tag":[],"giftcard-category":[],"class_list":{"0":"post-19423","1":"product","2":"type-product","3":"status-publish","4":"has-post-thumbnail","6":"product_cat-maigs","7":"product_cat-merces","8":"pa_brand-fermency","10":"first","11":"outofstock","12":"taxable","13":"shipping-taxable","14":"purchasable","15":"product-type-simple"},"yoast_head":"<!-- This site is optimized with the Yoast SEO plugin v27.4 - https:\/\/yoast.com\/product\/yoast-seo-wordpress\/ -->\n<title>Piparu-Habanero raudz\u0113ta \u010dili m\u0113rce - Hotta<\/title>\n<meta name=\"description\" content=\"Pirm\u0101 Igaunij\u0101 pagatavot\u0101 ferment\u0113t\u0101 \u010dilli m\u0113rce! Crefti ir unik\u0101ls, jo tas netiek v\u0101r\u012bts un tam netiek pievienots cukurs vai eti\u0137is.\" \/>\n<meta name=\"robots\" content=\"index, follow, max-snippet:-1, max-image-preview:large, max-video-preview:-1\" \/>\n<link rel=\"canonical\" href=\"https:\/\/hotta.eu\/lv\/shop\/piparu-habanero-raudzeta-cili-merce\/\" \/>\n<meta property=\"og:locale\" content=\"lv_LV\" \/>\n<meta property=\"og:type\" content=\"article\" \/>\n<meta property=\"og:title\" content=\"Piparu-Habanero raudz\u0113ta \u010dili m\u0113rce - Hotta\" \/>\n<meta property=\"og:description\" content=\"Pirm\u0101 Igaunij\u0101 pagatavot\u0101 ferment\u0113t\u0101 \u010dilli m\u0113rce! Crefti ir unik\u0101ls, jo tas netiek v\u0101r\u012bts un tam netiek pievienots cukurs vai eti\u0137is.\" \/>\n<meta property=\"og:url\" content=\"https:\/\/hotta.eu\/lv\/shop\/piparu-habanero-raudzeta-cili-merce\/\" \/>\n<meta property=\"og:site_name\" content=\"Hotta\" \/>\n<meta property=\"article:publisher\" content=\"https:\/\/www.facebook.com\/hotta.eu\" \/>\n<meta property=\"article:modified_time\" content=\"2024-12-27T10:42:26+00:00\" \/>\n<meta property=\"og:image\" content=\"https:\/\/hotta.eu\/wp-content\/uploads\/2024\/03\/krefti-02.jpg\" \/>\n\t<meta property=\"og:image:width\" content=\"2000\" \/>\n\t<meta property=\"og:image:height\" content=\"2000\" \/>\n\t<meta property=\"og:image:type\" content=\"image\/jpeg\" \/>\n<meta name=\"twitter:card\" content=\"summary_large_image\" \/>\n<meta name=\"twitter:site\" content=\"@hottashop\" \/>\n<script type=\"application\/ld+json\" class=\"yoast-schema-graph\">{\"@context\":\"https:\\\/\\\/schema.org\",\"@graph\":[{\"@type\":\"WebPage\",\"@id\":\"https:\\\/\\\/hotta.eu\\\/lv\\\/shop\\\/piparu-habanero-raudzeta-cili-merce\\\/\",\"url\":\"https:\\\/\\\/hotta.eu\\\/lv\\\/shop\\\/piparu-habanero-raudzeta-cili-merce\\\/\",\"name\":\"Piparu-Habanero raudz\u0113ta \u010dili m\u0113rce - Hotta\",\"isPartOf\":{\"@id\":\"https:\\\/\\\/hotta.eu\\\/lv\\\/#website\"},\"primaryImageOfPage\":{\"@id\":\"https:\\\/\\\/hotta.eu\\\/lv\\\/shop\\\/piparu-habanero-raudzeta-cili-merce\\\/#primaryimage\"},\"image\":{\"@id\":\"https:\\\/\\\/hotta.eu\\\/lv\\\/shop\\\/piparu-habanero-raudzeta-cili-merce\\\/#primaryimage\"},\"thumbnailUrl\":\"https:\\\/\\\/hotta.eu\\\/wp-content\\\/uploads\\\/2024\\\/03\\\/krefti-02.jpg\",\"datePublished\":\"2020-03-15T16:10:57+00:00\",\"dateModified\":\"2024-12-27T10:42:26+00:00\",\"description\":\"Pirm\u0101 Igaunij\u0101 pagatavot\u0101 ferment\u0113t\u0101 \u010dilli m\u0113rce! Crefti ir unik\u0101ls, jo tas netiek v\u0101r\u012bts un tam netiek pievienots cukurs vai eti\u0137is.\",\"breadcrumb\":{\"@id\":\"https:\\\/\\\/hotta.eu\\\/lv\\\/shop\\\/piparu-habanero-raudzeta-cili-merce\\\/#breadcrumb\"},\"inLanguage\":\"lv-LV\",\"potentialAction\":[{\"@type\":\"ReadAction\",\"target\":[\"https:\\\/\\\/hotta.eu\\\/lv\\\/shop\\\/piparu-habanero-raudzeta-cili-merce\\\/\"]}]},{\"@type\":\"ImageObject\",\"inLanguage\":\"lv-LV\",\"@id\":\"https:\\\/\\\/hotta.eu\\\/lv\\\/shop\\\/piparu-habanero-raudzeta-cili-merce\\\/#primaryimage\",\"url\":\"https:\\\/\\\/hotta.eu\\\/wp-content\\\/uploads\\\/2024\\\/03\\\/krefti-02.jpg\",\"contentUrl\":\"https:\\\/\\\/hotta.eu\\\/wp-content\\\/uploads\\\/2024\\\/03\\\/krefti-02.jpg\",\"width\":2000,\"height\":2000},{\"@type\":\"BreadcrumbList\",\"@id\":\"https:\\\/\\\/hotta.eu\\\/lv\\\/shop\\\/piparu-habanero-raudzeta-cili-merce\\\/#breadcrumb\",\"itemListElement\":[{\"@type\":\"ListItem\",\"position\":1,\"name\":\"S\u0101kums\",\"item\":\"https:\\\/\\\/hotta.eu\\\/lv\\\/sakumlapa\\\/\"},{\"@type\":\"ListItem\",\"position\":2,\"name\":\"Veikals\",\"item\":\"https:\\\/\\\/hotta.eu\\\/lv\\\/shop\\\/\"},{\"@type\":\"ListItem\",\"position\":3,\"name\":\"Piparu-Habanero raudz\u0113ta \u010dili m\u0113rce\"}]},{\"@type\":\"WebSite\",\"@id\":\"https:\\\/\\\/hotta.eu\\\/lv\\\/#website\",\"url\":\"https:\\\/\\\/hotta.eu\\\/lv\\\/\",\"name\":\"Hotta\",\"description\":\"Makes your mouth burn a lotta!\",\"publisher\":{\"@id\":\"https:\\\/\\\/hotta.eu\\\/lv\\\/#organization\"},\"potentialAction\":[{\"@type\":\"SearchAction\",\"target\":{\"@type\":\"EntryPoint\",\"urlTemplate\":\"https:\\\/\\\/hotta.eu\\\/lv\\\/?s={search_term_string}\"},\"query-input\":{\"@type\":\"PropertyValueSpecification\",\"valueRequired\":true,\"valueName\":\"search_term_string\"}}],\"inLanguage\":\"lv-LV\"},{\"@type\":\"Organization\",\"@id\":\"https:\\\/\\\/hotta.eu\\\/lv\\\/#organization\",\"name\":\"Hotta\",\"url\":\"https:\\\/\\\/hotta.eu\\\/lv\\\/\",\"logo\":{\"@type\":\"ImageObject\",\"inLanguage\":\"lv-LV\",\"@id\":\"https:\\\/\\\/hotta.eu\\\/lv\\\/#\\\/schema\\\/logo\\\/image\\\/\",\"url\":\"https:\\\/\\\/hotta.eu\\\/wp-content\\\/uploads\\\/2025\\\/04\\\/hotta-logo-invoice.png\",\"contentUrl\":\"https:\\\/\\\/hotta.eu\\\/wp-content\\\/uploads\\\/2025\\\/04\\\/hotta-logo-invoice.png\",\"width\":600,\"height\":411,\"caption\":\"Hotta\"},\"image\":{\"@id\":\"https:\\\/\\\/hotta.eu\\\/lv\\\/#\\\/schema\\\/logo\\\/image\\\/\"},\"sameAs\":[\"https:\\\/\\\/www.facebook.com\\\/hotta.eu\",\"https:\\\/\\\/x.com\\\/hottashop\",\"https:\\\/\\\/www.instagram.com\\\/hotta.shop\"]}]}<\/script>\n<!-- \/ Yoast SEO plugin. -->","yoast_head_json":{"title":"Piparu-Habanero raudz\u0113ta \u010dili m\u0113rce - Hotta","description":"Pirm\u0101 Igaunij\u0101 pagatavot\u0101 ferment\u0113t\u0101 \u010dilli m\u0113rce! Crefti ir unik\u0101ls, jo tas netiek v\u0101r\u012bts un tam netiek pievienots cukurs vai eti\u0137is.","robots":{"index":"index","follow":"follow","max-snippet":"max-snippet:-1","max-image-preview":"max-image-preview:large","max-video-preview":"max-video-preview:-1"},"canonical":"https:\/\/hotta.eu\/lv\/shop\/piparu-habanero-raudzeta-cili-merce\/","og_locale":"lv_LV","og_type":"article","og_title":"Piparu-Habanero raudz\u0113ta \u010dili m\u0113rce - Hotta","og_description":"Pirm\u0101 Igaunij\u0101 pagatavot\u0101 ferment\u0113t\u0101 \u010dilli m\u0113rce! Crefti ir unik\u0101ls, jo tas netiek v\u0101r\u012bts un tam netiek pievienots cukurs vai eti\u0137is.","og_url":"https:\/\/hotta.eu\/lv\/shop\/piparu-habanero-raudzeta-cili-merce\/","og_site_name":"Hotta","article_publisher":"https:\/\/www.facebook.com\/hotta.eu","article_modified_time":"2024-12-27T10:42:26+00:00","og_image":[{"width":2000,"height":2000,"url":"https:\/\/hotta.eu\/wp-content\/uploads\/2024\/03\/krefti-02.jpg","type":"image\/jpeg"}],"twitter_card":"summary_large_image","twitter_site":"@hottashop","schema":{"@context":"https:\/\/schema.org","@graph":[{"@type":"WebPage","@id":"https:\/\/hotta.eu\/lv\/shop\/piparu-habanero-raudzeta-cili-merce\/","url":"https:\/\/hotta.eu\/lv\/shop\/piparu-habanero-raudzeta-cili-merce\/","name":"Piparu-Habanero raudz\u0113ta \u010dili m\u0113rce - Hotta","isPartOf":{"@id":"https:\/\/hotta.eu\/lv\/#website"},"primaryImageOfPage":{"@id":"https:\/\/hotta.eu\/lv\/shop\/piparu-habanero-raudzeta-cili-merce\/#primaryimage"},"image":{"@id":"https:\/\/hotta.eu\/lv\/shop\/piparu-habanero-raudzeta-cili-merce\/#primaryimage"},"thumbnailUrl":"https:\/\/hotta.eu\/wp-content\/uploads\/2024\/03\/krefti-02.jpg","datePublished":"2020-03-15T16:10:57+00:00","dateModified":"2024-12-27T10:42:26+00:00","description":"Pirm\u0101 Igaunij\u0101 pagatavot\u0101 ferment\u0113t\u0101 \u010dilli m\u0113rce! Crefti ir unik\u0101ls, jo tas netiek v\u0101r\u012bts un tam netiek pievienots cukurs vai eti\u0137is.","breadcrumb":{"@id":"https:\/\/hotta.eu\/lv\/shop\/piparu-habanero-raudzeta-cili-merce\/#breadcrumb"},"inLanguage":"lv-LV","potentialAction":[{"@type":"ReadAction","target":["https:\/\/hotta.eu\/lv\/shop\/piparu-habanero-raudzeta-cili-merce\/"]}]},{"@type":"ImageObject","inLanguage":"lv-LV","@id":"https:\/\/hotta.eu\/lv\/shop\/piparu-habanero-raudzeta-cili-merce\/#primaryimage","url":"https:\/\/hotta.eu\/wp-content\/uploads\/2024\/03\/krefti-02.jpg","contentUrl":"https:\/\/hotta.eu\/wp-content\/uploads\/2024\/03\/krefti-02.jpg","width":2000,"height":2000},{"@type":"BreadcrumbList","@id":"https:\/\/hotta.eu\/lv\/shop\/piparu-habanero-raudzeta-cili-merce\/#breadcrumb","itemListElement":[{"@type":"ListItem","position":1,"name":"S\u0101kums","item":"https:\/\/hotta.eu\/lv\/sakumlapa\/"},{"@type":"ListItem","position":2,"name":"Veikals","item":"https:\/\/hotta.eu\/lv\/shop\/"},{"@type":"ListItem","position":3,"name":"Piparu-Habanero raudz\u0113ta \u010dili m\u0113rce"}]},{"@type":"WebSite","@id":"https:\/\/hotta.eu\/lv\/#website","url":"https:\/\/hotta.eu\/lv\/","name":"Hotta","description":"Makes your mouth burn a lotta!","publisher":{"@id":"https:\/\/hotta.eu\/lv\/#organization"},"potentialAction":[{"@type":"SearchAction","target":{"@type":"EntryPoint","urlTemplate":"https:\/\/hotta.eu\/lv\/?s={search_term_string}"},"query-input":{"@type":"PropertyValueSpecification","valueRequired":true,"valueName":"search_term_string"}}],"inLanguage":"lv-LV"},{"@type":"Organization","@id":"https:\/\/hotta.eu\/lv\/#organization","name":"Hotta","url":"https:\/\/hotta.eu\/lv\/","logo":{"@type":"ImageObject","inLanguage":"lv-LV","@id":"https:\/\/hotta.eu\/lv\/#\/schema\/logo\/image\/","url":"https:\/\/hotta.eu\/wp-content\/uploads\/2025\/04\/hotta-logo-invoice.png","contentUrl":"https:\/\/hotta.eu\/wp-content\/uploads\/2025\/04\/hotta-logo-invoice.png","width":600,"height":411,"caption":"Hotta"},"image":{"@id":"https:\/\/hotta.eu\/lv\/#\/schema\/logo\/image\/"},"sameAs":["https:\/\/www.facebook.com\/hotta.eu","https:\/\/x.com\/hottashop","https:\/\/www.instagram.com\/hotta.shop"]}]}},"jetpack_sharing_enabled":true,"_links":{"self":[{"href":"https:\/\/hotta.eu\/lv\/wp-json\/wp\/v2\/product\/19423","targetHints":{"allow":["GET"]}}],"collection":[{"href":"https:\/\/hotta.eu\/lv\/wp-json\/wp\/v2\/product"}],"about":[{"href":"https:\/\/hotta.eu\/lv\/wp-json\/wp\/v2\/types\/product"}],"replies":[{"embeddable":true,"href":"https:\/\/hotta.eu\/lv\/wp-json\/wp\/v2\/comments?post=19423"}],"wp:featuredmedia":[{"embeddable":true,"href":"https:\/\/hotta.eu\/lv\/wp-json\/wp\/v2\/media\/15899"}],"wp:attachment":[{"href":"https:\/\/hotta.eu\/lv\/wp-json\/wp\/v2\/media?parent=19423"}],"wp:term":[{"taxonomy":"product_cat","embeddable":true,"href":"https:\/\/hotta.eu\/lv\/wp-json\/wp\/v2\/product_cat?post=19423"},{"taxonomy":"product_tag","embeddable":true,"href":"https:\/\/hotta.eu\/lv\/wp-json\/wp\/v2\/product_tag?post=19423"},{"taxonomy":"giftcard-category","embeddable":true,"href":"https:\/\/hotta.eu\/lv\/wp-json\/wp\/v2\/giftcard-category?post=19423"}],"curies":[{"name":"wp","href":"https:\/\/api.w.org\/{rel}","templated":true}]}}