{"id":19430,"date":"2020-05-05T21:10:51","date_gmt":"2020-05-05T19:10:51","guid":{"rendered":"https:\/\/hotta.eu\/shop\/kiploku-stila-karsta-merce\/"},"modified":"2024-12-27T12:42:22","modified_gmt":"2024-12-27T10:42:22","slug":"garlic-style-hot-sauce","status":"publish","type":"product","link":"https:\/\/hotta.eu\/lv\/shop\/garlic-style-hot-sauce\/","title":{"rendered":"Garlic Style Hot Sauce"},"content":{"rendered":"<p><strong>Sast\u0101vda\u013cas<\/strong><br \/>\nHabanero \u010dilli, \u016bdens, burk\u0101ni, \u0137iploki, destil\u0113ta eti\u0137sk\u0101be, <strong>sinepju s\u0113klas<\/strong>, s\u0101ls, paprika, gar\u0161vielu mais\u012bjums, \u0137iploku pulveris, s\u012bpolu pulveris, ol\u012bve\u013c\u013ca, citronu un laima sulas koncentr\u0101ts, koriandra sakne.<\/p>\n<p><strong>Uzturv\u0113rt\u012bbas inform\u0101cija (100 g)<br \/>\n<\/strong>Ener\u0123ija 251 kJ \/ 60 kcal, tauki 2 g, og\u013chidr\u0101ti 9 g, no tiem cukuri 2 g, olbaltumvielas 2 g, s\u0101ls 1,4 g.<\/p>\n<p><strong>Der\u012bgums un glab\u0101\u0161ana<\/strong><br \/>\nDer\u012bguma termi\u0146\u0161 uz pudel\u012btes attiecas uz neatv\u0113rtiem produktiem. Atv\u0113rtu produktu j\u0101uzglab\u0101 ledusskap\u012b.<\/p>\n","protected":false},"excerpt":{"rendered":"<p>\u0136iploku stila m\u0113rce n\u0101k no Original Juan&#8217;s Pain Is Good s\u0113rijas un at\u0161\u0137iras ar svaigu gar\u0161u un nedaudz sk\u0101benu arom\u0101tu. \u0136iploku gar\u0161as m\u0113rce ar habanero \u010dilli un laima piedevu. Piem\u0113rots ikdienas lieto\u0161anai.<br \/>\n[ywcwtl_form product_id=\"\"]<\/p>\n","protected":false},"featured_media":15283,"comment_status":"open","ping_status":"closed","template":"","meta":[],"product_cat":[916,922],"product_tag":[],"giftcard-category":[],"class_list":{"0":"post-19430","1":"product","2":"type-product","3":"status-publish","4":"has-post-thumbnail","6":"product_cat-merces","7":"product_cat-videjs","8":"pa_brand-pain-is-good","10":"first","11":"outofstock","12":"taxable","13":"shipping-taxable","14":"purchasable","15":"product-type-simple"},"yoast_head":"<!-- This site is optimized with the Yoast SEO plugin v27.4 - https:\/\/yoast.com\/product\/yoast-seo-wordpress\/ -->\n<title>Garlic Style Hot Sauce - Hotta<\/title>\n<meta name=\"description\" content=\"\u0136iploku stila m\u0113rce n\u0101k no Original Juan&#039;s Pain Is Good s\u0113rijas un at\u0161\u0137iras ar savu svaigo gar\u0161u un nedaudz sk\u0101bo arom\u0101tu. \u0136iploku gar\u0161as m\u0113rce ar habanero \u010dilli un laima piedevu.\" \/>\n<meta name=\"robots\" content=\"index, follow, max-snippet:-1, max-image-preview:large, max-video-preview:-1\" \/>\n<link rel=\"canonical\" href=\"https:\/\/hotta.eu\/lv\/shop\/garlic-style-hot-sauce\/\" \/>\n<meta property=\"og:locale\" content=\"lv_LV\" \/>\n<meta property=\"og:type\" content=\"article\" \/>\n<meta property=\"og:title\" content=\"Garlic Style Hot Sauce - Hotta\" \/>\n<meta property=\"og:description\" content=\"\u0136iploku stila m\u0113rce n\u0101k no Original Juan&#039;s Pain Is Good s\u0113rijas un at\u0161\u0137iras ar savu svaigo gar\u0161u un nedaudz sk\u0101bo arom\u0101tu. \u0136iploku gar\u0161as m\u0113rce ar habanero \u010dilli un laima piedevu.\" \/>\n<meta property=\"og:url\" content=\"https:\/\/hotta.eu\/lv\/shop\/garlic-style-hot-sauce\/\" \/>\n<meta property=\"og:site_name\" content=\"Hotta\" \/>\n<meta property=\"article:publisher\" content=\"https:\/\/www.facebook.com\/hotta.eu\" \/>\n<meta property=\"article:modified_time\" content=\"2024-12-27T10:42:22+00:00\" \/>\n<meta property=\"og:image\" content=\"https:\/\/hotta.eu\/wp-content\/uploads\/2024\/03\/IMG_3708a.jpg\" \/>\n\t<meta property=\"og:image:width\" content=\"1000\" \/>\n\t<meta property=\"og:image:height\" content=\"1000\" \/>\n\t<meta property=\"og:image:type\" content=\"image\/jpeg\" \/>\n<meta name=\"twitter:card\" content=\"summary_large_image\" \/>\n<meta name=\"twitter:site\" content=\"@hottashop\" \/>\n<meta name=\"twitter:label1\" content=\"Est. reading time\" \/>\n\t<meta name=\"twitter:data1\" content=\"1 minute\" \/>\n<script type=\"application\/ld+json\" class=\"yoast-schema-graph\">{\"@context\":\"https:\\\/\\\/schema.org\",\"@graph\":[{\"@type\":\"WebPage\",\"@id\":\"https:\\\/\\\/hotta.eu\\\/lv\\\/shop\\\/garlic-style-hot-sauce\\\/\",\"url\":\"https:\\\/\\\/hotta.eu\\\/lv\\\/shop\\\/garlic-style-hot-sauce\\\/\",\"name\":\"Garlic Style Hot Sauce - Hotta\",\"isPartOf\":{\"@id\":\"https:\\\/\\\/hotta.eu\\\/lv\\\/#website\"},\"primaryImageOfPage\":{\"@id\":\"https:\\\/\\\/hotta.eu\\\/lv\\\/shop\\\/garlic-style-hot-sauce\\\/#primaryimage\"},\"image\":{\"@id\":\"https:\\\/\\\/hotta.eu\\\/lv\\\/shop\\\/garlic-style-hot-sauce\\\/#primaryimage\"},\"thumbnailUrl\":\"https:\\\/\\\/hotta.eu\\\/wp-content\\\/uploads\\\/2024\\\/03\\\/IMG_3708a.jpg\",\"datePublished\":\"2020-05-05T19:10:51+00:00\",\"dateModified\":\"2024-12-27T10:42:22+00:00\",\"description\":\"\u0136iploku stila m\u0113rce n\u0101k no Original Juan's Pain Is Good s\u0113rijas un at\u0161\u0137iras ar savu svaigo gar\u0161u un nedaudz sk\u0101bo arom\u0101tu. \u0136iploku gar\u0161as m\u0113rce ar habanero \u010dilli un laima piedevu.\",\"breadcrumb\":{\"@id\":\"https:\\\/\\\/hotta.eu\\\/lv\\\/shop\\\/garlic-style-hot-sauce\\\/#breadcrumb\"},\"inLanguage\":\"lv-LV\",\"potentialAction\":[{\"@type\":\"ReadAction\",\"target\":[\"https:\\\/\\\/hotta.eu\\\/lv\\\/shop\\\/garlic-style-hot-sauce\\\/\"]}]},{\"@type\":\"ImageObject\",\"inLanguage\":\"lv-LV\",\"@id\":\"https:\\\/\\\/hotta.eu\\\/lv\\\/shop\\\/garlic-style-hot-sauce\\\/#primaryimage\",\"url\":\"https:\\\/\\\/hotta.eu\\\/wp-content\\\/uploads\\\/2024\\\/03\\\/IMG_3708a.jpg\",\"contentUrl\":\"https:\\\/\\\/hotta.eu\\\/wp-content\\\/uploads\\\/2024\\\/03\\\/IMG_3708a.jpg\",\"width\":1000,\"height\":1000},{\"@type\":\"BreadcrumbList\",\"@id\":\"https:\\\/\\\/hotta.eu\\\/lv\\\/shop\\\/garlic-style-hot-sauce\\\/#breadcrumb\",\"itemListElement\":[{\"@type\":\"ListItem\",\"position\":1,\"name\":\"S\u0101kums\",\"item\":\"https:\\\/\\\/hotta.eu\\\/lv\\\/sakumlapa\\\/\"},{\"@type\":\"ListItem\",\"position\":2,\"name\":\"Veikals\",\"item\":\"https:\\\/\\\/hotta.eu\\\/lv\\\/shop\\\/\"},{\"@type\":\"ListItem\",\"position\":3,\"name\":\"Garlic Style Hot Sauce\"}]},{\"@type\":\"WebSite\",\"@id\":\"https:\\\/\\\/hotta.eu\\\/lv\\\/#website\",\"url\":\"https:\\\/\\\/hotta.eu\\\/lv\\\/\",\"name\":\"Hotta\",\"description\":\"Makes your mouth burn a lotta!\",\"publisher\":{\"@id\":\"https:\\\/\\\/hotta.eu\\\/lv\\\/#organization\"},\"potentialAction\":[{\"@type\":\"SearchAction\",\"target\":{\"@type\":\"EntryPoint\",\"urlTemplate\":\"https:\\\/\\\/hotta.eu\\\/lv\\\/?s={search_term_string}\"},\"query-input\":{\"@type\":\"PropertyValueSpecification\",\"valueRequired\":true,\"valueName\":\"search_term_string\"}}],\"inLanguage\":\"lv-LV\"},{\"@type\":\"Organization\",\"@id\":\"https:\\\/\\\/hotta.eu\\\/lv\\\/#organization\",\"name\":\"Hotta\",\"url\":\"https:\\\/\\\/hotta.eu\\\/lv\\\/\",\"logo\":{\"@type\":\"ImageObject\",\"inLanguage\":\"lv-LV\",\"@id\":\"https:\\\/\\\/hotta.eu\\\/lv\\\/#\\\/schema\\\/logo\\\/image\\\/\",\"url\":\"https:\\\/\\\/hotta.eu\\\/wp-content\\\/uploads\\\/2025\\\/04\\\/hotta-logo-invoice.png\",\"contentUrl\":\"https:\\\/\\\/hotta.eu\\\/wp-content\\\/uploads\\\/2025\\\/04\\\/hotta-logo-invoice.png\",\"width\":600,\"height\":411,\"caption\":\"Hotta\"},\"image\":{\"@id\":\"https:\\\/\\\/hotta.eu\\\/lv\\\/#\\\/schema\\\/logo\\\/image\\\/\"},\"sameAs\":[\"https:\\\/\\\/www.facebook.com\\\/hotta.eu\",\"https:\\\/\\\/x.com\\\/hottashop\",\"https:\\\/\\\/www.instagram.com\\\/hotta.shop\"]}]}<\/script>\n<!-- \/ Yoast SEO plugin. -->","yoast_head_json":{"title":"Garlic Style Hot Sauce - Hotta","description":"\u0136iploku stila m\u0113rce n\u0101k no Original Juan's Pain Is Good s\u0113rijas un at\u0161\u0137iras ar savu svaigo gar\u0161u un nedaudz sk\u0101bo arom\u0101tu. \u0136iploku gar\u0161as m\u0113rce ar habanero \u010dilli un laima piedevu.","robots":{"index":"index","follow":"follow","max-snippet":"max-snippet:-1","max-image-preview":"max-image-preview:large","max-video-preview":"max-video-preview:-1"},"canonical":"https:\/\/hotta.eu\/lv\/shop\/garlic-style-hot-sauce\/","og_locale":"lv_LV","og_type":"article","og_title":"Garlic Style Hot Sauce - Hotta","og_description":"\u0136iploku stila m\u0113rce n\u0101k no Original Juan's Pain Is Good s\u0113rijas un at\u0161\u0137iras ar savu svaigo gar\u0161u un nedaudz sk\u0101bo arom\u0101tu. \u0136iploku gar\u0161as m\u0113rce ar habanero \u010dilli un laima piedevu.","og_url":"https:\/\/hotta.eu\/lv\/shop\/garlic-style-hot-sauce\/","og_site_name":"Hotta","article_publisher":"https:\/\/www.facebook.com\/hotta.eu","article_modified_time":"2024-12-27T10:42:22+00:00","og_image":[{"width":1000,"height":1000,"url":"https:\/\/hotta.eu\/wp-content\/uploads\/2024\/03\/IMG_3708a.jpg","type":"image\/jpeg"}],"twitter_card":"summary_large_image","twitter_site":"@hottashop","twitter_misc":{"Est. reading time":"1 minute"},"schema":{"@context":"https:\/\/schema.org","@graph":[{"@type":"WebPage","@id":"https:\/\/hotta.eu\/lv\/shop\/garlic-style-hot-sauce\/","url":"https:\/\/hotta.eu\/lv\/shop\/garlic-style-hot-sauce\/","name":"Garlic Style Hot Sauce - Hotta","isPartOf":{"@id":"https:\/\/hotta.eu\/lv\/#website"},"primaryImageOfPage":{"@id":"https:\/\/hotta.eu\/lv\/shop\/garlic-style-hot-sauce\/#primaryimage"},"image":{"@id":"https:\/\/hotta.eu\/lv\/shop\/garlic-style-hot-sauce\/#primaryimage"},"thumbnailUrl":"https:\/\/hotta.eu\/wp-content\/uploads\/2024\/03\/IMG_3708a.jpg","datePublished":"2020-05-05T19:10:51+00:00","dateModified":"2024-12-27T10:42:22+00:00","description":"\u0136iploku stila m\u0113rce n\u0101k no Original Juan's Pain Is Good s\u0113rijas un at\u0161\u0137iras ar savu svaigo gar\u0161u un nedaudz sk\u0101bo arom\u0101tu. \u0136iploku gar\u0161as m\u0113rce ar habanero \u010dilli un laima piedevu.","breadcrumb":{"@id":"https:\/\/hotta.eu\/lv\/shop\/garlic-style-hot-sauce\/#breadcrumb"},"inLanguage":"lv-LV","potentialAction":[{"@type":"ReadAction","target":["https:\/\/hotta.eu\/lv\/shop\/garlic-style-hot-sauce\/"]}]},{"@type":"ImageObject","inLanguage":"lv-LV","@id":"https:\/\/hotta.eu\/lv\/shop\/garlic-style-hot-sauce\/#primaryimage","url":"https:\/\/hotta.eu\/wp-content\/uploads\/2024\/03\/IMG_3708a.jpg","contentUrl":"https:\/\/hotta.eu\/wp-content\/uploads\/2024\/03\/IMG_3708a.jpg","width":1000,"height":1000},{"@type":"BreadcrumbList","@id":"https:\/\/hotta.eu\/lv\/shop\/garlic-style-hot-sauce\/#breadcrumb","itemListElement":[{"@type":"ListItem","position":1,"name":"S\u0101kums","item":"https:\/\/hotta.eu\/lv\/sakumlapa\/"},{"@type":"ListItem","position":2,"name":"Veikals","item":"https:\/\/hotta.eu\/lv\/shop\/"},{"@type":"ListItem","position":3,"name":"Garlic Style Hot Sauce"}]},{"@type":"WebSite","@id":"https:\/\/hotta.eu\/lv\/#website","url":"https:\/\/hotta.eu\/lv\/","name":"Hotta","description":"Makes your mouth burn a lotta!","publisher":{"@id":"https:\/\/hotta.eu\/lv\/#organization"},"potentialAction":[{"@type":"SearchAction","target":{"@type":"EntryPoint","urlTemplate":"https:\/\/hotta.eu\/lv\/?s={search_term_string}"},"query-input":{"@type":"PropertyValueSpecification","valueRequired":true,"valueName":"search_term_string"}}],"inLanguage":"lv-LV"},{"@type":"Organization","@id":"https:\/\/hotta.eu\/lv\/#organization","name":"Hotta","url":"https:\/\/hotta.eu\/lv\/","logo":{"@type":"ImageObject","inLanguage":"lv-LV","@id":"https:\/\/hotta.eu\/lv\/#\/schema\/logo\/image\/","url":"https:\/\/hotta.eu\/wp-content\/uploads\/2025\/04\/hotta-logo-invoice.png","contentUrl":"https:\/\/hotta.eu\/wp-content\/uploads\/2025\/04\/hotta-logo-invoice.png","width":600,"height":411,"caption":"Hotta"},"image":{"@id":"https:\/\/hotta.eu\/lv\/#\/schema\/logo\/image\/"},"sameAs":["https:\/\/www.facebook.com\/hotta.eu","https:\/\/x.com\/hottashop","https:\/\/www.instagram.com\/hotta.shop"]}]}},"jetpack_sharing_enabled":true,"_links":{"self":[{"href":"https:\/\/hotta.eu\/lv\/wp-json\/wp\/v2\/product\/19430","targetHints":{"allow":["GET"]}}],"collection":[{"href":"https:\/\/hotta.eu\/lv\/wp-json\/wp\/v2\/product"}],"about":[{"href":"https:\/\/hotta.eu\/lv\/wp-json\/wp\/v2\/types\/product"}],"replies":[{"embeddable":true,"href":"https:\/\/hotta.eu\/lv\/wp-json\/wp\/v2\/comments?post=19430"}],"wp:featuredmedia":[{"embeddable":true,"href":"https:\/\/hotta.eu\/lv\/wp-json\/wp\/v2\/media\/15283"}],"wp:attachment":[{"href":"https:\/\/hotta.eu\/lv\/wp-json\/wp\/v2\/media?parent=19430"}],"wp:term":[{"taxonomy":"product_cat","embeddable":true,"href":"https:\/\/hotta.eu\/lv\/wp-json\/wp\/v2\/product_cat?post=19430"},{"taxonomy":"product_tag","embeddable":true,"href":"https:\/\/hotta.eu\/lv\/wp-json\/wp\/v2\/product_tag?post=19430"},{"taxonomy":"giftcard-category","embeddable":true,"href":"https:\/\/hotta.eu\/lv\/wp-json\/wp\/v2\/giftcard-category?post=19430"}],"curies":[{"name":"wp","href":"https:\/\/api.w.org\/{rel}","templated":true}]}}