{"id":19434,"date":"2020-05-05T21:11:41","date_gmt":"2020-05-05T19:11:41","guid":{"rendered":"https:\/\/hotta.eu\/shop\/bumblefked-karsta-merce\/"},"modified":"2025-11-17T02:48:39","modified_gmt":"2025-11-17T00:48:39","slug":"bumblefoots-bumblefked","status":"publish","type":"product","link":"https:\/\/hotta.eu\/lv\/shop\/bumblefoots-bumblefked\/","title":{"rendered":"Bumblef**ked Hot Sauce"},"content":{"rendered":"<p><strong>Sast\u0101vda\u013cas<\/strong><br \/>\nDestil\u0113ta eti\u0137sk\u0101be, apels\u012bnu habanero, \u010dilli biezenis, tropu sal\u0101ti (anan\u0101si, sarkan\u0101 un dzelten\u0101 papaija, guava, \u016bdens, cukurs, pasifloru sula, citronsk\u0101be), tom\u0101tu pasta, <strong>sinepes<\/strong>, 4 miljoni Scoville \u010dilli ekstraktu, Monster Energy Drink (g\u0101z\u0113ts \u016bdens, cukurs, glikoze, citronsk\u0101be, citronsk\u0101be, dab\u012bgas gar\u0161as, taur\u012bns, n\u0101trija citr\u0101ts, kr\u0101sviela, \u017ee\u0146\u0161e\u0146a ekstrakts, L-karnit\u012bns, L-tartr\u0101ts, kofe\u012bns, sorb\u012bnsk\u0101be, benzosk\u0101be, niac\u012bnam\u012bds (B3 vitam\u012bns), sukralozi, s\u0101ls, D-glukuronolaktons, inozitols, guaranas ekstrakts, piridoks\u012bna hidrohlor\u012bds (B6 vitam\u012bns), riboflav\u012bns (B2 vitam\u012bns), maltodekstr\u012bns, cianokobalam\u012bns (B12 vitam\u012bns), ingvera sakne, koriandrs).<\/p>\n<p><strong>Uzturv\u0113rt\u012bba (5 ml<\/strong>)<br \/>\nN\u0101trijs 45 mg.<\/p>\n<p><strong>Der\u012bgums un glab\u0101\u0161ana<\/strong><br \/>\nDer\u012bguma termi\u0146\u0161 uz pudel\u012btes attiecas uz neatv\u0113rtiem produktiem. Atv\u0113rtu produktu j\u0101uzglab\u0101 ledusskap\u012b.<\/p>\n<p><b>Br\u012bdin\u0101jums<br \/>\n<\/b>Lieto at\u0161\u0137aid\u012btu, glab\u0101t b\u0113rniem nepieejam\u0101 viet\u0101.<b><\/b><\/p>\n","protected":false},"excerpt":{"rendered":"<p>Bumblefoot&#8217;s Bumblef**ks ir nov\u0113rt\u0113ts ar 6 000 000 Skovila vien\u012bbu, kas to padara par nopietnu izaicin\u0101jumu. \u0160o m\u0113rci, kas velt\u012bta grupas Guns N&#8217; Roses \u0123it\u0101ristam, raksturo aizraujo\u0161a \u017ee\u0146\u0161e\u0146a, kofe\u012bna un ingvera kombin\u0101cija ar maksim\u0101lu asumu! <b><span style=\"font-family: Arial;\">&#8230;you&#8217;ve been BUMBLEF**KED!!!<\/span><\/b><br \/>\n[ywcwtl_form product_id=\"\"]<\/p>\n","protected":false},"featured_media":15931,"comment_status":"open","ping_status":"closed","template":"","meta":[],"product_cat":[918,916],"product_tag":[],"giftcard-category":[],"class_list":{"0":"post-19434","1":"product","2":"type-product","3":"status-publish","4":"has-post-thumbnail","6":"product_cat-ekstrems","7":"product_cat-merces","8":"pa_brand-bumblefoots-hot-sauces","10":"first","11":"outofstock","12":"taxable","13":"shipping-taxable","14":"purchasable","15":"product-type-simple"},"yoast_head":"<!-- This site is optimized with the Yoast SEO plugin v27.4 - https:\/\/yoast.com\/product\/yoast-seo-wordpress\/ -->\n<title>Bumblef**ked Hot Sauce - Hotta<\/title>\n<meta name=\"description\" content=\"Bumblefoot&#039;s Bumblef**ks ir nov\u0113rt\u0113ts ar 6 000 000 Skovila vien\u012bbu, kas to padara par nopietnu izaicin\u0101jumu. \u0160o m\u0113rci, kas velt\u012bta grupas Guns N&#039; Roses \u0123it\u0101ristam, raksturo aizraujo\u0161a \u017ee\u0146\u0161e\u0146a, kofe\u012bna un ingvera kombin\u0101cija ar maksim\u0101lu asumu! ...you\u2019ve been BUMBLEF**KED!!\" \/>\n<meta name=\"robots\" content=\"index, follow, max-snippet:-1, max-image-preview:large, max-video-preview:-1\" \/>\n<link rel=\"canonical\" href=\"https:\/\/hotta.eu\/lv\/shop\/bumblefoots-bumblefked\/\" \/>\n<meta property=\"og:locale\" content=\"lv_LV\" \/>\n<meta property=\"og:type\" content=\"article\" \/>\n<meta property=\"og:title\" content=\"Bumblef**ked Hot Sauce - Hotta\" \/>\n<meta property=\"og:description\" content=\"Bumblefoot&#039;s Bumblef**ks ir nov\u0113rt\u0113ts ar 6 000 000 Skovila vien\u012bbu, kas to padara par nopietnu izaicin\u0101jumu. \u0160o m\u0113rci, kas velt\u012bta grupas Guns N&#039; Roses \u0123it\u0101ristam, raksturo aizraujo\u0161a \u017ee\u0146\u0161e\u0146a, kofe\u012bna un ingvera kombin\u0101cija ar maksim\u0101lu asumu! ...you\u2019ve been BUMBLEF**KED!!\" \/>\n<meta property=\"og:url\" content=\"https:\/\/hotta.eu\/lv\/shop\/bumblefoots-bumblefked\/\" \/>\n<meta property=\"og:site_name\" content=\"Hotta\" \/>\n<meta property=\"article:publisher\" content=\"https:\/\/www.facebook.com\/hotta.eu\" \/>\n<meta property=\"article:modified_time\" content=\"2025-11-17T00:48:39+00:00\" \/>\n<meta property=\"og:image\" content=\"https:\/\/hotta.eu\/wp-content\/uploads\/2024\/03\/IMG_3717a.jpg\" \/>\n\t<meta property=\"og:image:width\" content=\"1000\" \/>\n\t<meta property=\"og:image:height\" content=\"1000\" \/>\n\t<meta property=\"og:image:type\" content=\"image\/jpeg\" \/>\n<meta name=\"twitter:card\" content=\"summary_large_image\" \/>\n<meta name=\"twitter:site\" content=\"@hottashop\" \/>\n<meta name=\"twitter:label1\" content=\"Est. reading time\" \/>\n\t<meta name=\"twitter:data1\" content=\"1 minute\" \/>\n<script type=\"application\/ld+json\" class=\"yoast-schema-graph\">{\"@context\":\"https:\\\/\\\/schema.org\",\"@graph\":[{\"@type\":\"WebPage\",\"@id\":\"https:\\\/\\\/hotta.eu\\\/lv\\\/shop\\\/bumblefoots-bumblefked\\\/\",\"url\":\"https:\\\/\\\/hotta.eu\\\/lv\\\/shop\\\/bumblefoots-bumblefked\\\/\",\"name\":\"Bumblef**ked Hot Sauce - Hotta\",\"isPartOf\":{\"@id\":\"https:\\\/\\\/hotta.eu\\\/lv\\\/#website\"},\"primaryImageOfPage\":{\"@id\":\"https:\\\/\\\/hotta.eu\\\/lv\\\/shop\\\/bumblefoots-bumblefked\\\/#primaryimage\"},\"image\":{\"@id\":\"https:\\\/\\\/hotta.eu\\\/lv\\\/shop\\\/bumblefoots-bumblefked\\\/#primaryimage\"},\"thumbnailUrl\":\"https:\\\/\\\/hotta.eu\\\/wp-content\\\/uploads\\\/2024\\\/03\\\/IMG_3717a.jpg\",\"datePublished\":\"2020-05-05T19:11:41+00:00\",\"dateModified\":\"2025-11-17T00:48:39+00:00\",\"description\":\"Bumblefoot's Bumblef**ks ir nov\u0113rt\u0113ts ar 6 000 000 Skovila vien\u012bbu, kas to padara par nopietnu izaicin\u0101jumu. \u0160o m\u0113rci, kas velt\u012bta grupas Guns N' Roses \u0123it\u0101ristam, raksturo aizraujo\u0161a \u017ee\u0146\u0161e\u0146a, kofe\u012bna un ingvera kombin\u0101cija ar maksim\u0101lu asumu! ...you\u2019ve been BUMBLEF**KED!!\",\"breadcrumb\":{\"@id\":\"https:\\\/\\\/hotta.eu\\\/lv\\\/shop\\\/bumblefoots-bumblefked\\\/#breadcrumb\"},\"inLanguage\":\"lv-LV\",\"potentialAction\":[{\"@type\":\"ReadAction\",\"target\":[\"https:\\\/\\\/hotta.eu\\\/lv\\\/shop\\\/bumblefoots-bumblefked\\\/\"]}]},{\"@type\":\"ImageObject\",\"inLanguage\":\"lv-LV\",\"@id\":\"https:\\\/\\\/hotta.eu\\\/lv\\\/shop\\\/bumblefoots-bumblefked\\\/#primaryimage\",\"url\":\"https:\\\/\\\/hotta.eu\\\/wp-content\\\/uploads\\\/2024\\\/03\\\/IMG_3717a.jpg\",\"contentUrl\":\"https:\\\/\\\/hotta.eu\\\/wp-content\\\/uploads\\\/2024\\\/03\\\/IMG_3717a.jpg\",\"width\":1000,\"height\":1000},{\"@type\":\"BreadcrumbList\",\"@id\":\"https:\\\/\\\/hotta.eu\\\/lv\\\/shop\\\/bumblefoots-bumblefked\\\/#breadcrumb\",\"itemListElement\":[{\"@type\":\"ListItem\",\"position\":1,\"name\":\"S\u0101kums\",\"item\":\"https:\\\/\\\/hotta.eu\\\/lv\\\/sakumlapa\\\/\"},{\"@type\":\"ListItem\",\"position\":2,\"name\":\"Veikals\",\"item\":\"https:\\\/\\\/hotta.eu\\\/lv\\\/shop\\\/\"},{\"@type\":\"ListItem\",\"position\":3,\"name\":\"Bumblef**ked Hot Sauce\"}]},{\"@type\":\"WebSite\",\"@id\":\"https:\\\/\\\/hotta.eu\\\/lv\\\/#website\",\"url\":\"https:\\\/\\\/hotta.eu\\\/lv\\\/\",\"name\":\"Hotta\",\"description\":\"Makes your mouth burn a lotta!\",\"publisher\":{\"@id\":\"https:\\\/\\\/hotta.eu\\\/lv\\\/#organization\"},\"potentialAction\":[{\"@type\":\"SearchAction\",\"target\":{\"@type\":\"EntryPoint\",\"urlTemplate\":\"https:\\\/\\\/hotta.eu\\\/lv\\\/?s={search_term_string}\"},\"query-input\":{\"@type\":\"PropertyValueSpecification\",\"valueRequired\":true,\"valueName\":\"search_term_string\"}}],\"inLanguage\":\"lv-LV\"},{\"@type\":\"Organization\",\"@id\":\"https:\\\/\\\/hotta.eu\\\/lv\\\/#organization\",\"name\":\"Hotta\",\"url\":\"https:\\\/\\\/hotta.eu\\\/lv\\\/\",\"logo\":{\"@type\":\"ImageObject\",\"inLanguage\":\"lv-LV\",\"@id\":\"https:\\\/\\\/hotta.eu\\\/lv\\\/#\\\/schema\\\/logo\\\/image\\\/\",\"url\":\"https:\\\/\\\/hotta.eu\\\/wp-content\\\/uploads\\\/2025\\\/04\\\/hotta-logo-invoice.png\",\"contentUrl\":\"https:\\\/\\\/hotta.eu\\\/wp-content\\\/uploads\\\/2025\\\/04\\\/hotta-logo-invoice.png\",\"width\":600,\"height\":411,\"caption\":\"Hotta\"},\"image\":{\"@id\":\"https:\\\/\\\/hotta.eu\\\/lv\\\/#\\\/schema\\\/logo\\\/image\\\/\"},\"sameAs\":[\"https:\\\/\\\/www.facebook.com\\\/hotta.eu\",\"https:\\\/\\\/x.com\\\/hottashop\",\"https:\\\/\\\/www.instagram.com\\\/hotta.shop\"]}]}<\/script>\n<!-- \/ Yoast SEO plugin. -->","yoast_head_json":{"title":"Bumblef**ked Hot Sauce - Hotta","description":"Bumblefoot's Bumblef**ks ir nov\u0113rt\u0113ts ar 6 000 000 Skovila vien\u012bbu, kas to padara par nopietnu izaicin\u0101jumu. \u0160o m\u0113rci, kas velt\u012bta grupas Guns N' Roses \u0123it\u0101ristam, raksturo aizraujo\u0161a \u017ee\u0146\u0161e\u0146a, kofe\u012bna un ingvera kombin\u0101cija ar maksim\u0101lu asumu! ...you\u2019ve been BUMBLEF**KED!!","robots":{"index":"index","follow":"follow","max-snippet":"max-snippet:-1","max-image-preview":"max-image-preview:large","max-video-preview":"max-video-preview:-1"},"canonical":"https:\/\/hotta.eu\/lv\/shop\/bumblefoots-bumblefked\/","og_locale":"lv_LV","og_type":"article","og_title":"Bumblef**ked Hot Sauce - Hotta","og_description":"Bumblefoot's Bumblef**ks ir nov\u0113rt\u0113ts ar 6 000 000 Skovila vien\u012bbu, kas to padara par nopietnu izaicin\u0101jumu. \u0160o m\u0113rci, kas velt\u012bta grupas Guns N' Roses \u0123it\u0101ristam, raksturo aizraujo\u0161a \u017ee\u0146\u0161e\u0146a, kofe\u012bna un ingvera kombin\u0101cija ar maksim\u0101lu asumu! ...you\u2019ve been BUMBLEF**KED!!","og_url":"https:\/\/hotta.eu\/lv\/shop\/bumblefoots-bumblefked\/","og_site_name":"Hotta","article_publisher":"https:\/\/www.facebook.com\/hotta.eu","article_modified_time":"2025-11-17T00:48:39+00:00","og_image":[{"width":1000,"height":1000,"url":"https:\/\/hotta.eu\/wp-content\/uploads\/2024\/03\/IMG_3717a.jpg","type":"image\/jpeg"}],"twitter_card":"summary_large_image","twitter_site":"@hottashop","twitter_misc":{"Est. reading time":"1 minute"},"schema":{"@context":"https:\/\/schema.org","@graph":[{"@type":"WebPage","@id":"https:\/\/hotta.eu\/lv\/shop\/bumblefoots-bumblefked\/","url":"https:\/\/hotta.eu\/lv\/shop\/bumblefoots-bumblefked\/","name":"Bumblef**ked Hot Sauce - Hotta","isPartOf":{"@id":"https:\/\/hotta.eu\/lv\/#website"},"primaryImageOfPage":{"@id":"https:\/\/hotta.eu\/lv\/shop\/bumblefoots-bumblefked\/#primaryimage"},"image":{"@id":"https:\/\/hotta.eu\/lv\/shop\/bumblefoots-bumblefked\/#primaryimage"},"thumbnailUrl":"https:\/\/hotta.eu\/wp-content\/uploads\/2024\/03\/IMG_3717a.jpg","datePublished":"2020-05-05T19:11:41+00:00","dateModified":"2025-11-17T00:48:39+00:00","description":"Bumblefoot's Bumblef**ks ir nov\u0113rt\u0113ts ar 6 000 000 Skovila vien\u012bbu, kas to padara par nopietnu izaicin\u0101jumu. \u0160o m\u0113rci, kas velt\u012bta grupas Guns N' Roses \u0123it\u0101ristam, raksturo aizraujo\u0161a \u017ee\u0146\u0161e\u0146a, kofe\u012bna un ingvera kombin\u0101cija ar maksim\u0101lu asumu! ...you\u2019ve been BUMBLEF**KED!!","breadcrumb":{"@id":"https:\/\/hotta.eu\/lv\/shop\/bumblefoots-bumblefked\/#breadcrumb"},"inLanguage":"lv-LV","potentialAction":[{"@type":"ReadAction","target":["https:\/\/hotta.eu\/lv\/shop\/bumblefoots-bumblefked\/"]}]},{"@type":"ImageObject","inLanguage":"lv-LV","@id":"https:\/\/hotta.eu\/lv\/shop\/bumblefoots-bumblefked\/#primaryimage","url":"https:\/\/hotta.eu\/wp-content\/uploads\/2024\/03\/IMG_3717a.jpg","contentUrl":"https:\/\/hotta.eu\/wp-content\/uploads\/2024\/03\/IMG_3717a.jpg","width":1000,"height":1000},{"@type":"BreadcrumbList","@id":"https:\/\/hotta.eu\/lv\/shop\/bumblefoots-bumblefked\/#breadcrumb","itemListElement":[{"@type":"ListItem","position":1,"name":"S\u0101kums","item":"https:\/\/hotta.eu\/lv\/sakumlapa\/"},{"@type":"ListItem","position":2,"name":"Veikals","item":"https:\/\/hotta.eu\/lv\/shop\/"},{"@type":"ListItem","position":3,"name":"Bumblef**ked Hot Sauce"}]},{"@type":"WebSite","@id":"https:\/\/hotta.eu\/lv\/#website","url":"https:\/\/hotta.eu\/lv\/","name":"Hotta","description":"Makes your mouth burn a lotta!","publisher":{"@id":"https:\/\/hotta.eu\/lv\/#organization"},"potentialAction":[{"@type":"SearchAction","target":{"@type":"EntryPoint","urlTemplate":"https:\/\/hotta.eu\/lv\/?s={search_term_string}"},"query-input":{"@type":"PropertyValueSpecification","valueRequired":true,"valueName":"search_term_string"}}],"inLanguage":"lv-LV"},{"@type":"Organization","@id":"https:\/\/hotta.eu\/lv\/#organization","name":"Hotta","url":"https:\/\/hotta.eu\/lv\/","logo":{"@type":"ImageObject","inLanguage":"lv-LV","@id":"https:\/\/hotta.eu\/lv\/#\/schema\/logo\/image\/","url":"https:\/\/hotta.eu\/wp-content\/uploads\/2025\/04\/hotta-logo-invoice.png","contentUrl":"https:\/\/hotta.eu\/wp-content\/uploads\/2025\/04\/hotta-logo-invoice.png","width":600,"height":411,"caption":"Hotta"},"image":{"@id":"https:\/\/hotta.eu\/lv\/#\/schema\/logo\/image\/"},"sameAs":["https:\/\/www.facebook.com\/hotta.eu","https:\/\/x.com\/hottashop","https:\/\/www.instagram.com\/hotta.shop"]}]}},"jetpack_sharing_enabled":true,"_links":{"self":[{"href":"https:\/\/hotta.eu\/lv\/wp-json\/wp\/v2\/product\/19434","targetHints":{"allow":["GET"]}}],"collection":[{"href":"https:\/\/hotta.eu\/lv\/wp-json\/wp\/v2\/product"}],"about":[{"href":"https:\/\/hotta.eu\/lv\/wp-json\/wp\/v2\/types\/product"}],"replies":[{"embeddable":true,"href":"https:\/\/hotta.eu\/lv\/wp-json\/wp\/v2\/comments?post=19434"}],"wp:featuredmedia":[{"embeddable":true,"href":"https:\/\/hotta.eu\/lv\/wp-json\/wp\/v2\/media\/15931"}],"wp:attachment":[{"href":"https:\/\/hotta.eu\/lv\/wp-json\/wp\/v2\/media?parent=19434"}],"wp:term":[{"taxonomy":"product_cat","embeddable":true,"href":"https:\/\/hotta.eu\/lv\/wp-json\/wp\/v2\/product_cat?post=19434"},{"taxonomy":"product_tag","embeddable":true,"href":"https:\/\/hotta.eu\/lv\/wp-json\/wp\/v2\/product_tag?post=19434"},{"taxonomy":"giftcard-category","embeddable":true,"href":"https:\/\/hotta.eu\/lv\/wp-json\/wp\/v2\/giftcard-category?post=19434"}],"curies":[{"name":"wp","href":"https:\/\/api.w.org\/{rel}","templated":true}]}}