{"id":19456,"date":"2020-05-06T19:39:12","date_gmt":"2020-05-06T17:39:12","guid":{"rendered":"https:\/\/hotta.eu\/shop\/galiga-atbilde-karsta-merce\/"},"modified":"2026-04-06T17:25:57","modified_gmt":"2026-04-06T15:25:57","slug":"da-bomb-the-final-answer-hot-sauce","status":"publish","type":"product","link":"https:\/\/hotta.eu\/lv\/shop\/da-bomb-the-final-answer-hot-sauce\/","title":{"rendered":"The Final Answer Hot Sauce"},"content":{"rendered":"<p><strong>Sast\u0101vs<br \/>\n<\/strong>Habanero, \u010dilli ekstrakts, apriko\u017eu nekt\u0101rs, <strong>sinepju milti<\/strong>, \u0137iploki, melnie pipari, gar\u0161vielas.<\/p>\n<p><strong>Uztura inform\u0101cija (12 g)<br \/>\n<\/strong> Ener\u0123ija 41,8 kJ \/ 10 kcal, og\u013chidr\u0101ti 2 g.<\/p>\n<p><strong>Der\u012bgums un glab\u0101\u0161ana<\/strong><br \/>\nDer\u012bguma termi\u0146\u0161 uz pudel\u012btes attiecas uz neatv\u0113rtiem produktiem. Atv\u0113rtu produktu j\u0101uzglab\u0101 ledusskap\u012b.<\/p>\n","protected":false},"excerpt":{"rendered":"<p>Tas ir beigu punkts. 1 500 000 Scoville vien\u012bbu padara \u0161o Da Bomb izv\u0113li par <strong>\u013coti<\/strong> karstu m\u0113rci. Vair\u0101k nek\u0101 6 reizes as\u0101ks nek\u0101 Ground Zero un vair\u0101k nek\u0101 12 reizes as\u0101ks nek\u0101 Beyond Insanity. \u013baujiet man prezent\u0113t <strong>Gal\u012bgo atbildi<\/strong>!<\/p>\n<p>Lietojiet ar \u012bpa\u0161u piesardz\u012bbu! Pirms lieto\u0161anas at\u0161\u0137aid\u012bt.<br \/>\n[ywcwtl_form product_id=\"\"]<\/p>\n","protected":false},"featured_media":15963,"comment_status":"open","ping_status":"closed","template":"","meta":[],"product_cat":[918,916],"product_tag":[],"giftcard-category":[],"class_list":{"0":"post-19456","1":"product","2":"type-product","3":"status-publish","4":"has-post-thumbnail","6":"product_cat-ekstrems","7":"product_cat-merces","8":"pa_brand-spicin-foods","10":"first","11":"outofstock","12":"taxable","13":"shipping-taxable","14":"purchasable","15":"product-type-simple"},"yoast_head":"<!-- This site is optimized with the Yoast SEO plugin v27.3 - https:\/\/yoast.com\/product\/yoast-seo-wordpress\/ -->\n<title>The Final Answer Hot Sauce - Hotta<\/title>\n<meta name=\"description\" content=\"Tas ir beigu punkts. 1 500 000 Scoville vien\u012bbu padara \u0161o Da Bomb izv\u0113li par \u013coti karstu m\u0113rci. Vair\u0101k nek\u0101 6 reizes as\u0101ks nek\u0101 Ground Zero un vair\u0101k nek\u0101 12 reizes as\u0101ks nek\u0101 Beyond Insanity. \u013baujiet man prezent\u0113t Gal\u012bgo atbildi!\" \/>\n<meta name=\"robots\" content=\"index, follow, max-snippet:-1, max-image-preview:large, max-video-preview:-1\" \/>\n<link rel=\"canonical\" href=\"https:\/\/hotta.eu\/lv\/shop\/da-bomb-the-final-answer-hot-sauce\/\" \/>\n<meta property=\"og:locale\" content=\"lv_LV\" \/>\n<meta property=\"og:type\" content=\"article\" \/>\n<meta property=\"og:title\" content=\"The Final Answer Hot Sauce - Hotta\" \/>\n<meta property=\"og:description\" content=\"Tas ir beigu punkts. 1 500 000 Scoville vien\u012bbu padara \u0161o Da Bomb izv\u0113li par \u013coti karstu m\u0113rci. Vair\u0101k nek\u0101 6 reizes as\u0101ks nek\u0101 Ground Zero un vair\u0101k nek\u0101 12 reizes as\u0101ks nek\u0101 Beyond Insanity. \u013baujiet man prezent\u0113t Gal\u012bgo atbildi!\" \/>\n<meta property=\"og:url\" content=\"https:\/\/hotta.eu\/lv\/shop\/da-bomb-the-final-answer-hot-sauce\/\" \/>\n<meta property=\"og:site_name\" content=\"Hotta\" \/>\n<meta property=\"article:publisher\" content=\"https:\/\/www.facebook.com\/hotta.eu\" \/>\n<meta property=\"article:modified_time\" content=\"2026-04-06T15:25:57+00:00\" \/>\n<meta property=\"og:image\" content=\"https:\/\/hotta.eu\/wp-content\/uploads\/2024\/03\/IMG_3722a.jpg\" \/>\n\t<meta property=\"og:image:width\" content=\"2000\" \/>\n\t<meta property=\"og:image:height\" content=\"2000\" \/>\n\t<meta property=\"og:image:type\" content=\"image\/jpeg\" \/>\n<meta name=\"twitter:card\" content=\"summary_large_image\" \/>\n<meta name=\"twitter:site\" content=\"@hottashop\" \/>\n<meta name=\"twitter:label1\" content=\"Est. reading time\" \/>\n\t<meta name=\"twitter:data1\" content=\"1 minute\" \/>\n<script type=\"application\/ld+json\" class=\"yoast-schema-graph\">{\"@context\":\"https:\\\/\\\/schema.org\",\"@graph\":[{\"@type\":\"WebPage\",\"@id\":\"https:\\\/\\\/hotta.eu\\\/lv\\\/shop\\\/da-bomb-the-final-answer-hot-sauce\\\/\",\"url\":\"https:\\\/\\\/hotta.eu\\\/lv\\\/shop\\\/da-bomb-the-final-answer-hot-sauce\\\/\",\"name\":\"The Final Answer Hot Sauce - Hotta\",\"isPartOf\":{\"@id\":\"https:\\\/\\\/hotta.eu\\\/lv\\\/#website\"},\"primaryImageOfPage\":{\"@id\":\"https:\\\/\\\/hotta.eu\\\/lv\\\/shop\\\/da-bomb-the-final-answer-hot-sauce\\\/#primaryimage\"},\"image\":{\"@id\":\"https:\\\/\\\/hotta.eu\\\/lv\\\/shop\\\/da-bomb-the-final-answer-hot-sauce\\\/#primaryimage\"},\"thumbnailUrl\":\"https:\\\/\\\/hotta.eu\\\/wp-content\\\/uploads\\\/2024\\\/03\\\/IMG_3722a.jpg\",\"datePublished\":\"2020-05-06T17:39:12+00:00\",\"dateModified\":\"2026-04-06T15:25:57+00:00\",\"description\":\"Tas ir beigu punkts. 1 500 000 Scoville vien\u012bbu padara \u0161o Da Bomb izv\u0113li par \u013coti karstu m\u0113rci. Vair\u0101k nek\u0101 6 reizes as\u0101ks nek\u0101 Ground Zero un vair\u0101k nek\u0101 12 reizes as\u0101ks nek\u0101 Beyond Insanity. \u013baujiet man prezent\u0113t Gal\u012bgo atbildi!\",\"breadcrumb\":{\"@id\":\"https:\\\/\\\/hotta.eu\\\/lv\\\/shop\\\/da-bomb-the-final-answer-hot-sauce\\\/#breadcrumb\"},\"inLanguage\":\"lv-LV\",\"potentialAction\":[{\"@type\":\"ReadAction\",\"target\":[\"https:\\\/\\\/hotta.eu\\\/lv\\\/shop\\\/da-bomb-the-final-answer-hot-sauce\\\/\"]}]},{\"@type\":\"ImageObject\",\"inLanguage\":\"lv-LV\",\"@id\":\"https:\\\/\\\/hotta.eu\\\/lv\\\/shop\\\/da-bomb-the-final-answer-hot-sauce\\\/#primaryimage\",\"url\":\"https:\\\/\\\/hotta.eu\\\/wp-content\\\/uploads\\\/2024\\\/03\\\/IMG_3722a.jpg\",\"contentUrl\":\"https:\\\/\\\/hotta.eu\\\/wp-content\\\/uploads\\\/2024\\\/03\\\/IMG_3722a.jpg\",\"width\":2000,\"height\":2000},{\"@type\":\"BreadcrumbList\",\"@id\":\"https:\\\/\\\/hotta.eu\\\/lv\\\/shop\\\/da-bomb-the-final-answer-hot-sauce\\\/#breadcrumb\",\"itemListElement\":[{\"@type\":\"ListItem\",\"position\":1,\"name\":\"S\u0101kums\",\"item\":\"https:\\\/\\\/hotta.eu\\\/lv\\\/sakumlapa\\\/\"},{\"@type\":\"ListItem\",\"position\":2,\"name\":\"Veikals\",\"item\":\"https:\\\/\\\/hotta.eu\\\/lv\\\/shop\\\/\"},{\"@type\":\"ListItem\",\"position\":3,\"name\":\"The Final Answer Hot Sauce\"}]},{\"@type\":\"WebSite\",\"@id\":\"https:\\\/\\\/hotta.eu\\\/lv\\\/#website\",\"url\":\"https:\\\/\\\/hotta.eu\\\/lv\\\/\",\"name\":\"Hotta\",\"description\":\"Makes your mouth burn a lotta!\",\"publisher\":{\"@id\":\"https:\\\/\\\/hotta.eu\\\/lv\\\/#organization\"},\"potentialAction\":[{\"@type\":\"SearchAction\",\"target\":{\"@type\":\"EntryPoint\",\"urlTemplate\":\"https:\\\/\\\/hotta.eu\\\/lv\\\/?s={search_term_string}\"},\"query-input\":{\"@type\":\"PropertyValueSpecification\",\"valueRequired\":true,\"valueName\":\"search_term_string\"}}],\"inLanguage\":\"lv-LV\"},{\"@type\":\"Organization\",\"@id\":\"https:\\\/\\\/hotta.eu\\\/lv\\\/#organization\",\"name\":\"Hotta\",\"url\":\"https:\\\/\\\/hotta.eu\\\/lv\\\/\",\"logo\":{\"@type\":\"ImageObject\",\"inLanguage\":\"lv-LV\",\"@id\":\"https:\\\/\\\/hotta.eu\\\/lv\\\/#\\\/schema\\\/logo\\\/image\\\/\",\"url\":\"https:\\\/\\\/hotta.eu\\\/wp-content\\\/uploads\\\/2025\\\/04\\\/hotta-logo-invoice.png\",\"contentUrl\":\"https:\\\/\\\/hotta.eu\\\/wp-content\\\/uploads\\\/2025\\\/04\\\/hotta-logo-invoice.png\",\"width\":600,\"height\":411,\"caption\":\"Hotta\"},\"image\":{\"@id\":\"https:\\\/\\\/hotta.eu\\\/lv\\\/#\\\/schema\\\/logo\\\/image\\\/\"},\"sameAs\":[\"https:\\\/\\\/www.facebook.com\\\/hotta.eu\",\"https:\\\/\\\/x.com\\\/hottashop\",\"https:\\\/\\\/www.instagram.com\\\/hotta.shop\"]}]}<\/script>\n<!-- \/ Yoast SEO plugin. -->","yoast_head_json":{"title":"The Final Answer Hot Sauce - Hotta","description":"Tas ir beigu punkts. 1 500 000 Scoville vien\u012bbu padara \u0161o Da Bomb izv\u0113li par \u013coti karstu m\u0113rci. Vair\u0101k nek\u0101 6 reizes as\u0101ks nek\u0101 Ground Zero un vair\u0101k nek\u0101 12 reizes as\u0101ks nek\u0101 Beyond Insanity. \u013baujiet man prezent\u0113t Gal\u012bgo atbildi!","robots":{"index":"index","follow":"follow","max-snippet":"max-snippet:-1","max-image-preview":"max-image-preview:large","max-video-preview":"max-video-preview:-1"},"canonical":"https:\/\/hotta.eu\/lv\/shop\/da-bomb-the-final-answer-hot-sauce\/","og_locale":"lv_LV","og_type":"article","og_title":"The Final Answer Hot Sauce - Hotta","og_description":"Tas ir beigu punkts. 1 500 000 Scoville vien\u012bbu padara \u0161o Da Bomb izv\u0113li par \u013coti karstu m\u0113rci. Vair\u0101k nek\u0101 6 reizes as\u0101ks nek\u0101 Ground Zero un vair\u0101k nek\u0101 12 reizes as\u0101ks nek\u0101 Beyond Insanity. \u013baujiet man prezent\u0113t Gal\u012bgo atbildi!","og_url":"https:\/\/hotta.eu\/lv\/shop\/da-bomb-the-final-answer-hot-sauce\/","og_site_name":"Hotta","article_publisher":"https:\/\/www.facebook.com\/hotta.eu","article_modified_time":"2026-04-06T15:25:57+00:00","og_image":[{"width":2000,"height":2000,"url":"https:\/\/hotta.eu\/wp-content\/uploads\/2024\/03\/IMG_3722a.jpg","type":"image\/jpeg"}],"twitter_card":"summary_large_image","twitter_site":"@hottashop","twitter_misc":{"Est. reading time":"1 minute"},"schema":{"@context":"https:\/\/schema.org","@graph":[{"@type":"WebPage","@id":"https:\/\/hotta.eu\/lv\/shop\/da-bomb-the-final-answer-hot-sauce\/","url":"https:\/\/hotta.eu\/lv\/shop\/da-bomb-the-final-answer-hot-sauce\/","name":"The Final Answer Hot Sauce - Hotta","isPartOf":{"@id":"https:\/\/hotta.eu\/lv\/#website"},"primaryImageOfPage":{"@id":"https:\/\/hotta.eu\/lv\/shop\/da-bomb-the-final-answer-hot-sauce\/#primaryimage"},"image":{"@id":"https:\/\/hotta.eu\/lv\/shop\/da-bomb-the-final-answer-hot-sauce\/#primaryimage"},"thumbnailUrl":"https:\/\/hotta.eu\/wp-content\/uploads\/2024\/03\/IMG_3722a.jpg","datePublished":"2020-05-06T17:39:12+00:00","dateModified":"2026-04-06T15:25:57+00:00","description":"Tas ir beigu punkts. 1 500 000 Scoville vien\u012bbu padara \u0161o Da Bomb izv\u0113li par \u013coti karstu m\u0113rci. Vair\u0101k nek\u0101 6 reizes as\u0101ks nek\u0101 Ground Zero un vair\u0101k nek\u0101 12 reizes as\u0101ks nek\u0101 Beyond Insanity. \u013baujiet man prezent\u0113t Gal\u012bgo atbildi!","breadcrumb":{"@id":"https:\/\/hotta.eu\/lv\/shop\/da-bomb-the-final-answer-hot-sauce\/#breadcrumb"},"inLanguage":"lv-LV","potentialAction":[{"@type":"ReadAction","target":["https:\/\/hotta.eu\/lv\/shop\/da-bomb-the-final-answer-hot-sauce\/"]}]},{"@type":"ImageObject","inLanguage":"lv-LV","@id":"https:\/\/hotta.eu\/lv\/shop\/da-bomb-the-final-answer-hot-sauce\/#primaryimage","url":"https:\/\/hotta.eu\/wp-content\/uploads\/2024\/03\/IMG_3722a.jpg","contentUrl":"https:\/\/hotta.eu\/wp-content\/uploads\/2024\/03\/IMG_3722a.jpg","width":2000,"height":2000},{"@type":"BreadcrumbList","@id":"https:\/\/hotta.eu\/lv\/shop\/da-bomb-the-final-answer-hot-sauce\/#breadcrumb","itemListElement":[{"@type":"ListItem","position":1,"name":"S\u0101kums","item":"https:\/\/hotta.eu\/lv\/sakumlapa\/"},{"@type":"ListItem","position":2,"name":"Veikals","item":"https:\/\/hotta.eu\/lv\/shop\/"},{"@type":"ListItem","position":3,"name":"The Final Answer Hot Sauce"}]},{"@type":"WebSite","@id":"https:\/\/hotta.eu\/lv\/#website","url":"https:\/\/hotta.eu\/lv\/","name":"Hotta","description":"Makes your mouth burn a lotta!","publisher":{"@id":"https:\/\/hotta.eu\/lv\/#organization"},"potentialAction":[{"@type":"SearchAction","target":{"@type":"EntryPoint","urlTemplate":"https:\/\/hotta.eu\/lv\/?s={search_term_string}"},"query-input":{"@type":"PropertyValueSpecification","valueRequired":true,"valueName":"search_term_string"}}],"inLanguage":"lv-LV"},{"@type":"Organization","@id":"https:\/\/hotta.eu\/lv\/#organization","name":"Hotta","url":"https:\/\/hotta.eu\/lv\/","logo":{"@type":"ImageObject","inLanguage":"lv-LV","@id":"https:\/\/hotta.eu\/lv\/#\/schema\/logo\/image\/","url":"https:\/\/hotta.eu\/wp-content\/uploads\/2025\/04\/hotta-logo-invoice.png","contentUrl":"https:\/\/hotta.eu\/wp-content\/uploads\/2025\/04\/hotta-logo-invoice.png","width":600,"height":411,"caption":"Hotta"},"image":{"@id":"https:\/\/hotta.eu\/lv\/#\/schema\/logo\/image\/"},"sameAs":["https:\/\/www.facebook.com\/hotta.eu","https:\/\/x.com\/hottashop","https:\/\/www.instagram.com\/hotta.shop"]}]}},"jetpack_sharing_enabled":true,"_links":{"self":[{"href":"https:\/\/hotta.eu\/lv\/wp-json\/wp\/v2\/product\/19456","targetHints":{"allow":["GET"]}}],"collection":[{"href":"https:\/\/hotta.eu\/lv\/wp-json\/wp\/v2\/product"}],"about":[{"href":"https:\/\/hotta.eu\/lv\/wp-json\/wp\/v2\/types\/product"}],"replies":[{"embeddable":true,"href":"https:\/\/hotta.eu\/lv\/wp-json\/wp\/v2\/comments?post=19456"}],"wp:featuredmedia":[{"embeddable":true,"href":"https:\/\/hotta.eu\/lv\/wp-json\/wp\/v2\/media\/15963"}],"wp:attachment":[{"href":"https:\/\/hotta.eu\/lv\/wp-json\/wp\/v2\/media?parent=19456"}],"wp:term":[{"taxonomy":"product_cat","embeddable":true,"href":"https:\/\/hotta.eu\/lv\/wp-json\/wp\/v2\/product_cat?post=19456"},{"taxonomy":"product_tag","embeddable":true,"href":"https:\/\/hotta.eu\/lv\/wp-json\/wp\/v2\/product_tag?post=19456"},{"taxonomy":"giftcard-category","embeddable":true,"href":"https:\/\/hotta.eu\/lv\/wp-json\/wp\/v2\/giftcard-category?post=19456"}],"curies":[{"name":"wp","href":"https:\/\/api.w.org\/{rel}","templated":true}]}}