{"id":19473,"date":"2020-08-28T22:02:39","date_gmt":"2020-08-28T20:02:39","guid":{"rendered":"https:\/\/hotta.eu\/shop\/karstuma-pastiprinatajs-karsta-merce\/"},"modified":"2024-12-27T12:42:08","modified_gmt":"2024-12-27T10:42:08","slug":"heat-enhancer-hot-sauce","status":"publish","type":"product","link":"https:\/\/hotta.eu\/lv\/shop\/heat-enhancer-hot-sauce\/","title":{"rendered":"Heat Enhancer Hot Sauce"},"content":{"rendered":"<p><strong>Sast\u0101vda\u013cas<\/strong><br \/>\nCukurs, habanero \u010dilli (30 %), sil\u012bcijsk\u0101be, \u016bdens, tom\u0101tu koncentr\u0101ts, kalt\u0113ts \u010dipotle \u010dilli (6 %), cukura s\u012brups, viskijs, s\u0101ls, k\u016bpin\u0101ta paprika, s\u012bpoli, <strong>piensk\u0101be<\/strong>, eti\u0137sk\u0101be, karamele, tom\u0101tu biezenis, <strong>sojas e\u013c\u013ca<\/strong>, k\u0101lija sorb\u0101ts, kukur\u016bzas ciete, d\u016bmu aromatiz\u0113t\u0101js, gar\u0161vielas, kalt\u0113ti \u010dilli.<\/p>\n<p><strong>Uzturv\u0113rt\u012bba (100 g)<br \/>\n<\/strong>Ener\u0123ija 611 kJ \/ 143 kcal, tauki 0,3 g, og\u013chidr\u0101ti 33,1 g, no tiem cukuri 31,5 g, olbaltumvielas 0,9 g.<\/p>\n<p><strong>Der\u012bgums un glab\u0101\u0161ana<\/strong><br \/>\nDer\u012bguma termi\u0146\u0161 uz pudel\u012btes attiecas uz neatv\u0113rtiem produktiem. Atv\u0113rtu produktu j\u0101uzglab\u0101 ledusskap\u012b.<\/p>\n","protected":false},"excerpt":{"rendered":"<p>Raijmakers Heetmakers ir jauns N\u012bderlandes ra\u017eot\u0101js. Izcils dizains un lieliska gaume. Pat\u012bkami d\u016bmakains \u010dipotle, habanero un viskija mais\u012bjums. Lab\u0101kais asums un atkar\u012bbu izraiso\u0161\u0101 gar\u0161a! <em>Izmantojiet to, kad j\u016btaties auksti!<\/em><br \/>\n[ywcwtl_form product_id=\"\"]<\/p>\n","protected":false},"featured_media":15771,"comment_status":"open","ping_status":"closed","template":"","meta":[],"product_cat":[916,922],"product_tag":[],"giftcard-category":[],"class_list":{"0":"post-19473","1":"product","2":"type-product","3":"status-publish","4":"has-post-thumbnail","6":"product_cat-merces","7":"product_cat-videjs","8":"pa_brand-raijmakers-heetmakers","10":"first","11":"outofstock","12":"taxable","13":"shipping-taxable","14":"purchasable","15":"product-type-simple"},"yoast_head":"<!-- This site is optimized with the Yoast SEO plugin v27.3 - https:\/\/yoast.com\/product\/yoast-seo-wordpress\/ -->\n<title>Heat Enhancer Hot Sauce - Hotta<\/title>\n<meta name=\"description\" content=\"Raijmakers Heetmakers ir jauns N\u012bderlandes ra\u017eot\u0101js. Izcils dizains un lieliska gaume. Pat\u012bkami d\u016bmakains \u010dipotle, habanero un viskija mais\u012bjums. Karstums, kas neliks vilties, un gar\u0161a, kas izraisa atkar\u012bbu! Izmantojiet to, kad j\u016btaties auksti!\" \/>\n<meta name=\"robots\" content=\"index, follow, max-snippet:-1, max-image-preview:large, max-video-preview:-1\" \/>\n<link rel=\"canonical\" href=\"https:\/\/hotta.eu\/lv\/shop\/heat-enhancer-hot-sauce\/\" \/>\n<meta property=\"og:locale\" content=\"lv_LV\" \/>\n<meta property=\"og:type\" content=\"article\" \/>\n<meta property=\"og:title\" content=\"Heat Enhancer Hot Sauce - Hotta\" \/>\n<meta property=\"og:description\" content=\"Raijmakers Heetmakers ir jauns N\u012bderlandes ra\u017eot\u0101js. Izcils dizains un lieliska gaume. Pat\u012bkami d\u016bmakains \u010dipotle, habanero un viskija mais\u012bjums. Karstums, kas neliks vilties, un gar\u0161a, kas izraisa atkar\u012bbu! Izmantojiet to, kad j\u016btaties auksti!\" \/>\n<meta property=\"og:url\" content=\"https:\/\/hotta.eu\/lv\/shop\/heat-enhancer-hot-sauce\/\" \/>\n<meta property=\"og:site_name\" content=\"Hotta\" \/>\n<meta property=\"article:publisher\" content=\"https:\/\/www.facebook.com\/hotta.eu\" \/>\n<meta property=\"article:modified_time\" content=\"2024-12-27T10:42:08+00:00\" \/>\n<meta property=\"og:image\" content=\"https:\/\/hotta.eu\/wp-content\/uploads\/2024\/03\/IMG_9801.jpg\" \/>\n\t<meta property=\"og:image:width\" content=\"1955\" \/>\n\t<meta property=\"og:image:height\" content=\"1955\" \/>\n\t<meta property=\"og:image:type\" content=\"image\/jpeg\" \/>\n<meta name=\"twitter:card\" content=\"summary_large_image\" \/>\n<meta name=\"twitter:site\" content=\"@hottashop\" \/>\n<meta name=\"twitter:label1\" content=\"Est. reading time\" \/>\n\t<meta name=\"twitter:data1\" content=\"1 minute\" \/>\n<script type=\"application\/ld+json\" class=\"yoast-schema-graph\">{\"@context\":\"https:\\\/\\\/schema.org\",\"@graph\":[{\"@type\":\"WebPage\",\"@id\":\"https:\\\/\\\/hotta.eu\\\/lv\\\/shop\\\/heat-enhancer-hot-sauce\\\/\",\"url\":\"https:\\\/\\\/hotta.eu\\\/lv\\\/shop\\\/heat-enhancer-hot-sauce\\\/\",\"name\":\"Heat Enhancer Hot Sauce - Hotta\",\"isPartOf\":{\"@id\":\"https:\\\/\\\/hotta.eu\\\/lv\\\/#website\"},\"primaryImageOfPage\":{\"@id\":\"https:\\\/\\\/hotta.eu\\\/lv\\\/shop\\\/heat-enhancer-hot-sauce\\\/#primaryimage\"},\"image\":{\"@id\":\"https:\\\/\\\/hotta.eu\\\/lv\\\/shop\\\/heat-enhancer-hot-sauce\\\/#primaryimage\"},\"thumbnailUrl\":\"https:\\\/\\\/hotta.eu\\\/wp-content\\\/uploads\\\/2024\\\/03\\\/IMG_9801.jpg\",\"datePublished\":\"2020-08-28T20:02:39+00:00\",\"dateModified\":\"2024-12-27T10:42:08+00:00\",\"description\":\"Raijmakers Heetmakers ir jauns N\u012bderlandes ra\u017eot\u0101js. Izcils dizains un lieliska gaume. Pat\u012bkami d\u016bmakains \u010dipotle, habanero un viskija mais\u012bjums. Karstums, kas neliks vilties, un gar\u0161a, kas izraisa atkar\u012bbu! Izmantojiet to, kad j\u016btaties auksti!\",\"breadcrumb\":{\"@id\":\"https:\\\/\\\/hotta.eu\\\/lv\\\/shop\\\/heat-enhancer-hot-sauce\\\/#breadcrumb\"},\"inLanguage\":\"lv-LV\",\"potentialAction\":[{\"@type\":\"ReadAction\",\"target\":[\"https:\\\/\\\/hotta.eu\\\/lv\\\/shop\\\/heat-enhancer-hot-sauce\\\/\"]}]},{\"@type\":\"ImageObject\",\"inLanguage\":\"lv-LV\",\"@id\":\"https:\\\/\\\/hotta.eu\\\/lv\\\/shop\\\/heat-enhancer-hot-sauce\\\/#primaryimage\",\"url\":\"https:\\\/\\\/hotta.eu\\\/wp-content\\\/uploads\\\/2024\\\/03\\\/IMG_9801.jpg\",\"contentUrl\":\"https:\\\/\\\/hotta.eu\\\/wp-content\\\/uploads\\\/2024\\\/03\\\/IMG_9801.jpg\",\"width\":1955,\"height\":1955},{\"@type\":\"BreadcrumbList\",\"@id\":\"https:\\\/\\\/hotta.eu\\\/lv\\\/shop\\\/heat-enhancer-hot-sauce\\\/#breadcrumb\",\"itemListElement\":[{\"@type\":\"ListItem\",\"position\":1,\"name\":\"S\u0101kums\",\"item\":\"https:\\\/\\\/hotta.eu\\\/lv\\\/sakumlapa\\\/\"},{\"@type\":\"ListItem\",\"position\":2,\"name\":\"Veikals\",\"item\":\"https:\\\/\\\/hotta.eu\\\/lv\\\/shop\\\/\"},{\"@type\":\"ListItem\",\"position\":3,\"name\":\"Heat Enhancer Hot Sauce\"}]},{\"@type\":\"WebSite\",\"@id\":\"https:\\\/\\\/hotta.eu\\\/lv\\\/#website\",\"url\":\"https:\\\/\\\/hotta.eu\\\/lv\\\/\",\"name\":\"Hotta\",\"description\":\"Makes your mouth burn a lotta!\",\"publisher\":{\"@id\":\"https:\\\/\\\/hotta.eu\\\/lv\\\/#organization\"},\"potentialAction\":[{\"@type\":\"SearchAction\",\"target\":{\"@type\":\"EntryPoint\",\"urlTemplate\":\"https:\\\/\\\/hotta.eu\\\/lv\\\/?s={search_term_string}\"},\"query-input\":{\"@type\":\"PropertyValueSpecification\",\"valueRequired\":true,\"valueName\":\"search_term_string\"}}],\"inLanguage\":\"lv-LV\"},{\"@type\":\"Organization\",\"@id\":\"https:\\\/\\\/hotta.eu\\\/lv\\\/#organization\",\"name\":\"Hotta\",\"url\":\"https:\\\/\\\/hotta.eu\\\/lv\\\/\",\"logo\":{\"@type\":\"ImageObject\",\"inLanguage\":\"lv-LV\",\"@id\":\"https:\\\/\\\/hotta.eu\\\/lv\\\/#\\\/schema\\\/logo\\\/image\\\/\",\"url\":\"https:\\\/\\\/hotta.eu\\\/wp-content\\\/uploads\\\/2025\\\/04\\\/hotta-logo-invoice.png\",\"contentUrl\":\"https:\\\/\\\/hotta.eu\\\/wp-content\\\/uploads\\\/2025\\\/04\\\/hotta-logo-invoice.png\",\"width\":600,\"height\":411,\"caption\":\"Hotta\"},\"image\":{\"@id\":\"https:\\\/\\\/hotta.eu\\\/lv\\\/#\\\/schema\\\/logo\\\/image\\\/\"},\"sameAs\":[\"https:\\\/\\\/www.facebook.com\\\/hotta.eu\",\"https:\\\/\\\/x.com\\\/hottashop\",\"https:\\\/\\\/www.instagram.com\\\/hotta.shop\"]}]}<\/script>\n<!-- \/ Yoast SEO plugin. -->","yoast_head_json":{"title":"Heat Enhancer Hot Sauce - Hotta","description":"Raijmakers Heetmakers ir jauns N\u012bderlandes ra\u017eot\u0101js. Izcils dizains un lieliska gaume. Pat\u012bkami d\u016bmakains \u010dipotle, habanero un viskija mais\u012bjums. Karstums, kas neliks vilties, un gar\u0161a, kas izraisa atkar\u012bbu! Izmantojiet to, kad j\u016btaties auksti!","robots":{"index":"index","follow":"follow","max-snippet":"max-snippet:-1","max-image-preview":"max-image-preview:large","max-video-preview":"max-video-preview:-1"},"canonical":"https:\/\/hotta.eu\/lv\/shop\/heat-enhancer-hot-sauce\/","og_locale":"lv_LV","og_type":"article","og_title":"Heat Enhancer Hot Sauce - Hotta","og_description":"Raijmakers Heetmakers ir jauns N\u012bderlandes ra\u017eot\u0101js. Izcils dizains un lieliska gaume. Pat\u012bkami d\u016bmakains \u010dipotle, habanero un viskija mais\u012bjums. Karstums, kas neliks vilties, un gar\u0161a, kas izraisa atkar\u012bbu! Izmantojiet to, kad j\u016btaties auksti!","og_url":"https:\/\/hotta.eu\/lv\/shop\/heat-enhancer-hot-sauce\/","og_site_name":"Hotta","article_publisher":"https:\/\/www.facebook.com\/hotta.eu","article_modified_time":"2024-12-27T10:42:08+00:00","og_image":[{"width":1955,"height":1955,"url":"https:\/\/hotta.eu\/wp-content\/uploads\/2024\/03\/IMG_9801.jpg","type":"image\/jpeg"}],"twitter_card":"summary_large_image","twitter_site":"@hottashop","twitter_misc":{"Est. reading time":"1 minute"},"schema":{"@context":"https:\/\/schema.org","@graph":[{"@type":"WebPage","@id":"https:\/\/hotta.eu\/lv\/shop\/heat-enhancer-hot-sauce\/","url":"https:\/\/hotta.eu\/lv\/shop\/heat-enhancer-hot-sauce\/","name":"Heat Enhancer Hot Sauce - Hotta","isPartOf":{"@id":"https:\/\/hotta.eu\/lv\/#website"},"primaryImageOfPage":{"@id":"https:\/\/hotta.eu\/lv\/shop\/heat-enhancer-hot-sauce\/#primaryimage"},"image":{"@id":"https:\/\/hotta.eu\/lv\/shop\/heat-enhancer-hot-sauce\/#primaryimage"},"thumbnailUrl":"https:\/\/hotta.eu\/wp-content\/uploads\/2024\/03\/IMG_9801.jpg","datePublished":"2020-08-28T20:02:39+00:00","dateModified":"2024-12-27T10:42:08+00:00","description":"Raijmakers Heetmakers ir jauns N\u012bderlandes ra\u017eot\u0101js. Izcils dizains un lieliska gaume. Pat\u012bkami d\u016bmakains \u010dipotle, habanero un viskija mais\u012bjums. Karstums, kas neliks vilties, un gar\u0161a, kas izraisa atkar\u012bbu! Izmantojiet to, kad j\u016btaties auksti!","breadcrumb":{"@id":"https:\/\/hotta.eu\/lv\/shop\/heat-enhancer-hot-sauce\/#breadcrumb"},"inLanguage":"lv-LV","potentialAction":[{"@type":"ReadAction","target":["https:\/\/hotta.eu\/lv\/shop\/heat-enhancer-hot-sauce\/"]}]},{"@type":"ImageObject","inLanguage":"lv-LV","@id":"https:\/\/hotta.eu\/lv\/shop\/heat-enhancer-hot-sauce\/#primaryimage","url":"https:\/\/hotta.eu\/wp-content\/uploads\/2024\/03\/IMG_9801.jpg","contentUrl":"https:\/\/hotta.eu\/wp-content\/uploads\/2024\/03\/IMG_9801.jpg","width":1955,"height":1955},{"@type":"BreadcrumbList","@id":"https:\/\/hotta.eu\/lv\/shop\/heat-enhancer-hot-sauce\/#breadcrumb","itemListElement":[{"@type":"ListItem","position":1,"name":"S\u0101kums","item":"https:\/\/hotta.eu\/lv\/sakumlapa\/"},{"@type":"ListItem","position":2,"name":"Veikals","item":"https:\/\/hotta.eu\/lv\/shop\/"},{"@type":"ListItem","position":3,"name":"Heat Enhancer Hot Sauce"}]},{"@type":"WebSite","@id":"https:\/\/hotta.eu\/lv\/#website","url":"https:\/\/hotta.eu\/lv\/","name":"Hotta","description":"Makes your mouth burn a lotta!","publisher":{"@id":"https:\/\/hotta.eu\/lv\/#organization"},"potentialAction":[{"@type":"SearchAction","target":{"@type":"EntryPoint","urlTemplate":"https:\/\/hotta.eu\/lv\/?s={search_term_string}"},"query-input":{"@type":"PropertyValueSpecification","valueRequired":true,"valueName":"search_term_string"}}],"inLanguage":"lv-LV"},{"@type":"Organization","@id":"https:\/\/hotta.eu\/lv\/#organization","name":"Hotta","url":"https:\/\/hotta.eu\/lv\/","logo":{"@type":"ImageObject","inLanguage":"lv-LV","@id":"https:\/\/hotta.eu\/lv\/#\/schema\/logo\/image\/","url":"https:\/\/hotta.eu\/wp-content\/uploads\/2025\/04\/hotta-logo-invoice.png","contentUrl":"https:\/\/hotta.eu\/wp-content\/uploads\/2025\/04\/hotta-logo-invoice.png","width":600,"height":411,"caption":"Hotta"},"image":{"@id":"https:\/\/hotta.eu\/lv\/#\/schema\/logo\/image\/"},"sameAs":["https:\/\/www.facebook.com\/hotta.eu","https:\/\/x.com\/hottashop","https:\/\/www.instagram.com\/hotta.shop"]}]}},"jetpack_sharing_enabled":true,"_links":{"self":[{"href":"https:\/\/hotta.eu\/lv\/wp-json\/wp\/v2\/product\/19473","targetHints":{"allow":["GET"]}}],"collection":[{"href":"https:\/\/hotta.eu\/lv\/wp-json\/wp\/v2\/product"}],"about":[{"href":"https:\/\/hotta.eu\/lv\/wp-json\/wp\/v2\/types\/product"}],"replies":[{"embeddable":true,"href":"https:\/\/hotta.eu\/lv\/wp-json\/wp\/v2\/comments?post=19473"}],"wp:featuredmedia":[{"embeddable":true,"href":"https:\/\/hotta.eu\/lv\/wp-json\/wp\/v2\/media\/15771"}],"wp:attachment":[{"href":"https:\/\/hotta.eu\/lv\/wp-json\/wp\/v2\/media?parent=19473"}],"wp:term":[{"taxonomy":"product_cat","embeddable":true,"href":"https:\/\/hotta.eu\/lv\/wp-json\/wp\/v2\/product_cat?post=19473"},{"taxonomy":"product_tag","embeddable":true,"href":"https:\/\/hotta.eu\/lv\/wp-json\/wp\/v2\/product_tag?post=19473"},{"taxonomy":"giftcard-category","embeddable":true,"href":"https:\/\/hotta.eu\/lv\/wp-json\/wp\/v2\/giftcard-category?post=19473"}],"curies":[{"name":"wp","href":"https:\/\/api.w.org\/{rel}","templated":true}]}}