{"id":19492,"date":"2020-09-25T22:25:37","date_gmt":"2020-09-25T20:25:37","guid":{"rendered":"https:\/\/hotta.eu\/shop\/cilli-laima-karsta-merce\/"},"modified":"2024-12-27T12:42:03","modified_gmt":"2024-12-27T10:42:03","slug":"chili-lime-hot-sauce","status":"publish","type":"product","link":"https:\/\/hotta.eu\/lv\/shop\/chili-lime-hot-sauce\/","title":{"rendered":"Chili Lime Hot Sauce"},"content":{"rendered":"<p><strong>Sast\u0101vda\u013cas<\/strong><br \/>\n\u016adens, eti\u0137sk\u0101be, \u010dilli, s\u0101ls, cukurs, kalt\u0113ti tom\u0101ti, dab\u012bg\u0101s gar\u0161vielas, hidroliz\u0113tas augu olbaltumvielas, citronsk\u0101be, sil\u012bcija dioks\u012bds, gar\u0161vielas, \u0137iploki, ksant\u0101na sve\u0137i.<\/p>\n<p><strong>Uztura inform\u0101cija (100 g)<br \/>\n<\/strong> Ener\u0123ija 186,6 kJ \/ 44,6 kcal, og\u013chidr\u0101ti 8,3 g, no tiem cukuri 2,3 g, s\u0101ls 1,8 g.<\/p>\n<p><strong>Der\u012bgums un glab\u0101\u0161ana<\/strong><br \/>\nDer\u012bguma termi\u0146\u0161 uz pudel\u012btes attiecas uz neatv\u0113rtiem produktiem. Atv\u0113rtu produktu j\u0101uzglab\u0101 ledusskap\u012b.<\/p>\n","protected":false},"excerpt":{"rendered":"<p>Cholula ir m\u0113rce, ko ra\u017eo Meksik\u0101, kur t\u0101 ir ar\u012b \u013coti izplat\u012bta. Ikonisk\u0101 koka kor\u0137a kaste ir nosaukta 2500 gadus vec\u0101s Meksikas pils\u0113tas Cholula v\u0101rd\u0101. Ori\u0123in\u0101l\u0101 Cholula ir iekarojusi daudzu sirdis. Ja jums patika ori\u0123in\u0101l\u0101 gar\u0161a, noteikti atrad\u012bsiet interesantu gar\u0161as pieredzi Cholula Chili Lime variant\u0101!<br \/>\n[ywcwtl_form product_id=\"\"]<\/p>\n","protected":false},"featured_media":16039,"comment_status":"open","ping_status":"closed","template":"","meta":[],"product_cat":[924,916],"product_tag":[],"giftcard-category":[],"class_list":{"0":"post-19492","1":"product","2":"type-product","3":"status-publish","4":"has-post-thumbnail","6":"product_cat-maigs","7":"product_cat-merces","8":"pa_brand-cholula","10":"first","11":"outofstock","12":"taxable","13":"shipping-taxable","14":"purchasable","15":"product-type-simple"},"yoast_head":"<!-- This site is optimized with the Yoast SEO plugin v27.3 - https:\/\/yoast.com\/product\/yoast-seo-wordpress\/ -->\n<title>Chili Lime Hot Sauce - Hotta<\/title>\n<meta name=\"description\" content=\"Cholula ir m\u0113rce, ko ra\u017eo Meksik\u0101, kur t\u0101 ir ar\u012b \u013coti izplat\u012bta. Ikonisk\u0101 koka kor\u0137a kaste ir nosaukta 2500 gadus vec\u0101s Meksikas pils\u0113tas Cholula v\u0101rd\u0101.\" \/>\n<meta name=\"robots\" content=\"index, follow, max-snippet:-1, max-image-preview:large, max-video-preview:-1\" \/>\n<link rel=\"canonical\" href=\"https:\/\/hotta.eu\/lv\/shop\/chili-lime-hot-sauce\/\" \/>\n<meta property=\"og:locale\" content=\"lv_LV\" \/>\n<meta property=\"og:type\" content=\"article\" \/>\n<meta property=\"og:title\" content=\"Chili Lime Hot Sauce - Hotta\" \/>\n<meta property=\"og:description\" content=\"Cholula ir m\u0113rce, ko ra\u017eo Meksik\u0101, kur t\u0101 ir ar\u012b \u013coti izplat\u012bta. Ikonisk\u0101 koka kor\u0137a kaste ir nosaukta 2500 gadus vec\u0101s Meksikas pils\u0113tas Cholula v\u0101rd\u0101.\" \/>\n<meta property=\"og:url\" content=\"https:\/\/hotta.eu\/lv\/shop\/chili-lime-hot-sauce\/\" \/>\n<meta property=\"og:site_name\" content=\"Hotta\" \/>\n<meta property=\"article:publisher\" content=\"https:\/\/www.facebook.com\/hotta.eu\" \/>\n<meta property=\"article:modified_time\" content=\"2024-12-27T10:42:03+00:00\" \/>\n<meta property=\"og:image\" content=\"https:\/\/hotta.eu\/wp-content\/uploads\/2024\/03\/IMG_9815.jpg\" \/>\n\t<meta property=\"og:image:width\" content=\"1000\" \/>\n\t<meta property=\"og:image:height\" content=\"1000\" \/>\n\t<meta property=\"og:image:type\" content=\"image\/jpeg\" \/>\n<meta name=\"twitter:card\" content=\"summary_large_image\" \/>\n<meta name=\"twitter:site\" content=\"@hottashop\" \/>\n<meta name=\"twitter:label1\" content=\"Est. reading time\" \/>\n\t<meta name=\"twitter:data1\" content=\"1 minute\" \/>\n<script type=\"application\/ld+json\" class=\"yoast-schema-graph\">{\"@context\":\"https:\\\/\\\/schema.org\",\"@graph\":[{\"@type\":\"WebPage\",\"@id\":\"https:\\\/\\\/hotta.eu\\\/lv\\\/shop\\\/chili-lime-hot-sauce\\\/\",\"url\":\"https:\\\/\\\/hotta.eu\\\/lv\\\/shop\\\/chili-lime-hot-sauce\\\/\",\"name\":\"Chili Lime Hot Sauce - Hotta\",\"isPartOf\":{\"@id\":\"https:\\\/\\\/hotta.eu\\\/lv\\\/#website\"},\"primaryImageOfPage\":{\"@id\":\"https:\\\/\\\/hotta.eu\\\/lv\\\/shop\\\/chili-lime-hot-sauce\\\/#primaryimage\"},\"image\":{\"@id\":\"https:\\\/\\\/hotta.eu\\\/lv\\\/shop\\\/chili-lime-hot-sauce\\\/#primaryimage\"},\"thumbnailUrl\":\"https:\\\/\\\/hotta.eu\\\/wp-content\\\/uploads\\\/2024\\\/03\\\/IMG_9815.jpg\",\"datePublished\":\"2020-09-25T20:25:37+00:00\",\"dateModified\":\"2024-12-27T10:42:03+00:00\",\"description\":\"Cholula ir m\u0113rce, ko ra\u017eo Meksik\u0101, kur t\u0101 ir ar\u012b \u013coti izplat\u012bta. Ikonisk\u0101 koka kor\u0137a kaste ir nosaukta 2500 gadus vec\u0101s Meksikas pils\u0113tas Cholula v\u0101rd\u0101.\",\"breadcrumb\":{\"@id\":\"https:\\\/\\\/hotta.eu\\\/lv\\\/shop\\\/chili-lime-hot-sauce\\\/#breadcrumb\"},\"inLanguage\":\"lv-LV\",\"potentialAction\":[{\"@type\":\"ReadAction\",\"target\":[\"https:\\\/\\\/hotta.eu\\\/lv\\\/shop\\\/chili-lime-hot-sauce\\\/\"]}]},{\"@type\":\"ImageObject\",\"inLanguage\":\"lv-LV\",\"@id\":\"https:\\\/\\\/hotta.eu\\\/lv\\\/shop\\\/chili-lime-hot-sauce\\\/#primaryimage\",\"url\":\"https:\\\/\\\/hotta.eu\\\/wp-content\\\/uploads\\\/2024\\\/03\\\/IMG_9815.jpg\",\"contentUrl\":\"https:\\\/\\\/hotta.eu\\\/wp-content\\\/uploads\\\/2024\\\/03\\\/IMG_9815.jpg\",\"width\":1000,\"height\":1000},{\"@type\":\"BreadcrumbList\",\"@id\":\"https:\\\/\\\/hotta.eu\\\/lv\\\/shop\\\/chili-lime-hot-sauce\\\/#breadcrumb\",\"itemListElement\":[{\"@type\":\"ListItem\",\"position\":1,\"name\":\"S\u0101kums\",\"item\":\"https:\\\/\\\/hotta.eu\\\/lv\\\/sakumlapa\\\/\"},{\"@type\":\"ListItem\",\"position\":2,\"name\":\"Veikals\",\"item\":\"https:\\\/\\\/hotta.eu\\\/lv\\\/shop\\\/\"},{\"@type\":\"ListItem\",\"position\":3,\"name\":\"Chili Lime Hot Sauce\"}]},{\"@type\":\"WebSite\",\"@id\":\"https:\\\/\\\/hotta.eu\\\/lv\\\/#website\",\"url\":\"https:\\\/\\\/hotta.eu\\\/lv\\\/\",\"name\":\"Hotta\",\"description\":\"Makes your mouth burn a lotta!\",\"publisher\":{\"@id\":\"https:\\\/\\\/hotta.eu\\\/lv\\\/#organization\"},\"potentialAction\":[{\"@type\":\"SearchAction\",\"target\":{\"@type\":\"EntryPoint\",\"urlTemplate\":\"https:\\\/\\\/hotta.eu\\\/lv\\\/?s={search_term_string}\"},\"query-input\":{\"@type\":\"PropertyValueSpecification\",\"valueRequired\":true,\"valueName\":\"search_term_string\"}}],\"inLanguage\":\"lv-LV\"},{\"@type\":\"Organization\",\"@id\":\"https:\\\/\\\/hotta.eu\\\/lv\\\/#organization\",\"name\":\"Hotta\",\"url\":\"https:\\\/\\\/hotta.eu\\\/lv\\\/\",\"logo\":{\"@type\":\"ImageObject\",\"inLanguage\":\"lv-LV\",\"@id\":\"https:\\\/\\\/hotta.eu\\\/lv\\\/#\\\/schema\\\/logo\\\/image\\\/\",\"url\":\"https:\\\/\\\/hotta.eu\\\/wp-content\\\/uploads\\\/2025\\\/04\\\/hotta-logo-invoice.png\",\"contentUrl\":\"https:\\\/\\\/hotta.eu\\\/wp-content\\\/uploads\\\/2025\\\/04\\\/hotta-logo-invoice.png\",\"width\":600,\"height\":411,\"caption\":\"Hotta\"},\"image\":{\"@id\":\"https:\\\/\\\/hotta.eu\\\/lv\\\/#\\\/schema\\\/logo\\\/image\\\/\"},\"sameAs\":[\"https:\\\/\\\/www.facebook.com\\\/hotta.eu\",\"https:\\\/\\\/x.com\\\/hottashop\",\"https:\\\/\\\/www.instagram.com\\\/hotta.shop\"]}]}<\/script>\n<!-- \/ Yoast SEO plugin. -->","yoast_head_json":{"title":"Chili Lime Hot Sauce - Hotta","description":"Cholula ir m\u0113rce, ko ra\u017eo Meksik\u0101, kur t\u0101 ir ar\u012b \u013coti izplat\u012bta. Ikonisk\u0101 koka kor\u0137a kaste ir nosaukta 2500 gadus vec\u0101s Meksikas pils\u0113tas Cholula v\u0101rd\u0101.","robots":{"index":"index","follow":"follow","max-snippet":"max-snippet:-1","max-image-preview":"max-image-preview:large","max-video-preview":"max-video-preview:-1"},"canonical":"https:\/\/hotta.eu\/lv\/shop\/chili-lime-hot-sauce\/","og_locale":"lv_LV","og_type":"article","og_title":"Chili Lime Hot Sauce - Hotta","og_description":"Cholula ir m\u0113rce, ko ra\u017eo Meksik\u0101, kur t\u0101 ir ar\u012b \u013coti izplat\u012bta. Ikonisk\u0101 koka kor\u0137a kaste ir nosaukta 2500 gadus vec\u0101s Meksikas pils\u0113tas Cholula v\u0101rd\u0101.","og_url":"https:\/\/hotta.eu\/lv\/shop\/chili-lime-hot-sauce\/","og_site_name":"Hotta","article_publisher":"https:\/\/www.facebook.com\/hotta.eu","article_modified_time":"2024-12-27T10:42:03+00:00","og_image":[{"width":1000,"height":1000,"url":"https:\/\/hotta.eu\/wp-content\/uploads\/2024\/03\/IMG_9815.jpg","type":"image\/jpeg"}],"twitter_card":"summary_large_image","twitter_site":"@hottashop","twitter_misc":{"Est. reading time":"1 minute"},"schema":{"@context":"https:\/\/schema.org","@graph":[{"@type":"WebPage","@id":"https:\/\/hotta.eu\/lv\/shop\/chili-lime-hot-sauce\/","url":"https:\/\/hotta.eu\/lv\/shop\/chili-lime-hot-sauce\/","name":"Chili Lime Hot Sauce - Hotta","isPartOf":{"@id":"https:\/\/hotta.eu\/lv\/#website"},"primaryImageOfPage":{"@id":"https:\/\/hotta.eu\/lv\/shop\/chili-lime-hot-sauce\/#primaryimage"},"image":{"@id":"https:\/\/hotta.eu\/lv\/shop\/chili-lime-hot-sauce\/#primaryimage"},"thumbnailUrl":"https:\/\/hotta.eu\/wp-content\/uploads\/2024\/03\/IMG_9815.jpg","datePublished":"2020-09-25T20:25:37+00:00","dateModified":"2024-12-27T10:42:03+00:00","description":"Cholula ir m\u0113rce, ko ra\u017eo Meksik\u0101, kur t\u0101 ir ar\u012b \u013coti izplat\u012bta. Ikonisk\u0101 koka kor\u0137a kaste ir nosaukta 2500 gadus vec\u0101s Meksikas pils\u0113tas Cholula v\u0101rd\u0101.","breadcrumb":{"@id":"https:\/\/hotta.eu\/lv\/shop\/chili-lime-hot-sauce\/#breadcrumb"},"inLanguage":"lv-LV","potentialAction":[{"@type":"ReadAction","target":["https:\/\/hotta.eu\/lv\/shop\/chili-lime-hot-sauce\/"]}]},{"@type":"ImageObject","inLanguage":"lv-LV","@id":"https:\/\/hotta.eu\/lv\/shop\/chili-lime-hot-sauce\/#primaryimage","url":"https:\/\/hotta.eu\/wp-content\/uploads\/2024\/03\/IMG_9815.jpg","contentUrl":"https:\/\/hotta.eu\/wp-content\/uploads\/2024\/03\/IMG_9815.jpg","width":1000,"height":1000},{"@type":"BreadcrumbList","@id":"https:\/\/hotta.eu\/lv\/shop\/chili-lime-hot-sauce\/#breadcrumb","itemListElement":[{"@type":"ListItem","position":1,"name":"S\u0101kums","item":"https:\/\/hotta.eu\/lv\/sakumlapa\/"},{"@type":"ListItem","position":2,"name":"Veikals","item":"https:\/\/hotta.eu\/lv\/shop\/"},{"@type":"ListItem","position":3,"name":"Chili Lime Hot Sauce"}]},{"@type":"WebSite","@id":"https:\/\/hotta.eu\/lv\/#website","url":"https:\/\/hotta.eu\/lv\/","name":"Hotta","description":"Makes your mouth burn a lotta!","publisher":{"@id":"https:\/\/hotta.eu\/lv\/#organization"},"potentialAction":[{"@type":"SearchAction","target":{"@type":"EntryPoint","urlTemplate":"https:\/\/hotta.eu\/lv\/?s={search_term_string}"},"query-input":{"@type":"PropertyValueSpecification","valueRequired":true,"valueName":"search_term_string"}}],"inLanguage":"lv-LV"},{"@type":"Organization","@id":"https:\/\/hotta.eu\/lv\/#organization","name":"Hotta","url":"https:\/\/hotta.eu\/lv\/","logo":{"@type":"ImageObject","inLanguage":"lv-LV","@id":"https:\/\/hotta.eu\/lv\/#\/schema\/logo\/image\/","url":"https:\/\/hotta.eu\/wp-content\/uploads\/2025\/04\/hotta-logo-invoice.png","contentUrl":"https:\/\/hotta.eu\/wp-content\/uploads\/2025\/04\/hotta-logo-invoice.png","width":600,"height":411,"caption":"Hotta"},"image":{"@id":"https:\/\/hotta.eu\/lv\/#\/schema\/logo\/image\/"},"sameAs":["https:\/\/www.facebook.com\/hotta.eu","https:\/\/x.com\/hottashop","https:\/\/www.instagram.com\/hotta.shop"]}]}},"jetpack_sharing_enabled":true,"_links":{"self":[{"href":"https:\/\/hotta.eu\/lv\/wp-json\/wp\/v2\/product\/19492","targetHints":{"allow":["GET"]}}],"collection":[{"href":"https:\/\/hotta.eu\/lv\/wp-json\/wp\/v2\/product"}],"about":[{"href":"https:\/\/hotta.eu\/lv\/wp-json\/wp\/v2\/types\/product"}],"replies":[{"embeddable":true,"href":"https:\/\/hotta.eu\/lv\/wp-json\/wp\/v2\/comments?post=19492"}],"wp:featuredmedia":[{"embeddable":true,"href":"https:\/\/hotta.eu\/lv\/wp-json\/wp\/v2\/media\/16039"}],"wp:attachment":[{"href":"https:\/\/hotta.eu\/lv\/wp-json\/wp\/v2\/media?parent=19492"}],"wp:term":[{"taxonomy":"product_cat","embeddable":true,"href":"https:\/\/hotta.eu\/lv\/wp-json\/wp\/v2\/product_cat?post=19492"},{"taxonomy":"product_tag","embeddable":true,"href":"https:\/\/hotta.eu\/lv\/wp-json\/wp\/v2\/product_tag?post=19492"},{"taxonomy":"giftcard-category","embeddable":true,"href":"https:\/\/hotta.eu\/lv\/wp-json\/wp\/v2\/giftcard-category?post=19492"}],"curies":[{"name":"wp","href":"https:\/\/api.w.org\/{rel}","templated":true}]}}