{"id":19506,"date":"2018-09-23T19:48:11","date_gmt":"2018-09-23T17:48:11","guid":{"rendered":"https:\/\/hotta.eu\/shop\/habanero-cilli-merce\/"},"modified":"2026-03-15T11:42:54","modified_gmt":"2026-03-15T09:42:54","slug":"habanero-chili-sauce","status":"publish","type":"product","link":"https:\/\/hotta.eu\/lv\/shop\/habanero-chili-sauce\/","title":{"rendered":"Habanero Chili Sauce"},"content":{"rendered":"<p><strong>Sast\u0101vs<\/strong><br \/>\nMedus, \u016bdens, habanero \u010dilli, destil\u0113ta eti\u0137sk\u0101be, \u0137iploki, s\u0101ls, stabilizatori prie\u017eu riekstu milti un gu\u0101ras sve\u0137u milti.<\/p>\n<div class=\"tableheader\"><strong>Uzturv\u0113rt\u012bba (100 g)<\/strong><\/div>\n<div class=\"tableheader\">Ener\u0123ija 466,30 kJ \/ 111,31 kcal, tauki 0,01 g, og\u013chidr\u0101ti 24,61 g, no tiem cukuri 23,37 g, olbaltumvielas 0,48 g, s\u0101ls 1,57 g.<\/div>\n<p><strong>Der\u012bguma termi\u0146\u0161 un uzglab\u0101\u0161ana<\/strong><br \/>\nUz pudeles nor\u0101d\u012btais der\u012bguma termi\u0146\u0161 attiecas uz neatv\u0113rtiem produktiem. Atv\u0113rtu produktu j\u0101uzglab\u0101 ledusskap\u012b.<\/p>\n","protected":false},"excerpt":{"rendered":"<p>Stinger Habanero m\u0113rces tiek ra\u017eotas V\u0101cij\u0101. Stinger ar rok\u0101m gatavotaj\u0101s m\u0113rc\u0113s nav m\u0101ksl\u012bgo kr\u0101svielu vai aromatiz\u0113t\u0101ju, k\u0101 ar\u012b nav m\u0101ksl\u012bgo konservantu. Izmantojot lab\u0101k\u0101s pieejam\u0101s dab\u012bg\u0101s sast\u0101vda\u013cas, ir izdevies rad\u012bt unik\u0101lu gar\u0161u bez p\u0101rm\u0113r\u012bgas sk\u0101buma pak\u0101pes.<br \/>\n[ywcwtl_form product_id=\"\"]<\/p>\n","protected":false},"featured_media":15275,"comment_status":"open","ping_status":"closed","template":"","meta":[],"product_cat":[926,916],"product_tag":[],"giftcard-category":[],"class_list":{"0":"post-19506","1":"product","2":"type-product","3":"status-publish","4":"has-post-thumbnail","6":"product_cat-ass","7":"product_cat-merces","9":"first","10":"outofstock","11":"taxable","12":"shipping-taxable","13":"purchasable","14":"product-type-simple"},"yoast_head":"<!-- This site is optimized with the Yoast SEO plugin v27.5 - https:\/\/yoast.com\/product\/yoast-seo-wordpress\/ -->\n<title>Habanero Chili Sauce - Hotta<\/title>\n<meta name=\"description\" content=\"Stinger Habanero m\u0113rces tiek ra\u017eotas V\u0101cij\u0101. Stinger ar rok\u0101m gatavotaj\u0101s m\u0113rc\u0113s nav m\u0101ksl\u012bgo kr\u0101svielu vai aromatiz\u0113t\u0101ju, k\u0101 ar\u012b nav m\u0101ksl\u012bgo konservantu.\" \/>\n<meta name=\"robots\" content=\"index, follow, max-snippet:-1, max-image-preview:large, max-video-preview:-1\" \/>\n<link rel=\"canonical\" href=\"https:\/\/hotta.eu\/lv\/shop\/habanero-chili-sauce\/\" \/>\n<meta property=\"og:locale\" content=\"lv_LV\" \/>\n<meta property=\"og:type\" content=\"article\" \/>\n<meta property=\"og:title\" content=\"Habanero Chili Sauce - Hotta\" \/>\n<meta property=\"og:description\" content=\"Stinger Habanero m\u0113rces tiek ra\u017eotas V\u0101cij\u0101. Stinger ar rok\u0101m gatavotaj\u0101s m\u0113rc\u0113s nav m\u0101ksl\u012bgo kr\u0101svielu vai aromatiz\u0113t\u0101ju, k\u0101 ar\u012b nav m\u0101ksl\u012bgo konservantu.\" \/>\n<meta property=\"og:url\" content=\"https:\/\/hotta.eu\/lv\/shop\/habanero-chili-sauce\/\" \/>\n<meta property=\"og:site_name\" content=\"Hotta\" \/>\n<meta property=\"article:publisher\" content=\"https:\/\/www.facebook.com\/hotta.eu\" \/>\n<meta property=\"article:modified_time\" content=\"2026-03-15T09:42:54+00:00\" \/>\n<meta property=\"og:image\" content=\"https:\/\/hotta.eu\/wp-content\/uploads\/2024\/03\/IMG_9876.jpg\" \/>\n\t<meta property=\"og:image:width\" content=\"2243\" \/>\n\t<meta property=\"og:image:height\" content=\"2243\" \/>\n\t<meta property=\"og:image:type\" content=\"image\/jpeg\" \/>\n<meta name=\"twitter:card\" content=\"summary_large_image\" \/>\n<meta name=\"twitter:site\" content=\"@hottashop\" \/>\n<meta name=\"twitter:label1\" content=\"Est. reading time\" \/>\n\t<meta name=\"twitter:data1\" content=\"1 minute\" \/>\n<script type=\"application\/ld+json\" class=\"yoast-schema-graph\">{\"@context\":\"https:\\\/\\\/schema.org\",\"@graph\":[{\"@type\":\"WebPage\",\"@id\":\"https:\\\/\\\/hotta.eu\\\/lv\\\/shop\\\/habanero-chili-sauce\\\/\",\"url\":\"https:\\\/\\\/hotta.eu\\\/lv\\\/shop\\\/habanero-chili-sauce\\\/\",\"name\":\"Habanero Chili Sauce - Hotta\",\"isPartOf\":{\"@id\":\"https:\\\/\\\/hotta.eu\\\/lv\\\/#website\"},\"primaryImageOfPage\":{\"@id\":\"https:\\\/\\\/hotta.eu\\\/lv\\\/shop\\\/habanero-chili-sauce\\\/#primaryimage\"},\"image\":{\"@id\":\"https:\\\/\\\/hotta.eu\\\/lv\\\/shop\\\/habanero-chili-sauce\\\/#primaryimage\"},\"thumbnailUrl\":\"https:\\\/\\\/hotta.eu\\\/wp-content\\\/uploads\\\/2024\\\/03\\\/IMG_9876.jpg\",\"datePublished\":\"2018-09-23T17:48:11+00:00\",\"dateModified\":\"2026-03-15T09:42:54+00:00\",\"description\":\"Stinger Habanero m\u0113rces tiek ra\u017eotas V\u0101cij\u0101. Stinger ar rok\u0101m gatavotaj\u0101s m\u0113rc\u0113s nav m\u0101ksl\u012bgo kr\u0101svielu vai aromatiz\u0113t\u0101ju, k\u0101 ar\u012b nav m\u0101ksl\u012bgo konservantu.\",\"breadcrumb\":{\"@id\":\"https:\\\/\\\/hotta.eu\\\/lv\\\/shop\\\/habanero-chili-sauce\\\/#breadcrumb\"},\"inLanguage\":\"lv-LV\",\"potentialAction\":[{\"@type\":\"ReadAction\",\"target\":[\"https:\\\/\\\/hotta.eu\\\/lv\\\/shop\\\/habanero-chili-sauce\\\/\"]}]},{\"@type\":\"ImageObject\",\"inLanguage\":\"lv-LV\",\"@id\":\"https:\\\/\\\/hotta.eu\\\/lv\\\/shop\\\/habanero-chili-sauce\\\/#primaryimage\",\"url\":\"https:\\\/\\\/hotta.eu\\\/wp-content\\\/uploads\\\/2024\\\/03\\\/IMG_9876.jpg\",\"contentUrl\":\"https:\\\/\\\/hotta.eu\\\/wp-content\\\/uploads\\\/2024\\\/03\\\/IMG_9876.jpg\",\"width\":2243,\"height\":2243},{\"@type\":\"BreadcrumbList\",\"@id\":\"https:\\\/\\\/hotta.eu\\\/lv\\\/shop\\\/habanero-chili-sauce\\\/#breadcrumb\",\"itemListElement\":[{\"@type\":\"ListItem\",\"position\":1,\"name\":\"S\u0101kums\",\"item\":\"https:\\\/\\\/hotta.eu\\\/lv\\\/\"},{\"@type\":\"ListItem\",\"position\":2,\"name\":\"Veikals\",\"item\":\"https:\\\/\\\/hotta.eu\\\/lv\\\/shop\\\/\"},{\"@type\":\"ListItem\",\"position\":3,\"name\":\"Habanero Chili Sauce\"}]},{\"@type\":\"WebSite\",\"@id\":\"https:\\\/\\\/hotta.eu\\\/lv\\\/#website\",\"url\":\"https:\\\/\\\/hotta.eu\\\/lv\\\/\",\"name\":\"Hotta\",\"description\":\"Makes your mouth burn a lotta!\",\"publisher\":{\"@id\":\"https:\\\/\\\/hotta.eu\\\/lv\\\/#organization\"},\"potentialAction\":[{\"@type\":\"SearchAction\",\"target\":{\"@type\":\"EntryPoint\",\"urlTemplate\":\"https:\\\/\\\/hotta.eu\\\/lv\\\/?s={search_term_string}\"},\"query-input\":{\"@type\":\"PropertyValueSpecification\",\"valueRequired\":true,\"valueName\":\"search_term_string\"}}],\"inLanguage\":\"lv-LV\"},{\"@type\":\"Organization\",\"@id\":\"https:\\\/\\\/hotta.eu\\\/lv\\\/#organization\",\"name\":\"Hotta\",\"url\":\"https:\\\/\\\/hotta.eu\\\/lv\\\/\",\"logo\":{\"@type\":\"ImageObject\",\"inLanguage\":\"lv-LV\",\"@id\":\"https:\\\/\\\/hotta.eu\\\/lv\\\/#\\\/schema\\\/logo\\\/image\\\/\",\"url\":\"https:\\\/\\\/hotta.eu\\\/wp-content\\\/uploads\\\/2025\\\/04\\\/hotta-logo-invoice.png\",\"contentUrl\":\"https:\\\/\\\/hotta.eu\\\/wp-content\\\/uploads\\\/2025\\\/04\\\/hotta-logo-invoice.png\",\"width\":600,\"height\":411,\"caption\":\"Hotta\"},\"image\":{\"@id\":\"https:\\\/\\\/hotta.eu\\\/lv\\\/#\\\/schema\\\/logo\\\/image\\\/\"},\"sameAs\":[\"https:\\\/\\\/www.facebook.com\\\/hotta.eu\",\"https:\\\/\\\/x.com\\\/hottashop\",\"https:\\\/\\\/www.instagram.com\\\/hotta.shop\"]}]}<\/script>\n<!-- \/ Yoast SEO plugin. -->","yoast_head_json":{"title":"Habanero Chili Sauce - Hotta","description":"Stinger Habanero m\u0113rces tiek ra\u017eotas V\u0101cij\u0101. Stinger ar rok\u0101m gatavotaj\u0101s m\u0113rc\u0113s nav m\u0101ksl\u012bgo kr\u0101svielu vai aromatiz\u0113t\u0101ju, k\u0101 ar\u012b nav m\u0101ksl\u012bgo konservantu.","robots":{"index":"index","follow":"follow","max-snippet":"max-snippet:-1","max-image-preview":"max-image-preview:large","max-video-preview":"max-video-preview:-1"},"canonical":"https:\/\/hotta.eu\/lv\/shop\/habanero-chili-sauce\/","og_locale":"lv_LV","og_type":"article","og_title":"Habanero Chili Sauce - Hotta","og_description":"Stinger Habanero m\u0113rces tiek ra\u017eotas V\u0101cij\u0101. Stinger ar rok\u0101m gatavotaj\u0101s m\u0113rc\u0113s nav m\u0101ksl\u012bgo kr\u0101svielu vai aromatiz\u0113t\u0101ju, k\u0101 ar\u012b nav m\u0101ksl\u012bgo konservantu.","og_url":"https:\/\/hotta.eu\/lv\/shop\/habanero-chili-sauce\/","og_site_name":"Hotta","article_publisher":"https:\/\/www.facebook.com\/hotta.eu","article_modified_time":"2026-03-15T09:42:54+00:00","og_image":[{"width":2243,"height":2243,"url":"https:\/\/hotta.eu\/wp-content\/uploads\/2024\/03\/IMG_9876.jpg","type":"image\/jpeg"}],"twitter_card":"summary_large_image","twitter_site":"@hottashop","twitter_misc":{"Est. reading time":"1 minute"},"schema":{"@context":"https:\/\/schema.org","@graph":[{"@type":"WebPage","@id":"https:\/\/hotta.eu\/lv\/shop\/habanero-chili-sauce\/","url":"https:\/\/hotta.eu\/lv\/shop\/habanero-chili-sauce\/","name":"Habanero Chili Sauce - Hotta","isPartOf":{"@id":"https:\/\/hotta.eu\/lv\/#website"},"primaryImageOfPage":{"@id":"https:\/\/hotta.eu\/lv\/shop\/habanero-chili-sauce\/#primaryimage"},"image":{"@id":"https:\/\/hotta.eu\/lv\/shop\/habanero-chili-sauce\/#primaryimage"},"thumbnailUrl":"https:\/\/hotta.eu\/wp-content\/uploads\/2024\/03\/IMG_9876.jpg","datePublished":"2018-09-23T17:48:11+00:00","dateModified":"2026-03-15T09:42:54+00:00","description":"Stinger Habanero m\u0113rces tiek ra\u017eotas V\u0101cij\u0101. Stinger ar rok\u0101m gatavotaj\u0101s m\u0113rc\u0113s nav m\u0101ksl\u012bgo kr\u0101svielu vai aromatiz\u0113t\u0101ju, k\u0101 ar\u012b nav m\u0101ksl\u012bgo konservantu.","breadcrumb":{"@id":"https:\/\/hotta.eu\/lv\/shop\/habanero-chili-sauce\/#breadcrumb"},"inLanguage":"lv-LV","potentialAction":[{"@type":"ReadAction","target":["https:\/\/hotta.eu\/lv\/shop\/habanero-chili-sauce\/"]}]},{"@type":"ImageObject","inLanguage":"lv-LV","@id":"https:\/\/hotta.eu\/lv\/shop\/habanero-chili-sauce\/#primaryimage","url":"https:\/\/hotta.eu\/wp-content\/uploads\/2024\/03\/IMG_9876.jpg","contentUrl":"https:\/\/hotta.eu\/wp-content\/uploads\/2024\/03\/IMG_9876.jpg","width":2243,"height":2243},{"@type":"BreadcrumbList","@id":"https:\/\/hotta.eu\/lv\/shop\/habanero-chili-sauce\/#breadcrumb","itemListElement":[{"@type":"ListItem","position":1,"name":"S\u0101kums","item":"https:\/\/hotta.eu\/lv\/"},{"@type":"ListItem","position":2,"name":"Veikals","item":"https:\/\/hotta.eu\/lv\/shop\/"},{"@type":"ListItem","position":3,"name":"Habanero Chili Sauce"}]},{"@type":"WebSite","@id":"https:\/\/hotta.eu\/lv\/#website","url":"https:\/\/hotta.eu\/lv\/","name":"Hotta","description":"Makes your mouth burn a lotta!","publisher":{"@id":"https:\/\/hotta.eu\/lv\/#organization"},"potentialAction":[{"@type":"SearchAction","target":{"@type":"EntryPoint","urlTemplate":"https:\/\/hotta.eu\/lv\/?s={search_term_string}"},"query-input":{"@type":"PropertyValueSpecification","valueRequired":true,"valueName":"search_term_string"}}],"inLanguage":"lv-LV"},{"@type":"Organization","@id":"https:\/\/hotta.eu\/lv\/#organization","name":"Hotta","url":"https:\/\/hotta.eu\/lv\/","logo":{"@type":"ImageObject","inLanguage":"lv-LV","@id":"https:\/\/hotta.eu\/lv\/#\/schema\/logo\/image\/","url":"https:\/\/hotta.eu\/wp-content\/uploads\/2025\/04\/hotta-logo-invoice.png","contentUrl":"https:\/\/hotta.eu\/wp-content\/uploads\/2025\/04\/hotta-logo-invoice.png","width":600,"height":411,"caption":"Hotta"},"image":{"@id":"https:\/\/hotta.eu\/lv\/#\/schema\/logo\/image\/"},"sameAs":["https:\/\/www.facebook.com\/hotta.eu","https:\/\/x.com\/hottashop","https:\/\/www.instagram.com\/hotta.shop"]}]}},"jetpack_sharing_enabled":true,"_links":{"self":[{"href":"https:\/\/hotta.eu\/lv\/wp-json\/wp\/v2\/product\/19506","targetHints":{"allow":["GET"]}}],"collection":[{"href":"https:\/\/hotta.eu\/lv\/wp-json\/wp\/v2\/product"}],"about":[{"href":"https:\/\/hotta.eu\/lv\/wp-json\/wp\/v2\/types\/product"}],"replies":[{"embeddable":true,"href":"https:\/\/hotta.eu\/lv\/wp-json\/wp\/v2\/comments?post=19506"}],"wp:featuredmedia":[{"embeddable":true,"href":"https:\/\/hotta.eu\/lv\/wp-json\/wp\/v2\/media\/15275"}],"wp:attachment":[{"href":"https:\/\/hotta.eu\/lv\/wp-json\/wp\/v2\/media?parent=19506"}],"wp:term":[{"taxonomy":"product_cat","embeddable":true,"href":"https:\/\/hotta.eu\/lv\/wp-json\/wp\/v2\/product_cat?post=19506"},{"taxonomy":"product_tag","embeddable":true,"href":"https:\/\/hotta.eu\/lv\/wp-json\/wp\/v2\/product_tag?post=19506"},{"taxonomy":"giftcard-category","embeddable":true,"href":"https:\/\/hotta.eu\/lv\/wp-json\/wp\/v2\/giftcard-category?post=19506"}],"curies":[{"name":"wp","href":"https:\/\/api.w.org\/{rel}","templated":true}]}}