{"id":19512,"date":"2018-09-25T22:22:59","date_gmt":"2018-09-25T20:22:59","guid":{"rendered":"https:\/\/hotta.eu\/shop\/radioaktiva-atomara-piparu-merce\/"},"modified":"2024-12-27T12:44:00","modified_gmt":"2024-12-27T10:44:00","slug":"radioactive-atomic-pepper-sauce","status":"publish","type":"product","link":"https:\/\/hotta.eu\/lv\/shop\/radioactive-atomic-pepper-sauce\/","title":{"rendered":"Radioactive Atomic Pepper Sauce"},"content":{"rendered":"<p><strong>Sast\u0101vda\u013cas<\/strong><br \/>\nHabanero \u010dilli (32%), kaj\u0113nas \u010dilli (22%), tabasko \u010dilli (18%), burk\u0101ni, s\u0101ls, destil\u0113ta eti\u0137sk\u0101be, s\u012bpoli, laima sula, tom\u0101tu biezenis, askorb\u012bnsk\u0101be (C vitam\u012bns), \u0137iploku pulveris.<\/p>\n<div class=\"tableheader\"><strong>Uzturv\u0113rt\u012bba (100 g)<\/strong><\/div>\n<div class=\"tableheader\">Ener\u0123ija 125,52 kJ \/ 30 kcal, og\u013chidr\u0101ti 7 g, no tiem cukuri 4 g, olbaltumvielas 1 g, s\u0101ls 3,03 g.<\/div>\n<p><strong>Der\u012bgums un glab\u0101\u0161ana<\/strong><br \/>\nDer\u012bguma termi\u0146\u0161 uz pudel\u012btes attiecas uz neatv\u0113rtiem produktiem. Atv\u0113rtu produktu j\u0101uzglab\u0101 ledusskap\u012b.<\/p>\n<p>&nbsp;<\/p>\n","protected":false},"excerpt":{"rendered":"<p>Iguana Radioactive Atomic Pepper var izskat\u012bties k\u0101 klasiska as\u0101 m\u0113rce, ta\u010du t\u0101 ir ugun\u012bgs habanero, kaj\u0113nas un tabasko \u010dilli mais\u012bjums. Kop\u0113jais \u010dilli daudzums ir l\u012bdz pat 65 %. Sp\u0113c\u012bgs arom\u0101ts, laima un aug\u013cu gar\u0161a. T\u0101 nav \u012bpa\u0161i asa m\u0113rce, t\u0101p\u0113c to var lietot kop\u0101 ar pla\u0161\u0101ku \u0113dienu kl\u0101stu, piem\u0113ram, sviestmaizi, burgeru vai ga\u013cu. Iguana m\u0113rces tiek ra\u017eotas Kostarik\u0101, izmantojot lab\u0101k\u0101s pieejam\u0101s svaig\u0101s sast\u0101vda\u013cas.<br \/>\n[ywcwtl_form product_id=\"\"]<\/p>\n","protected":false},"featured_media":15307,"comment_status":"open","ping_status":"closed","template":"","meta":[],"product_cat":[926,916],"product_tag":[],"giftcard-category":[],"class_list":{"0":"post-19512","1":"product","2":"type-product","3":"status-publish","4":"has-post-thumbnail","6":"product_cat-ass","7":"product_cat-merces","8":"pa_brand-iguana","10":"first","11":"outofstock","12":"taxable","13":"shipping-taxable","14":"purchasable","15":"product-type-simple"},"yoast_head":"<!-- This site is optimized with the Yoast SEO plugin v27.3 - https:\/\/yoast.com\/product\/yoast-seo-wordpress\/ -->\n<title>Radioactive Atomic Pepper Sauce - Hotta<\/title>\n<meta name=\"description\" content=\"Iguana Radioactive Atomic Pepper var izskat\u012bties k\u0101 klasiska as\u0101 m\u0113rce, ta\u010du t\u0101 ir ugun\u012bgs habanero, kaj\u0113nas un tabasko \u010dilli mais\u012bjums. Kop\u0113jais \u010dilli daudzums ir l\u012bdz pat 65 %. Sp\u0113c\u012bga gar\u0161a, laima un aug\u013cu gar\u0161a.\" \/>\n<meta name=\"robots\" content=\"index, follow, max-snippet:-1, max-image-preview:large, max-video-preview:-1\" \/>\n<link rel=\"canonical\" href=\"https:\/\/hotta.eu\/lv\/shop\/radioactive-atomic-pepper-sauce\/\" \/>\n<meta property=\"og:locale\" content=\"lv_LV\" \/>\n<meta property=\"og:type\" content=\"article\" \/>\n<meta property=\"og:title\" content=\"Radioactive Atomic Pepper Sauce - Hotta\" \/>\n<meta property=\"og:description\" content=\"Iguana Radioactive Atomic Pepper var izskat\u012bties k\u0101 klasiska as\u0101 m\u0113rce, ta\u010du t\u0101 ir ugun\u012bgs habanero, kaj\u0113nas un tabasko \u010dilli mais\u012bjums. Kop\u0113jais \u010dilli daudzums ir l\u012bdz pat 65 %. Sp\u0113c\u012bga gar\u0161a, laima un aug\u013cu gar\u0161a.\" \/>\n<meta property=\"og:url\" content=\"https:\/\/hotta.eu\/lv\/shop\/radioactive-atomic-pepper-sauce\/\" \/>\n<meta property=\"og:site_name\" content=\"Hotta\" \/>\n<meta property=\"article:publisher\" content=\"https:\/\/www.facebook.com\/hotta.eu\" \/>\n<meta property=\"article:modified_time\" content=\"2024-12-27T10:44:00+00:00\" \/>\n<meta property=\"og:image\" content=\"https:\/\/hotta.eu\/wp-content\/uploads\/2024\/03\/IMG_9894.jpg\" \/>\n\t<meta property=\"og:image:width\" content=\"2000\" \/>\n\t<meta property=\"og:image:height\" content=\"2000\" \/>\n\t<meta property=\"og:image:type\" content=\"image\/jpeg\" \/>\n<meta name=\"twitter:card\" content=\"summary_large_image\" \/>\n<meta name=\"twitter:site\" content=\"@hottashop\" \/>\n<meta name=\"twitter:label1\" content=\"Est. reading time\" \/>\n\t<meta name=\"twitter:data1\" content=\"1 minute\" \/>\n<script type=\"application\/ld+json\" class=\"yoast-schema-graph\">{\"@context\":\"https:\\\/\\\/schema.org\",\"@graph\":[{\"@type\":\"WebPage\",\"@id\":\"https:\\\/\\\/hotta.eu\\\/lv\\\/shop\\\/radioactive-atomic-pepper-sauce\\\/\",\"url\":\"https:\\\/\\\/hotta.eu\\\/lv\\\/shop\\\/radioactive-atomic-pepper-sauce\\\/\",\"name\":\"Radioactive Atomic Pepper Sauce - Hotta\",\"isPartOf\":{\"@id\":\"https:\\\/\\\/hotta.eu\\\/lv\\\/#website\"},\"primaryImageOfPage\":{\"@id\":\"https:\\\/\\\/hotta.eu\\\/lv\\\/shop\\\/radioactive-atomic-pepper-sauce\\\/#primaryimage\"},\"image\":{\"@id\":\"https:\\\/\\\/hotta.eu\\\/lv\\\/shop\\\/radioactive-atomic-pepper-sauce\\\/#primaryimage\"},\"thumbnailUrl\":\"https:\\\/\\\/hotta.eu\\\/wp-content\\\/uploads\\\/2024\\\/03\\\/IMG_9894.jpg\",\"datePublished\":\"2018-09-25T20:22:59+00:00\",\"dateModified\":\"2024-12-27T10:44:00+00:00\",\"description\":\"Iguana Radioactive Atomic Pepper var izskat\u012bties k\u0101 klasiska as\u0101 m\u0113rce, ta\u010du t\u0101 ir ugun\u012bgs habanero, kaj\u0113nas un tabasko \u010dilli mais\u012bjums. Kop\u0113jais \u010dilli daudzums ir l\u012bdz pat 65 %. Sp\u0113c\u012bga gar\u0161a, laima un aug\u013cu gar\u0161a.\",\"breadcrumb\":{\"@id\":\"https:\\\/\\\/hotta.eu\\\/lv\\\/shop\\\/radioactive-atomic-pepper-sauce\\\/#breadcrumb\"},\"inLanguage\":\"lv-LV\",\"potentialAction\":[{\"@type\":\"ReadAction\",\"target\":[\"https:\\\/\\\/hotta.eu\\\/lv\\\/shop\\\/radioactive-atomic-pepper-sauce\\\/\"]}]},{\"@type\":\"ImageObject\",\"inLanguage\":\"lv-LV\",\"@id\":\"https:\\\/\\\/hotta.eu\\\/lv\\\/shop\\\/radioactive-atomic-pepper-sauce\\\/#primaryimage\",\"url\":\"https:\\\/\\\/hotta.eu\\\/wp-content\\\/uploads\\\/2024\\\/03\\\/IMG_9894.jpg\",\"contentUrl\":\"https:\\\/\\\/hotta.eu\\\/wp-content\\\/uploads\\\/2024\\\/03\\\/IMG_9894.jpg\",\"width\":2000,\"height\":2000},{\"@type\":\"BreadcrumbList\",\"@id\":\"https:\\\/\\\/hotta.eu\\\/lv\\\/shop\\\/radioactive-atomic-pepper-sauce\\\/#breadcrumb\",\"itemListElement\":[{\"@type\":\"ListItem\",\"position\":1,\"name\":\"S\u0101kums\",\"item\":\"https:\\\/\\\/hotta.eu\\\/lv\\\/sakumlapa\\\/\"},{\"@type\":\"ListItem\",\"position\":2,\"name\":\"Veikals\",\"item\":\"https:\\\/\\\/hotta.eu\\\/lv\\\/shop\\\/\"},{\"@type\":\"ListItem\",\"position\":3,\"name\":\"Radioactive Atomic Pepper Sauce\"}]},{\"@type\":\"WebSite\",\"@id\":\"https:\\\/\\\/hotta.eu\\\/lv\\\/#website\",\"url\":\"https:\\\/\\\/hotta.eu\\\/lv\\\/\",\"name\":\"Hotta\",\"description\":\"Makes your mouth burn a lotta!\",\"publisher\":{\"@id\":\"https:\\\/\\\/hotta.eu\\\/lv\\\/#organization\"},\"potentialAction\":[{\"@type\":\"SearchAction\",\"target\":{\"@type\":\"EntryPoint\",\"urlTemplate\":\"https:\\\/\\\/hotta.eu\\\/lv\\\/?s={search_term_string}\"},\"query-input\":{\"@type\":\"PropertyValueSpecification\",\"valueRequired\":true,\"valueName\":\"search_term_string\"}}],\"inLanguage\":\"lv-LV\"},{\"@type\":\"Organization\",\"@id\":\"https:\\\/\\\/hotta.eu\\\/lv\\\/#organization\",\"name\":\"Hotta\",\"url\":\"https:\\\/\\\/hotta.eu\\\/lv\\\/\",\"logo\":{\"@type\":\"ImageObject\",\"inLanguage\":\"lv-LV\",\"@id\":\"https:\\\/\\\/hotta.eu\\\/lv\\\/#\\\/schema\\\/logo\\\/image\\\/\",\"url\":\"https:\\\/\\\/hotta.eu\\\/wp-content\\\/uploads\\\/2025\\\/04\\\/hotta-logo-invoice.png\",\"contentUrl\":\"https:\\\/\\\/hotta.eu\\\/wp-content\\\/uploads\\\/2025\\\/04\\\/hotta-logo-invoice.png\",\"width\":600,\"height\":411,\"caption\":\"Hotta\"},\"image\":{\"@id\":\"https:\\\/\\\/hotta.eu\\\/lv\\\/#\\\/schema\\\/logo\\\/image\\\/\"},\"sameAs\":[\"https:\\\/\\\/www.facebook.com\\\/hotta.eu\",\"https:\\\/\\\/x.com\\\/hottashop\",\"https:\\\/\\\/www.instagram.com\\\/hotta.shop\"]}]}<\/script>\n<!-- \/ Yoast SEO plugin. -->","yoast_head_json":{"title":"Radioactive Atomic Pepper Sauce - Hotta","description":"Iguana Radioactive Atomic Pepper var izskat\u012bties k\u0101 klasiska as\u0101 m\u0113rce, ta\u010du t\u0101 ir ugun\u012bgs habanero, kaj\u0113nas un tabasko \u010dilli mais\u012bjums. Kop\u0113jais \u010dilli daudzums ir l\u012bdz pat 65 %. Sp\u0113c\u012bga gar\u0161a, laima un aug\u013cu gar\u0161a.","robots":{"index":"index","follow":"follow","max-snippet":"max-snippet:-1","max-image-preview":"max-image-preview:large","max-video-preview":"max-video-preview:-1"},"canonical":"https:\/\/hotta.eu\/lv\/shop\/radioactive-atomic-pepper-sauce\/","og_locale":"lv_LV","og_type":"article","og_title":"Radioactive Atomic Pepper Sauce - Hotta","og_description":"Iguana Radioactive Atomic Pepper var izskat\u012bties k\u0101 klasiska as\u0101 m\u0113rce, ta\u010du t\u0101 ir ugun\u012bgs habanero, kaj\u0113nas un tabasko \u010dilli mais\u012bjums. Kop\u0113jais \u010dilli daudzums ir l\u012bdz pat 65 %. Sp\u0113c\u012bga gar\u0161a, laima un aug\u013cu gar\u0161a.","og_url":"https:\/\/hotta.eu\/lv\/shop\/radioactive-atomic-pepper-sauce\/","og_site_name":"Hotta","article_publisher":"https:\/\/www.facebook.com\/hotta.eu","article_modified_time":"2024-12-27T10:44:00+00:00","og_image":[{"width":2000,"height":2000,"url":"https:\/\/hotta.eu\/wp-content\/uploads\/2024\/03\/IMG_9894.jpg","type":"image\/jpeg"}],"twitter_card":"summary_large_image","twitter_site":"@hottashop","twitter_misc":{"Est. reading time":"1 minute"},"schema":{"@context":"https:\/\/schema.org","@graph":[{"@type":"WebPage","@id":"https:\/\/hotta.eu\/lv\/shop\/radioactive-atomic-pepper-sauce\/","url":"https:\/\/hotta.eu\/lv\/shop\/radioactive-atomic-pepper-sauce\/","name":"Radioactive Atomic Pepper Sauce - Hotta","isPartOf":{"@id":"https:\/\/hotta.eu\/lv\/#website"},"primaryImageOfPage":{"@id":"https:\/\/hotta.eu\/lv\/shop\/radioactive-atomic-pepper-sauce\/#primaryimage"},"image":{"@id":"https:\/\/hotta.eu\/lv\/shop\/radioactive-atomic-pepper-sauce\/#primaryimage"},"thumbnailUrl":"https:\/\/hotta.eu\/wp-content\/uploads\/2024\/03\/IMG_9894.jpg","datePublished":"2018-09-25T20:22:59+00:00","dateModified":"2024-12-27T10:44:00+00:00","description":"Iguana Radioactive Atomic Pepper var izskat\u012bties k\u0101 klasiska as\u0101 m\u0113rce, ta\u010du t\u0101 ir ugun\u012bgs habanero, kaj\u0113nas un tabasko \u010dilli mais\u012bjums. Kop\u0113jais \u010dilli daudzums ir l\u012bdz pat 65 %. Sp\u0113c\u012bga gar\u0161a, laima un aug\u013cu gar\u0161a.","breadcrumb":{"@id":"https:\/\/hotta.eu\/lv\/shop\/radioactive-atomic-pepper-sauce\/#breadcrumb"},"inLanguage":"lv-LV","potentialAction":[{"@type":"ReadAction","target":["https:\/\/hotta.eu\/lv\/shop\/radioactive-atomic-pepper-sauce\/"]}]},{"@type":"ImageObject","inLanguage":"lv-LV","@id":"https:\/\/hotta.eu\/lv\/shop\/radioactive-atomic-pepper-sauce\/#primaryimage","url":"https:\/\/hotta.eu\/wp-content\/uploads\/2024\/03\/IMG_9894.jpg","contentUrl":"https:\/\/hotta.eu\/wp-content\/uploads\/2024\/03\/IMG_9894.jpg","width":2000,"height":2000},{"@type":"BreadcrumbList","@id":"https:\/\/hotta.eu\/lv\/shop\/radioactive-atomic-pepper-sauce\/#breadcrumb","itemListElement":[{"@type":"ListItem","position":1,"name":"S\u0101kums","item":"https:\/\/hotta.eu\/lv\/sakumlapa\/"},{"@type":"ListItem","position":2,"name":"Veikals","item":"https:\/\/hotta.eu\/lv\/shop\/"},{"@type":"ListItem","position":3,"name":"Radioactive Atomic Pepper Sauce"}]},{"@type":"WebSite","@id":"https:\/\/hotta.eu\/lv\/#website","url":"https:\/\/hotta.eu\/lv\/","name":"Hotta","description":"Makes your mouth burn a lotta!","publisher":{"@id":"https:\/\/hotta.eu\/lv\/#organization"},"potentialAction":[{"@type":"SearchAction","target":{"@type":"EntryPoint","urlTemplate":"https:\/\/hotta.eu\/lv\/?s={search_term_string}"},"query-input":{"@type":"PropertyValueSpecification","valueRequired":true,"valueName":"search_term_string"}}],"inLanguage":"lv-LV"},{"@type":"Organization","@id":"https:\/\/hotta.eu\/lv\/#organization","name":"Hotta","url":"https:\/\/hotta.eu\/lv\/","logo":{"@type":"ImageObject","inLanguage":"lv-LV","@id":"https:\/\/hotta.eu\/lv\/#\/schema\/logo\/image\/","url":"https:\/\/hotta.eu\/wp-content\/uploads\/2025\/04\/hotta-logo-invoice.png","contentUrl":"https:\/\/hotta.eu\/wp-content\/uploads\/2025\/04\/hotta-logo-invoice.png","width":600,"height":411,"caption":"Hotta"},"image":{"@id":"https:\/\/hotta.eu\/lv\/#\/schema\/logo\/image\/"},"sameAs":["https:\/\/www.facebook.com\/hotta.eu","https:\/\/x.com\/hottashop","https:\/\/www.instagram.com\/hotta.shop"]}]}},"jetpack_sharing_enabled":true,"_links":{"self":[{"href":"https:\/\/hotta.eu\/lv\/wp-json\/wp\/v2\/product\/19512","targetHints":{"allow":["GET"]}}],"collection":[{"href":"https:\/\/hotta.eu\/lv\/wp-json\/wp\/v2\/product"}],"about":[{"href":"https:\/\/hotta.eu\/lv\/wp-json\/wp\/v2\/types\/product"}],"replies":[{"embeddable":true,"href":"https:\/\/hotta.eu\/lv\/wp-json\/wp\/v2\/comments?post=19512"}],"wp:featuredmedia":[{"embeddable":true,"href":"https:\/\/hotta.eu\/lv\/wp-json\/wp\/v2\/media\/15307"}],"wp:attachment":[{"href":"https:\/\/hotta.eu\/lv\/wp-json\/wp\/v2\/media?parent=19512"}],"wp:term":[{"taxonomy":"product_cat","embeddable":true,"href":"https:\/\/hotta.eu\/lv\/wp-json\/wp\/v2\/product_cat?post=19512"},{"taxonomy":"product_tag","embeddable":true,"href":"https:\/\/hotta.eu\/lv\/wp-json\/wp\/v2\/product_tag?post=19512"},{"taxonomy":"giftcard-category","embeddable":true,"href":"https:\/\/hotta.eu\/lv\/wp-json\/wp\/v2\/giftcard-category?post=19512"}],"curies":[{"name":"wp","href":"https:\/\/api.w.org\/{rel}","templated":true}]}}