{"id":19513,"date":"2018-09-24T22:34:52","date_gmt":"2018-09-24T20:34:52","guid":{"rendered":"https:\/\/hotta.eu\/shop\/gold-island-piparu-merce\/"},"modified":"2026-03-15T12:05:34","modified_gmt":"2026-03-15T10:05:34","slug":"gold-island-pepper-sauce","status":"publish","type":"product","link":"https:\/\/hotta.eu\/lv\/shop\/gold-island-pepper-sauce\/","title":{"rendered":"Gold Island Pepper Sauce"},"content":{"rendered":"<p><strong>Sast\u0101vda\u013cas<\/strong><br \/>\n\u016adens, destil\u0113ta eti\u0137sk\u0101be, kaj\u0113nas \u010dilli, cukurniedru cukurs, burk\u0101ni, s\u012bpoli, s\u0101ls, gur\u0137is, habanero \u010dilli, kukur\u016bzas ciete, <strong>sinepju s\u0113klas<\/strong>, kurkuma, \u0137imenes, \u0137iploku pulveris, askorb\u012bnsk\u0101be (C vitam\u012bns).<\/p>\n<p><strong>Uztura inform\u0101cija (100 g)<\/strong><br \/>\nEner\u0123ija 334,72 kJ \/ 80 kcal, og\u013chidr\u0101ti 17 g, no tiem cukuri 10 g, olbaltumvielas 1 g, s\u0101ls 1,96 g.<\/p>\n<p><strong>Der\u012bgums un glab\u0101\u0161ana<\/strong><br \/>\nDer\u012bguma termi\u0146\u0161 uz pudel\u012btes attiecas uz neatv\u0113rtiem produktiem. Atv\u0113rtu produktu j\u0101uzglab\u0101 ledusskap\u012b.<\/p>\n","protected":false},"excerpt":{"rendered":"<p>Iguana Gold Island piparu m\u0113rce ir ide\u0101li piem\u0113rota tiem, kam pat\u012bk karstums un eksotika, bet nav p\u0101r\u0101k pikanta. Svaigs un sul\u012bgs, ar pat\u012bkamu sk\u0101bumu un bag\u0101t\u012bgu gar\u0161u. Lai m\u0113rce b\u016btu unik\u0101la, tiek izmantoti svaigi s\u012bpoli, \u0137iploki, burk\u0101ni un gur\u0137i. To var \u0113st gandr\u012bz ar jebko, un t\u0101 teikts ar\u012b uz m\u0113rces eti\u0137etes. Vislab\u0101k pie r\u012bsiem, m\u0101jputnu ga\u013cas, picas un bagetes. Iguana m\u0113rces tiek ra\u017eotas Kostarik\u0101, izmantojot lab\u0101k\u0101s pieejam\u0101s svaig\u0101s sast\u0101vda\u013cas.<br \/>\n[ywcwtl_form product_id=\"\"]<\/p>\n","protected":false},"featured_media":15295,"comment_status":"open","ping_status":"closed","template":"","meta":[],"product_cat":[916,922],"product_tag":[],"giftcard-category":[],"class_list":{"0":"post-19513","1":"product","2":"type-product","3":"status-publish","4":"has-post-thumbnail","6":"product_cat-merces","7":"product_cat-videjs","8":"pa_brand-iguana","10":"first","11":"instock","12":"taxable","13":"shipping-taxable","14":"purchasable","15":"product-type-simple"},"yoast_head":"<!-- This site is optimized with the Yoast SEO plugin v27.4 - https:\/\/yoast.com\/product\/yoast-seo-wordpress\/ -->\n<title>Gold Island Pepper Sauce - Hotta<\/title>\n<meta name=\"description\" content=\"Iguana Gold Island piparu m\u0113rce ir ide\u0101li piem\u0113rota tiem, kam pat\u012bk karstums un eksotika, bet nav p\u0101r\u0101k pikanta. Svaigs un sul\u012bgs, ar pat\u012bkamu sk\u0101bumu un bag\u0101t\u012bgu gar\u0161u.\" \/>\n<meta name=\"robots\" content=\"index, follow, max-snippet:-1, max-image-preview:large, max-video-preview:-1\" \/>\n<link rel=\"canonical\" href=\"https:\/\/hotta.eu\/lv\/shop\/gold-island-pepper-sauce\/\" \/>\n<meta property=\"og:locale\" content=\"lv_LV\" \/>\n<meta property=\"og:type\" content=\"article\" \/>\n<meta property=\"og:title\" content=\"Gold Island Pepper Sauce - Hotta\" \/>\n<meta property=\"og:description\" content=\"Iguana Gold Island piparu m\u0113rce ir ide\u0101li piem\u0113rota tiem, kam pat\u012bk karstums un eksotika, bet nav p\u0101r\u0101k pikanta. Svaigs un sul\u012bgs, ar pat\u012bkamu sk\u0101bumu un bag\u0101t\u012bgu gar\u0161u.\" \/>\n<meta property=\"og:url\" content=\"https:\/\/hotta.eu\/lv\/shop\/gold-island-pepper-sauce\/\" \/>\n<meta property=\"og:site_name\" content=\"Hotta\" \/>\n<meta property=\"article:publisher\" content=\"https:\/\/www.facebook.com\/hotta.eu\" \/>\n<meta property=\"article:modified_time\" content=\"2026-03-15T10:05:34+00:00\" \/>\n<meta property=\"og:image\" content=\"https:\/\/hotta.eu\/wp-content\/uploads\/2024\/03\/IMG_9890.jpg\" \/>\n\t<meta property=\"og:image:width\" content=\"2000\" \/>\n\t<meta property=\"og:image:height\" content=\"2000\" \/>\n\t<meta property=\"og:image:type\" content=\"image\/jpeg\" \/>\n<meta name=\"twitter:card\" content=\"summary_large_image\" \/>\n<meta name=\"twitter:site\" content=\"@hottashop\" \/>\n<meta name=\"twitter:label1\" content=\"Est. reading time\" \/>\n\t<meta name=\"twitter:data1\" content=\"1 minute\" \/>\n<script type=\"application\/ld+json\" class=\"yoast-schema-graph\">{\"@context\":\"https:\\\/\\\/schema.org\",\"@graph\":[{\"@type\":\"WebPage\",\"@id\":\"https:\\\/\\\/hotta.eu\\\/lv\\\/shop\\\/gold-island-pepper-sauce\\\/\",\"url\":\"https:\\\/\\\/hotta.eu\\\/lv\\\/shop\\\/gold-island-pepper-sauce\\\/\",\"name\":\"Gold Island Pepper Sauce - Hotta\",\"isPartOf\":{\"@id\":\"https:\\\/\\\/hotta.eu\\\/lv\\\/#website\"},\"primaryImageOfPage\":{\"@id\":\"https:\\\/\\\/hotta.eu\\\/lv\\\/shop\\\/gold-island-pepper-sauce\\\/#primaryimage\"},\"image\":{\"@id\":\"https:\\\/\\\/hotta.eu\\\/lv\\\/shop\\\/gold-island-pepper-sauce\\\/#primaryimage\"},\"thumbnailUrl\":\"https:\\\/\\\/hotta.eu\\\/wp-content\\\/uploads\\\/2024\\\/03\\\/IMG_9890.jpg\",\"datePublished\":\"2018-09-24T20:34:52+00:00\",\"dateModified\":\"2026-03-15T10:05:34+00:00\",\"description\":\"Iguana Gold Island piparu m\u0113rce ir ide\u0101li piem\u0113rota tiem, kam pat\u012bk karstums un eksotika, bet nav p\u0101r\u0101k pikanta. Svaigs un sul\u012bgs, ar pat\u012bkamu sk\u0101bumu un bag\u0101t\u012bgu gar\u0161u.\",\"breadcrumb\":{\"@id\":\"https:\\\/\\\/hotta.eu\\\/lv\\\/shop\\\/gold-island-pepper-sauce\\\/#breadcrumb\"},\"inLanguage\":\"lv-LV\",\"potentialAction\":[{\"@type\":\"ReadAction\",\"target\":[\"https:\\\/\\\/hotta.eu\\\/lv\\\/shop\\\/gold-island-pepper-sauce\\\/\"]}]},{\"@type\":\"ImageObject\",\"inLanguage\":\"lv-LV\",\"@id\":\"https:\\\/\\\/hotta.eu\\\/lv\\\/shop\\\/gold-island-pepper-sauce\\\/#primaryimage\",\"url\":\"https:\\\/\\\/hotta.eu\\\/wp-content\\\/uploads\\\/2024\\\/03\\\/IMG_9890.jpg\",\"contentUrl\":\"https:\\\/\\\/hotta.eu\\\/wp-content\\\/uploads\\\/2024\\\/03\\\/IMG_9890.jpg\",\"width\":2000,\"height\":2000},{\"@type\":\"BreadcrumbList\",\"@id\":\"https:\\\/\\\/hotta.eu\\\/lv\\\/shop\\\/gold-island-pepper-sauce\\\/#breadcrumb\",\"itemListElement\":[{\"@type\":\"ListItem\",\"position\":1,\"name\":\"S\u0101kums\",\"item\":\"https:\\\/\\\/hotta.eu\\\/lv\\\/sakumlapa\\\/\"},{\"@type\":\"ListItem\",\"position\":2,\"name\":\"Veikals\",\"item\":\"https:\\\/\\\/hotta.eu\\\/lv\\\/shop\\\/\"},{\"@type\":\"ListItem\",\"position\":3,\"name\":\"Gold Island Pepper Sauce\"}]},{\"@type\":\"WebSite\",\"@id\":\"https:\\\/\\\/hotta.eu\\\/lv\\\/#website\",\"url\":\"https:\\\/\\\/hotta.eu\\\/lv\\\/\",\"name\":\"Hotta\",\"description\":\"Makes your mouth burn a lotta!\",\"publisher\":{\"@id\":\"https:\\\/\\\/hotta.eu\\\/lv\\\/#organization\"},\"potentialAction\":[{\"@type\":\"SearchAction\",\"target\":{\"@type\":\"EntryPoint\",\"urlTemplate\":\"https:\\\/\\\/hotta.eu\\\/lv\\\/?s={search_term_string}\"},\"query-input\":{\"@type\":\"PropertyValueSpecification\",\"valueRequired\":true,\"valueName\":\"search_term_string\"}}],\"inLanguage\":\"lv-LV\"},{\"@type\":\"Organization\",\"@id\":\"https:\\\/\\\/hotta.eu\\\/lv\\\/#organization\",\"name\":\"Hotta\",\"url\":\"https:\\\/\\\/hotta.eu\\\/lv\\\/\",\"logo\":{\"@type\":\"ImageObject\",\"inLanguage\":\"lv-LV\",\"@id\":\"https:\\\/\\\/hotta.eu\\\/lv\\\/#\\\/schema\\\/logo\\\/image\\\/\",\"url\":\"https:\\\/\\\/hotta.eu\\\/wp-content\\\/uploads\\\/2025\\\/04\\\/hotta-logo-invoice.png\",\"contentUrl\":\"https:\\\/\\\/hotta.eu\\\/wp-content\\\/uploads\\\/2025\\\/04\\\/hotta-logo-invoice.png\",\"width\":600,\"height\":411,\"caption\":\"Hotta\"},\"image\":{\"@id\":\"https:\\\/\\\/hotta.eu\\\/lv\\\/#\\\/schema\\\/logo\\\/image\\\/\"},\"sameAs\":[\"https:\\\/\\\/www.facebook.com\\\/hotta.eu\",\"https:\\\/\\\/x.com\\\/hottashop\",\"https:\\\/\\\/www.instagram.com\\\/hotta.shop\"]}]}<\/script>\n<!-- \/ Yoast SEO plugin. -->","yoast_head_json":{"title":"Gold Island Pepper Sauce - Hotta","description":"Iguana Gold Island piparu m\u0113rce ir ide\u0101li piem\u0113rota tiem, kam pat\u012bk karstums un eksotika, bet nav p\u0101r\u0101k pikanta. Svaigs un sul\u012bgs, ar pat\u012bkamu sk\u0101bumu un bag\u0101t\u012bgu gar\u0161u.","robots":{"index":"index","follow":"follow","max-snippet":"max-snippet:-1","max-image-preview":"max-image-preview:large","max-video-preview":"max-video-preview:-1"},"canonical":"https:\/\/hotta.eu\/lv\/shop\/gold-island-pepper-sauce\/","og_locale":"lv_LV","og_type":"article","og_title":"Gold Island Pepper Sauce - Hotta","og_description":"Iguana Gold Island piparu m\u0113rce ir ide\u0101li piem\u0113rota tiem, kam pat\u012bk karstums un eksotika, bet nav p\u0101r\u0101k pikanta. Svaigs un sul\u012bgs, ar pat\u012bkamu sk\u0101bumu un bag\u0101t\u012bgu gar\u0161u.","og_url":"https:\/\/hotta.eu\/lv\/shop\/gold-island-pepper-sauce\/","og_site_name":"Hotta","article_publisher":"https:\/\/www.facebook.com\/hotta.eu","article_modified_time":"2026-03-15T10:05:34+00:00","og_image":[{"width":2000,"height":2000,"url":"https:\/\/hotta.eu\/wp-content\/uploads\/2024\/03\/IMG_9890.jpg","type":"image\/jpeg"}],"twitter_card":"summary_large_image","twitter_site":"@hottashop","twitter_misc":{"Est. reading time":"1 minute"},"schema":{"@context":"https:\/\/schema.org","@graph":[{"@type":"WebPage","@id":"https:\/\/hotta.eu\/lv\/shop\/gold-island-pepper-sauce\/","url":"https:\/\/hotta.eu\/lv\/shop\/gold-island-pepper-sauce\/","name":"Gold Island Pepper Sauce - Hotta","isPartOf":{"@id":"https:\/\/hotta.eu\/lv\/#website"},"primaryImageOfPage":{"@id":"https:\/\/hotta.eu\/lv\/shop\/gold-island-pepper-sauce\/#primaryimage"},"image":{"@id":"https:\/\/hotta.eu\/lv\/shop\/gold-island-pepper-sauce\/#primaryimage"},"thumbnailUrl":"https:\/\/hotta.eu\/wp-content\/uploads\/2024\/03\/IMG_9890.jpg","datePublished":"2018-09-24T20:34:52+00:00","dateModified":"2026-03-15T10:05:34+00:00","description":"Iguana Gold Island piparu m\u0113rce ir ide\u0101li piem\u0113rota tiem, kam pat\u012bk karstums un eksotika, bet nav p\u0101r\u0101k pikanta. Svaigs un sul\u012bgs, ar pat\u012bkamu sk\u0101bumu un bag\u0101t\u012bgu gar\u0161u.","breadcrumb":{"@id":"https:\/\/hotta.eu\/lv\/shop\/gold-island-pepper-sauce\/#breadcrumb"},"inLanguage":"lv-LV","potentialAction":[{"@type":"ReadAction","target":["https:\/\/hotta.eu\/lv\/shop\/gold-island-pepper-sauce\/"]}]},{"@type":"ImageObject","inLanguage":"lv-LV","@id":"https:\/\/hotta.eu\/lv\/shop\/gold-island-pepper-sauce\/#primaryimage","url":"https:\/\/hotta.eu\/wp-content\/uploads\/2024\/03\/IMG_9890.jpg","contentUrl":"https:\/\/hotta.eu\/wp-content\/uploads\/2024\/03\/IMG_9890.jpg","width":2000,"height":2000},{"@type":"BreadcrumbList","@id":"https:\/\/hotta.eu\/lv\/shop\/gold-island-pepper-sauce\/#breadcrumb","itemListElement":[{"@type":"ListItem","position":1,"name":"S\u0101kums","item":"https:\/\/hotta.eu\/lv\/sakumlapa\/"},{"@type":"ListItem","position":2,"name":"Veikals","item":"https:\/\/hotta.eu\/lv\/shop\/"},{"@type":"ListItem","position":3,"name":"Gold Island Pepper Sauce"}]},{"@type":"WebSite","@id":"https:\/\/hotta.eu\/lv\/#website","url":"https:\/\/hotta.eu\/lv\/","name":"Hotta","description":"Makes your mouth burn a lotta!","publisher":{"@id":"https:\/\/hotta.eu\/lv\/#organization"},"potentialAction":[{"@type":"SearchAction","target":{"@type":"EntryPoint","urlTemplate":"https:\/\/hotta.eu\/lv\/?s={search_term_string}"},"query-input":{"@type":"PropertyValueSpecification","valueRequired":true,"valueName":"search_term_string"}}],"inLanguage":"lv-LV"},{"@type":"Organization","@id":"https:\/\/hotta.eu\/lv\/#organization","name":"Hotta","url":"https:\/\/hotta.eu\/lv\/","logo":{"@type":"ImageObject","inLanguage":"lv-LV","@id":"https:\/\/hotta.eu\/lv\/#\/schema\/logo\/image\/","url":"https:\/\/hotta.eu\/wp-content\/uploads\/2025\/04\/hotta-logo-invoice.png","contentUrl":"https:\/\/hotta.eu\/wp-content\/uploads\/2025\/04\/hotta-logo-invoice.png","width":600,"height":411,"caption":"Hotta"},"image":{"@id":"https:\/\/hotta.eu\/lv\/#\/schema\/logo\/image\/"},"sameAs":["https:\/\/www.facebook.com\/hotta.eu","https:\/\/x.com\/hottashop","https:\/\/www.instagram.com\/hotta.shop"]}]}},"jetpack_sharing_enabled":true,"_links":{"self":[{"href":"https:\/\/hotta.eu\/lv\/wp-json\/wp\/v2\/product\/19513","targetHints":{"allow":["GET"]}}],"collection":[{"href":"https:\/\/hotta.eu\/lv\/wp-json\/wp\/v2\/product"}],"about":[{"href":"https:\/\/hotta.eu\/lv\/wp-json\/wp\/v2\/types\/product"}],"replies":[{"embeddable":true,"href":"https:\/\/hotta.eu\/lv\/wp-json\/wp\/v2\/comments?post=19513"}],"wp:featuredmedia":[{"embeddable":true,"href":"https:\/\/hotta.eu\/lv\/wp-json\/wp\/v2\/media\/15295"}],"wp:attachment":[{"href":"https:\/\/hotta.eu\/lv\/wp-json\/wp\/v2\/media?parent=19513"}],"wp:term":[{"taxonomy":"product_cat","embeddable":true,"href":"https:\/\/hotta.eu\/lv\/wp-json\/wp\/v2\/product_cat?post=19513"},{"taxonomy":"product_tag","embeddable":true,"href":"https:\/\/hotta.eu\/lv\/wp-json\/wp\/v2\/product_tag?post=19513"},{"taxonomy":"giftcard-category","embeddable":true,"href":"https:\/\/hotta.eu\/lv\/wp-json\/wp\/v2\/giftcard-category?post=19513"}],"curies":[{"name":"wp","href":"https:\/\/api.w.org\/{rel}","templated":true}]}}