{"id":19530,"date":"2018-09-26T23:29:56","date_gmt":"2018-09-26T21:29:56","guid":{"rendered":"https:\/\/hotta.eu\/shop\/el-chupacabra-karsta-merce\/"},"modified":"2026-04-05T20:29:51","modified_gmt":"2026-04-05T18:29:51","slug":"el-chupacabra-hot-sauce","status":"publish","type":"product","link":"https:\/\/hotta.eu\/lv\/shop\/el-chupacabra-hot-sauce\/","title":{"rendered":"El Chupacabra Hot Sauce"},"content":{"rendered":"<p><strong>Sast\u0101vda\u013cas<\/strong><br \/>\nDa\u017e\u0101di \u010dilli (bhut jolokia, Kar\u012bbu j\u016bras pipari, Trinidad 7-pot, Trinidad scorpion, Trinidad scorpion moruga), burk\u0101ni, s\u012bpoli, <strong>sinepes<\/strong>, destil\u0113ta eti\u0137sk\u0101be, \u0137iploki, gar\u0161vielas.<\/p>\n<div class=\"tableheader\"><strong>Uzturv\u0113rt\u012bba (100 g)<\/strong><\/div>\n<div class=\"tableheader\">Ener\u0123ija 186,6 kJ \/ 44,6 kcal, og\u013chidr\u0101ti 8,3 g, no tiem cukuri 2,8 g, s\u0101ls 0,05 g.<\/div>\n<p><strong>Der\u012bgums un glab\u0101\u0161ana<\/strong><br \/>\nDer\u012bguma termi\u0146\u0161 uz pudel\u012btes attiecas uz neatv\u0113rtiem produktiem. Atv\u0113rtu produktu j\u0101uzglab\u0101 ledusskap\u012b.<\/p>\n","protected":false},"excerpt":{"rendered":"<p>\u013boti pikanta m\u0113rce, kas nesatur \u010dilli ekstraktu. \u010cupakabra ir m\u012btisks rad\u012bjums, par kuru kl\u012bst baumas, ka tas ligzdo Lat\u012b\u0146amerik\u0101 un p\u0101rtiek no dz\u012bv\u0101m rad\u012bb\u0101m. T\u0101 pa\u0161a nosaukuma m\u0113rci veido \u012bpa\u0161i asu \u010dili piparu kombin\u0101cija. Gar\u0161as k\u0101rpi\u0146\u0101s j\u016btama aug\u013cu, sinepju un \u0137iploku nokr\u0101sa. Siltums iesl\u0113dzas klusi, bet tas ilgst ilgi. M\u0113rces sauklis liecina, ka m\u0113rce j\u016bs nenogalin\u0101s, bet p\u0113c t\u0101s lieto\u0161anas j\u016bs cerat, ka t\u0101 j\u016bs nogalin\u0101s.<br \/>\n[ywcwtl_form product_id=\"\"]<\/p>\n","protected":false},"featured_media":15343,"comment_status":"open","ping_status":"closed","template":"","meta":[],"product_cat":[918,916],"product_tag":[],"giftcard-category":[],"class_list":{"0":"post-19530","1":"product","2":"type-product","3":"status-publish","4":"has-post-thumbnail","6":"product_cat-ekstrems","7":"product_cat-merces","8":"pa_brand-cajohns-fiery-foods","10":"first","11":"outofstock","12":"taxable","13":"shipping-taxable","14":"purchasable","15":"product-type-simple"},"yoast_head":"<!-- This site is optimized with the Yoast SEO plugin v27.5 - https:\/\/yoast.com\/product\/yoast-seo-wordpress\/ -->\n<title>El Chupacabra Hot Sauce - Hotta<\/title>\n<meta name=\"description\" content=\"\u013boti pikanta m\u0113rce, kas nesatur \u010dilli ekstraktu. \u010cupakabra ir m\u012btisks rad\u012bjums, par kuru kl\u012bst baumas, ka tas ligzdo Lat\u012b\u0146amerik\u0101 un p\u0101rtiek no dz\u012bv\u0101m rad\u012bb\u0101m.\" \/>\n<meta name=\"robots\" content=\"index, follow, max-snippet:-1, max-image-preview:large, max-video-preview:-1\" \/>\n<link rel=\"canonical\" href=\"https:\/\/hotta.eu\/lv\/shop\/el-chupacabra-hot-sauce\/\" \/>\n<meta property=\"og:locale\" content=\"lv_LV\" \/>\n<meta property=\"og:type\" content=\"article\" \/>\n<meta property=\"og:title\" content=\"El Chupacabra Hot Sauce - Hotta\" \/>\n<meta property=\"og:description\" content=\"\u013boti pikanta m\u0113rce, kas nesatur \u010dilli ekstraktu. \u010cupakabra ir m\u012btisks rad\u012bjums, par kuru kl\u012bst baumas, ka tas ligzdo Lat\u012b\u0146amerik\u0101 un p\u0101rtiek no dz\u012bv\u0101m rad\u012bb\u0101m.\" \/>\n<meta property=\"og:url\" content=\"https:\/\/hotta.eu\/lv\/shop\/el-chupacabra-hot-sauce\/\" \/>\n<meta property=\"og:site_name\" content=\"Hotta\" \/>\n<meta property=\"article:publisher\" content=\"https:\/\/www.facebook.com\/hotta.eu\" \/>\n<meta property=\"article:modified_time\" content=\"2026-04-05T18:29:51+00:00\" \/>\n<meta property=\"og:image\" content=\"https:\/\/hotta.eu\/wp-content\/uploads\/2024\/03\/IMG_9904.jpg\" \/>\n\t<meta property=\"og:image:width\" content=\"2000\" \/>\n\t<meta property=\"og:image:height\" content=\"2000\" \/>\n\t<meta property=\"og:image:type\" content=\"image\/jpeg\" \/>\n<meta name=\"twitter:card\" content=\"summary_large_image\" \/>\n<meta name=\"twitter:site\" content=\"@hottashop\" \/>\n<meta name=\"twitter:label1\" content=\"Est. reading time\" \/>\n\t<meta name=\"twitter:data1\" content=\"1 minute\" \/>\n<script type=\"application\/ld+json\" class=\"yoast-schema-graph\">{\"@context\":\"https:\\\/\\\/schema.org\",\"@graph\":[{\"@type\":\"WebPage\",\"@id\":\"https:\\\/\\\/hotta.eu\\\/lv\\\/shop\\\/el-chupacabra-hot-sauce\\\/\",\"url\":\"https:\\\/\\\/hotta.eu\\\/lv\\\/shop\\\/el-chupacabra-hot-sauce\\\/\",\"name\":\"El Chupacabra Hot Sauce - Hotta\",\"isPartOf\":{\"@id\":\"https:\\\/\\\/hotta.eu\\\/lv\\\/#website\"},\"primaryImageOfPage\":{\"@id\":\"https:\\\/\\\/hotta.eu\\\/lv\\\/shop\\\/el-chupacabra-hot-sauce\\\/#primaryimage\"},\"image\":{\"@id\":\"https:\\\/\\\/hotta.eu\\\/lv\\\/shop\\\/el-chupacabra-hot-sauce\\\/#primaryimage\"},\"thumbnailUrl\":\"https:\\\/\\\/hotta.eu\\\/wp-content\\\/uploads\\\/2024\\\/03\\\/IMG_9904.jpg\",\"datePublished\":\"2018-09-26T21:29:56+00:00\",\"dateModified\":\"2026-04-05T18:29:51+00:00\",\"description\":\"\u013boti pikanta m\u0113rce, kas nesatur \u010dilli ekstraktu. \u010cupakabra ir m\u012btisks rad\u012bjums, par kuru kl\u012bst baumas, ka tas ligzdo Lat\u012b\u0146amerik\u0101 un p\u0101rtiek no dz\u012bv\u0101m rad\u012bb\u0101m.\",\"breadcrumb\":{\"@id\":\"https:\\\/\\\/hotta.eu\\\/lv\\\/shop\\\/el-chupacabra-hot-sauce\\\/#breadcrumb\"},\"inLanguage\":\"lv-LV\",\"potentialAction\":[{\"@type\":\"ReadAction\",\"target\":[\"https:\\\/\\\/hotta.eu\\\/lv\\\/shop\\\/el-chupacabra-hot-sauce\\\/\"]}]},{\"@type\":\"ImageObject\",\"inLanguage\":\"lv-LV\",\"@id\":\"https:\\\/\\\/hotta.eu\\\/lv\\\/shop\\\/el-chupacabra-hot-sauce\\\/#primaryimage\",\"url\":\"https:\\\/\\\/hotta.eu\\\/wp-content\\\/uploads\\\/2024\\\/03\\\/IMG_9904.jpg\",\"contentUrl\":\"https:\\\/\\\/hotta.eu\\\/wp-content\\\/uploads\\\/2024\\\/03\\\/IMG_9904.jpg\",\"width\":2000,\"height\":2000},{\"@type\":\"BreadcrumbList\",\"@id\":\"https:\\\/\\\/hotta.eu\\\/lv\\\/shop\\\/el-chupacabra-hot-sauce\\\/#breadcrumb\",\"itemListElement\":[{\"@type\":\"ListItem\",\"position\":1,\"name\":\"S\u0101kums\",\"item\":\"https:\\\/\\\/hotta.eu\\\/lv\\\/\"},{\"@type\":\"ListItem\",\"position\":2,\"name\":\"Veikals\",\"item\":\"https:\\\/\\\/hotta.eu\\\/lv\\\/shop\\\/\"},{\"@type\":\"ListItem\",\"position\":3,\"name\":\"El Chupacabra Hot Sauce\"}]},{\"@type\":\"WebSite\",\"@id\":\"https:\\\/\\\/hotta.eu\\\/lv\\\/#website\",\"url\":\"https:\\\/\\\/hotta.eu\\\/lv\\\/\",\"name\":\"Hotta\",\"description\":\"Makes your mouth burn a lotta!\",\"publisher\":{\"@id\":\"https:\\\/\\\/hotta.eu\\\/lv\\\/#organization\"},\"potentialAction\":[{\"@type\":\"SearchAction\",\"target\":{\"@type\":\"EntryPoint\",\"urlTemplate\":\"https:\\\/\\\/hotta.eu\\\/lv\\\/?s={search_term_string}\"},\"query-input\":{\"@type\":\"PropertyValueSpecification\",\"valueRequired\":true,\"valueName\":\"search_term_string\"}}],\"inLanguage\":\"lv-LV\"},{\"@type\":\"Organization\",\"@id\":\"https:\\\/\\\/hotta.eu\\\/lv\\\/#organization\",\"name\":\"Hotta\",\"url\":\"https:\\\/\\\/hotta.eu\\\/lv\\\/\",\"logo\":{\"@type\":\"ImageObject\",\"inLanguage\":\"lv-LV\",\"@id\":\"https:\\\/\\\/hotta.eu\\\/lv\\\/#\\\/schema\\\/logo\\\/image\\\/\",\"url\":\"https:\\\/\\\/hotta.eu\\\/wp-content\\\/uploads\\\/2025\\\/04\\\/hotta-logo-invoice.png\",\"contentUrl\":\"https:\\\/\\\/hotta.eu\\\/wp-content\\\/uploads\\\/2025\\\/04\\\/hotta-logo-invoice.png\",\"width\":600,\"height\":411,\"caption\":\"Hotta\"},\"image\":{\"@id\":\"https:\\\/\\\/hotta.eu\\\/lv\\\/#\\\/schema\\\/logo\\\/image\\\/\"},\"sameAs\":[\"https:\\\/\\\/www.facebook.com\\\/hotta.eu\",\"https:\\\/\\\/x.com\\\/hottashop\",\"https:\\\/\\\/www.instagram.com\\\/hotta.shop\"]}]}<\/script>\n<!-- \/ Yoast SEO plugin. -->","yoast_head_json":{"title":"El Chupacabra Hot Sauce - Hotta","description":"\u013boti pikanta m\u0113rce, kas nesatur \u010dilli ekstraktu. \u010cupakabra ir m\u012btisks rad\u012bjums, par kuru kl\u012bst baumas, ka tas ligzdo Lat\u012b\u0146amerik\u0101 un p\u0101rtiek no dz\u012bv\u0101m rad\u012bb\u0101m.","robots":{"index":"index","follow":"follow","max-snippet":"max-snippet:-1","max-image-preview":"max-image-preview:large","max-video-preview":"max-video-preview:-1"},"canonical":"https:\/\/hotta.eu\/lv\/shop\/el-chupacabra-hot-sauce\/","og_locale":"lv_LV","og_type":"article","og_title":"El Chupacabra Hot Sauce - Hotta","og_description":"\u013boti pikanta m\u0113rce, kas nesatur \u010dilli ekstraktu. \u010cupakabra ir m\u012btisks rad\u012bjums, par kuru kl\u012bst baumas, ka tas ligzdo Lat\u012b\u0146amerik\u0101 un p\u0101rtiek no dz\u012bv\u0101m rad\u012bb\u0101m.","og_url":"https:\/\/hotta.eu\/lv\/shop\/el-chupacabra-hot-sauce\/","og_site_name":"Hotta","article_publisher":"https:\/\/www.facebook.com\/hotta.eu","article_modified_time":"2026-04-05T18:29:51+00:00","og_image":[{"width":2000,"height":2000,"url":"https:\/\/hotta.eu\/wp-content\/uploads\/2024\/03\/IMG_9904.jpg","type":"image\/jpeg"}],"twitter_card":"summary_large_image","twitter_site":"@hottashop","twitter_misc":{"Est. reading time":"1 minute"},"schema":{"@context":"https:\/\/schema.org","@graph":[{"@type":"WebPage","@id":"https:\/\/hotta.eu\/lv\/shop\/el-chupacabra-hot-sauce\/","url":"https:\/\/hotta.eu\/lv\/shop\/el-chupacabra-hot-sauce\/","name":"El Chupacabra Hot Sauce - Hotta","isPartOf":{"@id":"https:\/\/hotta.eu\/lv\/#website"},"primaryImageOfPage":{"@id":"https:\/\/hotta.eu\/lv\/shop\/el-chupacabra-hot-sauce\/#primaryimage"},"image":{"@id":"https:\/\/hotta.eu\/lv\/shop\/el-chupacabra-hot-sauce\/#primaryimage"},"thumbnailUrl":"https:\/\/hotta.eu\/wp-content\/uploads\/2024\/03\/IMG_9904.jpg","datePublished":"2018-09-26T21:29:56+00:00","dateModified":"2026-04-05T18:29:51+00:00","description":"\u013boti pikanta m\u0113rce, kas nesatur \u010dilli ekstraktu. \u010cupakabra ir m\u012btisks rad\u012bjums, par kuru kl\u012bst baumas, ka tas ligzdo Lat\u012b\u0146amerik\u0101 un p\u0101rtiek no dz\u012bv\u0101m rad\u012bb\u0101m.","breadcrumb":{"@id":"https:\/\/hotta.eu\/lv\/shop\/el-chupacabra-hot-sauce\/#breadcrumb"},"inLanguage":"lv-LV","potentialAction":[{"@type":"ReadAction","target":["https:\/\/hotta.eu\/lv\/shop\/el-chupacabra-hot-sauce\/"]}]},{"@type":"ImageObject","inLanguage":"lv-LV","@id":"https:\/\/hotta.eu\/lv\/shop\/el-chupacabra-hot-sauce\/#primaryimage","url":"https:\/\/hotta.eu\/wp-content\/uploads\/2024\/03\/IMG_9904.jpg","contentUrl":"https:\/\/hotta.eu\/wp-content\/uploads\/2024\/03\/IMG_9904.jpg","width":2000,"height":2000},{"@type":"BreadcrumbList","@id":"https:\/\/hotta.eu\/lv\/shop\/el-chupacabra-hot-sauce\/#breadcrumb","itemListElement":[{"@type":"ListItem","position":1,"name":"S\u0101kums","item":"https:\/\/hotta.eu\/lv\/"},{"@type":"ListItem","position":2,"name":"Veikals","item":"https:\/\/hotta.eu\/lv\/shop\/"},{"@type":"ListItem","position":3,"name":"El Chupacabra Hot Sauce"}]},{"@type":"WebSite","@id":"https:\/\/hotta.eu\/lv\/#website","url":"https:\/\/hotta.eu\/lv\/","name":"Hotta","description":"Makes your mouth burn a lotta!","publisher":{"@id":"https:\/\/hotta.eu\/lv\/#organization"},"potentialAction":[{"@type":"SearchAction","target":{"@type":"EntryPoint","urlTemplate":"https:\/\/hotta.eu\/lv\/?s={search_term_string}"},"query-input":{"@type":"PropertyValueSpecification","valueRequired":true,"valueName":"search_term_string"}}],"inLanguage":"lv-LV"},{"@type":"Organization","@id":"https:\/\/hotta.eu\/lv\/#organization","name":"Hotta","url":"https:\/\/hotta.eu\/lv\/","logo":{"@type":"ImageObject","inLanguage":"lv-LV","@id":"https:\/\/hotta.eu\/lv\/#\/schema\/logo\/image\/","url":"https:\/\/hotta.eu\/wp-content\/uploads\/2025\/04\/hotta-logo-invoice.png","contentUrl":"https:\/\/hotta.eu\/wp-content\/uploads\/2025\/04\/hotta-logo-invoice.png","width":600,"height":411,"caption":"Hotta"},"image":{"@id":"https:\/\/hotta.eu\/lv\/#\/schema\/logo\/image\/"},"sameAs":["https:\/\/www.facebook.com\/hotta.eu","https:\/\/x.com\/hottashop","https:\/\/www.instagram.com\/hotta.shop"]}]}},"jetpack_sharing_enabled":true,"_links":{"self":[{"href":"https:\/\/hotta.eu\/lv\/wp-json\/wp\/v2\/product\/19530","targetHints":{"allow":["GET"]}}],"collection":[{"href":"https:\/\/hotta.eu\/lv\/wp-json\/wp\/v2\/product"}],"about":[{"href":"https:\/\/hotta.eu\/lv\/wp-json\/wp\/v2\/types\/product"}],"replies":[{"embeddable":true,"href":"https:\/\/hotta.eu\/lv\/wp-json\/wp\/v2\/comments?post=19530"}],"wp:featuredmedia":[{"embeddable":true,"href":"https:\/\/hotta.eu\/lv\/wp-json\/wp\/v2\/media\/15343"}],"wp:attachment":[{"href":"https:\/\/hotta.eu\/lv\/wp-json\/wp\/v2\/media?parent=19530"}],"wp:term":[{"taxonomy":"product_cat","embeddable":true,"href":"https:\/\/hotta.eu\/lv\/wp-json\/wp\/v2\/product_cat?post=19530"},{"taxonomy":"product_tag","embeddable":true,"href":"https:\/\/hotta.eu\/lv\/wp-json\/wp\/v2\/product_tag?post=19530"},{"taxonomy":"giftcard-category","embeddable":true,"href":"https:\/\/hotta.eu\/lv\/wp-json\/wp\/v2\/giftcard-category?post=19530"}],"curies":[{"name":"wp","href":"https:\/\/api.w.org\/{rel}","templated":true}]}}