{"id":19576,"date":"2024-07-06T09:56:51","date_gmt":"2024-07-06T07:56:51","guid":{"rendered":"https:\/\/hotta.eu\/?post_type=product&#038;p=19576"},"modified":"2024-12-27T12:40:34","modified_gmt":"2024-12-27T10:40:34","slug":"immunity-chilli-gift-box","status":"publish","type":"product","link":"https:\/\/hotta.eu\/lv\/shop\/immunity-chilli-gift-box\/","title":{"rendered":"Immunity Chilli Gift Box"},"content":{"rendered":"","protected":false},"excerpt":{"rendered":"<p>Lab\u0101k\u0101 d\u0101vana ir vesel\u012bba! Im\u016bnsist\u0113mu stiprino\u0161s d\u0101vanu komplekts no Hot Chip. Ide\u0101li piem\u0113rots gan ies\u0101c\u0113jiem, gan pieredz\u0113ju\u0161\u0101kiem \u010dilli cien\u012bt\u0101jiem. Pla\u0161s produktu kl\u0101sts ar da\u017e\u0101du asuma pak\u0101pi un \u010dilli.<\/p>\n<p>Komplekta saturs:<\/p>\n<ul>\n<li><a href=\"https:\/\/hotta.eu\/shop\/hot-chip-challenge\/\"><strong>Hot Chip Challenge<\/strong><\/a> (2.5 g)<br \/>\n\u012apa\u0161i as\u0101 <em>viena \u017eetona<\/em> izaicin\u0101jums nodro\u0161ina neaizmirstamu pieredzi.<\/li>\n<li><strong>\u010cilli un mango<\/strong> (180 g)<br \/>\nAizraujo\u0161a Bhut Jolokia \u010dilli un saldo apels\u012bnu kombin\u0101cija iev\u0101r\u012bjum\u0101.<\/li>\n<li><strong>Medus ar \u010dilli<\/strong> (200 g)<br \/>\nC vitam\u012bns, asi! Labi sader ar t\u0113ju, marin\u0101di vai saldo \u0113dienu.<\/li>\n<li><a href=\"https:\/\/hotta.eu\/shop\/beef-jerky-chipotle\/\"><strong>Beef Jerky Chipotle<\/strong><\/a> (25 g)<br \/>\nLiellopa ga\u013cas \u017e\u0101v\u0113jumi ar \u010dipotles gar\u0161u &#8211; olbaltumviel\u0101m bag\u0101ta uzkoda.<\/li>\n<li><a href=\"https:\/\/hotta.eu\/shop\/jelly-beans-spicy-fruit\/\"><strong>Jelly Beans Spicy Fruit<\/strong><\/a> (60 g)<br \/>\nAug\u013cu arom\u0101ta <em>\u017eelejas<\/em> konfektes ar \u010dilli piedevu.<\/li>\n<li><strong>Za\u013cais jalapeno \u010dilli pulveris<\/strong> (10 g)<br \/>\n\u012apa\u0161i labi sader ar meksik\u0101\u0146u virtuves \u0113dieniem!<\/li>\n<li><strong>\u010dilli pulveris Scotch Bonnet <\/strong>(10 g)<br \/>\nPikanta gar\u0161viela, kas papildus \u010dili gar\u0161as piedev\u0101m satur ar\u012b \u0101bolu, \u0137ir\u0161u un apriko\u017eu piedevu.<\/li>\n<li><strong>Bird&#8217;s Eye \u017e\u0101v\u0113ti \u010dilli<\/strong> (30 g)<br \/>\n\u017d\u0101v\u0113ti vid\u0113ji asi \u010dilli, labi piem\u0113roti \u0113dienu pagatavo\u0161anai.<\/li>\n<li><strong>Habanero p\u0101rslas<\/strong> (30 g)<br \/>\nAsas \u010dilli p\u0101rslas ar tropu gar\u0161u.<\/li>\n<li><a href=\"https:\/\/hotta.eu\/shop\/strips-limed-habaneros\/\"><strong>Strips Limed Habaneros<\/strong><\/a> (80 g)<br \/>\nOlbaltumviel\u0101m bag\u0101ta uzkoda no p\u0101k\u0161augiem, kas papildin\u0101ta ar habanero \u010dilli.<\/li>\n<li><strong>\u010cilli-kivi aromatiz\u0113ts s\u012brups<\/strong> (550 ml)<br \/>\nLabi piem\u0113rots da\u017e\u0101du dz\u0113rienu (tostarp koktei\u013cu) aromatiz\u0113\u0161anai.<\/li>\n<li><a href=\"https:\/\/hotta.eu\/shop\/chilli-lime-chips\/\"><strong>Chilli &amp; Lime Chips<\/strong><\/a> (80 g)<br \/>\nKartupe\u013cu \u010dipsi ar \u010dilli un laimu.<\/li>\n<li><a href=\"https:\/\/hotta.eu\/shop\/strawberry-chilli-raw-protein-bar\/\"><strong>Strawberry &amp; Chilli Raw Protein Bar<\/strong><\/a> (35 g)<br \/>\nZeme\u0146u un \u010dilli gar\u0161as olbaltumviel\u0101m bag\u0101ta neapstr\u0101d\u0101ta batoni\u0146a.<\/li>\n<li><strong>Chipotle rieksti<\/strong> (70 g)<br \/>\nRieksti, kas aromatiz\u0113ti ar d\u016bmakainu \u010dipotle \u010dilli.<\/li>\n<\/ul>\n<p><!--more--><\/p>\n<p><!--more--><br \/>\n[ywcwtl_form product_id=\"\"]<\/p>\n","protected":false},"featured_media":19592,"comment_status":"open","ping_status":"closed","template":"","meta":[],"product_cat":[930],"product_tag":[],"giftcard-category":[],"class_list":{"0":"post-19576","1":"product","2":"type-product","3":"status-publish","4":"has-post-thumbnail","6":"product_cat-komplekti","7":"pa_brand-hot-chip","9":"first","10":"outofstock","11":"taxable","12":"shipping-taxable","13":"purchasable","14":"product-type-simple"},"yoast_head":"<!-- This site is optimized with the Yoast SEO plugin v27.3 - https:\/\/yoast.com\/product\/yoast-seo-wordpress\/ -->\n<title>Immunity Chilli Gift Box - Hotta<\/title>\n<meta name=\"description\" content=\"Lab\u0101k\u0101 d\u0101vana ir vesel\u012bba! Im\u016bnsist\u0113mu stiprino\u0161s d\u0101vanu komplekts no Hot Chip. Ide\u0101li piem\u0113rots gan ies\u0101c\u0113jiem, gan pieredz\u0113ju\u0161\u0101kiem \u010dilli cien\u012bt\u0101jiem.\" \/>\n<meta name=\"robots\" content=\"index, follow, max-snippet:-1, max-image-preview:large, max-video-preview:-1\" \/>\n<link rel=\"canonical\" href=\"https:\/\/hotta.eu\/lv\/shop\/immunity-chilli-gift-box\/\" \/>\n<meta property=\"og:locale\" content=\"lv_LV\" \/>\n<meta property=\"og:type\" content=\"article\" \/>\n<meta property=\"og:title\" content=\"Immunity Chilli Gift Box - Hotta\" \/>\n<meta property=\"og:description\" content=\"Lab\u0101k\u0101 d\u0101vana ir vesel\u012bba! Im\u016bnsist\u0113mu stiprino\u0161s d\u0101vanu komplekts no Hot Chip. Ide\u0101li piem\u0113rots gan ies\u0101c\u0113jiem, gan pieredz\u0113ju\u0161\u0101kiem \u010dilli cien\u012bt\u0101jiem.\" \/>\n<meta property=\"og:url\" content=\"https:\/\/hotta.eu\/lv\/shop\/immunity-chilli-gift-box\/\" \/>\n<meta property=\"og:site_name\" content=\"Hotta\" \/>\n<meta property=\"article:publisher\" content=\"https:\/\/www.facebook.com\/hotta.eu\" \/>\n<meta property=\"article:modified_time\" content=\"2024-12-27T10:40:34+00:00\" \/>\n<meta property=\"og:image\" content=\"https:\/\/hotta.eu\/wp-content\/uploads\/2024\/07\/ed88303ffc010695bdd6af32f476e1b7.jpg\" \/>\n\t<meta property=\"og:image:width\" content=\"800\" \/>\n\t<meta property=\"og:image:height\" content=\"800\" \/>\n\t<meta property=\"og:image:type\" content=\"image\/jpeg\" \/>\n<meta name=\"twitter:card\" content=\"summary_large_image\" \/>\n<meta name=\"twitter:site\" content=\"@hottashop\" \/>\n<meta name=\"twitter:label1\" content=\"Est. reading time\" \/>\n\t<meta name=\"twitter:data1\" content=\"1 minute\" \/>\n<script type=\"application\/ld+json\" class=\"yoast-schema-graph\">{\"@context\":\"https:\\\/\\\/schema.org\",\"@graph\":[{\"@type\":\"WebPage\",\"@id\":\"https:\\\/\\\/hotta.eu\\\/lv\\\/shop\\\/immunity-chilli-gift-box\\\/\",\"url\":\"https:\\\/\\\/hotta.eu\\\/lv\\\/shop\\\/immunity-chilli-gift-box\\\/\",\"name\":\"Immunity Chilli Gift Box - Hotta\",\"isPartOf\":{\"@id\":\"https:\\\/\\\/hotta.eu\\\/lv\\\/#website\"},\"primaryImageOfPage\":{\"@id\":\"https:\\\/\\\/hotta.eu\\\/lv\\\/shop\\\/immunity-chilli-gift-box\\\/#primaryimage\"},\"image\":{\"@id\":\"https:\\\/\\\/hotta.eu\\\/lv\\\/shop\\\/immunity-chilli-gift-box\\\/#primaryimage\"},\"thumbnailUrl\":\"https:\\\/\\\/hotta.eu\\\/wp-content\\\/uploads\\\/2024\\\/07\\\/ed88303ffc010695bdd6af32f476e1b7.jpg\",\"datePublished\":\"2024-07-06T07:56:51+00:00\",\"dateModified\":\"2024-12-27T10:40:34+00:00\",\"description\":\"Lab\u0101k\u0101 d\u0101vana ir vesel\u012bba! Im\u016bnsist\u0113mu stiprino\u0161s d\u0101vanu komplekts no Hot Chip. Ide\u0101li piem\u0113rots gan ies\u0101c\u0113jiem, gan pieredz\u0113ju\u0161\u0101kiem \u010dilli cien\u012bt\u0101jiem.\",\"breadcrumb\":{\"@id\":\"https:\\\/\\\/hotta.eu\\\/lv\\\/shop\\\/immunity-chilli-gift-box\\\/#breadcrumb\"},\"inLanguage\":\"lv-LV\",\"potentialAction\":[{\"@type\":\"ReadAction\",\"target\":[\"https:\\\/\\\/hotta.eu\\\/lv\\\/shop\\\/immunity-chilli-gift-box\\\/\"]}]},{\"@type\":\"ImageObject\",\"inLanguage\":\"lv-LV\",\"@id\":\"https:\\\/\\\/hotta.eu\\\/lv\\\/shop\\\/immunity-chilli-gift-box\\\/#primaryimage\",\"url\":\"https:\\\/\\\/hotta.eu\\\/wp-content\\\/uploads\\\/2024\\\/07\\\/ed88303ffc010695bdd6af32f476e1b7.jpg\",\"contentUrl\":\"https:\\\/\\\/hotta.eu\\\/wp-content\\\/uploads\\\/2024\\\/07\\\/ed88303ffc010695bdd6af32f476e1b7.jpg\",\"width\":800,\"height\":800},{\"@type\":\"BreadcrumbList\",\"@id\":\"https:\\\/\\\/hotta.eu\\\/lv\\\/shop\\\/immunity-chilli-gift-box\\\/#breadcrumb\",\"itemListElement\":[{\"@type\":\"ListItem\",\"position\":1,\"name\":\"S\u0101kums\",\"item\":\"https:\\\/\\\/hotta.eu\\\/lv\\\/sakumlapa\\\/\"},{\"@type\":\"ListItem\",\"position\":2,\"name\":\"Veikals\",\"item\":\"https:\\\/\\\/hotta.eu\\\/lv\\\/shop\\\/\"},{\"@type\":\"ListItem\",\"position\":3,\"name\":\"Immunity Chilli Gift Box\"}]},{\"@type\":\"WebSite\",\"@id\":\"https:\\\/\\\/hotta.eu\\\/lv\\\/#website\",\"url\":\"https:\\\/\\\/hotta.eu\\\/lv\\\/\",\"name\":\"Hotta\",\"description\":\"Makes your mouth burn a lotta!\",\"publisher\":{\"@id\":\"https:\\\/\\\/hotta.eu\\\/lv\\\/#organization\"},\"potentialAction\":[{\"@type\":\"SearchAction\",\"target\":{\"@type\":\"EntryPoint\",\"urlTemplate\":\"https:\\\/\\\/hotta.eu\\\/lv\\\/?s={search_term_string}\"},\"query-input\":{\"@type\":\"PropertyValueSpecification\",\"valueRequired\":true,\"valueName\":\"search_term_string\"}}],\"inLanguage\":\"lv-LV\"},{\"@type\":\"Organization\",\"@id\":\"https:\\\/\\\/hotta.eu\\\/lv\\\/#organization\",\"name\":\"Hotta\",\"url\":\"https:\\\/\\\/hotta.eu\\\/lv\\\/\",\"logo\":{\"@type\":\"ImageObject\",\"inLanguage\":\"lv-LV\",\"@id\":\"https:\\\/\\\/hotta.eu\\\/lv\\\/#\\\/schema\\\/logo\\\/image\\\/\",\"url\":\"https:\\\/\\\/hotta.eu\\\/wp-content\\\/uploads\\\/2025\\\/04\\\/hotta-logo-invoice.png\",\"contentUrl\":\"https:\\\/\\\/hotta.eu\\\/wp-content\\\/uploads\\\/2025\\\/04\\\/hotta-logo-invoice.png\",\"width\":600,\"height\":411,\"caption\":\"Hotta\"},\"image\":{\"@id\":\"https:\\\/\\\/hotta.eu\\\/lv\\\/#\\\/schema\\\/logo\\\/image\\\/\"},\"sameAs\":[\"https:\\\/\\\/www.facebook.com\\\/hotta.eu\",\"https:\\\/\\\/x.com\\\/hottashop\",\"https:\\\/\\\/www.instagram.com\\\/hotta.shop\"]}]}<\/script>\n<!-- \/ Yoast SEO plugin. -->","yoast_head_json":{"title":"Immunity Chilli Gift Box - Hotta","description":"Lab\u0101k\u0101 d\u0101vana ir vesel\u012bba! Im\u016bnsist\u0113mu stiprino\u0161s d\u0101vanu komplekts no Hot Chip. Ide\u0101li piem\u0113rots gan ies\u0101c\u0113jiem, gan pieredz\u0113ju\u0161\u0101kiem \u010dilli cien\u012bt\u0101jiem.","robots":{"index":"index","follow":"follow","max-snippet":"max-snippet:-1","max-image-preview":"max-image-preview:large","max-video-preview":"max-video-preview:-1"},"canonical":"https:\/\/hotta.eu\/lv\/shop\/immunity-chilli-gift-box\/","og_locale":"lv_LV","og_type":"article","og_title":"Immunity Chilli Gift Box - Hotta","og_description":"Lab\u0101k\u0101 d\u0101vana ir vesel\u012bba! Im\u016bnsist\u0113mu stiprino\u0161s d\u0101vanu komplekts no Hot Chip. Ide\u0101li piem\u0113rots gan ies\u0101c\u0113jiem, gan pieredz\u0113ju\u0161\u0101kiem \u010dilli cien\u012bt\u0101jiem.","og_url":"https:\/\/hotta.eu\/lv\/shop\/immunity-chilli-gift-box\/","og_site_name":"Hotta","article_publisher":"https:\/\/www.facebook.com\/hotta.eu","article_modified_time":"2024-12-27T10:40:34+00:00","og_image":[{"width":800,"height":800,"url":"https:\/\/hotta.eu\/wp-content\/uploads\/2024\/07\/ed88303ffc010695bdd6af32f476e1b7.jpg","type":"image\/jpeg"}],"twitter_card":"summary_large_image","twitter_site":"@hottashop","twitter_misc":{"Est. reading time":"1 minute"},"schema":{"@context":"https:\/\/schema.org","@graph":[{"@type":"WebPage","@id":"https:\/\/hotta.eu\/lv\/shop\/immunity-chilli-gift-box\/","url":"https:\/\/hotta.eu\/lv\/shop\/immunity-chilli-gift-box\/","name":"Immunity Chilli Gift Box - Hotta","isPartOf":{"@id":"https:\/\/hotta.eu\/lv\/#website"},"primaryImageOfPage":{"@id":"https:\/\/hotta.eu\/lv\/shop\/immunity-chilli-gift-box\/#primaryimage"},"image":{"@id":"https:\/\/hotta.eu\/lv\/shop\/immunity-chilli-gift-box\/#primaryimage"},"thumbnailUrl":"https:\/\/hotta.eu\/wp-content\/uploads\/2024\/07\/ed88303ffc010695bdd6af32f476e1b7.jpg","datePublished":"2024-07-06T07:56:51+00:00","dateModified":"2024-12-27T10:40:34+00:00","description":"Lab\u0101k\u0101 d\u0101vana ir vesel\u012bba! Im\u016bnsist\u0113mu stiprino\u0161s d\u0101vanu komplekts no Hot Chip. Ide\u0101li piem\u0113rots gan ies\u0101c\u0113jiem, gan pieredz\u0113ju\u0161\u0101kiem \u010dilli cien\u012bt\u0101jiem.","breadcrumb":{"@id":"https:\/\/hotta.eu\/lv\/shop\/immunity-chilli-gift-box\/#breadcrumb"},"inLanguage":"lv-LV","potentialAction":[{"@type":"ReadAction","target":["https:\/\/hotta.eu\/lv\/shop\/immunity-chilli-gift-box\/"]}]},{"@type":"ImageObject","inLanguage":"lv-LV","@id":"https:\/\/hotta.eu\/lv\/shop\/immunity-chilli-gift-box\/#primaryimage","url":"https:\/\/hotta.eu\/wp-content\/uploads\/2024\/07\/ed88303ffc010695bdd6af32f476e1b7.jpg","contentUrl":"https:\/\/hotta.eu\/wp-content\/uploads\/2024\/07\/ed88303ffc010695bdd6af32f476e1b7.jpg","width":800,"height":800},{"@type":"BreadcrumbList","@id":"https:\/\/hotta.eu\/lv\/shop\/immunity-chilli-gift-box\/#breadcrumb","itemListElement":[{"@type":"ListItem","position":1,"name":"S\u0101kums","item":"https:\/\/hotta.eu\/lv\/sakumlapa\/"},{"@type":"ListItem","position":2,"name":"Veikals","item":"https:\/\/hotta.eu\/lv\/shop\/"},{"@type":"ListItem","position":3,"name":"Immunity Chilli Gift Box"}]},{"@type":"WebSite","@id":"https:\/\/hotta.eu\/lv\/#website","url":"https:\/\/hotta.eu\/lv\/","name":"Hotta","description":"Makes your mouth burn a lotta!","publisher":{"@id":"https:\/\/hotta.eu\/lv\/#organization"},"potentialAction":[{"@type":"SearchAction","target":{"@type":"EntryPoint","urlTemplate":"https:\/\/hotta.eu\/lv\/?s={search_term_string}"},"query-input":{"@type":"PropertyValueSpecification","valueRequired":true,"valueName":"search_term_string"}}],"inLanguage":"lv-LV"},{"@type":"Organization","@id":"https:\/\/hotta.eu\/lv\/#organization","name":"Hotta","url":"https:\/\/hotta.eu\/lv\/","logo":{"@type":"ImageObject","inLanguage":"lv-LV","@id":"https:\/\/hotta.eu\/lv\/#\/schema\/logo\/image\/","url":"https:\/\/hotta.eu\/wp-content\/uploads\/2025\/04\/hotta-logo-invoice.png","contentUrl":"https:\/\/hotta.eu\/wp-content\/uploads\/2025\/04\/hotta-logo-invoice.png","width":600,"height":411,"caption":"Hotta"},"image":{"@id":"https:\/\/hotta.eu\/lv\/#\/schema\/logo\/image\/"},"sameAs":["https:\/\/www.facebook.com\/hotta.eu","https:\/\/x.com\/hottashop","https:\/\/www.instagram.com\/hotta.shop"]}]}},"jetpack_sharing_enabled":true,"_links":{"self":[{"href":"https:\/\/hotta.eu\/lv\/wp-json\/wp\/v2\/product\/19576","targetHints":{"allow":["GET"]}}],"collection":[{"href":"https:\/\/hotta.eu\/lv\/wp-json\/wp\/v2\/product"}],"about":[{"href":"https:\/\/hotta.eu\/lv\/wp-json\/wp\/v2\/types\/product"}],"replies":[{"embeddable":true,"href":"https:\/\/hotta.eu\/lv\/wp-json\/wp\/v2\/comments?post=19576"}],"wp:featuredmedia":[{"embeddable":true,"href":"https:\/\/hotta.eu\/lv\/wp-json\/wp\/v2\/media\/19592"}],"wp:attachment":[{"href":"https:\/\/hotta.eu\/lv\/wp-json\/wp\/v2\/media?parent=19576"}],"wp:term":[{"taxonomy":"product_cat","embeddable":true,"href":"https:\/\/hotta.eu\/lv\/wp-json\/wp\/v2\/product_cat?post=19576"},{"taxonomy":"product_tag","embeddable":true,"href":"https:\/\/hotta.eu\/lv\/wp-json\/wp\/v2\/product_tag?post=19576"},{"taxonomy":"giftcard-category","embeddable":true,"href":"https:\/\/hotta.eu\/lv\/wp-json\/wp\/v2\/giftcard-category?post=19576"}],"curies":[{"name":"wp","href":"https:\/\/api.w.org\/{rel}","templated":true}]}}