{"id":19596,"date":"2024-07-06T10:15:11","date_gmt":"2024-07-06T08:15:11","guid":{"rendered":"https:\/\/hotta.eu\/?post_type=product&#038;p=19596"},"modified":"2024-12-27T12:40:33","modified_gmt":"2024-12-27T10:40:33","slug":"snack-box","status":"publish","type":"product","link":"https:\/\/hotta.eu\/lv\/shop\/snack-box\/","title":{"rendered":"Snack Box"},"content":{"rendered":"","protected":false},"excerpt":{"rendered":"<p>Komplekt\u0101 ir pla\u0161s Hot Chip produktu kl\u0101sts, un tas ir ide\u0101li piem\u0113rots k\u0101 d\u0101vana vai vienk\u0101r\u0161i izm\u0113\u0123in\u0101\u0161anai ar draugiem. Kop\u0101 24 produkti! Piem\u0113rots gan ies\u0101c\u0113jiem, gan pieredz\u0113ju\u0161\u0101kiem \u010dilli cien\u012bt\u0101jiem. \u010cilli produkti ar da\u017e\u0101du karstuma pak\u0101pi.<\/p>\n<p>Komplekta saturs:<\/p>\n<ul>\n<li><a href=\"https:\/\/hotta.eu\/shop\/hot-chip-challenge\/\"><strong>2x Hot Chip Challenge<\/strong><\/a> (2.5 g)<br \/>\n\u012apa\u0161i pikantais <em>viena \u010dipsa<\/em> izaicin\u0101jums nodro\u0161ina neaizmirstamu pieredzi.<\/li>\n<li><a href=\"https:\/\/hotta.eu\/shop\/strips-smoked-scorpio\"><strong>Strips Smoked Scorpio<\/strong><\/a> (80 g)<br \/>\nOlbaltumviel\u0101m bag\u0101tas uzkodas no p\u0101k\u0161augiem, kas pagatavotas ar \u010dilli Scorpio.<\/li>\n<li><a href=\"https:\/\/hotta.eu\/shop\/strips-limed-habaneros\/\"><strong>Strips Limed Habaneros<\/strong><\/a> (80 g)<br \/>\nOlbaltumviel\u0101m bag\u0101ta uzkoda no p\u0101k\u0161augiem, kas pagatavota ar habanero \u010dilli.<\/li>\n<li><a href=\"https:\/\/hotta.eu\/shop\/strips-bruschette-jalapeno\"><strong>Strips Bruschette Jalapeno<\/strong><\/a> (80 g)<br \/>\nOlbaltumviel\u0101m bag\u0101tas uzkodas no p\u0101k\u0161augiem, kas pagatavotas ar jalapeno \u010dilli.<\/li>\n<li><a href=\"https:\/\/hotta.eu\/shop\/chilli-lime-chips\/\"><strong>Chilli &amp; Lime Chips<\/strong><\/a> (80 g)<br \/>\nKartupe\u013cu \u010dipsi ar \u010dilli un laimu.<\/li>\n<li><a href=\"https:\/\/hotta.eu\/shop\/beef-jerky-spicy-bacon\/\"><strong>2x Beef Jerky Spicy Bacon<\/strong><\/a> (25 g)<br \/>\nAr spe\u0137i un \u010dili gar\u0161viel\u0101m gar\u0161oti liellopa ga\u013cas na\u0161\u0137i &#8211; olbaltumviel\u0101m bag\u0101ta uzkoda.<\/li>\n<li><a href=\"https:\/\/hotta.eu\/shop\/beef-jerky-chipotle\/\"><strong>2x Beef Jerky Chipotle<\/strong><\/a> (25 g)<br \/>\nLiellopa ga\u013cas \u017e\u0101v\u0113jumi ar \u010dipotles gar\u0161u &#8211; olbaltumviel\u0101m bag\u0101ta uzkoda.<\/li>\n<li><a href=\"https:\/\/hotta.eu\/shop\/beef-jerky-chilli-lime\/\"><strong>2x Beef Jerky Chilli &amp; Lime<\/strong><\/a> (25 g)<br \/>\nAr \u010dilli aromatiz\u0113ti liellopa ga\u013cas \u017e\u0101v\u0113jumi ar gar\u0161viel\u0101m &#8211; olbaltumviel\u0101m bag\u0101tas uzkodas.<\/li>\n<li><a href=\"https:\/\/hotta.eu\/shop\/jelly-beans-spicy-fruit\/\"><strong>2x Jelly Beans Spicy Fruit<\/strong><\/a> (60 g)<br \/>\nAug\u013cu arom\u0101ta <em>\u017eelejas<\/em> konfektes ar \u010dilli piedevu.<\/li>\n<li><a href=\"https:\/\/hotta.eu\/shop\/chilli-caramel-raw-protein-bar\/\"><strong>2x Chilli &amp; Caramel Raw Protein Bar<\/strong><\/a> (35 g)<br \/>\nAr karame\u013cu un \u010dili gar\u0161u bag\u0101tin\u0101ts olbaltumviel\u0101m bag\u0101ts neapstr\u0101d\u0101ts batoni\u0146\u0161.<\/li>\n<li><a href=\"https:\/\/hotta.eu\/shop\/strawberry-chilli-raw-protein-bar\/\"><strong>2x Strawberry &amp; Chilli Raw Protein Bar<\/strong><\/a> (35 g)<br \/>\nZeme\u0146u un \u010dilli gar\u0161as olbaltumviel\u0101m bag\u0101ts j\u0113l batoni\u0146\u0161.<\/li>\n<li><strong>2x Rieksti ar \u010dilli<\/strong> (70 g)<br \/>\nKrauk\u0161\u0137\u012bgi rieksti ar \u010dilli.<\/li>\n<li><strong>2x \u010dipotu rieksti<\/strong> (70 g)<br \/>\nRieksti, kas aromatiz\u0113ti ar d\u016bmakainu \u010dipotle \u010dilli.<\/li>\n<li><strong>2x Flamin&#8217; Hot rieksti<\/strong> (70 g)<br \/>\nRieksti ar \u010dilli gar\u0161u Bird&#8217;s Eye.<\/li>\n<\/ul>\n<p><!--more--><\/p>\n<p><!--more--><br \/>\n[ywcwtl_form product_id=\"\"]<\/p>\n","protected":false},"featured_media":19604,"comment_status":"open","ping_status":"closed","template":"","meta":[],"product_cat":[930],"product_tag":[],"giftcard-category":[],"class_list":{"0":"post-19596","1":"product","2":"type-product","3":"status-publish","4":"has-post-thumbnail","6":"product_cat-komplekti","7":"pa_brand-hot-chip","9":"first","10":"outofstock","11":"taxable","12":"shipping-taxable","13":"purchasable","14":"product-type-simple"},"yoast_head":"<!-- This site is optimized with the Yoast SEO plugin v27.5 - https:\/\/yoast.com\/product\/yoast-seo-wordpress\/ -->\n<title>Snack Box - Hotta<\/title>\n<meta name=\"description\" content=\"Komplekt\u0101 ir pla\u0161s Hot Chip produktu kl\u0101sts, un tas ir ide\u0101li piem\u0113rots k\u0101 d\u0101vana vai vienk\u0101r\u0161i izm\u0113\u0123in\u0101\u0161anai ar draugiem. Kop\u0101 24 produkti!\" \/>\n<meta name=\"robots\" content=\"index, follow, max-snippet:-1, max-image-preview:large, max-video-preview:-1\" \/>\n<link rel=\"canonical\" href=\"https:\/\/hotta.eu\/lv\/shop\/snack-box\/\" \/>\n<meta property=\"og:locale\" content=\"lv_LV\" \/>\n<meta property=\"og:type\" content=\"article\" \/>\n<meta property=\"og:title\" content=\"Snack Box - Hotta\" \/>\n<meta property=\"og:description\" content=\"Komplekt\u0101 ir pla\u0161s Hot Chip produktu kl\u0101sts, un tas ir ide\u0101li piem\u0113rots k\u0101 d\u0101vana vai vienk\u0101r\u0161i izm\u0113\u0123in\u0101\u0161anai ar draugiem. Kop\u0101 24 produkti!\" \/>\n<meta property=\"og:url\" content=\"https:\/\/hotta.eu\/lv\/shop\/snack-box\/\" \/>\n<meta property=\"og:site_name\" content=\"Hotta\" \/>\n<meta property=\"article:publisher\" content=\"https:\/\/www.facebook.com\/hotta.eu\" \/>\n<meta property=\"article:modified_time\" content=\"2024-12-27T10:40:33+00:00\" \/>\n<meta property=\"og:image\" content=\"https:\/\/hotta.eu\/wp-content\/uploads\/2024\/07\/5008f90ed8c690b824a4d5e0294a8b4b.jpg\" \/>\n\t<meta property=\"og:image:width\" content=\"800\" \/>\n\t<meta property=\"og:image:height\" content=\"800\" \/>\n\t<meta property=\"og:image:type\" content=\"image\/jpeg\" \/>\n<meta name=\"twitter:card\" content=\"summary_large_image\" \/>\n<meta name=\"twitter:site\" content=\"@hottashop\" \/>\n<meta name=\"twitter:label1\" content=\"Est. reading time\" \/>\n\t<meta name=\"twitter:data1\" content=\"1 minute\" \/>\n<script type=\"application\/ld+json\" class=\"yoast-schema-graph\">{\"@context\":\"https:\\\/\\\/schema.org\",\"@graph\":[{\"@type\":\"WebPage\",\"@id\":\"https:\\\/\\\/hotta.eu\\\/lv\\\/shop\\\/snack-box\\\/\",\"url\":\"https:\\\/\\\/hotta.eu\\\/lv\\\/shop\\\/snack-box\\\/\",\"name\":\"Snack Box - Hotta\",\"isPartOf\":{\"@id\":\"https:\\\/\\\/hotta.eu\\\/lv\\\/#website\"},\"primaryImageOfPage\":{\"@id\":\"https:\\\/\\\/hotta.eu\\\/lv\\\/shop\\\/snack-box\\\/#primaryimage\"},\"image\":{\"@id\":\"https:\\\/\\\/hotta.eu\\\/lv\\\/shop\\\/snack-box\\\/#primaryimage\"},\"thumbnailUrl\":\"https:\\\/\\\/hotta.eu\\\/wp-content\\\/uploads\\\/2024\\\/07\\\/5008f90ed8c690b824a4d5e0294a8b4b.jpg\",\"datePublished\":\"2024-07-06T08:15:11+00:00\",\"dateModified\":\"2024-12-27T10:40:33+00:00\",\"description\":\"Komplekt\u0101 ir pla\u0161s Hot Chip produktu kl\u0101sts, un tas ir ide\u0101li piem\u0113rots k\u0101 d\u0101vana vai vienk\u0101r\u0161i izm\u0113\u0123in\u0101\u0161anai ar draugiem. Kop\u0101 24 produkti!\",\"breadcrumb\":{\"@id\":\"https:\\\/\\\/hotta.eu\\\/lv\\\/shop\\\/snack-box\\\/#breadcrumb\"},\"inLanguage\":\"lv-LV\",\"potentialAction\":[{\"@type\":\"ReadAction\",\"target\":[\"https:\\\/\\\/hotta.eu\\\/lv\\\/shop\\\/snack-box\\\/\"]}]},{\"@type\":\"ImageObject\",\"inLanguage\":\"lv-LV\",\"@id\":\"https:\\\/\\\/hotta.eu\\\/lv\\\/shop\\\/snack-box\\\/#primaryimage\",\"url\":\"https:\\\/\\\/hotta.eu\\\/wp-content\\\/uploads\\\/2024\\\/07\\\/5008f90ed8c690b824a4d5e0294a8b4b.jpg\",\"contentUrl\":\"https:\\\/\\\/hotta.eu\\\/wp-content\\\/uploads\\\/2024\\\/07\\\/5008f90ed8c690b824a4d5e0294a8b4b.jpg\",\"width\":800,\"height\":800},{\"@type\":\"BreadcrumbList\",\"@id\":\"https:\\\/\\\/hotta.eu\\\/lv\\\/shop\\\/snack-box\\\/#breadcrumb\",\"itemListElement\":[{\"@type\":\"ListItem\",\"position\":1,\"name\":\"S\u0101kums\",\"item\":\"https:\\\/\\\/hotta.eu\\\/lv\\\/\"},{\"@type\":\"ListItem\",\"position\":2,\"name\":\"Veikals\",\"item\":\"https:\\\/\\\/hotta.eu\\\/lv\\\/shop\\\/\"},{\"@type\":\"ListItem\",\"position\":3,\"name\":\"Snack Box\"}]},{\"@type\":\"WebSite\",\"@id\":\"https:\\\/\\\/hotta.eu\\\/lv\\\/#website\",\"url\":\"https:\\\/\\\/hotta.eu\\\/lv\\\/\",\"name\":\"Hotta\",\"description\":\"Makes your mouth burn a lotta!\",\"publisher\":{\"@id\":\"https:\\\/\\\/hotta.eu\\\/lv\\\/#organization\"},\"potentialAction\":[{\"@type\":\"SearchAction\",\"target\":{\"@type\":\"EntryPoint\",\"urlTemplate\":\"https:\\\/\\\/hotta.eu\\\/lv\\\/?s={search_term_string}\"},\"query-input\":{\"@type\":\"PropertyValueSpecification\",\"valueRequired\":true,\"valueName\":\"search_term_string\"}}],\"inLanguage\":\"lv-LV\"},{\"@type\":\"Organization\",\"@id\":\"https:\\\/\\\/hotta.eu\\\/lv\\\/#organization\",\"name\":\"Hotta\",\"url\":\"https:\\\/\\\/hotta.eu\\\/lv\\\/\",\"logo\":{\"@type\":\"ImageObject\",\"inLanguage\":\"lv-LV\",\"@id\":\"https:\\\/\\\/hotta.eu\\\/lv\\\/#\\\/schema\\\/logo\\\/image\\\/\",\"url\":\"https:\\\/\\\/hotta.eu\\\/wp-content\\\/uploads\\\/2025\\\/04\\\/hotta-logo-invoice.png\",\"contentUrl\":\"https:\\\/\\\/hotta.eu\\\/wp-content\\\/uploads\\\/2025\\\/04\\\/hotta-logo-invoice.png\",\"width\":600,\"height\":411,\"caption\":\"Hotta\"},\"image\":{\"@id\":\"https:\\\/\\\/hotta.eu\\\/lv\\\/#\\\/schema\\\/logo\\\/image\\\/\"},\"sameAs\":[\"https:\\\/\\\/www.facebook.com\\\/hotta.eu\",\"https:\\\/\\\/x.com\\\/hottashop\",\"https:\\\/\\\/www.instagram.com\\\/hotta.shop\"]}]}<\/script>\n<!-- \/ Yoast SEO plugin. -->","yoast_head_json":{"title":"Snack Box - Hotta","description":"Komplekt\u0101 ir pla\u0161s Hot Chip produktu kl\u0101sts, un tas ir ide\u0101li piem\u0113rots k\u0101 d\u0101vana vai vienk\u0101r\u0161i izm\u0113\u0123in\u0101\u0161anai ar draugiem. Kop\u0101 24 produkti!","robots":{"index":"index","follow":"follow","max-snippet":"max-snippet:-1","max-image-preview":"max-image-preview:large","max-video-preview":"max-video-preview:-1"},"canonical":"https:\/\/hotta.eu\/lv\/shop\/snack-box\/","og_locale":"lv_LV","og_type":"article","og_title":"Snack Box - Hotta","og_description":"Komplekt\u0101 ir pla\u0161s Hot Chip produktu kl\u0101sts, un tas ir ide\u0101li piem\u0113rots k\u0101 d\u0101vana vai vienk\u0101r\u0161i izm\u0113\u0123in\u0101\u0161anai ar draugiem. Kop\u0101 24 produkti!","og_url":"https:\/\/hotta.eu\/lv\/shop\/snack-box\/","og_site_name":"Hotta","article_publisher":"https:\/\/www.facebook.com\/hotta.eu","article_modified_time":"2024-12-27T10:40:33+00:00","og_image":[{"width":800,"height":800,"url":"https:\/\/hotta.eu\/wp-content\/uploads\/2024\/07\/5008f90ed8c690b824a4d5e0294a8b4b.jpg","type":"image\/jpeg"}],"twitter_card":"summary_large_image","twitter_site":"@hottashop","twitter_misc":{"Est. reading time":"1 minute"},"schema":{"@context":"https:\/\/schema.org","@graph":[{"@type":"WebPage","@id":"https:\/\/hotta.eu\/lv\/shop\/snack-box\/","url":"https:\/\/hotta.eu\/lv\/shop\/snack-box\/","name":"Snack Box - Hotta","isPartOf":{"@id":"https:\/\/hotta.eu\/lv\/#website"},"primaryImageOfPage":{"@id":"https:\/\/hotta.eu\/lv\/shop\/snack-box\/#primaryimage"},"image":{"@id":"https:\/\/hotta.eu\/lv\/shop\/snack-box\/#primaryimage"},"thumbnailUrl":"https:\/\/hotta.eu\/wp-content\/uploads\/2024\/07\/5008f90ed8c690b824a4d5e0294a8b4b.jpg","datePublished":"2024-07-06T08:15:11+00:00","dateModified":"2024-12-27T10:40:33+00:00","description":"Komplekt\u0101 ir pla\u0161s Hot Chip produktu kl\u0101sts, un tas ir ide\u0101li piem\u0113rots k\u0101 d\u0101vana vai vienk\u0101r\u0161i izm\u0113\u0123in\u0101\u0161anai ar draugiem. Kop\u0101 24 produkti!","breadcrumb":{"@id":"https:\/\/hotta.eu\/lv\/shop\/snack-box\/#breadcrumb"},"inLanguage":"lv-LV","potentialAction":[{"@type":"ReadAction","target":["https:\/\/hotta.eu\/lv\/shop\/snack-box\/"]}]},{"@type":"ImageObject","inLanguage":"lv-LV","@id":"https:\/\/hotta.eu\/lv\/shop\/snack-box\/#primaryimage","url":"https:\/\/hotta.eu\/wp-content\/uploads\/2024\/07\/5008f90ed8c690b824a4d5e0294a8b4b.jpg","contentUrl":"https:\/\/hotta.eu\/wp-content\/uploads\/2024\/07\/5008f90ed8c690b824a4d5e0294a8b4b.jpg","width":800,"height":800},{"@type":"BreadcrumbList","@id":"https:\/\/hotta.eu\/lv\/shop\/snack-box\/#breadcrumb","itemListElement":[{"@type":"ListItem","position":1,"name":"S\u0101kums","item":"https:\/\/hotta.eu\/lv\/"},{"@type":"ListItem","position":2,"name":"Veikals","item":"https:\/\/hotta.eu\/lv\/shop\/"},{"@type":"ListItem","position":3,"name":"Snack Box"}]},{"@type":"WebSite","@id":"https:\/\/hotta.eu\/lv\/#website","url":"https:\/\/hotta.eu\/lv\/","name":"Hotta","description":"Makes your mouth burn a lotta!","publisher":{"@id":"https:\/\/hotta.eu\/lv\/#organization"},"potentialAction":[{"@type":"SearchAction","target":{"@type":"EntryPoint","urlTemplate":"https:\/\/hotta.eu\/lv\/?s={search_term_string}"},"query-input":{"@type":"PropertyValueSpecification","valueRequired":true,"valueName":"search_term_string"}}],"inLanguage":"lv-LV"},{"@type":"Organization","@id":"https:\/\/hotta.eu\/lv\/#organization","name":"Hotta","url":"https:\/\/hotta.eu\/lv\/","logo":{"@type":"ImageObject","inLanguage":"lv-LV","@id":"https:\/\/hotta.eu\/lv\/#\/schema\/logo\/image\/","url":"https:\/\/hotta.eu\/wp-content\/uploads\/2025\/04\/hotta-logo-invoice.png","contentUrl":"https:\/\/hotta.eu\/wp-content\/uploads\/2025\/04\/hotta-logo-invoice.png","width":600,"height":411,"caption":"Hotta"},"image":{"@id":"https:\/\/hotta.eu\/lv\/#\/schema\/logo\/image\/"},"sameAs":["https:\/\/www.facebook.com\/hotta.eu","https:\/\/x.com\/hottashop","https:\/\/www.instagram.com\/hotta.shop"]}]}},"jetpack_sharing_enabled":true,"_links":{"self":[{"href":"https:\/\/hotta.eu\/lv\/wp-json\/wp\/v2\/product\/19596","targetHints":{"allow":["GET"]}}],"collection":[{"href":"https:\/\/hotta.eu\/lv\/wp-json\/wp\/v2\/product"}],"about":[{"href":"https:\/\/hotta.eu\/lv\/wp-json\/wp\/v2\/types\/product"}],"replies":[{"embeddable":true,"href":"https:\/\/hotta.eu\/lv\/wp-json\/wp\/v2\/comments?post=19596"}],"wp:featuredmedia":[{"embeddable":true,"href":"https:\/\/hotta.eu\/lv\/wp-json\/wp\/v2\/media\/19604"}],"wp:attachment":[{"href":"https:\/\/hotta.eu\/lv\/wp-json\/wp\/v2\/media?parent=19596"}],"wp:term":[{"taxonomy":"product_cat","embeddable":true,"href":"https:\/\/hotta.eu\/lv\/wp-json\/wp\/v2\/product_cat?post=19596"},{"taxonomy":"product_tag","embeddable":true,"href":"https:\/\/hotta.eu\/lv\/wp-json\/wp\/v2\/product_tag?post=19596"},{"taxonomy":"giftcard-category","embeddable":true,"href":"https:\/\/hotta.eu\/lv\/wp-json\/wp\/v2\/giftcard-category?post=19596"}],"curies":[{"name":"wp","href":"https:\/\/api.w.org\/{rel}","templated":true}]}}