{"id":19618,"date":"2024-07-06T12:13:52","date_gmt":"2024-07-06T10:13:52","guid":{"rendered":"https:\/\/hotta.eu\/?post_type=product&#038;p=19618"},"modified":"2025-02-11T11:17:43","modified_gmt":"2025-02-11T09:17:43","slug":"renae-habanero-hot-sauce","status":"publish","type":"product","link":"https:\/\/hotta.eu\/lv\/shop\/renae-habanero-hot-sauce\/","title":{"rendered":"Habanero Hot Sauce"},"content":{"rendered":"<p><strong>Sast\u0101vs<br \/>\n<\/strong>Sinepes, habanero \u010dilli, medus, \u0101bolu sidra eti\u0137is (ACV), br\u016bnais cukurs, citronu sula, v\u012bna eti\u0137is, sp\u0101\u0146u s\u0101ls.<\/p>\n<p><strong>Uztura inform\u0101cija (100 g<\/strong>)<br \/>\nEner\u0123ija 83 kcal (347 kJ), tauki 2,4 g (pies\u0101tin\u0101t\u0101s tauksk\u0101bes 1,7 g), og\u013chidr\u0101ti 14,3 g (ieskaitot cukuru 11,4 g), olbaltumvielas 1,9 g, s\u0101ls 3,3 g.<\/p>\n<p><strong>Der\u012bgums un glab\u0101\u0161ana<\/strong><br \/>\nDer\u012bguma termi\u0146\u0161 uz pudel\u012btes attiecas uz neatv\u0113rtiem produktiem. Atv\u0113rtu produktu j\u0101uzglab\u0101 ledusskap\u012b.<\/p>\n","protected":false},"excerpt":{"rendered":"<p>Renae 100% dab\u012bgie produkti tiek ra\u017eoti Andal\u016bzij\u0101, izmantojot sast\u0101vda\u013cas, kas audz\u0113tas maz\u0101s viet\u0113j\u0101s saimniec\u012bb\u0101s. <em>Healthy heat! \u2600\ufe0f <\/em><\/p>\n<p>Renae Habanero karst\u0101 m\u0113rce ir m\u0113reni karsta m\u0113rce ar sinepju gar\u0161u un m\u0113renu karstumu, kas papildin\u0101ta ar habanero \u010dilli. Labi sader ne tikai ar gril\u0113t\u0101m desi\u0146\u0101m un tacos, bet ar\u012b, piem\u0113ram, ar lasi.<\/p>\n<p><img fetchpriority=\"high\" decoding=\"async\" class=\"alignnone size-medium wp-image-19648\" style=\"max-width: 100%; height: auto;\" src=\"https:\/\/hotta.eu\/wp-content\/uploads\/2024\/07\/SF_Medium_WhatIs_HealthyHeat_001-460x310.png\" alt=\"\" width=\"460\" height=\"310\" srcset=\"https:\/\/hotta.eu\/wp-content\/uploads\/2024\/07\/SF_Medium_WhatIs_HealthyHeat_001-460x310.png 460w, https:\/\/hotta.eu\/wp-content\/uploads\/2024\/07\/SF_Medium_WhatIs_HealthyHeat_001-1530x1031.png 1530w, https:\/\/hotta.eu\/wp-content\/uploads\/2024\/07\/SF_Medium_WhatIs_HealthyHeat_001-765x516.png 765w, https:\/\/hotta.eu\/wp-content\/uploads\/2024\/07\/SF_Medium_WhatIs_HealthyHeat_001-920x620.png 920w, https:\/\/hotta.eu\/wp-content\/uploads\/2024\/07\/SF_Medium_WhatIs_HealthyHeat_001-231x156.png 231w\" sizes=\"(max-width: 460px) 100vw, 460px\" \/><br \/>\n[ywcwtl_form product_id=\"\"]<\/p>\n","protected":false},"featured_media":19622,"comment_status":"open","ping_status":"closed","template":"","meta":[],"product_cat":[916,922],"product_tag":[],"giftcard-category":[],"class_list":{"0":"post-19618","1":"product","2":"type-product","3":"status-publish","4":"has-post-thumbnail","6":"product_cat-merces","7":"product_cat-videjs","8":"pa_brand-renae","10":"first","11":"outofstock","12":"taxable","13":"shipping-taxable","14":"purchasable","15":"product-type-simple"},"yoast_head":"<!-- This site is optimized with the Yoast SEO plugin v27.5 - https:\/\/yoast.com\/product\/yoast-seo-wordpress\/ -->\n<title>Habanero Hot Sauce - Hotta<\/title>\n<meta name=\"description\" content=\"Renae Habanero karst\u0101 m\u0113rce ir m\u0113reni karsta m\u0113rce ar sinepju gar\u0161u un m\u0113renu karstumu, kas papildin\u0101ta ar habanero \u010dilli. Labi sader ar gril\u0113tu desu un tacos!\" \/>\n<meta name=\"robots\" content=\"index, follow, max-snippet:-1, max-image-preview:large, max-video-preview:-1\" \/>\n<link rel=\"canonical\" href=\"https:\/\/hotta.eu\/lv\/shop\/renae-habanero-hot-sauce\/\" \/>\n<meta property=\"og:locale\" content=\"lv_LV\" \/>\n<meta property=\"og:type\" content=\"article\" \/>\n<meta property=\"og:title\" content=\"Habanero Hot Sauce - Hotta\" \/>\n<meta property=\"og:description\" content=\"Renae Habanero karst\u0101 m\u0113rce ir m\u0113reni karsta m\u0113rce ar sinepju gar\u0161u un m\u0113renu karstumu, kas papildin\u0101ta ar habanero \u010dilli. Labi sader ar gril\u0113tu desu un tacos!\" \/>\n<meta property=\"og:url\" content=\"https:\/\/hotta.eu\/lv\/shop\/renae-habanero-hot-sauce\/\" \/>\n<meta property=\"og:site_name\" content=\"Hotta\" \/>\n<meta property=\"article:publisher\" content=\"https:\/\/www.facebook.com\/hotta.eu\" \/>\n<meta property=\"article:modified_time\" content=\"2025-02-11T09:17:43+00:00\" \/>\n<meta property=\"og:image\" content=\"https:\/\/hotta.eu\/wp-content\/uploads\/2024\/07\/renae-habanero.png\" \/>\n\t<meta property=\"og:image:width\" content=\"2000\" \/>\n\t<meta property=\"og:image:height\" content=\"2000\" \/>\n\t<meta property=\"og:image:type\" content=\"image\/png\" \/>\n<meta name=\"twitter:card\" content=\"summary_large_image\" \/>\n<meta name=\"twitter:site\" content=\"@hottashop\" \/>\n<meta name=\"twitter:label1\" content=\"Est. reading time\" \/>\n\t<meta name=\"twitter:data1\" content=\"1 minute\" \/>\n<script type=\"application\/ld+json\" class=\"yoast-schema-graph\">{\"@context\":\"https:\\\/\\\/schema.org\",\"@graph\":[{\"@type\":\"WebPage\",\"@id\":\"https:\\\/\\\/hotta.eu\\\/lv\\\/shop\\\/renae-habanero-hot-sauce\\\/\",\"url\":\"https:\\\/\\\/hotta.eu\\\/lv\\\/shop\\\/renae-habanero-hot-sauce\\\/\",\"name\":\"Habanero Hot Sauce - Hotta\",\"isPartOf\":{\"@id\":\"https:\\\/\\\/hotta.eu\\\/lv\\\/#website\"},\"primaryImageOfPage\":{\"@id\":\"https:\\\/\\\/hotta.eu\\\/lv\\\/shop\\\/renae-habanero-hot-sauce\\\/#primaryimage\"},\"image\":{\"@id\":\"https:\\\/\\\/hotta.eu\\\/lv\\\/shop\\\/renae-habanero-hot-sauce\\\/#primaryimage\"},\"thumbnailUrl\":\"https:\\\/\\\/hotta.eu\\\/wp-content\\\/uploads\\\/2024\\\/07\\\/renae-habanero.png\",\"datePublished\":\"2024-07-06T10:13:52+00:00\",\"dateModified\":\"2025-02-11T09:17:43+00:00\",\"description\":\"Renae Habanero karst\u0101 m\u0113rce ir m\u0113reni karsta m\u0113rce ar sinepju gar\u0161u un m\u0113renu karstumu, kas papildin\u0101ta ar habanero \u010dilli. Labi sader ar gril\u0113tu desu un tacos!\",\"breadcrumb\":{\"@id\":\"https:\\\/\\\/hotta.eu\\\/lv\\\/shop\\\/renae-habanero-hot-sauce\\\/#breadcrumb\"},\"inLanguage\":\"lv-LV\",\"potentialAction\":[{\"@type\":\"ReadAction\",\"target\":[\"https:\\\/\\\/hotta.eu\\\/lv\\\/shop\\\/renae-habanero-hot-sauce\\\/\"]}]},{\"@type\":\"ImageObject\",\"inLanguage\":\"lv-LV\",\"@id\":\"https:\\\/\\\/hotta.eu\\\/lv\\\/shop\\\/renae-habanero-hot-sauce\\\/#primaryimage\",\"url\":\"https:\\\/\\\/hotta.eu\\\/wp-content\\\/uploads\\\/2024\\\/07\\\/renae-habanero.png\",\"contentUrl\":\"https:\\\/\\\/hotta.eu\\\/wp-content\\\/uploads\\\/2024\\\/07\\\/renae-habanero.png\",\"width\":2000,\"height\":2000},{\"@type\":\"BreadcrumbList\",\"@id\":\"https:\\\/\\\/hotta.eu\\\/lv\\\/shop\\\/renae-habanero-hot-sauce\\\/#breadcrumb\",\"itemListElement\":[{\"@type\":\"ListItem\",\"position\":1,\"name\":\"S\u0101kums\",\"item\":\"https:\\\/\\\/hotta.eu\\\/lv\\\/\"},{\"@type\":\"ListItem\",\"position\":2,\"name\":\"Veikals\",\"item\":\"https:\\\/\\\/hotta.eu\\\/lv\\\/shop\\\/\"},{\"@type\":\"ListItem\",\"position\":3,\"name\":\"Habanero Hot Sauce\"}]},{\"@type\":\"WebSite\",\"@id\":\"https:\\\/\\\/hotta.eu\\\/lv\\\/#website\",\"url\":\"https:\\\/\\\/hotta.eu\\\/lv\\\/\",\"name\":\"Hotta\",\"description\":\"Makes your mouth burn a lotta!\",\"publisher\":{\"@id\":\"https:\\\/\\\/hotta.eu\\\/lv\\\/#organization\"},\"potentialAction\":[{\"@type\":\"SearchAction\",\"target\":{\"@type\":\"EntryPoint\",\"urlTemplate\":\"https:\\\/\\\/hotta.eu\\\/lv\\\/?s={search_term_string}\"},\"query-input\":{\"@type\":\"PropertyValueSpecification\",\"valueRequired\":true,\"valueName\":\"search_term_string\"}}],\"inLanguage\":\"lv-LV\"},{\"@type\":\"Organization\",\"@id\":\"https:\\\/\\\/hotta.eu\\\/lv\\\/#organization\",\"name\":\"Hotta\",\"url\":\"https:\\\/\\\/hotta.eu\\\/lv\\\/\",\"logo\":{\"@type\":\"ImageObject\",\"inLanguage\":\"lv-LV\",\"@id\":\"https:\\\/\\\/hotta.eu\\\/lv\\\/#\\\/schema\\\/logo\\\/image\\\/\",\"url\":\"https:\\\/\\\/hotta.eu\\\/wp-content\\\/uploads\\\/2025\\\/04\\\/hotta-logo-invoice.png\",\"contentUrl\":\"https:\\\/\\\/hotta.eu\\\/wp-content\\\/uploads\\\/2025\\\/04\\\/hotta-logo-invoice.png\",\"width\":600,\"height\":411,\"caption\":\"Hotta\"},\"image\":{\"@id\":\"https:\\\/\\\/hotta.eu\\\/lv\\\/#\\\/schema\\\/logo\\\/image\\\/\"},\"sameAs\":[\"https:\\\/\\\/www.facebook.com\\\/hotta.eu\",\"https:\\\/\\\/x.com\\\/hottashop\",\"https:\\\/\\\/www.instagram.com\\\/hotta.shop\"]}]}<\/script>\n<!-- \/ Yoast SEO plugin. -->","yoast_head_json":{"title":"Habanero Hot Sauce - Hotta","description":"Renae Habanero karst\u0101 m\u0113rce ir m\u0113reni karsta m\u0113rce ar sinepju gar\u0161u un m\u0113renu karstumu, kas papildin\u0101ta ar habanero \u010dilli. Labi sader ar gril\u0113tu desu un tacos!","robots":{"index":"index","follow":"follow","max-snippet":"max-snippet:-1","max-image-preview":"max-image-preview:large","max-video-preview":"max-video-preview:-1"},"canonical":"https:\/\/hotta.eu\/lv\/shop\/renae-habanero-hot-sauce\/","og_locale":"lv_LV","og_type":"article","og_title":"Habanero Hot Sauce - Hotta","og_description":"Renae Habanero karst\u0101 m\u0113rce ir m\u0113reni karsta m\u0113rce ar sinepju gar\u0161u un m\u0113renu karstumu, kas papildin\u0101ta ar habanero \u010dilli. Labi sader ar gril\u0113tu desu un tacos!","og_url":"https:\/\/hotta.eu\/lv\/shop\/renae-habanero-hot-sauce\/","og_site_name":"Hotta","article_publisher":"https:\/\/www.facebook.com\/hotta.eu","article_modified_time":"2025-02-11T09:17:43+00:00","og_image":[{"width":2000,"height":2000,"url":"https:\/\/hotta.eu\/wp-content\/uploads\/2024\/07\/renae-habanero.png","type":"image\/png"}],"twitter_card":"summary_large_image","twitter_site":"@hottashop","twitter_misc":{"Est. reading time":"1 minute"},"schema":{"@context":"https:\/\/schema.org","@graph":[{"@type":"WebPage","@id":"https:\/\/hotta.eu\/lv\/shop\/renae-habanero-hot-sauce\/","url":"https:\/\/hotta.eu\/lv\/shop\/renae-habanero-hot-sauce\/","name":"Habanero Hot Sauce - Hotta","isPartOf":{"@id":"https:\/\/hotta.eu\/lv\/#website"},"primaryImageOfPage":{"@id":"https:\/\/hotta.eu\/lv\/shop\/renae-habanero-hot-sauce\/#primaryimage"},"image":{"@id":"https:\/\/hotta.eu\/lv\/shop\/renae-habanero-hot-sauce\/#primaryimage"},"thumbnailUrl":"https:\/\/hotta.eu\/wp-content\/uploads\/2024\/07\/renae-habanero.png","datePublished":"2024-07-06T10:13:52+00:00","dateModified":"2025-02-11T09:17:43+00:00","description":"Renae Habanero karst\u0101 m\u0113rce ir m\u0113reni karsta m\u0113rce ar sinepju gar\u0161u un m\u0113renu karstumu, kas papildin\u0101ta ar habanero \u010dilli. Labi sader ar gril\u0113tu desu un tacos!","breadcrumb":{"@id":"https:\/\/hotta.eu\/lv\/shop\/renae-habanero-hot-sauce\/#breadcrumb"},"inLanguage":"lv-LV","potentialAction":[{"@type":"ReadAction","target":["https:\/\/hotta.eu\/lv\/shop\/renae-habanero-hot-sauce\/"]}]},{"@type":"ImageObject","inLanguage":"lv-LV","@id":"https:\/\/hotta.eu\/lv\/shop\/renae-habanero-hot-sauce\/#primaryimage","url":"https:\/\/hotta.eu\/wp-content\/uploads\/2024\/07\/renae-habanero.png","contentUrl":"https:\/\/hotta.eu\/wp-content\/uploads\/2024\/07\/renae-habanero.png","width":2000,"height":2000},{"@type":"BreadcrumbList","@id":"https:\/\/hotta.eu\/lv\/shop\/renae-habanero-hot-sauce\/#breadcrumb","itemListElement":[{"@type":"ListItem","position":1,"name":"S\u0101kums","item":"https:\/\/hotta.eu\/lv\/"},{"@type":"ListItem","position":2,"name":"Veikals","item":"https:\/\/hotta.eu\/lv\/shop\/"},{"@type":"ListItem","position":3,"name":"Habanero Hot Sauce"}]},{"@type":"WebSite","@id":"https:\/\/hotta.eu\/lv\/#website","url":"https:\/\/hotta.eu\/lv\/","name":"Hotta","description":"Makes your mouth burn a lotta!","publisher":{"@id":"https:\/\/hotta.eu\/lv\/#organization"},"potentialAction":[{"@type":"SearchAction","target":{"@type":"EntryPoint","urlTemplate":"https:\/\/hotta.eu\/lv\/?s={search_term_string}"},"query-input":{"@type":"PropertyValueSpecification","valueRequired":true,"valueName":"search_term_string"}}],"inLanguage":"lv-LV"},{"@type":"Organization","@id":"https:\/\/hotta.eu\/lv\/#organization","name":"Hotta","url":"https:\/\/hotta.eu\/lv\/","logo":{"@type":"ImageObject","inLanguage":"lv-LV","@id":"https:\/\/hotta.eu\/lv\/#\/schema\/logo\/image\/","url":"https:\/\/hotta.eu\/wp-content\/uploads\/2025\/04\/hotta-logo-invoice.png","contentUrl":"https:\/\/hotta.eu\/wp-content\/uploads\/2025\/04\/hotta-logo-invoice.png","width":600,"height":411,"caption":"Hotta"},"image":{"@id":"https:\/\/hotta.eu\/lv\/#\/schema\/logo\/image\/"},"sameAs":["https:\/\/www.facebook.com\/hotta.eu","https:\/\/x.com\/hottashop","https:\/\/www.instagram.com\/hotta.shop"]}]}},"jetpack_sharing_enabled":true,"_links":{"self":[{"href":"https:\/\/hotta.eu\/lv\/wp-json\/wp\/v2\/product\/19618","targetHints":{"allow":["GET"]}}],"collection":[{"href":"https:\/\/hotta.eu\/lv\/wp-json\/wp\/v2\/product"}],"about":[{"href":"https:\/\/hotta.eu\/lv\/wp-json\/wp\/v2\/types\/product"}],"replies":[{"embeddable":true,"href":"https:\/\/hotta.eu\/lv\/wp-json\/wp\/v2\/comments?post=19618"}],"wp:featuredmedia":[{"embeddable":true,"href":"https:\/\/hotta.eu\/lv\/wp-json\/wp\/v2\/media\/19622"}],"wp:attachment":[{"href":"https:\/\/hotta.eu\/lv\/wp-json\/wp\/v2\/media?parent=19618"}],"wp:term":[{"taxonomy":"product_cat","embeddable":true,"href":"https:\/\/hotta.eu\/lv\/wp-json\/wp\/v2\/product_cat?post=19618"},{"taxonomy":"product_tag","embeddable":true,"href":"https:\/\/hotta.eu\/lv\/wp-json\/wp\/v2\/product_tag?post=19618"},{"taxonomy":"giftcard-category","embeddable":true,"href":"https:\/\/hotta.eu\/lv\/wp-json\/wp\/v2\/giftcard-category?post=19618"}],"curies":[{"name":"wp","href":"https:\/\/api.w.org\/{rel}","templated":true}]}}