{"id":19841,"date":"2024-07-28T20:39:39","date_gmt":"2024-07-28T18:39:39","guid":{"rendered":"https:\/\/hotta.eu\/?post_type=product&#038;p=19841"},"modified":"2024-12-27T12:40:32","modified_gmt":"2024-12-27T10:40:32","slug":"hot-ones-10-pack-season-24","status":"publish","type":"product","link":"https:\/\/hotta.eu\/lv\/shop\/hot-ones-10-pack-season-24\/","title":{"rendered":"Hot Ones 10 Pack &#8211; Season 24"},"content":{"rendered":"<p><span class=\"subproduct-title\"><strong>#1 &#8211; The Classic Hot Sauce Garlic Fresno | Hot Ones <\/strong>&#8211; 1,700 Scoville units<br \/>\n<\/span> Karstums: 2\/10<br \/>\nSast\u0101vda\u013cas: fresno \u010dilli pipari, \u016bdens, sidra eti\u0137is, \u0137iploku biezenis (\u0137iploki un \u016bdens), eti\u0137is, ko\u0161era s\u0101ls, organiski kalt\u0113ti \u0137iploki, organiska kurkuma, organiski melnie pipari.<\/p>\n<p class=\"subproduct\" data-id=\"6878425186402\"><span class=\"subproduct-title\"><strong>#2 &#8211; Seeing Double | Double Comfort Foods<br \/>\n<\/strong><\/span>Siltums: 2\/10<br \/>\nSast\u0101vda\u013cas<span class=\"jCAhz ChMk0b\"><span class=\"ryNqvb\">: destil\u0113ts eti\u0137is, za\u013co jalape\u00f1o piparu pulveris (za\u013cie jalape\u00f1o pipari, eti\u0137is), \u016bdens, gar\u0161vielas, ban\u0101nu biezenis (ban\u0101ns, citronsk\u0101be, askorb\u012bnsk\u0101be), jalape\u00f1o \u010dili piparu pulveris, t\u012brs cukurniedru cukurs, s\u0101ls, guajillo pulveris, chipotle piparu pulveris.<\/span><\/span> <span class=\"jCAhz ChMk0b\"><span class=\"ryNqvb\">s\u012bpoli, citronu ekstrakts<\/span><\/span><\/p>\n<p class=\"subproduct\" data-id=\"6878425383010\"><span class=\"subproduct-title\"><strong>#3 &#8211; Fermented Kimchi | Mark&#8217;s Hot Sauce<br \/>\n<\/strong><\/span>Karstums: 3\/10<br \/>\nSast\u0101vda\u013cas: <span class=\"jCAhz ChMk0b\"><span class=\"ryNqvb\">Veg\u0101nu kim\u010di (SorraMtl produkti &#8211; Nappa k\u0101posti, korejie\u0161u red\u012bsi, za\u013cie s\u012bpoli, svaigs ingvers, Gochugaru, j\u016bras s\u0101ls), destil\u0113ts eti\u0137is, iztur\u0113ts Taizemes \u010dilli, j\u016bras s\u0101ls, svaigi \u0137iploki, svaigi za\u013cie s\u012bpoli, svaigs ingvers, \u0101bolu sidra eti\u0137is.<\/span><\/span><span class=\"jCAhz ChMk0b\"><span class=\"ryNqvb\">, bezglut\u0113na sojas m\u0113rce (\u016bdens, sojas pupi\u0146as, s\u0101ls, cukurs, alus v\u0101r\u012b\u0161anas ieraugs &#8211; aspergillus sojae).<\/span><\/span><\/p>\n<p class=\"subproduct\" data-id=\"6550778216546\"><span class=\"subproduct-title\"><strong>#4 &#8211; Los Calientes Barbacoa | Hot Ones Hot Sauce <\/strong>&#8211; 33 000 Scoville vien\u012bbu<br \/>\n<\/span>Karstums: 4\/10<br \/>\nSast\u0101vda\u013cas: \u010dili (\u0101bolu skaidi\u0146as, k\u016bpin\u0101ts sarkanais jalapeno, chipotle, habanero), laima sula, agaves nekt\u0101rs, aprikozes (pievienota askorb\u012bnsk\u0101be), \u0101bolu eti\u0137is, \u0101bolu sula, tomatillo, s\u0101ls, grauzd\u0113ti \u0137iploki, \u0137iploki, s\u012bpoli, koriandrs, \u0137imenes, melnie pipari, selerijas s\u0113klas.<\/p>\n<p class=\"subproduct\" data-id=\"6878425481314\"><span class=\"subproduct-title\"><strong>#5 &#8211; Chairman Meow&#8217;s Revenge | Fat Cat Gourmet<br \/>\n<\/strong><\/span>Karstums: 5\/10<br \/>\nSast\u0101vda\u013cas<span class=\"jCAhz ChMk0b\"><span class=\"ryNqvb\">: m\u0101rrutki (\u016bdens at\u0161\u0137aid\u012bts l\u012bdz 4% sk\u0101buma), s\u012bpoli, cepti sarkanie pipari (cepti sarkanie pipari, \u016bdens, s\u0101ls), \u0137iploki (\u0137iploki, \u016bdens, citronsk\u0101be), laima sula no koncentr\u0101ta, koriandrs, Habanero piparu biezeni (Habanero \u010dili,<\/span><\/span> s<span class=\"jCAhz ChMk0b\"><span class=\"ryNqvb\">ools), sinepes (eti\u0137is, sinepju s\u0113klas, s\u0101ls, kurkuma, gar\u0161vielas), Scorpion \u010dili biezenis (Scorpion \u010dili, s\u0101ls), j\u016bras s\u0101ls, paprika, paprika, sinepju s\u0113klas, s\u0101ls, s\u0101ls, kurkuma, gar\u0161vielas).<\/span><\/span><\/p>\n<p class=\"subproduct\" data-id=\"1455199813730\"><span class=\"subproduct-title\"><strong>#6 &#8211; IL MIG + | Onima<br \/>\n<\/strong><\/span>Siltums: 6\/10<br \/>\nSast\u0101vda\u013cas: habanero \u010dilli biezenis (habanero \u010dilli, s\u0101ls), \u0161erija eti\u0137is, \u016bdens, s\u012bpoli, \u0137iploki, ol\u012bve\u013c\u013ca, koji r\u012bsi (r\u012bsi, Aspergillus Oryzae), paprika, s\u0101ls, koriandra s\u0113klas.<\/p>\n<p class=\"subproduct\" data-id=\"6878425808994\"><span class=\"subproduct-title\"><strong>#7 &#8211; Red Flag | Black Eyed Susan Spice Co.<br \/>\n<\/strong><\/span>Karstums: 7\/10<br \/>\nSast\u0101vda\u013cas<span class=\"jCAhz ChMk0b\"><span class=\"ryNqvb\">: Muscadine v\u012bnogu sula (\u016bdens, Muscadine v\u012bnogu sulas koncentr\u0101ts), sarkan\u0101s avenes, sarkanais s\u012bpols, dz\u0113rvenes, \u0101bolu eti\u0137is, Trinidadas skorpionu \u010dili biezenis (Trinidadas skorpionu \u010dili, destil\u0113ts baltais eti\u0137is, s\u0101ls), kalt\u0113ts Trinidadas skorpionu \u010dili, s\u0101ls, gar\u0161vielas, hibiskus.<\/span><\/span> <span class=\"jCAhz\"><span class=\"ryNqvb\">pulveris<\/span><\/span><\/p>\n<p class=\"subproduct\" data-id=\"4496261775458\"><span class=\"subproduct-title\"><strong>#8 &#8211; Evolution Hot Sauce | Da Bomb <\/strong>&#8211; 135,000 Skoville vien\u012bbas<br \/>\n<\/span>Karstums: 8\/10<br \/>\nSast\u0101vda\u013cas: sarkanie asie \u010dilli, \u016bdens, eti\u0137is, s\u0101ls, gar\u0161vielas (tostarp paprika un kurkuma), malti \u0137iploki, cukurniedru cukurs, \u0137iploku pulveris, augst\u0101k\u0101 labuma ol\u012bve\u013c\u013ca, s\u012bpolu pulveris, citronu sulas koncentr\u0101ts, koriandrs, piparm\u0113tra.<\/p>\n<p class=\"subproduct\" data-id=\"6878425972834\"><span class=\"subproduct-title\"><strong>#9 &#8211; Peppers Up! | High River Sauces <\/strong><br \/>\n<\/span>Karstums: 9\/10<br \/>\nSast\u0101vda\u013cas: <span class=\"jCAhz ChMk0b\"><span class=\"ryNqvb\">Apollo \u010dilli putra (Apollo \u010dilli, eti\u0137is un Apollo \u010dilli destil\u0101ts), sidra eti\u0137is (sk\u0101bums 8%), \u016bdens, kazenes, mellenes, br\u016bnais cukurs (cukurniedru cukurs un melase), s\u012bpoli, \u0137iploki (\u0137iploki, citronsk\u0101be).<\/span><\/span><span class=\"jCAhz ChMk0b\"><span class=\"ryNqvb\">, yuzu sula, Apollo \u010dilli pulveris, koriandrs, ingvers, melnie pipari.<\/span><\/span><\/p>\n<p class=\"subproduct\" data-id=\"6874363560034\"><span class=\"subproduct-title\"><strong>#10 &#8211; The Last Dab: Xperience | Hot Ones Hot Sauce <\/strong><\/span>&#8211; <span class=\"subproduct-title\">2 693 000 Scoville vien\u012bbu (Pepper X<\/span>)<br \/>\nKarstums: 11\/10<br \/>\nSast\u0101vda\u013cas: Pepper X \u010dilli, destil\u0113ts eti\u0137is, Pepper X \u010dilli pulveris, Pepper X \u010dilli destil\u0101ts.<\/p>\n","protected":false},"excerpt":{"rendered":"<p>Hot Ones 10-Pack komplekt\u0101 ir visas desmit Hot Ones 24. sezonas m\u0113rces. Desmit\u0101 m\u0113rce ir ne\u017e\u0113l\u012bgais fin\u0101la boss <strong>The Last Dab: Xperience<\/strong>.<\/p>\n<p><img decoding=\"async\" src=\"https:\/\/hotta.eu\/wp-content\/uploads\/2022\/08\/first-we-feast.png\" \/><\/p>\n<div class=\"responsive-video\"><iframe src=\"https:\/\/www.youtube.com\/embed\/d5eTlW2lbxQ?si=mwsV2CerAHY3miHt\" width=\"480\" height=\"270\" frameborder=\"0\" allowfullscreen=\"allowfullscreen\"><\/iframe><\/div>\n[ywcwtl_form product_id=\"\"]\n","protected":false},"featured_media":19849,"comment_status":"open","ping_status":"closed","template":"","meta":[],"product_cat":[920,930,916],"product_tag":[],"giftcard-category":[],"class_list":{"0":"post-19841","1":"product","2":"type-product","3":"status-publish","4":"has-post-thumbnail","6":"product_cat-hot-ones-lv","7":"product_cat-komplekti","8":"product_cat-merces","9":"pa_brand-heatonist","11":"first","12":"outofstock","13":"taxable","14":"shipping-taxable","15":"purchasable","16":"product-type-simple"},"yoast_head":"<!-- This site is optimized with the Yoast SEO plugin v27.4 - https:\/\/yoast.com\/product\/yoast-seo-wordpress\/ -->\n<title>Hot Ones 10 Pack - Season 24 - Hotta<\/title>\n<meta name=\"description\" content=\"Hot Ones 10-Pack komplekt\u0101 ietilpst visas desmit Hot Ones 24. sezonas m\u0113rces, kas iepakotas d\u0101vanu kast\u012bt\u0113 ar produktu apraksto\u0161u bukletu.\" \/>\n<meta name=\"robots\" content=\"index, follow, max-snippet:-1, max-image-preview:large, max-video-preview:-1\" \/>\n<link rel=\"canonical\" href=\"https:\/\/hotta.eu\/lv\/shop\/hot-ones-10-pack-season-24\/\" \/>\n<meta property=\"og:locale\" content=\"lv_LV\" \/>\n<meta property=\"og:type\" content=\"article\" \/>\n<meta property=\"og:title\" content=\"Hot Ones 10 Pack - Season 24 - Hotta\" \/>\n<meta property=\"og:description\" content=\"Hot Ones 10-Pack komplekt\u0101 ietilpst visas desmit Hot Ones 24. sezonas m\u0113rces, kas iepakotas d\u0101vanu kast\u012bt\u0113 ar produktu apraksto\u0161u bukletu.\" \/>\n<meta property=\"og:url\" content=\"https:\/\/hotta.eu\/lv\/shop\/hot-ones-10-pack-season-24\/\" \/>\n<meta property=\"og:site_name\" content=\"Hotta\" \/>\n<meta property=\"article:publisher\" content=\"https:\/\/www.facebook.com\/hotta.eu\" \/>\n<meta property=\"article:modified_time\" content=\"2024-12-27T10:40:32+00:00\" \/>\n<meta property=\"og:image\" content=\"https:\/\/hotta.eu\/wp-content\/uploads\/2024\/07\/hot-ones-24-1.png\" \/>\n\t<meta property=\"og:image:width\" content=\"1310\" \/>\n\t<meta property=\"og:image:height\" content=\"1310\" \/>\n\t<meta property=\"og:image:type\" content=\"image\/png\" \/>\n<meta name=\"twitter:card\" content=\"summary_large_image\" \/>\n<meta name=\"twitter:site\" content=\"@hottashop\" \/>\n<meta name=\"twitter:label1\" content=\"Est. reading time\" \/>\n\t<meta name=\"twitter:data1\" content=\"3 minutes\" \/>\n<script type=\"application\/ld+json\" class=\"yoast-schema-graph\">{\"@context\":\"https:\\\/\\\/schema.org\",\"@graph\":[{\"@type\":\"WebPage\",\"@id\":\"https:\\\/\\\/hotta.eu\\\/lv\\\/shop\\\/hot-ones-10-pack-season-24\\\/\",\"url\":\"https:\\\/\\\/hotta.eu\\\/lv\\\/shop\\\/hot-ones-10-pack-season-24\\\/\",\"name\":\"Hot Ones 10 Pack - Season 24 - Hotta\",\"isPartOf\":{\"@id\":\"https:\\\/\\\/hotta.eu\\\/lv\\\/#website\"},\"primaryImageOfPage\":{\"@id\":\"https:\\\/\\\/hotta.eu\\\/lv\\\/shop\\\/hot-ones-10-pack-season-24\\\/#primaryimage\"},\"image\":{\"@id\":\"https:\\\/\\\/hotta.eu\\\/lv\\\/shop\\\/hot-ones-10-pack-season-24\\\/#primaryimage\"},\"thumbnailUrl\":\"https:\\\/\\\/hotta.eu\\\/wp-content\\\/uploads\\\/2024\\\/07\\\/hot-ones-24-1.png\",\"datePublished\":\"2024-07-28T18:39:39+00:00\",\"dateModified\":\"2024-12-27T10:40:32+00:00\",\"description\":\"Hot Ones 10-Pack komplekt\u0101 ietilpst visas desmit Hot Ones 24. sezonas m\u0113rces, kas iepakotas d\u0101vanu kast\u012bt\u0113 ar produktu apraksto\u0161u bukletu.\",\"breadcrumb\":{\"@id\":\"https:\\\/\\\/hotta.eu\\\/lv\\\/shop\\\/hot-ones-10-pack-season-24\\\/#breadcrumb\"},\"inLanguage\":\"lv-LV\",\"potentialAction\":[{\"@type\":\"ReadAction\",\"target\":[\"https:\\\/\\\/hotta.eu\\\/lv\\\/shop\\\/hot-ones-10-pack-season-24\\\/\"]}]},{\"@type\":\"ImageObject\",\"inLanguage\":\"lv-LV\",\"@id\":\"https:\\\/\\\/hotta.eu\\\/lv\\\/shop\\\/hot-ones-10-pack-season-24\\\/#primaryimage\",\"url\":\"https:\\\/\\\/hotta.eu\\\/wp-content\\\/uploads\\\/2024\\\/07\\\/hot-ones-24-1.png\",\"contentUrl\":\"https:\\\/\\\/hotta.eu\\\/wp-content\\\/uploads\\\/2024\\\/07\\\/hot-ones-24-1.png\",\"width\":1310,\"height\":1310},{\"@type\":\"BreadcrumbList\",\"@id\":\"https:\\\/\\\/hotta.eu\\\/lv\\\/shop\\\/hot-ones-10-pack-season-24\\\/#breadcrumb\",\"itemListElement\":[{\"@type\":\"ListItem\",\"position\":1,\"name\":\"S\u0101kums\",\"item\":\"https:\\\/\\\/hotta.eu\\\/lv\\\/sakumlapa\\\/\"},{\"@type\":\"ListItem\",\"position\":2,\"name\":\"Veikals\",\"item\":\"https:\\\/\\\/hotta.eu\\\/lv\\\/shop\\\/\"},{\"@type\":\"ListItem\",\"position\":3,\"name\":\"Hot Ones 10 Pack &#8211; Season 24\"}]},{\"@type\":\"WebSite\",\"@id\":\"https:\\\/\\\/hotta.eu\\\/lv\\\/#website\",\"url\":\"https:\\\/\\\/hotta.eu\\\/lv\\\/\",\"name\":\"Hotta\",\"description\":\"Makes your mouth burn a lotta!\",\"publisher\":{\"@id\":\"https:\\\/\\\/hotta.eu\\\/lv\\\/#organization\"},\"potentialAction\":[{\"@type\":\"SearchAction\",\"target\":{\"@type\":\"EntryPoint\",\"urlTemplate\":\"https:\\\/\\\/hotta.eu\\\/lv\\\/?s={search_term_string}\"},\"query-input\":{\"@type\":\"PropertyValueSpecification\",\"valueRequired\":true,\"valueName\":\"search_term_string\"}}],\"inLanguage\":\"lv-LV\"},{\"@type\":\"Organization\",\"@id\":\"https:\\\/\\\/hotta.eu\\\/lv\\\/#organization\",\"name\":\"Hotta\",\"url\":\"https:\\\/\\\/hotta.eu\\\/lv\\\/\",\"logo\":{\"@type\":\"ImageObject\",\"inLanguage\":\"lv-LV\",\"@id\":\"https:\\\/\\\/hotta.eu\\\/lv\\\/#\\\/schema\\\/logo\\\/image\\\/\",\"url\":\"https:\\\/\\\/hotta.eu\\\/wp-content\\\/uploads\\\/2025\\\/04\\\/hotta-logo-invoice.png\",\"contentUrl\":\"https:\\\/\\\/hotta.eu\\\/wp-content\\\/uploads\\\/2025\\\/04\\\/hotta-logo-invoice.png\",\"width\":600,\"height\":411,\"caption\":\"Hotta\"},\"image\":{\"@id\":\"https:\\\/\\\/hotta.eu\\\/lv\\\/#\\\/schema\\\/logo\\\/image\\\/\"},\"sameAs\":[\"https:\\\/\\\/www.facebook.com\\\/hotta.eu\",\"https:\\\/\\\/x.com\\\/hottashop\",\"https:\\\/\\\/www.instagram.com\\\/hotta.shop\"]}]}<\/script>\n<!-- \/ Yoast SEO plugin. -->","yoast_head_json":{"title":"Hot Ones 10 Pack - Season 24 - Hotta","description":"Hot Ones 10-Pack komplekt\u0101 ietilpst visas desmit Hot Ones 24. sezonas m\u0113rces, kas iepakotas d\u0101vanu kast\u012bt\u0113 ar produktu apraksto\u0161u bukletu.","robots":{"index":"index","follow":"follow","max-snippet":"max-snippet:-1","max-image-preview":"max-image-preview:large","max-video-preview":"max-video-preview:-1"},"canonical":"https:\/\/hotta.eu\/lv\/shop\/hot-ones-10-pack-season-24\/","og_locale":"lv_LV","og_type":"article","og_title":"Hot Ones 10 Pack - Season 24 - Hotta","og_description":"Hot Ones 10-Pack komplekt\u0101 ietilpst visas desmit Hot Ones 24. sezonas m\u0113rces, kas iepakotas d\u0101vanu kast\u012bt\u0113 ar produktu apraksto\u0161u bukletu.","og_url":"https:\/\/hotta.eu\/lv\/shop\/hot-ones-10-pack-season-24\/","og_site_name":"Hotta","article_publisher":"https:\/\/www.facebook.com\/hotta.eu","article_modified_time":"2024-12-27T10:40:32+00:00","og_image":[{"width":1310,"height":1310,"url":"https:\/\/hotta.eu\/wp-content\/uploads\/2024\/07\/hot-ones-24-1.png","type":"image\/png"}],"twitter_card":"summary_large_image","twitter_site":"@hottashop","twitter_misc":{"Est. reading time":"3 minutes"},"schema":{"@context":"https:\/\/schema.org","@graph":[{"@type":"WebPage","@id":"https:\/\/hotta.eu\/lv\/shop\/hot-ones-10-pack-season-24\/","url":"https:\/\/hotta.eu\/lv\/shop\/hot-ones-10-pack-season-24\/","name":"Hot Ones 10 Pack - Season 24 - Hotta","isPartOf":{"@id":"https:\/\/hotta.eu\/lv\/#website"},"primaryImageOfPage":{"@id":"https:\/\/hotta.eu\/lv\/shop\/hot-ones-10-pack-season-24\/#primaryimage"},"image":{"@id":"https:\/\/hotta.eu\/lv\/shop\/hot-ones-10-pack-season-24\/#primaryimage"},"thumbnailUrl":"https:\/\/hotta.eu\/wp-content\/uploads\/2024\/07\/hot-ones-24-1.png","datePublished":"2024-07-28T18:39:39+00:00","dateModified":"2024-12-27T10:40:32+00:00","description":"Hot Ones 10-Pack komplekt\u0101 ietilpst visas desmit Hot Ones 24. sezonas m\u0113rces, kas iepakotas d\u0101vanu kast\u012bt\u0113 ar produktu apraksto\u0161u bukletu.","breadcrumb":{"@id":"https:\/\/hotta.eu\/lv\/shop\/hot-ones-10-pack-season-24\/#breadcrumb"},"inLanguage":"lv-LV","potentialAction":[{"@type":"ReadAction","target":["https:\/\/hotta.eu\/lv\/shop\/hot-ones-10-pack-season-24\/"]}]},{"@type":"ImageObject","inLanguage":"lv-LV","@id":"https:\/\/hotta.eu\/lv\/shop\/hot-ones-10-pack-season-24\/#primaryimage","url":"https:\/\/hotta.eu\/wp-content\/uploads\/2024\/07\/hot-ones-24-1.png","contentUrl":"https:\/\/hotta.eu\/wp-content\/uploads\/2024\/07\/hot-ones-24-1.png","width":1310,"height":1310},{"@type":"BreadcrumbList","@id":"https:\/\/hotta.eu\/lv\/shop\/hot-ones-10-pack-season-24\/#breadcrumb","itemListElement":[{"@type":"ListItem","position":1,"name":"S\u0101kums","item":"https:\/\/hotta.eu\/lv\/sakumlapa\/"},{"@type":"ListItem","position":2,"name":"Veikals","item":"https:\/\/hotta.eu\/lv\/shop\/"},{"@type":"ListItem","position":3,"name":"Hot Ones 10 Pack &#8211; Season 24"}]},{"@type":"WebSite","@id":"https:\/\/hotta.eu\/lv\/#website","url":"https:\/\/hotta.eu\/lv\/","name":"Hotta","description":"Makes your mouth burn a lotta!","publisher":{"@id":"https:\/\/hotta.eu\/lv\/#organization"},"potentialAction":[{"@type":"SearchAction","target":{"@type":"EntryPoint","urlTemplate":"https:\/\/hotta.eu\/lv\/?s={search_term_string}"},"query-input":{"@type":"PropertyValueSpecification","valueRequired":true,"valueName":"search_term_string"}}],"inLanguage":"lv-LV"},{"@type":"Organization","@id":"https:\/\/hotta.eu\/lv\/#organization","name":"Hotta","url":"https:\/\/hotta.eu\/lv\/","logo":{"@type":"ImageObject","inLanguage":"lv-LV","@id":"https:\/\/hotta.eu\/lv\/#\/schema\/logo\/image\/","url":"https:\/\/hotta.eu\/wp-content\/uploads\/2025\/04\/hotta-logo-invoice.png","contentUrl":"https:\/\/hotta.eu\/wp-content\/uploads\/2025\/04\/hotta-logo-invoice.png","width":600,"height":411,"caption":"Hotta"},"image":{"@id":"https:\/\/hotta.eu\/lv\/#\/schema\/logo\/image\/"},"sameAs":["https:\/\/www.facebook.com\/hotta.eu","https:\/\/x.com\/hottashop","https:\/\/www.instagram.com\/hotta.shop"]}]}},"jetpack_sharing_enabled":true,"_links":{"self":[{"href":"https:\/\/hotta.eu\/lv\/wp-json\/wp\/v2\/product\/19841","targetHints":{"allow":["GET"]}}],"collection":[{"href":"https:\/\/hotta.eu\/lv\/wp-json\/wp\/v2\/product"}],"about":[{"href":"https:\/\/hotta.eu\/lv\/wp-json\/wp\/v2\/types\/product"}],"replies":[{"embeddable":true,"href":"https:\/\/hotta.eu\/lv\/wp-json\/wp\/v2\/comments?post=19841"}],"wp:featuredmedia":[{"embeddable":true,"href":"https:\/\/hotta.eu\/lv\/wp-json\/wp\/v2\/media\/19849"}],"wp:attachment":[{"href":"https:\/\/hotta.eu\/lv\/wp-json\/wp\/v2\/media?parent=19841"}],"wp:term":[{"taxonomy":"product_cat","embeddable":true,"href":"https:\/\/hotta.eu\/lv\/wp-json\/wp\/v2\/product_cat?post=19841"},{"taxonomy":"product_tag","embeddable":true,"href":"https:\/\/hotta.eu\/lv\/wp-json\/wp\/v2\/product_tag?post=19841"},{"taxonomy":"giftcard-category","embeddable":true,"href":"https:\/\/hotta.eu\/lv\/wp-json\/wp\/v2\/giftcard-category?post=19841"}],"curies":[{"name":"wp","href":"https:\/\/api.w.org\/{rel}","templated":true}]}}