{"id":19985,"date":"2024-08-24T07:36:33","date_gmt":"2024-08-24T05:36:33","guid":{"rendered":"https:\/\/hotta.eu\/?post_type=product&#038;p=19985"},"modified":"2024-12-27T12:40:30","modified_gmt":"2024-12-27T10:40:30","slug":"superhot-reaper-hot-sauce","status":"publish","type":"product","link":"https:\/\/hotta.eu\/lv\/shop\/superhot-reaper-hot-sauce\/","title":{"rendered":"Superhot Reaper Hot Sauce"},"content":{"rendered":"<p><strong>Sast\u0101vs<\/strong><br \/>\nCarolina Reaper \u010dilli (50%), baltv\u012bna eti\u0137is, kreolie\u0161u gar\u0161vielas (\u0137iploki, oregano, timi\u0101ns, kaj\u0113nas pipari, pipari, \u0137imenes), <span style=\"text-decoration: underline;\">sinepju pulveris<\/span>, j\u016bras s\u0101ls.<\/p>\n<p><strong>Uzturv\u0113rt\u012bbas inform\u0101cija (100 g)<br \/>\n<\/strong>Ener\u0123ija 50 kcal (209 kJ), tauki 0,8 g, no tiem pies\u0101tin\u0101t\u0101s tauksk\u0101bes 0,1 g, olbaltumvielas 2 g, og\u013chidr\u0101ti 9,2 g, no tiem cukuri 6,9 g, s\u0101ls 0,5 g.<\/p>\n<p><strong>Der\u012bguma termi\u0146\u0161 un uzglab\u0101\u0161ana<\/strong><br \/>\nUz pudeles nor\u0101d\u012btais der\u012bguma termi\u0146\u0161 attiecas uz neatv\u0113rtiem produktiem. Atv\u0113rtu produktu j\u0101uzglab\u0101 ledusskap\u012b.<\/p>\n","protected":false},"excerpt":{"rendered":"<p>Crazy Bastard Superhot s\u0113rija ir as\u0101k\u0101 m\u0113rce Superhot s\u0113rij\u0101. T\u0101 ir Carolina Reaper \u010dilli un kreolie\u0161u gar\u0161vielu mais\u012bjums. \u0160\u012b m\u0113rce ir \u013coti pikanta, bet tom\u0113r arom\u0101tiska, un t\u0101 nodro\u0161in\u0101s patiesi ugun\u012bgu baud\u012bjumu! \ud83d\udd25<br \/>\n[ywcwtl_form product_id=\"\"]<\/p>\n","protected":false},"featured_media":19969,"comment_status":"open","ping_status":"closed","template":"","meta":[],"product_cat":[918,916],"product_tag":[],"giftcard-category":[],"class_list":{"0":"post-19985","1":"product","2":"type-product","3":"status-publish","4":"has-post-thumbnail","6":"product_cat-ekstrems","7":"product_cat-merces","8":"pa_brand-crazy-bastard-sauce","10":"first","11":"outofstock","12":"taxable","13":"shipping-taxable","14":"purchasable","15":"product-type-simple"},"yoast_head":"<!-- This site is optimized with the Yoast SEO plugin v27.4 - https:\/\/yoast.com\/product\/yoast-seo-wordpress\/ -->\n<title>Superhot Reaper Hot Sauce - Hotta<\/title>\n<meta name=\"description\" content=\"Crazy Bastard Superhot s\u0113rija ir as\u0101k\u0101 m\u0113rce Superhot s\u0113rij\u0101. Carolina Reaper \u010dilli un kreolie\u0161u gar\u0161vielu mais\u012bjums. \u013boti asa m\u0113rce!\" \/>\n<meta name=\"robots\" content=\"index, follow, max-snippet:-1, max-image-preview:large, max-video-preview:-1\" \/>\n<link rel=\"canonical\" href=\"https:\/\/hotta.eu\/lv\/shop\/superhot-reaper-hot-sauce\/\" \/>\n<meta property=\"og:locale\" content=\"lv_LV\" \/>\n<meta property=\"og:type\" content=\"article\" \/>\n<meta property=\"og:title\" content=\"Superhot Reaper Hot Sauce - Hotta\" \/>\n<meta property=\"og:description\" content=\"Crazy Bastard Superhot s\u0113rija ir as\u0101k\u0101 m\u0113rce Superhot s\u0113rij\u0101. Carolina Reaper \u010dilli un kreolie\u0161u gar\u0161vielu mais\u012bjums. \u013boti asa m\u0113rce!\" \/>\n<meta property=\"og:url\" content=\"https:\/\/hotta.eu\/lv\/shop\/superhot-reaper-hot-sauce\/\" \/>\n<meta property=\"og:site_name\" content=\"Hotta\" \/>\n<meta property=\"article:publisher\" content=\"https:\/\/www.facebook.com\/hotta.eu\" \/>\n<meta property=\"article:modified_time\" content=\"2024-12-27T10:40:30+00:00\" \/>\n<meta property=\"og:image\" content=\"https:\/\/hotta.eu\/wp-content\/uploads\/2024\/08\/cb-superhot-reaper.png\" \/>\n\t<meta property=\"og:image:width\" content=\"1242\" \/>\n\t<meta property=\"og:image:height\" content=\"1120\" \/>\n\t<meta property=\"og:image:type\" content=\"image\/png\" \/>\n<meta name=\"twitter:card\" content=\"summary_large_image\" \/>\n<meta name=\"twitter:site\" content=\"@hottashop\" \/>\n<meta name=\"twitter:label1\" content=\"Est. reading time\" \/>\n\t<meta name=\"twitter:data1\" content=\"1 minute\" \/>\n<script type=\"application\/ld+json\" class=\"yoast-schema-graph\">{\"@context\":\"https:\\\/\\\/schema.org\",\"@graph\":[{\"@type\":\"WebPage\",\"@id\":\"https:\\\/\\\/hotta.eu\\\/lv\\\/shop\\\/superhot-reaper-hot-sauce\\\/\",\"url\":\"https:\\\/\\\/hotta.eu\\\/lv\\\/shop\\\/superhot-reaper-hot-sauce\\\/\",\"name\":\"Superhot Reaper Hot Sauce - Hotta\",\"isPartOf\":{\"@id\":\"https:\\\/\\\/hotta.eu\\\/lv\\\/#website\"},\"primaryImageOfPage\":{\"@id\":\"https:\\\/\\\/hotta.eu\\\/lv\\\/shop\\\/superhot-reaper-hot-sauce\\\/#primaryimage\"},\"image\":{\"@id\":\"https:\\\/\\\/hotta.eu\\\/lv\\\/shop\\\/superhot-reaper-hot-sauce\\\/#primaryimage\"},\"thumbnailUrl\":\"https:\\\/\\\/hotta.eu\\\/wp-content\\\/uploads\\\/2024\\\/08\\\/cb-superhot-reaper.png\",\"datePublished\":\"2024-08-24T05:36:33+00:00\",\"dateModified\":\"2024-12-27T10:40:30+00:00\",\"description\":\"Crazy Bastard Superhot s\u0113rija ir as\u0101k\u0101 m\u0113rce Superhot s\u0113rij\u0101. Carolina Reaper \u010dilli un kreolie\u0161u gar\u0161vielu mais\u012bjums. \u013boti asa m\u0113rce!\",\"breadcrumb\":{\"@id\":\"https:\\\/\\\/hotta.eu\\\/lv\\\/shop\\\/superhot-reaper-hot-sauce\\\/#breadcrumb\"},\"inLanguage\":\"lv-LV\",\"potentialAction\":[{\"@type\":\"ReadAction\",\"target\":[\"https:\\\/\\\/hotta.eu\\\/lv\\\/shop\\\/superhot-reaper-hot-sauce\\\/\"]}]},{\"@type\":\"ImageObject\",\"inLanguage\":\"lv-LV\",\"@id\":\"https:\\\/\\\/hotta.eu\\\/lv\\\/shop\\\/superhot-reaper-hot-sauce\\\/#primaryimage\",\"url\":\"https:\\\/\\\/hotta.eu\\\/wp-content\\\/uploads\\\/2024\\\/08\\\/cb-superhot-reaper.png\",\"contentUrl\":\"https:\\\/\\\/hotta.eu\\\/wp-content\\\/uploads\\\/2024\\\/08\\\/cb-superhot-reaper.png\",\"width\":1242,\"height\":1120},{\"@type\":\"BreadcrumbList\",\"@id\":\"https:\\\/\\\/hotta.eu\\\/lv\\\/shop\\\/superhot-reaper-hot-sauce\\\/#breadcrumb\",\"itemListElement\":[{\"@type\":\"ListItem\",\"position\":1,\"name\":\"S\u0101kums\",\"item\":\"https:\\\/\\\/hotta.eu\\\/lv\\\/sakumlapa\\\/\"},{\"@type\":\"ListItem\",\"position\":2,\"name\":\"Veikals\",\"item\":\"https:\\\/\\\/hotta.eu\\\/lv\\\/shop\\\/\"},{\"@type\":\"ListItem\",\"position\":3,\"name\":\"Superhot Reaper Hot Sauce\"}]},{\"@type\":\"WebSite\",\"@id\":\"https:\\\/\\\/hotta.eu\\\/lv\\\/#website\",\"url\":\"https:\\\/\\\/hotta.eu\\\/lv\\\/\",\"name\":\"Hotta\",\"description\":\"Makes your mouth burn a lotta!\",\"publisher\":{\"@id\":\"https:\\\/\\\/hotta.eu\\\/lv\\\/#organization\"},\"potentialAction\":[{\"@type\":\"SearchAction\",\"target\":{\"@type\":\"EntryPoint\",\"urlTemplate\":\"https:\\\/\\\/hotta.eu\\\/lv\\\/?s={search_term_string}\"},\"query-input\":{\"@type\":\"PropertyValueSpecification\",\"valueRequired\":true,\"valueName\":\"search_term_string\"}}],\"inLanguage\":\"lv-LV\"},{\"@type\":\"Organization\",\"@id\":\"https:\\\/\\\/hotta.eu\\\/lv\\\/#organization\",\"name\":\"Hotta\",\"url\":\"https:\\\/\\\/hotta.eu\\\/lv\\\/\",\"logo\":{\"@type\":\"ImageObject\",\"inLanguage\":\"lv-LV\",\"@id\":\"https:\\\/\\\/hotta.eu\\\/lv\\\/#\\\/schema\\\/logo\\\/image\\\/\",\"url\":\"https:\\\/\\\/hotta.eu\\\/wp-content\\\/uploads\\\/2025\\\/04\\\/hotta-logo-invoice.png\",\"contentUrl\":\"https:\\\/\\\/hotta.eu\\\/wp-content\\\/uploads\\\/2025\\\/04\\\/hotta-logo-invoice.png\",\"width\":600,\"height\":411,\"caption\":\"Hotta\"},\"image\":{\"@id\":\"https:\\\/\\\/hotta.eu\\\/lv\\\/#\\\/schema\\\/logo\\\/image\\\/\"},\"sameAs\":[\"https:\\\/\\\/www.facebook.com\\\/hotta.eu\",\"https:\\\/\\\/x.com\\\/hottashop\",\"https:\\\/\\\/www.instagram.com\\\/hotta.shop\"]}]}<\/script>\n<!-- \/ Yoast SEO plugin. -->","yoast_head_json":{"title":"Superhot Reaper Hot Sauce - Hotta","description":"Crazy Bastard Superhot s\u0113rija ir as\u0101k\u0101 m\u0113rce Superhot s\u0113rij\u0101. Carolina Reaper \u010dilli un kreolie\u0161u gar\u0161vielu mais\u012bjums. \u013boti asa m\u0113rce!","robots":{"index":"index","follow":"follow","max-snippet":"max-snippet:-1","max-image-preview":"max-image-preview:large","max-video-preview":"max-video-preview:-1"},"canonical":"https:\/\/hotta.eu\/lv\/shop\/superhot-reaper-hot-sauce\/","og_locale":"lv_LV","og_type":"article","og_title":"Superhot Reaper Hot Sauce - Hotta","og_description":"Crazy Bastard Superhot s\u0113rija ir as\u0101k\u0101 m\u0113rce Superhot s\u0113rij\u0101. Carolina Reaper \u010dilli un kreolie\u0161u gar\u0161vielu mais\u012bjums. \u013boti asa m\u0113rce!","og_url":"https:\/\/hotta.eu\/lv\/shop\/superhot-reaper-hot-sauce\/","og_site_name":"Hotta","article_publisher":"https:\/\/www.facebook.com\/hotta.eu","article_modified_time":"2024-12-27T10:40:30+00:00","og_image":[{"width":1242,"height":1120,"url":"https:\/\/hotta.eu\/wp-content\/uploads\/2024\/08\/cb-superhot-reaper.png","type":"image\/png"}],"twitter_card":"summary_large_image","twitter_site":"@hottashop","twitter_misc":{"Est. reading time":"1 minute"},"schema":{"@context":"https:\/\/schema.org","@graph":[{"@type":"WebPage","@id":"https:\/\/hotta.eu\/lv\/shop\/superhot-reaper-hot-sauce\/","url":"https:\/\/hotta.eu\/lv\/shop\/superhot-reaper-hot-sauce\/","name":"Superhot Reaper Hot Sauce - Hotta","isPartOf":{"@id":"https:\/\/hotta.eu\/lv\/#website"},"primaryImageOfPage":{"@id":"https:\/\/hotta.eu\/lv\/shop\/superhot-reaper-hot-sauce\/#primaryimage"},"image":{"@id":"https:\/\/hotta.eu\/lv\/shop\/superhot-reaper-hot-sauce\/#primaryimage"},"thumbnailUrl":"https:\/\/hotta.eu\/wp-content\/uploads\/2024\/08\/cb-superhot-reaper.png","datePublished":"2024-08-24T05:36:33+00:00","dateModified":"2024-12-27T10:40:30+00:00","description":"Crazy Bastard Superhot s\u0113rija ir as\u0101k\u0101 m\u0113rce Superhot s\u0113rij\u0101. Carolina Reaper \u010dilli un kreolie\u0161u gar\u0161vielu mais\u012bjums. \u013boti asa m\u0113rce!","breadcrumb":{"@id":"https:\/\/hotta.eu\/lv\/shop\/superhot-reaper-hot-sauce\/#breadcrumb"},"inLanguage":"lv-LV","potentialAction":[{"@type":"ReadAction","target":["https:\/\/hotta.eu\/lv\/shop\/superhot-reaper-hot-sauce\/"]}]},{"@type":"ImageObject","inLanguage":"lv-LV","@id":"https:\/\/hotta.eu\/lv\/shop\/superhot-reaper-hot-sauce\/#primaryimage","url":"https:\/\/hotta.eu\/wp-content\/uploads\/2024\/08\/cb-superhot-reaper.png","contentUrl":"https:\/\/hotta.eu\/wp-content\/uploads\/2024\/08\/cb-superhot-reaper.png","width":1242,"height":1120},{"@type":"BreadcrumbList","@id":"https:\/\/hotta.eu\/lv\/shop\/superhot-reaper-hot-sauce\/#breadcrumb","itemListElement":[{"@type":"ListItem","position":1,"name":"S\u0101kums","item":"https:\/\/hotta.eu\/lv\/sakumlapa\/"},{"@type":"ListItem","position":2,"name":"Veikals","item":"https:\/\/hotta.eu\/lv\/shop\/"},{"@type":"ListItem","position":3,"name":"Superhot Reaper Hot Sauce"}]},{"@type":"WebSite","@id":"https:\/\/hotta.eu\/lv\/#website","url":"https:\/\/hotta.eu\/lv\/","name":"Hotta","description":"Makes your mouth burn a lotta!","publisher":{"@id":"https:\/\/hotta.eu\/lv\/#organization"},"potentialAction":[{"@type":"SearchAction","target":{"@type":"EntryPoint","urlTemplate":"https:\/\/hotta.eu\/lv\/?s={search_term_string}"},"query-input":{"@type":"PropertyValueSpecification","valueRequired":true,"valueName":"search_term_string"}}],"inLanguage":"lv-LV"},{"@type":"Organization","@id":"https:\/\/hotta.eu\/lv\/#organization","name":"Hotta","url":"https:\/\/hotta.eu\/lv\/","logo":{"@type":"ImageObject","inLanguage":"lv-LV","@id":"https:\/\/hotta.eu\/lv\/#\/schema\/logo\/image\/","url":"https:\/\/hotta.eu\/wp-content\/uploads\/2025\/04\/hotta-logo-invoice.png","contentUrl":"https:\/\/hotta.eu\/wp-content\/uploads\/2025\/04\/hotta-logo-invoice.png","width":600,"height":411,"caption":"Hotta"},"image":{"@id":"https:\/\/hotta.eu\/lv\/#\/schema\/logo\/image\/"},"sameAs":["https:\/\/www.facebook.com\/hotta.eu","https:\/\/x.com\/hottashop","https:\/\/www.instagram.com\/hotta.shop"]}]}},"jetpack_sharing_enabled":true,"_links":{"self":[{"href":"https:\/\/hotta.eu\/lv\/wp-json\/wp\/v2\/product\/19985","targetHints":{"allow":["GET"]}}],"collection":[{"href":"https:\/\/hotta.eu\/lv\/wp-json\/wp\/v2\/product"}],"about":[{"href":"https:\/\/hotta.eu\/lv\/wp-json\/wp\/v2\/types\/product"}],"replies":[{"embeddable":true,"href":"https:\/\/hotta.eu\/lv\/wp-json\/wp\/v2\/comments?post=19985"}],"wp:featuredmedia":[{"embeddable":true,"href":"https:\/\/hotta.eu\/lv\/wp-json\/wp\/v2\/media\/19969"}],"wp:attachment":[{"href":"https:\/\/hotta.eu\/lv\/wp-json\/wp\/v2\/media?parent=19985"}],"wp:term":[{"taxonomy":"product_cat","embeddable":true,"href":"https:\/\/hotta.eu\/lv\/wp-json\/wp\/v2\/product_cat?post=19985"},{"taxonomy":"product_tag","embeddable":true,"href":"https:\/\/hotta.eu\/lv\/wp-json\/wp\/v2\/product_tag?post=19985"},{"taxonomy":"giftcard-category","embeddable":true,"href":"https:\/\/hotta.eu\/lv\/wp-json\/wp\/v2\/giftcard-category?post=19985"}],"curies":[{"name":"wp","href":"https:\/\/api.w.org\/{rel}","templated":true}]}}