{"id":20042,"date":"2024-08-31T11:07:31","date_gmt":"2024-08-31T09:07:31","guid":{"rendered":"https:\/\/hotta.eu\/?post_type=product&#038;p=20042"},"modified":"2025-02-15T11:57:06","modified_gmt":"2025-02-15T09:57:06","slug":"all-purpose-barbeque-seasoning","status":"publish","type":"product","link":"https:\/\/hotta.eu\/lv\/shop\/all-purpose-barbeque-seasoning\/","title":{"rendered":"All-Purpose Barbeque Seasoning"},"content":{"rendered":"<p><strong>Sast\u0101vda\u013cas<\/strong><br \/>\nS\u0101ls, cukurs, paprika, dehidr\u0113ti s\u012bpoli un \u0137iploki, seleriju s\u0113klas, gar\u0161vielas, din\u0101trija inosin\u0101ts un din\u0101trija guanil\u0101ts, citronsk\u0101be, seleriju ekstrakti.<\/p>\n<p><strong>Uzturv\u0113rt\u012bba (1 g)<br \/>\n<\/strong>Ener\u0123ija 0 kcal, n\u0101trijs 180 mg.<\/p>\n<p><strong>Der\u012bguma termi\u0146\u0161 un uzglab\u0101\u0161ana<\/strong><br \/>\nUz iepakojuma nor\u0101d\u012btais der\u012bguma termi\u0146\u0161 attiecas uz neatv\u0113rtiem produktiem.<\/p>\n","protected":false},"excerpt":{"rendered":"<p><strong>Cowtown<\/strong> ir produktu kl\u0101sts, kura ra\u017eo\u0161ana aizs\u0101k\u0101s 1999. gad\u0101 <a href=\"https:\/\/maps.app.goo.gl\/HfjCa7CBEZRbCjtS7\">Joe&#8217;s Kansas City Bar-B-Que<\/a>\u00a0restor\u0101n\u0101. Entonijs Burdeins izv\u0113l\u0113j\u0101s \u0161o restor\u0101nu k\u0101 vienu no 13 restor\u0101niem, kurus noteikti j\u0101izm\u0113\u0123ina visa m\u016b\u017ea garum\u0101. Univers\u0101l\u0101 gar\u0161viela ir ide\u0101li piem\u0113rota ga\u013cai, ribi\u0146\u0101m un ziv\u012bm, k\u0101 ar\u012b vienk\u0101r\u0161i ikdienas lieto\u0161anai.<\/p>\n<p><img decoding=\"async\" class=\"size-full wp-image-20044 aligncenter\" style=\"max-width: 100%; height: auto; display: block; margin: 0 auto;\" src=\"https:\/\/hotta.eu\/wp-content\/uploads\/2024\/08\/cowtown-logo.png\" alt=\"\" width=\"399\" height=\"105\" srcset=\"https:\/\/hotta.eu\/wp-content\/uploads\/2024\/08\/cowtown-logo.png 399w, https:\/\/hotta.eu\/wp-content\/uploads\/2024\/08\/cowtown-logo-231x61.png 231w\" sizes=\"(max-width: 399px) 100vw, 399px\" \/><br \/>\n[ywcwtl_form product_id=\"\"]<\/p>\n","protected":false},"featured_media":20050,"comment_status":"open","ping_status":"closed","template":"","meta":[],"product_cat":[932],"product_tag":[],"giftcard-category":[],"class_list":{"0":"post-20042","1":"product","2":"type-product","3":"status-publish","4":"has-post-thumbnail","6":"product_cat-citi","7":"pa_brand-cowtown-barbeque-products-lv","9":"first","10":"outofstock","11":"taxable","12":"shipping-taxable","13":"purchasable","14":"product-type-simple"},"yoast_head":"<!-- This site is optimized with the Yoast SEO plugin v27.4 - https:\/\/yoast.com\/product\/yoast-seo-wordpress\/ -->\n<title>All-Purpose Barbeque Seasoning - Hotta<\/title>\n<meta name=\"description\" content=\"Cowtown ir produktu kl\u0101sts, kas rad\u0101s 1999. gad\u0101 Joe\u2019s Kansas City Bar-B-Que restor\u0101n\u0101. Entonijs Burdeins izv\u0113l\u0113j\u0101s \u0161o restor\u0101nu k\u0101 vienu no 13 lab\u0101kajiem!\" \/>\n<meta name=\"robots\" content=\"index, follow, max-snippet:-1, max-image-preview:large, max-video-preview:-1\" \/>\n<link rel=\"canonical\" href=\"https:\/\/hotta.eu\/lv\/shop\/all-purpose-barbeque-seasoning\/\" \/>\n<meta property=\"og:locale\" content=\"lv_LV\" \/>\n<meta property=\"og:type\" content=\"article\" \/>\n<meta property=\"og:title\" content=\"All-Purpose Barbeque Seasoning - Hotta\" \/>\n<meta property=\"og:description\" content=\"Cowtown ir produktu kl\u0101sts, kas rad\u0101s 1999. gad\u0101 Joe\u2019s Kansas City Bar-B-Que restor\u0101n\u0101. Entonijs Burdeins izv\u0113l\u0113j\u0101s \u0161o restor\u0101nu k\u0101 vienu no 13 lab\u0101kajiem!\" \/>\n<meta property=\"og:url\" content=\"https:\/\/hotta.eu\/lv\/shop\/all-purpose-barbeque-seasoning\/\" \/>\n<meta property=\"og:site_name\" content=\"Hotta\" \/>\n<meta property=\"article:publisher\" content=\"https:\/\/www.facebook.com\/hotta.eu\" \/>\n<meta property=\"article:modified_time\" content=\"2025-02-15T09:57:06+00:00\" \/>\n<meta property=\"og:image\" content=\"https:\/\/hotta.eu\/wp-content\/uploads\/2024\/08\/cowtown-all-purpose.png\" \/>\n\t<meta property=\"og:image:width\" content=\"2000\" \/>\n\t<meta property=\"og:image:height\" content=\"2000\" \/>\n\t<meta property=\"og:image:type\" content=\"image\/png\" \/>\n<meta name=\"twitter:card\" content=\"summary_large_image\" \/>\n<meta name=\"twitter:site\" content=\"@hottashop\" \/>\n<meta name=\"twitter:label1\" content=\"Est. reading time\" \/>\n\t<meta name=\"twitter:data1\" content=\"1 minute\" \/>\n<script type=\"application\/ld+json\" class=\"yoast-schema-graph\">{\"@context\":\"https:\\\/\\\/schema.org\",\"@graph\":[{\"@type\":\"WebPage\",\"@id\":\"https:\\\/\\\/hotta.eu\\\/lv\\\/shop\\\/all-purpose-barbeque-seasoning\\\/\",\"url\":\"https:\\\/\\\/hotta.eu\\\/lv\\\/shop\\\/all-purpose-barbeque-seasoning\\\/\",\"name\":\"All-Purpose Barbeque Seasoning - Hotta\",\"isPartOf\":{\"@id\":\"https:\\\/\\\/hotta.eu\\\/lv\\\/#website\"},\"primaryImageOfPage\":{\"@id\":\"https:\\\/\\\/hotta.eu\\\/lv\\\/shop\\\/all-purpose-barbeque-seasoning\\\/#primaryimage\"},\"image\":{\"@id\":\"https:\\\/\\\/hotta.eu\\\/lv\\\/shop\\\/all-purpose-barbeque-seasoning\\\/#primaryimage\"},\"thumbnailUrl\":\"https:\\\/\\\/hotta.eu\\\/wp-content\\\/uploads\\\/2024\\\/08\\\/cowtown-all-purpose.png\",\"datePublished\":\"2024-08-31T09:07:31+00:00\",\"dateModified\":\"2025-02-15T09:57:06+00:00\",\"description\":\"Cowtown ir produktu kl\u0101sts, kas rad\u0101s 1999. gad\u0101 Joe\u2019s Kansas City Bar-B-Que restor\u0101n\u0101. Entonijs Burdeins izv\u0113l\u0113j\u0101s \u0161o restor\u0101nu k\u0101 vienu no 13 lab\u0101kajiem!\",\"breadcrumb\":{\"@id\":\"https:\\\/\\\/hotta.eu\\\/lv\\\/shop\\\/all-purpose-barbeque-seasoning\\\/#breadcrumb\"},\"inLanguage\":\"lv-LV\",\"potentialAction\":[{\"@type\":\"ReadAction\",\"target\":[\"https:\\\/\\\/hotta.eu\\\/lv\\\/shop\\\/all-purpose-barbeque-seasoning\\\/\"]}]},{\"@type\":\"ImageObject\",\"inLanguage\":\"lv-LV\",\"@id\":\"https:\\\/\\\/hotta.eu\\\/lv\\\/shop\\\/all-purpose-barbeque-seasoning\\\/#primaryimage\",\"url\":\"https:\\\/\\\/hotta.eu\\\/wp-content\\\/uploads\\\/2024\\\/08\\\/cowtown-all-purpose.png\",\"contentUrl\":\"https:\\\/\\\/hotta.eu\\\/wp-content\\\/uploads\\\/2024\\\/08\\\/cowtown-all-purpose.png\",\"width\":2000,\"height\":2000},{\"@type\":\"BreadcrumbList\",\"@id\":\"https:\\\/\\\/hotta.eu\\\/lv\\\/shop\\\/all-purpose-barbeque-seasoning\\\/#breadcrumb\",\"itemListElement\":[{\"@type\":\"ListItem\",\"position\":1,\"name\":\"S\u0101kums\",\"item\":\"https:\\\/\\\/hotta.eu\\\/lv\\\/sakumlapa\\\/\"},{\"@type\":\"ListItem\",\"position\":2,\"name\":\"Veikals\",\"item\":\"https:\\\/\\\/hotta.eu\\\/lv\\\/shop\\\/\"},{\"@type\":\"ListItem\",\"position\":3,\"name\":\"All-Purpose Barbeque Seasoning\"}]},{\"@type\":\"WebSite\",\"@id\":\"https:\\\/\\\/hotta.eu\\\/lv\\\/#website\",\"url\":\"https:\\\/\\\/hotta.eu\\\/lv\\\/\",\"name\":\"Hotta\",\"description\":\"Makes your mouth burn a lotta!\",\"publisher\":{\"@id\":\"https:\\\/\\\/hotta.eu\\\/lv\\\/#organization\"},\"potentialAction\":[{\"@type\":\"SearchAction\",\"target\":{\"@type\":\"EntryPoint\",\"urlTemplate\":\"https:\\\/\\\/hotta.eu\\\/lv\\\/?s={search_term_string}\"},\"query-input\":{\"@type\":\"PropertyValueSpecification\",\"valueRequired\":true,\"valueName\":\"search_term_string\"}}],\"inLanguage\":\"lv-LV\"},{\"@type\":\"Organization\",\"@id\":\"https:\\\/\\\/hotta.eu\\\/lv\\\/#organization\",\"name\":\"Hotta\",\"url\":\"https:\\\/\\\/hotta.eu\\\/lv\\\/\",\"logo\":{\"@type\":\"ImageObject\",\"inLanguage\":\"lv-LV\",\"@id\":\"https:\\\/\\\/hotta.eu\\\/lv\\\/#\\\/schema\\\/logo\\\/image\\\/\",\"url\":\"https:\\\/\\\/hotta.eu\\\/wp-content\\\/uploads\\\/2025\\\/04\\\/hotta-logo-invoice.png\",\"contentUrl\":\"https:\\\/\\\/hotta.eu\\\/wp-content\\\/uploads\\\/2025\\\/04\\\/hotta-logo-invoice.png\",\"width\":600,\"height\":411,\"caption\":\"Hotta\"},\"image\":{\"@id\":\"https:\\\/\\\/hotta.eu\\\/lv\\\/#\\\/schema\\\/logo\\\/image\\\/\"},\"sameAs\":[\"https:\\\/\\\/www.facebook.com\\\/hotta.eu\",\"https:\\\/\\\/x.com\\\/hottashop\",\"https:\\\/\\\/www.instagram.com\\\/hotta.shop\"]}]}<\/script>\n<!-- \/ Yoast SEO plugin. -->","yoast_head_json":{"title":"All-Purpose Barbeque Seasoning - Hotta","description":"Cowtown ir produktu kl\u0101sts, kas rad\u0101s 1999. gad\u0101 Joe\u2019s Kansas City Bar-B-Que restor\u0101n\u0101. Entonijs Burdeins izv\u0113l\u0113j\u0101s \u0161o restor\u0101nu k\u0101 vienu no 13 lab\u0101kajiem!","robots":{"index":"index","follow":"follow","max-snippet":"max-snippet:-1","max-image-preview":"max-image-preview:large","max-video-preview":"max-video-preview:-1"},"canonical":"https:\/\/hotta.eu\/lv\/shop\/all-purpose-barbeque-seasoning\/","og_locale":"lv_LV","og_type":"article","og_title":"All-Purpose Barbeque Seasoning - Hotta","og_description":"Cowtown ir produktu kl\u0101sts, kas rad\u0101s 1999. gad\u0101 Joe\u2019s Kansas City Bar-B-Que restor\u0101n\u0101. Entonijs Burdeins izv\u0113l\u0113j\u0101s \u0161o restor\u0101nu k\u0101 vienu no 13 lab\u0101kajiem!","og_url":"https:\/\/hotta.eu\/lv\/shop\/all-purpose-barbeque-seasoning\/","og_site_name":"Hotta","article_publisher":"https:\/\/www.facebook.com\/hotta.eu","article_modified_time":"2025-02-15T09:57:06+00:00","og_image":[{"width":2000,"height":2000,"url":"https:\/\/hotta.eu\/wp-content\/uploads\/2024\/08\/cowtown-all-purpose.png","type":"image\/png"}],"twitter_card":"summary_large_image","twitter_site":"@hottashop","twitter_misc":{"Est. reading time":"1 minute"},"schema":{"@context":"https:\/\/schema.org","@graph":[{"@type":"WebPage","@id":"https:\/\/hotta.eu\/lv\/shop\/all-purpose-barbeque-seasoning\/","url":"https:\/\/hotta.eu\/lv\/shop\/all-purpose-barbeque-seasoning\/","name":"All-Purpose Barbeque Seasoning - Hotta","isPartOf":{"@id":"https:\/\/hotta.eu\/lv\/#website"},"primaryImageOfPage":{"@id":"https:\/\/hotta.eu\/lv\/shop\/all-purpose-barbeque-seasoning\/#primaryimage"},"image":{"@id":"https:\/\/hotta.eu\/lv\/shop\/all-purpose-barbeque-seasoning\/#primaryimage"},"thumbnailUrl":"https:\/\/hotta.eu\/wp-content\/uploads\/2024\/08\/cowtown-all-purpose.png","datePublished":"2024-08-31T09:07:31+00:00","dateModified":"2025-02-15T09:57:06+00:00","description":"Cowtown ir produktu kl\u0101sts, kas rad\u0101s 1999. gad\u0101 Joe\u2019s Kansas City Bar-B-Que restor\u0101n\u0101. Entonijs Burdeins izv\u0113l\u0113j\u0101s \u0161o restor\u0101nu k\u0101 vienu no 13 lab\u0101kajiem!","breadcrumb":{"@id":"https:\/\/hotta.eu\/lv\/shop\/all-purpose-barbeque-seasoning\/#breadcrumb"},"inLanguage":"lv-LV","potentialAction":[{"@type":"ReadAction","target":["https:\/\/hotta.eu\/lv\/shop\/all-purpose-barbeque-seasoning\/"]}]},{"@type":"ImageObject","inLanguage":"lv-LV","@id":"https:\/\/hotta.eu\/lv\/shop\/all-purpose-barbeque-seasoning\/#primaryimage","url":"https:\/\/hotta.eu\/wp-content\/uploads\/2024\/08\/cowtown-all-purpose.png","contentUrl":"https:\/\/hotta.eu\/wp-content\/uploads\/2024\/08\/cowtown-all-purpose.png","width":2000,"height":2000},{"@type":"BreadcrumbList","@id":"https:\/\/hotta.eu\/lv\/shop\/all-purpose-barbeque-seasoning\/#breadcrumb","itemListElement":[{"@type":"ListItem","position":1,"name":"S\u0101kums","item":"https:\/\/hotta.eu\/lv\/sakumlapa\/"},{"@type":"ListItem","position":2,"name":"Veikals","item":"https:\/\/hotta.eu\/lv\/shop\/"},{"@type":"ListItem","position":3,"name":"All-Purpose Barbeque Seasoning"}]},{"@type":"WebSite","@id":"https:\/\/hotta.eu\/lv\/#website","url":"https:\/\/hotta.eu\/lv\/","name":"Hotta","description":"Makes your mouth burn a lotta!","publisher":{"@id":"https:\/\/hotta.eu\/lv\/#organization"},"potentialAction":[{"@type":"SearchAction","target":{"@type":"EntryPoint","urlTemplate":"https:\/\/hotta.eu\/lv\/?s={search_term_string}"},"query-input":{"@type":"PropertyValueSpecification","valueRequired":true,"valueName":"search_term_string"}}],"inLanguage":"lv-LV"},{"@type":"Organization","@id":"https:\/\/hotta.eu\/lv\/#organization","name":"Hotta","url":"https:\/\/hotta.eu\/lv\/","logo":{"@type":"ImageObject","inLanguage":"lv-LV","@id":"https:\/\/hotta.eu\/lv\/#\/schema\/logo\/image\/","url":"https:\/\/hotta.eu\/wp-content\/uploads\/2025\/04\/hotta-logo-invoice.png","contentUrl":"https:\/\/hotta.eu\/wp-content\/uploads\/2025\/04\/hotta-logo-invoice.png","width":600,"height":411,"caption":"Hotta"},"image":{"@id":"https:\/\/hotta.eu\/lv\/#\/schema\/logo\/image\/"},"sameAs":["https:\/\/www.facebook.com\/hotta.eu","https:\/\/x.com\/hottashop","https:\/\/www.instagram.com\/hotta.shop"]}]}},"jetpack_sharing_enabled":true,"_links":{"self":[{"href":"https:\/\/hotta.eu\/lv\/wp-json\/wp\/v2\/product\/20042","targetHints":{"allow":["GET"]}}],"collection":[{"href":"https:\/\/hotta.eu\/lv\/wp-json\/wp\/v2\/product"}],"about":[{"href":"https:\/\/hotta.eu\/lv\/wp-json\/wp\/v2\/types\/product"}],"replies":[{"embeddable":true,"href":"https:\/\/hotta.eu\/lv\/wp-json\/wp\/v2\/comments?post=20042"}],"wp:featuredmedia":[{"embeddable":true,"href":"https:\/\/hotta.eu\/lv\/wp-json\/wp\/v2\/media\/20050"}],"wp:attachment":[{"href":"https:\/\/hotta.eu\/lv\/wp-json\/wp\/v2\/media?parent=20042"}],"wp:term":[{"taxonomy":"product_cat","embeddable":true,"href":"https:\/\/hotta.eu\/lv\/wp-json\/wp\/v2\/product_cat?post=20042"},{"taxonomy":"product_tag","embeddable":true,"href":"https:\/\/hotta.eu\/lv\/wp-json\/wp\/v2\/product_tag?post=20042"},{"taxonomy":"giftcard-category","embeddable":true,"href":"https:\/\/hotta.eu\/lv\/wp-json\/wp\/v2\/giftcard-category?post=20042"}],"curies":[{"name":"wp","href":"https:\/\/api.w.org\/{rel}","templated":true}]}}