{"id":20320,"date":"2024-10-05T00:18:37","date_gmt":"2024-10-04T22:18:37","guid":{"rendered":"https:\/\/hotta.eu\/?post_type=product&#038;p=20320"},"modified":"2026-01-22T17:05:06","modified_gmt":"2026-01-22T15:05:06","slug":"mr-twister-jelly-beans-challenge","status":"publish","type":"product","link":"https:\/\/hotta.eu\/lv\/shop\/mr-twister-jelly-beans-challenge\/","title":{"rendered":"Mr. Twister Jelly Beans Challenge"},"content":{"rendered":"<p><strong>Sast\u0101vda\u013cas<\/strong><br \/>\n<span class=\"jCAhz ChMk0b\"><span class=\"ryNqvb\">Cukurs, glikozes s\u012brups, modific\u0113ta ciete, citronsk\u0101be,<\/span><\/span> <span class=\"jCAhz ChMk0b\"><span class=\"ryNqvb\">aromatiz\u0113t\u0101ji, kr\u0101svielas: e133, e150d, <\/span><\/span><span class=\"jCAhz ChMk0b\"><span class=\"ryNqvb\">meln\u0101 karot\u012bna koncentr\u0101ts, karnaubas vasks, \u0161ellaka.<\/span><\/span><\/p>\n<div class=\"tableheader\"><strong>Uzturv\u0113rt\u012bbas inform\u0101cija (100 g)<br \/>\n<\/strong>Ener\u0123ija 1598 kJ (376 kcal), tauki 0,1 g (no tiem pies\u0101tin\u0101t\u0101s tauksk\u0101bes 0,2 g), og\u013chidr\u0101ti 94 g (no tiem cukuri 72 g), olbaltumvielas 0,1 g, s\u0101ls 0,1 g.<\/div>\n","protected":false},"excerpt":{"rendered":"<p>Mr. Twister ir aizraujo\u0161s <em>\u017eelejas pupi\u0146u<\/em> izaicin\u0101jums, kur\u0101, l\u012bdz\u012bgi k\u0101 daudziem paz\u012bstamaj\u0101 Jelly Belly BeanBoozled izaicin\u0101jum\u0101, ir ar\u012b Carolina Reaper \u010dilli gar\u0161as.<\/p>\n<p>Sp\u0113le ir vienk\u0101r\u0161a &#8211; grieziet v\u0113rp\u0113ju un ap\u0113diet <em>\u017eelejas pupi\u0146u<\/em>, uz kuras apst\u0101jas v\u0113rp\u0113js.<\/p>\n<p>Gar\u0161u kombin\u0101cijas:<\/p>\n<ul>\n<li><span class=\"jCAhz ChMk0b\"><span class=\"ryNqvb\">Kola vai su\u0146u bar\u012bba<\/span><\/span><\/li>\n<li><span class=\"jCAhz ChMk0b\"><span class=\"ryNqvb\">Ban\u0101ns vai asto\u0146k\u0101jis<\/span><\/span><\/li>\n<li><span class=\"jCAhz ChMk0b\"><span class=\"ryNqvb\">Zeme\u0146u vai Carolina Reaper<\/span><\/span><\/li>\n<li><span class=\"jCAhz ChMk0b\"><span class=\"ryNqvb\">Ko\u0161\u013c\u0101jam\u0101 gumija vai zobu pasta<\/span><\/span><\/li>\n<li><span class=\"jCAhz\"><span class=\"ryNqvb\">Bumbieri vai gri\u0137i<\/span><\/span><\/li>\n<li><span class=\"jCAhz ChMk0b\"><span class=\"ryNqvb\">Tropu aug\u013ci vai glieme\u017ei<\/span><\/span><\/li>\n<\/ul>\n<p>Produkts nesatur lipekli, piena produktus, ir halal un piem\u0113rots ve\u0123et\u0101rie\u0161iem.<br \/>\n[ywcwtl_form product_id=\"\"]<\/p>\n","protected":false},"featured_media":20330,"comment_status":"open","ping_status":"closed","template":"","meta":[],"product_cat":[938],"product_tag":[],"giftcard-category":[],"class_list":{"0":"post-20320","1":"product","2":"type-product","3":"status-publish","4":"has-post-thumbnail","6":"product_cat-uzkodas","7":"pa_brand-hot-chip","9":"first","10":"outofstock","11":"sale","12":"featured","13":"taxable","14":"shipping-taxable","15":"purchasable","16":"product-type-simple"},"yoast_head":"<!-- This site is optimized with the Yoast SEO plugin v27.3 - https:\/\/yoast.com\/product\/yoast-seo-wordpress\/ -->\n<title>Mr. Twister Jelly Beans Challenge - Hotta<\/title>\n<meta name=\"description\" content=\"Mr. Twister ir aizraujo\u0161s \u017eelejas pupi\u0146u izaicin\u0101jums, l\u012bdz\u012bgs daudziem paz\u012bstamajam Jelly Belly BeanBoozled izaicin\u0101jumam, ta\u010du ar Carolina Reaper \u010dili!\" \/>\n<meta name=\"robots\" content=\"index, follow, max-snippet:-1, max-image-preview:large, max-video-preview:-1\" \/>\n<link rel=\"canonical\" href=\"https:\/\/hotta.eu\/lv\/shop\/mr-twister-jelly-beans-challenge\/\" \/>\n<meta property=\"og:locale\" content=\"lv_LV\" \/>\n<meta property=\"og:type\" content=\"article\" \/>\n<meta property=\"og:title\" content=\"Mr. Twister Jelly Beans Challenge - Hotta\" \/>\n<meta property=\"og:description\" content=\"Mr. Twister ir aizraujo\u0161s \u017eelejas pupi\u0146u izaicin\u0101jums, l\u012bdz\u012bgs daudziem paz\u012bstamajam Jelly Belly BeanBoozled izaicin\u0101jumam, ta\u010du ar Carolina Reaper \u010dili!\" \/>\n<meta property=\"og:url\" content=\"https:\/\/hotta.eu\/lv\/shop\/mr-twister-jelly-beans-challenge\/\" \/>\n<meta property=\"og:site_name\" content=\"Hotta\" \/>\n<meta property=\"article:publisher\" content=\"https:\/\/www.facebook.com\/hotta.eu\" \/>\n<meta property=\"article:modified_time\" content=\"2026-01-22T15:05:06+00:00\" \/>\n<meta property=\"og:image\" content=\"https:\/\/hotta.eu\/wp-content\/uploads\/2024\/10\/hot-chip-mr-twister-1.jpg\" \/>\n\t<meta property=\"og:image:width\" content=\"800\" \/>\n\t<meta property=\"og:image:height\" content=\"800\" \/>\n\t<meta property=\"og:image:type\" content=\"image\/jpeg\" \/>\n<meta name=\"twitter:card\" content=\"summary_large_image\" \/>\n<meta name=\"twitter:site\" content=\"@hottashop\" \/>\n<meta name=\"twitter:label1\" content=\"Est. reading time\" \/>\n\t<meta name=\"twitter:data1\" content=\"1 minute\" \/>\n<script type=\"application\/ld+json\" class=\"yoast-schema-graph\">{\"@context\":\"https:\\\/\\\/schema.org\",\"@graph\":[{\"@type\":\"WebPage\",\"@id\":\"https:\\\/\\\/hotta.eu\\\/lv\\\/shop\\\/mr-twister-jelly-beans-challenge\\\/\",\"url\":\"https:\\\/\\\/hotta.eu\\\/lv\\\/shop\\\/mr-twister-jelly-beans-challenge\\\/\",\"name\":\"Mr. Twister Jelly Beans Challenge - Hotta\",\"isPartOf\":{\"@id\":\"https:\\\/\\\/hotta.eu\\\/lv\\\/#website\"},\"primaryImageOfPage\":{\"@id\":\"https:\\\/\\\/hotta.eu\\\/lv\\\/shop\\\/mr-twister-jelly-beans-challenge\\\/#primaryimage\"},\"image\":{\"@id\":\"https:\\\/\\\/hotta.eu\\\/lv\\\/shop\\\/mr-twister-jelly-beans-challenge\\\/#primaryimage\"},\"thumbnailUrl\":\"https:\\\/\\\/hotta.eu\\\/wp-content\\\/uploads\\\/2024\\\/10\\\/hot-chip-mr-twister-1.jpg\",\"datePublished\":\"2024-10-04T22:18:37+00:00\",\"dateModified\":\"2026-01-22T15:05:06+00:00\",\"description\":\"Mr. Twister ir aizraujo\u0161s \u017eelejas pupi\u0146u izaicin\u0101jums, l\u012bdz\u012bgs daudziem paz\u012bstamajam Jelly Belly BeanBoozled izaicin\u0101jumam, ta\u010du ar Carolina Reaper \u010dili!\",\"breadcrumb\":{\"@id\":\"https:\\\/\\\/hotta.eu\\\/lv\\\/shop\\\/mr-twister-jelly-beans-challenge\\\/#breadcrumb\"},\"inLanguage\":\"lv-LV\",\"potentialAction\":[{\"@type\":\"ReadAction\",\"target\":[\"https:\\\/\\\/hotta.eu\\\/lv\\\/shop\\\/mr-twister-jelly-beans-challenge\\\/\"]}]},{\"@type\":\"ImageObject\",\"inLanguage\":\"lv-LV\",\"@id\":\"https:\\\/\\\/hotta.eu\\\/lv\\\/shop\\\/mr-twister-jelly-beans-challenge\\\/#primaryimage\",\"url\":\"https:\\\/\\\/hotta.eu\\\/wp-content\\\/uploads\\\/2024\\\/10\\\/hot-chip-mr-twister-1.jpg\",\"contentUrl\":\"https:\\\/\\\/hotta.eu\\\/wp-content\\\/uploads\\\/2024\\\/10\\\/hot-chip-mr-twister-1.jpg\",\"width\":800,\"height\":800},{\"@type\":\"BreadcrumbList\",\"@id\":\"https:\\\/\\\/hotta.eu\\\/lv\\\/shop\\\/mr-twister-jelly-beans-challenge\\\/#breadcrumb\",\"itemListElement\":[{\"@type\":\"ListItem\",\"position\":1,\"name\":\"S\u0101kums\",\"item\":\"https:\\\/\\\/hotta.eu\\\/lv\\\/sakumlapa\\\/\"},{\"@type\":\"ListItem\",\"position\":2,\"name\":\"Veikals\",\"item\":\"https:\\\/\\\/hotta.eu\\\/lv\\\/shop\\\/\"},{\"@type\":\"ListItem\",\"position\":3,\"name\":\"Mr. Twister Jelly Beans Challenge\"}]},{\"@type\":\"WebSite\",\"@id\":\"https:\\\/\\\/hotta.eu\\\/lv\\\/#website\",\"url\":\"https:\\\/\\\/hotta.eu\\\/lv\\\/\",\"name\":\"Hotta\",\"description\":\"Makes your mouth burn a lotta!\",\"publisher\":{\"@id\":\"https:\\\/\\\/hotta.eu\\\/lv\\\/#organization\"},\"potentialAction\":[{\"@type\":\"SearchAction\",\"target\":{\"@type\":\"EntryPoint\",\"urlTemplate\":\"https:\\\/\\\/hotta.eu\\\/lv\\\/?s={search_term_string}\"},\"query-input\":{\"@type\":\"PropertyValueSpecification\",\"valueRequired\":true,\"valueName\":\"search_term_string\"}}],\"inLanguage\":\"lv-LV\"},{\"@type\":\"Organization\",\"@id\":\"https:\\\/\\\/hotta.eu\\\/lv\\\/#organization\",\"name\":\"Hotta\",\"url\":\"https:\\\/\\\/hotta.eu\\\/lv\\\/\",\"logo\":{\"@type\":\"ImageObject\",\"inLanguage\":\"lv-LV\",\"@id\":\"https:\\\/\\\/hotta.eu\\\/lv\\\/#\\\/schema\\\/logo\\\/image\\\/\",\"url\":\"https:\\\/\\\/hotta.eu\\\/wp-content\\\/uploads\\\/2025\\\/04\\\/hotta-logo-invoice.png\",\"contentUrl\":\"https:\\\/\\\/hotta.eu\\\/wp-content\\\/uploads\\\/2025\\\/04\\\/hotta-logo-invoice.png\",\"width\":600,\"height\":411,\"caption\":\"Hotta\"},\"image\":{\"@id\":\"https:\\\/\\\/hotta.eu\\\/lv\\\/#\\\/schema\\\/logo\\\/image\\\/\"},\"sameAs\":[\"https:\\\/\\\/www.facebook.com\\\/hotta.eu\",\"https:\\\/\\\/x.com\\\/hottashop\",\"https:\\\/\\\/www.instagram.com\\\/hotta.shop\"]}]}<\/script>\n<!-- \/ Yoast SEO plugin. -->","yoast_head_json":{"title":"Mr. Twister Jelly Beans Challenge - Hotta","description":"Mr. Twister ir aizraujo\u0161s \u017eelejas pupi\u0146u izaicin\u0101jums, l\u012bdz\u012bgs daudziem paz\u012bstamajam Jelly Belly BeanBoozled izaicin\u0101jumam, ta\u010du ar Carolina Reaper \u010dili!","robots":{"index":"index","follow":"follow","max-snippet":"max-snippet:-1","max-image-preview":"max-image-preview:large","max-video-preview":"max-video-preview:-1"},"canonical":"https:\/\/hotta.eu\/lv\/shop\/mr-twister-jelly-beans-challenge\/","og_locale":"lv_LV","og_type":"article","og_title":"Mr. Twister Jelly Beans Challenge - Hotta","og_description":"Mr. Twister ir aizraujo\u0161s \u017eelejas pupi\u0146u izaicin\u0101jums, l\u012bdz\u012bgs daudziem paz\u012bstamajam Jelly Belly BeanBoozled izaicin\u0101jumam, ta\u010du ar Carolina Reaper \u010dili!","og_url":"https:\/\/hotta.eu\/lv\/shop\/mr-twister-jelly-beans-challenge\/","og_site_name":"Hotta","article_publisher":"https:\/\/www.facebook.com\/hotta.eu","article_modified_time":"2026-01-22T15:05:06+00:00","og_image":[{"width":800,"height":800,"url":"https:\/\/hotta.eu\/wp-content\/uploads\/2024\/10\/hot-chip-mr-twister-1.jpg","type":"image\/jpeg"}],"twitter_card":"summary_large_image","twitter_site":"@hottashop","twitter_misc":{"Est. reading time":"1 minute"},"schema":{"@context":"https:\/\/schema.org","@graph":[{"@type":"WebPage","@id":"https:\/\/hotta.eu\/lv\/shop\/mr-twister-jelly-beans-challenge\/","url":"https:\/\/hotta.eu\/lv\/shop\/mr-twister-jelly-beans-challenge\/","name":"Mr. Twister Jelly Beans Challenge - Hotta","isPartOf":{"@id":"https:\/\/hotta.eu\/lv\/#website"},"primaryImageOfPage":{"@id":"https:\/\/hotta.eu\/lv\/shop\/mr-twister-jelly-beans-challenge\/#primaryimage"},"image":{"@id":"https:\/\/hotta.eu\/lv\/shop\/mr-twister-jelly-beans-challenge\/#primaryimage"},"thumbnailUrl":"https:\/\/hotta.eu\/wp-content\/uploads\/2024\/10\/hot-chip-mr-twister-1.jpg","datePublished":"2024-10-04T22:18:37+00:00","dateModified":"2026-01-22T15:05:06+00:00","description":"Mr. Twister ir aizraujo\u0161s \u017eelejas pupi\u0146u izaicin\u0101jums, l\u012bdz\u012bgs daudziem paz\u012bstamajam Jelly Belly BeanBoozled izaicin\u0101jumam, ta\u010du ar Carolina Reaper \u010dili!","breadcrumb":{"@id":"https:\/\/hotta.eu\/lv\/shop\/mr-twister-jelly-beans-challenge\/#breadcrumb"},"inLanguage":"lv-LV","potentialAction":[{"@type":"ReadAction","target":["https:\/\/hotta.eu\/lv\/shop\/mr-twister-jelly-beans-challenge\/"]}]},{"@type":"ImageObject","inLanguage":"lv-LV","@id":"https:\/\/hotta.eu\/lv\/shop\/mr-twister-jelly-beans-challenge\/#primaryimage","url":"https:\/\/hotta.eu\/wp-content\/uploads\/2024\/10\/hot-chip-mr-twister-1.jpg","contentUrl":"https:\/\/hotta.eu\/wp-content\/uploads\/2024\/10\/hot-chip-mr-twister-1.jpg","width":800,"height":800},{"@type":"BreadcrumbList","@id":"https:\/\/hotta.eu\/lv\/shop\/mr-twister-jelly-beans-challenge\/#breadcrumb","itemListElement":[{"@type":"ListItem","position":1,"name":"S\u0101kums","item":"https:\/\/hotta.eu\/lv\/sakumlapa\/"},{"@type":"ListItem","position":2,"name":"Veikals","item":"https:\/\/hotta.eu\/lv\/shop\/"},{"@type":"ListItem","position":3,"name":"Mr. Twister Jelly Beans Challenge"}]},{"@type":"WebSite","@id":"https:\/\/hotta.eu\/lv\/#website","url":"https:\/\/hotta.eu\/lv\/","name":"Hotta","description":"Makes your mouth burn a lotta!","publisher":{"@id":"https:\/\/hotta.eu\/lv\/#organization"},"potentialAction":[{"@type":"SearchAction","target":{"@type":"EntryPoint","urlTemplate":"https:\/\/hotta.eu\/lv\/?s={search_term_string}"},"query-input":{"@type":"PropertyValueSpecification","valueRequired":true,"valueName":"search_term_string"}}],"inLanguage":"lv-LV"},{"@type":"Organization","@id":"https:\/\/hotta.eu\/lv\/#organization","name":"Hotta","url":"https:\/\/hotta.eu\/lv\/","logo":{"@type":"ImageObject","inLanguage":"lv-LV","@id":"https:\/\/hotta.eu\/lv\/#\/schema\/logo\/image\/","url":"https:\/\/hotta.eu\/wp-content\/uploads\/2025\/04\/hotta-logo-invoice.png","contentUrl":"https:\/\/hotta.eu\/wp-content\/uploads\/2025\/04\/hotta-logo-invoice.png","width":600,"height":411,"caption":"Hotta"},"image":{"@id":"https:\/\/hotta.eu\/lv\/#\/schema\/logo\/image\/"},"sameAs":["https:\/\/www.facebook.com\/hotta.eu","https:\/\/x.com\/hottashop","https:\/\/www.instagram.com\/hotta.shop"]}]}},"jetpack_sharing_enabled":true,"_links":{"self":[{"href":"https:\/\/hotta.eu\/lv\/wp-json\/wp\/v2\/product\/20320","targetHints":{"allow":["GET"]}}],"collection":[{"href":"https:\/\/hotta.eu\/lv\/wp-json\/wp\/v2\/product"}],"about":[{"href":"https:\/\/hotta.eu\/lv\/wp-json\/wp\/v2\/types\/product"}],"replies":[{"embeddable":true,"href":"https:\/\/hotta.eu\/lv\/wp-json\/wp\/v2\/comments?post=20320"}],"wp:featuredmedia":[{"embeddable":true,"href":"https:\/\/hotta.eu\/lv\/wp-json\/wp\/v2\/media\/20330"}],"wp:attachment":[{"href":"https:\/\/hotta.eu\/lv\/wp-json\/wp\/v2\/media?parent=20320"}],"wp:term":[{"taxonomy":"product_cat","embeddable":true,"href":"https:\/\/hotta.eu\/lv\/wp-json\/wp\/v2\/product_cat?post=20320"},{"taxonomy":"product_tag","embeddable":true,"href":"https:\/\/hotta.eu\/lv\/wp-json\/wp\/v2\/product_tag?post=20320"},{"taxonomy":"giftcard-category","embeddable":true,"href":"https:\/\/hotta.eu\/lv\/wp-json\/wp\/v2\/giftcard-category?post=20320"}],"curies":[{"name":"wp","href":"https:\/\/api.w.org\/{rel}","templated":true}]}}