{"id":20525,"date":"2024-10-27T17:03:27","date_gmt":"2024-10-27T15:03:27","guid":{"rendered":"https:\/\/hotta.eu\/?post_type=product&#038;p=20525"},"modified":"2025-08-08T10:48:15","modified_gmt":"2025-08-08T08:48:15","slug":"cajun-spice-seasoning","status":"publish","type":"product","link":"https:\/\/hotta.eu\/lv\/shop\/cajun-spice-seasoning\/","title":{"rendered":"Cajun Spice Seasoning"},"content":{"rendered":"<p>S<strong>ast\u0101vs<\/strong><br \/>\nPaprika, s\u0101ls, melnie pipari, kaj\u0113nas pipari, s\u012bpoli, oregano, \u0137iploki, timi\u0101ns.<\/p>\n<p><strong>Der\u012bguma termi\u0146\u0161 un uzglab\u0101\u0161ana<\/strong><br \/>\nUz iepakojuma nor\u0101d\u012btais der\u012bguma termi\u0146\u0161 attiecas uz neatv\u0113rtiem produktiem.<\/p>\n","protected":false},"excerpt":{"rendered":"<p>Univers\u0101la gar\u0161viela ar dab\u012bg\u0101m sast\u0101vda\u013c\u0101m no Wiltshire Chilli Farm, Apvienot\u0101 Karaliste. \u012apa\u0161i labi sader ar vistas, zivju un d\u0101rze\u0146u \u0113dieniem. <a href=\"https:\/\/justchillies.co.uk\/blog\/\">P\u0101rbaudiet ar\u012b recep\u0161u bibliot\u0113ku!<\/a><\/p>\n<p style=\"text-align: center;\"><strong>Fearless Flavour Seasonings<\/strong><\/p>\n<p><img decoding=\"async\" class=\"wp-image-20409 size-full aligncenter\" src=\"https:\/\/hotta.eu\/wp-content\/uploads\/2024\/10\/wiltshire-labels.png\" alt=\"\" width=\"300\" height=\"88\" srcset=\"https:\/\/hotta.eu\/wp-content\/uploads\/2024\/10\/wiltshire-labels.png 300w, https:\/\/hotta.eu\/wp-content\/uploads\/2024\/10\/wiltshire-labels-231x68.png 231w\" sizes=\"(max-width: 300px) 100vw, 300px\" \/><br \/>\n[ywcwtl_form product_id=\"\"]<\/p>\n","protected":false},"featured_media":20423,"comment_status":"open","ping_status":"closed","template":"","meta":[],"product_cat":[932],"product_tag":[],"giftcard-category":[],"class_list":{"0":"post-20525","1":"product","2":"type-product","3":"status-publish","4":"has-post-thumbnail","6":"product_cat-citi","7":"pa_brand-wiltshire-chilli-farm-lv","9":"first","10":"outofstock","11":"sale","12":"taxable","13":"shipping-taxable","14":"purchasable","15":"product-type-simple"},"yoast_head":"<!-- This site is optimized with the Yoast SEO plugin v27.4 - https:\/\/yoast.com\/product\/yoast-seo-wordpress\/ -->\n<title>Cajun Spice Seasoning - Hotta<\/title>\n<meta name=\"description\" content=\"Univers\u0101la gar\u0161viela ar dab\u012bg\u0101m sast\u0101vda\u013c\u0101m no Wiltshire Chilli Farm, Apvienot\u0101 Karaliste. \u012apa\u0161i labi sader ar vistas ga\u013cu un ziv\u012bm.\" \/>\n<meta name=\"robots\" content=\"index, follow, max-snippet:-1, max-image-preview:large, max-video-preview:-1\" \/>\n<link rel=\"canonical\" href=\"https:\/\/hotta.eu\/lv\/shop\/cajun-spice-seasoning\/\" \/>\n<meta property=\"og:locale\" content=\"lv_LV\" \/>\n<meta property=\"og:type\" content=\"article\" \/>\n<meta property=\"og:title\" content=\"Cajun Spice Seasoning - Hotta\" \/>\n<meta property=\"og:description\" content=\"Univers\u0101la gar\u0161viela ar dab\u012bg\u0101m sast\u0101vda\u013c\u0101m no Wiltshire Chilli Farm, Apvienot\u0101 Karaliste. \u012apa\u0161i labi sader ar vistas ga\u013cu un ziv\u012bm.\" \/>\n<meta property=\"og:url\" content=\"https:\/\/hotta.eu\/lv\/shop\/cajun-spice-seasoning\/\" \/>\n<meta property=\"og:site_name\" content=\"Hotta\" \/>\n<meta property=\"article:publisher\" content=\"https:\/\/www.facebook.com\/hotta.eu\" \/>\n<meta property=\"article:modified_time\" content=\"2025-08-08T08:48:15+00:00\" \/>\n<meta property=\"og:image\" content=\"https:\/\/hotta.eu\/wp-content\/uploads\/2024\/10\/Cajun-Spice.png\" \/>\n\t<meta property=\"og:image:width\" content=\"800\" \/>\n\t<meta property=\"og:image:height\" content=\"800\" \/>\n\t<meta property=\"og:image:type\" content=\"image\/png\" \/>\n<meta name=\"twitter:card\" content=\"summary_large_image\" \/>\n<meta name=\"twitter:site\" content=\"@hottashop\" \/>\n<meta name=\"twitter:label1\" content=\"Est. reading time\" \/>\n\t<meta name=\"twitter:data1\" content=\"1 minute\" \/>\n<script type=\"application\/ld+json\" class=\"yoast-schema-graph\">{\"@context\":\"https:\\\/\\\/schema.org\",\"@graph\":[{\"@type\":\"WebPage\",\"@id\":\"https:\\\/\\\/hotta.eu\\\/lv\\\/shop\\\/cajun-spice-seasoning\\\/\",\"url\":\"https:\\\/\\\/hotta.eu\\\/lv\\\/shop\\\/cajun-spice-seasoning\\\/\",\"name\":\"Cajun Spice Seasoning - Hotta\",\"isPartOf\":{\"@id\":\"https:\\\/\\\/hotta.eu\\\/lv\\\/#website\"},\"primaryImageOfPage\":{\"@id\":\"https:\\\/\\\/hotta.eu\\\/lv\\\/shop\\\/cajun-spice-seasoning\\\/#primaryimage\"},\"image\":{\"@id\":\"https:\\\/\\\/hotta.eu\\\/lv\\\/shop\\\/cajun-spice-seasoning\\\/#primaryimage\"},\"thumbnailUrl\":\"https:\\\/\\\/hotta.eu\\\/wp-content\\\/uploads\\\/2024\\\/10\\\/Cajun-Spice.png\",\"datePublished\":\"2024-10-27T15:03:27+00:00\",\"dateModified\":\"2025-08-08T08:48:15+00:00\",\"description\":\"Univers\u0101la gar\u0161viela ar dab\u012bg\u0101m sast\u0101vda\u013c\u0101m no Wiltshire Chilli Farm, Apvienot\u0101 Karaliste. \u012apa\u0161i labi sader ar vistas ga\u013cu un ziv\u012bm.\",\"breadcrumb\":{\"@id\":\"https:\\\/\\\/hotta.eu\\\/lv\\\/shop\\\/cajun-spice-seasoning\\\/#breadcrumb\"},\"inLanguage\":\"lv-LV\",\"potentialAction\":[{\"@type\":\"ReadAction\",\"target\":[\"https:\\\/\\\/hotta.eu\\\/lv\\\/shop\\\/cajun-spice-seasoning\\\/\"]}]},{\"@type\":\"ImageObject\",\"inLanguage\":\"lv-LV\",\"@id\":\"https:\\\/\\\/hotta.eu\\\/lv\\\/shop\\\/cajun-spice-seasoning\\\/#primaryimage\",\"url\":\"https:\\\/\\\/hotta.eu\\\/wp-content\\\/uploads\\\/2024\\\/10\\\/Cajun-Spice.png\",\"contentUrl\":\"https:\\\/\\\/hotta.eu\\\/wp-content\\\/uploads\\\/2024\\\/10\\\/Cajun-Spice.png\",\"width\":800,\"height\":800},{\"@type\":\"BreadcrumbList\",\"@id\":\"https:\\\/\\\/hotta.eu\\\/lv\\\/shop\\\/cajun-spice-seasoning\\\/#breadcrumb\",\"itemListElement\":[{\"@type\":\"ListItem\",\"position\":1,\"name\":\"S\u0101kums\",\"item\":\"https:\\\/\\\/hotta.eu\\\/lv\\\/sakumlapa\\\/\"},{\"@type\":\"ListItem\",\"position\":2,\"name\":\"Veikals\",\"item\":\"https:\\\/\\\/hotta.eu\\\/lv\\\/shop\\\/\"},{\"@type\":\"ListItem\",\"position\":3,\"name\":\"Cajun Spice Seasoning\"}]},{\"@type\":\"WebSite\",\"@id\":\"https:\\\/\\\/hotta.eu\\\/lv\\\/#website\",\"url\":\"https:\\\/\\\/hotta.eu\\\/lv\\\/\",\"name\":\"Hotta\",\"description\":\"Makes your mouth burn a lotta!\",\"publisher\":{\"@id\":\"https:\\\/\\\/hotta.eu\\\/lv\\\/#organization\"},\"potentialAction\":[{\"@type\":\"SearchAction\",\"target\":{\"@type\":\"EntryPoint\",\"urlTemplate\":\"https:\\\/\\\/hotta.eu\\\/lv\\\/?s={search_term_string}\"},\"query-input\":{\"@type\":\"PropertyValueSpecification\",\"valueRequired\":true,\"valueName\":\"search_term_string\"}}],\"inLanguage\":\"lv-LV\"},{\"@type\":\"Organization\",\"@id\":\"https:\\\/\\\/hotta.eu\\\/lv\\\/#organization\",\"name\":\"Hotta\",\"url\":\"https:\\\/\\\/hotta.eu\\\/lv\\\/\",\"logo\":{\"@type\":\"ImageObject\",\"inLanguage\":\"lv-LV\",\"@id\":\"https:\\\/\\\/hotta.eu\\\/lv\\\/#\\\/schema\\\/logo\\\/image\\\/\",\"url\":\"https:\\\/\\\/hotta.eu\\\/wp-content\\\/uploads\\\/2025\\\/04\\\/hotta-logo-invoice.png\",\"contentUrl\":\"https:\\\/\\\/hotta.eu\\\/wp-content\\\/uploads\\\/2025\\\/04\\\/hotta-logo-invoice.png\",\"width\":600,\"height\":411,\"caption\":\"Hotta\"},\"image\":{\"@id\":\"https:\\\/\\\/hotta.eu\\\/lv\\\/#\\\/schema\\\/logo\\\/image\\\/\"},\"sameAs\":[\"https:\\\/\\\/www.facebook.com\\\/hotta.eu\",\"https:\\\/\\\/x.com\\\/hottashop\",\"https:\\\/\\\/www.instagram.com\\\/hotta.shop\"]}]}<\/script>\n<!-- \/ Yoast SEO plugin. -->","yoast_head_json":{"title":"Cajun Spice Seasoning - Hotta","description":"Univers\u0101la gar\u0161viela ar dab\u012bg\u0101m sast\u0101vda\u013c\u0101m no Wiltshire Chilli Farm, Apvienot\u0101 Karaliste. \u012apa\u0161i labi sader ar vistas ga\u013cu un ziv\u012bm.","robots":{"index":"index","follow":"follow","max-snippet":"max-snippet:-1","max-image-preview":"max-image-preview:large","max-video-preview":"max-video-preview:-1"},"canonical":"https:\/\/hotta.eu\/lv\/shop\/cajun-spice-seasoning\/","og_locale":"lv_LV","og_type":"article","og_title":"Cajun Spice Seasoning - Hotta","og_description":"Univers\u0101la gar\u0161viela ar dab\u012bg\u0101m sast\u0101vda\u013c\u0101m no Wiltshire Chilli Farm, Apvienot\u0101 Karaliste. \u012apa\u0161i labi sader ar vistas ga\u013cu un ziv\u012bm.","og_url":"https:\/\/hotta.eu\/lv\/shop\/cajun-spice-seasoning\/","og_site_name":"Hotta","article_publisher":"https:\/\/www.facebook.com\/hotta.eu","article_modified_time":"2025-08-08T08:48:15+00:00","og_image":[{"width":800,"height":800,"url":"https:\/\/hotta.eu\/wp-content\/uploads\/2024\/10\/Cajun-Spice.png","type":"image\/png"}],"twitter_card":"summary_large_image","twitter_site":"@hottashop","twitter_misc":{"Est. reading time":"1 minute"},"schema":{"@context":"https:\/\/schema.org","@graph":[{"@type":"WebPage","@id":"https:\/\/hotta.eu\/lv\/shop\/cajun-spice-seasoning\/","url":"https:\/\/hotta.eu\/lv\/shop\/cajun-spice-seasoning\/","name":"Cajun Spice Seasoning - Hotta","isPartOf":{"@id":"https:\/\/hotta.eu\/lv\/#website"},"primaryImageOfPage":{"@id":"https:\/\/hotta.eu\/lv\/shop\/cajun-spice-seasoning\/#primaryimage"},"image":{"@id":"https:\/\/hotta.eu\/lv\/shop\/cajun-spice-seasoning\/#primaryimage"},"thumbnailUrl":"https:\/\/hotta.eu\/wp-content\/uploads\/2024\/10\/Cajun-Spice.png","datePublished":"2024-10-27T15:03:27+00:00","dateModified":"2025-08-08T08:48:15+00:00","description":"Univers\u0101la gar\u0161viela ar dab\u012bg\u0101m sast\u0101vda\u013c\u0101m no Wiltshire Chilli Farm, Apvienot\u0101 Karaliste. \u012apa\u0161i labi sader ar vistas ga\u013cu un ziv\u012bm.","breadcrumb":{"@id":"https:\/\/hotta.eu\/lv\/shop\/cajun-spice-seasoning\/#breadcrumb"},"inLanguage":"lv-LV","potentialAction":[{"@type":"ReadAction","target":["https:\/\/hotta.eu\/lv\/shop\/cajun-spice-seasoning\/"]}]},{"@type":"ImageObject","inLanguage":"lv-LV","@id":"https:\/\/hotta.eu\/lv\/shop\/cajun-spice-seasoning\/#primaryimage","url":"https:\/\/hotta.eu\/wp-content\/uploads\/2024\/10\/Cajun-Spice.png","contentUrl":"https:\/\/hotta.eu\/wp-content\/uploads\/2024\/10\/Cajun-Spice.png","width":800,"height":800},{"@type":"BreadcrumbList","@id":"https:\/\/hotta.eu\/lv\/shop\/cajun-spice-seasoning\/#breadcrumb","itemListElement":[{"@type":"ListItem","position":1,"name":"S\u0101kums","item":"https:\/\/hotta.eu\/lv\/sakumlapa\/"},{"@type":"ListItem","position":2,"name":"Veikals","item":"https:\/\/hotta.eu\/lv\/shop\/"},{"@type":"ListItem","position":3,"name":"Cajun Spice Seasoning"}]},{"@type":"WebSite","@id":"https:\/\/hotta.eu\/lv\/#website","url":"https:\/\/hotta.eu\/lv\/","name":"Hotta","description":"Makes your mouth burn a lotta!","publisher":{"@id":"https:\/\/hotta.eu\/lv\/#organization"},"potentialAction":[{"@type":"SearchAction","target":{"@type":"EntryPoint","urlTemplate":"https:\/\/hotta.eu\/lv\/?s={search_term_string}"},"query-input":{"@type":"PropertyValueSpecification","valueRequired":true,"valueName":"search_term_string"}}],"inLanguage":"lv-LV"},{"@type":"Organization","@id":"https:\/\/hotta.eu\/lv\/#organization","name":"Hotta","url":"https:\/\/hotta.eu\/lv\/","logo":{"@type":"ImageObject","inLanguage":"lv-LV","@id":"https:\/\/hotta.eu\/lv\/#\/schema\/logo\/image\/","url":"https:\/\/hotta.eu\/wp-content\/uploads\/2025\/04\/hotta-logo-invoice.png","contentUrl":"https:\/\/hotta.eu\/wp-content\/uploads\/2025\/04\/hotta-logo-invoice.png","width":600,"height":411,"caption":"Hotta"},"image":{"@id":"https:\/\/hotta.eu\/lv\/#\/schema\/logo\/image\/"},"sameAs":["https:\/\/www.facebook.com\/hotta.eu","https:\/\/x.com\/hottashop","https:\/\/www.instagram.com\/hotta.shop"]}]}},"jetpack_sharing_enabled":true,"_links":{"self":[{"href":"https:\/\/hotta.eu\/lv\/wp-json\/wp\/v2\/product\/20525","targetHints":{"allow":["GET"]}}],"collection":[{"href":"https:\/\/hotta.eu\/lv\/wp-json\/wp\/v2\/product"}],"about":[{"href":"https:\/\/hotta.eu\/lv\/wp-json\/wp\/v2\/types\/product"}],"replies":[{"embeddable":true,"href":"https:\/\/hotta.eu\/lv\/wp-json\/wp\/v2\/comments?post=20525"}],"wp:featuredmedia":[{"embeddable":true,"href":"https:\/\/hotta.eu\/lv\/wp-json\/wp\/v2\/media\/20423"}],"wp:attachment":[{"href":"https:\/\/hotta.eu\/lv\/wp-json\/wp\/v2\/media?parent=20525"}],"wp:term":[{"taxonomy":"product_cat","embeddable":true,"href":"https:\/\/hotta.eu\/lv\/wp-json\/wp\/v2\/product_cat?post=20525"},{"taxonomy":"product_tag","embeddable":true,"href":"https:\/\/hotta.eu\/lv\/wp-json\/wp\/v2\/product_tag?post=20525"},{"taxonomy":"giftcard-category","embeddable":true,"href":"https:\/\/hotta.eu\/lv\/wp-json\/wp\/v2\/giftcard-category?post=20525"}],"curies":[{"name":"wp","href":"https:\/\/api.w.org\/{rel}","templated":true}]}}