{"id":20731,"date":"2024-11-17T06:41:41","date_gmt":"2024-11-17T04:41:41","guid":{"rendered":"https:\/\/hotta.eu\/?post_type=product&#038;p=20731"},"modified":"2025-03-01T15:08:17","modified_gmt":"2025-03-01T13:08:17","slug":"lays-max-strong-cheese-cayenne","status":"publish","type":"product","link":"https:\/\/hotta.eu\/lv\/shop\/lays-max-strong-cheese-cayenne\/","title":{"rendered":"Lay&#8217;s Max Strong Cheese &#038; Cayenne"},"content":{"rendered":"<p>S<strong>ast\u0101vda\u013cas<\/strong><br \/>\nKartupe\u013ci, augu e\u013c\u013cas (kukur\u016bzas e\u013c\u013ca, saulespu\u0137u e\u013c\u013ca, rap\u0161u e\u013c\u013ca), aromatiz\u0113t\u0101ji (s\u0101ls,<span style=\"text-decoration: underline;\">piena<\/span> saldo s\u016bkalu pulveris, cukurs), gar\u0161as pastiprin\u0101t\u0101ji (n\u0101trija glutam\u0101ts), monon\u0101trija glutam\u0101ts, din\u0101trija guanil\u0101ts, din\u0101trija inozitol\u0101ts, aromatiz\u0113t\u0101ji (satur <span style=\"text-decoration: underline;\">pienu<\/span>), kaj\u0113nas pipari, s\u012bpoli, citronsk\u0101be, \u0137iploki, k\u0101lija hlor\u012bds, melnie pipari, piena tauki.<\/p>\n<p><strong>Uzturv\u0113rt\u012bba (100 g)<br \/>\n<\/strong>Ener\u0123ija 537 kcal (2239 kJ), tauki 32 g (no tiem pies\u0101tin\u0101tie 4,1 g), og\u013chidr\u0101ti 53 g (no tiem cukurs 1,9 g), olbaltumvielas 6,3 g, s\u0101ls 1,6 g.<\/p>\n","protected":false},"excerpt":{"rendered":"<p>Siera un Kaj\u0113nas piparu gar\u0161as kartupe\u013cu \u010dipsi no Lay\u2019s<br \/>\n[ywcwtl_form product_id=\"\"]<\/p>\n","protected":false},"featured_media":20751,"comment_status":"open","ping_status":"closed","template":"","meta":[],"product_cat":[938],"product_tag":[],"giftcard-category":[],"class_list":{"0":"post-20731","1":"product","2":"type-product","3":"status-publish","4":"has-post-thumbnail","6":"product_cat-uzkodas","7":"pa_brand-lays-lv","9":"first","10":"outofstock","11":"taxable","12":"shipping-taxable","13":"purchasable","14":"product-type-simple"},"yoast_head":"<!-- This site is optimized with the Yoast SEO plugin v27.3 - https:\/\/yoast.com\/product\/yoast-seo-wordpress\/ -->\n<title>Lay&#039;s Max Strong Cheese &amp; Cayenne - Hotta<\/title>\n<meta name=\"description\" content=\"Lay\u2019s Max Strong siera un Kaj\u0113nas piparu gar\u0161as kartupe\u013cu \u010dipsi. Pat\u012bkami pikanta un siera gar\u0161as uzkoda, lieliski piem\u0113rota filmu vakariem vai vienk\u0101r\u0161i uzkod\u0101m!\" \/>\n<meta name=\"robots\" content=\"index, follow, max-snippet:-1, max-image-preview:large, max-video-preview:-1\" \/>\n<link rel=\"canonical\" href=\"https:\/\/hotta.eu\/lv\/shop\/lays-max-strong-cheese-cayenne\/\" \/>\n<meta property=\"og:locale\" content=\"lv_LV\" \/>\n<meta property=\"og:type\" content=\"article\" \/>\n<meta property=\"og:title\" content=\"Lay&#039;s Max Strong Cheese &amp; Cayenne - Hotta\" \/>\n<meta property=\"og:description\" content=\"Lay\u2019s Max Strong siera un Kaj\u0113nas piparu gar\u0161as kartupe\u013cu \u010dipsi. Pat\u012bkami pikanta un siera gar\u0161as uzkoda, lieliski piem\u0113rota filmu vakariem vai vienk\u0101r\u0161i uzkod\u0101m!\" \/>\n<meta property=\"og:url\" content=\"https:\/\/hotta.eu\/lv\/shop\/lays-max-strong-cheese-cayenne\/\" \/>\n<meta property=\"og:site_name\" content=\"Hotta\" \/>\n<meta property=\"article:publisher\" content=\"https:\/\/www.facebook.com\/hotta.eu\" \/>\n<meta property=\"article:modified_time\" content=\"2025-03-01T13:08:17+00:00\" \/>\n<meta property=\"og:image\" content=\"https:\/\/hotta.eu\/wp-content\/uploads\/2024\/11\/lays-max-cheese-cayenne.jpg\" \/>\n\t<meta property=\"og:image:width\" content=\"1000\" \/>\n\t<meta property=\"og:image:height\" content=\"1000\" \/>\n\t<meta property=\"og:image:type\" content=\"image\/jpeg\" \/>\n<meta name=\"twitter:card\" content=\"summary_large_image\" \/>\n<meta name=\"twitter:site\" content=\"@hottashop\" \/>\n<meta name=\"twitter:label1\" content=\"Est. reading time\" \/>\n\t<meta name=\"twitter:data1\" content=\"1 minute\" \/>\n<script type=\"application\/ld+json\" class=\"yoast-schema-graph\">{\"@context\":\"https:\\\/\\\/schema.org\",\"@graph\":[{\"@type\":\"WebPage\",\"@id\":\"https:\\\/\\\/hotta.eu\\\/lv\\\/shop\\\/lays-max-strong-cheese-cayenne\\\/\",\"url\":\"https:\\\/\\\/hotta.eu\\\/lv\\\/shop\\\/lays-max-strong-cheese-cayenne\\\/\",\"name\":\"Lay's Max Strong Cheese & Cayenne - Hotta\",\"isPartOf\":{\"@id\":\"https:\\\/\\\/hotta.eu\\\/lv\\\/#website\"},\"primaryImageOfPage\":{\"@id\":\"https:\\\/\\\/hotta.eu\\\/lv\\\/shop\\\/lays-max-strong-cheese-cayenne\\\/#primaryimage\"},\"image\":{\"@id\":\"https:\\\/\\\/hotta.eu\\\/lv\\\/shop\\\/lays-max-strong-cheese-cayenne\\\/#primaryimage\"},\"thumbnailUrl\":\"https:\\\/\\\/hotta.eu\\\/wp-content\\\/uploads\\\/2024\\\/11\\\/lays-max-cheese-cayenne.jpg\",\"datePublished\":\"2024-11-17T04:41:41+00:00\",\"dateModified\":\"2025-03-01T13:08:17+00:00\",\"description\":\"Lay\u2019s Max Strong siera un Kaj\u0113nas piparu gar\u0161as kartupe\u013cu \u010dipsi. Pat\u012bkami pikanta un siera gar\u0161as uzkoda, lieliski piem\u0113rota filmu vakariem vai vienk\u0101r\u0161i uzkod\u0101m!\",\"breadcrumb\":{\"@id\":\"https:\\\/\\\/hotta.eu\\\/lv\\\/shop\\\/lays-max-strong-cheese-cayenne\\\/#breadcrumb\"},\"inLanguage\":\"lv-LV\",\"potentialAction\":[{\"@type\":\"ReadAction\",\"target\":[\"https:\\\/\\\/hotta.eu\\\/lv\\\/shop\\\/lays-max-strong-cheese-cayenne\\\/\"]}]},{\"@type\":\"ImageObject\",\"inLanguage\":\"lv-LV\",\"@id\":\"https:\\\/\\\/hotta.eu\\\/lv\\\/shop\\\/lays-max-strong-cheese-cayenne\\\/#primaryimage\",\"url\":\"https:\\\/\\\/hotta.eu\\\/wp-content\\\/uploads\\\/2024\\\/11\\\/lays-max-cheese-cayenne.jpg\",\"contentUrl\":\"https:\\\/\\\/hotta.eu\\\/wp-content\\\/uploads\\\/2024\\\/11\\\/lays-max-cheese-cayenne.jpg\",\"width\":1000,\"height\":1000},{\"@type\":\"BreadcrumbList\",\"@id\":\"https:\\\/\\\/hotta.eu\\\/lv\\\/shop\\\/lays-max-strong-cheese-cayenne\\\/#breadcrumb\",\"itemListElement\":[{\"@type\":\"ListItem\",\"position\":1,\"name\":\"S\u0101kums\",\"item\":\"https:\\\/\\\/hotta.eu\\\/lv\\\/sakumlapa\\\/\"},{\"@type\":\"ListItem\",\"position\":2,\"name\":\"Veikals\",\"item\":\"https:\\\/\\\/hotta.eu\\\/lv\\\/shop\\\/\"},{\"@type\":\"ListItem\",\"position\":3,\"name\":\"Lay&#8217;s Max Strong Cheese &#038; Cayenne\"}]},{\"@type\":\"WebSite\",\"@id\":\"https:\\\/\\\/hotta.eu\\\/lv\\\/#website\",\"url\":\"https:\\\/\\\/hotta.eu\\\/lv\\\/\",\"name\":\"Hotta\",\"description\":\"Makes your mouth burn a lotta!\",\"publisher\":{\"@id\":\"https:\\\/\\\/hotta.eu\\\/lv\\\/#organization\"},\"potentialAction\":[{\"@type\":\"SearchAction\",\"target\":{\"@type\":\"EntryPoint\",\"urlTemplate\":\"https:\\\/\\\/hotta.eu\\\/lv\\\/?s={search_term_string}\"},\"query-input\":{\"@type\":\"PropertyValueSpecification\",\"valueRequired\":true,\"valueName\":\"search_term_string\"}}],\"inLanguage\":\"lv-LV\"},{\"@type\":\"Organization\",\"@id\":\"https:\\\/\\\/hotta.eu\\\/lv\\\/#organization\",\"name\":\"Hotta\",\"url\":\"https:\\\/\\\/hotta.eu\\\/lv\\\/\",\"logo\":{\"@type\":\"ImageObject\",\"inLanguage\":\"lv-LV\",\"@id\":\"https:\\\/\\\/hotta.eu\\\/lv\\\/#\\\/schema\\\/logo\\\/image\\\/\",\"url\":\"https:\\\/\\\/hotta.eu\\\/wp-content\\\/uploads\\\/2025\\\/04\\\/hotta-logo-invoice.png\",\"contentUrl\":\"https:\\\/\\\/hotta.eu\\\/wp-content\\\/uploads\\\/2025\\\/04\\\/hotta-logo-invoice.png\",\"width\":600,\"height\":411,\"caption\":\"Hotta\"},\"image\":{\"@id\":\"https:\\\/\\\/hotta.eu\\\/lv\\\/#\\\/schema\\\/logo\\\/image\\\/\"},\"sameAs\":[\"https:\\\/\\\/www.facebook.com\\\/hotta.eu\",\"https:\\\/\\\/x.com\\\/hottashop\",\"https:\\\/\\\/www.instagram.com\\\/hotta.shop\"]}]}<\/script>\n<!-- \/ Yoast SEO plugin. -->","yoast_head_json":{"title":"Lay's Max Strong Cheese & Cayenne - Hotta","description":"Lay\u2019s Max Strong siera un Kaj\u0113nas piparu gar\u0161as kartupe\u013cu \u010dipsi. Pat\u012bkami pikanta un siera gar\u0161as uzkoda, lieliski piem\u0113rota filmu vakariem vai vienk\u0101r\u0161i uzkod\u0101m!","robots":{"index":"index","follow":"follow","max-snippet":"max-snippet:-1","max-image-preview":"max-image-preview:large","max-video-preview":"max-video-preview:-1"},"canonical":"https:\/\/hotta.eu\/lv\/shop\/lays-max-strong-cheese-cayenne\/","og_locale":"lv_LV","og_type":"article","og_title":"Lay's Max Strong Cheese & Cayenne - Hotta","og_description":"Lay\u2019s Max Strong siera un Kaj\u0113nas piparu gar\u0161as kartupe\u013cu \u010dipsi. Pat\u012bkami pikanta un siera gar\u0161as uzkoda, lieliski piem\u0113rota filmu vakariem vai vienk\u0101r\u0161i uzkod\u0101m!","og_url":"https:\/\/hotta.eu\/lv\/shop\/lays-max-strong-cheese-cayenne\/","og_site_name":"Hotta","article_publisher":"https:\/\/www.facebook.com\/hotta.eu","article_modified_time":"2025-03-01T13:08:17+00:00","og_image":[{"width":1000,"height":1000,"url":"https:\/\/hotta.eu\/wp-content\/uploads\/2024\/11\/lays-max-cheese-cayenne.jpg","type":"image\/jpeg"}],"twitter_card":"summary_large_image","twitter_site":"@hottashop","twitter_misc":{"Est. reading time":"1 minute"},"schema":{"@context":"https:\/\/schema.org","@graph":[{"@type":"WebPage","@id":"https:\/\/hotta.eu\/lv\/shop\/lays-max-strong-cheese-cayenne\/","url":"https:\/\/hotta.eu\/lv\/shop\/lays-max-strong-cheese-cayenne\/","name":"Lay's Max Strong Cheese & Cayenne - Hotta","isPartOf":{"@id":"https:\/\/hotta.eu\/lv\/#website"},"primaryImageOfPage":{"@id":"https:\/\/hotta.eu\/lv\/shop\/lays-max-strong-cheese-cayenne\/#primaryimage"},"image":{"@id":"https:\/\/hotta.eu\/lv\/shop\/lays-max-strong-cheese-cayenne\/#primaryimage"},"thumbnailUrl":"https:\/\/hotta.eu\/wp-content\/uploads\/2024\/11\/lays-max-cheese-cayenne.jpg","datePublished":"2024-11-17T04:41:41+00:00","dateModified":"2025-03-01T13:08:17+00:00","description":"Lay\u2019s Max Strong siera un Kaj\u0113nas piparu gar\u0161as kartupe\u013cu \u010dipsi. Pat\u012bkami pikanta un siera gar\u0161as uzkoda, lieliski piem\u0113rota filmu vakariem vai vienk\u0101r\u0161i uzkod\u0101m!","breadcrumb":{"@id":"https:\/\/hotta.eu\/lv\/shop\/lays-max-strong-cheese-cayenne\/#breadcrumb"},"inLanguage":"lv-LV","potentialAction":[{"@type":"ReadAction","target":["https:\/\/hotta.eu\/lv\/shop\/lays-max-strong-cheese-cayenne\/"]}]},{"@type":"ImageObject","inLanguage":"lv-LV","@id":"https:\/\/hotta.eu\/lv\/shop\/lays-max-strong-cheese-cayenne\/#primaryimage","url":"https:\/\/hotta.eu\/wp-content\/uploads\/2024\/11\/lays-max-cheese-cayenne.jpg","contentUrl":"https:\/\/hotta.eu\/wp-content\/uploads\/2024\/11\/lays-max-cheese-cayenne.jpg","width":1000,"height":1000},{"@type":"BreadcrumbList","@id":"https:\/\/hotta.eu\/lv\/shop\/lays-max-strong-cheese-cayenne\/#breadcrumb","itemListElement":[{"@type":"ListItem","position":1,"name":"S\u0101kums","item":"https:\/\/hotta.eu\/lv\/sakumlapa\/"},{"@type":"ListItem","position":2,"name":"Veikals","item":"https:\/\/hotta.eu\/lv\/shop\/"},{"@type":"ListItem","position":3,"name":"Lay&#8217;s Max Strong Cheese &#038; Cayenne"}]},{"@type":"WebSite","@id":"https:\/\/hotta.eu\/lv\/#website","url":"https:\/\/hotta.eu\/lv\/","name":"Hotta","description":"Makes your mouth burn a lotta!","publisher":{"@id":"https:\/\/hotta.eu\/lv\/#organization"},"potentialAction":[{"@type":"SearchAction","target":{"@type":"EntryPoint","urlTemplate":"https:\/\/hotta.eu\/lv\/?s={search_term_string}"},"query-input":{"@type":"PropertyValueSpecification","valueRequired":true,"valueName":"search_term_string"}}],"inLanguage":"lv-LV"},{"@type":"Organization","@id":"https:\/\/hotta.eu\/lv\/#organization","name":"Hotta","url":"https:\/\/hotta.eu\/lv\/","logo":{"@type":"ImageObject","inLanguage":"lv-LV","@id":"https:\/\/hotta.eu\/lv\/#\/schema\/logo\/image\/","url":"https:\/\/hotta.eu\/wp-content\/uploads\/2025\/04\/hotta-logo-invoice.png","contentUrl":"https:\/\/hotta.eu\/wp-content\/uploads\/2025\/04\/hotta-logo-invoice.png","width":600,"height":411,"caption":"Hotta"},"image":{"@id":"https:\/\/hotta.eu\/lv\/#\/schema\/logo\/image\/"},"sameAs":["https:\/\/www.facebook.com\/hotta.eu","https:\/\/x.com\/hottashop","https:\/\/www.instagram.com\/hotta.shop"]}]}},"jetpack_sharing_enabled":true,"_links":{"self":[{"href":"https:\/\/hotta.eu\/lv\/wp-json\/wp\/v2\/product\/20731","targetHints":{"allow":["GET"]}}],"collection":[{"href":"https:\/\/hotta.eu\/lv\/wp-json\/wp\/v2\/product"}],"about":[{"href":"https:\/\/hotta.eu\/lv\/wp-json\/wp\/v2\/types\/product"}],"replies":[{"embeddable":true,"href":"https:\/\/hotta.eu\/lv\/wp-json\/wp\/v2\/comments?post=20731"}],"wp:featuredmedia":[{"embeddable":true,"href":"https:\/\/hotta.eu\/lv\/wp-json\/wp\/v2\/media\/20751"}],"wp:attachment":[{"href":"https:\/\/hotta.eu\/lv\/wp-json\/wp\/v2\/media?parent=20731"}],"wp:term":[{"taxonomy":"product_cat","embeddable":true,"href":"https:\/\/hotta.eu\/lv\/wp-json\/wp\/v2\/product_cat?post=20731"},{"taxonomy":"product_tag","embeddable":true,"href":"https:\/\/hotta.eu\/lv\/wp-json\/wp\/v2\/product_tag?post=20731"},{"taxonomy":"giftcard-category","embeddable":true,"href":"https:\/\/hotta.eu\/lv\/wp-json\/wp\/v2\/giftcard-category?post=20731"}],"curies":[{"name":"wp","href":"https:\/\/api.w.org\/{rel}","templated":true}]}}