{"id":20769,"date":"2024-11-17T14:20:37","date_gmt":"2024-11-17T12:20:37","guid":{"rendered":"https:\/\/hotta.eu\/?post_type=product&#038;p=20769"},"modified":"2025-03-01T15:07:51","modified_gmt":"2025-03-01T13:07:51","slug":"cheetos-flamin-hot","status":"publish","type":"product","link":"https:\/\/hotta.eu\/lv\/shop\/cheetos-flamin-hot\/","title":{"rendered":"Cheetos Flamin&#8217; Hot"},"content":{"rendered":"<p>S<strong>ast\u0101vs<\/strong><br \/>\nKukur\u016bzas stiebri (71%), rap\u0161u e\u013c\u013ca, cukurs, aromatiz\u0113t\u0101ji, sk\u0101buma regulatori (citronsk\u0101be, \u0101bolsk\u0101be), s\u0101ls, \u0137iploku pulveris, k\u0101lija hlor\u012bds, gar\u0161as pastiprin\u0101t\u0101js (n\u0101trija hidrog\u0113nglutam\u0101ts), s\u012bpolu pulveris, k\u016bpin\u0101ta paprika, jalapeno pulveris, d\u0101rze\u0146u koncentr\u0101ts (red\u012bsi, burk\u0101ni), p\u0101rtikas kr\u0101sviela (paprikas ekstrakts), gar\u0161vielas, k\u016bpin\u0101ts maltodekstr\u012bns, gar\u0161augi, k\u016bpin\u0101ta saulespu\u0137u e\u013c\u013ca.<\/p>\n<p><strong>Uzturv\u0113rt\u012bba (100 g)<br \/>\n<\/strong>Ener\u0123ija 467 kcal (1961 kJ), tauki 19 g (no tiem pies\u0101tin\u0101tie 1,7 g), og\u013chidr\u0101ti 66 g (no tiem cukurs 4,7 g), olbaltumvielas 6,6 g, s\u0101ls 1,1 g.<\/p>\n","protected":false},"excerpt":{"rendered":"<p>\u012apa\u0161i pikantas kukur\u016bzas uzkodas no Cheetos.<br \/>\n[ywcwtl_form product_id=\"\"]<\/p>\n","protected":false},"featured_media":20735,"comment_status":"open","ping_status":"closed","template":"","meta":[],"product_cat":[938],"product_tag":[],"giftcard-category":[],"class_list":{"0":"post-20769","1":"product","2":"type-product","3":"status-publish","4":"has-post-thumbnail","6":"product_cat-uzkodas","7":"pa_brand-cheetos-lv","9":"first","10":"outofstock","11":"taxable","12":"shipping-taxable","13":"purchasable","14":"product-type-simple"},"yoast_head":"<!-- This site is optimized with the Yoast SEO plugin v27.4 - https:\/\/yoast.com\/product\/yoast-seo-wordpress\/ -->\n<title>Cheetos Flamin&#039; Hot - Hotta<\/title>\n<meta name=\"description\" content=\"Cheetos Flamin\u2019 Hot \u012bpa\u0161i pikanti kukur\u016bzas uzkodas. Gar\u0161\u012bga uzkoda, lieliski piem\u0113rota filmu vakariem vai vienk\u0101r\u0161i uzkod\u0101m. Rad\u012bta dal\u012b\u0161anai!\" \/>\n<meta name=\"robots\" content=\"index, follow, max-snippet:-1, max-image-preview:large, max-video-preview:-1\" \/>\n<link rel=\"canonical\" href=\"https:\/\/hotta.eu\/lv\/shop\/cheetos-flamin-hot\/\" \/>\n<meta property=\"og:locale\" content=\"lv_LV\" \/>\n<meta property=\"og:type\" content=\"article\" \/>\n<meta property=\"og:title\" content=\"Cheetos Flamin&#039; Hot - Hotta\" \/>\n<meta property=\"og:description\" content=\"Cheetos Flamin\u2019 Hot \u012bpa\u0161i pikanti kukur\u016bzas uzkodas. Gar\u0161\u012bga uzkoda, lieliski piem\u0113rota filmu vakariem vai vienk\u0101r\u0161i uzkod\u0101m. Rad\u012bta dal\u012b\u0161anai!\" \/>\n<meta property=\"og:url\" content=\"https:\/\/hotta.eu\/lv\/shop\/cheetos-flamin-hot\/\" \/>\n<meta property=\"og:site_name\" content=\"Hotta\" \/>\n<meta property=\"article:publisher\" content=\"https:\/\/www.facebook.com\/hotta.eu\" \/>\n<meta property=\"article:modified_time\" content=\"2025-03-01T13:07:51+00:00\" \/>\n<meta property=\"og:image\" content=\"https:\/\/hotta.eu\/wp-content\/uploads\/2024\/11\/cheetos-flamin-hot.jpg\" \/>\n\t<meta property=\"og:image:width\" content=\"1000\" \/>\n\t<meta property=\"og:image:height\" content=\"1000\" \/>\n\t<meta property=\"og:image:type\" content=\"image\/jpeg\" \/>\n<meta name=\"twitter:card\" content=\"summary_large_image\" \/>\n<meta name=\"twitter:site\" content=\"@hottashop\" \/>\n<meta name=\"twitter:label1\" content=\"Est. reading time\" \/>\n\t<meta name=\"twitter:data1\" content=\"1 minute\" \/>\n<script type=\"application\/ld+json\" class=\"yoast-schema-graph\">{\"@context\":\"https:\\\/\\\/schema.org\",\"@graph\":[{\"@type\":\"WebPage\",\"@id\":\"https:\\\/\\\/hotta.eu\\\/lv\\\/shop\\\/cheetos-flamin-hot\\\/\",\"url\":\"https:\\\/\\\/hotta.eu\\\/lv\\\/shop\\\/cheetos-flamin-hot\\\/\",\"name\":\"Cheetos Flamin' Hot - Hotta\",\"isPartOf\":{\"@id\":\"https:\\\/\\\/hotta.eu\\\/lv\\\/#website\"},\"primaryImageOfPage\":{\"@id\":\"https:\\\/\\\/hotta.eu\\\/lv\\\/shop\\\/cheetos-flamin-hot\\\/#primaryimage\"},\"image\":{\"@id\":\"https:\\\/\\\/hotta.eu\\\/lv\\\/shop\\\/cheetos-flamin-hot\\\/#primaryimage\"},\"thumbnailUrl\":\"https:\\\/\\\/hotta.eu\\\/wp-content\\\/uploads\\\/2024\\\/11\\\/cheetos-flamin-hot.jpg\",\"datePublished\":\"2024-11-17T12:20:37+00:00\",\"dateModified\":\"2025-03-01T13:07:51+00:00\",\"description\":\"Cheetos Flamin\u2019 Hot \u012bpa\u0161i pikanti kukur\u016bzas uzkodas. Gar\u0161\u012bga uzkoda, lieliski piem\u0113rota filmu vakariem vai vienk\u0101r\u0161i uzkod\u0101m. Rad\u012bta dal\u012b\u0161anai!\",\"breadcrumb\":{\"@id\":\"https:\\\/\\\/hotta.eu\\\/lv\\\/shop\\\/cheetos-flamin-hot\\\/#breadcrumb\"},\"inLanguage\":\"lv-LV\",\"potentialAction\":[{\"@type\":\"ReadAction\",\"target\":[\"https:\\\/\\\/hotta.eu\\\/lv\\\/shop\\\/cheetos-flamin-hot\\\/\"]}]},{\"@type\":\"ImageObject\",\"inLanguage\":\"lv-LV\",\"@id\":\"https:\\\/\\\/hotta.eu\\\/lv\\\/shop\\\/cheetos-flamin-hot\\\/#primaryimage\",\"url\":\"https:\\\/\\\/hotta.eu\\\/wp-content\\\/uploads\\\/2024\\\/11\\\/cheetos-flamin-hot.jpg\",\"contentUrl\":\"https:\\\/\\\/hotta.eu\\\/wp-content\\\/uploads\\\/2024\\\/11\\\/cheetos-flamin-hot.jpg\",\"width\":1000,\"height\":1000},{\"@type\":\"BreadcrumbList\",\"@id\":\"https:\\\/\\\/hotta.eu\\\/lv\\\/shop\\\/cheetos-flamin-hot\\\/#breadcrumb\",\"itemListElement\":[{\"@type\":\"ListItem\",\"position\":1,\"name\":\"S\u0101kums\",\"item\":\"https:\\\/\\\/hotta.eu\\\/lv\\\/\"},{\"@type\":\"ListItem\",\"position\":2,\"name\":\"Veikals\",\"item\":\"https:\\\/\\\/hotta.eu\\\/lv\\\/shop\\\/\"},{\"@type\":\"ListItem\",\"position\":3,\"name\":\"Cheetos Flamin&#8217; Hot\"}]},{\"@type\":\"WebSite\",\"@id\":\"https:\\\/\\\/hotta.eu\\\/lv\\\/#website\",\"url\":\"https:\\\/\\\/hotta.eu\\\/lv\\\/\",\"name\":\"Hotta\",\"description\":\"Makes your mouth burn a lotta!\",\"publisher\":{\"@id\":\"https:\\\/\\\/hotta.eu\\\/lv\\\/#organization\"},\"potentialAction\":[{\"@type\":\"SearchAction\",\"target\":{\"@type\":\"EntryPoint\",\"urlTemplate\":\"https:\\\/\\\/hotta.eu\\\/lv\\\/?s={search_term_string}\"},\"query-input\":{\"@type\":\"PropertyValueSpecification\",\"valueRequired\":true,\"valueName\":\"search_term_string\"}}],\"inLanguage\":\"lv-LV\"},{\"@type\":\"Organization\",\"@id\":\"https:\\\/\\\/hotta.eu\\\/lv\\\/#organization\",\"name\":\"Hotta\",\"url\":\"https:\\\/\\\/hotta.eu\\\/lv\\\/\",\"logo\":{\"@type\":\"ImageObject\",\"inLanguage\":\"lv-LV\",\"@id\":\"https:\\\/\\\/hotta.eu\\\/lv\\\/#\\\/schema\\\/logo\\\/image\\\/\",\"url\":\"https:\\\/\\\/hotta.eu\\\/wp-content\\\/uploads\\\/2025\\\/04\\\/hotta-logo-invoice.png\",\"contentUrl\":\"https:\\\/\\\/hotta.eu\\\/wp-content\\\/uploads\\\/2025\\\/04\\\/hotta-logo-invoice.png\",\"width\":600,\"height\":411,\"caption\":\"Hotta\"},\"image\":{\"@id\":\"https:\\\/\\\/hotta.eu\\\/lv\\\/#\\\/schema\\\/logo\\\/image\\\/\"},\"sameAs\":[\"https:\\\/\\\/www.facebook.com\\\/hotta.eu\",\"https:\\\/\\\/x.com\\\/hottashop\",\"https:\\\/\\\/www.instagram.com\\\/hotta.shop\"]}]}<\/script>\n<!-- \/ Yoast SEO plugin. -->","yoast_head_json":{"title":"Cheetos Flamin' Hot - Hotta","description":"Cheetos Flamin\u2019 Hot \u012bpa\u0161i pikanti kukur\u016bzas uzkodas. Gar\u0161\u012bga uzkoda, lieliski piem\u0113rota filmu vakariem vai vienk\u0101r\u0161i uzkod\u0101m. Rad\u012bta dal\u012b\u0161anai!","robots":{"index":"index","follow":"follow","max-snippet":"max-snippet:-1","max-image-preview":"max-image-preview:large","max-video-preview":"max-video-preview:-1"},"canonical":"https:\/\/hotta.eu\/lv\/shop\/cheetos-flamin-hot\/","og_locale":"lv_LV","og_type":"article","og_title":"Cheetos Flamin' Hot - Hotta","og_description":"Cheetos Flamin\u2019 Hot \u012bpa\u0161i pikanti kukur\u016bzas uzkodas. Gar\u0161\u012bga uzkoda, lieliski piem\u0113rota filmu vakariem vai vienk\u0101r\u0161i uzkod\u0101m. Rad\u012bta dal\u012b\u0161anai!","og_url":"https:\/\/hotta.eu\/lv\/shop\/cheetos-flamin-hot\/","og_site_name":"Hotta","article_publisher":"https:\/\/www.facebook.com\/hotta.eu","article_modified_time":"2025-03-01T13:07:51+00:00","og_image":[{"width":1000,"height":1000,"url":"https:\/\/hotta.eu\/wp-content\/uploads\/2024\/11\/cheetos-flamin-hot.jpg","type":"image\/jpeg"}],"twitter_card":"summary_large_image","twitter_site":"@hottashop","twitter_misc":{"Est. reading time":"1 minute"},"schema":{"@context":"https:\/\/schema.org","@graph":[{"@type":"WebPage","@id":"https:\/\/hotta.eu\/lv\/shop\/cheetos-flamin-hot\/","url":"https:\/\/hotta.eu\/lv\/shop\/cheetos-flamin-hot\/","name":"Cheetos Flamin' Hot - Hotta","isPartOf":{"@id":"https:\/\/hotta.eu\/lv\/#website"},"primaryImageOfPage":{"@id":"https:\/\/hotta.eu\/lv\/shop\/cheetos-flamin-hot\/#primaryimage"},"image":{"@id":"https:\/\/hotta.eu\/lv\/shop\/cheetos-flamin-hot\/#primaryimage"},"thumbnailUrl":"https:\/\/hotta.eu\/wp-content\/uploads\/2024\/11\/cheetos-flamin-hot.jpg","datePublished":"2024-11-17T12:20:37+00:00","dateModified":"2025-03-01T13:07:51+00:00","description":"Cheetos Flamin\u2019 Hot \u012bpa\u0161i pikanti kukur\u016bzas uzkodas. Gar\u0161\u012bga uzkoda, lieliski piem\u0113rota filmu vakariem vai vienk\u0101r\u0161i uzkod\u0101m. Rad\u012bta dal\u012b\u0161anai!","breadcrumb":{"@id":"https:\/\/hotta.eu\/lv\/shop\/cheetos-flamin-hot\/#breadcrumb"},"inLanguage":"lv-LV","potentialAction":[{"@type":"ReadAction","target":["https:\/\/hotta.eu\/lv\/shop\/cheetos-flamin-hot\/"]}]},{"@type":"ImageObject","inLanguage":"lv-LV","@id":"https:\/\/hotta.eu\/lv\/shop\/cheetos-flamin-hot\/#primaryimage","url":"https:\/\/hotta.eu\/wp-content\/uploads\/2024\/11\/cheetos-flamin-hot.jpg","contentUrl":"https:\/\/hotta.eu\/wp-content\/uploads\/2024\/11\/cheetos-flamin-hot.jpg","width":1000,"height":1000},{"@type":"BreadcrumbList","@id":"https:\/\/hotta.eu\/lv\/shop\/cheetos-flamin-hot\/#breadcrumb","itemListElement":[{"@type":"ListItem","position":1,"name":"S\u0101kums","item":"https:\/\/hotta.eu\/lv\/"},{"@type":"ListItem","position":2,"name":"Veikals","item":"https:\/\/hotta.eu\/lv\/shop\/"},{"@type":"ListItem","position":3,"name":"Cheetos Flamin&#8217; Hot"}]},{"@type":"WebSite","@id":"https:\/\/hotta.eu\/lv\/#website","url":"https:\/\/hotta.eu\/lv\/","name":"Hotta","description":"Makes your mouth burn a lotta!","publisher":{"@id":"https:\/\/hotta.eu\/lv\/#organization"},"potentialAction":[{"@type":"SearchAction","target":{"@type":"EntryPoint","urlTemplate":"https:\/\/hotta.eu\/lv\/?s={search_term_string}"},"query-input":{"@type":"PropertyValueSpecification","valueRequired":true,"valueName":"search_term_string"}}],"inLanguage":"lv-LV"},{"@type":"Organization","@id":"https:\/\/hotta.eu\/lv\/#organization","name":"Hotta","url":"https:\/\/hotta.eu\/lv\/","logo":{"@type":"ImageObject","inLanguage":"lv-LV","@id":"https:\/\/hotta.eu\/lv\/#\/schema\/logo\/image\/","url":"https:\/\/hotta.eu\/wp-content\/uploads\/2025\/04\/hotta-logo-invoice.png","contentUrl":"https:\/\/hotta.eu\/wp-content\/uploads\/2025\/04\/hotta-logo-invoice.png","width":600,"height":411,"caption":"Hotta"},"image":{"@id":"https:\/\/hotta.eu\/lv\/#\/schema\/logo\/image\/"},"sameAs":["https:\/\/www.facebook.com\/hotta.eu","https:\/\/x.com\/hottashop","https:\/\/www.instagram.com\/hotta.shop"]}]}},"jetpack_sharing_enabled":true,"_links":{"self":[{"href":"https:\/\/hotta.eu\/lv\/wp-json\/wp\/v2\/product\/20769","targetHints":{"allow":["GET"]}}],"collection":[{"href":"https:\/\/hotta.eu\/lv\/wp-json\/wp\/v2\/product"}],"about":[{"href":"https:\/\/hotta.eu\/lv\/wp-json\/wp\/v2\/types\/product"}],"replies":[{"embeddable":true,"href":"https:\/\/hotta.eu\/lv\/wp-json\/wp\/v2\/comments?post=20769"}],"wp:featuredmedia":[{"embeddable":true,"href":"https:\/\/hotta.eu\/lv\/wp-json\/wp\/v2\/media\/20735"}],"wp:attachment":[{"href":"https:\/\/hotta.eu\/lv\/wp-json\/wp\/v2\/media?parent=20769"}],"wp:term":[{"taxonomy":"product_cat","embeddable":true,"href":"https:\/\/hotta.eu\/lv\/wp-json\/wp\/v2\/product_cat?post=20769"},{"taxonomy":"product_tag","embeddable":true,"href":"https:\/\/hotta.eu\/lv\/wp-json\/wp\/v2\/product_tag?post=20769"},{"taxonomy":"giftcard-category","embeddable":true,"href":"https:\/\/hotta.eu\/lv\/wp-json\/wp\/v2\/giftcard-category?post=20769"}],"curies":[{"name":"wp","href":"https:\/\/api.w.org\/{rel}","templated":true}]}}