{"id":20773,"date":"2024-11-17T14:30:29","date_gmt":"2024-11-17T12:30:29","guid":{"rendered":"https:\/\/hotta.eu\/?post_type=product&#038;p=20773"},"modified":"2025-01-04T18:33:53","modified_gmt":"2025-01-04T16:33:53","slug":"doritos-flamin-hot","status":"publish","type":"product","link":"https:\/\/hotta.eu\/lv\/shop\/doritos-flamin-hot\/","title":{"rendered":"Doritos Flamin&#8217; Hot"},"content":{"rendered":"<p><strong>Sast\u0101vda\u013cas<\/strong><br \/>\nKukur\u016bza, rap\u0161u e\u013c\u013ca [rap\u0161u e\u013c\u013ca, antioksidanti (rozmar\u012bna ekstrakts, askorb\u012bnsk\u0101be, askorb\u012bnsk\u0101be, tokoferola koncentr\u0101ts, citronsk\u0101be)], cukurs, aromatiz\u0113t\u0101ji, sk\u0101buma regulatori (citronsk\u0101be, \u0101bolsk\u0101be), \u0137iploku pulveris, s\u0101ls, k\u0101lija hlor\u012bds, gar\u0161as pastiprin\u0101t\u0101js (n\u0101trija glutam\u0101ts), s\u012bpolu pulveris, k\u016bpin\u0101ta paprika, jalapeno pulveris, d\u0101rze\u0146u koncentr\u0101ts (red\u012bsi, burk\u0101ni), p\u0101rtikas kr\u0101sviela (paprikas ekstrakts), gar\u0161vielas, gar\u0161augi, k\u016bpin\u0101ta saulespu\u0137u e\u013c\u013ca, k\u016bpin\u0101ts maltodekstr\u012bns.<\/p>\n<p><strong>Uzturv\u0113rt\u012bba (100 g)<br \/>\n<\/strong>Ener\u0123ija 495 kcal (2071 kJ), tauki 25 g (no tiem pies\u0101tin\u0101tie 1,8 g), og\u013chidr\u0101ti 58 g (no tiem cukurs 3,4 g), olbaltumvielas 6,1 g, s\u0101ls 0,9 g.<\/p>\n","protected":false},"excerpt":{"rendered":"<p>\u012apa\u0161i pikanti kukur\u016bzas \u010dipsi no Doritos.<br \/>\n[ywcwtl_form product_id=\"\"]<\/p>\n","protected":false},"featured_media":20739,"comment_status":"open","ping_status":"closed","template":"","meta":[],"product_cat":[938],"product_tag":[],"giftcard-category":[],"class_list":{"0":"post-20773","1":"product","2":"type-product","3":"status-publish","4":"has-post-thumbnail","6":"product_cat-uzkodas","7":"pa_brand-doritos-lv","9":"first","10":"outofstock","11":"sale","12":"taxable","13":"shipping-taxable","14":"purchasable","15":"product-type-simple"},"yoast_head":"<!-- This site is optimized with the Yoast SEO plugin v27.3 - https:\/\/yoast.com\/product\/yoast-seo-wordpress\/ -->\n<title>Doritos Flamin&#039; Hot - Hotta<\/title>\n<meta name=\"description\" content=\"Doritos Flamin\u2019 Hot \u012bpa\u0161i pikanti kukur\u016bzas \u010dipsi. Gar\u0161\u012bga uzkoda, lieliski piem\u0113rota filmu vakariem vai vienk\u0101r\u0161i uzkod\u0101m. Rad\u012bta dal\u012b\u0161anai!\" \/>\n<meta name=\"robots\" content=\"index, follow, max-snippet:-1, max-image-preview:large, max-video-preview:-1\" \/>\n<link rel=\"canonical\" href=\"https:\/\/hotta.eu\/lv\/shop\/doritos-flamin-hot\/\" \/>\n<meta property=\"og:locale\" content=\"lv_LV\" \/>\n<meta property=\"og:type\" content=\"article\" \/>\n<meta property=\"og:title\" content=\"Doritos Flamin&#039; Hot - Hotta\" \/>\n<meta property=\"og:description\" content=\"Doritos Flamin\u2019 Hot \u012bpa\u0161i pikanti kukur\u016bzas \u010dipsi. Gar\u0161\u012bga uzkoda, lieliski piem\u0113rota filmu vakariem vai vienk\u0101r\u0161i uzkod\u0101m. Rad\u012bta dal\u012b\u0161anai!\" \/>\n<meta property=\"og:url\" content=\"https:\/\/hotta.eu\/lv\/shop\/doritos-flamin-hot\/\" \/>\n<meta property=\"og:site_name\" content=\"Hotta\" \/>\n<meta property=\"article:publisher\" content=\"https:\/\/www.facebook.com\/hotta.eu\" \/>\n<meta property=\"article:modified_time\" content=\"2025-01-04T16:33:53+00:00\" \/>\n<meta property=\"og:image\" content=\"https:\/\/hotta.eu\/wp-content\/uploads\/2024\/11\/doritos-flamin-hot.jpg\" \/>\n\t<meta property=\"og:image:width\" content=\"1000\" \/>\n\t<meta property=\"og:image:height\" content=\"1000\" \/>\n\t<meta property=\"og:image:type\" content=\"image\/jpeg\" \/>\n<meta name=\"twitter:card\" content=\"summary_large_image\" \/>\n<meta name=\"twitter:site\" content=\"@hottashop\" \/>\n<meta name=\"twitter:label1\" content=\"Est. reading time\" \/>\n\t<meta name=\"twitter:data1\" content=\"1 minute\" \/>\n<script type=\"application\/ld+json\" class=\"yoast-schema-graph\">{\"@context\":\"https:\\\/\\\/schema.org\",\"@graph\":[{\"@type\":\"WebPage\",\"@id\":\"https:\\\/\\\/hotta.eu\\\/lv\\\/shop\\\/doritos-flamin-hot\\\/\",\"url\":\"https:\\\/\\\/hotta.eu\\\/lv\\\/shop\\\/doritos-flamin-hot\\\/\",\"name\":\"Doritos Flamin' Hot - Hotta\",\"isPartOf\":{\"@id\":\"https:\\\/\\\/hotta.eu\\\/lv\\\/#website\"},\"primaryImageOfPage\":{\"@id\":\"https:\\\/\\\/hotta.eu\\\/lv\\\/shop\\\/doritos-flamin-hot\\\/#primaryimage\"},\"image\":{\"@id\":\"https:\\\/\\\/hotta.eu\\\/lv\\\/shop\\\/doritos-flamin-hot\\\/#primaryimage\"},\"thumbnailUrl\":\"https:\\\/\\\/hotta.eu\\\/wp-content\\\/uploads\\\/2024\\\/11\\\/doritos-flamin-hot.jpg\",\"datePublished\":\"2024-11-17T12:30:29+00:00\",\"dateModified\":\"2025-01-04T16:33:53+00:00\",\"description\":\"Doritos Flamin\u2019 Hot \u012bpa\u0161i pikanti kukur\u016bzas \u010dipsi. Gar\u0161\u012bga uzkoda, lieliski piem\u0113rota filmu vakariem vai vienk\u0101r\u0161i uzkod\u0101m. Rad\u012bta dal\u012b\u0161anai!\",\"breadcrumb\":{\"@id\":\"https:\\\/\\\/hotta.eu\\\/lv\\\/shop\\\/doritos-flamin-hot\\\/#breadcrumb\"},\"inLanguage\":\"lv-LV\",\"potentialAction\":[{\"@type\":\"ReadAction\",\"target\":[\"https:\\\/\\\/hotta.eu\\\/lv\\\/shop\\\/doritos-flamin-hot\\\/\"]}]},{\"@type\":\"ImageObject\",\"inLanguage\":\"lv-LV\",\"@id\":\"https:\\\/\\\/hotta.eu\\\/lv\\\/shop\\\/doritos-flamin-hot\\\/#primaryimage\",\"url\":\"https:\\\/\\\/hotta.eu\\\/wp-content\\\/uploads\\\/2024\\\/11\\\/doritos-flamin-hot.jpg\",\"contentUrl\":\"https:\\\/\\\/hotta.eu\\\/wp-content\\\/uploads\\\/2024\\\/11\\\/doritos-flamin-hot.jpg\",\"width\":1000,\"height\":1000},{\"@type\":\"BreadcrumbList\",\"@id\":\"https:\\\/\\\/hotta.eu\\\/lv\\\/shop\\\/doritos-flamin-hot\\\/#breadcrumb\",\"itemListElement\":[{\"@type\":\"ListItem\",\"position\":1,\"name\":\"S\u0101kums\",\"item\":\"https:\\\/\\\/hotta.eu\\\/lv\\\/sakumlapa\\\/\"},{\"@type\":\"ListItem\",\"position\":2,\"name\":\"Veikals\",\"item\":\"https:\\\/\\\/hotta.eu\\\/lv\\\/shop\\\/\"},{\"@type\":\"ListItem\",\"position\":3,\"name\":\"Doritos Flamin&#8217; Hot\"}]},{\"@type\":\"WebSite\",\"@id\":\"https:\\\/\\\/hotta.eu\\\/lv\\\/#website\",\"url\":\"https:\\\/\\\/hotta.eu\\\/lv\\\/\",\"name\":\"Hotta\",\"description\":\"Makes your mouth burn a lotta!\",\"publisher\":{\"@id\":\"https:\\\/\\\/hotta.eu\\\/lv\\\/#organization\"},\"potentialAction\":[{\"@type\":\"SearchAction\",\"target\":{\"@type\":\"EntryPoint\",\"urlTemplate\":\"https:\\\/\\\/hotta.eu\\\/lv\\\/?s={search_term_string}\"},\"query-input\":{\"@type\":\"PropertyValueSpecification\",\"valueRequired\":true,\"valueName\":\"search_term_string\"}}],\"inLanguage\":\"lv-LV\"},{\"@type\":\"Organization\",\"@id\":\"https:\\\/\\\/hotta.eu\\\/lv\\\/#organization\",\"name\":\"Hotta\",\"url\":\"https:\\\/\\\/hotta.eu\\\/lv\\\/\",\"logo\":{\"@type\":\"ImageObject\",\"inLanguage\":\"lv-LV\",\"@id\":\"https:\\\/\\\/hotta.eu\\\/lv\\\/#\\\/schema\\\/logo\\\/image\\\/\",\"url\":\"https:\\\/\\\/hotta.eu\\\/wp-content\\\/uploads\\\/2025\\\/04\\\/hotta-logo-invoice.png\",\"contentUrl\":\"https:\\\/\\\/hotta.eu\\\/wp-content\\\/uploads\\\/2025\\\/04\\\/hotta-logo-invoice.png\",\"width\":600,\"height\":411,\"caption\":\"Hotta\"},\"image\":{\"@id\":\"https:\\\/\\\/hotta.eu\\\/lv\\\/#\\\/schema\\\/logo\\\/image\\\/\"},\"sameAs\":[\"https:\\\/\\\/www.facebook.com\\\/hotta.eu\",\"https:\\\/\\\/x.com\\\/hottashop\",\"https:\\\/\\\/www.instagram.com\\\/hotta.shop\"]}]}<\/script>\n<!-- \/ Yoast SEO plugin. -->","yoast_head_json":{"title":"Doritos Flamin' Hot - Hotta","description":"Doritos Flamin\u2019 Hot \u012bpa\u0161i pikanti kukur\u016bzas \u010dipsi. Gar\u0161\u012bga uzkoda, lieliski piem\u0113rota filmu vakariem vai vienk\u0101r\u0161i uzkod\u0101m. Rad\u012bta dal\u012b\u0161anai!","robots":{"index":"index","follow":"follow","max-snippet":"max-snippet:-1","max-image-preview":"max-image-preview:large","max-video-preview":"max-video-preview:-1"},"canonical":"https:\/\/hotta.eu\/lv\/shop\/doritos-flamin-hot\/","og_locale":"lv_LV","og_type":"article","og_title":"Doritos Flamin' Hot - Hotta","og_description":"Doritos Flamin\u2019 Hot \u012bpa\u0161i pikanti kukur\u016bzas \u010dipsi. Gar\u0161\u012bga uzkoda, lieliski piem\u0113rota filmu vakariem vai vienk\u0101r\u0161i uzkod\u0101m. Rad\u012bta dal\u012b\u0161anai!","og_url":"https:\/\/hotta.eu\/lv\/shop\/doritos-flamin-hot\/","og_site_name":"Hotta","article_publisher":"https:\/\/www.facebook.com\/hotta.eu","article_modified_time":"2025-01-04T16:33:53+00:00","og_image":[{"width":1000,"height":1000,"url":"https:\/\/hotta.eu\/wp-content\/uploads\/2024\/11\/doritos-flamin-hot.jpg","type":"image\/jpeg"}],"twitter_card":"summary_large_image","twitter_site":"@hottashop","twitter_misc":{"Est. reading time":"1 minute"},"schema":{"@context":"https:\/\/schema.org","@graph":[{"@type":"WebPage","@id":"https:\/\/hotta.eu\/lv\/shop\/doritos-flamin-hot\/","url":"https:\/\/hotta.eu\/lv\/shop\/doritos-flamin-hot\/","name":"Doritos Flamin' Hot - Hotta","isPartOf":{"@id":"https:\/\/hotta.eu\/lv\/#website"},"primaryImageOfPage":{"@id":"https:\/\/hotta.eu\/lv\/shop\/doritos-flamin-hot\/#primaryimage"},"image":{"@id":"https:\/\/hotta.eu\/lv\/shop\/doritos-flamin-hot\/#primaryimage"},"thumbnailUrl":"https:\/\/hotta.eu\/wp-content\/uploads\/2024\/11\/doritos-flamin-hot.jpg","datePublished":"2024-11-17T12:30:29+00:00","dateModified":"2025-01-04T16:33:53+00:00","description":"Doritos Flamin\u2019 Hot \u012bpa\u0161i pikanti kukur\u016bzas \u010dipsi. Gar\u0161\u012bga uzkoda, lieliski piem\u0113rota filmu vakariem vai vienk\u0101r\u0161i uzkod\u0101m. Rad\u012bta dal\u012b\u0161anai!","breadcrumb":{"@id":"https:\/\/hotta.eu\/lv\/shop\/doritos-flamin-hot\/#breadcrumb"},"inLanguage":"lv-LV","potentialAction":[{"@type":"ReadAction","target":["https:\/\/hotta.eu\/lv\/shop\/doritos-flamin-hot\/"]}]},{"@type":"ImageObject","inLanguage":"lv-LV","@id":"https:\/\/hotta.eu\/lv\/shop\/doritos-flamin-hot\/#primaryimage","url":"https:\/\/hotta.eu\/wp-content\/uploads\/2024\/11\/doritos-flamin-hot.jpg","contentUrl":"https:\/\/hotta.eu\/wp-content\/uploads\/2024\/11\/doritos-flamin-hot.jpg","width":1000,"height":1000},{"@type":"BreadcrumbList","@id":"https:\/\/hotta.eu\/lv\/shop\/doritos-flamin-hot\/#breadcrumb","itemListElement":[{"@type":"ListItem","position":1,"name":"S\u0101kums","item":"https:\/\/hotta.eu\/lv\/sakumlapa\/"},{"@type":"ListItem","position":2,"name":"Veikals","item":"https:\/\/hotta.eu\/lv\/shop\/"},{"@type":"ListItem","position":3,"name":"Doritos Flamin&#8217; Hot"}]},{"@type":"WebSite","@id":"https:\/\/hotta.eu\/lv\/#website","url":"https:\/\/hotta.eu\/lv\/","name":"Hotta","description":"Makes your mouth burn a lotta!","publisher":{"@id":"https:\/\/hotta.eu\/lv\/#organization"},"potentialAction":[{"@type":"SearchAction","target":{"@type":"EntryPoint","urlTemplate":"https:\/\/hotta.eu\/lv\/?s={search_term_string}"},"query-input":{"@type":"PropertyValueSpecification","valueRequired":true,"valueName":"search_term_string"}}],"inLanguage":"lv-LV"},{"@type":"Organization","@id":"https:\/\/hotta.eu\/lv\/#organization","name":"Hotta","url":"https:\/\/hotta.eu\/lv\/","logo":{"@type":"ImageObject","inLanguage":"lv-LV","@id":"https:\/\/hotta.eu\/lv\/#\/schema\/logo\/image\/","url":"https:\/\/hotta.eu\/wp-content\/uploads\/2025\/04\/hotta-logo-invoice.png","contentUrl":"https:\/\/hotta.eu\/wp-content\/uploads\/2025\/04\/hotta-logo-invoice.png","width":600,"height":411,"caption":"Hotta"},"image":{"@id":"https:\/\/hotta.eu\/lv\/#\/schema\/logo\/image\/"},"sameAs":["https:\/\/www.facebook.com\/hotta.eu","https:\/\/x.com\/hottashop","https:\/\/www.instagram.com\/hotta.shop"]}]}},"jetpack_sharing_enabled":true,"_links":{"self":[{"href":"https:\/\/hotta.eu\/lv\/wp-json\/wp\/v2\/product\/20773","targetHints":{"allow":["GET"]}}],"collection":[{"href":"https:\/\/hotta.eu\/lv\/wp-json\/wp\/v2\/product"}],"about":[{"href":"https:\/\/hotta.eu\/lv\/wp-json\/wp\/v2\/types\/product"}],"replies":[{"embeddable":true,"href":"https:\/\/hotta.eu\/lv\/wp-json\/wp\/v2\/comments?post=20773"}],"wp:featuredmedia":[{"embeddable":true,"href":"https:\/\/hotta.eu\/lv\/wp-json\/wp\/v2\/media\/20739"}],"wp:attachment":[{"href":"https:\/\/hotta.eu\/lv\/wp-json\/wp\/v2\/media?parent=20773"}],"wp:term":[{"taxonomy":"product_cat","embeddable":true,"href":"https:\/\/hotta.eu\/lv\/wp-json\/wp\/v2\/product_cat?post=20773"},{"taxonomy":"product_tag","embeddable":true,"href":"https:\/\/hotta.eu\/lv\/wp-json\/wp\/v2\/product_tag?post=20773"},{"taxonomy":"giftcard-category","embeddable":true,"href":"https:\/\/hotta.eu\/lv\/wp-json\/wp\/v2\/giftcard-category?post=20773"}],"curies":[{"name":"wp","href":"https:\/\/api.w.org\/{rel}","templated":true}]}}