{"id":20920,"date":"2024-11-30T14:27:52","date_gmt":"2024-11-30T12:27:52","guid":{"rendered":"https:\/\/hotta.eu\/?post_type=product&#038;p=20920"},"modified":"2025-01-17T20:41:46","modified_gmt":"2025-01-17T18:41:46","slug":"cayenne-long-slim-seklas","status":"publish","type":"product","link":"https:\/\/hotta.eu\/lv\/shop\/cayenne-long-slim-seklas\/","title":{"rendered":"Cayenne Long Slim s\u0113klas"},"content":{"rendered":"<table border=\"0\">\n<tbody>\n<tr>\n<td>\ud83c\udf36\ufe0f Skovila vien\u012bbas (SHU)<\/td>\n<td>40 000<\/td>\n<\/tr>\n<tr>\n<td>\ud83d\udd25 Asums<\/td>\n<td><img decoding=\"async\" class=\"alignnone wp-image-20922\" src=\"https:\/\/hotta.eu\/wp-content\/uploads\/2024\/11\/14fa6f6687ca525f22d9eec71395ac49.svg\" alt=\"\" width=\"120\" height=\"64\" \/><\/td>\n<\/tr>\n<\/tbody>\n<\/table>\n<p><strong>Icelsmes un kvalit\u0101tes sertifik\u0101cija<\/strong><br \/>\nVai zin\u0101j\u0101t, ka s\u0113kl\u0101m var b\u016bt savs pase (sertifik\u0101ts)? Hot Chip s\u0113kl\u0101m t\u0101da ir. T\u0101s ir ne tikai sertific\u0113tas, bet ar\u012b pien\u0101c\u012bgi re\u0123istr\u0113tas. T\u0101d\u0113\u013c varat b\u016bt p\u0101rliecin\u0101ti par augstas kvalit\u0101tes s\u0113kl\u0101m un virs vid\u0113j\u0101 l\u012bme\u0146a d\u012bgtsp\u0113ju.<\/p>\n","protected":false},"excerpt":{"rendered":"<p class=\"p1\">\u0160is slaidais un elegantais pipars, paz\u012bstams k\u0101 Cayenne pipars, izce\u013cas ar m\u0113renu asumu un daudzpus\u012bbu. To var audz\u0113t gan telp\u0101s, gan \u0101r\u0101, un ar pien\u0101c\u012bgu kop\u0161anu tas atalgos j\u016bs ar bag\u0101t\u012bgu ra\u017eu. T\u0101 iztur\u012bg\u0101 miza noz\u012bm\u0113, ka, pareizi uzglab\u0101jot, pipars ilgi saglab\u0101sies svaigs.<\/p>\n<p><strong>Audz\u0113\u0161ana<\/strong><br \/>\nAr pareizu kop\u0161anu Cayenne Long Slim ir \u013coti produkt\u012bvs augs. Ir svar\u012bgi uztur\u0113t s\u0113klas stabil\u0101 temperat\u016br\u0101 un nodro\u0161in\u0101t t\u0101m pietiekami daudz gaismas, lai t\u0101s pareizi izd\u012bgtu. Kad augs ir k\u013cuvis stipr\u0101ks, to var p\u0101rst\u0101d\u012bt balkona kast\u0113 vai tie\u0161i d\u0101rza dob\u0113. Abas audz\u0113\u0161anas metodes tam ir piem\u0113rotas. Kr\u016bms izaug aptuveni 60 cm augsts, un aug\u013ci nogatavojas apm\u0113ram 75 dienu laik\u0101.<\/p>\n<p><strong>Izskats un gar\u0161a<\/strong><br \/>\nCayenne Long Slim aug\u013cus nevar sajaukt ar citiem. Tie ir viegli atpaz\u012bstami p\u0113c to sarkan\u0101s kr\u0101sas un, galvenok\u0101rt, iegarenas formas. Pipars parasti ir 1\u20132 cm plats un var sasniegt l\u012bdz pat 15 cm garumu. Aug\u013ca gali\u0146i ir nedaudz izliekta forma. Vid\u0113ji ass l\u012bmenis no 30 000 l\u012bdz 50 000 SHU pie\u0161\u0137ir jebkuram \u0113dienam \u012bstu asuma devu. Papildus asajam gar\u0161as profilam tam ir lieliska arom\u0101tiska gar\u0161a, kas lieliski sader ar marin\u0113tiem d\u0101rze\u0146iem vai m\u0113rc\u0113m. Cayenne pipars ir ar\u012b lieliski piem\u0113rots \u017e\u0101v\u0113\u0161anai.<br \/>\n[ywcwtl_form product_id=\"\"]<\/p>\n","protected":false},"featured_media":20928,"comment_status":"open","ping_status":"closed","template":"","meta":[],"product_cat":[934],"product_tag":[],"giftcard-category":[],"class_list":{"0":"post-20920","1":"product","2":"type-product","3":"status-publish","4":"has-post-thumbnail","6":"product_cat-seklas","7":"pa_brand-hot-chip","9":"first","10":"outofstock","11":"taxable","12":"shipping-taxable","13":"purchasable","14":"product-type-simple"},"yoast_head":"<!-- This site is optimized with the Yoast SEO plugin v27.5 - https:\/\/yoast.com\/product\/yoast-seo-wordpress\/ -->\n<title>Cayenne Long Slim s\u0113klas - Hotta<\/title>\n<meta name=\"description\" content=\"\u0160is slaidais un elegantais pipars, paz\u012bstams k\u0101 Cayenne pipars, izce\u013cas ar m\u0113renu asumu un daudzpus\u012bbu.\" \/>\n<meta name=\"robots\" content=\"index, follow, max-snippet:-1, max-image-preview:large, max-video-preview:-1\" \/>\n<link rel=\"canonical\" href=\"https:\/\/hotta.eu\/lv\/shop\/cayenne-long-slim-seklas\/\" \/>\n<meta property=\"og:locale\" content=\"lv_LV\" \/>\n<meta property=\"og:type\" content=\"article\" \/>\n<meta property=\"og:title\" content=\"Cayenne Long Slim s\u0113klas - Hotta\" \/>\n<meta property=\"og:description\" content=\"\u0160is slaidais un elegantais pipars, paz\u012bstams k\u0101 Cayenne pipars, izce\u013cas ar m\u0113renu asumu un daudzpus\u012bbu.\" \/>\n<meta property=\"og:url\" content=\"https:\/\/hotta.eu\/lv\/shop\/cayenne-long-slim-seklas\/\" \/>\n<meta property=\"og:site_name\" content=\"Hotta\" \/>\n<meta property=\"article:publisher\" content=\"https:\/\/www.facebook.com\/hotta.eu\" \/>\n<meta property=\"article:modified_time\" content=\"2025-01-17T18:41:46+00:00\" \/>\n<meta property=\"og:image\" content=\"https:\/\/hotta.eu\/wp-content\/uploads\/2024\/11\/hot-chip-seeds-cayenne-1.jpg\" \/>\n\t<meta property=\"og:image:width\" content=\"1080\" \/>\n\t<meta property=\"og:image:height\" content=\"1080\" \/>\n\t<meta property=\"og:image:type\" content=\"image\/jpeg\" \/>\n<meta name=\"twitter:card\" content=\"summary_large_image\" \/>\n<meta name=\"twitter:site\" content=\"@hottashop\" \/>\n<meta name=\"twitter:label1\" content=\"Est. reading time\" \/>\n\t<meta name=\"twitter:data1\" content=\"1 minute\" \/>\n<script type=\"application\/ld+json\" class=\"yoast-schema-graph\">{\"@context\":\"https:\\\/\\\/schema.org\",\"@graph\":[{\"@type\":\"WebPage\",\"@id\":\"https:\\\/\\\/hotta.eu\\\/lv\\\/shop\\\/cayenne-long-slim-seklas\\\/\",\"url\":\"https:\\\/\\\/hotta.eu\\\/lv\\\/shop\\\/cayenne-long-slim-seklas\\\/\",\"name\":\"Cayenne Long Slim s\u0113klas - Hotta\",\"isPartOf\":{\"@id\":\"https:\\\/\\\/hotta.eu\\\/lv\\\/#website\"},\"primaryImageOfPage\":{\"@id\":\"https:\\\/\\\/hotta.eu\\\/lv\\\/shop\\\/cayenne-long-slim-seklas\\\/#primaryimage\"},\"image\":{\"@id\":\"https:\\\/\\\/hotta.eu\\\/lv\\\/shop\\\/cayenne-long-slim-seklas\\\/#primaryimage\"},\"thumbnailUrl\":\"https:\\\/\\\/hotta.eu\\\/wp-content\\\/uploads\\\/2024\\\/11\\\/hot-chip-seeds-cayenne-1.jpg\",\"datePublished\":\"2024-11-30T12:27:52+00:00\",\"dateModified\":\"2025-01-17T18:41:46+00:00\",\"description\":\"\u0160is slaidais un elegantais pipars, paz\u012bstams k\u0101 Cayenne pipars, izce\u013cas ar m\u0113renu asumu un daudzpus\u012bbu.\",\"breadcrumb\":{\"@id\":\"https:\\\/\\\/hotta.eu\\\/lv\\\/shop\\\/cayenne-long-slim-seklas\\\/#breadcrumb\"},\"inLanguage\":\"lv-LV\",\"potentialAction\":[{\"@type\":\"ReadAction\",\"target\":[\"https:\\\/\\\/hotta.eu\\\/lv\\\/shop\\\/cayenne-long-slim-seklas\\\/\"]}]},{\"@type\":\"ImageObject\",\"inLanguage\":\"lv-LV\",\"@id\":\"https:\\\/\\\/hotta.eu\\\/lv\\\/shop\\\/cayenne-long-slim-seklas\\\/#primaryimage\",\"url\":\"https:\\\/\\\/hotta.eu\\\/wp-content\\\/uploads\\\/2024\\\/11\\\/hot-chip-seeds-cayenne-1.jpg\",\"contentUrl\":\"https:\\\/\\\/hotta.eu\\\/wp-content\\\/uploads\\\/2024\\\/11\\\/hot-chip-seeds-cayenne-1.jpg\",\"width\":1080,\"height\":1080},{\"@type\":\"BreadcrumbList\",\"@id\":\"https:\\\/\\\/hotta.eu\\\/lv\\\/shop\\\/cayenne-long-slim-seklas\\\/#breadcrumb\",\"itemListElement\":[{\"@type\":\"ListItem\",\"position\":1,\"name\":\"S\u0101kums\",\"item\":\"https:\\\/\\\/hotta.eu\\\/lv\\\/\"},{\"@type\":\"ListItem\",\"position\":2,\"name\":\"Veikals\",\"item\":\"https:\\\/\\\/hotta.eu\\\/lv\\\/shop\\\/\"},{\"@type\":\"ListItem\",\"position\":3,\"name\":\"Cayenne Long Slim s\u0113klas\"}]},{\"@type\":\"WebSite\",\"@id\":\"https:\\\/\\\/hotta.eu\\\/lv\\\/#website\",\"url\":\"https:\\\/\\\/hotta.eu\\\/lv\\\/\",\"name\":\"Hotta\",\"description\":\"Makes your mouth burn a lotta!\",\"publisher\":{\"@id\":\"https:\\\/\\\/hotta.eu\\\/lv\\\/#organization\"},\"potentialAction\":[{\"@type\":\"SearchAction\",\"target\":{\"@type\":\"EntryPoint\",\"urlTemplate\":\"https:\\\/\\\/hotta.eu\\\/lv\\\/?s={search_term_string}\"},\"query-input\":{\"@type\":\"PropertyValueSpecification\",\"valueRequired\":true,\"valueName\":\"search_term_string\"}}],\"inLanguage\":\"lv-LV\"},{\"@type\":\"Organization\",\"@id\":\"https:\\\/\\\/hotta.eu\\\/lv\\\/#organization\",\"name\":\"Hotta\",\"url\":\"https:\\\/\\\/hotta.eu\\\/lv\\\/\",\"logo\":{\"@type\":\"ImageObject\",\"inLanguage\":\"lv-LV\",\"@id\":\"https:\\\/\\\/hotta.eu\\\/lv\\\/#\\\/schema\\\/logo\\\/image\\\/\",\"url\":\"https:\\\/\\\/hotta.eu\\\/wp-content\\\/uploads\\\/2025\\\/04\\\/hotta-logo-invoice.png\",\"contentUrl\":\"https:\\\/\\\/hotta.eu\\\/wp-content\\\/uploads\\\/2025\\\/04\\\/hotta-logo-invoice.png\",\"width\":600,\"height\":411,\"caption\":\"Hotta\"},\"image\":{\"@id\":\"https:\\\/\\\/hotta.eu\\\/lv\\\/#\\\/schema\\\/logo\\\/image\\\/\"},\"sameAs\":[\"https:\\\/\\\/www.facebook.com\\\/hotta.eu\",\"https:\\\/\\\/x.com\\\/hottashop\",\"https:\\\/\\\/www.instagram.com\\\/hotta.shop\"]}]}<\/script>\n<!-- \/ Yoast SEO plugin. -->","yoast_head_json":{"title":"Cayenne Long Slim s\u0113klas - Hotta","description":"\u0160is slaidais un elegantais pipars, paz\u012bstams k\u0101 Cayenne pipars, izce\u013cas ar m\u0113renu asumu un daudzpus\u012bbu.","robots":{"index":"index","follow":"follow","max-snippet":"max-snippet:-1","max-image-preview":"max-image-preview:large","max-video-preview":"max-video-preview:-1"},"canonical":"https:\/\/hotta.eu\/lv\/shop\/cayenne-long-slim-seklas\/","og_locale":"lv_LV","og_type":"article","og_title":"Cayenne Long Slim s\u0113klas - Hotta","og_description":"\u0160is slaidais un elegantais pipars, paz\u012bstams k\u0101 Cayenne pipars, izce\u013cas ar m\u0113renu asumu un daudzpus\u012bbu.","og_url":"https:\/\/hotta.eu\/lv\/shop\/cayenne-long-slim-seklas\/","og_site_name":"Hotta","article_publisher":"https:\/\/www.facebook.com\/hotta.eu","article_modified_time":"2025-01-17T18:41:46+00:00","og_image":[{"width":1080,"height":1080,"url":"https:\/\/hotta.eu\/wp-content\/uploads\/2024\/11\/hot-chip-seeds-cayenne-1.jpg","type":"image\/jpeg"}],"twitter_card":"summary_large_image","twitter_site":"@hottashop","twitter_misc":{"Est. reading time":"1 minute"},"schema":{"@context":"https:\/\/schema.org","@graph":[{"@type":"WebPage","@id":"https:\/\/hotta.eu\/lv\/shop\/cayenne-long-slim-seklas\/","url":"https:\/\/hotta.eu\/lv\/shop\/cayenne-long-slim-seklas\/","name":"Cayenne Long Slim s\u0113klas - Hotta","isPartOf":{"@id":"https:\/\/hotta.eu\/lv\/#website"},"primaryImageOfPage":{"@id":"https:\/\/hotta.eu\/lv\/shop\/cayenne-long-slim-seklas\/#primaryimage"},"image":{"@id":"https:\/\/hotta.eu\/lv\/shop\/cayenne-long-slim-seklas\/#primaryimage"},"thumbnailUrl":"https:\/\/hotta.eu\/wp-content\/uploads\/2024\/11\/hot-chip-seeds-cayenne-1.jpg","datePublished":"2024-11-30T12:27:52+00:00","dateModified":"2025-01-17T18:41:46+00:00","description":"\u0160is slaidais un elegantais pipars, paz\u012bstams k\u0101 Cayenne pipars, izce\u013cas ar m\u0113renu asumu un daudzpus\u012bbu.","breadcrumb":{"@id":"https:\/\/hotta.eu\/lv\/shop\/cayenne-long-slim-seklas\/#breadcrumb"},"inLanguage":"lv-LV","potentialAction":[{"@type":"ReadAction","target":["https:\/\/hotta.eu\/lv\/shop\/cayenne-long-slim-seklas\/"]}]},{"@type":"ImageObject","inLanguage":"lv-LV","@id":"https:\/\/hotta.eu\/lv\/shop\/cayenne-long-slim-seklas\/#primaryimage","url":"https:\/\/hotta.eu\/wp-content\/uploads\/2024\/11\/hot-chip-seeds-cayenne-1.jpg","contentUrl":"https:\/\/hotta.eu\/wp-content\/uploads\/2024\/11\/hot-chip-seeds-cayenne-1.jpg","width":1080,"height":1080},{"@type":"BreadcrumbList","@id":"https:\/\/hotta.eu\/lv\/shop\/cayenne-long-slim-seklas\/#breadcrumb","itemListElement":[{"@type":"ListItem","position":1,"name":"S\u0101kums","item":"https:\/\/hotta.eu\/lv\/"},{"@type":"ListItem","position":2,"name":"Veikals","item":"https:\/\/hotta.eu\/lv\/shop\/"},{"@type":"ListItem","position":3,"name":"Cayenne Long Slim s\u0113klas"}]},{"@type":"WebSite","@id":"https:\/\/hotta.eu\/lv\/#website","url":"https:\/\/hotta.eu\/lv\/","name":"Hotta","description":"Makes your mouth burn a lotta!","publisher":{"@id":"https:\/\/hotta.eu\/lv\/#organization"},"potentialAction":[{"@type":"SearchAction","target":{"@type":"EntryPoint","urlTemplate":"https:\/\/hotta.eu\/lv\/?s={search_term_string}"},"query-input":{"@type":"PropertyValueSpecification","valueRequired":true,"valueName":"search_term_string"}}],"inLanguage":"lv-LV"},{"@type":"Organization","@id":"https:\/\/hotta.eu\/lv\/#organization","name":"Hotta","url":"https:\/\/hotta.eu\/lv\/","logo":{"@type":"ImageObject","inLanguage":"lv-LV","@id":"https:\/\/hotta.eu\/lv\/#\/schema\/logo\/image\/","url":"https:\/\/hotta.eu\/wp-content\/uploads\/2025\/04\/hotta-logo-invoice.png","contentUrl":"https:\/\/hotta.eu\/wp-content\/uploads\/2025\/04\/hotta-logo-invoice.png","width":600,"height":411,"caption":"Hotta"},"image":{"@id":"https:\/\/hotta.eu\/lv\/#\/schema\/logo\/image\/"},"sameAs":["https:\/\/www.facebook.com\/hotta.eu","https:\/\/x.com\/hottashop","https:\/\/www.instagram.com\/hotta.shop"]}]}},"jetpack_sharing_enabled":true,"_links":{"self":[{"href":"https:\/\/hotta.eu\/lv\/wp-json\/wp\/v2\/product\/20920","targetHints":{"allow":["GET"]}}],"collection":[{"href":"https:\/\/hotta.eu\/lv\/wp-json\/wp\/v2\/product"}],"about":[{"href":"https:\/\/hotta.eu\/lv\/wp-json\/wp\/v2\/types\/product"}],"replies":[{"embeddable":true,"href":"https:\/\/hotta.eu\/lv\/wp-json\/wp\/v2\/comments?post=20920"}],"wp:featuredmedia":[{"embeddable":true,"href":"https:\/\/hotta.eu\/lv\/wp-json\/wp\/v2\/media\/20928"}],"wp:attachment":[{"href":"https:\/\/hotta.eu\/lv\/wp-json\/wp\/v2\/media?parent=20920"}],"wp:term":[{"taxonomy":"product_cat","embeddable":true,"href":"https:\/\/hotta.eu\/lv\/wp-json\/wp\/v2\/product_cat?post=20920"},{"taxonomy":"product_tag","embeddable":true,"href":"https:\/\/hotta.eu\/lv\/wp-json\/wp\/v2\/product_tag?post=20920"},{"taxonomy":"giftcard-category","embeddable":true,"href":"https:\/\/hotta.eu\/lv\/wp-json\/wp\/v2\/giftcard-category?post=20920"}],"curies":[{"name":"wp","href":"https:\/\/api.w.org\/{rel}","templated":true}]}}