{"id":20941,"date":"2024-12-01T04:30:39","date_gmt":"2024-12-01T02:30:39","guid":{"rendered":"https:\/\/hotta.eu\/?post_type=product&#038;p=20941"},"modified":"2024-12-27T12:40:19","modified_gmt":"2024-12-27T10:40:19","slug":"naga-black-seklas","status":"publish","type":"product","link":"https:\/\/hotta.eu\/lv\/shop\/naga-black-seklas\/","title":{"rendered":"Naga Black s\u0113klas"},"content":{"rendered":"<table border=\"0\">\n<tbody>\n<tr>\n<td>\ud83c\udf36\ufe0f Skovila vien\u012bbas (SHU)<\/td>\n<td>800 000<\/td>\n<\/tr>\n<tr>\n<td>\ud83d\udd25 Asums<\/td>\n<td><img decoding=\"async\" class=\"alignnone wp-image-20943 size-full\" src=\"https:\/\/hotta.eu\/wp-content\/uploads\/2024\/12\/b0fec9dbe738cee429564e946ade4fd0.svg\" alt=\"\" width=\"120\" height=\"64\" \/><\/td>\n<\/tr>\n<\/tbody>\n<\/table>\n<p><strong>Icelsmes un kvalit\u0101tes sertifik\u0101cija<\/strong><br \/>\nVai zin\u0101j\u0101t, ka s\u0113kl\u0101m var b\u016bt savs pase (sertifik\u0101ts)? Hot Chip s\u0113kl\u0101m t\u0101da ir. T\u0101s ir ne tikai sertific\u0113tas, bet ar\u012b pien\u0101c\u012bgi re\u0123istr\u0113tas. T\u0101d\u0113\u013c varat b\u016bt p\u0101rliecin\u0101ti par augstas kvalit\u0101tes s\u0113kl\u0101m un virs vid\u0113j\u0101 l\u012bme\u0146a d\u012bgtsp\u0113ju.<\/p>\n","protected":false},"excerpt":{"rendered":"<p class=\"p1\">Vai v\u0113lies izaudz\u0113t patie\u0161\u0101m asu \u010dili? Tad izm\u0113\u0123ini Naga Black! T\u0101 tum\u0161\u0101 kr\u0101sa un neticam\u0101 asuma intensit\u0101te (l\u012bdz 800 000 SHU) pie\u0161\u0137irs Tavam d\u0101rzam un virtuvei eksotikas un ori\u0123inalit\u0101tes piesk\u0101rienu.<\/p>\n<p class=\"p1\"><strong>Audz\u0113\u0161ana<br \/>\n<\/strong>Uzturi stabilu temperat\u016bru 25\u201330 \u00b0C, lai s\u0113klas var\u0113tu d\u012bgt. Kad s\u0113klas ir izd\u012bgu\u0161as un augs p\u0101rst\u0101d\u012bts substr\u0101t\u0101, atceries to regul\u0101ri laist\u012bt. Pret\u0113j\u0101 gad\u012bjum\u0101 Naga Black \u0101tri signaliz\u0113s par mitruma tr\u016bkumu ar nov\u012btu\u0161\u0101m lap\u0101m. Bet, ja to labi apr\u016bp\u0113si, tas Tev atmaks\u0101sies ar bag\u0101t\u012bgu ra\u017eu. Naga Black var audz\u0113t ar\u012b podos.<\/p>\n<p><strong>Izskats un gar\u0161a<br \/>\n<\/strong>Kr\u016bms izaug aptuveni 130 cm augsts. Aug\u013ci nogatavojas aptuveni 100 dienu laik\u0101 un izaug l\u012bdz aptuveni 7 cm garum\u0101. To raksturo krunkaina virsma un izteiksm\u012bga tum\u0161\u0101 \u0161okol\u0101des kr\u0101sa. Un k\u0101 ar gar\u0161u? Sagatavojies patiesi iespaid\u012bgam piedz\u012bvojumam! Naga Black ir \u0101rk\u0101rt\u012bgi ass, kas padara to par iecien\u012btu \u010dili fanu vid\u016b, kuriem pat\u012bk \u013coti asi \u0113dieni. Turkl\u0101t tam ir smalks aug\u013cu nots, kas pie\u0161\u0137ir dzi\u013cumu un sare\u017e\u0123\u012bt\u012bbu \u0113dieniem. Tas lieliski piem\u0113rots m\u0113rc\u0113m un sals\u0101m.<br \/>\n[ywcwtl_form product_id=\"\"]<\/p>\n","protected":false},"featured_media":20949,"comment_status":"open","ping_status":"closed","template":"","meta":[],"product_cat":[934],"product_tag":[],"giftcard-category":[],"class_list":{"0":"post-20941","1":"product","2":"type-product","3":"status-publish","4":"has-post-thumbnail","6":"product_cat-seklas","7":"pa_brand-hot-chip","9":"first","10":"outofstock","11":"taxable","12":"shipping-taxable","13":"purchasable","14":"product-type-simple"},"yoast_head":"<!-- This site is optimized with the Yoast SEO plugin v27.5 - https:\/\/yoast.com\/product\/yoast-seo-wordpress\/ -->\n<title>Naga Black s\u0113klas - Hotta<\/title>\n<meta name=\"description\" content=\"Vai v\u0113lies izaudz\u0113t patie\u0161\u0101m asu \u010dili? Tad izm\u0113\u0123ini Naga Black! T\u0101 tum\u0161\u0101 kr\u0101sa un neticam\u0101 asuma intensit\u0101te pie\u0161\u0137irs Tavam d\u0101rzam un virtuvei eksotikas un ori\u0123inalit\u0101tes piesk\u0101rienu.\" \/>\n<meta name=\"robots\" content=\"index, follow, max-snippet:-1, max-image-preview:large, max-video-preview:-1\" \/>\n<link rel=\"canonical\" href=\"https:\/\/hotta.eu\/lv\/shop\/naga-black-seklas\/\" \/>\n<meta property=\"og:locale\" content=\"lv_LV\" \/>\n<meta property=\"og:type\" content=\"article\" \/>\n<meta property=\"og:title\" content=\"Naga Black s\u0113klas - Hotta\" \/>\n<meta property=\"og:description\" content=\"Vai v\u0113lies izaudz\u0113t patie\u0161\u0101m asu \u010dili? Tad izm\u0113\u0123ini Naga Black! T\u0101 tum\u0161\u0101 kr\u0101sa un neticam\u0101 asuma intensit\u0101te pie\u0161\u0137irs Tavam d\u0101rzam un virtuvei eksotikas un ori\u0123inalit\u0101tes piesk\u0101rienu.\" \/>\n<meta property=\"og:url\" content=\"https:\/\/hotta.eu\/lv\/shop\/naga-black-seklas\/\" \/>\n<meta property=\"og:site_name\" content=\"Hotta\" \/>\n<meta property=\"article:publisher\" content=\"https:\/\/www.facebook.com\/hotta.eu\" \/>\n<meta property=\"article:modified_time\" content=\"2024-12-27T10:40:19+00:00\" \/>\n<meta property=\"og:image\" content=\"https:\/\/hotta.eu\/wp-content\/uploads\/2024\/12\/hot-chip-seeds-naga-black-1.jpg\" \/>\n\t<meta property=\"og:image:width\" content=\"1080\" \/>\n\t<meta property=\"og:image:height\" content=\"1080\" \/>\n\t<meta property=\"og:image:type\" content=\"image\/jpeg\" \/>\n<meta name=\"twitter:card\" content=\"summary_large_image\" \/>\n<meta name=\"twitter:site\" content=\"@hottashop\" \/>\n<meta name=\"twitter:label1\" content=\"Est. reading time\" \/>\n\t<meta name=\"twitter:data1\" content=\"1 minute\" \/>\n<script type=\"application\/ld+json\" class=\"yoast-schema-graph\">{\"@context\":\"https:\\\/\\\/schema.org\",\"@graph\":[{\"@type\":\"WebPage\",\"@id\":\"https:\\\/\\\/hotta.eu\\\/lv\\\/shop\\\/naga-black-seklas\\\/\",\"url\":\"https:\\\/\\\/hotta.eu\\\/lv\\\/shop\\\/naga-black-seklas\\\/\",\"name\":\"Naga Black s\u0113klas - Hotta\",\"isPartOf\":{\"@id\":\"https:\\\/\\\/hotta.eu\\\/lv\\\/#website\"},\"primaryImageOfPage\":{\"@id\":\"https:\\\/\\\/hotta.eu\\\/lv\\\/shop\\\/naga-black-seklas\\\/#primaryimage\"},\"image\":{\"@id\":\"https:\\\/\\\/hotta.eu\\\/lv\\\/shop\\\/naga-black-seklas\\\/#primaryimage\"},\"thumbnailUrl\":\"https:\\\/\\\/hotta.eu\\\/wp-content\\\/uploads\\\/2024\\\/12\\\/hot-chip-seeds-naga-black-1.jpg\",\"datePublished\":\"2024-12-01T02:30:39+00:00\",\"dateModified\":\"2024-12-27T10:40:19+00:00\",\"description\":\"Vai v\u0113lies izaudz\u0113t patie\u0161\u0101m asu \u010dili? Tad izm\u0113\u0123ini Naga Black! T\u0101 tum\u0161\u0101 kr\u0101sa un neticam\u0101 asuma intensit\u0101te pie\u0161\u0137irs Tavam d\u0101rzam un virtuvei eksotikas un ori\u0123inalit\u0101tes piesk\u0101rienu.\",\"breadcrumb\":{\"@id\":\"https:\\\/\\\/hotta.eu\\\/lv\\\/shop\\\/naga-black-seklas\\\/#breadcrumb\"},\"inLanguage\":\"lv-LV\",\"potentialAction\":[{\"@type\":\"ReadAction\",\"target\":[\"https:\\\/\\\/hotta.eu\\\/lv\\\/shop\\\/naga-black-seklas\\\/\"]}]},{\"@type\":\"ImageObject\",\"inLanguage\":\"lv-LV\",\"@id\":\"https:\\\/\\\/hotta.eu\\\/lv\\\/shop\\\/naga-black-seklas\\\/#primaryimage\",\"url\":\"https:\\\/\\\/hotta.eu\\\/wp-content\\\/uploads\\\/2024\\\/12\\\/hot-chip-seeds-naga-black-1.jpg\",\"contentUrl\":\"https:\\\/\\\/hotta.eu\\\/wp-content\\\/uploads\\\/2024\\\/12\\\/hot-chip-seeds-naga-black-1.jpg\",\"width\":1080,\"height\":1080},{\"@type\":\"BreadcrumbList\",\"@id\":\"https:\\\/\\\/hotta.eu\\\/lv\\\/shop\\\/naga-black-seklas\\\/#breadcrumb\",\"itemListElement\":[{\"@type\":\"ListItem\",\"position\":1,\"name\":\"S\u0101kums\",\"item\":\"https:\\\/\\\/hotta.eu\\\/lv\\\/\"},{\"@type\":\"ListItem\",\"position\":2,\"name\":\"Veikals\",\"item\":\"https:\\\/\\\/hotta.eu\\\/lv\\\/shop\\\/\"},{\"@type\":\"ListItem\",\"position\":3,\"name\":\"Naga Black s\u0113klas\"}]},{\"@type\":\"WebSite\",\"@id\":\"https:\\\/\\\/hotta.eu\\\/lv\\\/#website\",\"url\":\"https:\\\/\\\/hotta.eu\\\/lv\\\/\",\"name\":\"Hotta\",\"description\":\"Makes your mouth burn a lotta!\",\"publisher\":{\"@id\":\"https:\\\/\\\/hotta.eu\\\/lv\\\/#organization\"},\"potentialAction\":[{\"@type\":\"SearchAction\",\"target\":{\"@type\":\"EntryPoint\",\"urlTemplate\":\"https:\\\/\\\/hotta.eu\\\/lv\\\/?s={search_term_string}\"},\"query-input\":{\"@type\":\"PropertyValueSpecification\",\"valueRequired\":true,\"valueName\":\"search_term_string\"}}],\"inLanguage\":\"lv-LV\"},{\"@type\":\"Organization\",\"@id\":\"https:\\\/\\\/hotta.eu\\\/lv\\\/#organization\",\"name\":\"Hotta\",\"url\":\"https:\\\/\\\/hotta.eu\\\/lv\\\/\",\"logo\":{\"@type\":\"ImageObject\",\"inLanguage\":\"lv-LV\",\"@id\":\"https:\\\/\\\/hotta.eu\\\/lv\\\/#\\\/schema\\\/logo\\\/image\\\/\",\"url\":\"https:\\\/\\\/hotta.eu\\\/wp-content\\\/uploads\\\/2025\\\/04\\\/hotta-logo-invoice.png\",\"contentUrl\":\"https:\\\/\\\/hotta.eu\\\/wp-content\\\/uploads\\\/2025\\\/04\\\/hotta-logo-invoice.png\",\"width\":600,\"height\":411,\"caption\":\"Hotta\"},\"image\":{\"@id\":\"https:\\\/\\\/hotta.eu\\\/lv\\\/#\\\/schema\\\/logo\\\/image\\\/\"},\"sameAs\":[\"https:\\\/\\\/www.facebook.com\\\/hotta.eu\",\"https:\\\/\\\/x.com\\\/hottashop\",\"https:\\\/\\\/www.instagram.com\\\/hotta.shop\"]}]}<\/script>\n<!-- \/ Yoast SEO plugin. -->","yoast_head_json":{"title":"Naga Black s\u0113klas - Hotta","description":"Vai v\u0113lies izaudz\u0113t patie\u0161\u0101m asu \u010dili? Tad izm\u0113\u0123ini Naga Black! T\u0101 tum\u0161\u0101 kr\u0101sa un neticam\u0101 asuma intensit\u0101te pie\u0161\u0137irs Tavam d\u0101rzam un virtuvei eksotikas un ori\u0123inalit\u0101tes piesk\u0101rienu.","robots":{"index":"index","follow":"follow","max-snippet":"max-snippet:-1","max-image-preview":"max-image-preview:large","max-video-preview":"max-video-preview:-1"},"canonical":"https:\/\/hotta.eu\/lv\/shop\/naga-black-seklas\/","og_locale":"lv_LV","og_type":"article","og_title":"Naga Black s\u0113klas - Hotta","og_description":"Vai v\u0113lies izaudz\u0113t patie\u0161\u0101m asu \u010dili? Tad izm\u0113\u0123ini Naga Black! T\u0101 tum\u0161\u0101 kr\u0101sa un neticam\u0101 asuma intensit\u0101te pie\u0161\u0137irs Tavam d\u0101rzam un virtuvei eksotikas un ori\u0123inalit\u0101tes piesk\u0101rienu.","og_url":"https:\/\/hotta.eu\/lv\/shop\/naga-black-seklas\/","og_site_name":"Hotta","article_publisher":"https:\/\/www.facebook.com\/hotta.eu","article_modified_time":"2024-12-27T10:40:19+00:00","og_image":[{"width":1080,"height":1080,"url":"https:\/\/hotta.eu\/wp-content\/uploads\/2024\/12\/hot-chip-seeds-naga-black-1.jpg","type":"image\/jpeg"}],"twitter_card":"summary_large_image","twitter_site":"@hottashop","twitter_misc":{"Est. reading time":"1 minute"},"schema":{"@context":"https:\/\/schema.org","@graph":[{"@type":"WebPage","@id":"https:\/\/hotta.eu\/lv\/shop\/naga-black-seklas\/","url":"https:\/\/hotta.eu\/lv\/shop\/naga-black-seklas\/","name":"Naga Black s\u0113klas - Hotta","isPartOf":{"@id":"https:\/\/hotta.eu\/lv\/#website"},"primaryImageOfPage":{"@id":"https:\/\/hotta.eu\/lv\/shop\/naga-black-seklas\/#primaryimage"},"image":{"@id":"https:\/\/hotta.eu\/lv\/shop\/naga-black-seklas\/#primaryimage"},"thumbnailUrl":"https:\/\/hotta.eu\/wp-content\/uploads\/2024\/12\/hot-chip-seeds-naga-black-1.jpg","datePublished":"2024-12-01T02:30:39+00:00","dateModified":"2024-12-27T10:40:19+00:00","description":"Vai v\u0113lies izaudz\u0113t patie\u0161\u0101m asu \u010dili? Tad izm\u0113\u0123ini Naga Black! T\u0101 tum\u0161\u0101 kr\u0101sa un neticam\u0101 asuma intensit\u0101te pie\u0161\u0137irs Tavam d\u0101rzam un virtuvei eksotikas un ori\u0123inalit\u0101tes piesk\u0101rienu.","breadcrumb":{"@id":"https:\/\/hotta.eu\/lv\/shop\/naga-black-seklas\/#breadcrumb"},"inLanguage":"lv-LV","potentialAction":[{"@type":"ReadAction","target":["https:\/\/hotta.eu\/lv\/shop\/naga-black-seklas\/"]}]},{"@type":"ImageObject","inLanguage":"lv-LV","@id":"https:\/\/hotta.eu\/lv\/shop\/naga-black-seklas\/#primaryimage","url":"https:\/\/hotta.eu\/wp-content\/uploads\/2024\/12\/hot-chip-seeds-naga-black-1.jpg","contentUrl":"https:\/\/hotta.eu\/wp-content\/uploads\/2024\/12\/hot-chip-seeds-naga-black-1.jpg","width":1080,"height":1080},{"@type":"BreadcrumbList","@id":"https:\/\/hotta.eu\/lv\/shop\/naga-black-seklas\/#breadcrumb","itemListElement":[{"@type":"ListItem","position":1,"name":"S\u0101kums","item":"https:\/\/hotta.eu\/lv\/"},{"@type":"ListItem","position":2,"name":"Veikals","item":"https:\/\/hotta.eu\/lv\/shop\/"},{"@type":"ListItem","position":3,"name":"Naga Black s\u0113klas"}]},{"@type":"WebSite","@id":"https:\/\/hotta.eu\/lv\/#website","url":"https:\/\/hotta.eu\/lv\/","name":"Hotta","description":"Makes your mouth burn a lotta!","publisher":{"@id":"https:\/\/hotta.eu\/lv\/#organization"},"potentialAction":[{"@type":"SearchAction","target":{"@type":"EntryPoint","urlTemplate":"https:\/\/hotta.eu\/lv\/?s={search_term_string}"},"query-input":{"@type":"PropertyValueSpecification","valueRequired":true,"valueName":"search_term_string"}}],"inLanguage":"lv-LV"},{"@type":"Organization","@id":"https:\/\/hotta.eu\/lv\/#organization","name":"Hotta","url":"https:\/\/hotta.eu\/lv\/","logo":{"@type":"ImageObject","inLanguage":"lv-LV","@id":"https:\/\/hotta.eu\/lv\/#\/schema\/logo\/image\/","url":"https:\/\/hotta.eu\/wp-content\/uploads\/2025\/04\/hotta-logo-invoice.png","contentUrl":"https:\/\/hotta.eu\/wp-content\/uploads\/2025\/04\/hotta-logo-invoice.png","width":600,"height":411,"caption":"Hotta"},"image":{"@id":"https:\/\/hotta.eu\/lv\/#\/schema\/logo\/image\/"},"sameAs":["https:\/\/www.facebook.com\/hotta.eu","https:\/\/x.com\/hottashop","https:\/\/www.instagram.com\/hotta.shop"]}]}},"jetpack_sharing_enabled":true,"_links":{"self":[{"href":"https:\/\/hotta.eu\/lv\/wp-json\/wp\/v2\/product\/20941","targetHints":{"allow":["GET"]}}],"collection":[{"href":"https:\/\/hotta.eu\/lv\/wp-json\/wp\/v2\/product"}],"about":[{"href":"https:\/\/hotta.eu\/lv\/wp-json\/wp\/v2\/types\/product"}],"replies":[{"embeddable":true,"href":"https:\/\/hotta.eu\/lv\/wp-json\/wp\/v2\/comments?post=20941"}],"wp:featuredmedia":[{"embeddable":true,"href":"https:\/\/hotta.eu\/lv\/wp-json\/wp\/v2\/media\/20949"}],"wp:attachment":[{"href":"https:\/\/hotta.eu\/lv\/wp-json\/wp\/v2\/media?parent=20941"}],"wp:term":[{"taxonomy":"product_cat","embeddable":true,"href":"https:\/\/hotta.eu\/lv\/wp-json\/wp\/v2\/product_cat?post=20941"},{"taxonomy":"product_tag","embeddable":true,"href":"https:\/\/hotta.eu\/lv\/wp-json\/wp\/v2\/product_tag?post=20941"},{"taxonomy":"giftcard-category","embeddable":true,"href":"https:\/\/hotta.eu\/lv\/wp-json\/wp\/v2\/giftcard-category?post=20941"}],"curies":[{"name":"wp","href":"https:\/\/api.w.org\/{rel}","templated":true}]}}