{"id":20968,"date":"2024-12-01T15:32:57","date_gmt":"2024-12-01T13:32:57","guid":{"rendered":"https:\/\/hotta.eu\/?post_type=product&#038;p=20968"},"modified":"2025-01-29T10:59:26","modified_gmt":"2025-01-29T08:59:26","slug":"hot-chip-jalapeno-seklas","status":"publish","type":"product","link":"https:\/\/hotta.eu\/lv\/shop\/hot-chip-jalapeno-seklas\/","title":{"rendered":"Jalapeno s\u0113klas"},"content":{"rendered":"<table border=\"0\">\n<tbody>\n<tr>\n<td>\ud83c\udf36\ufe0f Skovila vien\u012bbas (SHU)<\/td>\n<td>10 000<\/td>\n<\/tr>\n<tr>\n<td>\ud83d\udd25 Asums<\/td>\n<td><img decoding=\"async\" class=\"alignnone wp-image-20922 size-full\" src=\"https:\/\/hotta.eu\/wp-content\/uploads\/2024\/11\/14fa6f6687ca525f22d9eec71395ac49.svg\" alt=\"\" width=\"120\" height=\"64\" \/><\/td>\n<\/tr>\n<\/tbody>\n<\/table>\n<p><strong>Icelsmes un kvalit\u0101tes sertifik\u0101cija<\/strong><br \/>\nVai zin\u0101j\u0101t, ka s\u0113kl\u0101m var b\u016bt savs pase (sertifik\u0101ts)? Hot Chip s\u0113kl\u0101m t\u0101da ir. T\u0101s ir ne tikai sertific\u0113tas, bet ar\u012b pien\u0101c\u012bgi re\u0123istr\u0113tas. T\u0101d\u0113\u013c varat b\u016bt p\u0101rliecin\u0101ti par augstas kvalit\u0101tes s\u0113kl\u0101m un virs vid\u0113j\u0101 l\u012bme\u0146a d\u012bgtsp\u0113ju.<\/p>\n","protected":false},"excerpt":{"rendered":"<p class=\"p1\">Vai mekl\u0113jat veidu, k\u0101 pievienot pat\u012bkamu asuma piesk\u0101rienu saviem \u0113dieniem? Za\u013cais Jalapeno ir ide\u0101la izv\u0113le! \u0160\u012b ikonisk\u0101 \u0161\u0137irne ir paz\u012bstama ar savu maigo asumu un atsvaidzino\u0161o gar\u0161u.<\/p>\n<p class=\"p1\"><strong>Audz\u0113\u0161ana<br \/>\n<\/strong>Lai s\u0113klas izd\u012bgtu un st\u0101di var\u0113tu augt, uzturiet temperat\u016bru aptuveni 25\u201330 \u00b0C un p\u0101rliecinieties, ka ir pietiekami daudz gaismas. Kad st\u0101di k\u013c\u016bst stipr\u0101ki, ir laiks tos p\u0101rst\u0101d\u012bt liel\u0101k\u0101 pod\u0101, dob\u0113 vai siltumn\u012bc\u0101. Ta\u010du pat tad neaizmirstiet, ka tiem ir nepiecie\u0161ams pietiekami daudz mitruma un saules gaismas. Ar nelielu r\u016bp\u012bbu j\u016bs varat sagaid\u012bt bag\u0101t\u012bgu ra\u017eu.<\/p>\n<p><strong>Izskats un gar\u0161a<br \/>\n<\/strong>Za\u013cais Jalapeno izce\u013cas ar savu za\u013co kr\u0101su un iegareniem, adatas formas aug\u013ciem, kuru garums ir 5\u20137 cm. Pipari p\u0101rsteigs j\u016bs ar savu svaigo d\u0101rze\u0146u gar\u0161u un iepriecin\u0101s ar m\u0113renu 10 000 SHU asumu. Tie ir lieliski piem\u0113roti sal\u0101tiem un sals\u0101m, k\u0101 ar\u012b gril\u0113\u0161anai, marin\u0113\u0161anai vai pild\u012b\u0161anai ar sieru!<br \/>\n[ywcwtl_form product_id=\"\"]<\/p>\n","protected":false},"featured_media":20972,"comment_status":"open","ping_status":"closed","template":"","meta":[],"product_cat":[934],"product_tag":[],"giftcard-category":[],"class_list":{"0":"post-20968","1":"product","2":"type-product","3":"status-publish","4":"has-post-thumbnail","6":"product_cat-seklas","7":"pa_brand-hot-chip","9":"first","10":"outofstock","11":"taxable","12":"shipping-taxable","13":"purchasable","14":"product-type-simple"},"yoast_head":"<!-- This site is optimized with the Yoast SEO plugin v27.5 - https:\/\/yoast.com\/product\/yoast-seo-wordpress\/ -->\n<title>Jalapeno s\u0113klas - Hotta<\/title>\n<meta name=\"description\" content=\"Za\u013cais Jalapeno ir ide\u0101la izv\u0113le! \u0160\u012b ikonisk\u0101 \u0161\u0137irne ir paz\u012bstama ar savu maigo asumu un atsvaidzino\u0161o gar\u0161u.\" \/>\n<meta name=\"robots\" content=\"index, follow, max-snippet:-1, max-image-preview:large, max-video-preview:-1\" \/>\n<link rel=\"canonical\" href=\"https:\/\/hotta.eu\/lv\/shop\/hot-chip-jalapeno-seklas\/\" \/>\n<meta property=\"og:locale\" content=\"lv_LV\" \/>\n<meta property=\"og:type\" content=\"article\" \/>\n<meta property=\"og:title\" content=\"Jalapeno s\u0113klas - Hotta\" \/>\n<meta property=\"og:description\" content=\"Za\u013cais Jalapeno ir ide\u0101la izv\u0113le! \u0160\u012b ikonisk\u0101 \u0161\u0137irne ir paz\u012bstama ar savu maigo asumu un atsvaidzino\u0161o gar\u0161u.\" \/>\n<meta property=\"og:url\" content=\"https:\/\/hotta.eu\/lv\/shop\/hot-chip-jalapeno-seklas\/\" \/>\n<meta property=\"og:site_name\" content=\"Hotta\" \/>\n<meta property=\"article:publisher\" content=\"https:\/\/www.facebook.com\/hotta.eu\" \/>\n<meta property=\"article:modified_time\" content=\"2025-01-29T08:59:26+00:00\" \/>\n<meta property=\"og:image\" content=\"https:\/\/hotta.eu\/wp-content\/uploads\/2024\/12\/hot-chip-seeds-jalapeno-1.jpg\" \/>\n\t<meta property=\"og:image:width\" content=\"1080\" \/>\n\t<meta property=\"og:image:height\" content=\"1080\" \/>\n\t<meta property=\"og:image:type\" content=\"image\/jpeg\" \/>\n<meta name=\"twitter:card\" content=\"summary_large_image\" \/>\n<meta name=\"twitter:site\" content=\"@hottashop\" \/>\n<meta name=\"twitter:label1\" content=\"Est. reading time\" \/>\n\t<meta name=\"twitter:data1\" content=\"1 minute\" \/>\n<script type=\"application\/ld+json\" class=\"yoast-schema-graph\">{\"@context\":\"https:\\\/\\\/schema.org\",\"@graph\":[{\"@type\":\"WebPage\",\"@id\":\"https:\\\/\\\/hotta.eu\\\/lv\\\/shop\\\/hot-chip-jalapeno-seklas\\\/\",\"url\":\"https:\\\/\\\/hotta.eu\\\/lv\\\/shop\\\/hot-chip-jalapeno-seklas\\\/\",\"name\":\"Jalapeno s\u0113klas - Hotta\",\"isPartOf\":{\"@id\":\"https:\\\/\\\/hotta.eu\\\/lv\\\/#website\"},\"primaryImageOfPage\":{\"@id\":\"https:\\\/\\\/hotta.eu\\\/lv\\\/shop\\\/hot-chip-jalapeno-seklas\\\/#primaryimage\"},\"image\":{\"@id\":\"https:\\\/\\\/hotta.eu\\\/lv\\\/shop\\\/hot-chip-jalapeno-seklas\\\/#primaryimage\"},\"thumbnailUrl\":\"https:\\\/\\\/hotta.eu\\\/wp-content\\\/uploads\\\/2024\\\/12\\\/hot-chip-seeds-jalapeno-1.jpg\",\"datePublished\":\"2024-12-01T13:32:57+00:00\",\"dateModified\":\"2025-01-29T08:59:26+00:00\",\"description\":\"Za\u013cais Jalapeno ir ide\u0101la izv\u0113le! \u0160\u012b ikonisk\u0101 \u0161\u0137irne ir paz\u012bstama ar savu maigo asumu un atsvaidzino\u0161o gar\u0161u.\",\"breadcrumb\":{\"@id\":\"https:\\\/\\\/hotta.eu\\\/lv\\\/shop\\\/hot-chip-jalapeno-seklas\\\/#breadcrumb\"},\"inLanguage\":\"lv-LV\",\"potentialAction\":[{\"@type\":\"ReadAction\",\"target\":[\"https:\\\/\\\/hotta.eu\\\/lv\\\/shop\\\/hot-chip-jalapeno-seklas\\\/\"]}]},{\"@type\":\"ImageObject\",\"inLanguage\":\"lv-LV\",\"@id\":\"https:\\\/\\\/hotta.eu\\\/lv\\\/shop\\\/hot-chip-jalapeno-seklas\\\/#primaryimage\",\"url\":\"https:\\\/\\\/hotta.eu\\\/wp-content\\\/uploads\\\/2024\\\/12\\\/hot-chip-seeds-jalapeno-1.jpg\",\"contentUrl\":\"https:\\\/\\\/hotta.eu\\\/wp-content\\\/uploads\\\/2024\\\/12\\\/hot-chip-seeds-jalapeno-1.jpg\",\"width\":1080,\"height\":1080},{\"@type\":\"BreadcrumbList\",\"@id\":\"https:\\\/\\\/hotta.eu\\\/lv\\\/shop\\\/hot-chip-jalapeno-seklas\\\/#breadcrumb\",\"itemListElement\":[{\"@type\":\"ListItem\",\"position\":1,\"name\":\"S\u0101kums\",\"item\":\"https:\\\/\\\/hotta.eu\\\/lv\\\/\"},{\"@type\":\"ListItem\",\"position\":2,\"name\":\"Veikals\",\"item\":\"https:\\\/\\\/hotta.eu\\\/lv\\\/shop\\\/\"},{\"@type\":\"ListItem\",\"position\":3,\"name\":\"Jalapeno s\u0113klas\"}]},{\"@type\":\"WebSite\",\"@id\":\"https:\\\/\\\/hotta.eu\\\/lv\\\/#website\",\"url\":\"https:\\\/\\\/hotta.eu\\\/lv\\\/\",\"name\":\"Hotta\",\"description\":\"Makes your mouth burn a lotta!\",\"publisher\":{\"@id\":\"https:\\\/\\\/hotta.eu\\\/lv\\\/#organization\"},\"potentialAction\":[{\"@type\":\"SearchAction\",\"target\":{\"@type\":\"EntryPoint\",\"urlTemplate\":\"https:\\\/\\\/hotta.eu\\\/lv\\\/?s={search_term_string}\"},\"query-input\":{\"@type\":\"PropertyValueSpecification\",\"valueRequired\":true,\"valueName\":\"search_term_string\"}}],\"inLanguage\":\"lv-LV\"},{\"@type\":\"Organization\",\"@id\":\"https:\\\/\\\/hotta.eu\\\/lv\\\/#organization\",\"name\":\"Hotta\",\"url\":\"https:\\\/\\\/hotta.eu\\\/lv\\\/\",\"logo\":{\"@type\":\"ImageObject\",\"inLanguage\":\"lv-LV\",\"@id\":\"https:\\\/\\\/hotta.eu\\\/lv\\\/#\\\/schema\\\/logo\\\/image\\\/\",\"url\":\"https:\\\/\\\/hotta.eu\\\/wp-content\\\/uploads\\\/2025\\\/04\\\/hotta-logo-invoice.png\",\"contentUrl\":\"https:\\\/\\\/hotta.eu\\\/wp-content\\\/uploads\\\/2025\\\/04\\\/hotta-logo-invoice.png\",\"width\":600,\"height\":411,\"caption\":\"Hotta\"},\"image\":{\"@id\":\"https:\\\/\\\/hotta.eu\\\/lv\\\/#\\\/schema\\\/logo\\\/image\\\/\"},\"sameAs\":[\"https:\\\/\\\/www.facebook.com\\\/hotta.eu\",\"https:\\\/\\\/x.com\\\/hottashop\",\"https:\\\/\\\/www.instagram.com\\\/hotta.shop\"]}]}<\/script>\n<!-- \/ Yoast SEO plugin. -->","yoast_head_json":{"title":"Jalapeno s\u0113klas - Hotta","description":"Za\u013cais Jalapeno ir ide\u0101la izv\u0113le! \u0160\u012b ikonisk\u0101 \u0161\u0137irne ir paz\u012bstama ar savu maigo asumu un atsvaidzino\u0161o gar\u0161u.","robots":{"index":"index","follow":"follow","max-snippet":"max-snippet:-1","max-image-preview":"max-image-preview:large","max-video-preview":"max-video-preview:-1"},"canonical":"https:\/\/hotta.eu\/lv\/shop\/hot-chip-jalapeno-seklas\/","og_locale":"lv_LV","og_type":"article","og_title":"Jalapeno s\u0113klas - Hotta","og_description":"Za\u013cais Jalapeno ir ide\u0101la izv\u0113le! \u0160\u012b ikonisk\u0101 \u0161\u0137irne ir paz\u012bstama ar savu maigo asumu un atsvaidzino\u0161o gar\u0161u.","og_url":"https:\/\/hotta.eu\/lv\/shop\/hot-chip-jalapeno-seklas\/","og_site_name":"Hotta","article_publisher":"https:\/\/www.facebook.com\/hotta.eu","article_modified_time":"2025-01-29T08:59:26+00:00","og_image":[{"width":1080,"height":1080,"url":"https:\/\/hotta.eu\/wp-content\/uploads\/2024\/12\/hot-chip-seeds-jalapeno-1.jpg","type":"image\/jpeg"}],"twitter_card":"summary_large_image","twitter_site":"@hottashop","twitter_misc":{"Est. reading time":"1 minute"},"schema":{"@context":"https:\/\/schema.org","@graph":[{"@type":"WebPage","@id":"https:\/\/hotta.eu\/lv\/shop\/hot-chip-jalapeno-seklas\/","url":"https:\/\/hotta.eu\/lv\/shop\/hot-chip-jalapeno-seklas\/","name":"Jalapeno s\u0113klas - Hotta","isPartOf":{"@id":"https:\/\/hotta.eu\/lv\/#website"},"primaryImageOfPage":{"@id":"https:\/\/hotta.eu\/lv\/shop\/hot-chip-jalapeno-seklas\/#primaryimage"},"image":{"@id":"https:\/\/hotta.eu\/lv\/shop\/hot-chip-jalapeno-seklas\/#primaryimage"},"thumbnailUrl":"https:\/\/hotta.eu\/wp-content\/uploads\/2024\/12\/hot-chip-seeds-jalapeno-1.jpg","datePublished":"2024-12-01T13:32:57+00:00","dateModified":"2025-01-29T08:59:26+00:00","description":"Za\u013cais Jalapeno ir ide\u0101la izv\u0113le! \u0160\u012b ikonisk\u0101 \u0161\u0137irne ir paz\u012bstama ar savu maigo asumu un atsvaidzino\u0161o gar\u0161u.","breadcrumb":{"@id":"https:\/\/hotta.eu\/lv\/shop\/hot-chip-jalapeno-seklas\/#breadcrumb"},"inLanguage":"lv-LV","potentialAction":[{"@type":"ReadAction","target":["https:\/\/hotta.eu\/lv\/shop\/hot-chip-jalapeno-seklas\/"]}]},{"@type":"ImageObject","inLanguage":"lv-LV","@id":"https:\/\/hotta.eu\/lv\/shop\/hot-chip-jalapeno-seklas\/#primaryimage","url":"https:\/\/hotta.eu\/wp-content\/uploads\/2024\/12\/hot-chip-seeds-jalapeno-1.jpg","contentUrl":"https:\/\/hotta.eu\/wp-content\/uploads\/2024\/12\/hot-chip-seeds-jalapeno-1.jpg","width":1080,"height":1080},{"@type":"BreadcrumbList","@id":"https:\/\/hotta.eu\/lv\/shop\/hot-chip-jalapeno-seklas\/#breadcrumb","itemListElement":[{"@type":"ListItem","position":1,"name":"S\u0101kums","item":"https:\/\/hotta.eu\/lv\/"},{"@type":"ListItem","position":2,"name":"Veikals","item":"https:\/\/hotta.eu\/lv\/shop\/"},{"@type":"ListItem","position":3,"name":"Jalapeno s\u0113klas"}]},{"@type":"WebSite","@id":"https:\/\/hotta.eu\/lv\/#website","url":"https:\/\/hotta.eu\/lv\/","name":"Hotta","description":"Makes your mouth burn a lotta!","publisher":{"@id":"https:\/\/hotta.eu\/lv\/#organization"},"potentialAction":[{"@type":"SearchAction","target":{"@type":"EntryPoint","urlTemplate":"https:\/\/hotta.eu\/lv\/?s={search_term_string}"},"query-input":{"@type":"PropertyValueSpecification","valueRequired":true,"valueName":"search_term_string"}}],"inLanguage":"lv-LV"},{"@type":"Organization","@id":"https:\/\/hotta.eu\/lv\/#organization","name":"Hotta","url":"https:\/\/hotta.eu\/lv\/","logo":{"@type":"ImageObject","inLanguage":"lv-LV","@id":"https:\/\/hotta.eu\/lv\/#\/schema\/logo\/image\/","url":"https:\/\/hotta.eu\/wp-content\/uploads\/2025\/04\/hotta-logo-invoice.png","contentUrl":"https:\/\/hotta.eu\/wp-content\/uploads\/2025\/04\/hotta-logo-invoice.png","width":600,"height":411,"caption":"Hotta"},"image":{"@id":"https:\/\/hotta.eu\/lv\/#\/schema\/logo\/image\/"},"sameAs":["https:\/\/www.facebook.com\/hotta.eu","https:\/\/x.com\/hottashop","https:\/\/www.instagram.com\/hotta.shop"]}]}},"jetpack_sharing_enabled":true,"_links":{"self":[{"href":"https:\/\/hotta.eu\/lv\/wp-json\/wp\/v2\/product\/20968","targetHints":{"allow":["GET"]}}],"collection":[{"href":"https:\/\/hotta.eu\/lv\/wp-json\/wp\/v2\/product"}],"about":[{"href":"https:\/\/hotta.eu\/lv\/wp-json\/wp\/v2\/types\/product"}],"replies":[{"embeddable":true,"href":"https:\/\/hotta.eu\/lv\/wp-json\/wp\/v2\/comments?post=20968"}],"wp:featuredmedia":[{"embeddable":true,"href":"https:\/\/hotta.eu\/lv\/wp-json\/wp\/v2\/media\/20972"}],"wp:attachment":[{"href":"https:\/\/hotta.eu\/lv\/wp-json\/wp\/v2\/media?parent=20968"}],"wp:term":[{"taxonomy":"product_cat","embeddable":true,"href":"https:\/\/hotta.eu\/lv\/wp-json\/wp\/v2\/product_cat?post=20968"},{"taxonomy":"product_tag","embeddable":true,"href":"https:\/\/hotta.eu\/lv\/wp-json\/wp\/v2\/product_tag?post=20968"},{"taxonomy":"giftcard-category","embeddable":true,"href":"https:\/\/hotta.eu\/lv\/wp-json\/wp\/v2\/giftcard-category?post=20968"}],"curies":[{"name":"wp","href":"https:\/\/api.w.org\/{rel}","templated":true}]}}