{"id":20992,"date":"2024-12-03T16:32:45","date_gmt":"2024-12-03T14:32:45","guid":{"rendered":"https:\/\/hotta.eu\/?post_type=product&#038;p=20992"},"modified":"2025-01-17T20:41:47","modified_gmt":"2025-01-17T18:41:47","slug":"habanero-orange-seklas","status":"publish","type":"product","link":"https:\/\/hotta.eu\/lv\/shop\/habanero-orange-seklas\/","title":{"rendered":"Habanero Orange s\u0113klas"},"content":{"rendered":"<table border=\"0\">\n<tbody>\n<tr>\n<td>\ud83c\udf36\ufe0f Skovila vien\u012bbas (SHU)<\/td>\n<td>300 000<\/td>\n<\/tr>\n<tr>\n<td>\ud83d\udd25 Asums<\/td>\n<td><a href=\"https:\/\/hotta.eu\/wp-content\/uploads\/2024\/12\/58a442edef89891289f91a1b3c175b12.svg\"><img decoding=\"async\" class=\"alignnone wp-image-20994 size-full\" src=\"https:\/\/hotta.eu\/wp-content\/uploads\/2024\/12\/58a442edef89891289f91a1b3c175b12.svg\" alt=\"\" width=\"120\" height=\"64\" \/><\/a><\/td>\n<\/tr>\n<\/tbody>\n<\/table>\n<p><strong>Icelsmes un kvalit\u0101tes sertifik\u0101cija<\/strong><br \/>\nVai zin\u0101j\u0101t, ka s\u0113kl\u0101m var b\u016bt savs pase (sertifik\u0101ts)? Hot Chip s\u0113kl\u0101m t\u0101da ir. T\u0101s ir ne tikai sertific\u0113tas, bet ar\u012b pien\u0101c\u012bgi re\u0123istr\u0113tas. T\u0101d\u0113\u013c varat b\u016bt p\u0101rliecin\u0101ti par augstas kvalit\u0101tes s\u0113kl\u0101m un virs vid\u0113j\u0101 l\u012bme\u0146a d\u012bgtsp\u0113ju.<\/p>\n","protected":false},"excerpt":{"rendered":"<p class=\"p1\">Mekl\u0113jat kaut ko, kas var\u0113tu uzlabot gan j\u016bsu virtuvi, gan d\u0101rzu? Habanero apels\u012bns ir tie\u0161i tas, kas jums nepiecie\u0161ams! \u0160is ugun\u012bgais skaistulis ir ide\u0101ls papildin\u0101jums j\u016bsu virtuvei, kas ar savu spilgto kr\u0101su un intens\u012bvo gar\u0161u pie\u0161\u0137ir eksotiku.<\/p>\n<p class=\"p1\"><strong>Audz\u0113\u0161ana<br \/>\n<\/strong>\u0160\u012b paprika n\u0101k no Meksikas, t\u0101p\u0113c t\u0101s aug\u0161anai nepiecie\u0161ams daudz gaismas un siltuma. Tikl\u012bdz augi k\u013c\u016bst stipr\u0101ki, tos var p\u0101rst\u0101d\u012bt liel\u0101kos podos vai d\u0101rza saulain\u0101kaj\u0101s viet\u0101s. Vislab\u0101kos rezult\u0101tus var sasniegt, audz\u0113jot siltumn\u012bc\u0101. Neaizmirstiet regul\u0101ri m\u0113slot un laist\u012bt augus, bet dariet to m\u0113reni!<\/p>\n<p><strong>Izskats un gar\u0161a<br \/>\n<\/strong>Aug\u013ci nogatavojas 70\u201390 dienu laik\u0101. Nobriedu\u0161i aug\u013ci ir ov\u0101li un ko\u0161i dzelteni oran\u017ei. Sp\u0113c\u012bgo asumu \u2013 350 000 SHU \u2013 l\u012bdzsvaro pat\u012bkama salduma un citrusaug\u013cu nots. Tas padara tos lieliski piem\u0113rotus m\u0113rc\u0113m, sals\u0101m, marin\u0101d\u0113m vai jebkuram \u0113dienam, kuram nepiecie\u0161ams nedaudz papildu asuma un svaigas gar\u0161as.<br \/>\n[ywcwtl_form product_id=\"\"]<\/p>\n","protected":false},"featured_media":21000,"comment_status":"open","ping_status":"closed","template":"","meta":[],"product_cat":[934],"product_tag":[],"giftcard-category":[],"class_list":{"0":"post-20992","1":"product","2":"type-product","3":"status-publish","4":"has-post-thumbnail","6":"product_cat-seklas","7":"pa_brand-hot-chip","9":"first","10":"outofstock","11":"taxable","12":"shipping-taxable","13":"purchasable","14":"product-type-simple"},"yoast_head":"<!-- This site is optimized with the Yoast SEO plugin v27.5 - https:\/\/yoast.com\/product\/yoast-seo-wordpress\/ -->\n<title>Habanero Orange s\u0113klas - Hotta<\/title>\n<meta name=\"description\" content=\"Vai mekl\u0113jat kaut ko, kas pie\u0161\u0137irtu j\u016bsu galdam un d\u0101rzam papildu aizrau\u0161anos? Habanero Orange ir tie\u0161i tas, kas jums vajadz\u012bgs! \u0160is ugun\u012bgais skaistums ir ide\u0101ls papildin\u0101jums j\u016bsu virtuvei, pie\u0161\u0137irot eksotiku ar savu ko\u0161o kr\u0101su un intens\u012bvo gar\u0161u.\" \/>\n<meta name=\"robots\" content=\"index, follow, max-snippet:-1, max-image-preview:large, max-video-preview:-1\" \/>\n<link rel=\"canonical\" href=\"https:\/\/hotta.eu\/lv\/shop\/habanero-orange-seklas\/\" \/>\n<meta property=\"og:locale\" content=\"lv_LV\" \/>\n<meta property=\"og:type\" content=\"article\" \/>\n<meta property=\"og:title\" content=\"Habanero Orange s\u0113klas - Hotta\" \/>\n<meta property=\"og:description\" content=\"Vai mekl\u0113jat kaut ko, kas pie\u0161\u0137irtu j\u016bsu galdam un d\u0101rzam papildu aizrau\u0161anos? Habanero Orange ir tie\u0161i tas, kas jums vajadz\u012bgs! \u0160is ugun\u012bgais skaistums ir ide\u0101ls papildin\u0101jums j\u016bsu virtuvei, pie\u0161\u0137irot eksotiku ar savu ko\u0161o kr\u0101su un intens\u012bvo gar\u0161u.\" \/>\n<meta property=\"og:url\" content=\"https:\/\/hotta.eu\/lv\/shop\/habanero-orange-seklas\/\" \/>\n<meta property=\"og:site_name\" content=\"Hotta\" \/>\n<meta property=\"article:publisher\" content=\"https:\/\/www.facebook.com\/hotta.eu\" \/>\n<meta property=\"article:modified_time\" content=\"2025-01-17T18:41:47+00:00\" \/>\n<meta property=\"og:image\" content=\"https:\/\/hotta.eu\/wp-content\/uploads\/2024\/12\/hot-chip-seeds-habanero-orange-1.jpg\" \/>\n\t<meta property=\"og:image:width\" content=\"1080\" \/>\n\t<meta property=\"og:image:height\" content=\"1080\" \/>\n\t<meta property=\"og:image:type\" content=\"image\/jpeg\" \/>\n<meta name=\"twitter:card\" content=\"summary_large_image\" \/>\n<meta name=\"twitter:site\" content=\"@hottashop\" \/>\n<meta name=\"twitter:label1\" content=\"Est. reading time\" \/>\n\t<meta name=\"twitter:data1\" content=\"1 minute\" \/>\n<script type=\"application\/ld+json\" class=\"yoast-schema-graph\">{\"@context\":\"https:\\\/\\\/schema.org\",\"@graph\":[{\"@type\":\"WebPage\",\"@id\":\"https:\\\/\\\/hotta.eu\\\/lv\\\/shop\\\/habanero-orange-seklas\\\/\",\"url\":\"https:\\\/\\\/hotta.eu\\\/lv\\\/shop\\\/habanero-orange-seklas\\\/\",\"name\":\"Habanero Orange s\u0113klas - Hotta\",\"isPartOf\":{\"@id\":\"https:\\\/\\\/hotta.eu\\\/lv\\\/#website\"},\"primaryImageOfPage\":{\"@id\":\"https:\\\/\\\/hotta.eu\\\/lv\\\/shop\\\/habanero-orange-seklas\\\/#primaryimage\"},\"image\":{\"@id\":\"https:\\\/\\\/hotta.eu\\\/lv\\\/shop\\\/habanero-orange-seklas\\\/#primaryimage\"},\"thumbnailUrl\":\"https:\\\/\\\/hotta.eu\\\/wp-content\\\/uploads\\\/2024\\\/12\\\/hot-chip-seeds-habanero-orange-1.jpg\",\"datePublished\":\"2024-12-03T14:32:45+00:00\",\"dateModified\":\"2025-01-17T18:41:47+00:00\",\"description\":\"Vai mekl\u0113jat kaut ko, kas pie\u0161\u0137irtu j\u016bsu galdam un d\u0101rzam papildu aizrau\u0161anos? Habanero Orange ir tie\u0161i tas, kas jums vajadz\u012bgs! \u0160is ugun\u012bgais skaistums ir ide\u0101ls papildin\u0101jums j\u016bsu virtuvei, pie\u0161\u0137irot eksotiku ar savu ko\u0161o kr\u0101su un intens\u012bvo gar\u0161u.\",\"breadcrumb\":{\"@id\":\"https:\\\/\\\/hotta.eu\\\/lv\\\/shop\\\/habanero-orange-seklas\\\/#breadcrumb\"},\"inLanguage\":\"lv-LV\",\"potentialAction\":[{\"@type\":\"ReadAction\",\"target\":[\"https:\\\/\\\/hotta.eu\\\/lv\\\/shop\\\/habanero-orange-seklas\\\/\"]}]},{\"@type\":\"ImageObject\",\"inLanguage\":\"lv-LV\",\"@id\":\"https:\\\/\\\/hotta.eu\\\/lv\\\/shop\\\/habanero-orange-seklas\\\/#primaryimage\",\"url\":\"https:\\\/\\\/hotta.eu\\\/wp-content\\\/uploads\\\/2024\\\/12\\\/hot-chip-seeds-habanero-orange-1.jpg\",\"contentUrl\":\"https:\\\/\\\/hotta.eu\\\/wp-content\\\/uploads\\\/2024\\\/12\\\/hot-chip-seeds-habanero-orange-1.jpg\",\"width\":1080,\"height\":1080},{\"@type\":\"BreadcrumbList\",\"@id\":\"https:\\\/\\\/hotta.eu\\\/lv\\\/shop\\\/habanero-orange-seklas\\\/#breadcrumb\",\"itemListElement\":[{\"@type\":\"ListItem\",\"position\":1,\"name\":\"S\u0101kums\",\"item\":\"https:\\\/\\\/hotta.eu\\\/lv\\\/\"},{\"@type\":\"ListItem\",\"position\":2,\"name\":\"Veikals\",\"item\":\"https:\\\/\\\/hotta.eu\\\/lv\\\/shop\\\/\"},{\"@type\":\"ListItem\",\"position\":3,\"name\":\"Habanero Orange s\u0113klas\"}]},{\"@type\":\"WebSite\",\"@id\":\"https:\\\/\\\/hotta.eu\\\/lv\\\/#website\",\"url\":\"https:\\\/\\\/hotta.eu\\\/lv\\\/\",\"name\":\"Hotta\",\"description\":\"Makes your mouth burn a lotta!\",\"publisher\":{\"@id\":\"https:\\\/\\\/hotta.eu\\\/lv\\\/#organization\"},\"potentialAction\":[{\"@type\":\"SearchAction\",\"target\":{\"@type\":\"EntryPoint\",\"urlTemplate\":\"https:\\\/\\\/hotta.eu\\\/lv\\\/?s={search_term_string}\"},\"query-input\":{\"@type\":\"PropertyValueSpecification\",\"valueRequired\":true,\"valueName\":\"search_term_string\"}}],\"inLanguage\":\"lv-LV\"},{\"@type\":\"Organization\",\"@id\":\"https:\\\/\\\/hotta.eu\\\/lv\\\/#organization\",\"name\":\"Hotta\",\"url\":\"https:\\\/\\\/hotta.eu\\\/lv\\\/\",\"logo\":{\"@type\":\"ImageObject\",\"inLanguage\":\"lv-LV\",\"@id\":\"https:\\\/\\\/hotta.eu\\\/lv\\\/#\\\/schema\\\/logo\\\/image\\\/\",\"url\":\"https:\\\/\\\/hotta.eu\\\/wp-content\\\/uploads\\\/2025\\\/04\\\/hotta-logo-invoice.png\",\"contentUrl\":\"https:\\\/\\\/hotta.eu\\\/wp-content\\\/uploads\\\/2025\\\/04\\\/hotta-logo-invoice.png\",\"width\":600,\"height\":411,\"caption\":\"Hotta\"},\"image\":{\"@id\":\"https:\\\/\\\/hotta.eu\\\/lv\\\/#\\\/schema\\\/logo\\\/image\\\/\"},\"sameAs\":[\"https:\\\/\\\/www.facebook.com\\\/hotta.eu\",\"https:\\\/\\\/x.com\\\/hottashop\",\"https:\\\/\\\/www.instagram.com\\\/hotta.shop\"]}]}<\/script>\n<!-- \/ Yoast SEO plugin. -->","yoast_head_json":{"title":"Habanero Orange s\u0113klas - Hotta","description":"Vai mekl\u0113jat kaut ko, kas pie\u0161\u0137irtu j\u016bsu galdam un d\u0101rzam papildu aizrau\u0161anos? Habanero Orange ir tie\u0161i tas, kas jums vajadz\u012bgs! \u0160is ugun\u012bgais skaistums ir ide\u0101ls papildin\u0101jums j\u016bsu virtuvei, pie\u0161\u0137irot eksotiku ar savu ko\u0161o kr\u0101su un intens\u012bvo gar\u0161u.","robots":{"index":"index","follow":"follow","max-snippet":"max-snippet:-1","max-image-preview":"max-image-preview:large","max-video-preview":"max-video-preview:-1"},"canonical":"https:\/\/hotta.eu\/lv\/shop\/habanero-orange-seklas\/","og_locale":"lv_LV","og_type":"article","og_title":"Habanero Orange s\u0113klas - Hotta","og_description":"Vai mekl\u0113jat kaut ko, kas pie\u0161\u0137irtu j\u016bsu galdam un d\u0101rzam papildu aizrau\u0161anos? Habanero Orange ir tie\u0161i tas, kas jums vajadz\u012bgs! \u0160is ugun\u012bgais skaistums ir ide\u0101ls papildin\u0101jums j\u016bsu virtuvei, pie\u0161\u0137irot eksotiku ar savu ko\u0161o kr\u0101su un intens\u012bvo gar\u0161u.","og_url":"https:\/\/hotta.eu\/lv\/shop\/habanero-orange-seklas\/","og_site_name":"Hotta","article_publisher":"https:\/\/www.facebook.com\/hotta.eu","article_modified_time":"2025-01-17T18:41:47+00:00","og_image":[{"width":1080,"height":1080,"url":"https:\/\/hotta.eu\/wp-content\/uploads\/2024\/12\/hot-chip-seeds-habanero-orange-1.jpg","type":"image\/jpeg"}],"twitter_card":"summary_large_image","twitter_site":"@hottashop","twitter_misc":{"Est. reading time":"1 minute"},"schema":{"@context":"https:\/\/schema.org","@graph":[{"@type":"WebPage","@id":"https:\/\/hotta.eu\/lv\/shop\/habanero-orange-seklas\/","url":"https:\/\/hotta.eu\/lv\/shop\/habanero-orange-seklas\/","name":"Habanero Orange s\u0113klas - Hotta","isPartOf":{"@id":"https:\/\/hotta.eu\/lv\/#website"},"primaryImageOfPage":{"@id":"https:\/\/hotta.eu\/lv\/shop\/habanero-orange-seklas\/#primaryimage"},"image":{"@id":"https:\/\/hotta.eu\/lv\/shop\/habanero-orange-seklas\/#primaryimage"},"thumbnailUrl":"https:\/\/hotta.eu\/wp-content\/uploads\/2024\/12\/hot-chip-seeds-habanero-orange-1.jpg","datePublished":"2024-12-03T14:32:45+00:00","dateModified":"2025-01-17T18:41:47+00:00","description":"Vai mekl\u0113jat kaut ko, kas pie\u0161\u0137irtu j\u016bsu galdam un d\u0101rzam papildu aizrau\u0161anos? Habanero Orange ir tie\u0161i tas, kas jums vajadz\u012bgs! \u0160is ugun\u012bgais skaistums ir ide\u0101ls papildin\u0101jums j\u016bsu virtuvei, pie\u0161\u0137irot eksotiku ar savu ko\u0161o kr\u0101su un intens\u012bvo gar\u0161u.","breadcrumb":{"@id":"https:\/\/hotta.eu\/lv\/shop\/habanero-orange-seklas\/#breadcrumb"},"inLanguage":"lv-LV","potentialAction":[{"@type":"ReadAction","target":["https:\/\/hotta.eu\/lv\/shop\/habanero-orange-seklas\/"]}]},{"@type":"ImageObject","inLanguage":"lv-LV","@id":"https:\/\/hotta.eu\/lv\/shop\/habanero-orange-seklas\/#primaryimage","url":"https:\/\/hotta.eu\/wp-content\/uploads\/2024\/12\/hot-chip-seeds-habanero-orange-1.jpg","contentUrl":"https:\/\/hotta.eu\/wp-content\/uploads\/2024\/12\/hot-chip-seeds-habanero-orange-1.jpg","width":1080,"height":1080},{"@type":"BreadcrumbList","@id":"https:\/\/hotta.eu\/lv\/shop\/habanero-orange-seklas\/#breadcrumb","itemListElement":[{"@type":"ListItem","position":1,"name":"S\u0101kums","item":"https:\/\/hotta.eu\/lv\/"},{"@type":"ListItem","position":2,"name":"Veikals","item":"https:\/\/hotta.eu\/lv\/shop\/"},{"@type":"ListItem","position":3,"name":"Habanero Orange s\u0113klas"}]},{"@type":"WebSite","@id":"https:\/\/hotta.eu\/lv\/#website","url":"https:\/\/hotta.eu\/lv\/","name":"Hotta","description":"Makes your mouth burn a lotta!","publisher":{"@id":"https:\/\/hotta.eu\/lv\/#organization"},"potentialAction":[{"@type":"SearchAction","target":{"@type":"EntryPoint","urlTemplate":"https:\/\/hotta.eu\/lv\/?s={search_term_string}"},"query-input":{"@type":"PropertyValueSpecification","valueRequired":true,"valueName":"search_term_string"}}],"inLanguage":"lv-LV"},{"@type":"Organization","@id":"https:\/\/hotta.eu\/lv\/#organization","name":"Hotta","url":"https:\/\/hotta.eu\/lv\/","logo":{"@type":"ImageObject","inLanguage":"lv-LV","@id":"https:\/\/hotta.eu\/lv\/#\/schema\/logo\/image\/","url":"https:\/\/hotta.eu\/wp-content\/uploads\/2025\/04\/hotta-logo-invoice.png","contentUrl":"https:\/\/hotta.eu\/wp-content\/uploads\/2025\/04\/hotta-logo-invoice.png","width":600,"height":411,"caption":"Hotta"},"image":{"@id":"https:\/\/hotta.eu\/lv\/#\/schema\/logo\/image\/"},"sameAs":["https:\/\/www.facebook.com\/hotta.eu","https:\/\/x.com\/hottashop","https:\/\/www.instagram.com\/hotta.shop"]}]}},"jetpack_sharing_enabled":true,"_links":{"self":[{"href":"https:\/\/hotta.eu\/lv\/wp-json\/wp\/v2\/product\/20992","targetHints":{"allow":["GET"]}}],"collection":[{"href":"https:\/\/hotta.eu\/lv\/wp-json\/wp\/v2\/product"}],"about":[{"href":"https:\/\/hotta.eu\/lv\/wp-json\/wp\/v2\/types\/product"}],"replies":[{"embeddable":true,"href":"https:\/\/hotta.eu\/lv\/wp-json\/wp\/v2\/comments?post=20992"}],"wp:featuredmedia":[{"embeddable":true,"href":"https:\/\/hotta.eu\/lv\/wp-json\/wp\/v2\/media\/21000"}],"wp:attachment":[{"href":"https:\/\/hotta.eu\/lv\/wp-json\/wp\/v2\/media?parent=20992"}],"wp:term":[{"taxonomy":"product_cat","embeddable":true,"href":"https:\/\/hotta.eu\/lv\/wp-json\/wp\/v2\/product_cat?post=20992"},{"taxonomy":"product_tag","embeddable":true,"href":"https:\/\/hotta.eu\/lv\/wp-json\/wp\/v2\/product_tag?post=20992"},{"taxonomy":"giftcard-category","embeddable":true,"href":"https:\/\/hotta.eu\/lv\/wp-json\/wp\/v2\/giftcard-category?post=20992"}],"curies":[{"name":"wp","href":"https:\/\/api.w.org\/{rel}","templated":true}]}}