{"id":21009,"date":"2024-12-03T17:24:33","date_gmt":"2024-12-03T15:24:33","guid":{"rendered":"https:\/\/hotta.eu\/?post_type=product&#038;p=21009"},"modified":"2024-12-27T12:40:17","modified_gmt":"2024-12-27T10:40:17","slug":"tabasco-seklas","status":"publish","type":"product","link":"https:\/\/hotta.eu\/lv\/shop\/tabasco-seklas\/","title":{"rendered":"Tabasco s\u0113klas"},"content":{"rendered":"<table border=\"0\">\n<tbody>\n<tr>\n<td>\ud83c\udf36\ufe0f Skovila vien\u012bbas (SHU)<\/td>\n<td>5 000<\/td>\n<\/tr>\n<tr>\n<td>\ud83d\udd25 Asums<\/td>\n<td><a href=\"https:\/\/hotta.eu\/wp-content\/uploads\/2024\/12\/a053c12edf12cb3e72ed65c1d6bbfd63.svg\"><img decoding=\"async\" class=\"alignnone wp-image-21011 size-full\" src=\"https:\/\/hotta.eu\/wp-content\/uploads\/2024\/12\/a053c12edf12cb3e72ed65c1d6bbfd63.svg\" alt=\"\" width=\"120\" height=\"64\" \/><\/a><\/td>\n<\/tr>\n<\/tbody>\n<\/table>\n<p><strong>Icelsmes un kvalit\u0101tes sertifik\u0101cija<\/strong><br \/>\nVai zin\u0101j\u0101t, ka s\u0113kl\u0101m var b\u016bt savs pase (sertifik\u0101ts)? Hot Chip s\u0113kl\u0101m t\u0101da ir. T\u0101s ir ne tikai sertific\u0113tas, bet ar\u012b pien\u0101c\u012bgi re\u0123istr\u0113tas. T\u0101d\u0113\u013c varat b\u016bt p\u0101rliecin\u0101ti par augstas kvalit\u0101tes s\u0113kl\u0101m un virs vid\u0113j\u0101 l\u012bme\u0146a d\u012bgtsp\u0113ju.<\/p>\n","protected":false},"excerpt":{"rendered":"<p class=\"p1\">Vai v\u0113laties audz\u0113t \u010dili piparu, ko var izmantot daudzos da\u017e\u0101dos veidos? Tad Tabasco ir piln\u012bgi neaizst\u0101jama izv\u0113le. \u0160\u012b le\u0123end\u0101r\u0101 \u0161\u0137irne ir paz\u012bstama ar m\u0113renu asumu un unik\u0101lu gar\u0161u, kas pie\u0161\u0137ir \u0113dieniem tie\u0161i vajadz\u012bgo pikantumu.<\/p>\n<p class=\"p1\"><strong>Audz\u0113\u0161ana<br \/>\n<\/strong>Tabasco \u010dili pipari, kurus izmanto Tabasco m\u0113rces pagatavo\u0161anai, ir viena no viegl\u0101k audz\u0113jamaj\u0101m \u0161\u0137irn\u0113m. Tos nepiecie\u0161ams tur\u0113t vienm\u0113r\u012bg\u0101 temperat\u016br\u0101 ap 24 \u00b0C, un to d\u012bg\u0161anai un aug\u0161anai nepiecie\u0161ams daudz saules gaismas. Kad s\u0113klas ir sad\u012bgu\u0161as, pietiek ar regul\u0101ru laist\u012b\u0161anu un bar\u012bbas viel\u0101m. \u0160ie augi labi aug gan dob\u0113s, gan liel\u0101kos podos, un vasar\u0101 tos var p\u0101rvietot uz balkona.<\/p>\n<p><strong>Izskats un gar\u0161a<br \/>\n<\/strong>Tabasco piparus uzskata par dekorat\u012bviem, un augi izaug l\u012bdz aptuveni 50 cm augstumam. Aug\u013ci ir iegareni, izm\u0113r\u0101 3\u20135 cm, un nogatavojas apm\u0113ram 80 dienu laik\u0101, pamaz\u0101m mainot kr\u0101su no za\u013cas uz dzeltenu un visbeidzot uz spilgti sarkanu. \u0160ie mazie un \u0161aurie aug\u013ci ir ne tikai skaisti, bet ar\u012b ar intens\u012bvu gar\u0161u. Pirmais kumoss p\u0101rsteidz ar svaigu un aug\u013cainu gar\u0161u, kas \u0101tri p\u0101rv\u0113r\u0161as sp\u0113c\u012bg\u0101 asuma saj\u016bt\u0101. Tabasco ir lielisks papildin\u0101jums m\u0113rc\u0113m, sals\u0101m, marin\u0101d\u0113m un \u0113dienu bag\u0101tin\u0101\u0161anai.<br \/>\n[ywcwtl_form product_id=\"\"]<\/p>\n","protected":false},"featured_media":21017,"comment_status":"open","ping_status":"closed","template":"","meta":[],"product_cat":[934],"product_tag":[],"giftcard-category":[],"class_list":{"0":"post-21009","1":"product","2":"type-product","3":"status-publish","4":"has-post-thumbnail","6":"product_cat-seklas","7":"pa_brand-hot-chip","9":"first","10":"outofstock","11":"taxable","12":"shipping-taxable","13":"purchasable","14":"product-type-simple"},"yoast_head":"<!-- This site is optimized with the Yoast SEO plugin v27.3 - https:\/\/yoast.com\/product\/yoast-seo-wordpress\/ -->\n<title>Tabasco s\u0113klas - Hotta<\/title>\n<meta name=\"description\" content=\"Vai v\u0113laties audz\u0113t \u010dilli, ko var izmantot da\u017e\u0101dos veidos? Tad Tabasko ir absol\u016bti neaizst\u0101jama izv\u0113le. T\u0101 ir viena no le\u0123end\u0101r\u0101kaj\u0101m \u0161\u0137irn\u0113m!\" \/>\n<meta name=\"robots\" content=\"index, follow, max-snippet:-1, max-image-preview:large, max-video-preview:-1\" \/>\n<link rel=\"canonical\" href=\"https:\/\/hotta.eu\/lv\/shop\/tabasco-seklas\/\" \/>\n<meta property=\"og:locale\" content=\"lv_LV\" \/>\n<meta property=\"og:type\" content=\"article\" \/>\n<meta property=\"og:title\" content=\"Tabasco s\u0113klas - Hotta\" \/>\n<meta property=\"og:description\" content=\"Vai v\u0113laties audz\u0113t \u010dilli, ko var izmantot da\u017e\u0101dos veidos? Tad Tabasko ir absol\u016bti neaizst\u0101jama izv\u0113le. T\u0101 ir viena no le\u0123end\u0101r\u0101kaj\u0101m \u0161\u0137irn\u0113m!\" \/>\n<meta property=\"og:url\" content=\"https:\/\/hotta.eu\/lv\/shop\/tabasco-seklas\/\" \/>\n<meta property=\"og:site_name\" content=\"Hotta\" \/>\n<meta property=\"article:publisher\" content=\"https:\/\/www.facebook.com\/hotta.eu\" \/>\n<meta property=\"article:modified_time\" content=\"2024-12-27T10:40:17+00:00\" \/>\n<meta property=\"og:image\" content=\"https:\/\/hotta.eu\/wp-content\/uploads\/2024\/12\/hot-chip-seeds-tabasco-1.jpg\" \/>\n\t<meta property=\"og:image:width\" content=\"1080\" \/>\n\t<meta property=\"og:image:height\" content=\"1080\" \/>\n\t<meta property=\"og:image:type\" content=\"image\/jpeg\" \/>\n<meta name=\"twitter:card\" content=\"summary_large_image\" \/>\n<meta name=\"twitter:site\" content=\"@hottashop\" \/>\n<meta name=\"twitter:label1\" content=\"Est. reading time\" \/>\n\t<meta name=\"twitter:data1\" content=\"1 minute\" \/>\n<script type=\"application\/ld+json\" class=\"yoast-schema-graph\">{\"@context\":\"https:\\\/\\\/schema.org\",\"@graph\":[{\"@type\":\"WebPage\",\"@id\":\"https:\\\/\\\/hotta.eu\\\/lv\\\/shop\\\/tabasco-seklas\\\/\",\"url\":\"https:\\\/\\\/hotta.eu\\\/lv\\\/shop\\\/tabasco-seklas\\\/\",\"name\":\"Tabasco s\u0113klas - Hotta\",\"isPartOf\":{\"@id\":\"https:\\\/\\\/hotta.eu\\\/lv\\\/#website\"},\"primaryImageOfPage\":{\"@id\":\"https:\\\/\\\/hotta.eu\\\/lv\\\/shop\\\/tabasco-seklas\\\/#primaryimage\"},\"image\":{\"@id\":\"https:\\\/\\\/hotta.eu\\\/lv\\\/shop\\\/tabasco-seklas\\\/#primaryimage\"},\"thumbnailUrl\":\"https:\\\/\\\/hotta.eu\\\/wp-content\\\/uploads\\\/2024\\\/12\\\/hot-chip-seeds-tabasco-1.jpg\",\"datePublished\":\"2024-12-03T15:24:33+00:00\",\"dateModified\":\"2024-12-27T10:40:17+00:00\",\"description\":\"Vai v\u0113laties audz\u0113t \u010dilli, ko var izmantot da\u017e\u0101dos veidos? Tad Tabasko ir absol\u016bti neaizst\u0101jama izv\u0113le. T\u0101 ir viena no le\u0123end\u0101r\u0101kaj\u0101m \u0161\u0137irn\u0113m!\",\"breadcrumb\":{\"@id\":\"https:\\\/\\\/hotta.eu\\\/lv\\\/shop\\\/tabasco-seklas\\\/#breadcrumb\"},\"inLanguage\":\"lv-LV\",\"potentialAction\":[{\"@type\":\"ReadAction\",\"target\":[\"https:\\\/\\\/hotta.eu\\\/lv\\\/shop\\\/tabasco-seklas\\\/\"]}]},{\"@type\":\"ImageObject\",\"inLanguage\":\"lv-LV\",\"@id\":\"https:\\\/\\\/hotta.eu\\\/lv\\\/shop\\\/tabasco-seklas\\\/#primaryimage\",\"url\":\"https:\\\/\\\/hotta.eu\\\/wp-content\\\/uploads\\\/2024\\\/12\\\/hot-chip-seeds-tabasco-1.jpg\",\"contentUrl\":\"https:\\\/\\\/hotta.eu\\\/wp-content\\\/uploads\\\/2024\\\/12\\\/hot-chip-seeds-tabasco-1.jpg\",\"width\":1080,\"height\":1080},{\"@type\":\"BreadcrumbList\",\"@id\":\"https:\\\/\\\/hotta.eu\\\/lv\\\/shop\\\/tabasco-seklas\\\/#breadcrumb\",\"itemListElement\":[{\"@type\":\"ListItem\",\"position\":1,\"name\":\"S\u0101kums\",\"item\":\"https:\\\/\\\/hotta.eu\\\/lv\\\/sakumlapa\\\/\"},{\"@type\":\"ListItem\",\"position\":2,\"name\":\"Veikals\",\"item\":\"https:\\\/\\\/hotta.eu\\\/lv\\\/shop\\\/\"},{\"@type\":\"ListItem\",\"position\":3,\"name\":\"Tabasco s\u0113klas\"}]},{\"@type\":\"WebSite\",\"@id\":\"https:\\\/\\\/hotta.eu\\\/lv\\\/#website\",\"url\":\"https:\\\/\\\/hotta.eu\\\/lv\\\/\",\"name\":\"Hotta\",\"description\":\"Makes your mouth burn a lotta!\",\"publisher\":{\"@id\":\"https:\\\/\\\/hotta.eu\\\/lv\\\/#organization\"},\"potentialAction\":[{\"@type\":\"SearchAction\",\"target\":{\"@type\":\"EntryPoint\",\"urlTemplate\":\"https:\\\/\\\/hotta.eu\\\/lv\\\/?s={search_term_string}\"},\"query-input\":{\"@type\":\"PropertyValueSpecification\",\"valueRequired\":true,\"valueName\":\"search_term_string\"}}],\"inLanguage\":\"lv-LV\"},{\"@type\":\"Organization\",\"@id\":\"https:\\\/\\\/hotta.eu\\\/lv\\\/#organization\",\"name\":\"Hotta\",\"url\":\"https:\\\/\\\/hotta.eu\\\/lv\\\/\",\"logo\":{\"@type\":\"ImageObject\",\"inLanguage\":\"lv-LV\",\"@id\":\"https:\\\/\\\/hotta.eu\\\/lv\\\/#\\\/schema\\\/logo\\\/image\\\/\",\"url\":\"https:\\\/\\\/hotta.eu\\\/wp-content\\\/uploads\\\/2025\\\/04\\\/hotta-logo-invoice.png\",\"contentUrl\":\"https:\\\/\\\/hotta.eu\\\/wp-content\\\/uploads\\\/2025\\\/04\\\/hotta-logo-invoice.png\",\"width\":600,\"height\":411,\"caption\":\"Hotta\"},\"image\":{\"@id\":\"https:\\\/\\\/hotta.eu\\\/lv\\\/#\\\/schema\\\/logo\\\/image\\\/\"},\"sameAs\":[\"https:\\\/\\\/www.facebook.com\\\/hotta.eu\",\"https:\\\/\\\/x.com\\\/hottashop\",\"https:\\\/\\\/www.instagram.com\\\/hotta.shop\"]}]}<\/script>\n<!-- \/ Yoast SEO plugin. -->","yoast_head_json":{"title":"Tabasco s\u0113klas - Hotta","description":"Vai v\u0113laties audz\u0113t \u010dilli, ko var izmantot da\u017e\u0101dos veidos? Tad Tabasko ir absol\u016bti neaizst\u0101jama izv\u0113le. T\u0101 ir viena no le\u0123end\u0101r\u0101kaj\u0101m \u0161\u0137irn\u0113m!","robots":{"index":"index","follow":"follow","max-snippet":"max-snippet:-1","max-image-preview":"max-image-preview:large","max-video-preview":"max-video-preview:-1"},"canonical":"https:\/\/hotta.eu\/lv\/shop\/tabasco-seklas\/","og_locale":"lv_LV","og_type":"article","og_title":"Tabasco s\u0113klas - Hotta","og_description":"Vai v\u0113laties audz\u0113t \u010dilli, ko var izmantot da\u017e\u0101dos veidos? Tad Tabasko ir absol\u016bti neaizst\u0101jama izv\u0113le. T\u0101 ir viena no le\u0123end\u0101r\u0101kaj\u0101m \u0161\u0137irn\u0113m!","og_url":"https:\/\/hotta.eu\/lv\/shop\/tabasco-seklas\/","og_site_name":"Hotta","article_publisher":"https:\/\/www.facebook.com\/hotta.eu","article_modified_time":"2024-12-27T10:40:17+00:00","og_image":[{"width":1080,"height":1080,"url":"https:\/\/hotta.eu\/wp-content\/uploads\/2024\/12\/hot-chip-seeds-tabasco-1.jpg","type":"image\/jpeg"}],"twitter_card":"summary_large_image","twitter_site":"@hottashop","twitter_misc":{"Est. reading time":"1 minute"},"schema":{"@context":"https:\/\/schema.org","@graph":[{"@type":"WebPage","@id":"https:\/\/hotta.eu\/lv\/shop\/tabasco-seklas\/","url":"https:\/\/hotta.eu\/lv\/shop\/tabasco-seklas\/","name":"Tabasco s\u0113klas - Hotta","isPartOf":{"@id":"https:\/\/hotta.eu\/lv\/#website"},"primaryImageOfPage":{"@id":"https:\/\/hotta.eu\/lv\/shop\/tabasco-seklas\/#primaryimage"},"image":{"@id":"https:\/\/hotta.eu\/lv\/shop\/tabasco-seklas\/#primaryimage"},"thumbnailUrl":"https:\/\/hotta.eu\/wp-content\/uploads\/2024\/12\/hot-chip-seeds-tabasco-1.jpg","datePublished":"2024-12-03T15:24:33+00:00","dateModified":"2024-12-27T10:40:17+00:00","description":"Vai v\u0113laties audz\u0113t \u010dilli, ko var izmantot da\u017e\u0101dos veidos? Tad Tabasko ir absol\u016bti neaizst\u0101jama izv\u0113le. T\u0101 ir viena no le\u0123end\u0101r\u0101kaj\u0101m \u0161\u0137irn\u0113m!","breadcrumb":{"@id":"https:\/\/hotta.eu\/lv\/shop\/tabasco-seklas\/#breadcrumb"},"inLanguage":"lv-LV","potentialAction":[{"@type":"ReadAction","target":["https:\/\/hotta.eu\/lv\/shop\/tabasco-seklas\/"]}]},{"@type":"ImageObject","inLanguage":"lv-LV","@id":"https:\/\/hotta.eu\/lv\/shop\/tabasco-seklas\/#primaryimage","url":"https:\/\/hotta.eu\/wp-content\/uploads\/2024\/12\/hot-chip-seeds-tabasco-1.jpg","contentUrl":"https:\/\/hotta.eu\/wp-content\/uploads\/2024\/12\/hot-chip-seeds-tabasco-1.jpg","width":1080,"height":1080},{"@type":"BreadcrumbList","@id":"https:\/\/hotta.eu\/lv\/shop\/tabasco-seklas\/#breadcrumb","itemListElement":[{"@type":"ListItem","position":1,"name":"S\u0101kums","item":"https:\/\/hotta.eu\/lv\/sakumlapa\/"},{"@type":"ListItem","position":2,"name":"Veikals","item":"https:\/\/hotta.eu\/lv\/shop\/"},{"@type":"ListItem","position":3,"name":"Tabasco s\u0113klas"}]},{"@type":"WebSite","@id":"https:\/\/hotta.eu\/lv\/#website","url":"https:\/\/hotta.eu\/lv\/","name":"Hotta","description":"Makes your mouth burn a lotta!","publisher":{"@id":"https:\/\/hotta.eu\/lv\/#organization"},"potentialAction":[{"@type":"SearchAction","target":{"@type":"EntryPoint","urlTemplate":"https:\/\/hotta.eu\/lv\/?s={search_term_string}"},"query-input":{"@type":"PropertyValueSpecification","valueRequired":true,"valueName":"search_term_string"}}],"inLanguage":"lv-LV"},{"@type":"Organization","@id":"https:\/\/hotta.eu\/lv\/#organization","name":"Hotta","url":"https:\/\/hotta.eu\/lv\/","logo":{"@type":"ImageObject","inLanguage":"lv-LV","@id":"https:\/\/hotta.eu\/lv\/#\/schema\/logo\/image\/","url":"https:\/\/hotta.eu\/wp-content\/uploads\/2025\/04\/hotta-logo-invoice.png","contentUrl":"https:\/\/hotta.eu\/wp-content\/uploads\/2025\/04\/hotta-logo-invoice.png","width":600,"height":411,"caption":"Hotta"},"image":{"@id":"https:\/\/hotta.eu\/lv\/#\/schema\/logo\/image\/"},"sameAs":["https:\/\/www.facebook.com\/hotta.eu","https:\/\/x.com\/hottashop","https:\/\/www.instagram.com\/hotta.shop"]}]}},"jetpack_sharing_enabled":true,"_links":{"self":[{"href":"https:\/\/hotta.eu\/lv\/wp-json\/wp\/v2\/product\/21009","targetHints":{"allow":["GET"]}}],"collection":[{"href":"https:\/\/hotta.eu\/lv\/wp-json\/wp\/v2\/product"}],"about":[{"href":"https:\/\/hotta.eu\/lv\/wp-json\/wp\/v2\/types\/product"}],"replies":[{"embeddable":true,"href":"https:\/\/hotta.eu\/lv\/wp-json\/wp\/v2\/comments?post=21009"}],"wp:featuredmedia":[{"embeddable":true,"href":"https:\/\/hotta.eu\/lv\/wp-json\/wp\/v2\/media\/21017"}],"wp:attachment":[{"href":"https:\/\/hotta.eu\/lv\/wp-json\/wp\/v2\/media?parent=21009"}],"wp:term":[{"taxonomy":"product_cat","embeddable":true,"href":"https:\/\/hotta.eu\/lv\/wp-json\/wp\/v2\/product_cat?post=21009"},{"taxonomy":"product_tag","embeddable":true,"href":"https:\/\/hotta.eu\/lv\/wp-json\/wp\/v2\/product_tag?post=21009"},{"taxonomy":"giftcard-category","embeddable":true,"href":"https:\/\/hotta.eu\/lv\/wp-json\/wp\/v2\/giftcard-category?post=21009"}],"curies":[{"name":"wp","href":"https:\/\/api.w.org\/{rel}","templated":true}]}}