{"id":21030,"date":"2024-12-04T14:11:15","date_gmt":"2024-12-04T12:11:15","guid":{"rendered":"https:\/\/hotta.eu\/?post_type=product&#038;p=21030"},"modified":"2024-12-27T12:40:17","modified_gmt":"2024-12-27T10:40:17","slug":"trinidad-moruga-scorpion-red-seklas","status":"publish","type":"product","link":"https:\/\/hotta.eu\/lv\/shop\/trinidad-moruga-scorpion-red-seklas\/","title":{"rendered":"Trinidad Moruga Scorpion Red s\u0113klas"},"content":{"rendered":"<table border=\"0\">\n<tbody>\n<tr>\n<td>\ud83c\udf36\ufe0f Skovila vien\u012bbas (SHU)<\/td>\n<td>1 800 000<\/td>\n<\/tr>\n<tr>\n<td>\ud83d\udd25 Asums<\/td>\n<td><a href=\"https:\/\/hotta.eu\/wp-content\/uploads\/2024\/12\/07dd7988d46218ca7e43976c826df30f.svg\"><img decoding=\"async\" class=\"alignnone wp-image-21032 size-full\" src=\"https:\/\/hotta.eu\/wp-content\/uploads\/2024\/12\/07dd7988d46218ca7e43976c826df30f.svg\" alt=\"\" width=\"120\" height=\"64\" \/><\/a><\/td>\n<\/tr>\n<\/tbody>\n<\/table>\n<p><strong>Icelsmes un kvalit\u0101tes sertifik\u0101cija<\/strong><br \/>\nVai zin\u0101j\u0101t, ka s\u0113kl\u0101m var b\u016bt savs pase (sertifik\u0101ts)? Hot Chip s\u0113kl\u0101m t\u0101da ir. T\u0101s ir ne tikai sertific\u0113tas, bet ar\u012b pien\u0101c\u012bgi re\u0123istr\u0113tas. T\u0101d\u0113\u013c varat b\u016bt p\u0101rliecin\u0101ti par augstas kvalit\u0101tes s\u0113kl\u0101m un virs vid\u0113j\u0101 l\u012bme\u0146a d\u012bgtsp\u0113ju.<\/p>\n","protected":false},"excerpt":{"rendered":"<p class=\"p1\">Dz\u012bve ir p\u0101r\u0101k \u012bsa, lai \u0113diens b\u016btu garlaic\u012bgs. Negaidiet vairs ne mirkli &#8211; dodiet za\u013co gaismu \u0161im ugun\u012bgajam \u010dilli piedz\u012bvojumam! Ja mekl\u0113jat izaicin\u0101jumu, Trinidad Moruga Scorpion Red audz\u0113\u0161ana var\u0113tu b\u016bt dom\u0101ta tie\u0161i jums.<\/p>\n<p class=\"p1\"><strong>Audz\u0113\u0161ana<br \/>\n<\/strong>\u0160\u012b \u010dili s\u0113klas ir jut\u012bgas pret temperat\u016bras sv\u0101rst\u012bb\u0101m d\u012bg\u0161anas laik\u0101 un vislab\u0101k aug vienm\u0113r\u012bg\u0101 25\u00b0C temperat\u016br\u0101. Kad t\u0101s ir izd\u012bgu\u0161as, t\u0101m nepiecie\u0161ams tikai daudz gaismas, regul\u0101ra laist\u012b\u0161ana un m\u0113slo\u0161ana. Trinidad Moruga Scorpion Red atalgos tevi ar skaistiem aug\u013ciem, \u012bpa\u0161i, ja to audz\u0113 siltumn\u012bc\u0101, tune\u013csiltumn\u012bc\u0101 vai saulain\u0101 viet\u0101. Augs parasti sasniedz 120\u2013170 cm augstumu, un aug\u013ci nogatavojas aptuveni 130 dien\u0101s.<\/p>\n<p><strong>Izskats un gar\u0161a<br \/>\n<\/strong>\u0160\u012b pipara aug\u013ci ir 3\u20135 cm lieli, p\u0101rsvar\u0101 apa\u013cas formas un spilgti sarkani. Ja sp\u0113si p\u0101rvar\u0113t mut\u0113 eso\u0161o 2 000 000 SHU asumu, tevi sagaida pat\u012bkama gar\u0161as pieredze. Papildus \u0101rk\u0101rt\u012bgajam asajam asumam Trinidad Moruga Scorpion Red pied\u0101v\u0101 ar\u012b aug\u013cainu, gandr\u012bz saldu gar\u0161u.<br \/>\n[ywcwtl_form product_id=\"\"]<\/p>\n","protected":false},"featured_media":21038,"comment_status":"open","ping_status":"closed","template":"","meta":[],"product_cat":[934],"product_tag":[],"giftcard-category":[],"class_list":{"0":"post-21030","1":"product","2":"type-product","3":"status-publish","4":"has-post-thumbnail","6":"product_cat-seklas","7":"pa_brand-hot-chip","9":"first","10":"outofstock","11":"taxable","12":"shipping-taxable","13":"purchasable","14":"product-type-simple"},"yoast_head":"<!-- This site is optimized with the Yoast SEO plugin v27.4 - https:\/\/yoast.com\/product\/yoast-seo-wordpress\/ -->\n<title>Trinidad Moruga Scorpion Red s\u0113klas - Hotta<\/title>\n<meta name=\"description\" content=\"Dz\u012bve ir p\u0101r\u0101k \u012bsa, lai \u0113diens b\u016btu garlaic\u012bgs. Negaidiet vairs ne mirkli - dodiet za\u013co gaismu \u0161im ugun\u012bgajam \u010dilli piedz\u012bvojumam! Ja mekl\u0113jat izaicin\u0101jumu, \u0161is ir tas \u012bstais!\" \/>\n<meta name=\"robots\" content=\"index, follow, max-snippet:-1, max-image-preview:large, max-video-preview:-1\" \/>\n<link rel=\"canonical\" href=\"https:\/\/hotta.eu\/lv\/shop\/trinidad-moruga-scorpion-red-seklas\/\" \/>\n<meta property=\"og:locale\" content=\"lv_LV\" \/>\n<meta property=\"og:type\" content=\"article\" \/>\n<meta property=\"og:title\" content=\"Trinidad Moruga Scorpion Red s\u0113klas - Hotta\" \/>\n<meta property=\"og:description\" content=\"Dz\u012bve ir p\u0101r\u0101k \u012bsa, lai \u0113diens b\u016btu garlaic\u012bgs. Negaidiet vairs ne mirkli - dodiet za\u013co gaismu \u0161im ugun\u012bgajam \u010dilli piedz\u012bvojumam! Ja mekl\u0113jat izaicin\u0101jumu, \u0161is ir tas \u012bstais!\" \/>\n<meta property=\"og:url\" content=\"https:\/\/hotta.eu\/lv\/shop\/trinidad-moruga-scorpion-red-seklas\/\" \/>\n<meta property=\"og:site_name\" content=\"Hotta\" \/>\n<meta property=\"article:publisher\" content=\"https:\/\/www.facebook.com\/hotta.eu\" \/>\n<meta property=\"article:modified_time\" content=\"2024-12-27T10:40:17+00:00\" \/>\n<meta property=\"og:image\" content=\"https:\/\/hotta.eu\/wp-content\/uploads\/2024\/12\/hot-chip-seeds-trinidad-moruga-1.jpg\" \/>\n\t<meta property=\"og:image:width\" content=\"1080\" \/>\n\t<meta property=\"og:image:height\" content=\"1080\" \/>\n\t<meta property=\"og:image:type\" content=\"image\/jpeg\" \/>\n<meta name=\"twitter:card\" content=\"summary_large_image\" \/>\n<meta name=\"twitter:site\" content=\"@hottashop\" \/>\n<meta name=\"twitter:label1\" content=\"Est. reading time\" \/>\n\t<meta name=\"twitter:data1\" content=\"1 minute\" \/>\n<script type=\"application\/ld+json\" class=\"yoast-schema-graph\">{\"@context\":\"https:\\\/\\\/schema.org\",\"@graph\":[{\"@type\":\"WebPage\",\"@id\":\"https:\\\/\\\/hotta.eu\\\/lv\\\/shop\\\/trinidad-moruga-scorpion-red-seklas\\\/\",\"url\":\"https:\\\/\\\/hotta.eu\\\/lv\\\/shop\\\/trinidad-moruga-scorpion-red-seklas\\\/\",\"name\":\"Trinidad Moruga Scorpion Red s\u0113klas - Hotta\",\"isPartOf\":{\"@id\":\"https:\\\/\\\/hotta.eu\\\/lv\\\/#website\"},\"primaryImageOfPage\":{\"@id\":\"https:\\\/\\\/hotta.eu\\\/lv\\\/shop\\\/trinidad-moruga-scorpion-red-seklas\\\/#primaryimage\"},\"image\":{\"@id\":\"https:\\\/\\\/hotta.eu\\\/lv\\\/shop\\\/trinidad-moruga-scorpion-red-seklas\\\/#primaryimage\"},\"thumbnailUrl\":\"https:\\\/\\\/hotta.eu\\\/wp-content\\\/uploads\\\/2024\\\/12\\\/hot-chip-seeds-trinidad-moruga-1.jpg\",\"datePublished\":\"2024-12-04T12:11:15+00:00\",\"dateModified\":\"2024-12-27T10:40:17+00:00\",\"description\":\"Dz\u012bve ir p\u0101r\u0101k \u012bsa, lai \u0113diens b\u016btu garlaic\u012bgs. Negaidiet vairs ne mirkli - dodiet za\u013co gaismu \u0161im ugun\u012bgajam \u010dilli piedz\u012bvojumam! Ja mekl\u0113jat izaicin\u0101jumu, \u0161is ir tas \u012bstais!\",\"breadcrumb\":{\"@id\":\"https:\\\/\\\/hotta.eu\\\/lv\\\/shop\\\/trinidad-moruga-scorpion-red-seklas\\\/#breadcrumb\"},\"inLanguage\":\"lv-LV\",\"potentialAction\":[{\"@type\":\"ReadAction\",\"target\":[\"https:\\\/\\\/hotta.eu\\\/lv\\\/shop\\\/trinidad-moruga-scorpion-red-seklas\\\/\"]}]},{\"@type\":\"ImageObject\",\"inLanguage\":\"lv-LV\",\"@id\":\"https:\\\/\\\/hotta.eu\\\/lv\\\/shop\\\/trinidad-moruga-scorpion-red-seklas\\\/#primaryimage\",\"url\":\"https:\\\/\\\/hotta.eu\\\/wp-content\\\/uploads\\\/2024\\\/12\\\/hot-chip-seeds-trinidad-moruga-1.jpg\",\"contentUrl\":\"https:\\\/\\\/hotta.eu\\\/wp-content\\\/uploads\\\/2024\\\/12\\\/hot-chip-seeds-trinidad-moruga-1.jpg\",\"width\":1080,\"height\":1080},{\"@type\":\"BreadcrumbList\",\"@id\":\"https:\\\/\\\/hotta.eu\\\/lv\\\/shop\\\/trinidad-moruga-scorpion-red-seklas\\\/#breadcrumb\",\"itemListElement\":[{\"@type\":\"ListItem\",\"position\":1,\"name\":\"S\u0101kums\",\"item\":\"https:\\\/\\\/hotta.eu\\\/lv\\\/sakumlapa\\\/\"},{\"@type\":\"ListItem\",\"position\":2,\"name\":\"Veikals\",\"item\":\"https:\\\/\\\/hotta.eu\\\/lv\\\/shop\\\/\"},{\"@type\":\"ListItem\",\"position\":3,\"name\":\"Trinidad Moruga Scorpion Red s\u0113klas\"}]},{\"@type\":\"WebSite\",\"@id\":\"https:\\\/\\\/hotta.eu\\\/lv\\\/#website\",\"url\":\"https:\\\/\\\/hotta.eu\\\/lv\\\/\",\"name\":\"Hotta\",\"description\":\"Makes your mouth burn a lotta!\",\"publisher\":{\"@id\":\"https:\\\/\\\/hotta.eu\\\/lv\\\/#organization\"},\"potentialAction\":[{\"@type\":\"SearchAction\",\"target\":{\"@type\":\"EntryPoint\",\"urlTemplate\":\"https:\\\/\\\/hotta.eu\\\/lv\\\/?s={search_term_string}\"},\"query-input\":{\"@type\":\"PropertyValueSpecification\",\"valueRequired\":true,\"valueName\":\"search_term_string\"}}],\"inLanguage\":\"lv-LV\"},{\"@type\":\"Organization\",\"@id\":\"https:\\\/\\\/hotta.eu\\\/lv\\\/#organization\",\"name\":\"Hotta\",\"url\":\"https:\\\/\\\/hotta.eu\\\/lv\\\/\",\"logo\":{\"@type\":\"ImageObject\",\"inLanguage\":\"lv-LV\",\"@id\":\"https:\\\/\\\/hotta.eu\\\/lv\\\/#\\\/schema\\\/logo\\\/image\\\/\",\"url\":\"https:\\\/\\\/hotta.eu\\\/wp-content\\\/uploads\\\/2025\\\/04\\\/hotta-logo-invoice.png\",\"contentUrl\":\"https:\\\/\\\/hotta.eu\\\/wp-content\\\/uploads\\\/2025\\\/04\\\/hotta-logo-invoice.png\",\"width\":600,\"height\":411,\"caption\":\"Hotta\"},\"image\":{\"@id\":\"https:\\\/\\\/hotta.eu\\\/lv\\\/#\\\/schema\\\/logo\\\/image\\\/\"},\"sameAs\":[\"https:\\\/\\\/www.facebook.com\\\/hotta.eu\",\"https:\\\/\\\/x.com\\\/hottashop\",\"https:\\\/\\\/www.instagram.com\\\/hotta.shop\"]}]}<\/script>\n<!-- \/ Yoast SEO plugin. -->","yoast_head_json":{"title":"Trinidad Moruga Scorpion Red s\u0113klas - Hotta","description":"Dz\u012bve ir p\u0101r\u0101k \u012bsa, lai \u0113diens b\u016btu garlaic\u012bgs. Negaidiet vairs ne mirkli - dodiet za\u013co gaismu \u0161im ugun\u012bgajam \u010dilli piedz\u012bvojumam! Ja mekl\u0113jat izaicin\u0101jumu, \u0161is ir tas \u012bstais!","robots":{"index":"index","follow":"follow","max-snippet":"max-snippet:-1","max-image-preview":"max-image-preview:large","max-video-preview":"max-video-preview:-1"},"canonical":"https:\/\/hotta.eu\/lv\/shop\/trinidad-moruga-scorpion-red-seklas\/","og_locale":"lv_LV","og_type":"article","og_title":"Trinidad Moruga Scorpion Red s\u0113klas - Hotta","og_description":"Dz\u012bve ir p\u0101r\u0101k \u012bsa, lai \u0113diens b\u016btu garlaic\u012bgs. Negaidiet vairs ne mirkli - dodiet za\u013co gaismu \u0161im ugun\u012bgajam \u010dilli piedz\u012bvojumam! Ja mekl\u0113jat izaicin\u0101jumu, \u0161is ir tas \u012bstais!","og_url":"https:\/\/hotta.eu\/lv\/shop\/trinidad-moruga-scorpion-red-seklas\/","og_site_name":"Hotta","article_publisher":"https:\/\/www.facebook.com\/hotta.eu","article_modified_time":"2024-12-27T10:40:17+00:00","og_image":[{"width":1080,"height":1080,"url":"https:\/\/hotta.eu\/wp-content\/uploads\/2024\/12\/hot-chip-seeds-trinidad-moruga-1.jpg","type":"image\/jpeg"}],"twitter_card":"summary_large_image","twitter_site":"@hottashop","twitter_misc":{"Est. reading time":"1 minute"},"schema":{"@context":"https:\/\/schema.org","@graph":[{"@type":"WebPage","@id":"https:\/\/hotta.eu\/lv\/shop\/trinidad-moruga-scorpion-red-seklas\/","url":"https:\/\/hotta.eu\/lv\/shop\/trinidad-moruga-scorpion-red-seklas\/","name":"Trinidad Moruga Scorpion Red s\u0113klas - Hotta","isPartOf":{"@id":"https:\/\/hotta.eu\/lv\/#website"},"primaryImageOfPage":{"@id":"https:\/\/hotta.eu\/lv\/shop\/trinidad-moruga-scorpion-red-seklas\/#primaryimage"},"image":{"@id":"https:\/\/hotta.eu\/lv\/shop\/trinidad-moruga-scorpion-red-seklas\/#primaryimage"},"thumbnailUrl":"https:\/\/hotta.eu\/wp-content\/uploads\/2024\/12\/hot-chip-seeds-trinidad-moruga-1.jpg","datePublished":"2024-12-04T12:11:15+00:00","dateModified":"2024-12-27T10:40:17+00:00","description":"Dz\u012bve ir p\u0101r\u0101k \u012bsa, lai \u0113diens b\u016btu garlaic\u012bgs. Negaidiet vairs ne mirkli - dodiet za\u013co gaismu \u0161im ugun\u012bgajam \u010dilli piedz\u012bvojumam! Ja mekl\u0113jat izaicin\u0101jumu, \u0161is ir tas \u012bstais!","breadcrumb":{"@id":"https:\/\/hotta.eu\/lv\/shop\/trinidad-moruga-scorpion-red-seklas\/#breadcrumb"},"inLanguage":"lv-LV","potentialAction":[{"@type":"ReadAction","target":["https:\/\/hotta.eu\/lv\/shop\/trinidad-moruga-scorpion-red-seklas\/"]}]},{"@type":"ImageObject","inLanguage":"lv-LV","@id":"https:\/\/hotta.eu\/lv\/shop\/trinidad-moruga-scorpion-red-seklas\/#primaryimage","url":"https:\/\/hotta.eu\/wp-content\/uploads\/2024\/12\/hot-chip-seeds-trinidad-moruga-1.jpg","contentUrl":"https:\/\/hotta.eu\/wp-content\/uploads\/2024\/12\/hot-chip-seeds-trinidad-moruga-1.jpg","width":1080,"height":1080},{"@type":"BreadcrumbList","@id":"https:\/\/hotta.eu\/lv\/shop\/trinidad-moruga-scorpion-red-seklas\/#breadcrumb","itemListElement":[{"@type":"ListItem","position":1,"name":"S\u0101kums","item":"https:\/\/hotta.eu\/lv\/sakumlapa\/"},{"@type":"ListItem","position":2,"name":"Veikals","item":"https:\/\/hotta.eu\/lv\/shop\/"},{"@type":"ListItem","position":3,"name":"Trinidad Moruga Scorpion Red s\u0113klas"}]},{"@type":"WebSite","@id":"https:\/\/hotta.eu\/lv\/#website","url":"https:\/\/hotta.eu\/lv\/","name":"Hotta","description":"Makes your mouth burn a lotta!","publisher":{"@id":"https:\/\/hotta.eu\/lv\/#organization"},"potentialAction":[{"@type":"SearchAction","target":{"@type":"EntryPoint","urlTemplate":"https:\/\/hotta.eu\/lv\/?s={search_term_string}"},"query-input":{"@type":"PropertyValueSpecification","valueRequired":true,"valueName":"search_term_string"}}],"inLanguage":"lv-LV"},{"@type":"Organization","@id":"https:\/\/hotta.eu\/lv\/#organization","name":"Hotta","url":"https:\/\/hotta.eu\/lv\/","logo":{"@type":"ImageObject","inLanguage":"lv-LV","@id":"https:\/\/hotta.eu\/lv\/#\/schema\/logo\/image\/","url":"https:\/\/hotta.eu\/wp-content\/uploads\/2025\/04\/hotta-logo-invoice.png","contentUrl":"https:\/\/hotta.eu\/wp-content\/uploads\/2025\/04\/hotta-logo-invoice.png","width":600,"height":411,"caption":"Hotta"},"image":{"@id":"https:\/\/hotta.eu\/lv\/#\/schema\/logo\/image\/"},"sameAs":["https:\/\/www.facebook.com\/hotta.eu","https:\/\/x.com\/hottashop","https:\/\/www.instagram.com\/hotta.shop"]}]}},"jetpack_sharing_enabled":true,"_links":{"self":[{"href":"https:\/\/hotta.eu\/lv\/wp-json\/wp\/v2\/product\/21030","targetHints":{"allow":["GET"]}}],"collection":[{"href":"https:\/\/hotta.eu\/lv\/wp-json\/wp\/v2\/product"}],"about":[{"href":"https:\/\/hotta.eu\/lv\/wp-json\/wp\/v2\/types\/product"}],"replies":[{"embeddable":true,"href":"https:\/\/hotta.eu\/lv\/wp-json\/wp\/v2\/comments?post=21030"}],"wp:featuredmedia":[{"embeddable":true,"href":"https:\/\/hotta.eu\/lv\/wp-json\/wp\/v2\/media\/21038"}],"wp:attachment":[{"href":"https:\/\/hotta.eu\/lv\/wp-json\/wp\/v2\/media?parent=21030"}],"wp:term":[{"taxonomy":"product_cat","embeddable":true,"href":"https:\/\/hotta.eu\/lv\/wp-json\/wp\/v2\/product_cat?post=21030"},{"taxonomy":"product_tag","embeddable":true,"href":"https:\/\/hotta.eu\/lv\/wp-json\/wp\/v2\/product_tag?post=21030"},{"taxonomy":"giftcard-category","embeddable":true,"href":"https:\/\/hotta.eu\/lv\/wp-json\/wp\/v2\/giftcard-category?post=21030"}],"curies":[{"name":"wp","href":"https:\/\/api.w.org\/{rel}","templated":true}]}}