{"id":21048,"date":"2024-12-04T14:38:11","date_gmt":"2024-12-04T12:38:11","guid":{"rendered":"https:\/\/hotta.eu\/?post_type=product&#038;p=21048"},"modified":"2024-12-27T12:40:16","modified_gmt":"2024-12-27T10:40:16","slug":"carolina-reaper-yellow-f1-seklas","status":"publish","type":"product","link":"https:\/\/hotta.eu\/lv\/shop\/carolina-reaper-yellow-f1-seklas\/","title":{"rendered":"Carolina Reaper Yellow F1 s\u0113klas"},"content":{"rendered":"<table border=\"0\">\n<tbody>\n<tr>\n<td>\ud83c\udf36\ufe0f Skovila vien\u012bbas (SHU)<\/td>\n<td>2 200 000<\/td>\n<\/tr>\n<tr>\n<td>\ud83d\udd25 Asums<\/td>\n<td><a href=\"https:\/\/hotta.eu\/wp-content\/uploads\/2024\/12\/07dd7988d46218ca7e43976c826df30f.svg\"><img decoding=\"async\" class=\"alignnone wp-image-21032 size-full\" src=\"https:\/\/hotta.eu\/wp-content\/uploads\/2024\/12\/07dd7988d46218ca7e43976c826df30f.svg\" alt=\"\" width=\"120\" height=\"64\" \/><\/a><\/td>\n<\/tr>\n<\/tbody>\n<\/table>\n<p><strong>Icelsmes un kvalit\u0101tes sertifik\u0101cija<\/strong><br \/>\nVai zin\u0101j\u0101t, ka s\u0113kl\u0101m var b\u016bt savs pase (sertifik\u0101ts)? Hot Chip s\u0113kl\u0101m t\u0101da ir. T\u0101s ir ne tikai sertific\u0113tas, bet ar\u012b pien\u0101c\u012bgi re\u0123istr\u0113tas. T\u0101d\u0113\u013c varat b\u016bt p\u0101rliecin\u0101ti par augstas kvalit\u0101tes s\u0113kl\u0101m un virs vid\u0113j\u0101 l\u012bme\u0146a d\u012bgtsp\u0113ju.<\/p>\n","protected":false},"excerpt":{"rendered":"<p class=\"p1\">Gatavojies neaizmirstamam ugun\u012bgam piedz\u012bvojumam! Carolina Reaper Yellow ir viens no pasaules as\u0101kajiem \u010dili, kas p\u0101rsteidz ne tikai ar savu intens\u012bvo asumu, bet ar\u012b ar negaid\u012bti aug\u013caino gar\u0161u. Turkl\u0101t, lai to audz\u0113tu, pietiek ar balkonu! <b><\/b><\/p>\n<p class=\"p1\"><strong>Audz\u0113\u0161ana<br \/>\n<\/strong>Carolina Reaper Yellow s\u0113klas d\u012bgst aptuveni 2\u20133 ned\u0113\u013cas. Lai t\u0101s veiksm\u012bgi augtu, svar\u012bgi uztur\u0113t stabilu temperat\u016bru ap 25 \u00b0C. T\u0101 k\u0101 \u0161is \u010dili kr\u016bms aug neliels, to var viegli audz\u0113t uz balkona. Ta\u010du neaizmirsti to regul\u0101ri laist\u012bt un m\u0113slot. Ja visu izdar\u012bsi pareizi, pirmos gatavos aug\u013cus vari sagaid\u012bt jau p\u0113c 90 dien\u0101m!<\/p>\n<p><strong>Izskats un gar\u0161a<br \/>\n<\/strong>K\u0101 liecina nosaukums, Carolina Reaper Yellow aug\u013ci ir dzi\u013ci dzelteni. Tie ir gandr\u012bz sf\u0113riski, aptuveni 5 cm diametr\u0101. \u0160is hibr\u012bds ir rad\u012bts, sakrustojot Habanero Yellow un Naga Moricho \u010dili, un ir \u013coti ass, ar aptuveni 2 200 000 SHU. Tom\u0113r tam ir br\u012bni\u0161\u0137\u012bgs citrusaug\u013cu arom\u0101ts un gar\u0161a, kas padara to par iecien\u012btu gar\u0161vielu. Tas ir ide\u0101li piem\u0113rots tiem, kas bauda \u012bpa\u0161i asus \u0113dienus, m\u0113rces, marin\u0101des vai salsas.<br \/>\n[ywcwtl_form product_id=\"\"]<\/p>\n","protected":false},"featured_media":21053,"comment_status":"open","ping_status":"closed","template":"","meta":[],"product_cat":[934],"product_tag":[],"giftcard-category":[],"class_list":{"0":"post-21048","1":"product","2":"type-product","3":"status-publish","4":"has-post-thumbnail","6":"product_cat-seklas","7":"pa_brand-hot-chip","9":"first","10":"outofstock","11":"taxable","12":"shipping-taxable","13":"purchasable","14":"product-type-simple"},"yoast_head":"<!-- This site is optimized with the Yoast SEO plugin v27.3 - https:\/\/yoast.com\/product\/yoast-seo-wordpress\/ -->\n<title>Carolina Reaper Yellow F1 s\u0113klas - Hotta<\/title>\n<meta name=\"description\" content=\"Gatavojies neaizmirstamam ugun\u012bgam piedz\u012bvojumam! Carolina Reaper Yellow ir viens no pasaules as\u0101kajiem \u010dili, p\u0101rsteidzot tevi ar savu intens\u012bvo asumu!\" \/>\n<meta name=\"robots\" content=\"index, follow, max-snippet:-1, max-image-preview:large, max-video-preview:-1\" \/>\n<link rel=\"canonical\" href=\"https:\/\/hotta.eu\/lv\/shop\/carolina-reaper-yellow-f1-seklas\/\" \/>\n<meta property=\"og:locale\" content=\"lv_LV\" \/>\n<meta property=\"og:type\" content=\"article\" \/>\n<meta property=\"og:title\" content=\"Carolina Reaper Yellow F1 s\u0113klas - Hotta\" \/>\n<meta property=\"og:description\" content=\"Gatavojies neaizmirstamam ugun\u012bgam piedz\u012bvojumam! Carolina Reaper Yellow ir viens no pasaules as\u0101kajiem \u010dili, p\u0101rsteidzot tevi ar savu intens\u012bvo asumu!\" \/>\n<meta property=\"og:url\" content=\"https:\/\/hotta.eu\/lv\/shop\/carolina-reaper-yellow-f1-seklas\/\" \/>\n<meta property=\"og:site_name\" content=\"Hotta\" \/>\n<meta property=\"article:publisher\" content=\"https:\/\/www.facebook.com\/hotta.eu\" \/>\n<meta property=\"article:modified_time\" content=\"2024-12-27T10:40:16+00:00\" \/>\n<meta property=\"og:image\" content=\"https:\/\/hotta.eu\/wp-content\/uploads\/2024\/12\/hot-chip-seeds-carolina-reaper-1.jpg\" \/>\n\t<meta property=\"og:image:width\" content=\"1080\" \/>\n\t<meta property=\"og:image:height\" content=\"1080\" \/>\n\t<meta property=\"og:image:type\" content=\"image\/jpeg\" \/>\n<meta name=\"twitter:card\" content=\"summary_large_image\" \/>\n<meta name=\"twitter:site\" content=\"@hottashop\" \/>\n<meta name=\"twitter:label1\" content=\"Est. reading time\" \/>\n\t<meta name=\"twitter:data1\" content=\"1 minute\" \/>\n<script type=\"application\/ld+json\" class=\"yoast-schema-graph\">{\"@context\":\"https:\\\/\\\/schema.org\",\"@graph\":[{\"@type\":\"WebPage\",\"@id\":\"https:\\\/\\\/hotta.eu\\\/lv\\\/shop\\\/carolina-reaper-yellow-f1-seklas\\\/\",\"url\":\"https:\\\/\\\/hotta.eu\\\/lv\\\/shop\\\/carolina-reaper-yellow-f1-seklas\\\/\",\"name\":\"Carolina Reaper Yellow F1 s\u0113klas - Hotta\",\"isPartOf\":{\"@id\":\"https:\\\/\\\/hotta.eu\\\/lv\\\/#website\"},\"primaryImageOfPage\":{\"@id\":\"https:\\\/\\\/hotta.eu\\\/lv\\\/shop\\\/carolina-reaper-yellow-f1-seklas\\\/#primaryimage\"},\"image\":{\"@id\":\"https:\\\/\\\/hotta.eu\\\/lv\\\/shop\\\/carolina-reaper-yellow-f1-seklas\\\/#primaryimage\"},\"thumbnailUrl\":\"https:\\\/\\\/hotta.eu\\\/wp-content\\\/uploads\\\/2024\\\/12\\\/hot-chip-seeds-carolina-reaper-1.jpg\",\"datePublished\":\"2024-12-04T12:38:11+00:00\",\"dateModified\":\"2024-12-27T10:40:16+00:00\",\"description\":\"Gatavojies neaizmirstamam ugun\u012bgam piedz\u012bvojumam! Carolina Reaper Yellow ir viens no pasaules as\u0101kajiem \u010dili, p\u0101rsteidzot tevi ar savu intens\u012bvo asumu!\",\"breadcrumb\":{\"@id\":\"https:\\\/\\\/hotta.eu\\\/lv\\\/shop\\\/carolina-reaper-yellow-f1-seklas\\\/#breadcrumb\"},\"inLanguage\":\"lv-LV\",\"potentialAction\":[{\"@type\":\"ReadAction\",\"target\":[\"https:\\\/\\\/hotta.eu\\\/lv\\\/shop\\\/carolina-reaper-yellow-f1-seklas\\\/\"]}]},{\"@type\":\"ImageObject\",\"inLanguage\":\"lv-LV\",\"@id\":\"https:\\\/\\\/hotta.eu\\\/lv\\\/shop\\\/carolina-reaper-yellow-f1-seklas\\\/#primaryimage\",\"url\":\"https:\\\/\\\/hotta.eu\\\/wp-content\\\/uploads\\\/2024\\\/12\\\/hot-chip-seeds-carolina-reaper-1.jpg\",\"contentUrl\":\"https:\\\/\\\/hotta.eu\\\/wp-content\\\/uploads\\\/2024\\\/12\\\/hot-chip-seeds-carolina-reaper-1.jpg\",\"width\":1080,\"height\":1080},{\"@type\":\"BreadcrumbList\",\"@id\":\"https:\\\/\\\/hotta.eu\\\/lv\\\/shop\\\/carolina-reaper-yellow-f1-seklas\\\/#breadcrumb\",\"itemListElement\":[{\"@type\":\"ListItem\",\"position\":1,\"name\":\"S\u0101kums\",\"item\":\"https:\\\/\\\/hotta.eu\\\/lv\\\/sakumlapa\\\/\"},{\"@type\":\"ListItem\",\"position\":2,\"name\":\"Veikals\",\"item\":\"https:\\\/\\\/hotta.eu\\\/lv\\\/shop\\\/\"},{\"@type\":\"ListItem\",\"position\":3,\"name\":\"Carolina Reaper Yellow F1 s\u0113klas\"}]},{\"@type\":\"WebSite\",\"@id\":\"https:\\\/\\\/hotta.eu\\\/lv\\\/#website\",\"url\":\"https:\\\/\\\/hotta.eu\\\/lv\\\/\",\"name\":\"Hotta\",\"description\":\"Makes your mouth burn a lotta!\",\"publisher\":{\"@id\":\"https:\\\/\\\/hotta.eu\\\/lv\\\/#organization\"},\"potentialAction\":[{\"@type\":\"SearchAction\",\"target\":{\"@type\":\"EntryPoint\",\"urlTemplate\":\"https:\\\/\\\/hotta.eu\\\/lv\\\/?s={search_term_string}\"},\"query-input\":{\"@type\":\"PropertyValueSpecification\",\"valueRequired\":true,\"valueName\":\"search_term_string\"}}],\"inLanguage\":\"lv-LV\"},{\"@type\":\"Organization\",\"@id\":\"https:\\\/\\\/hotta.eu\\\/lv\\\/#organization\",\"name\":\"Hotta\",\"url\":\"https:\\\/\\\/hotta.eu\\\/lv\\\/\",\"logo\":{\"@type\":\"ImageObject\",\"inLanguage\":\"lv-LV\",\"@id\":\"https:\\\/\\\/hotta.eu\\\/lv\\\/#\\\/schema\\\/logo\\\/image\\\/\",\"url\":\"https:\\\/\\\/hotta.eu\\\/wp-content\\\/uploads\\\/2025\\\/04\\\/hotta-logo-invoice.png\",\"contentUrl\":\"https:\\\/\\\/hotta.eu\\\/wp-content\\\/uploads\\\/2025\\\/04\\\/hotta-logo-invoice.png\",\"width\":600,\"height\":411,\"caption\":\"Hotta\"},\"image\":{\"@id\":\"https:\\\/\\\/hotta.eu\\\/lv\\\/#\\\/schema\\\/logo\\\/image\\\/\"},\"sameAs\":[\"https:\\\/\\\/www.facebook.com\\\/hotta.eu\",\"https:\\\/\\\/x.com\\\/hottashop\",\"https:\\\/\\\/www.instagram.com\\\/hotta.shop\"]}]}<\/script>\n<!-- \/ Yoast SEO plugin. -->","yoast_head_json":{"title":"Carolina Reaper Yellow F1 s\u0113klas - Hotta","description":"Gatavojies neaizmirstamam ugun\u012bgam piedz\u012bvojumam! Carolina Reaper Yellow ir viens no pasaules as\u0101kajiem \u010dili, p\u0101rsteidzot tevi ar savu intens\u012bvo asumu!","robots":{"index":"index","follow":"follow","max-snippet":"max-snippet:-1","max-image-preview":"max-image-preview:large","max-video-preview":"max-video-preview:-1"},"canonical":"https:\/\/hotta.eu\/lv\/shop\/carolina-reaper-yellow-f1-seklas\/","og_locale":"lv_LV","og_type":"article","og_title":"Carolina Reaper Yellow F1 s\u0113klas - Hotta","og_description":"Gatavojies neaizmirstamam ugun\u012bgam piedz\u012bvojumam! Carolina Reaper Yellow ir viens no pasaules as\u0101kajiem \u010dili, p\u0101rsteidzot tevi ar savu intens\u012bvo asumu!","og_url":"https:\/\/hotta.eu\/lv\/shop\/carolina-reaper-yellow-f1-seklas\/","og_site_name":"Hotta","article_publisher":"https:\/\/www.facebook.com\/hotta.eu","article_modified_time":"2024-12-27T10:40:16+00:00","og_image":[{"width":1080,"height":1080,"url":"https:\/\/hotta.eu\/wp-content\/uploads\/2024\/12\/hot-chip-seeds-carolina-reaper-1.jpg","type":"image\/jpeg"}],"twitter_card":"summary_large_image","twitter_site":"@hottashop","twitter_misc":{"Est. reading time":"1 minute"},"schema":{"@context":"https:\/\/schema.org","@graph":[{"@type":"WebPage","@id":"https:\/\/hotta.eu\/lv\/shop\/carolina-reaper-yellow-f1-seklas\/","url":"https:\/\/hotta.eu\/lv\/shop\/carolina-reaper-yellow-f1-seklas\/","name":"Carolina Reaper Yellow F1 s\u0113klas - Hotta","isPartOf":{"@id":"https:\/\/hotta.eu\/lv\/#website"},"primaryImageOfPage":{"@id":"https:\/\/hotta.eu\/lv\/shop\/carolina-reaper-yellow-f1-seklas\/#primaryimage"},"image":{"@id":"https:\/\/hotta.eu\/lv\/shop\/carolina-reaper-yellow-f1-seklas\/#primaryimage"},"thumbnailUrl":"https:\/\/hotta.eu\/wp-content\/uploads\/2024\/12\/hot-chip-seeds-carolina-reaper-1.jpg","datePublished":"2024-12-04T12:38:11+00:00","dateModified":"2024-12-27T10:40:16+00:00","description":"Gatavojies neaizmirstamam ugun\u012bgam piedz\u012bvojumam! Carolina Reaper Yellow ir viens no pasaules as\u0101kajiem \u010dili, p\u0101rsteidzot tevi ar savu intens\u012bvo asumu!","breadcrumb":{"@id":"https:\/\/hotta.eu\/lv\/shop\/carolina-reaper-yellow-f1-seklas\/#breadcrumb"},"inLanguage":"lv-LV","potentialAction":[{"@type":"ReadAction","target":["https:\/\/hotta.eu\/lv\/shop\/carolina-reaper-yellow-f1-seklas\/"]}]},{"@type":"ImageObject","inLanguage":"lv-LV","@id":"https:\/\/hotta.eu\/lv\/shop\/carolina-reaper-yellow-f1-seklas\/#primaryimage","url":"https:\/\/hotta.eu\/wp-content\/uploads\/2024\/12\/hot-chip-seeds-carolina-reaper-1.jpg","contentUrl":"https:\/\/hotta.eu\/wp-content\/uploads\/2024\/12\/hot-chip-seeds-carolina-reaper-1.jpg","width":1080,"height":1080},{"@type":"BreadcrumbList","@id":"https:\/\/hotta.eu\/lv\/shop\/carolina-reaper-yellow-f1-seklas\/#breadcrumb","itemListElement":[{"@type":"ListItem","position":1,"name":"S\u0101kums","item":"https:\/\/hotta.eu\/lv\/sakumlapa\/"},{"@type":"ListItem","position":2,"name":"Veikals","item":"https:\/\/hotta.eu\/lv\/shop\/"},{"@type":"ListItem","position":3,"name":"Carolina Reaper Yellow F1 s\u0113klas"}]},{"@type":"WebSite","@id":"https:\/\/hotta.eu\/lv\/#website","url":"https:\/\/hotta.eu\/lv\/","name":"Hotta","description":"Makes your mouth burn a lotta!","publisher":{"@id":"https:\/\/hotta.eu\/lv\/#organization"},"potentialAction":[{"@type":"SearchAction","target":{"@type":"EntryPoint","urlTemplate":"https:\/\/hotta.eu\/lv\/?s={search_term_string}"},"query-input":{"@type":"PropertyValueSpecification","valueRequired":true,"valueName":"search_term_string"}}],"inLanguage":"lv-LV"},{"@type":"Organization","@id":"https:\/\/hotta.eu\/lv\/#organization","name":"Hotta","url":"https:\/\/hotta.eu\/lv\/","logo":{"@type":"ImageObject","inLanguage":"lv-LV","@id":"https:\/\/hotta.eu\/lv\/#\/schema\/logo\/image\/","url":"https:\/\/hotta.eu\/wp-content\/uploads\/2025\/04\/hotta-logo-invoice.png","contentUrl":"https:\/\/hotta.eu\/wp-content\/uploads\/2025\/04\/hotta-logo-invoice.png","width":600,"height":411,"caption":"Hotta"},"image":{"@id":"https:\/\/hotta.eu\/lv\/#\/schema\/logo\/image\/"},"sameAs":["https:\/\/www.facebook.com\/hotta.eu","https:\/\/x.com\/hottashop","https:\/\/www.instagram.com\/hotta.shop"]}]}},"jetpack_sharing_enabled":true,"_links":{"self":[{"href":"https:\/\/hotta.eu\/lv\/wp-json\/wp\/v2\/product\/21048","targetHints":{"allow":["GET"]}}],"collection":[{"href":"https:\/\/hotta.eu\/lv\/wp-json\/wp\/v2\/product"}],"about":[{"href":"https:\/\/hotta.eu\/lv\/wp-json\/wp\/v2\/types\/product"}],"replies":[{"embeddable":true,"href":"https:\/\/hotta.eu\/lv\/wp-json\/wp\/v2\/comments?post=21048"}],"wp:featuredmedia":[{"embeddable":true,"href":"https:\/\/hotta.eu\/lv\/wp-json\/wp\/v2\/media\/21053"}],"wp:attachment":[{"href":"https:\/\/hotta.eu\/lv\/wp-json\/wp\/v2\/media?parent=21048"}],"wp:term":[{"taxonomy":"product_cat","embeddable":true,"href":"https:\/\/hotta.eu\/lv\/wp-json\/wp\/v2\/product_cat?post=21048"},{"taxonomy":"product_tag","embeddable":true,"href":"https:\/\/hotta.eu\/lv\/wp-json\/wp\/v2\/product_tag?post=21048"},{"taxonomy":"giftcard-category","embeddable":true,"href":"https:\/\/hotta.eu\/lv\/wp-json\/wp\/v2\/giftcard-category?post=21048"}],"curies":[{"name":"wp","href":"https:\/\/api.w.org\/{rel}","templated":true}]}}