{"id":21133,"date":"2024-12-08T13:39:54","date_gmt":"2024-12-08T11:39:54","guid":{"rendered":"https:\/\/hotta.eu\/?post_type=product&#038;p=21133"},"modified":"2024-12-27T12:40:16","modified_gmt":"2024-12-27T10:40:16","slug":"tabasco-gift-set","status":"publish","type":"product","link":"https:\/\/hotta.eu\/lv\/shop\/tabasco-gift-set\/","title":{"rendered":"Tabasco Gift Set"},"content":{"rendered":"<p><strong>Der\u012bguma termi\u0146\u0161 un uzglab\u0101\u0161ana<\/strong><br \/>\nUz pudel\u0113m nor\u0101d\u012btais der\u012bguma termi\u0146\u0161 attiecas uz neatv\u0113rtiem produktiem. Atv\u0113rtus produktus j\u0101uzglab\u0101 ledusskap\u012b.<\/p>\n","protected":false},"excerpt":{"rendered":"<p>Ide\u0101la d\u0101vana Ziemassv\u0113tkos vai dzim\u0161anas dien\u0101! \ud83c\udf81<\/p>\n<p>Tabasco Gift Set sast\u0101v no piec\u0101m m\u0113rc\u0113m:<\/p>\n<ol>\n<li><span class=\"a-list-item\"><span class=\"a-size-base\">Green Pepper Sauce<\/span><\/span><\/li>\n<li><span class=\"a-list-item\"><span class=\"a-size-base\">Chipotle Pepper Sauce<\/span><\/span><\/li>\n<li><span class=\"a-list-item\"><span class=\"a-size-base\">Red Pepper Sauce<\/span><\/span><\/li>\n<li><span class=\"a-list-item\"><span class=\"a-size-base\">Habanero Sauce<\/span><\/span><\/li>\n<li><span class=\"a-list-item\"><span class=\"a-size-base\">Scorpion Sauce<\/span><\/span><\/li>\n<\/ol>\n[ywcwtl_form product_id=\"\"]\n","protected":false},"featured_media":21119,"comment_status":"open","ping_status":"closed","template":"","meta":[],"product_cat":[930,916],"product_tag":[],"giftcard-category":[],"class_list":{"0":"post-21133","1":"product","2":"type-product","3":"status-publish","4":"has-post-thumbnail","6":"product_cat-komplekti","7":"product_cat-merces","8":"pa_brand-tabasco","10":"first","11":"outofstock","12":"taxable","13":"shipping-taxable","14":"purchasable","15":"product-type-simple"},"yoast_head":"<!-- This site is optimized with the Yoast SEO plugin v27.3 - https:\/\/yoast.com\/product\/yoast-seo-wordpress\/ -->\n<title>Tabasco Gift Set - Hotta<\/title>\n<meta name=\"description\" content=\"Ide\u0101la d\u0101vana Ziemassv\u0113tkos vai dzim\u0161anas dien\u0101! Green Pepper Sauce, Chipotle Pepper, Sauce, Red Pepper Sauce, Habanero Sauce, Scorpion Sauce.\" \/>\n<meta name=\"robots\" content=\"index, follow, max-snippet:-1, max-image-preview:large, max-video-preview:-1\" \/>\n<link rel=\"canonical\" href=\"https:\/\/hotta.eu\/lv\/shop\/tabasco-gift-set\/\" \/>\n<meta property=\"og:locale\" content=\"lv_LV\" \/>\n<meta property=\"og:type\" content=\"article\" \/>\n<meta property=\"og:title\" content=\"Tabasco Gift Set - Hotta\" \/>\n<meta property=\"og:description\" content=\"Ide\u0101la d\u0101vana Ziemassv\u0113tkos vai dzim\u0161anas dien\u0101! Green Pepper Sauce, Chipotle Pepper, Sauce, Red Pepper Sauce, Habanero Sauce, Scorpion Sauce.\" \/>\n<meta property=\"og:url\" content=\"https:\/\/hotta.eu\/lv\/shop\/tabasco-gift-set\/\" \/>\n<meta property=\"og:site_name\" content=\"Hotta\" \/>\n<meta property=\"article:publisher\" content=\"https:\/\/www.facebook.com\/hotta.eu\" \/>\n<meta property=\"article:modified_time\" content=\"2024-12-27T10:40:16+00:00\" \/>\n<meta property=\"og:image\" content=\"https:\/\/hotta.eu\/wp-content\/uploads\/2024\/12\/tabasco-gift-set-1.jpg\" \/>\n\t<meta property=\"og:image:width\" content=\"1500\" \/>\n\t<meta property=\"og:image:height\" content=\"1500\" \/>\n\t<meta property=\"og:image:type\" content=\"image\/jpeg\" \/>\n<meta name=\"twitter:card\" content=\"summary_large_image\" \/>\n<meta name=\"twitter:site\" content=\"@hottashop\" \/>\n<meta name=\"twitter:label1\" content=\"Est. reading time\" \/>\n\t<meta name=\"twitter:data1\" content=\"1 minute\" \/>\n<script type=\"application\/ld+json\" class=\"yoast-schema-graph\">{\"@context\":\"https:\\\/\\\/schema.org\",\"@graph\":[{\"@type\":\"WebPage\",\"@id\":\"https:\\\/\\\/hotta.eu\\\/lv\\\/shop\\\/tabasco-gift-set\\\/\",\"url\":\"https:\\\/\\\/hotta.eu\\\/lv\\\/shop\\\/tabasco-gift-set\\\/\",\"name\":\"Tabasco Gift Set - Hotta\",\"isPartOf\":{\"@id\":\"https:\\\/\\\/hotta.eu\\\/lv\\\/#website\"},\"primaryImageOfPage\":{\"@id\":\"https:\\\/\\\/hotta.eu\\\/lv\\\/shop\\\/tabasco-gift-set\\\/#primaryimage\"},\"image\":{\"@id\":\"https:\\\/\\\/hotta.eu\\\/lv\\\/shop\\\/tabasco-gift-set\\\/#primaryimage\"},\"thumbnailUrl\":\"https:\\\/\\\/hotta.eu\\\/wp-content\\\/uploads\\\/2024\\\/12\\\/tabasco-gift-set-1.jpg\",\"datePublished\":\"2024-12-08T11:39:54+00:00\",\"dateModified\":\"2024-12-27T10:40:16+00:00\",\"description\":\"Ide\u0101la d\u0101vana Ziemassv\u0113tkos vai dzim\u0161anas dien\u0101! Green Pepper Sauce, Chipotle Pepper, Sauce, Red Pepper Sauce, Habanero Sauce, Scorpion Sauce.\",\"breadcrumb\":{\"@id\":\"https:\\\/\\\/hotta.eu\\\/lv\\\/shop\\\/tabasco-gift-set\\\/#breadcrumb\"},\"inLanguage\":\"lv-LV\",\"potentialAction\":[{\"@type\":\"ReadAction\",\"target\":[\"https:\\\/\\\/hotta.eu\\\/lv\\\/shop\\\/tabasco-gift-set\\\/\"]}]},{\"@type\":\"ImageObject\",\"inLanguage\":\"lv-LV\",\"@id\":\"https:\\\/\\\/hotta.eu\\\/lv\\\/shop\\\/tabasco-gift-set\\\/#primaryimage\",\"url\":\"https:\\\/\\\/hotta.eu\\\/wp-content\\\/uploads\\\/2024\\\/12\\\/tabasco-gift-set-1.jpg\",\"contentUrl\":\"https:\\\/\\\/hotta.eu\\\/wp-content\\\/uploads\\\/2024\\\/12\\\/tabasco-gift-set-1.jpg\",\"width\":1500,\"height\":1500},{\"@type\":\"BreadcrumbList\",\"@id\":\"https:\\\/\\\/hotta.eu\\\/lv\\\/shop\\\/tabasco-gift-set\\\/#breadcrumb\",\"itemListElement\":[{\"@type\":\"ListItem\",\"position\":1,\"name\":\"S\u0101kums\",\"item\":\"https:\\\/\\\/hotta.eu\\\/lv\\\/sakumlapa\\\/\"},{\"@type\":\"ListItem\",\"position\":2,\"name\":\"Veikals\",\"item\":\"https:\\\/\\\/hotta.eu\\\/lv\\\/shop\\\/\"},{\"@type\":\"ListItem\",\"position\":3,\"name\":\"Tabasco Gift Set\"}]},{\"@type\":\"WebSite\",\"@id\":\"https:\\\/\\\/hotta.eu\\\/lv\\\/#website\",\"url\":\"https:\\\/\\\/hotta.eu\\\/lv\\\/\",\"name\":\"Hotta\",\"description\":\"Makes your mouth burn a lotta!\",\"publisher\":{\"@id\":\"https:\\\/\\\/hotta.eu\\\/lv\\\/#organization\"},\"potentialAction\":[{\"@type\":\"SearchAction\",\"target\":{\"@type\":\"EntryPoint\",\"urlTemplate\":\"https:\\\/\\\/hotta.eu\\\/lv\\\/?s={search_term_string}\"},\"query-input\":{\"@type\":\"PropertyValueSpecification\",\"valueRequired\":true,\"valueName\":\"search_term_string\"}}],\"inLanguage\":\"lv-LV\"},{\"@type\":\"Organization\",\"@id\":\"https:\\\/\\\/hotta.eu\\\/lv\\\/#organization\",\"name\":\"Hotta\",\"url\":\"https:\\\/\\\/hotta.eu\\\/lv\\\/\",\"logo\":{\"@type\":\"ImageObject\",\"inLanguage\":\"lv-LV\",\"@id\":\"https:\\\/\\\/hotta.eu\\\/lv\\\/#\\\/schema\\\/logo\\\/image\\\/\",\"url\":\"https:\\\/\\\/hotta.eu\\\/wp-content\\\/uploads\\\/2025\\\/04\\\/hotta-logo-invoice.png\",\"contentUrl\":\"https:\\\/\\\/hotta.eu\\\/wp-content\\\/uploads\\\/2025\\\/04\\\/hotta-logo-invoice.png\",\"width\":600,\"height\":411,\"caption\":\"Hotta\"},\"image\":{\"@id\":\"https:\\\/\\\/hotta.eu\\\/lv\\\/#\\\/schema\\\/logo\\\/image\\\/\"},\"sameAs\":[\"https:\\\/\\\/www.facebook.com\\\/hotta.eu\",\"https:\\\/\\\/x.com\\\/hottashop\",\"https:\\\/\\\/www.instagram.com\\\/hotta.shop\"]}]}<\/script>\n<!-- \/ Yoast SEO plugin. -->","yoast_head_json":{"title":"Tabasco Gift Set - Hotta","description":"Ide\u0101la d\u0101vana Ziemassv\u0113tkos vai dzim\u0161anas dien\u0101! Green Pepper Sauce, Chipotle Pepper, Sauce, Red Pepper Sauce, Habanero Sauce, Scorpion Sauce.","robots":{"index":"index","follow":"follow","max-snippet":"max-snippet:-1","max-image-preview":"max-image-preview:large","max-video-preview":"max-video-preview:-1"},"canonical":"https:\/\/hotta.eu\/lv\/shop\/tabasco-gift-set\/","og_locale":"lv_LV","og_type":"article","og_title":"Tabasco Gift Set - Hotta","og_description":"Ide\u0101la d\u0101vana Ziemassv\u0113tkos vai dzim\u0161anas dien\u0101! Green Pepper Sauce, Chipotle Pepper, Sauce, Red Pepper Sauce, Habanero Sauce, Scorpion Sauce.","og_url":"https:\/\/hotta.eu\/lv\/shop\/tabasco-gift-set\/","og_site_name":"Hotta","article_publisher":"https:\/\/www.facebook.com\/hotta.eu","article_modified_time":"2024-12-27T10:40:16+00:00","og_image":[{"width":1500,"height":1500,"url":"https:\/\/hotta.eu\/wp-content\/uploads\/2024\/12\/tabasco-gift-set-1.jpg","type":"image\/jpeg"}],"twitter_card":"summary_large_image","twitter_site":"@hottashop","twitter_misc":{"Est. reading time":"1 minute"},"schema":{"@context":"https:\/\/schema.org","@graph":[{"@type":"WebPage","@id":"https:\/\/hotta.eu\/lv\/shop\/tabasco-gift-set\/","url":"https:\/\/hotta.eu\/lv\/shop\/tabasco-gift-set\/","name":"Tabasco Gift Set - Hotta","isPartOf":{"@id":"https:\/\/hotta.eu\/lv\/#website"},"primaryImageOfPage":{"@id":"https:\/\/hotta.eu\/lv\/shop\/tabasco-gift-set\/#primaryimage"},"image":{"@id":"https:\/\/hotta.eu\/lv\/shop\/tabasco-gift-set\/#primaryimage"},"thumbnailUrl":"https:\/\/hotta.eu\/wp-content\/uploads\/2024\/12\/tabasco-gift-set-1.jpg","datePublished":"2024-12-08T11:39:54+00:00","dateModified":"2024-12-27T10:40:16+00:00","description":"Ide\u0101la d\u0101vana Ziemassv\u0113tkos vai dzim\u0161anas dien\u0101! Green Pepper Sauce, Chipotle Pepper, Sauce, Red Pepper Sauce, Habanero Sauce, Scorpion Sauce.","breadcrumb":{"@id":"https:\/\/hotta.eu\/lv\/shop\/tabasco-gift-set\/#breadcrumb"},"inLanguage":"lv-LV","potentialAction":[{"@type":"ReadAction","target":["https:\/\/hotta.eu\/lv\/shop\/tabasco-gift-set\/"]}]},{"@type":"ImageObject","inLanguage":"lv-LV","@id":"https:\/\/hotta.eu\/lv\/shop\/tabasco-gift-set\/#primaryimage","url":"https:\/\/hotta.eu\/wp-content\/uploads\/2024\/12\/tabasco-gift-set-1.jpg","contentUrl":"https:\/\/hotta.eu\/wp-content\/uploads\/2024\/12\/tabasco-gift-set-1.jpg","width":1500,"height":1500},{"@type":"BreadcrumbList","@id":"https:\/\/hotta.eu\/lv\/shop\/tabasco-gift-set\/#breadcrumb","itemListElement":[{"@type":"ListItem","position":1,"name":"S\u0101kums","item":"https:\/\/hotta.eu\/lv\/sakumlapa\/"},{"@type":"ListItem","position":2,"name":"Veikals","item":"https:\/\/hotta.eu\/lv\/shop\/"},{"@type":"ListItem","position":3,"name":"Tabasco Gift Set"}]},{"@type":"WebSite","@id":"https:\/\/hotta.eu\/lv\/#website","url":"https:\/\/hotta.eu\/lv\/","name":"Hotta","description":"Makes your mouth burn a lotta!","publisher":{"@id":"https:\/\/hotta.eu\/lv\/#organization"},"potentialAction":[{"@type":"SearchAction","target":{"@type":"EntryPoint","urlTemplate":"https:\/\/hotta.eu\/lv\/?s={search_term_string}"},"query-input":{"@type":"PropertyValueSpecification","valueRequired":true,"valueName":"search_term_string"}}],"inLanguage":"lv-LV"},{"@type":"Organization","@id":"https:\/\/hotta.eu\/lv\/#organization","name":"Hotta","url":"https:\/\/hotta.eu\/lv\/","logo":{"@type":"ImageObject","inLanguage":"lv-LV","@id":"https:\/\/hotta.eu\/lv\/#\/schema\/logo\/image\/","url":"https:\/\/hotta.eu\/wp-content\/uploads\/2025\/04\/hotta-logo-invoice.png","contentUrl":"https:\/\/hotta.eu\/wp-content\/uploads\/2025\/04\/hotta-logo-invoice.png","width":600,"height":411,"caption":"Hotta"},"image":{"@id":"https:\/\/hotta.eu\/lv\/#\/schema\/logo\/image\/"},"sameAs":["https:\/\/www.facebook.com\/hotta.eu","https:\/\/x.com\/hottashop","https:\/\/www.instagram.com\/hotta.shop"]}]}},"jetpack_sharing_enabled":true,"_links":{"self":[{"href":"https:\/\/hotta.eu\/lv\/wp-json\/wp\/v2\/product\/21133","targetHints":{"allow":["GET"]}}],"collection":[{"href":"https:\/\/hotta.eu\/lv\/wp-json\/wp\/v2\/product"}],"about":[{"href":"https:\/\/hotta.eu\/lv\/wp-json\/wp\/v2\/types\/product"}],"replies":[{"embeddable":true,"href":"https:\/\/hotta.eu\/lv\/wp-json\/wp\/v2\/comments?post=21133"}],"wp:featuredmedia":[{"embeddable":true,"href":"https:\/\/hotta.eu\/lv\/wp-json\/wp\/v2\/media\/21119"}],"wp:attachment":[{"href":"https:\/\/hotta.eu\/lv\/wp-json\/wp\/v2\/media?parent=21133"}],"wp:term":[{"taxonomy":"product_cat","embeddable":true,"href":"https:\/\/hotta.eu\/lv\/wp-json\/wp\/v2\/product_cat?post=21133"},{"taxonomy":"product_tag","embeddable":true,"href":"https:\/\/hotta.eu\/lv\/wp-json\/wp\/v2\/product_tag?post=21133"},{"taxonomy":"giftcard-category","embeddable":true,"href":"https:\/\/hotta.eu\/lv\/wp-json\/wp\/v2\/giftcard-category?post=21133"}],"curies":[{"name":"wp","href":"https:\/\/api.w.org\/{rel}","templated":true}]}}