{"id":21152,"date":"2024-12-09T18:14:48","date_gmt":"2024-12-09T16:14:48","guid":{"rendered":"https:\/\/hotta.eu\/?post_type=product&#038;p=21152"},"modified":"2024-12-27T12:40:15","modified_gmt":"2024-12-27T10:40:15","slug":"brendans-variety-pack","status":"publish","type":"product","link":"https:\/\/hotta.eu\/lv\/shop\/brendans-variety-pack\/","title":{"rendered":"Brendan&#8217;s Variety Pack"},"content":{"rendered":"<p><strong>Der\u012bguma termi\u0146\u0161 un uzglab\u0101\u0161ana<\/strong><br \/>\nUz pudel\u0113m nor\u0101d\u012btais der\u012bguma termi\u0146\u0161 attiecas uz neatv\u0113rtiem produktiem. Atv\u0113rtus produktus j\u0101uzglab\u0101 ledusskap\u012b.<\/p>\n","protected":false},"excerpt":{"rendered":"<p>Gatavojieties \u012bstam gar\u0161as piedz\u012bvojumam! M\u0113s iepaz\u012bstin\u0101j\u0101m ar Brendana z\u012bmolu un sortimentu Hotta blog\u0101 &#8211; <a href=\"https:\/\/hotta.eu\/lv\/brendana-cilli-vira-kulinarais-celojums-no-italijas-uz-karibu-juras-regionu\/\">Brendana \u010cilli v\u012bra kulin\u0101rais ce\u013cojums no It\u0101lijas uz Kar\u012bbu j\u016bras re\u0123ionu<\/a>. Lieliska d\u0101vana!<\/p>\n<p>Brendan&#8217;s Variety Pack sast\u0101v no \u010detr\u0101m m\u0113rc\u0113m:<\/p>\n<ol>\n<li><a href=\"https:\/\/hotta.eu\/lv\/shop\/scorpion-kiss-chilli-sauce\/\">Scorpion Kiss Chilli Sauce<\/a><\/li>\n<li><a href=\"https:\/\/hotta.eu\/lv\/shop\/nw3-chilli-sauce\/\">NW3 Chilli Sauce<\/a><\/li>\n<li><a href=\"https:\/\/hotta.eu\/lv\/shop\/red-pepper-snapper-chilli-sauce\">Smoking Gun Chilli Sauce<\/a><\/li>\n<li><a href=\"https:\/\/hotta.eu\/lv\/shop\/red-pepper-snapper-chilli-sauce\">Red Pepper Snapper Chilli Sauce<\/a><\/li>\n<\/ol>\n[ywcwtl_form product_id=\"\"]\n","protected":false},"featured_media":21165,"comment_status":"open","ping_status":"closed","template":"","meta":[],"product_cat":[930,916],"product_tag":[],"giftcard-category":[],"class_list":{"0":"post-21152","1":"product","2":"type-product","3":"status-publish","4":"has-post-thumbnail","6":"product_cat-komplekti","7":"product_cat-merces","8":"pa_brand-brendans","10":"first","11":"outofstock","12":"sale","13":"taxable","14":"shipping-taxable","15":"purchasable","16":"product-type-simple"},"yoast_head":"<!-- This site is optimized with the Yoast SEO plugin v27.4 - https:\/\/yoast.com\/product\/yoast-seo-wordpress\/ -->\n<title>Brendan&#039;s Variety Pack - Hotta<\/title>\n<meta name=\"description\" content=\"Gatavojieties \u012bstam gar\u0161as piedz\u012bvojumam! Vair\u0101k par Brendana z\u012bmolu un produktu kl\u0101stu lasiet Hotta blog\u0101. Lieliski piem\u0113rots ar\u012b k\u0101 d\u0101vana!\" \/>\n<meta name=\"robots\" content=\"index, follow, max-snippet:-1, max-image-preview:large, max-video-preview:-1\" \/>\n<link rel=\"canonical\" href=\"https:\/\/hotta.eu\/lv\/shop\/brendans-variety-pack\/\" \/>\n<meta property=\"og:locale\" content=\"lv_LV\" \/>\n<meta property=\"og:type\" content=\"article\" \/>\n<meta property=\"og:title\" content=\"Brendan&#039;s Variety Pack - Hotta\" \/>\n<meta property=\"og:description\" content=\"Gatavojieties \u012bstam gar\u0161as piedz\u012bvojumam! Vair\u0101k par Brendana z\u012bmolu un produktu kl\u0101stu lasiet Hotta blog\u0101. Lieliski piem\u0113rots ar\u012b k\u0101 d\u0101vana!\" \/>\n<meta property=\"og:url\" content=\"https:\/\/hotta.eu\/lv\/shop\/brendans-variety-pack\/\" \/>\n<meta property=\"og:site_name\" content=\"Hotta\" \/>\n<meta property=\"article:publisher\" content=\"https:\/\/www.facebook.com\/hotta.eu\" \/>\n<meta property=\"article:modified_time\" content=\"2024-12-27T10:40:15+00:00\" \/>\n<meta property=\"og:image\" content=\"https:\/\/hotta.eu\/wp-content\/uploads\/2024\/12\/brendans-variety-pack-1530x1530.png\" \/>\n\t<meta property=\"og:image:width\" content=\"1530\" \/>\n\t<meta property=\"og:image:height\" content=\"1530\" \/>\n\t<meta property=\"og:image:type\" content=\"image\/png\" \/>\n<meta name=\"twitter:card\" content=\"summary_large_image\" \/>\n<meta name=\"twitter:site\" content=\"@hottashop\" \/>\n<meta name=\"twitter:label1\" content=\"Est. reading time\" \/>\n\t<meta name=\"twitter:data1\" content=\"1 minute\" \/>\n<script type=\"application\/ld+json\" class=\"yoast-schema-graph\">{\"@context\":\"https:\\\/\\\/schema.org\",\"@graph\":[{\"@type\":\"WebPage\",\"@id\":\"https:\\\/\\\/hotta.eu\\\/lv\\\/shop\\\/brendans-variety-pack\\\/\",\"url\":\"https:\\\/\\\/hotta.eu\\\/lv\\\/shop\\\/brendans-variety-pack\\\/\",\"name\":\"Brendan's Variety Pack - Hotta\",\"isPartOf\":{\"@id\":\"https:\\\/\\\/hotta.eu\\\/lv\\\/#website\"},\"primaryImageOfPage\":{\"@id\":\"https:\\\/\\\/hotta.eu\\\/lv\\\/shop\\\/brendans-variety-pack\\\/#primaryimage\"},\"image\":{\"@id\":\"https:\\\/\\\/hotta.eu\\\/lv\\\/shop\\\/brendans-variety-pack\\\/#primaryimage\"},\"thumbnailUrl\":\"https:\\\/\\\/hotta.eu\\\/wp-content\\\/uploads\\\/2024\\\/12\\\/brendans-variety-pack.png\",\"datePublished\":\"2024-12-09T16:14:48+00:00\",\"dateModified\":\"2024-12-27T10:40:15+00:00\",\"description\":\"Gatavojieties \u012bstam gar\u0161as piedz\u012bvojumam! Vair\u0101k par Brendana z\u012bmolu un produktu kl\u0101stu lasiet Hotta blog\u0101. Lieliski piem\u0113rots ar\u012b k\u0101 d\u0101vana!\",\"breadcrumb\":{\"@id\":\"https:\\\/\\\/hotta.eu\\\/lv\\\/shop\\\/brendans-variety-pack\\\/#breadcrumb\"},\"inLanguage\":\"lv-LV\",\"potentialAction\":[{\"@type\":\"ReadAction\",\"target\":[\"https:\\\/\\\/hotta.eu\\\/lv\\\/shop\\\/brendans-variety-pack\\\/\"]}]},{\"@type\":\"ImageObject\",\"inLanguage\":\"lv-LV\",\"@id\":\"https:\\\/\\\/hotta.eu\\\/lv\\\/shop\\\/brendans-variety-pack\\\/#primaryimage\",\"url\":\"https:\\\/\\\/hotta.eu\\\/wp-content\\\/uploads\\\/2024\\\/12\\\/brendans-variety-pack.png\",\"contentUrl\":\"https:\\\/\\\/hotta.eu\\\/wp-content\\\/uploads\\\/2024\\\/12\\\/brendans-variety-pack.png\",\"width\":2000,\"height\":2000},{\"@type\":\"BreadcrumbList\",\"@id\":\"https:\\\/\\\/hotta.eu\\\/lv\\\/shop\\\/brendans-variety-pack\\\/#breadcrumb\",\"itemListElement\":[{\"@type\":\"ListItem\",\"position\":1,\"name\":\"S\u0101kums\",\"item\":\"https:\\\/\\\/hotta.eu\\\/lv\\\/sakumlapa\\\/\"},{\"@type\":\"ListItem\",\"position\":2,\"name\":\"Veikals\",\"item\":\"https:\\\/\\\/hotta.eu\\\/lv\\\/shop\\\/\"},{\"@type\":\"ListItem\",\"position\":3,\"name\":\"Brendan&#8217;s Variety Pack\"}]},{\"@type\":\"WebSite\",\"@id\":\"https:\\\/\\\/hotta.eu\\\/lv\\\/#website\",\"url\":\"https:\\\/\\\/hotta.eu\\\/lv\\\/\",\"name\":\"Hotta\",\"description\":\"Makes your mouth burn a lotta!\",\"publisher\":{\"@id\":\"https:\\\/\\\/hotta.eu\\\/lv\\\/#organization\"},\"potentialAction\":[{\"@type\":\"SearchAction\",\"target\":{\"@type\":\"EntryPoint\",\"urlTemplate\":\"https:\\\/\\\/hotta.eu\\\/lv\\\/?s={search_term_string}\"},\"query-input\":{\"@type\":\"PropertyValueSpecification\",\"valueRequired\":true,\"valueName\":\"search_term_string\"}}],\"inLanguage\":\"lv-LV\"},{\"@type\":\"Organization\",\"@id\":\"https:\\\/\\\/hotta.eu\\\/lv\\\/#organization\",\"name\":\"Hotta\",\"url\":\"https:\\\/\\\/hotta.eu\\\/lv\\\/\",\"logo\":{\"@type\":\"ImageObject\",\"inLanguage\":\"lv-LV\",\"@id\":\"https:\\\/\\\/hotta.eu\\\/lv\\\/#\\\/schema\\\/logo\\\/image\\\/\",\"url\":\"https:\\\/\\\/hotta.eu\\\/wp-content\\\/uploads\\\/2025\\\/04\\\/hotta-logo-invoice.png\",\"contentUrl\":\"https:\\\/\\\/hotta.eu\\\/wp-content\\\/uploads\\\/2025\\\/04\\\/hotta-logo-invoice.png\",\"width\":600,\"height\":411,\"caption\":\"Hotta\"},\"image\":{\"@id\":\"https:\\\/\\\/hotta.eu\\\/lv\\\/#\\\/schema\\\/logo\\\/image\\\/\"},\"sameAs\":[\"https:\\\/\\\/www.facebook.com\\\/hotta.eu\",\"https:\\\/\\\/x.com\\\/hottashop\",\"https:\\\/\\\/www.instagram.com\\\/hotta.shop\"]}]}<\/script>\n<!-- \/ Yoast SEO plugin. -->","yoast_head_json":{"title":"Brendan's Variety Pack - Hotta","description":"Gatavojieties \u012bstam gar\u0161as piedz\u012bvojumam! Vair\u0101k par Brendana z\u012bmolu un produktu kl\u0101stu lasiet Hotta blog\u0101. Lieliski piem\u0113rots ar\u012b k\u0101 d\u0101vana!","robots":{"index":"index","follow":"follow","max-snippet":"max-snippet:-1","max-image-preview":"max-image-preview:large","max-video-preview":"max-video-preview:-1"},"canonical":"https:\/\/hotta.eu\/lv\/shop\/brendans-variety-pack\/","og_locale":"lv_LV","og_type":"article","og_title":"Brendan's Variety Pack - Hotta","og_description":"Gatavojieties \u012bstam gar\u0161as piedz\u012bvojumam! Vair\u0101k par Brendana z\u012bmolu un produktu kl\u0101stu lasiet Hotta blog\u0101. Lieliski piem\u0113rots ar\u012b k\u0101 d\u0101vana!","og_url":"https:\/\/hotta.eu\/lv\/shop\/brendans-variety-pack\/","og_site_name":"Hotta","article_publisher":"https:\/\/www.facebook.com\/hotta.eu","article_modified_time":"2024-12-27T10:40:15+00:00","og_image":[{"width":1530,"height":1530,"url":"https:\/\/hotta.eu\/wp-content\/uploads\/2024\/12\/brendans-variety-pack-1530x1530.png","type":"image\/png"}],"twitter_card":"summary_large_image","twitter_site":"@hottashop","twitter_misc":{"Est. reading time":"1 minute"},"schema":{"@context":"https:\/\/schema.org","@graph":[{"@type":"WebPage","@id":"https:\/\/hotta.eu\/lv\/shop\/brendans-variety-pack\/","url":"https:\/\/hotta.eu\/lv\/shop\/brendans-variety-pack\/","name":"Brendan's Variety Pack - Hotta","isPartOf":{"@id":"https:\/\/hotta.eu\/lv\/#website"},"primaryImageOfPage":{"@id":"https:\/\/hotta.eu\/lv\/shop\/brendans-variety-pack\/#primaryimage"},"image":{"@id":"https:\/\/hotta.eu\/lv\/shop\/brendans-variety-pack\/#primaryimage"},"thumbnailUrl":"https:\/\/hotta.eu\/wp-content\/uploads\/2024\/12\/brendans-variety-pack.png","datePublished":"2024-12-09T16:14:48+00:00","dateModified":"2024-12-27T10:40:15+00:00","description":"Gatavojieties \u012bstam gar\u0161as piedz\u012bvojumam! Vair\u0101k par Brendana z\u012bmolu un produktu kl\u0101stu lasiet Hotta blog\u0101. Lieliski piem\u0113rots ar\u012b k\u0101 d\u0101vana!","breadcrumb":{"@id":"https:\/\/hotta.eu\/lv\/shop\/brendans-variety-pack\/#breadcrumb"},"inLanguage":"lv-LV","potentialAction":[{"@type":"ReadAction","target":["https:\/\/hotta.eu\/lv\/shop\/brendans-variety-pack\/"]}]},{"@type":"ImageObject","inLanguage":"lv-LV","@id":"https:\/\/hotta.eu\/lv\/shop\/brendans-variety-pack\/#primaryimage","url":"https:\/\/hotta.eu\/wp-content\/uploads\/2024\/12\/brendans-variety-pack.png","contentUrl":"https:\/\/hotta.eu\/wp-content\/uploads\/2024\/12\/brendans-variety-pack.png","width":2000,"height":2000},{"@type":"BreadcrumbList","@id":"https:\/\/hotta.eu\/lv\/shop\/brendans-variety-pack\/#breadcrumb","itemListElement":[{"@type":"ListItem","position":1,"name":"S\u0101kums","item":"https:\/\/hotta.eu\/lv\/sakumlapa\/"},{"@type":"ListItem","position":2,"name":"Veikals","item":"https:\/\/hotta.eu\/lv\/shop\/"},{"@type":"ListItem","position":3,"name":"Brendan&#8217;s Variety Pack"}]},{"@type":"WebSite","@id":"https:\/\/hotta.eu\/lv\/#website","url":"https:\/\/hotta.eu\/lv\/","name":"Hotta","description":"Makes your mouth burn a lotta!","publisher":{"@id":"https:\/\/hotta.eu\/lv\/#organization"},"potentialAction":[{"@type":"SearchAction","target":{"@type":"EntryPoint","urlTemplate":"https:\/\/hotta.eu\/lv\/?s={search_term_string}"},"query-input":{"@type":"PropertyValueSpecification","valueRequired":true,"valueName":"search_term_string"}}],"inLanguage":"lv-LV"},{"@type":"Organization","@id":"https:\/\/hotta.eu\/lv\/#organization","name":"Hotta","url":"https:\/\/hotta.eu\/lv\/","logo":{"@type":"ImageObject","inLanguage":"lv-LV","@id":"https:\/\/hotta.eu\/lv\/#\/schema\/logo\/image\/","url":"https:\/\/hotta.eu\/wp-content\/uploads\/2025\/04\/hotta-logo-invoice.png","contentUrl":"https:\/\/hotta.eu\/wp-content\/uploads\/2025\/04\/hotta-logo-invoice.png","width":600,"height":411,"caption":"Hotta"},"image":{"@id":"https:\/\/hotta.eu\/lv\/#\/schema\/logo\/image\/"},"sameAs":["https:\/\/www.facebook.com\/hotta.eu","https:\/\/x.com\/hottashop","https:\/\/www.instagram.com\/hotta.shop"]}]}},"jetpack_sharing_enabled":true,"_links":{"self":[{"href":"https:\/\/hotta.eu\/lv\/wp-json\/wp\/v2\/product\/21152","targetHints":{"allow":["GET"]}}],"collection":[{"href":"https:\/\/hotta.eu\/lv\/wp-json\/wp\/v2\/product"}],"about":[{"href":"https:\/\/hotta.eu\/lv\/wp-json\/wp\/v2\/types\/product"}],"replies":[{"embeddable":true,"href":"https:\/\/hotta.eu\/lv\/wp-json\/wp\/v2\/comments?post=21152"}],"wp:featuredmedia":[{"embeddable":true,"href":"https:\/\/hotta.eu\/lv\/wp-json\/wp\/v2\/media\/21165"}],"wp:attachment":[{"href":"https:\/\/hotta.eu\/lv\/wp-json\/wp\/v2\/media?parent=21152"}],"wp:term":[{"taxonomy":"product_cat","embeddable":true,"href":"https:\/\/hotta.eu\/lv\/wp-json\/wp\/v2\/product_cat?post=21152"},{"taxonomy":"product_tag","embeddable":true,"href":"https:\/\/hotta.eu\/lv\/wp-json\/wp\/v2\/product_tag?post=21152"},{"taxonomy":"giftcard-category","embeddable":true,"href":"https:\/\/hotta.eu\/lv\/wp-json\/wp\/v2\/giftcard-category?post=21152"}],"curies":[{"name":"wp","href":"https:\/\/api.w.org\/{rel}","templated":true}]}}