{"id":21277,"date":"2024-12-11T05:19:07","date_gmt":"2024-12-11T03:19:07","guid":{"rendered":"https:\/\/hotta.eu\/shop\/hot-sauce-a-fiery-guide-to-101-of-the-worlds-best-sauces\/"},"modified":"2024-12-27T12:36:56","modified_gmt":"2024-12-27T10:36:56","slug":"hot-sauce-a-fiery-guide-to-101-of-the-worlds-best-sauces","status":"publish","type":"product","link":"https:\/\/hotta.eu\/lv\/shop\/hot-sauce-a-fiery-guide-to-101-of-the-worlds-best-sauces\/","title":{"rendered":"Hot Sauce: A Fiery Guide to 101 of the World&#8217;s Best Sauces"},"content":{"rendered":"<table>\n<tbody>\n<tr>\n<td><strong>Autori:<\/strong><\/td>\n<td>Autori: Neil Ridley, Dean Honer<\/td>\n<\/tr>\n<tr>\n<td><strong>Lappu\u0161u skaits:<\/strong><\/td>\n<td>176 lappuses<\/td>\n<\/tr>\n<tr>\n<td><strong>Valoda:<\/strong><\/td>\n<td>Ang\u013cu valod\u0101<\/td>\n<\/tr>\n<tr>\n<td><strong>Public\u0113\u0161anas datums:<\/strong><\/td>\n<td>2023<\/td>\n<\/tr>\n<tr>\n<td><strong>Izdev\u0113jdarb\u012bba:<\/strong><\/td>\n<td>Quadrille<\/td>\n<\/tr>\n<\/tbody>\n<\/table>\n","protected":false},"excerpt":{"rendered":"<p class=\"p1\">Laipni l\u016bgti (\u013coti) as\u0101s m\u0113rces pasaul\u0113! Vai tu dod priek\u0161roku asaj\u0101m vai gar\u0161\u012bgaj\u0101m m\u0113rc\u0113m \u2013 \u0161\u012b gr\u0101mata ir tie\u0161i tev. No absol\u016btiem klasiskajiem l\u012bdz daudz\u0101m jaun\u0101m un neparast\u0101m m\u0113rc\u0113m \u2013 atkl\u0101j visu, kas j\u0101zina par 101 pasaules lab\u0101ko \u010dili m\u0113rci no gandr\u012bz 50 valst\u012bm. Papildus tam atrad\u012bsi ar\u012b m\u0113r\u010du v\u0113sturi, kult\u016bru un zin\u0101tni, k\u0101 ar\u012b lab\u0101ko nozares \u201cm\u0113r\u010du meistaru\u201d padomus un trikus. Gr\u0101mat\u0101 ir ar\u012b receptes, lai var\u0113tu pagatavot savas m\u0101j\u0101s gatavot\u0101s m\u0113rces, k\u0101 ar\u012b 10 vienk\u0101r\u0161as un gardas receptes, kas lieliski sader ar tavu \u010dili m\u0113r\u010du kolekciju. T\u0101 ir aizraujo\u0161a un pikanta cie\u0146as izr\u0101d\u012b\u0161ana \u010dili m\u0113rc\u0113m k\u0101 glob\u0101lam fenomenam.<\/p>\n<p>Gr\u0101mat\u0101 atrad\u012bsi ar\u012b daudzus paz\u012bstamus produktus, piem\u0113ram, <a href=\"https:\/\/hotta.eu\/lv\/shop\/the-last-dab-apollo-hot-sauce\/\">The Last Dab Apollo Hot Sauce<\/a>, <a href=\"https:\/\/hotta.eu\/lv\/shop\/scotch-bonnet-ginger-hot-sauce\/\">Scotch Bonnet &amp; Ginger Hot Sauce<\/a>, <a href=\"https:\/\/hotta.eu\/lv\/shop\/immune-booster-hot-sauce\/\">Immune Booster Hot Sauce<\/a> un daudzus citus!<br \/>\n[ywcwtl_form product_id=\"\"]<\/p>\n","protected":false},"featured_media":21258,"comment_status":"closed","ping_status":"closed","template":"","meta":[],"product_cat":[932],"product_tag":[],"giftcard-category":[],"class_list":{"0":"post-21277","1":"product","2":"type-product","3":"status-publish","4":"has-post-thumbnail","6":"product_cat-citi","7":"pa_brand-quadrille-lv-2","9":"first","10":"instock","11":"featured","12":"taxable","13":"shipping-taxable","14":"purchasable","15":"product-type-simple"},"yoast_head":"<!-- This site is optimized with the Yoast SEO plugin v27.3 - https:\/\/yoast.com\/product\/yoast-seo-wordpress\/ -->\n<title>Hot Sauce: A Fiery Guide to 101 of the World&#039;s Best Sauces - Hotta<\/title>\n<meta name=\"description\" content=\"Sveiki atvyk\u0119 \u012f a\u0161tri\u0173 pada\u017e\u0173 pasaul\u012f! Nesvarbu, ar m\u0117gstate a\u0161trum\u0105, ar skon\u012f \u2013 \u0161i knyga yra b\u016btent jums. Ap\u017evalga apie 101 geriausi\u0105 pasaulio \u010dili pada\u017e\u0105.\" \/>\n<meta name=\"robots\" content=\"index, follow, max-snippet:-1, max-image-preview:large, max-video-preview:-1\" \/>\n<link rel=\"canonical\" href=\"https:\/\/hotta.eu\/lv\/shop\/hot-sauce-a-fiery-guide-to-101-of-the-worlds-best-sauces\/\" \/>\n<meta property=\"og:locale\" content=\"lv_LV\" \/>\n<meta property=\"og:type\" content=\"article\" \/>\n<meta property=\"og:title\" content=\"Hot Sauce: A Fiery Guide to 101 of the World&#039;s Best Sauces - Hotta\" \/>\n<meta property=\"og:description\" content=\"Sveiki atvyk\u0119 \u012f a\u0161tri\u0173 pada\u017e\u0173 pasaul\u012f! Nesvarbu, ar m\u0117gstate a\u0161trum\u0105, ar skon\u012f \u2013 \u0161i knyga yra b\u016btent jums. Ap\u017evalga apie 101 geriausi\u0105 pasaulio \u010dili pada\u017e\u0105.\" \/>\n<meta property=\"og:url\" content=\"https:\/\/hotta.eu\/lv\/shop\/hot-sauce-a-fiery-guide-to-101-of-the-worlds-best-sauces\/\" \/>\n<meta property=\"og:site_name\" content=\"Hotta\" \/>\n<meta property=\"article:publisher\" content=\"https:\/\/www.facebook.com\/hotta.eu\" \/>\n<meta property=\"article:modified_time\" content=\"2024-12-27T10:36:56+00:00\" \/>\n<meta property=\"og:image\" content=\"https:\/\/hotta.eu\/wp-content\/uploads\/2024\/12\/hot-sauce-book1-1530x1530.png\" \/>\n\t<meta property=\"og:image:width\" content=\"1530\" \/>\n\t<meta property=\"og:image:height\" content=\"1530\" \/>\n\t<meta property=\"og:image:type\" content=\"image\/png\" \/>\n<meta name=\"twitter:card\" content=\"summary_large_image\" \/>\n<meta name=\"twitter:site\" content=\"@hottashop\" \/>\n<meta name=\"twitter:label1\" content=\"Est. reading time\" \/>\n\t<meta name=\"twitter:data1\" content=\"1 minute\" \/>\n<script type=\"application\/ld+json\" class=\"yoast-schema-graph\">{\"@context\":\"https:\\\/\\\/schema.org\",\"@graph\":[{\"@type\":\"WebPage\",\"@id\":\"https:\\\/\\\/hotta.eu\\\/lv\\\/shop\\\/hot-sauce-a-fiery-guide-to-101-of-the-worlds-best-sauces\\\/\",\"url\":\"https:\\\/\\\/hotta.eu\\\/lv\\\/shop\\\/hot-sauce-a-fiery-guide-to-101-of-the-worlds-best-sauces\\\/\",\"name\":\"Hot Sauce: A Fiery Guide to 101 of the World's Best Sauces - Hotta\",\"isPartOf\":{\"@id\":\"https:\\\/\\\/hotta.eu\\\/lv\\\/#website\"},\"primaryImageOfPage\":{\"@id\":\"https:\\\/\\\/hotta.eu\\\/lv\\\/shop\\\/hot-sauce-a-fiery-guide-to-101-of-the-worlds-best-sauces\\\/#primaryimage\"},\"image\":{\"@id\":\"https:\\\/\\\/hotta.eu\\\/lv\\\/shop\\\/hot-sauce-a-fiery-guide-to-101-of-the-worlds-best-sauces\\\/#primaryimage\"},\"thumbnailUrl\":\"https:\\\/\\\/hotta.eu\\\/wp-content\\\/uploads\\\/2024\\\/12\\\/hot-sauce-book1.png\",\"datePublished\":\"2024-12-11T03:19:07+00:00\",\"dateModified\":\"2024-12-27T10:36:56+00:00\",\"description\":\"Sveiki atvyk\u0119 \u012f a\u0161tri\u0173 pada\u017e\u0173 pasaul\u012f! Nesvarbu, ar m\u0117gstate a\u0161trum\u0105, ar skon\u012f \u2013 \u0161i knyga yra b\u016btent jums. Ap\u017evalga apie 101 geriausi\u0105 pasaulio \u010dili pada\u017e\u0105.\",\"breadcrumb\":{\"@id\":\"https:\\\/\\\/hotta.eu\\\/lv\\\/shop\\\/hot-sauce-a-fiery-guide-to-101-of-the-worlds-best-sauces\\\/#breadcrumb\"},\"inLanguage\":\"lv-LV\",\"potentialAction\":[{\"@type\":\"ReadAction\",\"target\":[\"https:\\\/\\\/hotta.eu\\\/lv\\\/shop\\\/hot-sauce-a-fiery-guide-to-101-of-the-worlds-best-sauces\\\/\"]}]},{\"@type\":\"ImageObject\",\"inLanguage\":\"lv-LV\",\"@id\":\"https:\\\/\\\/hotta.eu\\\/lv\\\/shop\\\/hot-sauce-a-fiery-guide-to-101-of-the-worlds-best-sauces\\\/#primaryimage\",\"url\":\"https:\\\/\\\/hotta.eu\\\/wp-content\\\/uploads\\\/2024\\\/12\\\/hot-sauce-book1.png\",\"contentUrl\":\"https:\\\/\\\/hotta.eu\\\/wp-content\\\/uploads\\\/2024\\\/12\\\/hot-sauce-book1.png\",\"width\":2000,\"height\":2000},{\"@type\":\"BreadcrumbList\",\"@id\":\"https:\\\/\\\/hotta.eu\\\/lv\\\/shop\\\/hot-sauce-a-fiery-guide-to-101-of-the-worlds-best-sauces\\\/#breadcrumb\",\"itemListElement\":[{\"@type\":\"ListItem\",\"position\":1,\"name\":\"S\u0101kums\",\"item\":\"https:\\\/\\\/hotta.eu\\\/lv\\\/sakumlapa\\\/\"},{\"@type\":\"ListItem\",\"position\":2,\"name\":\"Veikals\",\"item\":\"https:\\\/\\\/hotta.eu\\\/lv\\\/shop\\\/\"},{\"@type\":\"ListItem\",\"position\":3,\"name\":\"Hot Sauce: A Fiery Guide to 101 of the World&#8217;s Best Sauces\"}]},{\"@type\":\"WebSite\",\"@id\":\"https:\\\/\\\/hotta.eu\\\/lv\\\/#website\",\"url\":\"https:\\\/\\\/hotta.eu\\\/lv\\\/\",\"name\":\"Hotta\",\"description\":\"Makes your mouth burn a lotta!\",\"publisher\":{\"@id\":\"https:\\\/\\\/hotta.eu\\\/lv\\\/#organization\"},\"potentialAction\":[{\"@type\":\"SearchAction\",\"target\":{\"@type\":\"EntryPoint\",\"urlTemplate\":\"https:\\\/\\\/hotta.eu\\\/lv\\\/?s={search_term_string}\"},\"query-input\":{\"@type\":\"PropertyValueSpecification\",\"valueRequired\":true,\"valueName\":\"search_term_string\"}}],\"inLanguage\":\"lv-LV\"},{\"@type\":\"Organization\",\"@id\":\"https:\\\/\\\/hotta.eu\\\/lv\\\/#organization\",\"name\":\"Hotta\",\"url\":\"https:\\\/\\\/hotta.eu\\\/lv\\\/\",\"logo\":{\"@type\":\"ImageObject\",\"inLanguage\":\"lv-LV\",\"@id\":\"https:\\\/\\\/hotta.eu\\\/lv\\\/#\\\/schema\\\/logo\\\/image\\\/\",\"url\":\"https:\\\/\\\/hotta.eu\\\/wp-content\\\/uploads\\\/2025\\\/04\\\/hotta-logo-invoice.png\",\"contentUrl\":\"https:\\\/\\\/hotta.eu\\\/wp-content\\\/uploads\\\/2025\\\/04\\\/hotta-logo-invoice.png\",\"width\":600,\"height\":411,\"caption\":\"Hotta\"},\"image\":{\"@id\":\"https:\\\/\\\/hotta.eu\\\/lv\\\/#\\\/schema\\\/logo\\\/image\\\/\"},\"sameAs\":[\"https:\\\/\\\/www.facebook.com\\\/hotta.eu\",\"https:\\\/\\\/x.com\\\/hottashop\",\"https:\\\/\\\/www.instagram.com\\\/hotta.shop\"]}]}<\/script>\n<!-- \/ Yoast SEO plugin. -->","yoast_head_json":{"title":"Hot Sauce: A Fiery Guide to 101 of the World's Best Sauces - Hotta","description":"Sveiki atvyk\u0119 \u012f a\u0161tri\u0173 pada\u017e\u0173 pasaul\u012f! Nesvarbu, ar m\u0117gstate a\u0161trum\u0105, ar skon\u012f \u2013 \u0161i knyga yra b\u016btent jums. Ap\u017evalga apie 101 geriausi\u0105 pasaulio \u010dili pada\u017e\u0105.","robots":{"index":"index","follow":"follow","max-snippet":"max-snippet:-1","max-image-preview":"max-image-preview:large","max-video-preview":"max-video-preview:-1"},"canonical":"https:\/\/hotta.eu\/lv\/shop\/hot-sauce-a-fiery-guide-to-101-of-the-worlds-best-sauces\/","og_locale":"lv_LV","og_type":"article","og_title":"Hot Sauce: A Fiery Guide to 101 of the World's Best Sauces - Hotta","og_description":"Sveiki atvyk\u0119 \u012f a\u0161tri\u0173 pada\u017e\u0173 pasaul\u012f! Nesvarbu, ar m\u0117gstate a\u0161trum\u0105, ar skon\u012f \u2013 \u0161i knyga yra b\u016btent jums. Ap\u017evalga apie 101 geriausi\u0105 pasaulio \u010dili pada\u017e\u0105.","og_url":"https:\/\/hotta.eu\/lv\/shop\/hot-sauce-a-fiery-guide-to-101-of-the-worlds-best-sauces\/","og_site_name":"Hotta","article_publisher":"https:\/\/www.facebook.com\/hotta.eu","article_modified_time":"2024-12-27T10:36:56+00:00","og_image":[{"width":1530,"height":1530,"url":"https:\/\/hotta.eu\/wp-content\/uploads\/2024\/12\/hot-sauce-book1-1530x1530.png","type":"image\/png"}],"twitter_card":"summary_large_image","twitter_site":"@hottashop","twitter_misc":{"Est. reading time":"1 minute"},"schema":{"@context":"https:\/\/schema.org","@graph":[{"@type":"WebPage","@id":"https:\/\/hotta.eu\/lv\/shop\/hot-sauce-a-fiery-guide-to-101-of-the-worlds-best-sauces\/","url":"https:\/\/hotta.eu\/lv\/shop\/hot-sauce-a-fiery-guide-to-101-of-the-worlds-best-sauces\/","name":"Hot Sauce: A Fiery Guide to 101 of the World's Best Sauces - Hotta","isPartOf":{"@id":"https:\/\/hotta.eu\/lv\/#website"},"primaryImageOfPage":{"@id":"https:\/\/hotta.eu\/lv\/shop\/hot-sauce-a-fiery-guide-to-101-of-the-worlds-best-sauces\/#primaryimage"},"image":{"@id":"https:\/\/hotta.eu\/lv\/shop\/hot-sauce-a-fiery-guide-to-101-of-the-worlds-best-sauces\/#primaryimage"},"thumbnailUrl":"https:\/\/hotta.eu\/wp-content\/uploads\/2024\/12\/hot-sauce-book1.png","datePublished":"2024-12-11T03:19:07+00:00","dateModified":"2024-12-27T10:36:56+00:00","description":"Sveiki atvyk\u0119 \u012f a\u0161tri\u0173 pada\u017e\u0173 pasaul\u012f! Nesvarbu, ar m\u0117gstate a\u0161trum\u0105, ar skon\u012f \u2013 \u0161i knyga yra b\u016btent jums. Ap\u017evalga apie 101 geriausi\u0105 pasaulio \u010dili pada\u017e\u0105.","breadcrumb":{"@id":"https:\/\/hotta.eu\/lv\/shop\/hot-sauce-a-fiery-guide-to-101-of-the-worlds-best-sauces\/#breadcrumb"},"inLanguage":"lv-LV","potentialAction":[{"@type":"ReadAction","target":["https:\/\/hotta.eu\/lv\/shop\/hot-sauce-a-fiery-guide-to-101-of-the-worlds-best-sauces\/"]}]},{"@type":"ImageObject","inLanguage":"lv-LV","@id":"https:\/\/hotta.eu\/lv\/shop\/hot-sauce-a-fiery-guide-to-101-of-the-worlds-best-sauces\/#primaryimage","url":"https:\/\/hotta.eu\/wp-content\/uploads\/2024\/12\/hot-sauce-book1.png","contentUrl":"https:\/\/hotta.eu\/wp-content\/uploads\/2024\/12\/hot-sauce-book1.png","width":2000,"height":2000},{"@type":"BreadcrumbList","@id":"https:\/\/hotta.eu\/lv\/shop\/hot-sauce-a-fiery-guide-to-101-of-the-worlds-best-sauces\/#breadcrumb","itemListElement":[{"@type":"ListItem","position":1,"name":"S\u0101kums","item":"https:\/\/hotta.eu\/lv\/sakumlapa\/"},{"@type":"ListItem","position":2,"name":"Veikals","item":"https:\/\/hotta.eu\/lv\/shop\/"},{"@type":"ListItem","position":3,"name":"Hot Sauce: A Fiery Guide to 101 of the World&#8217;s Best Sauces"}]},{"@type":"WebSite","@id":"https:\/\/hotta.eu\/lv\/#website","url":"https:\/\/hotta.eu\/lv\/","name":"Hotta","description":"Makes your mouth burn a lotta!","publisher":{"@id":"https:\/\/hotta.eu\/lv\/#organization"},"potentialAction":[{"@type":"SearchAction","target":{"@type":"EntryPoint","urlTemplate":"https:\/\/hotta.eu\/lv\/?s={search_term_string}"},"query-input":{"@type":"PropertyValueSpecification","valueRequired":true,"valueName":"search_term_string"}}],"inLanguage":"lv-LV"},{"@type":"Organization","@id":"https:\/\/hotta.eu\/lv\/#organization","name":"Hotta","url":"https:\/\/hotta.eu\/lv\/","logo":{"@type":"ImageObject","inLanguage":"lv-LV","@id":"https:\/\/hotta.eu\/lv\/#\/schema\/logo\/image\/","url":"https:\/\/hotta.eu\/wp-content\/uploads\/2025\/04\/hotta-logo-invoice.png","contentUrl":"https:\/\/hotta.eu\/wp-content\/uploads\/2025\/04\/hotta-logo-invoice.png","width":600,"height":411,"caption":"Hotta"},"image":{"@id":"https:\/\/hotta.eu\/lv\/#\/schema\/logo\/image\/"},"sameAs":["https:\/\/www.facebook.com\/hotta.eu","https:\/\/x.com\/hottashop","https:\/\/www.instagram.com\/hotta.shop"]}]}},"jetpack_sharing_enabled":true,"_links":{"self":[{"href":"https:\/\/hotta.eu\/lv\/wp-json\/wp\/v2\/product\/21277","targetHints":{"allow":["GET"]}}],"collection":[{"href":"https:\/\/hotta.eu\/lv\/wp-json\/wp\/v2\/product"}],"about":[{"href":"https:\/\/hotta.eu\/lv\/wp-json\/wp\/v2\/types\/product"}],"replies":[{"embeddable":true,"href":"https:\/\/hotta.eu\/lv\/wp-json\/wp\/v2\/comments?post=21277"}],"wp:featuredmedia":[{"embeddable":true,"href":"https:\/\/hotta.eu\/lv\/wp-json\/wp\/v2\/media\/21258"}],"wp:attachment":[{"href":"https:\/\/hotta.eu\/lv\/wp-json\/wp\/v2\/media?parent=21277"}],"wp:term":[{"taxonomy":"product_cat","embeddable":true,"href":"https:\/\/hotta.eu\/lv\/wp-json\/wp\/v2\/product_cat?post=21277"},{"taxonomy":"product_tag","embeddable":true,"href":"https:\/\/hotta.eu\/lv\/wp-json\/wp\/v2\/product_tag?post=21277"},{"taxonomy":"giftcard-category","embeddable":true,"href":"https:\/\/hotta.eu\/lv\/wp-json\/wp\/v2\/giftcard-category?post=21277"}],"curies":[{"name":"wp","href":"https:\/\/api.w.org\/{rel}","templated":true}]}}