{"id":22576,"date":"2025-03-16T07:42:42","date_gmt":"2025-03-16T05:42:42","guid":{"rendered":"https:\/\/hotta.eu\/?post_type=product&#038;p=22576"},"modified":"2025-04-10T03:15:48","modified_gmt":"2025-04-10T01:15:48","slug":"hot-nut-challenge","status":"publish","type":"product","link":"https:\/\/hotta.eu\/lv\/shop\/hot-nut-challenge\/","title":{"rendered":"Hot Nut Challenge"},"content":{"rendered":"<p><strong>Sast\u0101vda\u013cas<br \/>\n<\/strong><span class=\"jCAhz ChMk0b\"><span class=\"ryNqvb\"><span style=\"text-decoration: underline;\">Zemesrieksti<\/span> 52%, kukur\u016bzas ciete, modific\u0113ta ciete, saulespu\u0137u e\u013c\u013ca, maltodekstr\u012bns, dekstroze, \u010dilli pipari: chipotle, ke\u0161ju, scotch bonnet, carolina reaper, naga bhut, trinidad moruga scorpion, bird&#8217;s eye;<\/span><\/span> <span class=\"jCAhz ChMk0b\"><span class=\"ryNqvb\">s\u0101ls, cukurs, <span style=\"text-decoration: underline;\">kvie\u0161u milti<\/span>, gar\u0161vielas un gar\u0161vielu ekstrakti, gar\u0161as pastiprin\u0101t\u0101ji: monon\u0101trija glutam\u0101ts, din\u0101trija guanil\u0101ts, din\u0101trija inosin\u0101ts;<\/span><\/span> <span class=\"jCAhz ChMk0b\"><span class=\"ryNqvb\">sk\u0101buma regul\u0113t\u0101js: citronsk\u0101be, ieraugs: amonija karbon\u0101ts;<\/span><\/span> <span class=\"jCAhz ChMk0b\"><span class=\"ryNqvb\">bie\u0161u ekstrakts, matcha, aktiv\u0113t\u0101 ogle, anato norbiks\u012bns, paprikas ekstrakts;<\/span><\/span> <span class=\"jCAhz ChMk0b\"><span class=\"ryNqvb\">arom\u0101ti.<\/span><\/span><\/p>\n<div class=\"tableheader\"><strong>Uzturv\u0113rt\u012bba (100 g)<br \/>\n<\/strong>Ener\u0123ija 2330 kJ (558 kcal), tauki 36,3 g (no tiem pies\u0101tin\u0101t\u0101s tauksk\u0101bes 9,9 g), og\u013chidr\u0101ti 45,9 g (no tiem cukuri 8,4 g), olbaltumvielas 12,4 g, s\u0101ls 1,4 g.<\/div>\n","protected":false},"excerpt":{"rendered":"<p>Jauns, ugun\u012bgi aizraujo\u0161s izaicin\u0101jums no Hot Chip \u2013 tas ir <strong>Hot Nut Challenge<\/strong>! \ud83d\udd25<\/p>\n<p>Pie\u0146em izaicin\u0101jumu kop\u0101 ar draugiem (l\u012bdz 4 cilv\u0113kiem), s\u0101kot ar maig\u0101ko riekstu (<strong>EASY PEASY<\/strong>) un virzoties uz arvien as\u0101kiem l\u012bme\u0146iem, l\u012bdz sasniedzat gal\u0113jo punktu (<strong>WTF<\/strong>). Katram veiksm\u012bgi p\u0101rvar\u0113tam l\u012bmenim sa\u0146emsi uzl\u012bmi k\u0101 apliecin\u0101jumu sav\u0101m sp\u0113j\u0101m! Turkl\u0101t sp\u0113l\u0113 ir ar\u012b papildus uzdevumi, ko p\u0101ros varat izaicin\u0101t viens otru izpild\u012bt.<br \/>\n[ywcwtl_form product_id=\"\"]<\/p>\n","protected":false},"featured_media":22584,"comment_status":"open","ping_status":"closed","template":"","meta":[],"product_cat":[938],"product_tag":[],"giftcard-category":[],"class_list":{"0":"post-22576","1":"product","2":"type-product","3":"status-publish","4":"has-post-thumbnail","6":"product_cat-uzkodas","7":"pa_brand-hot-chip","9":"first","10":"outofstock","11":"taxable","12":"shipping-taxable","13":"purchasable","14":"product-type-variable"},"yoast_head":"<!-- This site is optimized with the Yoast SEO plugin v27.5 - https:\/\/yoast.com\/product\/yoast-seo-wordpress\/ -->\n<title>Hot Nut Challenge - Hotta<\/title>\n<meta name=\"description\" content=\"Jauns, ugun\u012bgi aizraujo\u0161s izaicin\u0101jums no Hot Chip \u2013 tas ir Hot Nut Challenge! Pie\u0146em izaicin\u0101jumu kop\u0101 ar draugiem (l\u012bdz 4 cilv\u0113kiem).\" \/>\n<meta name=\"robots\" content=\"index, follow, max-snippet:-1, max-image-preview:large, max-video-preview:-1\" \/>\n<link rel=\"canonical\" href=\"https:\/\/hotta.eu\/lv\/shop\/hot-nut-challenge\/\" \/>\n<meta property=\"og:locale\" content=\"lv_LV\" \/>\n<meta property=\"og:type\" content=\"article\" \/>\n<meta property=\"og:title\" content=\"Hot Nut Challenge - Hotta\" \/>\n<meta property=\"og:description\" content=\"Jauns, ugun\u012bgi aizraujo\u0161s izaicin\u0101jums no Hot Chip \u2013 tas ir Hot Nut Challenge! Pie\u0146em izaicin\u0101jumu kop\u0101 ar draugiem (l\u012bdz 4 cilv\u0113kiem).\" \/>\n<meta property=\"og:url\" content=\"https:\/\/hotta.eu\/lv\/shop\/hot-nut-challenge\/\" \/>\n<meta property=\"og:site_name\" content=\"Hotta\" \/>\n<meta property=\"article:publisher\" content=\"https:\/\/www.facebook.com\/hotta.eu\" \/>\n<meta property=\"article:modified_time\" content=\"2025-04-10T01:15:48+00:00\" \/>\n<meta property=\"og:image\" content=\"https:\/\/hotta.eu\/wp-content\/uploads\/2025\/03\/hot-nut-1x.jpg\" \/>\n\t<meta property=\"og:image:width\" content=\"1000\" \/>\n\t<meta property=\"og:image:height\" content=\"1000\" \/>\n\t<meta property=\"og:image:type\" content=\"image\/jpeg\" \/>\n<meta name=\"twitter:card\" content=\"summary_large_image\" \/>\n<meta name=\"twitter:site\" content=\"@hottashop\" \/>\n<meta name=\"twitter:label1\" content=\"Est. reading time\" \/>\n\t<meta name=\"twitter:data1\" content=\"1 minute\" \/>\n<script type=\"application\/ld+json\" class=\"yoast-schema-graph\">{\"@context\":\"https:\\\/\\\/schema.org\",\"@graph\":[{\"@type\":\"WebPage\",\"@id\":\"https:\\\/\\\/hotta.eu\\\/lv\\\/shop\\\/hot-nut-challenge\\\/\",\"url\":\"https:\\\/\\\/hotta.eu\\\/lv\\\/shop\\\/hot-nut-challenge\\\/\",\"name\":\"Hot Nut Challenge - Hotta\",\"isPartOf\":{\"@id\":\"https:\\\/\\\/hotta.eu\\\/lv\\\/#website\"},\"primaryImageOfPage\":{\"@id\":\"https:\\\/\\\/hotta.eu\\\/lv\\\/shop\\\/hot-nut-challenge\\\/#primaryimage\"},\"image\":{\"@id\":\"https:\\\/\\\/hotta.eu\\\/lv\\\/shop\\\/hot-nut-challenge\\\/#primaryimage\"},\"thumbnailUrl\":\"https:\\\/\\\/hotta.eu\\\/wp-content\\\/uploads\\\/2025\\\/03\\\/hot-nut-1x.jpg\",\"datePublished\":\"2025-03-16T05:42:42+00:00\",\"dateModified\":\"2025-04-10T01:15:48+00:00\",\"description\":\"Jauns, ugun\u012bgi aizraujo\u0161s izaicin\u0101jums no Hot Chip \u2013 tas ir Hot Nut Challenge! Pie\u0146em izaicin\u0101jumu kop\u0101 ar draugiem (l\u012bdz 4 cilv\u0113kiem).\",\"breadcrumb\":{\"@id\":\"https:\\\/\\\/hotta.eu\\\/lv\\\/shop\\\/hot-nut-challenge\\\/#breadcrumb\"},\"inLanguage\":\"lv-LV\",\"potentialAction\":[{\"@type\":\"ReadAction\",\"target\":[\"https:\\\/\\\/hotta.eu\\\/lv\\\/shop\\\/hot-nut-challenge\\\/\"]}]},{\"@type\":\"ImageObject\",\"inLanguage\":\"lv-LV\",\"@id\":\"https:\\\/\\\/hotta.eu\\\/lv\\\/shop\\\/hot-nut-challenge\\\/#primaryimage\",\"url\":\"https:\\\/\\\/hotta.eu\\\/wp-content\\\/uploads\\\/2025\\\/03\\\/hot-nut-1x.jpg\",\"contentUrl\":\"https:\\\/\\\/hotta.eu\\\/wp-content\\\/uploads\\\/2025\\\/03\\\/hot-nut-1x.jpg\",\"width\":1000,\"height\":1000},{\"@type\":\"BreadcrumbList\",\"@id\":\"https:\\\/\\\/hotta.eu\\\/lv\\\/shop\\\/hot-nut-challenge\\\/#breadcrumb\",\"itemListElement\":[{\"@type\":\"ListItem\",\"position\":1,\"name\":\"S\u0101kums\",\"item\":\"https:\\\/\\\/hotta.eu\\\/lv\\\/\"},{\"@type\":\"ListItem\",\"position\":2,\"name\":\"Veikals\",\"item\":\"https:\\\/\\\/hotta.eu\\\/lv\\\/shop\\\/\"},{\"@type\":\"ListItem\",\"position\":3,\"name\":\"Hot Nut Challenge\"}]},{\"@type\":\"WebSite\",\"@id\":\"https:\\\/\\\/hotta.eu\\\/lv\\\/#website\",\"url\":\"https:\\\/\\\/hotta.eu\\\/lv\\\/\",\"name\":\"Hotta\",\"description\":\"Makes your mouth burn a lotta!\",\"publisher\":{\"@id\":\"https:\\\/\\\/hotta.eu\\\/lv\\\/#organization\"},\"potentialAction\":[{\"@type\":\"SearchAction\",\"target\":{\"@type\":\"EntryPoint\",\"urlTemplate\":\"https:\\\/\\\/hotta.eu\\\/lv\\\/?s={search_term_string}\"},\"query-input\":{\"@type\":\"PropertyValueSpecification\",\"valueRequired\":true,\"valueName\":\"search_term_string\"}}],\"inLanguage\":\"lv-LV\"},{\"@type\":\"Organization\",\"@id\":\"https:\\\/\\\/hotta.eu\\\/lv\\\/#organization\",\"name\":\"Hotta\",\"url\":\"https:\\\/\\\/hotta.eu\\\/lv\\\/\",\"logo\":{\"@type\":\"ImageObject\",\"inLanguage\":\"lv-LV\",\"@id\":\"https:\\\/\\\/hotta.eu\\\/lv\\\/#\\\/schema\\\/logo\\\/image\\\/\",\"url\":\"https:\\\/\\\/hotta.eu\\\/wp-content\\\/uploads\\\/2025\\\/04\\\/hotta-logo-invoice.png\",\"contentUrl\":\"https:\\\/\\\/hotta.eu\\\/wp-content\\\/uploads\\\/2025\\\/04\\\/hotta-logo-invoice.png\",\"width\":600,\"height\":411,\"caption\":\"Hotta\"},\"image\":{\"@id\":\"https:\\\/\\\/hotta.eu\\\/lv\\\/#\\\/schema\\\/logo\\\/image\\\/\"},\"sameAs\":[\"https:\\\/\\\/www.facebook.com\\\/hotta.eu\",\"https:\\\/\\\/x.com\\\/hottashop\",\"https:\\\/\\\/www.instagram.com\\\/hotta.shop\"]}]}<\/script>\n<!-- \/ Yoast SEO plugin. -->","yoast_head_json":{"title":"Hot Nut Challenge - Hotta","description":"Jauns, ugun\u012bgi aizraujo\u0161s izaicin\u0101jums no Hot Chip \u2013 tas ir Hot Nut Challenge! Pie\u0146em izaicin\u0101jumu kop\u0101 ar draugiem (l\u012bdz 4 cilv\u0113kiem).","robots":{"index":"index","follow":"follow","max-snippet":"max-snippet:-1","max-image-preview":"max-image-preview:large","max-video-preview":"max-video-preview:-1"},"canonical":"https:\/\/hotta.eu\/lv\/shop\/hot-nut-challenge\/","og_locale":"lv_LV","og_type":"article","og_title":"Hot Nut Challenge - Hotta","og_description":"Jauns, ugun\u012bgi aizraujo\u0161s izaicin\u0101jums no Hot Chip \u2013 tas ir Hot Nut Challenge! Pie\u0146em izaicin\u0101jumu kop\u0101 ar draugiem (l\u012bdz 4 cilv\u0113kiem).","og_url":"https:\/\/hotta.eu\/lv\/shop\/hot-nut-challenge\/","og_site_name":"Hotta","article_publisher":"https:\/\/www.facebook.com\/hotta.eu","article_modified_time":"2025-04-10T01:15:48+00:00","og_image":[{"width":1000,"height":1000,"url":"https:\/\/hotta.eu\/wp-content\/uploads\/2025\/03\/hot-nut-1x.jpg","type":"image\/jpeg"}],"twitter_card":"summary_large_image","twitter_site":"@hottashop","twitter_misc":{"Est. reading time":"1 minute"},"schema":{"@context":"https:\/\/schema.org","@graph":[{"@type":"WebPage","@id":"https:\/\/hotta.eu\/lv\/shop\/hot-nut-challenge\/","url":"https:\/\/hotta.eu\/lv\/shop\/hot-nut-challenge\/","name":"Hot Nut Challenge - Hotta","isPartOf":{"@id":"https:\/\/hotta.eu\/lv\/#website"},"primaryImageOfPage":{"@id":"https:\/\/hotta.eu\/lv\/shop\/hot-nut-challenge\/#primaryimage"},"image":{"@id":"https:\/\/hotta.eu\/lv\/shop\/hot-nut-challenge\/#primaryimage"},"thumbnailUrl":"https:\/\/hotta.eu\/wp-content\/uploads\/2025\/03\/hot-nut-1x.jpg","datePublished":"2025-03-16T05:42:42+00:00","dateModified":"2025-04-10T01:15:48+00:00","description":"Jauns, ugun\u012bgi aizraujo\u0161s izaicin\u0101jums no Hot Chip \u2013 tas ir Hot Nut Challenge! Pie\u0146em izaicin\u0101jumu kop\u0101 ar draugiem (l\u012bdz 4 cilv\u0113kiem).","breadcrumb":{"@id":"https:\/\/hotta.eu\/lv\/shop\/hot-nut-challenge\/#breadcrumb"},"inLanguage":"lv-LV","potentialAction":[{"@type":"ReadAction","target":["https:\/\/hotta.eu\/lv\/shop\/hot-nut-challenge\/"]}]},{"@type":"ImageObject","inLanguage":"lv-LV","@id":"https:\/\/hotta.eu\/lv\/shop\/hot-nut-challenge\/#primaryimage","url":"https:\/\/hotta.eu\/wp-content\/uploads\/2025\/03\/hot-nut-1x.jpg","contentUrl":"https:\/\/hotta.eu\/wp-content\/uploads\/2025\/03\/hot-nut-1x.jpg","width":1000,"height":1000},{"@type":"BreadcrumbList","@id":"https:\/\/hotta.eu\/lv\/shop\/hot-nut-challenge\/#breadcrumb","itemListElement":[{"@type":"ListItem","position":1,"name":"S\u0101kums","item":"https:\/\/hotta.eu\/lv\/"},{"@type":"ListItem","position":2,"name":"Veikals","item":"https:\/\/hotta.eu\/lv\/shop\/"},{"@type":"ListItem","position":3,"name":"Hot Nut Challenge"}]},{"@type":"WebSite","@id":"https:\/\/hotta.eu\/lv\/#website","url":"https:\/\/hotta.eu\/lv\/","name":"Hotta","description":"Makes your mouth burn a lotta!","publisher":{"@id":"https:\/\/hotta.eu\/lv\/#organization"},"potentialAction":[{"@type":"SearchAction","target":{"@type":"EntryPoint","urlTemplate":"https:\/\/hotta.eu\/lv\/?s={search_term_string}"},"query-input":{"@type":"PropertyValueSpecification","valueRequired":true,"valueName":"search_term_string"}}],"inLanguage":"lv-LV"},{"@type":"Organization","@id":"https:\/\/hotta.eu\/lv\/#organization","name":"Hotta","url":"https:\/\/hotta.eu\/lv\/","logo":{"@type":"ImageObject","inLanguage":"lv-LV","@id":"https:\/\/hotta.eu\/lv\/#\/schema\/logo\/image\/","url":"https:\/\/hotta.eu\/wp-content\/uploads\/2025\/04\/hotta-logo-invoice.png","contentUrl":"https:\/\/hotta.eu\/wp-content\/uploads\/2025\/04\/hotta-logo-invoice.png","width":600,"height":411,"caption":"Hotta"},"image":{"@id":"https:\/\/hotta.eu\/lv\/#\/schema\/logo\/image\/"},"sameAs":["https:\/\/www.facebook.com\/hotta.eu","https:\/\/x.com\/hottashop","https:\/\/www.instagram.com\/hotta.shop"]}]}},"jetpack_sharing_enabled":true,"_links":{"self":[{"href":"https:\/\/hotta.eu\/lv\/wp-json\/wp\/v2\/product\/22576","targetHints":{"allow":["GET"]}}],"collection":[{"href":"https:\/\/hotta.eu\/lv\/wp-json\/wp\/v2\/product"}],"about":[{"href":"https:\/\/hotta.eu\/lv\/wp-json\/wp\/v2\/types\/product"}],"replies":[{"embeddable":true,"href":"https:\/\/hotta.eu\/lv\/wp-json\/wp\/v2\/comments?post=22576"}],"wp:featuredmedia":[{"embeddable":true,"href":"https:\/\/hotta.eu\/lv\/wp-json\/wp\/v2\/media\/22584"}],"wp:attachment":[{"href":"https:\/\/hotta.eu\/lv\/wp-json\/wp\/v2\/media?parent=22576"}],"wp:term":[{"taxonomy":"product_cat","embeddable":true,"href":"https:\/\/hotta.eu\/lv\/wp-json\/wp\/v2\/product_cat?post=22576"},{"taxonomy":"product_tag","embeddable":true,"href":"https:\/\/hotta.eu\/lv\/wp-json\/wp\/v2\/product_tag?post=22576"},{"taxonomy":"giftcard-category","embeddable":true,"href":"https:\/\/hotta.eu\/lv\/wp-json\/wp\/v2\/giftcard-category?post=22576"}],"curies":[{"name":"wp","href":"https:\/\/api.w.org\/{rel}","templated":true}]}}