{"id":22730,"date":"2025-03-22T10:27:04","date_gmt":"2025-03-22T08:27:04","guid":{"rendered":"https:\/\/hotta.eu\/?post_type=product&#038;p=22730"},"modified":"2025-04-10T03:15:47","modified_gmt":"2025-04-10T01:15:47","slug":"spicy-johnny-ring-of-fire-hot-sauce","status":"publish","type":"product","link":"https:\/\/hotta.eu\/lv\/shop\/spicy-johnny-ring-of-fire-hot-sauce\/","title":{"rendered":"Ring Of Fire Hot Sauce"},"content":{"rendered":"<p><strong>Sast\u0101vda\u013cas<\/strong><br \/>\nHabanero pipari, melone, laima sula, eti\u0137is, s\u0101ls.<\/p>\n<p><strong>Der\u012bguma termi\u0146\u0161 un uzglab\u0101\u0161ana<\/strong><br \/>\nDer\u012bguma termi\u0146\u0161 uz pudeles attiecas uz neatv\u0113rtiem produktiem. Atv\u0113rtus produktus uzglab\u0101t ledusskap\u012b un pat\u0113r\u0113t 2 m\u0113ne\u0161u laik\u0101. <\/p>\n","protected":false},"excerpt":{"rendered":"<p>Spicy Johnny ir neliels m\u0101jra\u017eot\u0101ju \u010dili m\u0113rc\u012b\u0161u z\u012bmols &#8211; \u0123imenes uz\u0146\u0113mums, kas radies aiz patiesas m\u012blest\u012bbas pret asiem \u0113dieniem. \ud83c\udf36<\/p>\n<p>\u0160\u012b m\u0113rc\u012bte ir pikanti eksotiska. T\u0101s sast\u0101v\u0101 ir habanero pipari, melone un laima sulas sk\u0101benums. Pirmaj\u0101 br\u012bd\u012b sajut\u012bsi saldi sk\u0101benu gar\u0161u, un p\u0113c tam tevi p\u0101r\u0146ems pat\u012bkams, bet pamat\u012bgs siltuma vilnis ar habanero piparu jaudu. \ud83d\udd25<br \/>\n[ywcwtl_form product_id=\"\"]<\/p>\n","protected":false},"featured_media":22715,"comment_status":"open","ping_status":"closed","template":"","meta":[],"product_cat":[916,922],"product_tag":[],"giftcard-category":[],"class_list":{"0":"post-22730","1":"product","2":"type-product","3":"status-publish","4":"has-post-thumbnail","6":"product_cat-merces","7":"product_cat-videjs","8":"pa_brand-spicy-johnny-lv","10":"first","11":"outofstock","12":"taxable","13":"shipping-taxable","14":"purchasable","15":"product-type-simple"},"yoast_head":"<!-- This site is optimized with the Yoast SEO plugin v27.3 - https:\/\/yoast.com\/product\/yoast-seo-wordpress\/ -->\n<title>Ring Of Fire Hot Sauce - Hotta<\/title>\n<meta name=\"description\" content=\"Spicy Johnny ir amatniecisks \u010dilli m\u0113r\u010du z\u012bmols no Latvijas - neliels \u0123imenes uz\u0146\u0113mums, ko virza kaisl\u012bba uz pikant\u0101m gar\u0161\u0101m un autentisku pieredzi. \ud83c\udf36\" \/>\n<meta name=\"robots\" content=\"index, follow, max-snippet:-1, max-image-preview:large, max-video-preview:-1\" \/>\n<link rel=\"canonical\" href=\"https:\/\/hotta.eu\/lv\/shop\/spicy-johnny-ring-of-fire-hot-sauce\/\" \/>\n<meta property=\"og:locale\" content=\"lv_LV\" \/>\n<meta property=\"og:type\" content=\"article\" \/>\n<meta property=\"og:title\" content=\"Ring Of Fire Hot Sauce - Hotta\" \/>\n<meta property=\"og:description\" content=\"Spicy Johnny ir amatniecisks \u010dilli m\u0113r\u010du z\u012bmols no Latvijas - neliels \u0123imenes uz\u0146\u0113mums, ko virza kaisl\u012bba uz pikant\u0101m gar\u0161\u0101m un autentisku pieredzi. \ud83c\udf36\" \/>\n<meta property=\"og:url\" content=\"https:\/\/hotta.eu\/lv\/shop\/spicy-johnny-ring-of-fire-hot-sauce\/\" \/>\n<meta property=\"og:site_name\" content=\"Hotta\" \/>\n<meta property=\"article:publisher\" content=\"https:\/\/www.facebook.com\/hotta.eu\" \/>\n<meta property=\"article:modified_time\" content=\"2025-04-10T01:15:47+00:00\" \/>\n<meta property=\"og:image\" content=\"https:\/\/hotta.eu\/wp-content\/uploads\/2025\/03\/ring-of-fire.jpg\" \/>\n\t<meta property=\"og:image:width\" content=\"2000\" \/>\n\t<meta property=\"og:image:height\" content=\"2000\" \/>\n\t<meta property=\"og:image:type\" content=\"image\/jpeg\" \/>\n<meta name=\"twitter:card\" content=\"summary_large_image\" \/>\n<meta name=\"twitter:site\" content=\"@hottashop\" \/>\n<meta name=\"twitter:label1\" content=\"Est. reading time\" \/>\n\t<meta name=\"twitter:data1\" content=\"1 minute\" \/>\n<script type=\"application\/ld+json\" class=\"yoast-schema-graph\">{\"@context\":\"https:\\\/\\\/schema.org\",\"@graph\":[{\"@type\":\"WebPage\",\"@id\":\"https:\\\/\\\/hotta.eu\\\/lv\\\/shop\\\/spicy-johnny-ring-of-fire-hot-sauce\\\/\",\"url\":\"https:\\\/\\\/hotta.eu\\\/lv\\\/shop\\\/spicy-johnny-ring-of-fire-hot-sauce\\\/\",\"name\":\"Ring Of Fire Hot Sauce - Hotta\",\"isPartOf\":{\"@id\":\"https:\\\/\\\/hotta.eu\\\/lv\\\/#website\"},\"primaryImageOfPage\":{\"@id\":\"https:\\\/\\\/hotta.eu\\\/lv\\\/shop\\\/spicy-johnny-ring-of-fire-hot-sauce\\\/#primaryimage\"},\"image\":{\"@id\":\"https:\\\/\\\/hotta.eu\\\/lv\\\/shop\\\/spicy-johnny-ring-of-fire-hot-sauce\\\/#primaryimage\"},\"thumbnailUrl\":\"https:\\\/\\\/hotta.eu\\\/wp-content\\\/uploads\\\/2025\\\/03\\\/ring-of-fire.jpg\",\"datePublished\":\"2025-03-22T08:27:04+00:00\",\"dateModified\":\"2025-04-10T01:15:47+00:00\",\"description\":\"Spicy Johnny ir amatniecisks \u010dilli m\u0113r\u010du z\u012bmols no Latvijas - neliels \u0123imenes uz\u0146\u0113mums, ko virza kaisl\u012bba uz pikant\u0101m gar\u0161\u0101m un autentisku pieredzi. \ud83c\udf36\",\"breadcrumb\":{\"@id\":\"https:\\\/\\\/hotta.eu\\\/lv\\\/shop\\\/spicy-johnny-ring-of-fire-hot-sauce\\\/#breadcrumb\"},\"inLanguage\":\"lv-LV\",\"potentialAction\":[{\"@type\":\"ReadAction\",\"target\":[\"https:\\\/\\\/hotta.eu\\\/lv\\\/shop\\\/spicy-johnny-ring-of-fire-hot-sauce\\\/\"]}]},{\"@type\":\"ImageObject\",\"inLanguage\":\"lv-LV\",\"@id\":\"https:\\\/\\\/hotta.eu\\\/lv\\\/shop\\\/spicy-johnny-ring-of-fire-hot-sauce\\\/#primaryimage\",\"url\":\"https:\\\/\\\/hotta.eu\\\/wp-content\\\/uploads\\\/2025\\\/03\\\/ring-of-fire.jpg\",\"contentUrl\":\"https:\\\/\\\/hotta.eu\\\/wp-content\\\/uploads\\\/2025\\\/03\\\/ring-of-fire.jpg\",\"width\":2000,\"height\":2000},{\"@type\":\"BreadcrumbList\",\"@id\":\"https:\\\/\\\/hotta.eu\\\/lv\\\/shop\\\/spicy-johnny-ring-of-fire-hot-sauce\\\/#breadcrumb\",\"itemListElement\":[{\"@type\":\"ListItem\",\"position\":1,\"name\":\"S\u0101kums\",\"item\":\"https:\\\/\\\/hotta.eu\\\/lv\\\/sakumlapa\\\/\"},{\"@type\":\"ListItem\",\"position\":2,\"name\":\"Veikals\",\"item\":\"https:\\\/\\\/hotta.eu\\\/lv\\\/shop\\\/\"},{\"@type\":\"ListItem\",\"position\":3,\"name\":\"Ring Of Fire Hot Sauce\"}]},{\"@type\":\"WebSite\",\"@id\":\"https:\\\/\\\/hotta.eu\\\/lv\\\/#website\",\"url\":\"https:\\\/\\\/hotta.eu\\\/lv\\\/\",\"name\":\"Hotta\",\"description\":\"Makes your mouth burn a lotta!\",\"publisher\":{\"@id\":\"https:\\\/\\\/hotta.eu\\\/lv\\\/#organization\"},\"potentialAction\":[{\"@type\":\"SearchAction\",\"target\":{\"@type\":\"EntryPoint\",\"urlTemplate\":\"https:\\\/\\\/hotta.eu\\\/lv\\\/?s={search_term_string}\"},\"query-input\":{\"@type\":\"PropertyValueSpecification\",\"valueRequired\":true,\"valueName\":\"search_term_string\"}}],\"inLanguage\":\"lv-LV\"},{\"@type\":\"Organization\",\"@id\":\"https:\\\/\\\/hotta.eu\\\/lv\\\/#organization\",\"name\":\"Hotta\",\"url\":\"https:\\\/\\\/hotta.eu\\\/lv\\\/\",\"logo\":{\"@type\":\"ImageObject\",\"inLanguage\":\"lv-LV\",\"@id\":\"https:\\\/\\\/hotta.eu\\\/lv\\\/#\\\/schema\\\/logo\\\/image\\\/\",\"url\":\"https:\\\/\\\/hotta.eu\\\/wp-content\\\/uploads\\\/2025\\\/04\\\/hotta-logo-invoice.png\",\"contentUrl\":\"https:\\\/\\\/hotta.eu\\\/wp-content\\\/uploads\\\/2025\\\/04\\\/hotta-logo-invoice.png\",\"width\":600,\"height\":411,\"caption\":\"Hotta\"},\"image\":{\"@id\":\"https:\\\/\\\/hotta.eu\\\/lv\\\/#\\\/schema\\\/logo\\\/image\\\/\"},\"sameAs\":[\"https:\\\/\\\/www.facebook.com\\\/hotta.eu\",\"https:\\\/\\\/x.com\\\/hottashop\",\"https:\\\/\\\/www.instagram.com\\\/hotta.shop\"]}]}<\/script>\n<!-- \/ Yoast SEO plugin. -->","yoast_head_json":{"title":"Ring Of Fire Hot Sauce - Hotta","description":"Spicy Johnny ir amatniecisks \u010dilli m\u0113r\u010du z\u012bmols no Latvijas - neliels \u0123imenes uz\u0146\u0113mums, ko virza kaisl\u012bba uz pikant\u0101m gar\u0161\u0101m un autentisku pieredzi. \ud83c\udf36","robots":{"index":"index","follow":"follow","max-snippet":"max-snippet:-1","max-image-preview":"max-image-preview:large","max-video-preview":"max-video-preview:-1"},"canonical":"https:\/\/hotta.eu\/lv\/shop\/spicy-johnny-ring-of-fire-hot-sauce\/","og_locale":"lv_LV","og_type":"article","og_title":"Ring Of Fire Hot Sauce - Hotta","og_description":"Spicy Johnny ir amatniecisks \u010dilli m\u0113r\u010du z\u012bmols no Latvijas - neliels \u0123imenes uz\u0146\u0113mums, ko virza kaisl\u012bba uz pikant\u0101m gar\u0161\u0101m un autentisku pieredzi. \ud83c\udf36","og_url":"https:\/\/hotta.eu\/lv\/shop\/spicy-johnny-ring-of-fire-hot-sauce\/","og_site_name":"Hotta","article_publisher":"https:\/\/www.facebook.com\/hotta.eu","article_modified_time":"2025-04-10T01:15:47+00:00","og_image":[{"width":2000,"height":2000,"url":"https:\/\/hotta.eu\/wp-content\/uploads\/2025\/03\/ring-of-fire.jpg","type":"image\/jpeg"}],"twitter_card":"summary_large_image","twitter_site":"@hottashop","twitter_misc":{"Est. reading time":"1 minute"},"schema":{"@context":"https:\/\/schema.org","@graph":[{"@type":"WebPage","@id":"https:\/\/hotta.eu\/lv\/shop\/spicy-johnny-ring-of-fire-hot-sauce\/","url":"https:\/\/hotta.eu\/lv\/shop\/spicy-johnny-ring-of-fire-hot-sauce\/","name":"Ring Of Fire Hot Sauce - Hotta","isPartOf":{"@id":"https:\/\/hotta.eu\/lv\/#website"},"primaryImageOfPage":{"@id":"https:\/\/hotta.eu\/lv\/shop\/spicy-johnny-ring-of-fire-hot-sauce\/#primaryimage"},"image":{"@id":"https:\/\/hotta.eu\/lv\/shop\/spicy-johnny-ring-of-fire-hot-sauce\/#primaryimage"},"thumbnailUrl":"https:\/\/hotta.eu\/wp-content\/uploads\/2025\/03\/ring-of-fire.jpg","datePublished":"2025-03-22T08:27:04+00:00","dateModified":"2025-04-10T01:15:47+00:00","description":"Spicy Johnny ir amatniecisks \u010dilli m\u0113r\u010du z\u012bmols no Latvijas - neliels \u0123imenes uz\u0146\u0113mums, ko virza kaisl\u012bba uz pikant\u0101m gar\u0161\u0101m un autentisku pieredzi. \ud83c\udf36","breadcrumb":{"@id":"https:\/\/hotta.eu\/lv\/shop\/spicy-johnny-ring-of-fire-hot-sauce\/#breadcrumb"},"inLanguage":"lv-LV","potentialAction":[{"@type":"ReadAction","target":["https:\/\/hotta.eu\/lv\/shop\/spicy-johnny-ring-of-fire-hot-sauce\/"]}]},{"@type":"ImageObject","inLanguage":"lv-LV","@id":"https:\/\/hotta.eu\/lv\/shop\/spicy-johnny-ring-of-fire-hot-sauce\/#primaryimage","url":"https:\/\/hotta.eu\/wp-content\/uploads\/2025\/03\/ring-of-fire.jpg","contentUrl":"https:\/\/hotta.eu\/wp-content\/uploads\/2025\/03\/ring-of-fire.jpg","width":2000,"height":2000},{"@type":"BreadcrumbList","@id":"https:\/\/hotta.eu\/lv\/shop\/spicy-johnny-ring-of-fire-hot-sauce\/#breadcrumb","itemListElement":[{"@type":"ListItem","position":1,"name":"S\u0101kums","item":"https:\/\/hotta.eu\/lv\/sakumlapa\/"},{"@type":"ListItem","position":2,"name":"Veikals","item":"https:\/\/hotta.eu\/lv\/shop\/"},{"@type":"ListItem","position":3,"name":"Ring Of Fire Hot Sauce"}]},{"@type":"WebSite","@id":"https:\/\/hotta.eu\/lv\/#website","url":"https:\/\/hotta.eu\/lv\/","name":"Hotta","description":"Makes your mouth burn a lotta!","publisher":{"@id":"https:\/\/hotta.eu\/lv\/#organization"},"potentialAction":[{"@type":"SearchAction","target":{"@type":"EntryPoint","urlTemplate":"https:\/\/hotta.eu\/lv\/?s={search_term_string}"},"query-input":{"@type":"PropertyValueSpecification","valueRequired":true,"valueName":"search_term_string"}}],"inLanguage":"lv-LV"},{"@type":"Organization","@id":"https:\/\/hotta.eu\/lv\/#organization","name":"Hotta","url":"https:\/\/hotta.eu\/lv\/","logo":{"@type":"ImageObject","inLanguage":"lv-LV","@id":"https:\/\/hotta.eu\/lv\/#\/schema\/logo\/image\/","url":"https:\/\/hotta.eu\/wp-content\/uploads\/2025\/04\/hotta-logo-invoice.png","contentUrl":"https:\/\/hotta.eu\/wp-content\/uploads\/2025\/04\/hotta-logo-invoice.png","width":600,"height":411,"caption":"Hotta"},"image":{"@id":"https:\/\/hotta.eu\/lv\/#\/schema\/logo\/image\/"},"sameAs":["https:\/\/www.facebook.com\/hotta.eu","https:\/\/x.com\/hottashop","https:\/\/www.instagram.com\/hotta.shop"]}]}},"jetpack_sharing_enabled":true,"_links":{"self":[{"href":"https:\/\/hotta.eu\/lv\/wp-json\/wp\/v2\/product\/22730","targetHints":{"allow":["GET"]}}],"collection":[{"href":"https:\/\/hotta.eu\/lv\/wp-json\/wp\/v2\/product"}],"about":[{"href":"https:\/\/hotta.eu\/lv\/wp-json\/wp\/v2\/types\/product"}],"replies":[{"embeddable":true,"href":"https:\/\/hotta.eu\/lv\/wp-json\/wp\/v2\/comments?post=22730"}],"wp:featuredmedia":[{"embeddable":true,"href":"https:\/\/hotta.eu\/lv\/wp-json\/wp\/v2\/media\/22715"}],"wp:attachment":[{"href":"https:\/\/hotta.eu\/lv\/wp-json\/wp\/v2\/media?parent=22730"}],"wp:term":[{"taxonomy":"product_cat","embeddable":true,"href":"https:\/\/hotta.eu\/lv\/wp-json\/wp\/v2\/product_cat?post=22730"},{"taxonomy":"product_tag","embeddable":true,"href":"https:\/\/hotta.eu\/lv\/wp-json\/wp\/v2\/product_tag?post=22730"},{"taxonomy":"giftcard-category","embeddable":true,"href":"https:\/\/hotta.eu\/lv\/wp-json\/wp\/v2\/giftcard-category?post=22730"}],"curies":[{"name":"wp","href":"https:\/\/api.w.org\/{rel}","templated":true}]}}