{"id":23121,"date":"2025-04-30T15:24:08","date_gmt":"2025-04-30T13:24:08","guid":{"rendered":"https:\/\/hotta.eu\/?post_type=product&#038;p=23121"},"modified":"2025-04-30T17:25:37","modified_gmt":"2025-04-30T15:25:37","slug":"sweet-spot-barbeque-rub","status":"publish","type":"product","link":"https:\/\/hotta.eu\/lv\/shop\/sweet-spot-barbeque-rub\/","title":{"rendered":"Sweet Spot Barbeque Rub"},"content":{"rendered":"<p><strong>Sast\u0101vda\u013cas<\/strong><br \/>\nCukurs, s\u0101ls, paprika, Vor\u010dester\u0161\u012bras m\u0113rces pulveris [(melase, glikozes s\u012brups, s\u0101ls, karame\u013cu kr\u0101sviela, \u0137iploki, saharoze, gar\u0161vielas, tamarinds, dab\u012bg\u0101s gar\u0161vielas, sulf\u012bti), maltodekstr\u012bns], n\u0101trija glutam\u0101ts, gar\u0161vielas, kalt\u0113ti \u0137iploki, \u0101bolsk\u0101be, &lt;2% kalcija stear\u0101ts k\u0101 \u0161\u0137\u012bdin\u0101t\u0101js.<\/p>\n<p><strong>Uzturv\u0113rt\u012bbas inform\u0101cija (1 g)<br \/>\n<\/strong>Ener\u0123ija 0 kcal, n\u0101trijs 85 mg.<\/p>\n<p><strong>Der\u012bguma termi\u0146\u0161 un uzglab\u0101\u0161ana<\/strong><br \/>\nUz iepakojuma nor\u0101d\u012btais der\u012bguma termi\u0146\u0161 attiecas uz neatv\u0113rtiem produktiem.<\/p>\n","protected":false},"excerpt":{"rendered":"<p>Cowtown ir produktu l\u012bnija, kas aizs\u0101k\u0101s 1999. gad\u0101 <a href=\"https:\/\/maps.app.goo.gl\/HfjCa7CBEZRbCjtS7\">Joe&#8217;s Kansas City Bar-B-Que<\/a> restor\u0101n\u0101. Entonijs Burdeins (Anthony Bourdain) izv\u0113l\u0113j\u0101s \u0161o restor\u0101nu k\u0101 vienu no 13 restor\u0101niem, kurus vi\u0146am n\u0101cies izm\u0113\u0123in\u0101t visa m\u016b\u017ea garum\u0101. Sweet Spot Barbeque Rub ir lieliska izv\u0113le tiem, kas m\u012bl saldas un m\u0113reni pikantas BBQ \u0113dienkartes. Tas labi sader ar vistas sp\u0101rni\u0146iem, ribi\u0146\u0101m un pat ziv\u012bm!<\/p>\n<p><img decoding=\"async\" class=\"size-full wp-image-20044 aligncenter\" style=\"max-width: 100%; height: auto; display: block; margin: 0 auto;\" src=\"https:\/\/hotta.eu\/wp-content\/uploads\/2024\/08\/cowtown-logo.png\" alt=\"\" width=\"399\" height=\"105\" srcset=\"https:\/\/hotta.eu\/wp-content\/uploads\/2024\/08\/cowtown-logo.png 399w, https:\/\/hotta.eu\/wp-content\/uploads\/2024\/08\/cowtown-logo-231x61.png 231w\" sizes=\"(max-width: 399px) 100vw, 399px\" \/><br \/>\n[ywcwtl_form product_id=\"\"]<\/p>\n","protected":false},"featured_media":23125,"comment_status":"open","ping_status":"closed","template":"","meta":[],"product_cat":[932],"product_tag":[],"giftcard-category":[],"class_list":{"0":"post-23121","1":"product","2":"type-product","3":"status-publish","4":"has-post-thumbnail","6":"product_cat-citi","7":"pa_brand-cowtown-barbeque-products-lv","9":"first","10":"outofstock","11":"taxable","12":"shipping-taxable","13":"purchasable","14":"product-type-simple"},"yoast_head":"<!-- This site is optimized with the Yoast SEO plugin v27.4 - https:\/\/yoast.com\/product\/yoast-seo-wordpress\/ -->\n<title>Sweet Spot Barbeque Rub - Hotta<\/title>\n<meta name=\"description\" content=\"Cowtown ir produktu l\u012bnija, kas aizs\u0101k\u0101s 1999. gad\u0101 Joe&#039;s Kansas City Bar-B-Que restor\u0101n\u0101. Entonijs Burdeins \u0161o restor\u0101nu izv\u0113l\u0113j\u0101s par vienu no 13 lab\u0101kajiem!\" \/>\n<meta name=\"robots\" content=\"index, follow, max-snippet:-1, max-image-preview:large, max-video-preview:-1\" \/>\n<link rel=\"canonical\" href=\"https:\/\/hotta.eu\/lv\/shop\/sweet-spot-barbeque-rub\/\" \/>\n<meta property=\"og:locale\" content=\"lv_LV\" \/>\n<meta property=\"og:type\" content=\"article\" \/>\n<meta property=\"og:title\" content=\"Sweet Spot Barbeque Rub - Hotta\" \/>\n<meta property=\"og:description\" content=\"Cowtown ir produktu l\u012bnija, kas aizs\u0101k\u0101s 1999. gad\u0101 Joe&#039;s Kansas City Bar-B-Que restor\u0101n\u0101. Entonijs Burdeins \u0161o restor\u0101nu izv\u0113l\u0113j\u0101s par vienu no 13 lab\u0101kajiem!\" \/>\n<meta property=\"og:url\" content=\"https:\/\/hotta.eu\/lv\/shop\/sweet-spot-barbeque-rub\/\" \/>\n<meta property=\"og:site_name\" content=\"Hotta\" \/>\n<meta property=\"article:publisher\" content=\"https:\/\/www.facebook.com\/hotta.eu\" \/>\n<meta property=\"article:modified_time\" content=\"2025-04-30T15:25:37+00:00\" \/>\n<meta property=\"og:image\" content=\"https:\/\/hotta.eu\/wp-content\/uploads\/2025\/04\/cowton-sweet-spot-barbeque-rub.jpg\" \/>\n\t<meta property=\"og:image:width\" content=\"1000\" \/>\n\t<meta property=\"og:image:height\" content=\"1000\" \/>\n\t<meta property=\"og:image:type\" content=\"image\/jpeg\" \/>\n<meta name=\"twitter:card\" content=\"summary_large_image\" \/>\n<meta name=\"twitter:site\" content=\"@hottashop\" \/>\n<meta name=\"twitter:label1\" content=\"Est. reading time\" \/>\n\t<meta name=\"twitter:data1\" content=\"1 minute\" \/>\n<script type=\"application\/ld+json\" class=\"yoast-schema-graph\">{\"@context\":\"https:\\\/\\\/schema.org\",\"@graph\":[{\"@type\":\"WebPage\",\"@id\":\"https:\\\/\\\/hotta.eu\\\/lv\\\/shop\\\/sweet-spot-barbeque-rub\\\/\",\"url\":\"https:\\\/\\\/hotta.eu\\\/lv\\\/shop\\\/sweet-spot-barbeque-rub\\\/\",\"name\":\"Sweet Spot Barbeque Rub - Hotta\",\"isPartOf\":{\"@id\":\"https:\\\/\\\/hotta.eu\\\/lv\\\/#website\"},\"primaryImageOfPage\":{\"@id\":\"https:\\\/\\\/hotta.eu\\\/lv\\\/shop\\\/sweet-spot-barbeque-rub\\\/#primaryimage\"},\"image\":{\"@id\":\"https:\\\/\\\/hotta.eu\\\/lv\\\/shop\\\/sweet-spot-barbeque-rub\\\/#primaryimage\"},\"thumbnailUrl\":\"https:\\\/\\\/hotta.eu\\\/wp-content\\\/uploads\\\/2025\\\/04\\\/cowton-sweet-spot-barbeque-rub.jpg\",\"datePublished\":\"2025-04-30T13:24:08+00:00\",\"dateModified\":\"2025-04-30T15:25:37+00:00\",\"description\":\"Cowtown ir produktu l\u012bnija, kas aizs\u0101k\u0101s 1999. gad\u0101 Joe's Kansas City Bar-B-Que restor\u0101n\u0101. Entonijs Burdeins \u0161o restor\u0101nu izv\u0113l\u0113j\u0101s par vienu no 13 lab\u0101kajiem!\",\"breadcrumb\":{\"@id\":\"https:\\\/\\\/hotta.eu\\\/lv\\\/shop\\\/sweet-spot-barbeque-rub\\\/#breadcrumb\"},\"inLanguage\":\"lv-LV\",\"potentialAction\":[{\"@type\":\"ReadAction\",\"target\":[\"https:\\\/\\\/hotta.eu\\\/lv\\\/shop\\\/sweet-spot-barbeque-rub\\\/\"]}]},{\"@type\":\"ImageObject\",\"inLanguage\":\"lv-LV\",\"@id\":\"https:\\\/\\\/hotta.eu\\\/lv\\\/shop\\\/sweet-spot-barbeque-rub\\\/#primaryimage\",\"url\":\"https:\\\/\\\/hotta.eu\\\/wp-content\\\/uploads\\\/2025\\\/04\\\/cowton-sweet-spot-barbeque-rub.jpg\",\"contentUrl\":\"https:\\\/\\\/hotta.eu\\\/wp-content\\\/uploads\\\/2025\\\/04\\\/cowton-sweet-spot-barbeque-rub.jpg\",\"width\":1000,\"height\":1000},{\"@type\":\"BreadcrumbList\",\"@id\":\"https:\\\/\\\/hotta.eu\\\/lv\\\/shop\\\/sweet-spot-barbeque-rub\\\/#breadcrumb\",\"itemListElement\":[{\"@type\":\"ListItem\",\"position\":1,\"name\":\"S\u0101kums\",\"item\":\"https:\\\/\\\/hotta.eu\\\/lv\\\/sakumlapa\\\/\"},{\"@type\":\"ListItem\",\"position\":2,\"name\":\"Veikals\",\"item\":\"https:\\\/\\\/hotta.eu\\\/lv\\\/shop\\\/\"},{\"@type\":\"ListItem\",\"position\":3,\"name\":\"Sweet Spot Barbeque Rub\"}]},{\"@type\":\"WebSite\",\"@id\":\"https:\\\/\\\/hotta.eu\\\/lv\\\/#website\",\"url\":\"https:\\\/\\\/hotta.eu\\\/lv\\\/\",\"name\":\"Hotta\",\"description\":\"Makes your mouth burn a lotta!\",\"publisher\":{\"@id\":\"https:\\\/\\\/hotta.eu\\\/lv\\\/#organization\"},\"potentialAction\":[{\"@type\":\"SearchAction\",\"target\":{\"@type\":\"EntryPoint\",\"urlTemplate\":\"https:\\\/\\\/hotta.eu\\\/lv\\\/?s={search_term_string}\"},\"query-input\":{\"@type\":\"PropertyValueSpecification\",\"valueRequired\":true,\"valueName\":\"search_term_string\"}}],\"inLanguage\":\"lv-LV\"},{\"@type\":\"Organization\",\"@id\":\"https:\\\/\\\/hotta.eu\\\/lv\\\/#organization\",\"name\":\"Hotta\",\"url\":\"https:\\\/\\\/hotta.eu\\\/lv\\\/\",\"logo\":{\"@type\":\"ImageObject\",\"inLanguage\":\"lv-LV\",\"@id\":\"https:\\\/\\\/hotta.eu\\\/lv\\\/#\\\/schema\\\/logo\\\/image\\\/\",\"url\":\"https:\\\/\\\/hotta.eu\\\/wp-content\\\/uploads\\\/2025\\\/04\\\/hotta-logo-invoice.png\",\"contentUrl\":\"https:\\\/\\\/hotta.eu\\\/wp-content\\\/uploads\\\/2025\\\/04\\\/hotta-logo-invoice.png\",\"width\":600,\"height\":411,\"caption\":\"Hotta\"},\"image\":{\"@id\":\"https:\\\/\\\/hotta.eu\\\/lv\\\/#\\\/schema\\\/logo\\\/image\\\/\"},\"sameAs\":[\"https:\\\/\\\/www.facebook.com\\\/hotta.eu\",\"https:\\\/\\\/x.com\\\/hottashop\",\"https:\\\/\\\/www.instagram.com\\\/hotta.shop\"]}]}<\/script>\n<!-- \/ Yoast SEO plugin. -->","yoast_head_json":{"title":"Sweet Spot Barbeque Rub - Hotta","description":"Cowtown ir produktu l\u012bnija, kas aizs\u0101k\u0101s 1999. gad\u0101 Joe's Kansas City Bar-B-Que restor\u0101n\u0101. Entonijs Burdeins \u0161o restor\u0101nu izv\u0113l\u0113j\u0101s par vienu no 13 lab\u0101kajiem!","robots":{"index":"index","follow":"follow","max-snippet":"max-snippet:-1","max-image-preview":"max-image-preview:large","max-video-preview":"max-video-preview:-1"},"canonical":"https:\/\/hotta.eu\/lv\/shop\/sweet-spot-barbeque-rub\/","og_locale":"lv_LV","og_type":"article","og_title":"Sweet Spot Barbeque Rub - Hotta","og_description":"Cowtown ir produktu l\u012bnija, kas aizs\u0101k\u0101s 1999. gad\u0101 Joe's Kansas City Bar-B-Que restor\u0101n\u0101. Entonijs Burdeins \u0161o restor\u0101nu izv\u0113l\u0113j\u0101s par vienu no 13 lab\u0101kajiem!","og_url":"https:\/\/hotta.eu\/lv\/shop\/sweet-spot-barbeque-rub\/","og_site_name":"Hotta","article_publisher":"https:\/\/www.facebook.com\/hotta.eu","article_modified_time":"2025-04-30T15:25:37+00:00","og_image":[{"width":1000,"height":1000,"url":"https:\/\/hotta.eu\/wp-content\/uploads\/2025\/04\/cowton-sweet-spot-barbeque-rub.jpg","type":"image\/jpeg"}],"twitter_card":"summary_large_image","twitter_site":"@hottashop","twitter_misc":{"Est. reading time":"1 minute"},"schema":{"@context":"https:\/\/schema.org","@graph":[{"@type":"WebPage","@id":"https:\/\/hotta.eu\/lv\/shop\/sweet-spot-barbeque-rub\/","url":"https:\/\/hotta.eu\/lv\/shop\/sweet-spot-barbeque-rub\/","name":"Sweet Spot Barbeque Rub - Hotta","isPartOf":{"@id":"https:\/\/hotta.eu\/lv\/#website"},"primaryImageOfPage":{"@id":"https:\/\/hotta.eu\/lv\/shop\/sweet-spot-barbeque-rub\/#primaryimage"},"image":{"@id":"https:\/\/hotta.eu\/lv\/shop\/sweet-spot-barbeque-rub\/#primaryimage"},"thumbnailUrl":"https:\/\/hotta.eu\/wp-content\/uploads\/2025\/04\/cowton-sweet-spot-barbeque-rub.jpg","datePublished":"2025-04-30T13:24:08+00:00","dateModified":"2025-04-30T15:25:37+00:00","description":"Cowtown ir produktu l\u012bnija, kas aizs\u0101k\u0101s 1999. gad\u0101 Joe's Kansas City Bar-B-Que restor\u0101n\u0101. Entonijs Burdeins \u0161o restor\u0101nu izv\u0113l\u0113j\u0101s par vienu no 13 lab\u0101kajiem!","breadcrumb":{"@id":"https:\/\/hotta.eu\/lv\/shop\/sweet-spot-barbeque-rub\/#breadcrumb"},"inLanguage":"lv-LV","potentialAction":[{"@type":"ReadAction","target":["https:\/\/hotta.eu\/lv\/shop\/sweet-spot-barbeque-rub\/"]}]},{"@type":"ImageObject","inLanguage":"lv-LV","@id":"https:\/\/hotta.eu\/lv\/shop\/sweet-spot-barbeque-rub\/#primaryimage","url":"https:\/\/hotta.eu\/wp-content\/uploads\/2025\/04\/cowton-sweet-spot-barbeque-rub.jpg","contentUrl":"https:\/\/hotta.eu\/wp-content\/uploads\/2025\/04\/cowton-sweet-spot-barbeque-rub.jpg","width":1000,"height":1000},{"@type":"BreadcrumbList","@id":"https:\/\/hotta.eu\/lv\/shop\/sweet-spot-barbeque-rub\/#breadcrumb","itemListElement":[{"@type":"ListItem","position":1,"name":"S\u0101kums","item":"https:\/\/hotta.eu\/lv\/sakumlapa\/"},{"@type":"ListItem","position":2,"name":"Veikals","item":"https:\/\/hotta.eu\/lv\/shop\/"},{"@type":"ListItem","position":3,"name":"Sweet Spot Barbeque Rub"}]},{"@type":"WebSite","@id":"https:\/\/hotta.eu\/lv\/#website","url":"https:\/\/hotta.eu\/lv\/","name":"Hotta","description":"Makes your mouth burn a lotta!","publisher":{"@id":"https:\/\/hotta.eu\/lv\/#organization"},"potentialAction":[{"@type":"SearchAction","target":{"@type":"EntryPoint","urlTemplate":"https:\/\/hotta.eu\/lv\/?s={search_term_string}"},"query-input":{"@type":"PropertyValueSpecification","valueRequired":true,"valueName":"search_term_string"}}],"inLanguage":"lv-LV"},{"@type":"Organization","@id":"https:\/\/hotta.eu\/lv\/#organization","name":"Hotta","url":"https:\/\/hotta.eu\/lv\/","logo":{"@type":"ImageObject","inLanguage":"lv-LV","@id":"https:\/\/hotta.eu\/lv\/#\/schema\/logo\/image\/","url":"https:\/\/hotta.eu\/wp-content\/uploads\/2025\/04\/hotta-logo-invoice.png","contentUrl":"https:\/\/hotta.eu\/wp-content\/uploads\/2025\/04\/hotta-logo-invoice.png","width":600,"height":411,"caption":"Hotta"},"image":{"@id":"https:\/\/hotta.eu\/lv\/#\/schema\/logo\/image\/"},"sameAs":["https:\/\/www.facebook.com\/hotta.eu","https:\/\/x.com\/hottashop","https:\/\/www.instagram.com\/hotta.shop"]}]}},"jetpack_sharing_enabled":true,"_links":{"self":[{"href":"https:\/\/hotta.eu\/lv\/wp-json\/wp\/v2\/product\/23121","targetHints":{"allow":["GET"]}}],"collection":[{"href":"https:\/\/hotta.eu\/lv\/wp-json\/wp\/v2\/product"}],"about":[{"href":"https:\/\/hotta.eu\/lv\/wp-json\/wp\/v2\/types\/product"}],"replies":[{"embeddable":true,"href":"https:\/\/hotta.eu\/lv\/wp-json\/wp\/v2\/comments?post=23121"}],"wp:featuredmedia":[{"embeddable":true,"href":"https:\/\/hotta.eu\/lv\/wp-json\/wp\/v2\/media\/23125"}],"wp:attachment":[{"href":"https:\/\/hotta.eu\/lv\/wp-json\/wp\/v2\/media?parent=23121"}],"wp:term":[{"taxonomy":"product_cat","embeddable":true,"href":"https:\/\/hotta.eu\/lv\/wp-json\/wp\/v2\/product_cat?post=23121"},{"taxonomy":"product_tag","embeddable":true,"href":"https:\/\/hotta.eu\/lv\/wp-json\/wp\/v2\/product_tag?post=23121"},{"taxonomy":"giftcard-category","embeddable":true,"href":"https:\/\/hotta.eu\/lv\/wp-json\/wp\/v2\/giftcard-category?post=23121"}],"curies":[{"name":"wp","href":"https:\/\/api.w.org\/{rel}","templated":true}]}}