{"id":23350,"date":"2025-05-16T17:45:27","date_gmt":"2025-05-16T15:45:27","guid":{"rendered":"https:\/\/hotta.eu\/?post_type=product&#038;p=23350"},"modified":"2025-05-17T15:21:35","modified_gmt":"2025-05-17T13:21:35","slug":"salt-chip-challenge","status":"publish","type":"product","link":"https:\/\/hotta.eu\/lv\/shop\/salt-chip-challenge\/","title":{"rendered":"Salt Chip Challenge"},"content":{"rendered":"<p><strong>Sast\u0101vda\u013cas<br \/>\n<\/strong>S\u0101ls (48%), kukur\u016bzas milti (21%), saulespu\u0137u e\u013c\u013ca, sk\u0101buma regulatori (E500, citronsk\u0101be, askorb\u012bnsk\u0101be), gar\u0161as pastiprin\u0101t\u0101js (E621), augu koncentr\u0101ts.<\/p>\n<div class=\"tableheader\"><strong>Uztura inform\u0101cija (100 g)<br \/>\n<\/strong>Ener\u0123ija 985 kJ (234 kcal), tauki 8,2 g (no tiem pies\u0101tin\u0101t\u0101s tauksk\u0101bes 0,8 g), og\u013chidr\u0101ti 37 g (no tiem cukuri 0,6 g), olbaltumvielas 3 g, s\u0101ls 47,7 g.<\/div>\n","protected":false},"excerpt":{"rendered":"<p class=\"p1\">Viss\u0101l\u012bt\u0101kais tortiljas krauk\u0161\u0137is pasaul\u0113!\ud83e\uddc2\ud83e\udd2a<\/p>\n<p class=\"p1\">Gatavojieties super s\u0101\u013cai pieredzei! Salt Chip Challenge ir pasaul\u0113 s\u0101\u013c\u0101kais tortiljas \u010dipss, kas p\u0101rbaud\u012bs gan j\u016bsu gar\u0161as k\u0101rpi\u0146as, gan iztur\u012bbu. \u0160is vien\u012bgais \u0161\u0101da veida \u010dips ir paredz\u0113ts izaicin\u0101jumam kop\u0101 ar draugiem, \u0123imeni, ball\u012btei vai vienk\u0101r\u0161i k\u0101 jautra d\u0101vana k\u0101dam, kas mekl\u0113 ko patiesi neparastu.<\/p>\n<p class=\"p1\">Salt Chip Challenge nav parasta uzkoda, bet gan intens\u012bva gar\u0161as pieredze, kuru j\u016bs neaizmirs\u012bsiet. Katrs \u010dipss ir izgatavots no \u012bst\u0101m sast\u0101vda\u013c\u0101m un ir nepr\u0101t\u012bgi s\u0101\u013c\u0161 &#8211; tas nav dom\u0101ts v\u0101jpr\u0101t\u012bgajiem!<\/p>\n<p class=\"p1\"><span class=\"s1\"><b>V\u0113l viens izaicin\u0101jums drosm\u012bgajiem:<\/b><\/span> M\u0113\u0123iniet p\u0113c iesp\u0113jas ilg\u0101k iztikt bez dzer\u0161anas! Ta\u010du br\u012bdin\u0101m &#8211; lai l\u012bdzsvarotu \u0101rk\u0101rt\u012bgo s\u0101\u013cumu, iesak\u0101m pa rokai tur\u0113t \u016bdeni vai kaut ko \u0113damu.<\/p>\n<p class=\"p1\"><span class=\"s1\">\u26a0\ufe0f <\/span><b>BR\u012aDIN\u0100JUMS: STR\u012aD\u012aGA ATTUR\u012aBA!<br \/>\n<\/b><b><\/b> Nav paredz\u0113ts b\u0113rniem, gr\u016btniec\u0113m un sieviet\u0113m, kas baro b\u0113rnu ar kr\u016bti. Uzglab\u0101t b\u0113rniem nepieejam\u0101 viet\u0101. Nelietot, ja ir vesel\u012bbas probl\u0113mas (\u012bpa\u0161i gremo\u0161anas probl\u0113mas, ku\u0146\u0123a \u010d\u016bla vai sirds un asinsvadu slim\u012bbas). Ne\u0113diet tuk\u0161\u0101 d\u016b\u0161\u0101.<\/p>\n[ywcwtl_form product_id=\"\"]\n","protected":false},"featured_media":23380,"comment_status":"open","ping_status":"closed","template":"","meta":[],"product_cat":[938],"product_tag":[],"giftcard-category":[],"class_list":{"0":"post-23350","1":"product","2":"type-product","3":"status-publish","4":"has-post-thumbnail","6":"product_cat-uzkodas","7":"pa_brand-hot-chip","9":"first","10":"outofstock","11":"taxable","12":"shipping-taxable","13":"purchasable","14":"product-type-variable"},"yoast_head":"<!-- This site is optimized with the Yoast SEO plugin v27.4 - https:\/\/yoast.com\/product\/yoast-seo-wordpress\/ -->\n<title>Salt Chip Challenge - Hotta<\/title>\n<meta name=\"description\" content=\"Gatavojieties super s\u0101\u013cai pieredzei! SALT CHIP CHALLENGE pied\u0101v\u0101s jums s\u0101l\u0101k\u0101s tortiljas \u010dipsus pasaul\u0113, lai p\u0101rbaud\u012btu j\u016bsu gar\u0161as k\u0101rpi\u0146as! Jautrs izaicin\u0101jums!\" \/>\n<meta name=\"robots\" content=\"index, follow, max-snippet:-1, max-image-preview:large, max-video-preview:-1\" \/>\n<link rel=\"canonical\" href=\"https:\/\/hotta.eu\/lv\/shop\/salt-chip-challenge\/\" \/>\n<meta property=\"og:locale\" content=\"lv_LV\" \/>\n<meta property=\"og:type\" content=\"article\" \/>\n<meta property=\"og:title\" content=\"Salt Chip Challenge - Hotta\" \/>\n<meta property=\"og:description\" content=\"Gatavojieties super s\u0101\u013cai pieredzei! SALT CHIP CHALLENGE pied\u0101v\u0101s jums s\u0101l\u0101k\u0101s tortiljas \u010dipsus pasaul\u0113, lai p\u0101rbaud\u012btu j\u016bsu gar\u0161as k\u0101rpi\u0146as! Jautrs izaicin\u0101jums!\" \/>\n<meta property=\"og:url\" content=\"https:\/\/hotta.eu\/lv\/shop\/salt-chip-challenge\/\" \/>\n<meta property=\"og:site_name\" content=\"Hotta\" \/>\n<meta property=\"article:publisher\" content=\"https:\/\/www.facebook.com\/hotta.eu\" \/>\n<meta property=\"article:modified_time\" content=\"2025-05-17T13:21:35+00:00\" \/>\n<meta property=\"og:image\" content=\"https:\/\/hotta.eu\/wp-content\/uploads\/2025\/05\/salt-chip-challenge-1x.jpg\" \/>\n\t<meta property=\"og:image:width\" content=\"500\" \/>\n\t<meta property=\"og:image:height\" content=\"500\" \/>\n\t<meta property=\"og:image:type\" content=\"image\/jpeg\" \/>\n<meta name=\"twitter:card\" content=\"summary_large_image\" \/>\n<meta name=\"twitter:site\" content=\"@hottashop\" \/>\n<meta name=\"twitter:label1\" content=\"Est. reading time\" \/>\n\t<meta name=\"twitter:data1\" content=\"1 minute\" \/>\n<script type=\"application\/ld+json\" class=\"yoast-schema-graph\">{\"@context\":\"https:\\\/\\\/schema.org\",\"@graph\":[{\"@type\":\"WebPage\",\"@id\":\"https:\\\/\\\/hotta.eu\\\/lv\\\/shop\\\/salt-chip-challenge\\\/\",\"url\":\"https:\\\/\\\/hotta.eu\\\/lv\\\/shop\\\/salt-chip-challenge\\\/\",\"name\":\"Salt Chip Challenge - Hotta\",\"isPartOf\":{\"@id\":\"https:\\\/\\\/hotta.eu\\\/lv\\\/#website\"},\"primaryImageOfPage\":{\"@id\":\"https:\\\/\\\/hotta.eu\\\/lv\\\/shop\\\/salt-chip-challenge\\\/#primaryimage\"},\"image\":{\"@id\":\"https:\\\/\\\/hotta.eu\\\/lv\\\/shop\\\/salt-chip-challenge\\\/#primaryimage\"},\"thumbnailUrl\":\"https:\\\/\\\/hotta.eu\\\/wp-content\\\/uploads\\\/2025\\\/05\\\/salt-chip-challenge.jpg\",\"datePublished\":\"2025-05-16T15:45:27+00:00\",\"dateModified\":\"2025-05-17T13:21:35+00:00\",\"description\":\"Gatavojieties super s\u0101\u013cai pieredzei! SALT CHIP CHALLENGE pied\u0101v\u0101s jums s\u0101l\u0101k\u0101s tortiljas \u010dipsus pasaul\u0113, lai p\u0101rbaud\u012btu j\u016bsu gar\u0161as k\u0101rpi\u0146as! Jautrs izaicin\u0101jums!\",\"breadcrumb\":{\"@id\":\"https:\\\/\\\/hotta.eu\\\/lv\\\/shop\\\/salt-chip-challenge\\\/#breadcrumb\"},\"inLanguage\":\"lv-LV\",\"potentialAction\":[{\"@type\":\"ReadAction\",\"target\":[\"https:\\\/\\\/hotta.eu\\\/lv\\\/shop\\\/salt-chip-challenge\\\/\"]}]},{\"@type\":\"ImageObject\",\"inLanguage\":\"lv-LV\",\"@id\":\"https:\\\/\\\/hotta.eu\\\/lv\\\/shop\\\/salt-chip-challenge\\\/#primaryimage\",\"url\":\"https:\\\/\\\/hotta.eu\\\/wp-content\\\/uploads\\\/2025\\\/05\\\/salt-chip-challenge.jpg\",\"contentUrl\":\"https:\\\/\\\/hotta.eu\\\/wp-content\\\/uploads\\\/2025\\\/05\\\/salt-chip-challenge.jpg\",\"width\":1000,\"height\":1000},{\"@type\":\"BreadcrumbList\",\"@id\":\"https:\\\/\\\/hotta.eu\\\/lv\\\/shop\\\/salt-chip-challenge\\\/#breadcrumb\",\"itemListElement\":[{\"@type\":\"ListItem\",\"position\":1,\"name\":\"S\u0101kums\",\"item\":\"https:\\\/\\\/hotta.eu\\\/lv\\\/sakumlapa\\\/\"},{\"@type\":\"ListItem\",\"position\":2,\"name\":\"Veikals\",\"item\":\"https:\\\/\\\/hotta.eu\\\/lv\\\/shop\\\/\"},{\"@type\":\"ListItem\",\"position\":3,\"name\":\"Salt Chip Challenge\"}]},{\"@type\":\"WebSite\",\"@id\":\"https:\\\/\\\/hotta.eu\\\/lv\\\/#website\",\"url\":\"https:\\\/\\\/hotta.eu\\\/lv\\\/\",\"name\":\"Hotta\",\"description\":\"Makes your mouth burn a lotta!\",\"publisher\":{\"@id\":\"https:\\\/\\\/hotta.eu\\\/lv\\\/#organization\"},\"potentialAction\":[{\"@type\":\"SearchAction\",\"target\":{\"@type\":\"EntryPoint\",\"urlTemplate\":\"https:\\\/\\\/hotta.eu\\\/lv\\\/?s={search_term_string}\"},\"query-input\":{\"@type\":\"PropertyValueSpecification\",\"valueRequired\":true,\"valueName\":\"search_term_string\"}}],\"inLanguage\":\"lv-LV\"},{\"@type\":\"Organization\",\"@id\":\"https:\\\/\\\/hotta.eu\\\/lv\\\/#organization\",\"name\":\"Hotta\",\"url\":\"https:\\\/\\\/hotta.eu\\\/lv\\\/\",\"logo\":{\"@type\":\"ImageObject\",\"inLanguage\":\"lv-LV\",\"@id\":\"https:\\\/\\\/hotta.eu\\\/lv\\\/#\\\/schema\\\/logo\\\/image\\\/\",\"url\":\"https:\\\/\\\/hotta.eu\\\/wp-content\\\/uploads\\\/2025\\\/04\\\/hotta-logo-invoice.png\",\"contentUrl\":\"https:\\\/\\\/hotta.eu\\\/wp-content\\\/uploads\\\/2025\\\/04\\\/hotta-logo-invoice.png\",\"width\":600,\"height\":411,\"caption\":\"Hotta\"},\"image\":{\"@id\":\"https:\\\/\\\/hotta.eu\\\/lv\\\/#\\\/schema\\\/logo\\\/image\\\/\"},\"sameAs\":[\"https:\\\/\\\/www.facebook.com\\\/hotta.eu\",\"https:\\\/\\\/x.com\\\/hottashop\",\"https:\\\/\\\/www.instagram.com\\\/hotta.shop\"]}]}<\/script>\n<!-- \/ Yoast SEO plugin. -->","yoast_head_json":{"title":"Salt Chip Challenge - Hotta","description":"Gatavojieties super s\u0101\u013cai pieredzei! SALT CHIP CHALLENGE pied\u0101v\u0101s jums s\u0101l\u0101k\u0101s tortiljas \u010dipsus pasaul\u0113, lai p\u0101rbaud\u012btu j\u016bsu gar\u0161as k\u0101rpi\u0146as! Jautrs izaicin\u0101jums!","robots":{"index":"index","follow":"follow","max-snippet":"max-snippet:-1","max-image-preview":"max-image-preview:large","max-video-preview":"max-video-preview:-1"},"canonical":"https:\/\/hotta.eu\/lv\/shop\/salt-chip-challenge\/","og_locale":"lv_LV","og_type":"article","og_title":"Salt Chip Challenge - Hotta","og_description":"Gatavojieties super s\u0101\u013cai pieredzei! SALT CHIP CHALLENGE pied\u0101v\u0101s jums s\u0101l\u0101k\u0101s tortiljas \u010dipsus pasaul\u0113, lai p\u0101rbaud\u012btu j\u016bsu gar\u0161as k\u0101rpi\u0146as! Jautrs izaicin\u0101jums!","og_url":"https:\/\/hotta.eu\/lv\/shop\/salt-chip-challenge\/","og_site_name":"Hotta","article_publisher":"https:\/\/www.facebook.com\/hotta.eu","article_modified_time":"2025-05-17T13:21:35+00:00","og_image":[{"width":500,"height":500,"url":"https:\/\/hotta.eu\/wp-content\/uploads\/2025\/05\/salt-chip-challenge-1x.jpg","type":"image\/jpeg"}],"twitter_card":"summary_large_image","twitter_site":"@hottashop","twitter_misc":{"Est. reading time":"1 minute"},"schema":{"@context":"https:\/\/schema.org","@graph":[{"@type":"WebPage","@id":"https:\/\/hotta.eu\/lv\/shop\/salt-chip-challenge\/","url":"https:\/\/hotta.eu\/lv\/shop\/salt-chip-challenge\/","name":"Salt Chip Challenge - Hotta","isPartOf":{"@id":"https:\/\/hotta.eu\/lv\/#website"},"primaryImageOfPage":{"@id":"https:\/\/hotta.eu\/lv\/shop\/salt-chip-challenge\/#primaryimage"},"image":{"@id":"https:\/\/hotta.eu\/lv\/shop\/salt-chip-challenge\/#primaryimage"},"thumbnailUrl":"https:\/\/hotta.eu\/wp-content\/uploads\/2025\/05\/salt-chip-challenge.jpg","datePublished":"2025-05-16T15:45:27+00:00","dateModified":"2025-05-17T13:21:35+00:00","description":"Gatavojieties super s\u0101\u013cai pieredzei! SALT CHIP CHALLENGE pied\u0101v\u0101s jums s\u0101l\u0101k\u0101s tortiljas \u010dipsus pasaul\u0113, lai p\u0101rbaud\u012btu j\u016bsu gar\u0161as k\u0101rpi\u0146as! Jautrs izaicin\u0101jums!","breadcrumb":{"@id":"https:\/\/hotta.eu\/lv\/shop\/salt-chip-challenge\/#breadcrumb"},"inLanguage":"lv-LV","potentialAction":[{"@type":"ReadAction","target":["https:\/\/hotta.eu\/lv\/shop\/salt-chip-challenge\/"]}]},{"@type":"ImageObject","inLanguage":"lv-LV","@id":"https:\/\/hotta.eu\/lv\/shop\/salt-chip-challenge\/#primaryimage","url":"https:\/\/hotta.eu\/wp-content\/uploads\/2025\/05\/salt-chip-challenge.jpg","contentUrl":"https:\/\/hotta.eu\/wp-content\/uploads\/2025\/05\/salt-chip-challenge.jpg","width":1000,"height":1000},{"@type":"BreadcrumbList","@id":"https:\/\/hotta.eu\/lv\/shop\/salt-chip-challenge\/#breadcrumb","itemListElement":[{"@type":"ListItem","position":1,"name":"S\u0101kums","item":"https:\/\/hotta.eu\/lv\/sakumlapa\/"},{"@type":"ListItem","position":2,"name":"Veikals","item":"https:\/\/hotta.eu\/lv\/shop\/"},{"@type":"ListItem","position":3,"name":"Salt Chip Challenge"}]},{"@type":"WebSite","@id":"https:\/\/hotta.eu\/lv\/#website","url":"https:\/\/hotta.eu\/lv\/","name":"Hotta","description":"Makes your mouth burn a lotta!","publisher":{"@id":"https:\/\/hotta.eu\/lv\/#organization"},"potentialAction":[{"@type":"SearchAction","target":{"@type":"EntryPoint","urlTemplate":"https:\/\/hotta.eu\/lv\/?s={search_term_string}"},"query-input":{"@type":"PropertyValueSpecification","valueRequired":true,"valueName":"search_term_string"}}],"inLanguage":"lv-LV"},{"@type":"Organization","@id":"https:\/\/hotta.eu\/lv\/#organization","name":"Hotta","url":"https:\/\/hotta.eu\/lv\/","logo":{"@type":"ImageObject","inLanguage":"lv-LV","@id":"https:\/\/hotta.eu\/lv\/#\/schema\/logo\/image\/","url":"https:\/\/hotta.eu\/wp-content\/uploads\/2025\/04\/hotta-logo-invoice.png","contentUrl":"https:\/\/hotta.eu\/wp-content\/uploads\/2025\/04\/hotta-logo-invoice.png","width":600,"height":411,"caption":"Hotta"},"image":{"@id":"https:\/\/hotta.eu\/lv\/#\/schema\/logo\/image\/"},"sameAs":["https:\/\/www.facebook.com\/hotta.eu","https:\/\/x.com\/hottashop","https:\/\/www.instagram.com\/hotta.shop"]}]}},"jetpack_sharing_enabled":true,"_links":{"self":[{"href":"https:\/\/hotta.eu\/lv\/wp-json\/wp\/v2\/product\/23350","targetHints":{"allow":["GET"]}}],"collection":[{"href":"https:\/\/hotta.eu\/lv\/wp-json\/wp\/v2\/product"}],"about":[{"href":"https:\/\/hotta.eu\/lv\/wp-json\/wp\/v2\/types\/product"}],"replies":[{"embeddable":true,"href":"https:\/\/hotta.eu\/lv\/wp-json\/wp\/v2\/comments?post=23350"}],"wp:featuredmedia":[{"embeddable":true,"href":"https:\/\/hotta.eu\/lv\/wp-json\/wp\/v2\/media\/23380"}],"wp:attachment":[{"href":"https:\/\/hotta.eu\/lv\/wp-json\/wp\/v2\/media?parent=23350"}],"wp:term":[{"taxonomy":"product_cat","embeddable":true,"href":"https:\/\/hotta.eu\/lv\/wp-json\/wp\/v2\/product_cat?post=23350"},{"taxonomy":"product_tag","embeddable":true,"href":"https:\/\/hotta.eu\/lv\/wp-json\/wp\/v2\/product_tag?post=23350"},{"taxonomy":"giftcard-category","embeddable":true,"href":"https:\/\/hotta.eu\/lv\/wp-json\/wp\/v2\/giftcard-category?post=23350"}],"curies":[{"name":"wp","href":"https:\/\/api.w.org\/{rel}","templated":true}]}}