{"id":23568,"date":"2025-06-08T10:00:05","date_gmt":"2025-06-08T08:00:05","guid":{"rendered":"https:\/\/hotta.eu\/?post_type=product&#038;p=23568"},"modified":"2025-08-06T19:31:26","modified_gmt":"2025-08-06T17:31:26","slug":"tropic-star-hot-sauce","status":"publish","type":"product","link":"https:\/\/hotta.eu\/lv\/shop\/tropic-star-hot-sauce\/","title":{"rendered":"Tropic Star Hot Sauce"},"content":{"rendered":"<p><strong>Sast\u0101vs<br \/>\n<\/strong>\u0100bolu eti\u0137is, mango, r\u012bsu eti\u0137is (\u016bdens, r\u012bsi), paprika, \u012bpa\u0161i pikants persiku biezenis (pipari, destil\u0113ts eti\u0137is), citronu sula, ingvers, burk\u0101ni, augst\u0101k\u0101 labuma ol\u012bve\u013c\u013ca, \u0137iploki, citronz\u0101le, j\u016bras s\u0101ls, turbinado cukurs, koriandrs, zvaig\u017e\u0146u an\u012bss, baltie pipari.<\/p>\n<p><strong>Uzturv\u0113rt\u012bba (5 ml)<br \/>\n<\/strong>Ener\u0123ija 0 kcal (0 kJ), tauki 0,2 g, no tiem pies\u0101tin\u0101tie tauki 0 g, n\u0101trijs 30 mg, k\u0101lijs 10 mg.<\/p>\n<p><strong>Der\u012bguma termi\u0146\u0161 un uzglab\u0101\u0161ana<\/strong><br \/>\nDer\u012bguma termi\u0146\u0161 uz pudeles attiecas uz neatv\u0113rtiem produktiem. Atv\u0113rtu produktu j\u0101uzglab\u0101 ledusskap\u012b.<\/p>\n","protected":false},"excerpt":{"rendered":"<p>Pikanta tropu m\u0113rce, kas apvieno saldo mango, citronz\u0101li, ingveru un zvaig\u017e\u0146u an\u012bsu. Univers\u0101la &#8211; lieliski sader ar ga\u013cu, bet ar\u012b, piem\u0113ram, \u0137irbju zup\u0101.<\/p>\n<p><img decoding=\"async\" class=\"alignnone wp-image-23574\" src=\"https:\/\/hotta.eu\/wp-content\/uploads\/2025\/06\/ginger-goat-logo.png\" alt=\"\" width=\"170\" height=\"227\" srcset=\"https:\/\/hotta.eu\/wp-content\/uploads\/2025\/06\/ginger-goat-logo.png 240w, https:\/\/hotta.eu\/wp-content\/uploads\/2025\/06\/ginger-goat-logo-231x308.png 231w, https:\/\/hotta.eu\/wp-content\/uploads\/2025\/06\/ginger-goat-logo-60x80.png 60w\" sizes=\"(max-width: 170px) 100vw, 170px\" \/><br \/>\n[ywcwtl_form product_id=\"\"]<\/p>\n","protected":false},"featured_media":23571,"comment_status":"open","ping_status":"closed","template":"","meta":[],"product_cat":[926,920,916],"product_tag":[],"giftcard-category":[],"class_list":{"0":"post-23568","1":"product","2":"type-product","3":"status-publish","4":"has-post-thumbnail","6":"product_cat-ass","7":"product_cat-hot-ones-lv","8":"product_cat-merces","9":"pa_brand-ginger-goat-lv","11":"first","12":"outofstock","13":"taxable","14":"shipping-taxable","15":"purchasable","16":"product-type-simple"},"yoast_head":"<!-- This site is optimized with the Yoast SEO plugin v27.4 - https:\/\/yoast.com\/product\/yoast-seo-wordpress\/ -->\n<title>Tropic Star Hot Sauce - Hotta<\/title>\n<meta name=\"description\" content=\"Pikanta tropu m\u0113rce, kas apvieno saldo mango, citronz\u0101li, ingveru un zvaig\u017e\u0146u an\u012bsu. Univers\u0101la - izm\u0113\u0123iniet, piem\u0113ram, ar ga\u013cu.\" \/>\n<meta name=\"robots\" content=\"index, follow, max-snippet:-1, max-image-preview:large, max-video-preview:-1\" \/>\n<link rel=\"canonical\" href=\"https:\/\/hotta.eu\/lv\/shop\/tropic-star-hot-sauce\/\" \/>\n<meta property=\"og:locale\" content=\"lv_LV\" \/>\n<meta property=\"og:type\" content=\"article\" \/>\n<meta property=\"og:title\" content=\"Tropic Star Hot Sauce - Hotta\" \/>\n<meta property=\"og:description\" content=\"Pikanta tropu m\u0113rce, kas apvieno saldo mango, citronz\u0101li, ingveru un zvaig\u017e\u0146u an\u012bsu. Univers\u0101la - izm\u0113\u0123iniet, piem\u0113ram, ar ga\u013cu.\" \/>\n<meta property=\"og:url\" content=\"https:\/\/hotta.eu\/lv\/shop\/tropic-star-hot-sauce\/\" \/>\n<meta property=\"og:site_name\" content=\"Hotta\" \/>\n<meta property=\"article:publisher\" content=\"https:\/\/www.facebook.com\/hotta.eu\" \/>\n<meta property=\"article:modified_time\" content=\"2025-08-06T17:31:26+00:00\" \/>\n<meta property=\"og:image\" content=\"https:\/\/hotta.eu\/wp-content\/uploads\/2025\/06\/ginger-goat-tropic-star.jpg\" \/>\n\t<meta property=\"og:image:width\" content=\"1000\" \/>\n\t<meta property=\"og:image:height\" content=\"1000\" \/>\n\t<meta property=\"og:image:type\" content=\"image\/jpeg\" \/>\n<meta name=\"twitter:card\" content=\"summary_large_image\" \/>\n<meta name=\"twitter:site\" content=\"@hottashop\" \/>\n<meta name=\"twitter:label1\" content=\"Est. reading time\" \/>\n\t<meta name=\"twitter:data1\" content=\"1 minute\" \/>\n<script type=\"application\/ld+json\" class=\"yoast-schema-graph\">{\"@context\":\"https:\\\/\\\/schema.org\",\"@graph\":[{\"@type\":\"WebPage\",\"@id\":\"https:\\\/\\\/hotta.eu\\\/lv\\\/shop\\\/tropic-star-hot-sauce\\\/\",\"url\":\"https:\\\/\\\/hotta.eu\\\/lv\\\/shop\\\/tropic-star-hot-sauce\\\/\",\"name\":\"Tropic Star Hot Sauce - Hotta\",\"isPartOf\":{\"@id\":\"https:\\\/\\\/hotta.eu\\\/lv\\\/#website\"},\"primaryImageOfPage\":{\"@id\":\"https:\\\/\\\/hotta.eu\\\/lv\\\/shop\\\/tropic-star-hot-sauce\\\/#primaryimage\"},\"image\":{\"@id\":\"https:\\\/\\\/hotta.eu\\\/lv\\\/shop\\\/tropic-star-hot-sauce\\\/#primaryimage\"},\"thumbnailUrl\":\"https:\\\/\\\/hotta.eu\\\/wp-content\\\/uploads\\\/2025\\\/06\\\/ginger-goat-tropic-star.jpg\",\"datePublished\":\"2025-06-08T08:00:05+00:00\",\"dateModified\":\"2025-08-06T17:31:26+00:00\",\"description\":\"Pikanta tropu m\u0113rce, kas apvieno saldo mango, citronz\u0101li, ingveru un zvaig\u017e\u0146u an\u012bsu. Univers\u0101la - izm\u0113\u0123iniet, piem\u0113ram, ar ga\u013cu.\",\"breadcrumb\":{\"@id\":\"https:\\\/\\\/hotta.eu\\\/lv\\\/shop\\\/tropic-star-hot-sauce\\\/#breadcrumb\"},\"inLanguage\":\"lv-LV\",\"potentialAction\":[{\"@type\":\"ReadAction\",\"target\":[\"https:\\\/\\\/hotta.eu\\\/lv\\\/shop\\\/tropic-star-hot-sauce\\\/\"]}]},{\"@type\":\"ImageObject\",\"inLanguage\":\"lv-LV\",\"@id\":\"https:\\\/\\\/hotta.eu\\\/lv\\\/shop\\\/tropic-star-hot-sauce\\\/#primaryimage\",\"url\":\"https:\\\/\\\/hotta.eu\\\/wp-content\\\/uploads\\\/2025\\\/06\\\/ginger-goat-tropic-star.jpg\",\"contentUrl\":\"https:\\\/\\\/hotta.eu\\\/wp-content\\\/uploads\\\/2025\\\/06\\\/ginger-goat-tropic-star.jpg\",\"width\":1000,\"height\":1000},{\"@type\":\"BreadcrumbList\",\"@id\":\"https:\\\/\\\/hotta.eu\\\/lv\\\/shop\\\/tropic-star-hot-sauce\\\/#breadcrumb\",\"itemListElement\":[{\"@type\":\"ListItem\",\"position\":1,\"name\":\"S\u0101kums\",\"item\":\"https:\\\/\\\/hotta.eu\\\/lv\\\/sakumlapa\\\/\"},{\"@type\":\"ListItem\",\"position\":2,\"name\":\"Veikals\",\"item\":\"https:\\\/\\\/hotta.eu\\\/lv\\\/shop\\\/\"},{\"@type\":\"ListItem\",\"position\":3,\"name\":\"Tropic Star Hot Sauce\"}]},{\"@type\":\"WebSite\",\"@id\":\"https:\\\/\\\/hotta.eu\\\/lv\\\/#website\",\"url\":\"https:\\\/\\\/hotta.eu\\\/lv\\\/\",\"name\":\"Hotta\",\"description\":\"Makes your mouth burn a lotta!\",\"publisher\":{\"@id\":\"https:\\\/\\\/hotta.eu\\\/lv\\\/#organization\"},\"potentialAction\":[{\"@type\":\"SearchAction\",\"target\":{\"@type\":\"EntryPoint\",\"urlTemplate\":\"https:\\\/\\\/hotta.eu\\\/lv\\\/?s={search_term_string}\"},\"query-input\":{\"@type\":\"PropertyValueSpecification\",\"valueRequired\":true,\"valueName\":\"search_term_string\"}}],\"inLanguage\":\"lv-LV\"},{\"@type\":\"Organization\",\"@id\":\"https:\\\/\\\/hotta.eu\\\/lv\\\/#organization\",\"name\":\"Hotta\",\"url\":\"https:\\\/\\\/hotta.eu\\\/lv\\\/\",\"logo\":{\"@type\":\"ImageObject\",\"inLanguage\":\"lv-LV\",\"@id\":\"https:\\\/\\\/hotta.eu\\\/lv\\\/#\\\/schema\\\/logo\\\/image\\\/\",\"url\":\"https:\\\/\\\/hotta.eu\\\/wp-content\\\/uploads\\\/2025\\\/04\\\/hotta-logo-invoice.png\",\"contentUrl\":\"https:\\\/\\\/hotta.eu\\\/wp-content\\\/uploads\\\/2025\\\/04\\\/hotta-logo-invoice.png\",\"width\":600,\"height\":411,\"caption\":\"Hotta\"},\"image\":{\"@id\":\"https:\\\/\\\/hotta.eu\\\/lv\\\/#\\\/schema\\\/logo\\\/image\\\/\"},\"sameAs\":[\"https:\\\/\\\/www.facebook.com\\\/hotta.eu\",\"https:\\\/\\\/x.com\\\/hottashop\",\"https:\\\/\\\/www.instagram.com\\\/hotta.shop\"]}]}<\/script>\n<!-- \/ Yoast SEO plugin. -->","yoast_head_json":{"title":"Tropic Star Hot Sauce - Hotta","description":"Pikanta tropu m\u0113rce, kas apvieno saldo mango, citronz\u0101li, ingveru un zvaig\u017e\u0146u an\u012bsu. Univers\u0101la - izm\u0113\u0123iniet, piem\u0113ram, ar ga\u013cu.","robots":{"index":"index","follow":"follow","max-snippet":"max-snippet:-1","max-image-preview":"max-image-preview:large","max-video-preview":"max-video-preview:-1"},"canonical":"https:\/\/hotta.eu\/lv\/shop\/tropic-star-hot-sauce\/","og_locale":"lv_LV","og_type":"article","og_title":"Tropic Star Hot Sauce - Hotta","og_description":"Pikanta tropu m\u0113rce, kas apvieno saldo mango, citronz\u0101li, ingveru un zvaig\u017e\u0146u an\u012bsu. Univers\u0101la - izm\u0113\u0123iniet, piem\u0113ram, ar ga\u013cu.","og_url":"https:\/\/hotta.eu\/lv\/shop\/tropic-star-hot-sauce\/","og_site_name":"Hotta","article_publisher":"https:\/\/www.facebook.com\/hotta.eu","article_modified_time":"2025-08-06T17:31:26+00:00","og_image":[{"width":1000,"height":1000,"url":"https:\/\/hotta.eu\/wp-content\/uploads\/2025\/06\/ginger-goat-tropic-star.jpg","type":"image\/jpeg"}],"twitter_card":"summary_large_image","twitter_site":"@hottashop","twitter_misc":{"Est. reading time":"1 minute"},"schema":{"@context":"https:\/\/schema.org","@graph":[{"@type":"WebPage","@id":"https:\/\/hotta.eu\/lv\/shop\/tropic-star-hot-sauce\/","url":"https:\/\/hotta.eu\/lv\/shop\/tropic-star-hot-sauce\/","name":"Tropic Star Hot Sauce - Hotta","isPartOf":{"@id":"https:\/\/hotta.eu\/lv\/#website"},"primaryImageOfPage":{"@id":"https:\/\/hotta.eu\/lv\/shop\/tropic-star-hot-sauce\/#primaryimage"},"image":{"@id":"https:\/\/hotta.eu\/lv\/shop\/tropic-star-hot-sauce\/#primaryimage"},"thumbnailUrl":"https:\/\/hotta.eu\/wp-content\/uploads\/2025\/06\/ginger-goat-tropic-star.jpg","datePublished":"2025-06-08T08:00:05+00:00","dateModified":"2025-08-06T17:31:26+00:00","description":"Pikanta tropu m\u0113rce, kas apvieno saldo mango, citronz\u0101li, ingveru un zvaig\u017e\u0146u an\u012bsu. Univers\u0101la - izm\u0113\u0123iniet, piem\u0113ram, ar ga\u013cu.","breadcrumb":{"@id":"https:\/\/hotta.eu\/lv\/shop\/tropic-star-hot-sauce\/#breadcrumb"},"inLanguage":"lv-LV","potentialAction":[{"@type":"ReadAction","target":["https:\/\/hotta.eu\/lv\/shop\/tropic-star-hot-sauce\/"]}]},{"@type":"ImageObject","inLanguage":"lv-LV","@id":"https:\/\/hotta.eu\/lv\/shop\/tropic-star-hot-sauce\/#primaryimage","url":"https:\/\/hotta.eu\/wp-content\/uploads\/2025\/06\/ginger-goat-tropic-star.jpg","contentUrl":"https:\/\/hotta.eu\/wp-content\/uploads\/2025\/06\/ginger-goat-tropic-star.jpg","width":1000,"height":1000},{"@type":"BreadcrumbList","@id":"https:\/\/hotta.eu\/lv\/shop\/tropic-star-hot-sauce\/#breadcrumb","itemListElement":[{"@type":"ListItem","position":1,"name":"S\u0101kums","item":"https:\/\/hotta.eu\/lv\/sakumlapa\/"},{"@type":"ListItem","position":2,"name":"Veikals","item":"https:\/\/hotta.eu\/lv\/shop\/"},{"@type":"ListItem","position":3,"name":"Tropic Star Hot Sauce"}]},{"@type":"WebSite","@id":"https:\/\/hotta.eu\/lv\/#website","url":"https:\/\/hotta.eu\/lv\/","name":"Hotta","description":"Makes your mouth burn a lotta!","publisher":{"@id":"https:\/\/hotta.eu\/lv\/#organization"},"potentialAction":[{"@type":"SearchAction","target":{"@type":"EntryPoint","urlTemplate":"https:\/\/hotta.eu\/lv\/?s={search_term_string}"},"query-input":{"@type":"PropertyValueSpecification","valueRequired":true,"valueName":"search_term_string"}}],"inLanguage":"lv-LV"},{"@type":"Organization","@id":"https:\/\/hotta.eu\/lv\/#organization","name":"Hotta","url":"https:\/\/hotta.eu\/lv\/","logo":{"@type":"ImageObject","inLanguage":"lv-LV","@id":"https:\/\/hotta.eu\/lv\/#\/schema\/logo\/image\/","url":"https:\/\/hotta.eu\/wp-content\/uploads\/2025\/04\/hotta-logo-invoice.png","contentUrl":"https:\/\/hotta.eu\/wp-content\/uploads\/2025\/04\/hotta-logo-invoice.png","width":600,"height":411,"caption":"Hotta"},"image":{"@id":"https:\/\/hotta.eu\/lv\/#\/schema\/logo\/image\/"},"sameAs":["https:\/\/www.facebook.com\/hotta.eu","https:\/\/x.com\/hottashop","https:\/\/www.instagram.com\/hotta.shop"]}]}},"jetpack_sharing_enabled":true,"_links":{"self":[{"href":"https:\/\/hotta.eu\/lv\/wp-json\/wp\/v2\/product\/23568","targetHints":{"allow":["GET"]}}],"collection":[{"href":"https:\/\/hotta.eu\/lv\/wp-json\/wp\/v2\/product"}],"about":[{"href":"https:\/\/hotta.eu\/lv\/wp-json\/wp\/v2\/types\/product"}],"replies":[{"embeddable":true,"href":"https:\/\/hotta.eu\/lv\/wp-json\/wp\/v2\/comments?post=23568"}],"wp:featuredmedia":[{"embeddable":true,"href":"https:\/\/hotta.eu\/lv\/wp-json\/wp\/v2\/media\/23571"}],"wp:attachment":[{"href":"https:\/\/hotta.eu\/lv\/wp-json\/wp\/v2\/media?parent=23568"}],"wp:term":[{"taxonomy":"product_cat","embeddable":true,"href":"https:\/\/hotta.eu\/lv\/wp-json\/wp\/v2\/product_cat?post=23568"},{"taxonomy":"product_tag","embeddable":true,"href":"https:\/\/hotta.eu\/lv\/wp-json\/wp\/v2\/product_tag?post=23568"},{"taxonomy":"giftcard-category","embeddable":true,"href":"https:\/\/hotta.eu\/lv\/wp-json\/wp\/v2\/giftcard-category?post=23568"}],"curies":[{"name":"wp","href":"https:\/\/api.w.org\/{rel}","templated":true}]}}