{"id":23622,"date":"2025-06-14T16:26:10","date_gmt":"2025-06-14T14:26:10","guid":{"rendered":"https:\/\/hotta.eu\/?post_type=product&#038;p=23622"},"modified":"2026-03-13T23:43:44","modified_gmt":"2026-03-13T21:43:44","slug":"keiths-hot-chicken-sauce","status":"publish","type":"product","link":"https:\/\/hotta.eu\/lv\/shop\/keiths-hot-chicken-sauce\/","title":{"rendered":"Keith&#8217;s Hot Chicken Sauce"},"content":{"rendered":"<p><strong>Sast\u0101vda\u013cas<br \/>\n<\/strong>Baltais eti\u0137is, serrano \u010dili, k\u016bpin\u0101ti s\u012bpoli, grauzd\u0113ta sarkan\u0101 paprika, <span style=\"text-decoration: underline;\">sk\u0101b\u0101 kr\u0113juma pulveris<\/span>, saulespu\u0137u e\u013c\u013ca, k\u013cavu s\u012brups, s\u0101ls, \u0137iploki, \u0137iploku dzinumi, dilles, p\u0113ters\u012b\u013ci, ghost \u010dili, maurloki, melnie pipari.<\/p>\n<p><strong>Uzturv\u0113rt\u012bba (5 ml)<br \/>\n<\/strong>Ener\u0123\u0113tisk\u0101 v\u0113rt\u012bba 5 kcal (21 kJ), og\u013chidr\u0101ti 1 g, tostarp cukuri 0 g, kalcijs 2 mg, n\u0101trijs 60 mg, k\u0101lijs 9 mg.<\/p>\n<p><strong>Der\u012bguma termi\u0146\u0161 un uzglab\u0101\u0161ana<\/strong><br \/>\nDer\u012bguma termi\u0146\u0161 uz pudeles attiecas uz neatv\u0113rtiem produktiem. Atv\u0113rtu produktu j\u0101uzglab\u0101 ledusskap\u012b.<\/p>\n","protected":false},"excerpt":{"rendered":"<p><strong>K\u012bts Habersbergers<\/strong> \u2013 ASV popul\u0101r\u0101s komi\u0137u grupas <a href=\"https:\/\/www.youtube.com\/c\/tryguys\">The Try Guys<\/a> dal\u012bbnieks \u2013 pudel\u0113 ieslodz\u012bjis savu m\u012blest\u012bbu pret vistu, <em>ranch<\/em> m\u0113rci un asumu. Ori\u0123in\u0101l\u0101 Chicken Sauce \u0101tri iekaroja fanu sirdis, ta\u010du daudziem t\u0101 \u0161\u0137ita par maigu. Tagad tas ir labots \u2013 <strong>Keith\u2019s Hot Chicken Sauce<\/strong> apvieno to pa\u0161u atkar\u012bbu izraiso\u0161o <em>buffalo-ranch<\/em> gar\u0161u ar ghost \u010dili karstumu.  <\/p>\n<p>Noskaties Keith&#8217;s m\u0113r\u010du s\u0113rijas tap\u0161anas st\u0101stu zem\u0101k eso\u0161aj\u0101 video.<\/p>\n<div class=\"responsive-video\"><iframe src=\"https:\/\/www.youtube.com\/embed\/J214OrZYJmA?si=p2ik8o07ov4dAHdr\" width=\"480\" height=\"270\" frameborder=\"0\" allowfullscreen=\"allowfullscreen\"><span data-mce-type=\"bookmark\" style=\"display: inline-block; width: 0px; overflow: hidden; line-height: 0;\" class=\"mce_SELRES_start\"><\/span><\/iframe><\/div>\n<p>&nbsp;<\/p>\n[ywcwtl_form product_id=\"\"]\n","protected":false},"featured_media":23625,"comment_status":"open","ping_status":"closed","template":"","meta":[],"product_cat":[916,922],"product_tag":[],"giftcard-category":[],"class_list":{"0":"post-23622","1":"product","2":"type-product","3":"status-publish","4":"has-post-thumbnail","6":"product_cat-merces","7":"product_cat-videjs","8":"pa_brand-keiths-lv","10":"first","11":"outofstock","12":"taxable","13":"shipping-taxable","14":"purchasable","15":"product-type-simple"},"yoast_head":"<!-- This site is optimized with the Yoast SEO plugin v27.5 - https:\/\/yoast.com\/product\/yoast-seo-wordpress\/ -->\n<title>Keith&#039;s Hot Chicken Sauce - Hotta<\/title>\n<meta name=\"description\" content=\"Keith Habersberger (The Try Guys) Keith&#039;s karst\u0101 vistas m\u0113rce Keith&#039;s Hot Chicken Sauce apvieno atkar\u012bbu izraiso\u0161o bife\u013cbrie\u017eu gar\u0161u ar spoku \u010dili piparu asumu.\" \/>\n<meta name=\"robots\" content=\"index, follow, max-snippet:-1, max-image-preview:large, max-video-preview:-1\" \/>\n<link rel=\"canonical\" href=\"https:\/\/hotta.eu\/lv\/shop\/keiths-hot-chicken-sauce\/\" \/>\n<meta property=\"og:locale\" content=\"lv_LV\" \/>\n<meta property=\"og:type\" content=\"article\" \/>\n<meta property=\"og:title\" content=\"Keith&#039;s Hot Chicken Sauce - Hotta\" \/>\n<meta property=\"og:description\" content=\"Keith Habersberger (The Try Guys) Keith&#039;s karst\u0101 vistas m\u0113rce Keith&#039;s Hot Chicken Sauce apvieno atkar\u012bbu izraiso\u0161o bife\u013cbrie\u017eu gar\u0161u ar spoku \u010dili piparu asumu.\" \/>\n<meta property=\"og:url\" content=\"https:\/\/hotta.eu\/lv\/shop\/keiths-hot-chicken-sauce\/\" \/>\n<meta property=\"og:site_name\" content=\"Hotta\" \/>\n<meta property=\"article:publisher\" content=\"https:\/\/www.facebook.com\/hotta.eu\" \/>\n<meta property=\"article:modified_time\" content=\"2026-03-13T21:43:44+00:00\" \/>\n<meta property=\"og:image\" content=\"https:\/\/hotta.eu\/wp-content\/uploads\/2025\/06\/keith-hot-chicken-sauce.jpg\" \/>\n\t<meta property=\"og:image:width\" content=\"1000\" \/>\n\t<meta property=\"og:image:height\" content=\"1000\" \/>\n\t<meta property=\"og:image:type\" content=\"image\/jpeg\" \/>\n<meta name=\"twitter:card\" content=\"summary_large_image\" \/>\n<meta name=\"twitter:site\" content=\"@hottashop\" \/>\n<meta name=\"twitter:label1\" content=\"Est. reading time\" \/>\n\t<meta name=\"twitter:data1\" content=\"1 minute\" \/>\n<script type=\"application\/ld+json\" class=\"yoast-schema-graph\">{\"@context\":\"https:\\\/\\\/schema.org\",\"@graph\":[{\"@type\":\"WebPage\",\"@id\":\"https:\\\/\\\/hotta.eu\\\/lv\\\/shop\\\/keiths-hot-chicken-sauce\\\/\",\"url\":\"https:\\\/\\\/hotta.eu\\\/lv\\\/shop\\\/keiths-hot-chicken-sauce\\\/\",\"name\":\"Keith's Hot Chicken Sauce - Hotta\",\"isPartOf\":{\"@id\":\"https:\\\/\\\/hotta.eu\\\/lv\\\/#website\"},\"primaryImageOfPage\":{\"@id\":\"https:\\\/\\\/hotta.eu\\\/lv\\\/shop\\\/keiths-hot-chicken-sauce\\\/#primaryimage\"},\"image\":{\"@id\":\"https:\\\/\\\/hotta.eu\\\/lv\\\/shop\\\/keiths-hot-chicken-sauce\\\/#primaryimage\"},\"thumbnailUrl\":\"https:\\\/\\\/hotta.eu\\\/wp-content\\\/uploads\\\/2025\\\/06\\\/keith-hot-chicken-sauce.jpg\",\"datePublished\":\"2025-06-14T14:26:10+00:00\",\"dateModified\":\"2026-03-13T21:43:44+00:00\",\"description\":\"Keith Habersberger (The Try Guys) Keith's karst\u0101 vistas m\u0113rce Keith's Hot Chicken Sauce apvieno atkar\u012bbu izraiso\u0161o bife\u013cbrie\u017eu gar\u0161u ar spoku \u010dili piparu asumu.\",\"breadcrumb\":{\"@id\":\"https:\\\/\\\/hotta.eu\\\/lv\\\/shop\\\/keiths-hot-chicken-sauce\\\/#breadcrumb\"},\"inLanguage\":\"lv-LV\",\"potentialAction\":[{\"@type\":\"ReadAction\",\"target\":[\"https:\\\/\\\/hotta.eu\\\/lv\\\/shop\\\/keiths-hot-chicken-sauce\\\/\"]}]},{\"@type\":\"ImageObject\",\"inLanguage\":\"lv-LV\",\"@id\":\"https:\\\/\\\/hotta.eu\\\/lv\\\/shop\\\/keiths-hot-chicken-sauce\\\/#primaryimage\",\"url\":\"https:\\\/\\\/hotta.eu\\\/wp-content\\\/uploads\\\/2025\\\/06\\\/keith-hot-chicken-sauce.jpg\",\"contentUrl\":\"https:\\\/\\\/hotta.eu\\\/wp-content\\\/uploads\\\/2025\\\/06\\\/keith-hot-chicken-sauce.jpg\",\"width\":1000,\"height\":1000},{\"@type\":\"BreadcrumbList\",\"@id\":\"https:\\\/\\\/hotta.eu\\\/lv\\\/shop\\\/keiths-hot-chicken-sauce\\\/#breadcrumb\",\"itemListElement\":[{\"@type\":\"ListItem\",\"position\":1,\"name\":\"S\u0101kums\",\"item\":\"https:\\\/\\\/hotta.eu\\\/lv\\\/\"},{\"@type\":\"ListItem\",\"position\":2,\"name\":\"Veikals\",\"item\":\"https:\\\/\\\/hotta.eu\\\/lv\\\/shop\\\/\"},{\"@type\":\"ListItem\",\"position\":3,\"name\":\"Keith&#8217;s Hot Chicken Sauce\"}]},{\"@type\":\"WebSite\",\"@id\":\"https:\\\/\\\/hotta.eu\\\/lv\\\/#website\",\"url\":\"https:\\\/\\\/hotta.eu\\\/lv\\\/\",\"name\":\"Hotta\",\"description\":\"Makes your mouth burn a lotta!\",\"publisher\":{\"@id\":\"https:\\\/\\\/hotta.eu\\\/lv\\\/#organization\"},\"potentialAction\":[{\"@type\":\"SearchAction\",\"target\":{\"@type\":\"EntryPoint\",\"urlTemplate\":\"https:\\\/\\\/hotta.eu\\\/lv\\\/?s={search_term_string}\"},\"query-input\":{\"@type\":\"PropertyValueSpecification\",\"valueRequired\":true,\"valueName\":\"search_term_string\"}}],\"inLanguage\":\"lv-LV\"},{\"@type\":\"Organization\",\"@id\":\"https:\\\/\\\/hotta.eu\\\/lv\\\/#organization\",\"name\":\"Hotta\",\"url\":\"https:\\\/\\\/hotta.eu\\\/lv\\\/\",\"logo\":{\"@type\":\"ImageObject\",\"inLanguage\":\"lv-LV\",\"@id\":\"https:\\\/\\\/hotta.eu\\\/lv\\\/#\\\/schema\\\/logo\\\/image\\\/\",\"url\":\"https:\\\/\\\/hotta.eu\\\/wp-content\\\/uploads\\\/2025\\\/04\\\/hotta-logo-invoice.png\",\"contentUrl\":\"https:\\\/\\\/hotta.eu\\\/wp-content\\\/uploads\\\/2025\\\/04\\\/hotta-logo-invoice.png\",\"width\":600,\"height\":411,\"caption\":\"Hotta\"},\"image\":{\"@id\":\"https:\\\/\\\/hotta.eu\\\/lv\\\/#\\\/schema\\\/logo\\\/image\\\/\"},\"sameAs\":[\"https:\\\/\\\/www.facebook.com\\\/hotta.eu\",\"https:\\\/\\\/x.com\\\/hottashop\",\"https:\\\/\\\/www.instagram.com\\\/hotta.shop\"]}]}<\/script>\n<!-- \/ Yoast SEO plugin. -->","yoast_head_json":{"title":"Keith's Hot Chicken Sauce - Hotta","description":"Keith Habersberger (The Try Guys) Keith's karst\u0101 vistas m\u0113rce Keith's Hot Chicken Sauce apvieno atkar\u012bbu izraiso\u0161o bife\u013cbrie\u017eu gar\u0161u ar spoku \u010dili piparu asumu.","robots":{"index":"index","follow":"follow","max-snippet":"max-snippet:-1","max-image-preview":"max-image-preview:large","max-video-preview":"max-video-preview:-1"},"canonical":"https:\/\/hotta.eu\/lv\/shop\/keiths-hot-chicken-sauce\/","og_locale":"lv_LV","og_type":"article","og_title":"Keith's Hot Chicken Sauce - Hotta","og_description":"Keith Habersberger (The Try Guys) Keith's karst\u0101 vistas m\u0113rce Keith's Hot Chicken Sauce apvieno atkar\u012bbu izraiso\u0161o bife\u013cbrie\u017eu gar\u0161u ar spoku \u010dili piparu asumu.","og_url":"https:\/\/hotta.eu\/lv\/shop\/keiths-hot-chicken-sauce\/","og_site_name":"Hotta","article_publisher":"https:\/\/www.facebook.com\/hotta.eu","article_modified_time":"2026-03-13T21:43:44+00:00","og_image":[{"width":1000,"height":1000,"url":"https:\/\/hotta.eu\/wp-content\/uploads\/2025\/06\/keith-hot-chicken-sauce.jpg","type":"image\/jpeg"}],"twitter_card":"summary_large_image","twitter_site":"@hottashop","twitter_misc":{"Est. reading time":"1 minute"},"schema":{"@context":"https:\/\/schema.org","@graph":[{"@type":"WebPage","@id":"https:\/\/hotta.eu\/lv\/shop\/keiths-hot-chicken-sauce\/","url":"https:\/\/hotta.eu\/lv\/shop\/keiths-hot-chicken-sauce\/","name":"Keith's Hot Chicken Sauce - Hotta","isPartOf":{"@id":"https:\/\/hotta.eu\/lv\/#website"},"primaryImageOfPage":{"@id":"https:\/\/hotta.eu\/lv\/shop\/keiths-hot-chicken-sauce\/#primaryimage"},"image":{"@id":"https:\/\/hotta.eu\/lv\/shop\/keiths-hot-chicken-sauce\/#primaryimage"},"thumbnailUrl":"https:\/\/hotta.eu\/wp-content\/uploads\/2025\/06\/keith-hot-chicken-sauce.jpg","datePublished":"2025-06-14T14:26:10+00:00","dateModified":"2026-03-13T21:43:44+00:00","description":"Keith Habersberger (The Try Guys) Keith's karst\u0101 vistas m\u0113rce Keith's Hot Chicken Sauce apvieno atkar\u012bbu izraiso\u0161o bife\u013cbrie\u017eu gar\u0161u ar spoku \u010dili piparu asumu.","breadcrumb":{"@id":"https:\/\/hotta.eu\/lv\/shop\/keiths-hot-chicken-sauce\/#breadcrumb"},"inLanguage":"lv-LV","potentialAction":[{"@type":"ReadAction","target":["https:\/\/hotta.eu\/lv\/shop\/keiths-hot-chicken-sauce\/"]}]},{"@type":"ImageObject","inLanguage":"lv-LV","@id":"https:\/\/hotta.eu\/lv\/shop\/keiths-hot-chicken-sauce\/#primaryimage","url":"https:\/\/hotta.eu\/wp-content\/uploads\/2025\/06\/keith-hot-chicken-sauce.jpg","contentUrl":"https:\/\/hotta.eu\/wp-content\/uploads\/2025\/06\/keith-hot-chicken-sauce.jpg","width":1000,"height":1000},{"@type":"BreadcrumbList","@id":"https:\/\/hotta.eu\/lv\/shop\/keiths-hot-chicken-sauce\/#breadcrumb","itemListElement":[{"@type":"ListItem","position":1,"name":"S\u0101kums","item":"https:\/\/hotta.eu\/lv\/"},{"@type":"ListItem","position":2,"name":"Veikals","item":"https:\/\/hotta.eu\/lv\/shop\/"},{"@type":"ListItem","position":3,"name":"Keith&#8217;s Hot Chicken Sauce"}]},{"@type":"WebSite","@id":"https:\/\/hotta.eu\/lv\/#website","url":"https:\/\/hotta.eu\/lv\/","name":"Hotta","description":"Makes your mouth burn a lotta!","publisher":{"@id":"https:\/\/hotta.eu\/lv\/#organization"},"potentialAction":[{"@type":"SearchAction","target":{"@type":"EntryPoint","urlTemplate":"https:\/\/hotta.eu\/lv\/?s={search_term_string}"},"query-input":{"@type":"PropertyValueSpecification","valueRequired":true,"valueName":"search_term_string"}}],"inLanguage":"lv-LV"},{"@type":"Organization","@id":"https:\/\/hotta.eu\/lv\/#organization","name":"Hotta","url":"https:\/\/hotta.eu\/lv\/","logo":{"@type":"ImageObject","inLanguage":"lv-LV","@id":"https:\/\/hotta.eu\/lv\/#\/schema\/logo\/image\/","url":"https:\/\/hotta.eu\/wp-content\/uploads\/2025\/04\/hotta-logo-invoice.png","contentUrl":"https:\/\/hotta.eu\/wp-content\/uploads\/2025\/04\/hotta-logo-invoice.png","width":600,"height":411,"caption":"Hotta"},"image":{"@id":"https:\/\/hotta.eu\/lv\/#\/schema\/logo\/image\/"},"sameAs":["https:\/\/www.facebook.com\/hotta.eu","https:\/\/x.com\/hottashop","https:\/\/www.instagram.com\/hotta.shop"]}]}},"jetpack_sharing_enabled":true,"_links":{"self":[{"href":"https:\/\/hotta.eu\/lv\/wp-json\/wp\/v2\/product\/23622","targetHints":{"allow":["GET"]}}],"collection":[{"href":"https:\/\/hotta.eu\/lv\/wp-json\/wp\/v2\/product"}],"about":[{"href":"https:\/\/hotta.eu\/lv\/wp-json\/wp\/v2\/types\/product"}],"replies":[{"embeddable":true,"href":"https:\/\/hotta.eu\/lv\/wp-json\/wp\/v2\/comments?post=23622"}],"wp:featuredmedia":[{"embeddable":true,"href":"https:\/\/hotta.eu\/lv\/wp-json\/wp\/v2\/media\/23625"}],"wp:attachment":[{"href":"https:\/\/hotta.eu\/lv\/wp-json\/wp\/v2\/media?parent=23622"}],"wp:term":[{"taxonomy":"product_cat","embeddable":true,"href":"https:\/\/hotta.eu\/lv\/wp-json\/wp\/v2\/product_cat?post=23622"},{"taxonomy":"product_tag","embeddable":true,"href":"https:\/\/hotta.eu\/lv\/wp-json\/wp\/v2\/product_tag?post=23622"},{"taxonomy":"giftcard-category","embeddable":true,"href":"https:\/\/hotta.eu\/lv\/wp-json\/wp\/v2\/giftcard-category?post=23622"}],"curies":[{"name":"wp","href":"https:\/\/api.w.org\/{rel}","templated":true}]}}