{"id":23712,"date":"2025-06-29T10:30:48","date_gmt":"2025-06-29T08:30:48","guid":{"rendered":"https:\/\/hotta.eu\/?post_type=product&#038;p=23712"},"modified":"2025-06-28T22:06:03","modified_gmt":"2025-06-28T20:06:03","slug":"hot-ones-10-pack-season-27","status":"publish","type":"product","link":"https:\/\/hotta.eu\/lv\/shop\/hot-ones-10-pack-season-27\/","title":{"rendered":"Hot Ones 10 Pack &#8211; Season 27"},"content":{"rendered":"<p><span class=\"subproduct-title\"><strong>#1 &#8211; Hot Tropic Hot Sauce | Shaquanda&#8217;s<\/strong><br \/>\n<\/span>Asums: 1 \/ 10<br \/>\nSast\u0101vda\u013cas: Sast\u0101vda\u013cas: mango, papaija, apels\u012bnu sula, \u0101bolu sidra eti\u0137is, filtr\u0113ts \u016bdens, cukurs, baltais eti\u0137is, kalt\u0113ts Ka\u0161mira \u010dilli, s\u0101ls, sinepju s\u0113klas, ingvera pulveris, krustnagli\u0146as, kardamons.<\/p>\n<p class=\"subproduct\" data-id=\"6878425186402\"><strong><span class=\"subproduct-title\">#2 &#8211; Just Wingin It | Seed Ranch Flavor Co.<br \/>\n<\/span><\/strong>Asums: 2 \/ 10<br \/>\nSast\u0101vda\u013cas: Sast\u0101vda\u013cas: eti\u0137a mais\u012bjums (\u016bdens, baltais eti\u0137is, destil\u0113ts eti\u0137is, \u0101bolu eti\u0137is), date\u013cu piparu biezenis (piparu graudi\u0146i, s\u0101ls), tom\u0101tu pasta, cukurniedru cukurs, \u0137iploki, burk\u0101ni, sarkano m\u0101laino \u010dili biezenis (\u010dili, s\u0101ls), sinepju pulveris, s\u0101ls, uzturfiziolo\u0123iskais raugs, melnie pipari, citronu sulas koncentr\u0101ts, k\u016bpin\u0101ta paprika, s\u012bpoli, konjaka sakne.<\/p>\n<p class=\"subproduct\" data-id=\"6878425383010\"><strong><span class=\"subproduct-title\">#3 &#8211; Pickled Garlic Sriracha | Hot Ones Hot Sauce<br \/>\n<\/span><\/strong>Asums: 3 \/ 10<br \/>\nSast\u0101vda\u013cas: <span class=\"jCAhz ChMk0b\"><span class=\"ryNqvb\">Jalapeno \u010dili biezenis (jalapeno \u010dili, s\u0101ls, eti\u0137is), destil\u0113ts eti\u0137is, t\u012brs cukurniedru cukurs, laima sula no laima koncentr\u0101ta, \u0137iploki, niedru maranta milti, \u016bdens, s\u0101ls, dilles.<\/span><\/span><\/p>\n<p class=\"subproduct\" data-id=\"6550778216546\"><strong><span class=\"subproduct-title\">#4 &#8211; Serrano Mango Hopp Sauce | Alchemy Peppers<br \/>\n<\/span><\/strong>Asums: 4 \/ 10<br \/>\nSast\u0101vs: serrano \u010dilli, mango biezenis, \u0101bolu eti\u0137is, apels\u012bnu sulas koncentr\u0101ts, \u0101bolu sula, \u0137ime\u0146u biezenis, citronu sula, \u0137iploku biezenis, s\u0101ls, \u016bdens, citronsk\u0101be, api\u0146i.<\/p>\n<p class=\"subproduct\" data-id=\"6878425481314\"><strong>#5 &#8211; Spicier Sauerkraut &amp; Mustard | Hook &amp; Arrow<\/strong><br \/>\nAsums: 5 \/ 10<br \/>\nSast\u0101vda\u013cas: Jalapeno \u010dili (jalapeno \u010dili, \u016bdens, eti\u0137is, s\u0101ls), za\u013c\u0101 habanero \u010dili biezenis (za\u013cais habanero \u010dili, s\u0101ls), sk\u0101b\u0113ti k\u0101posti (sagatavoti k\u0101posti, \u016bdens, s\u0101ls), \u0101bolu eti\u0137is, pikant\u0101s sinepes (destil\u0113ts eti\u0137is, 1. \u0161\u0137iras sinepju s\u0113klas, \u016bdens, s\u0101ls, gar\u0161vielas, kurkuma un dab\u012bg\u0101s gar\u0161vielas), neapstr\u0101d\u0101ta augst\u0101k\u0101 labuma ol\u012bve\u013c\u013ca, saus\u0101s sinepes, sasmalcin\u0101tas br\u016bn\u0101s sinepes, habanero \u010dilli pulveris.<\/p>\n<p class=\"subproduct\" data-id=\"1455199813730\"><span class=\"subproduct-title\"><strong>#6 &#8211; Tropical Amarillo | Hot Ones Hot Sauce<\/strong><br \/>\n<\/span>Asums: 6 \/ 10<br \/>\nSast\u0101vda\u013cas: Dzeltenais Fatali \u010dili biezenis (Fatali \u010dili, s\u0101ls, eti\u0137is), dzeltenie paprika, destil\u0113ts eti\u0137is, dzeltenais Scotch Bonnet \u010dili biezenis (Scotch Bonnet, s\u0101ls, eti\u0137is), mango, s\u012bpoli, anan\u0101si, sinepes (destil\u0113ts eti\u0137is, #1. kategorijas sinepju s\u0113klas, s\u0101ls, kurkuma, gar\u0161vielas), \u016bdens, t\u012brs cukurniedru cukurs, \u0137iploki, laima sula no koncentr\u0101ta, madras karija pulveris (gar\u0161vielas, kurkuma, s\u0101ls), kurkuma, grauzd\u0113ti s\u012bpoli, \u0137ime\u0146u s\u0113klas<\/p>\n<p class=\"subproduct\" data-id=\"6878425808994\"><span class=\"subproduct-title\"><strong>#7 &#8211; Aprichot | Smokin Ed&#8217;s<\/strong><br \/>\n<\/span>Asums: 7 \/ 10<br \/>\nSast\u0101vda\u013cas: Sast\u0101vda\u013cas: m\u0101rrutki, aprikozes, \u010dilli, gar\u0161vielas, lavandas arom\u0101ta koncentr\u0101ts, citrona mizi\u0146a, vani\u013cas ekstrakts.<\/p>\n<p class=\"subproduct\" data-id=\"4496261775458\"><span class=\"subproduct-title\"><strong>#8 &#8211; Evolution Hot Sauce | Da Bomb<\/strong><br \/>\n<\/span>Pikantums: 8 \/ 10<br \/>\nSast\u0101vs: sarkanie asie \u010dilli, \u016bdens, eti\u0137is, s\u0101ls, gar\u0161vielas (tostarp paprika un kurkuma), malti \u0137iploki, cukurniedru cukurs, \u0137iploku pulveris, augst\u0101k\u0101 labuma ol\u012bve\u013c\u013ca, s\u012bpolu pulveris, citronu sulas koncentr\u0101ts, koriandrs, piparm\u0113tra.<\/p>\n<p class=\"subproduct\" data-id=\"6878425972834\"><strong><span class=\"subproduct-title\">#9 &#8211; Suckerpunch Hot Sauce | Torchbearer<br \/>\n<\/span><\/strong>Asums: 9 \/ 10<br \/>\nSast\u0101vda\u013cas: S\u012bpols, Reaper \u010dili biezenis (Carolina Reaper, destil\u0113ts baltais eti\u0137is, s\u0101ls), \u016bdens, destil\u0113ts baltais eti\u0137is, Ghost Pepper biezenis (Ghost Pepper \u010dili, destil\u0113ts baltais eti\u0137is, s\u0101ls), baltais cukurs, citronsk\u0101be, laima sula, sakap\u0101ts s\u012bpols, Dragon\u2019s Breath \u010dili pulveris, s\u0101ls<\/p>\n<p class=\"subproduct\" data-id=\"6874363560034\"><span class=\"subproduct-title\"><strong>#10 &#8211; The Last Dab: Xperience | Hot Ones Hot Sauce<\/strong><br \/>\n<\/span><br \/>\nPipari X \u010dilli, destil\u0113ts eti\u0137is, piparu X \u010dilli pulveris, piparu X \u010dilli destil\u0101ts.<\/p>\n","protected":false},"excerpt":{"rendered":"<p>Hot Ones 10-Pack sast\u0101v no vis\u0101m desmit m\u0113rc\u0113m no t\u012bmek\u013ca seri\u0101la Hot Ones 27. sezonas, kas iepakotas d\u0101vanu kast\u012bt\u0113 ar produktu skrejlapu, uzl\u012bm\u0113m un kart\u012bt\u0113m ar jaut\u0101jumiem <strong>Truth or Dab<\/strong>.<\/p>\n<p>Daudz trok\u0161\u0146a izrais\u012bju\u0161ais <strong>The Last Dab: Xperience<\/strong> \u2013 \u012bsts p\u0113d\u0113jais boss. \ud83d\udd25<\/p>\n<p><img decoding=\"async\" src=\"https:\/\/hotta.eu\/wp-content\/uploads\/2022\/08\/first-we-feast.png\" \/><\/p>\n<div class=\"responsive-video\"><iframe src=\"https:\/\/www.youtube.com\/embed\/mVhj7qRVoms?si=FvuYF0EW6C01f0yj\" width=\"480\" height=\"270\" frameborder=\"0\" allowfullscreen=\"allowfullscreen\"><span data-mce-type=\"bookmark\" style=\"display: inline-block; width: 0px; overflow: hidden; line-height: 0;\" class=\"mce_SELRES_start\"><\/span><\/iframe><\/div>\n[ywcwtl_form product_id=\"\"]\n","protected":false},"featured_media":23730,"comment_status":"open","ping_status":"closed","template":"","meta":[],"product_cat":[920,930,916],"product_tag":[],"giftcard-category":[],"class_list":{"0":"post-23712","1":"product","2":"type-product","3":"status-publish","4":"has-post-thumbnail","6":"product_cat-hot-ones-lv","7":"product_cat-komplekti","8":"product_cat-merces","9":"pa_brand-heatonist","11":"first","12":"outofstock","13":"taxable","14":"shipping-taxable","15":"purchasable","16":"product-type-simple"},"yoast_head":"<!-- This site is optimized with the Yoast SEO plugin v27.5 - https:\/\/yoast.com\/product\/yoast-seo-wordpress\/ -->\n<title>Hot Ones 10 Pack - Season 27 - Hotta<\/title>\n<meta name=\"description\" content=\"Hot Ones 10-Pack komplekt\u0101 ir visas desmit Hot Ones 27. sezonas m\u0113rces, kas iepakotas d\u0101vanu kast\u012bt\u0113 ar Truth or Dab jaut\u0101jumu kart\u012bt\u0113m.\" \/>\n<meta name=\"robots\" content=\"index, follow, max-snippet:-1, max-image-preview:large, max-video-preview:-1\" \/>\n<link rel=\"canonical\" href=\"https:\/\/hotta.eu\/lv\/shop\/hot-ones-10-pack-season-27\/\" \/>\n<meta property=\"og:locale\" content=\"lv_LV\" \/>\n<meta property=\"og:type\" content=\"article\" \/>\n<meta property=\"og:title\" content=\"Hot Ones 10 Pack - Season 27 - Hotta\" \/>\n<meta property=\"og:description\" content=\"Hot Ones 10-Pack komplekt\u0101 ir visas desmit Hot Ones 27. sezonas m\u0113rces, kas iepakotas d\u0101vanu kast\u012bt\u0113 ar Truth or Dab jaut\u0101jumu kart\u012bt\u0113m.\" \/>\n<meta property=\"og:url\" content=\"https:\/\/hotta.eu\/lv\/shop\/hot-ones-10-pack-season-27\/\" \/>\n<meta property=\"og:site_name\" content=\"Hotta\" \/>\n<meta property=\"article:publisher\" content=\"https:\/\/www.facebook.com\/hotta.eu\" \/>\n<meta property=\"og:image\" content=\"https:\/\/hotta.eu\/wp-content\/uploads\/2025\/06\/hot-ones-s27-10-pack-1-sq.png\" \/>\n\t<meta property=\"og:image:width\" content=\"1317\" \/>\n\t<meta property=\"og:image:height\" content=\"1318\" \/>\n\t<meta property=\"og:image:type\" content=\"image\/png\" \/>\n<meta name=\"twitter:card\" content=\"summary_large_image\" \/>\n<meta name=\"twitter:site\" content=\"@hottashop\" \/>\n<meta name=\"twitter:label1\" content=\"Est. reading time\" \/>\n\t<meta name=\"twitter:data1\" content=\"3 minutes\" \/>\n<script type=\"application\/ld+json\" class=\"yoast-schema-graph\">{\"@context\":\"https:\\\/\\\/schema.org\",\"@graph\":[{\"@type\":\"WebPage\",\"@id\":\"https:\\\/\\\/hotta.eu\\\/lv\\\/shop\\\/hot-ones-10-pack-season-27\\\/\",\"url\":\"https:\\\/\\\/hotta.eu\\\/lv\\\/shop\\\/hot-ones-10-pack-season-27\\\/\",\"name\":\"Hot Ones 10 Pack - Season 27 - Hotta\",\"isPartOf\":{\"@id\":\"https:\\\/\\\/hotta.eu\\\/lv\\\/#website\"},\"primaryImageOfPage\":{\"@id\":\"https:\\\/\\\/hotta.eu\\\/lv\\\/shop\\\/hot-ones-10-pack-season-27\\\/#primaryimage\"},\"image\":{\"@id\":\"https:\\\/\\\/hotta.eu\\\/lv\\\/shop\\\/hot-ones-10-pack-season-27\\\/#primaryimage\"},\"thumbnailUrl\":\"https:\\\/\\\/hotta.eu\\\/wp-content\\\/uploads\\\/2025\\\/06\\\/hot-ones-s27-10-pack-1-sq.png\",\"datePublished\":\"2025-06-29T08:30:48+00:00\",\"description\":\"Hot Ones 10-Pack komplekt\u0101 ir visas desmit Hot Ones 27. sezonas m\u0113rces, kas iepakotas d\u0101vanu kast\u012bt\u0113 ar Truth or Dab jaut\u0101jumu kart\u012bt\u0113m.\",\"breadcrumb\":{\"@id\":\"https:\\\/\\\/hotta.eu\\\/lv\\\/shop\\\/hot-ones-10-pack-season-27\\\/#breadcrumb\"},\"inLanguage\":\"lv-LV\",\"potentialAction\":[{\"@type\":\"ReadAction\",\"target\":[\"https:\\\/\\\/hotta.eu\\\/lv\\\/shop\\\/hot-ones-10-pack-season-27\\\/\"]}]},{\"@type\":\"ImageObject\",\"inLanguage\":\"lv-LV\",\"@id\":\"https:\\\/\\\/hotta.eu\\\/lv\\\/shop\\\/hot-ones-10-pack-season-27\\\/#primaryimage\",\"url\":\"https:\\\/\\\/hotta.eu\\\/wp-content\\\/uploads\\\/2025\\\/06\\\/hot-ones-s27-10-pack-1-sq.png\",\"contentUrl\":\"https:\\\/\\\/hotta.eu\\\/wp-content\\\/uploads\\\/2025\\\/06\\\/hot-ones-s27-10-pack-1-sq.png\",\"width\":1317,\"height\":1318},{\"@type\":\"BreadcrumbList\",\"@id\":\"https:\\\/\\\/hotta.eu\\\/lv\\\/shop\\\/hot-ones-10-pack-season-27\\\/#breadcrumb\",\"itemListElement\":[{\"@type\":\"ListItem\",\"position\":1,\"name\":\"S\u0101kums\",\"item\":\"https:\\\/\\\/hotta.eu\\\/lv\\\/\"},{\"@type\":\"ListItem\",\"position\":2,\"name\":\"Veikals\",\"item\":\"https:\\\/\\\/hotta.eu\\\/lv\\\/shop\\\/\"},{\"@type\":\"ListItem\",\"position\":3,\"name\":\"Hot Ones 10 Pack &#8211; Season 27\"}]},{\"@type\":\"WebSite\",\"@id\":\"https:\\\/\\\/hotta.eu\\\/lv\\\/#website\",\"url\":\"https:\\\/\\\/hotta.eu\\\/lv\\\/\",\"name\":\"Hotta\",\"description\":\"Makes your mouth burn a lotta!\",\"publisher\":{\"@id\":\"https:\\\/\\\/hotta.eu\\\/lv\\\/#organization\"},\"potentialAction\":[{\"@type\":\"SearchAction\",\"target\":{\"@type\":\"EntryPoint\",\"urlTemplate\":\"https:\\\/\\\/hotta.eu\\\/lv\\\/?s={search_term_string}\"},\"query-input\":{\"@type\":\"PropertyValueSpecification\",\"valueRequired\":true,\"valueName\":\"search_term_string\"}}],\"inLanguage\":\"lv-LV\"},{\"@type\":\"Organization\",\"@id\":\"https:\\\/\\\/hotta.eu\\\/lv\\\/#organization\",\"name\":\"Hotta\",\"url\":\"https:\\\/\\\/hotta.eu\\\/lv\\\/\",\"logo\":{\"@type\":\"ImageObject\",\"inLanguage\":\"lv-LV\",\"@id\":\"https:\\\/\\\/hotta.eu\\\/lv\\\/#\\\/schema\\\/logo\\\/image\\\/\",\"url\":\"https:\\\/\\\/hotta.eu\\\/wp-content\\\/uploads\\\/2025\\\/04\\\/hotta-logo-invoice.png\",\"contentUrl\":\"https:\\\/\\\/hotta.eu\\\/wp-content\\\/uploads\\\/2025\\\/04\\\/hotta-logo-invoice.png\",\"width\":600,\"height\":411,\"caption\":\"Hotta\"},\"image\":{\"@id\":\"https:\\\/\\\/hotta.eu\\\/lv\\\/#\\\/schema\\\/logo\\\/image\\\/\"},\"sameAs\":[\"https:\\\/\\\/www.facebook.com\\\/hotta.eu\",\"https:\\\/\\\/x.com\\\/hottashop\",\"https:\\\/\\\/www.instagram.com\\\/hotta.shop\"]}]}<\/script>\n<!-- \/ Yoast SEO plugin. -->","yoast_head_json":{"title":"Hot Ones 10 Pack - Season 27 - Hotta","description":"Hot Ones 10-Pack komplekt\u0101 ir visas desmit Hot Ones 27. sezonas m\u0113rces, kas iepakotas d\u0101vanu kast\u012bt\u0113 ar Truth or Dab jaut\u0101jumu kart\u012bt\u0113m.","robots":{"index":"index","follow":"follow","max-snippet":"max-snippet:-1","max-image-preview":"max-image-preview:large","max-video-preview":"max-video-preview:-1"},"canonical":"https:\/\/hotta.eu\/lv\/shop\/hot-ones-10-pack-season-27\/","og_locale":"lv_LV","og_type":"article","og_title":"Hot Ones 10 Pack - Season 27 - Hotta","og_description":"Hot Ones 10-Pack komplekt\u0101 ir visas desmit Hot Ones 27. sezonas m\u0113rces, kas iepakotas d\u0101vanu kast\u012bt\u0113 ar Truth or Dab jaut\u0101jumu kart\u012bt\u0113m.","og_url":"https:\/\/hotta.eu\/lv\/shop\/hot-ones-10-pack-season-27\/","og_site_name":"Hotta","article_publisher":"https:\/\/www.facebook.com\/hotta.eu","og_image":[{"width":1317,"height":1318,"url":"https:\/\/hotta.eu\/wp-content\/uploads\/2025\/06\/hot-ones-s27-10-pack-1-sq.png","type":"image\/png"}],"twitter_card":"summary_large_image","twitter_site":"@hottashop","twitter_misc":{"Est. reading time":"3 minutes"},"schema":{"@context":"https:\/\/schema.org","@graph":[{"@type":"WebPage","@id":"https:\/\/hotta.eu\/lv\/shop\/hot-ones-10-pack-season-27\/","url":"https:\/\/hotta.eu\/lv\/shop\/hot-ones-10-pack-season-27\/","name":"Hot Ones 10 Pack - Season 27 - Hotta","isPartOf":{"@id":"https:\/\/hotta.eu\/lv\/#website"},"primaryImageOfPage":{"@id":"https:\/\/hotta.eu\/lv\/shop\/hot-ones-10-pack-season-27\/#primaryimage"},"image":{"@id":"https:\/\/hotta.eu\/lv\/shop\/hot-ones-10-pack-season-27\/#primaryimage"},"thumbnailUrl":"https:\/\/hotta.eu\/wp-content\/uploads\/2025\/06\/hot-ones-s27-10-pack-1-sq.png","datePublished":"2025-06-29T08:30:48+00:00","description":"Hot Ones 10-Pack komplekt\u0101 ir visas desmit Hot Ones 27. sezonas m\u0113rces, kas iepakotas d\u0101vanu kast\u012bt\u0113 ar Truth or Dab jaut\u0101jumu kart\u012bt\u0113m.","breadcrumb":{"@id":"https:\/\/hotta.eu\/lv\/shop\/hot-ones-10-pack-season-27\/#breadcrumb"},"inLanguage":"lv-LV","potentialAction":[{"@type":"ReadAction","target":["https:\/\/hotta.eu\/lv\/shop\/hot-ones-10-pack-season-27\/"]}]},{"@type":"ImageObject","inLanguage":"lv-LV","@id":"https:\/\/hotta.eu\/lv\/shop\/hot-ones-10-pack-season-27\/#primaryimage","url":"https:\/\/hotta.eu\/wp-content\/uploads\/2025\/06\/hot-ones-s27-10-pack-1-sq.png","contentUrl":"https:\/\/hotta.eu\/wp-content\/uploads\/2025\/06\/hot-ones-s27-10-pack-1-sq.png","width":1317,"height":1318},{"@type":"BreadcrumbList","@id":"https:\/\/hotta.eu\/lv\/shop\/hot-ones-10-pack-season-27\/#breadcrumb","itemListElement":[{"@type":"ListItem","position":1,"name":"S\u0101kums","item":"https:\/\/hotta.eu\/lv\/"},{"@type":"ListItem","position":2,"name":"Veikals","item":"https:\/\/hotta.eu\/lv\/shop\/"},{"@type":"ListItem","position":3,"name":"Hot Ones 10 Pack &#8211; Season 27"}]},{"@type":"WebSite","@id":"https:\/\/hotta.eu\/lv\/#website","url":"https:\/\/hotta.eu\/lv\/","name":"Hotta","description":"Makes your mouth burn a lotta!","publisher":{"@id":"https:\/\/hotta.eu\/lv\/#organization"},"potentialAction":[{"@type":"SearchAction","target":{"@type":"EntryPoint","urlTemplate":"https:\/\/hotta.eu\/lv\/?s={search_term_string}"},"query-input":{"@type":"PropertyValueSpecification","valueRequired":true,"valueName":"search_term_string"}}],"inLanguage":"lv-LV"},{"@type":"Organization","@id":"https:\/\/hotta.eu\/lv\/#organization","name":"Hotta","url":"https:\/\/hotta.eu\/lv\/","logo":{"@type":"ImageObject","inLanguage":"lv-LV","@id":"https:\/\/hotta.eu\/lv\/#\/schema\/logo\/image\/","url":"https:\/\/hotta.eu\/wp-content\/uploads\/2025\/04\/hotta-logo-invoice.png","contentUrl":"https:\/\/hotta.eu\/wp-content\/uploads\/2025\/04\/hotta-logo-invoice.png","width":600,"height":411,"caption":"Hotta"},"image":{"@id":"https:\/\/hotta.eu\/lv\/#\/schema\/logo\/image\/"},"sameAs":["https:\/\/www.facebook.com\/hotta.eu","https:\/\/x.com\/hottashop","https:\/\/www.instagram.com\/hotta.shop"]}]}},"jetpack_sharing_enabled":true,"_links":{"self":[{"href":"https:\/\/hotta.eu\/lv\/wp-json\/wp\/v2\/product\/23712","targetHints":{"allow":["GET"]}}],"collection":[{"href":"https:\/\/hotta.eu\/lv\/wp-json\/wp\/v2\/product"}],"about":[{"href":"https:\/\/hotta.eu\/lv\/wp-json\/wp\/v2\/types\/product"}],"replies":[{"embeddable":true,"href":"https:\/\/hotta.eu\/lv\/wp-json\/wp\/v2\/comments?post=23712"}],"wp:featuredmedia":[{"embeddable":true,"href":"https:\/\/hotta.eu\/lv\/wp-json\/wp\/v2\/media\/23730"}],"wp:attachment":[{"href":"https:\/\/hotta.eu\/lv\/wp-json\/wp\/v2\/media?parent=23712"}],"wp:term":[{"taxonomy":"product_cat","embeddable":true,"href":"https:\/\/hotta.eu\/lv\/wp-json\/wp\/v2\/product_cat?post=23712"},{"taxonomy":"product_tag","embeddable":true,"href":"https:\/\/hotta.eu\/lv\/wp-json\/wp\/v2\/product_tag?post=23712"},{"taxonomy":"giftcard-category","embeddable":true,"href":"https:\/\/hotta.eu\/lv\/wp-json\/wp\/v2\/giftcard-category?post=23712"}],"curies":[{"name":"wp","href":"https:\/\/api.w.org\/{rel}","templated":true}]}}