{"id":24741,"date":"2025-10-30T14:55:45","date_gmt":"2025-10-30T12:55:45","guid":{"rendered":"https:\/\/hotta.eu\/?post_type=product&#038;p=24741"},"modified":"2026-03-12T22:20:09","modified_gmt":"2026-03-12T20:20:09","slug":"marisquera-black-hot-sauce","status":"publish","type":"product","link":"https:\/\/hotta.eu\/lv\/shop\/marisquera-black-hot-sauce\/","title":{"rendered":"Marisquera Black Hot Sauce"},"content":{"rendered":"<p><strong>Sast\u0101vda\u013cas<\/strong><br \/>\n\u016adens, habanero \u010dili, tom\u0101tu pasta, hidroliz\u0113ts sojas prote\u012bns, s\u0101ls, eti\u0137sk\u0101be (pH regulators), citronsk\u0101be (sk\u0101buma regulators), ksant\u0101na sve\u0137i (stabilizators), gar\u0161vielas un n\u0101trija benzo\u0101ts k\u0101 konservants.<\/p>\n<p><strong>Uzturv\u0113rt\u012bba (100 g)<br \/>\n<\/strong>Ener\u0123\u0113tisk\u0101 v\u0113rt\u012bba 20 kcal (85 kJ), og\u013chidr\u0101ti 4 g, olbaltumvielas 1 g, s\u0101ls 6 g.<\/p>\n<p><strong>Der\u012bguma termi\u0146\u0161 un uzglab\u0101\u0161ana<\/strong><br \/>\nDer\u012bguma termi\u0146\u0161 uz pudeles attiecas uz neatv\u0113rtiem produktiem. Atv\u0113rtu produktu j\u0101uzglab\u0101 ledusskap\u012b.<\/p>\n","protected":false},"excerpt":{"rendered":"<p>El Yucateco m\u0113rc\u0113m ir bag\u0101t\u012bga gar\u0161a un m\u0113reni pikanta gar\u0161a. M\u0113rce ar pat\u012bkamu konsistenci, asuma pan\u0101k\u0161anai nav izmantoti ekstrakti. Aizraujo\u0161a umami gar\u0161a. Lieliski der j\u016bras velt\u0113m, \u0100zijas un Meksikas \u0113dieniem, k\u0101 ar\u012b ikdienas lieto\u0161anai. Skatiet ar\u012b <a href=\"https:\/\/www.shopelyucateco.com\/pages\/flavorful-favorites\" target=\"_blank\" rel=\"noopener\">El Yucateco recep\u0161u bibliot\u0113ku<\/a>.<br \/>\n[ywcwtl_form product_id=\"\"]<\/p>\n","protected":false},"featured_media":24719,"comment_status":"open","ping_status":"closed","template":"","meta":[],"product_cat":[924,916],"product_tag":[],"giftcard-category":[],"class_list":{"0":"post-24741","1":"product","2":"type-product","3":"status-publish","4":"has-post-thumbnail","6":"product_cat-maigs","7":"product_cat-merces","8":"pa_brand-el-yucateco","10":"first","11":"instock","12":"sale","13":"taxable","14":"shipping-taxable","15":"purchasable","16":"product-type-simple"},"yoast_head":"<!-- This site is optimized with the Yoast SEO plugin v27.3 - https:\/\/yoast.com\/product\/yoast-seo-wordpress\/ -->\n<title>Marisquera Black Hot Sauce - Hotta<\/title>\n<meta name=\"description\" content=\"El Yucateco m\u0113rc\u0113m ir bag\u0101t\u012bga gar\u0161a un m\u0113reni pikanta gar\u0161a. M\u0113rce ar pat\u012bkamu konsistenci, asuma pan\u0101k\u0161anai nav izmantoti ekstrakti.\" \/>\n<meta name=\"robots\" content=\"index, follow, max-snippet:-1, max-image-preview:large, max-video-preview:-1\" \/>\n<link rel=\"canonical\" href=\"https:\/\/hotta.eu\/lv\/shop\/marisquera-black-hot-sauce\/\" \/>\n<meta property=\"og:locale\" content=\"lv_LV\" \/>\n<meta property=\"og:type\" content=\"article\" \/>\n<meta property=\"og:title\" content=\"Marisquera Black Hot Sauce - Hotta\" \/>\n<meta property=\"og:description\" content=\"El Yucateco m\u0113rc\u0113m ir bag\u0101t\u012bga gar\u0161a un m\u0113reni pikanta gar\u0161a. M\u0113rce ar pat\u012bkamu konsistenci, asuma pan\u0101k\u0161anai nav izmantoti ekstrakti.\" \/>\n<meta property=\"og:url\" content=\"https:\/\/hotta.eu\/lv\/shop\/marisquera-black-hot-sauce\/\" \/>\n<meta property=\"og:site_name\" content=\"Hotta\" \/>\n<meta property=\"article:publisher\" content=\"https:\/\/www.facebook.com\/hotta.eu\" \/>\n<meta property=\"article:modified_time\" content=\"2026-03-12T20:20:09+00:00\" \/>\n<meta property=\"og:image\" content=\"https:\/\/hotta.eu\/wp-content\/uploads\/2025\/10\/el-yucateco-habanero-black.jpg\" \/>\n\t<meta property=\"og:image:width\" content=\"930\" \/>\n\t<meta property=\"og:image:height\" content=\"930\" \/>\n\t<meta property=\"og:image:type\" content=\"image\/jpeg\" \/>\n<meta name=\"twitter:card\" content=\"summary_large_image\" \/>\n<meta name=\"twitter:site\" content=\"@hottashop\" \/>\n<meta name=\"twitter:label1\" content=\"Est. reading time\" \/>\n\t<meta name=\"twitter:data1\" content=\"1 minute\" \/>\n<script type=\"application\/ld+json\" class=\"yoast-schema-graph\">{\"@context\":\"https:\\\/\\\/schema.org\",\"@graph\":[{\"@type\":\"WebPage\",\"@id\":\"https:\\\/\\\/hotta.eu\\\/lv\\\/shop\\\/marisquera-black-hot-sauce\\\/\",\"url\":\"https:\\\/\\\/hotta.eu\\\/lv\\\/shop\\\/marisquera-black-hot-sauce\\\/\",\"name\":\"Marisquera Black Hot Sauce - Hotta\",\"isPartOf\":{\"@id\":\"https:\\\/\\\/hotta.eu\\\/lv\\\/#website\"},\"primaryImageOfPage\":{\"@id\":\"https:\\\/\\\/hotta.eu\\\/lv\\\/shop\\\/marisquera-black-hot-sauce\\\/#primaryimage\"},\"image\":{\"@id\":\"https:\\\/\\\/hotta.eu\\\/lv\\\/shop\\\/marisquera-black-hot-sauce\\\/#primaryimage\"},\"thumbnailUrl\":\"https:\\\/\\\/hotta.eu\\\/wp-content\\\/uploads\\\/2025\\\/10\\\/el-yucateco-habanero-black.jpg\",\"datePublished\":\"2025-10-30T12:55:45+00:00\",\"dateModified\":\"2026-03-12T20:20:09+00:00\",\"description\":\"El Yucateco m\u0113rc\u0113m ir bag\u0101t\u012bga gar\u0161a un m\u0113reni pikanta gar\u0161a. M\u0113rce ar pat\u012bkamu konsistenci, asuma pan\u0101k\u0161anai nav izmantoti ekstrakti.\",\"breadcrumb\":{\"@id\":\"https:\\\/\\\/hotta.eu\\\/lv\\\/shop\\\/marisquera-black-hot-sauce\\\/#breadcrumb\"},\"inLanguage\":\"lv-LV\",\"potentialAction\":[{\"@type\":\"ReadAction\",\"target\":[\"https:\\\/\\\/hotta.eu\\\/lv\\\/shop\\\/marisquera-black-hot-sauce\\\/\"]}]},{\"@type\":\"ImageObject\",\"inLanguage\":\"lv-LV\",\"@id\":\"https:\\\/\\\/hotta.eu\\\/lv\\\/shop\\\/marisquera-black-hot-sauce\\\/#primaryimage\",\"url\":\"https:\\\/\\\/hotta.eu\\\/wp-content\\\/uploads\\\/2025\\\/10\\\/el-yucateco-habanero-black.jpg\",\"contentUrl\":\"https:\\\/\\\/hotta.eu\\\/wp-content\\\/uploads\\\/2025\\\/10\\\/el-yucateco-habanero-black.jpg\",\"width\":930,\"height\":930},{\"@type\":\"BreadcrumbList\",\"@id\":\"https:\\\/\\\/hotta.eu\\\/lv\\\/shop\\\/marisquera-black-hot-sauce\\\/#breadcrumb\",\"itemListElement\":[{\"@type\":\"ListItem\",\"position\":1,\"name\":\"S\u0101kums\",\"item\":\"https:\\\/\\\/hotta.eu\\\/lv\\\/sakumlapa\\\/\"},{\"@type\":\"ListItem\",\"position\":2,\"name\":\"Veikals\",\"item\":\"https:\\\/\\\/hotta.eu\\\/lv\\\/shop\\\/\"},{\"@type\":\"ListItem\",\"position\":3,\"name\":\"Marisquera Black Hot Sauce\"}]},{\"@type\":\"WebSite\",\"@id\":\"https:\\\/\\\/hotta.eu\\\/lv\\\/#website\",\"url\":\"https:\\\/\\\/hotta.eu\\\/lv\\\/\",\"name\":\"Hotta\",\"description\":\"Makes your mouth burn a lotta!\",\"publisher\":{\"@id\":\"https:\\\/\\\/hotta.eu\\\/lv\\\/#organization\"},\"potentialAction\":[{\"@type\":\"SearchAction\",\"target\":{\"@type\":\"EntryPoint\",\"urlTemplate\":\"https:\\\/\\\/hotta.eu\\\/lv\\\/?s={search_term_string}\"},\"query-input\":{\"@type\":\"PropertyValueSpecification\",\"valueRequired\":true,\"valueName\":\"search_term_string\"}}],\"inLanguage\":\"lv-LV\"},{\"@type\":\"Organization\",\"@id\":\"https:\\\/\\\/hotta.eu\\\/lv\\\/#organization\",\"name\":\"Hotta\",\"url\":\"https:\\\/\\\/hotta.eu\\\/lv\\\/\",\"logo\":{\"@type\":\"ImageObject\",\"inLanguage\":\"lv-LV\",\"@id\":\"https:\\\/\\\/hotta.eu\\\/lv\\\/#\\\/schema\\\/logo\\\/image\\\/\",\"url\":\"https:\\\/\\\/hotta.eu\\\/wp-content\\\/uploads\\\/2025\\\/04\\\/hotta-logo-invoice.png\",\"contentUrl\":\"https:\\\/\\\/hotta.eu\\\/wp-content\\\/uploads\\\/2025\\\/04\\\/hotta-logo-invoice.png\",\"width\":600,\"height\":411,\"caption\":\"Hotta\"},\"image\":{\"@id\":\"https:\\\/\\\/hotta.eu\\\/lv\\\/#\\\/schema\\\/logo\\\/image\\\/\"},\"sameAs\":[\"https:\\\/\\\/www.facebook.com\\\/hotta.eu\",\"https:\\\/\\\/x.com\\\/hottashop\",\"https:\\\/\\\/www.instagram.com\\\/hotta.shop\"]}]}<\/script>\n<!-- \/ Yoast SEO plugin. -->","yoast_head_json":{"title":"Marisquera Black Hot Sauce - Hotta","description":"El Yucateco m\u0113rc\u0113m ir bag\u0101t\u012bga gar\u0161a un m\u0113reni pikanta gar\u0161a. M\u0113rce ar pat\u012bkamu konsistenci, asuma pan\u0101k\u0161anai nav izmantoti ekstrakti.","robots":{"index":"index","follow":"follow","max-snippet":"max-snippet:-1","max-image-preview":"max-image-preview:large","max-video-preview":"max-video-preview:-1"},"canonical":"https:\/\/hotta.eu\/lv\/shop\/marisquera-black-hot-sauce\/","og_locale":"lv_LV","og_type":"article","og_title":"Marisquera Black Hot Sauce - Hotta","og_description":"El Yucateco m\u0113rc\u0113m ir bag\u0101t\u012bga gar\u0161a un m\u0113reni pikanta gar\u0161a. M\u0113rce ar pat\u012bkamu konsistenci, asuma pan\u0101k\u0161anai nav izmantoti ekstrakti.","og_url":"https:\/\/hotta.eu\/lv\/shop\/marisquera-black-hot-sauce\/","og_site_name":"Hotta","article_publisher":"https:\/\/www.facebook.com\/hotta.eu","article_modified_time":"2026-03-12T20:20:09+00:00","og_image":[{"width":930,"height":930,"url":"https:\/\/hotta.eu\/wp-content\/uploads\/2025\/10\/el-yucateco-habanero-black.jpg","type":"image\/jpeg"}],"twitter_card":"summary_large_image","twitter_site":"@hottashop","twitter_misc":{"Est. reading time":"1 minute"},"schema":{"@context":"https:\/\/schema.org","@graph":[{"@type":"WebPage","@id":"https:\/\/hotta.eu\/lv\/shop\/marisquera-black-hot-sauce\/","url":"https:\/\/hotta.eu\/lv\/shop\/marisquera-black-hot-sauce\/","name":"Marisquera Black Hot Sauce - Hotta","isPartOf":{"@id":"https:\/\/hotta.eu\/lv\/#website"},"primaryImageOfPage":{"@id":"https:\/\/hotta.eu\/lv\/shop\/marisquera-black-hot-sauce\/#primaryimage"},"image":{"@id":"https:\/\/hotta.eu\/lv\/shop\/marisquera-black-hot-sauce\/#primaryimage"},"thumbnailUrl":"https:\/\/hotta.eu\/wp-content\/uploads\/2025\/10\/el-yucateco-habanero-black.jpg","datePublished":"2025-10-30T12:55:45+00:00","dateModified":"2026-03-12T20:20:09+00:00","description":"El Yucateco m\u0113rc\u0113m ir bag\u0101t\u012bga gar\u0161a un m\u0113reni pikanta gar\u0161a. M\u0113rce ar pat\u012bkamu konsistenci, asuma pan\u0101k\u0161anai nav izmantoti ekstrakti.","breadcrumb":{"@id":"https:\/\/hotta.eu\/lv\/shop\/marisquera-black-hot-sauce\/#breadcrumb"},"inLanguage":"lv-LV","potentialAction":[{"@type":"ReadAction","target":["https:\/\/hotta.eu\/lv\/shop\/marisquera-black-hot-sauce\/"]}]},{"@type":"ImageObject","inLanguage":"lv-LV","@id":"https:\/\/hotta.eu\/lv\/shop\/marisquera-black-hot-sauce\/#primaryimage","url":"https:\/\/hotta.eu\/wp-content\/uploads\/2025\/10\/el-yucateco-habanero-black.jpg","contentUrl":"https:\/\/hotta.eu\/wp-content\/uploads\/2025\/10\/el-yucateco-habanero-black.jpg","width":930,"height":930},{"@type":"BreadcrumbList","@id":"https:\/\/hotta.eu\/lv\/shop\/marisquera-black-hot-sauce\/#breadcrumb","itemListElement":[{"@type":"ListItem","position":1,"name":"S\u0101kums","item":"https:\/\/hotta.eu\/lv\/sakumlapa\/"},{"@type":"ListItem","position":2,"name":"Veikals","item":"https:\/\/hotta.eu\/lv\/shop\/"},{"@type":"ListItem","position":3,"name":"Marisquera Black Hot Sauce"}]},{"@type":"WebSite","@id":"https:\/\/hotta.eu\/lv\/#website","url":"https:\/\/hotta.eu\/lv\/","name":"Hotta","description":"Makes your mouth burn a lotta!","publisher":{"@id":"https:\/\/hotta.eu\/lv\/#organization"},"potentialAction":[{"@type":"SearchAction","target":{"@type":"EntryPoint","urlTemplate":"https:\/\/hotta.eu\/lv\/?s={search_term_string}"},"query-input":{"@type":"PropertyValueSpecification","valueRequired":true,"valueName":"search_term_string"}}],"inLanguage":"lv-LV"},{"@type":"Organization","@id":"https:\/\/hotta.eu\/lv\/#organization","name":"Hotta","url":"https:\/\/hotta.eu\/lv\/","logo":{"@type":"ImageObject","inLanguage":"lv-LV","@id":"https:\/\/hotta.eu\/lv\/#\/schema\/logo\/image\/","url":"https:\/\/hotta.eu\/wp-content\/uploads\/2025\/04\/hotta-logo-invoice.png","contentUrl":"https:\/\/hotta.eu\/wp-content\/uploads\/2025\/04\/hotta-logo-invoice.png","width":600,"height":411,"caption":"Hotta"},"image":{"@id":"https:\/\/hotta.eu\/lv\/#\/schema\/logo\/image\/"},"sameAs":["https:\/\/www.facebook.com\/hotta.eu","https:\/\/x.com\/hottashop","https:\/\/www.instagram.com\/hotta.shop"]}]}},"jetpack_sharing_enabled":true,"_links":{"self":[{"href":"https:\/\/hotta.eu\/lv\/wp-json\/wp\/v2\/product\/24741","targetHints":{"allow":["GET"]}}],"collection":[{"href":"https:\/\/hotta.eu\/lv\/wp-json\/wp\/v2\/product"}],"about":[{"href":"https:\/\/hotta.eu\/lv\/wp-json\/wp\/v2\/types\/product"}],"replies":[{"embeddable":true,"href":"https:\/\/hotta.eu\/lv\/wp-json\/wp\/v2\/comments?post=24741"}],"wp:featuredmedia":[{"embeddable":true,"href":"https:\/\/hotta.eu\/lv\/wp-json\/wp\/v2\/media\/24719"}],"wp:attachment":[{"href":"https:\/\/hotta.eu\/lv\/wp-json\/wp\/v2\/media?parent=24741"}],"wp:term":[{"taxonomy":"product_cat","embeddable":true,"href":"https:\/\/hotta.eu\/lv\/wp-json\/wp\/v2\/product_cat?post=24741"},{"taxonomy":"product_tag","embeddable":true,"href":"https:\/\/hotta.eu\/lv\/wp-json\/wp\/v2\/product_tag?post=24741"},{"taxonomy":"giftcard-category","embeddable":true,"href":"https:\/\/hotta.eu\/lv\/wp-json\/wp\/v2\/giftcard-category?post=24741"}],"curies":[{"name":"wp","href":"https:\/\/api.w.org\/{rel}","templated":true}]}}