{"id":24967,"date":"2025-11-23T08:59:31","date_gmt":"2025-11-23T06:59:31","guid":{"rendered":"https:\/\/hotta.eu\/?post_type=product&#038;p=24967"},"modified":"2026-03-15T16:13:25","modified_gmt":"2026-03-15T14:13:25","slug":"zuzus-7-pot-sauce","status":"publish","type":"product","link":"https:\/\/hotta.eu\/lv\/shop\/zuzus-7-pot-sauce\/","title":{"rendered":"Zuzu&#8217;s 7-Pot Sauce"},"content":{"rendered":"<p><strong>Sast\u0101vda\u013cas<br \/>\n<\/strong>Sarkan\u0101 paprika, 7-Pot \u010dili biezenis (7-Pot \u010dili pipari, eti\u0137is), \u0137iploki, cukuri (k\u013cavu s\u012brups), eti\u0137is, extra virgin ol\u012bve\u013c\u013ca, sambuka, di\u013c\u013cu s\u0113klas, Ghost \u010dili, j\u016bras s\u0101ls.<\/p>\n<p><strong>Uzturv\u0113rt\u012bba (5 ml)<br \/>\n<\/strong>Ener\u0123\u0113tisk\u0101 v\u0113rt\u012bba 10 kcal (42 kJ), tauki 0,4 g, no kuriem pies\u0101tin\u0101t\u0101s tauksk\u0101bes 0,1 g, og\u013chidr\u0101ti 1 g, no kuriem cukuri 1 g, olbaltumvielas 0,1 g, s\u0101ls 0,01 g, k\u0101lijs 10 mg.<\/p>\n<p><strong>Der\u012bguma termi\u0146\u0161 un uzglab\u0101\u0161ana<\/strong><br \/>\nDer\u012bguma termi\u0146\u0161 uz pudeles attiecas uz neatv\u0113rtiem produktiem. Atv\u0113rtu produktu j\u0101uzglab\u0101 ledusskap\u012b.<\/p>\n","protected":false},"excerpt":{"rendered":"<p>\u0160\u012b m\u0113rce apvieno 7-Pot \u010dili intens\u012bvo asumu ar sarkan\u0101s paprikas saldumu, radot sp\u0113c\u012bgu, bet l\u012bdzsvarotu gar\u0161as profilu. Sambuka pievieno vieglu lakricas noti, ko papildina di\u013c\u013cu s\u0113klas un \u0137iploku umami raksturs. K\u013cavu s\u012brupa vieglais saldums pilnveido rezult\u0101tu un izce\u013c gar\u0161u harmoniju. Asa un \u012bpa\u0161a rakstura m\u0113rce, kas lieliski sader ar pastu, picu, saut\u0113jumiem un vistas sp\u0101rniem.<br \/>\n[ywcwtl_form product_id=\"\"]<\/p>\n","protected":false},"featured_media":24972,"comment_status":"open","ping_status":"closed","template":"","meta":[],"product_cat":[926,920,916],"product_tag":[],"giftcard-category":[],"class_list":{"0":"post-24967","1":"product","2":"type-product","3":"status-publish","4":"has-post-thumbnail","6":"product_cat-ass","7":"product_cat-hot-ones-lv","8":"product_cat-merces","9":"pa_brand-dawsons-hot-sauce","11":"first","12":"instock","13":"taxable","14":"shipping-taxable","15":"purchasable","16":"product-type-simple"},"yoast_head":"<!-- This site is optimized with the Yoast SEO plugin v27.3 - https:\/\/yoast.com\/product\/yoast-seo-wordpress\/ -->\n<title>Zuzu&#039;s 7-Pot Sauce - Hotta<\/title>\n<meta name=\"description\" content=\"\u0160\u012b Dawson&#039;s Hot Sauce m\u0113rce apvieno 7-Pot \u010dili intens\u012bvo asumu ar sarkan\u0101s paprikas saldumu, radot sp\u0113c\u012bgu, bet l\u012bdzsvarotu gar\u0161as profilu.\" \/>\n<meta name=\"robots\" content=\"index, follow, max-snippet:-1, max-image-preview:large, max-video-preview:-1\" \/>\n<link rel=\"canonical\" href=\"https:\/\/hotta.eu\/lv\/shop\/zuzus-7-pot-sauce\/\" \/>\n<meta property=\"og:locale\" content=\"lv_LV\" \/>\n<meta property=\"og:type\" content=\"article\" \/>\n<meta property=\"og:title\" content=\"Zuzu&#039;s 7-Pot Sauce - Hotta\" \/>\n<meta property=\"og:description\" content=\"\u0160\u012b Dawson&#039;s Hot Sauce m\u0113rce apvieno 7-Pot \u010dili intens\u012bvo asumu ar sarkan\u0101s paprikas saldumu, radot sp\u0113c\u012bgu, bet l\u012bdzsvarotu gar\u0161as profilu.\" \/>\n<meta property=\"og:url\" content=\"https:\/\/hotta.eu\/lv\/shop\/zuzus-7-pot-sauce\/\" \/>\n<meta property=\"og:site_name\" content=\"Hotta\" \/>\n<meta property=\"article:publisher\" content=\"https:\/\/www.facebook.com\/hotta.eu\" \/>\n<meta property=\"article:modified_time\" content=\"2026-03-15T14:13:25+00:00\" \/>\n<meta property=\"og:image\" content=\"https:\/\/hotta.eu\/wp-content\/uploads\/2025\/11\/dawsons-zuzu-7-pot.jpg\" \/>\n\t<meta property=\"og:image:width\" content=\"1215\" \/>\n\t<meta property=\"og:image:height\" content=\"1216\" \/>\n\t<meta property=\"og:image:type\" content=\"image\/jpeg\" \/>\n<meta name=\"twitter:card\" content=\"summary_large_image\" \/>\n<meta name=\"twitter:site\" content=\"@hottashop\" \/>\n<meta name=\"twitter:label1\" content=\"Est. reading time\" \/>\n\t<meta name=\"twitter:data1\" content=\"1 minute\" \/>\n<script type=\"application\/ld+json\" class=\"yoast-schema-graph\">{\"@context\":\"https:\\\/\\\/schema.org\",\"@graph\":[{\"@type\":\"WebPage\",\"@id\":\"https:\\\/\\\/hotta.eu\\\/lv\\\/shop\\\/zuzus-7-pot-sauce\\\/\",\"url\":\"https:\\\/\\\/hotta.eu\\\/lv\\\/shop\\\/zuzus-7-pot-sauce\\\/\",\"name\":\"Zuzu's 7-Pot Sauce - Hotta\",\"isPartOf\":{\"@id\":\"https:\\\/\\\/hotta.eu\\\/lv\\\/#website\"},\"primaryImageOfPage\":{\"@id\":\"https:\\\/\\\/hotta.eu\\\/lv\\\/shop\\\/zuzus-7-pot-sauce\\\/#primaryimage\"},\"image\":{\"@id\":\"https:\\\/\\\/hotta.eu\\\/lv\\\/shop\\\/zuzus-7-pot-sauce\\\/#primaryimage\"},\"thumbnailUrl\":\"https:\\\/\\\/hotta.eu\\\/wp-content\\\/uploads\\\/2025\\\/11\\\/dawsons-zuzu-7-pot.jpg\",\"datePublished\":\"2025-11-23T06:59:31+00:00\",\"dateModified\":\"2026-03-15T14:13:25+00:00\",\"description\":\"\u0160\u012b Dawson's Hot Sauce m\u0113rce apvieno 7-Pot \u010dili intens\u012bvo asumu ar sarkan\u0101s paprikas saldumu, radot sp\u0113c\u012bgu, bet l\u012bdzsvarotu gar\u0161as profilu.\",\"breadcrumb\":{\"@id\":\"https:\\\/\\\/hotta.eu\\\/lv\\\/shop\\\/zuzus-7-pot-sauce\\\/#breadcrumb\"},\"inLanguage\":\"lv-LV\",\"potentialAction\":[{\"@type\":\"ReadAction\",\"target\":[\"https:\\\/\\\/hotta.eu\\\/lv\\\/shop\\\/zuzus-7-pot-sauce\\\/\"]}]},{\"@type\":\"ImageObject\",\"inLanguage\":\"lv-LV\",\"@id\":\"https:\\\/\\\/hotta.eu\\\/lv\\\/shop\\\/zuzus-7-pot-sauce\\\/#primaryimage\",\"url\":\"https:\\\/\\\/hotta.eu\\\/wp-content\\\/uploads\\\/2025\\\/11\\\/dawsons-zuzu-7-pot.jpg\",\"contentUrl\":\"https:\\\/\\\/hotta.eu\\\/wp-content\\\/uploads\\\/2025\\\/11\\\/dawsons-zuzu-7-pot.jpg\",\"width\":1215,\"height\":1216},{\"@type\":\"BreadcrumbList\",\"@id\":\"https:\\\/\\\/hotta.eu\\\/lv\\\/shop\\\/zuzus-7-pot-sauce\\\/#breadcrumb\",\"itemListElement\":[{\"@type\":\"ListItem\",\"position\":1,\"name\":\"S\u0101kums\",\"item\":\"https:\\\/\\\/hotta.eu\\\/lv\\\/sakumlapa\\\/\"},{\"@type\":\"ListItem\",\"position\":2,\"name\":\"Veikals\",\"item\":\"https:\\\/\\\/hotta.eu\\\/lv\\\/shop\\\/\"},{\"@type\":\"ListItem\",\"position\":3,\"name\":\"Zuzu&#8217;s 7-Pot Sauce\"}]},{\"@type\":\"WebSite\",\"@id\":\"https:\\\/\\\/hotta.eu\\\/lv\\\/#website\",\"url\":\"https:\\\/\\\/hotta.eu\\\/lv\\\/\",\"name\":\"Hotta\",\"description\":\"Makes your mouth burn a lotta!\",\"publisher\":{\"@id\":\"https:\\\/\\\/hotta.eu\\\/lv\\\/#organization\"},\"potentialAction\":[{\"@type\":\"SearchAction\",\"target\":{\"@type\":\"EntryPoint\",\"urlTemplate\":\"https:\\\/\\\/hotta.eu\\\/lv\\\/?s={search_term_string}\"},\"query-input\":{\"@type\":\"PropertyValueSpecification\",\"valueRequired\":true,\"valueName\":\"search_term_string\"}}],\"inLanguage\":\"lv-LV\"},{\"@type\":\"Organization\",\"@id\":\"https:\\\/\\\/hotta.eu\\\/lv\\\/#organization\",\"name\":\"Hotta\",\"url\":\"https:\\\/\\\/hotta.eu\\\/lv\\\/\",\"logo\":{\"@type\":\"ImageObject\",\"inLanguage\":\"lv-LV\",\"@id\":\"https:\\\/\\\/hotta.eu\\\/lv\\\/#\\\/schema\\\/logo\\\/image\\\/\",\"url\":\"https:\\\/\\\/hotta.eu\\\/wp-content\\\/uploads\\\/2025\\\/04\\\/hotta-logo-invoice.png\",\"contentUrl\":\"https:\\\/\\\/hotta.eu\\\/wp-content\\\/uploads\\\/2025\\\/04\\\/hotta-logo-invoice.png\",\"width\":600,\"height\":411,\"caption\":\"Hotta\"},\"image\":{\"@id\":\"https:\\\/\\\/hotta.eu\\\/lv\\\/#\\\/schema\\\/logo\\\/image\\\/\"},\"sameAs\":[\"https:\\\/\\\/www.facebook.com\\\/hotta.eu\",\"https:\\\/\\\/x.com\\\/hottashop\",\"https:\\\/\\\/www.instagram.com\\\/hotta.shop\"]}]}<\/script>\n<!-- \/ Yoast SEO plugin. -->","yoast_head_json":{"title":"Zuzu's 7-Pot Sauce - Hotta","description":"\u0160\u012b Dawson's Hot Sauce m\u0113rce apvieno 7-Pot \u010dili intens\u012bvo asumu ar sarkan\u0101s paprikas saldumu, radot sp\u0113c\u012bgu, bet l\u012bdzsvarotu gar\u0161as profilu.","robots":{"index":"index","follow":"follow","max-snippet":"max-snippet:-1","max-image-preview":"max-image-preview:large","max-video-preview":"max-video-preview:-1"},"canonical":"https:\/\/hotta.eu\/lv\/shop\/zuzus-7-pot-sauce\/","og_locale":"lv_LV","og_type":"article","og_title":"Zuzu's 7-Pot Sauce - Hotta","og_description":"\u0160\u012b Dawson's Hot Sauce m\u0113rce apvieno 7-Pot \u010dili intens\u012bvo asumu ar sarkan\u0101s paprikas saldumu, radot sp\u0113c\u012bgu, bet l\u012bdzsvarotu gar\u0161as profilu.","og_url":"https:\/\/hotta.eu\/lv\/shop\/zuzus-7-pot-sauce\/","og_site_name":"Hotta","article_publisher":"https:\/\/www.facebook.com\/hotta.eu","article_modified_time":"2026-03-15T14:13:25+00:00","og_image":[{"width":1215,"height":1216,"url":"https:\/\/hotta.eu\/wp-content\/uploads\/2025\/11\/dawsons-zuzu-7-pot.jpg","type":"image\/jpeg"}],"twitter_card":"summary_large_image","twitter_site":"@hottashop","twitter_misc":{"Est. reading time":"1 minute"},"schema":{"@context":"https:\/\/schema.org","@graph":[{"@type":"WebPage","@id":"https:\/\/hotta.eu\/lv\/shop\/zuzus-7-pot-sauce\/","url":"https:\/\/hotta.eu\/lv\/shop\/zuzus-7-pot-sauce\/","name":"Zuzu's 7-Pot Sauce - Hotta","isPartOf":{"@id":"https:\/\/hotta.eu\/lv\/#website"},"primaryImageOfPage":{"@id":"https:\/\/hotta.eu\/lv\/shop\/zuzus-7-pot-sauce\/#primaryimage"},"image":{"@id":"https:\/\/hotta.eu\/lv\/shop\/zuzus-7-pot-sauce\/#primaryimage"},"thumbnailUrl":"https:\/\/hotta.eu\/wp-content\/uploads\/2025\/11\/dawsons-zuzu-7-pot.jpg","datePublished":"2025-11-23T06:59:31+00:00","dateModified":"2026-03-15T14:13:25+00:00","description":"\u0160\u012b Dawson's Hot Sauce m\u0113rce apvieno 7-Pot \u010dili intens\u012bvo asumu ar sarkan\u0101s paprikas saldumu, radot sp\u0113c\u012bgu, bet l\u012bdzsvarotu gar\u0161as profilu.","breadcrumb":{"@id":"https:\/\/hotta.eu\/lv\/shop\/zuzus-7-pot-sauce\/#breadcrumb"},"inLanguage":"lv-LV","potentialAction":[{"@type":"ReadAction","target":["https:\/\/hotta.eu\/lv\/shop\/zuzus-7-pot-sauce\/"]}]},{"@type":"ImageObject","inLanguage":"lv-LV","@id":"https:\/\/hotta.eu\/lv\/shop\/zuzus-7-pot-sauce\/#primaryimage","url":"https:\/\/hotta.eu\/wp-content\/uploads\/2025\/11\/dawsons-zuzu-7-pot.jpg","contentUrl":"https:\/\/hotta.eu\/wp-content\/uploads\/2025\/11\/dawsons-zuzu-7-pot.jpg","width":1215,"height":1216},{"@type":"BreadcrumbList","@id":"https:\/\/hotta.eu\/lv\/shop\/zuzus-7-pot-sauce\/#breadcrumb","itemListElement":[{"@type":"ListItem","position":1,"name":"S\u0101kums","item":"https:\/\/hotta.eu\/lv\/sakumlapa\/"},{"@type":"ListItem","position":2,"name":"Veikals","item":"https:\/\/hotta.eu\/lv\/shop\/"},{"@type":"ListItem","position":3,"name":"Zuzu&#8217;s 7-Pot Sauce"}]},{"@type":"WebSite","@id":"https:\/\/hotta.eu\/lv\/#website","url":"https:\/\/hotta.eu\/lv\/","name":"Hotta","description":"Makes your mouth burn a lotta!","publisher":{"@id":"https:\/\/hotta.eu\/lv\/#organization"},"potentialAction":[{"@type":"SearchAction","target":{"@type":"EntryPoint","urlTemplate":"https:\/\/hotta.eu\/lv\/?s={search_term_string}"},"query-input":{"@type":"PropertyValueSpecification","valueRequired":true,"valueName":"search_term_string"}}],"inLanguage":"lv-LV"},{"@type":"Organization","@id":"https:\/\/hotta.eu\/lv\/#organization","name":"Hotta","url":"https:\/\/hotta.eu\/lv\/","logo":{"@type":"ImageObject","inLanguage":"lv-LV","@id":"https:\/\/hotta.eu\/lv\/#\/schema\/logo\/image\/","url":"https:\/\/hotta.eu\/wp-content\/uploads\/2025\/04\/hotta-logo-invoice.png","contentUrl":"https:\/\/hotta.eu\/wp-content\/uploads\/2025\/04\/hotta-logo-invoice.png","width":600,"height":411,"caption":"Hotta"},"image":{"@id":"https:\/\/hotta.eu\/lv\/#\/schema\/logo\/image\/"},"sameAs":["https:\/\/www.facebook.com\/hotta.eu","https:\/\/x.com\/hottashop","https:\/\/www.instagram.com\/hotta.shop"]}]}},"jetpack_sharing_enabled":true,"_links":{"self":[{"href":"https:\/\/hotta.eu\/lv\/wp-json\/wp\/v2\/product\/24967","targetHints":{"allow":["GET"]}}],"collection":[{"href":"https:\/\/hotta.eu\/lv\/wp-json\/wp\/v2\/product"}],"about":[{"href":"https:\/\/hotta.eu\/lv\/wp-json\/wp\/v2\/types\/product"}],"replies":[{"embeddable":true,"href":"https:\/\/hotta.eu\/lv\/wp-json\/wp\/v2\/comments?post=24967"}],"wp:featuredmedia":[{"embeddable":true,"href":"https:\/\/hotta.eu\/lv\/wp-json\/wp\/v2\/media\/24972"}],"wp:attachment":[{"href":"https:\/\/hotta.eu\/lv\/wp-json\/wp\/v2\/media?parent=24967"}],"wp:term":[{"taxonomy":"product_cat","embeddable":true,"href":"https:\/\/hotta.eu\/lv\/wp-json\/wp\/v2\/product_cat?post=24967"},{"taxonomy":"product_tag","embeddable":true,"href":"https:\/\/hotta.eu\/lv\/wp-json\/wp\/v2\/product_tag?post=24967"},{"taxonomy":"giftcard-category","embeddable":true,"href":"https:\/\/hotta.eu\/lv\/wp-json\/wp\/v2\/giftcard-category?post=24967"}],"curies":[{"name":"wp","href":"https:\/\/api.w.org\/{rel}","templated":true}]}}