{"id":24986,"date":"2025-11-23T16:30:09","date_gmt":"2025-11-23T14:30:09","guid":{"rendered":"https:\/\/hotta.eu\/?post_type=product&#038;p=24986"},"modified":"2025-12-16T11:30:16","modified_gmt":"2025-12-16T09:30:16","slug":"apple-caraway-sauce","status":"publish","type":"product","link":"https:\/\/hotta.eu\/lv\/shop\/apple-caraway-sauce\/","title":{"rendered":"Apple Caraway Sauce"},"content":{"rendered":"<p><strong>Sast\u0101vda\u013cas<br \/>\n<\/strong>\u010cili pipari, cukuri (\u0101bolu sula, j\u0113lcukurs), eti\u0137is, dateles, habanero biezenis (habanero, eti\u0137is), citrons, \u0137imenes, j\u016bras s\u0101ls.<\/p>\n<p><strong>Uzturv\u0113rt\u012bba (5 ml)<br \/>\n<\/strong>Ener\u0123\u0113tisk\u0101 v\u0113rt\u012bba 3 kcal (13 kJ), og\u013chidr\u0101ti 1 g, no kuriem cukuri 1 g, s\u0101ls 0,02 g, k\u0101lijs 7 mg.<\/p>\n<p><strong>Der\u012bguma termi\u0146\u0161 un uzglab\u0101\u0161ana<\/strong><br \/>\nDer\u012bguma termi\u0146\u0161 uz pudeles attiecas uz neatv\u0113rtiem produktiem. Atv\u0113rtu produktu j\u0101uzglab\u0101 ledusskap\u012b.<\/p>\n","protected":false},"excerpt":{"rendered":"<p>\u0160\u012b m\u0113rce apvieno \u0101bolu sulas dzirksto\u0161o sk\u0101bumu, date\u013cu dabisko saldumu un habanero asumu. \u0136imenes pievieno gar\u0161ai r\u016bgtenu dzi\u013cumu, kas pie\u0161\u0137ir m\u0113rcei vecmod\u012bgu, pikanto raksturu. Rezult\u0101t\u0101 ir vid\u0113ji asa, l\u012bdzsvarota m\u0113rce, kas lieliski der gan rudens zup\u0101m, gan vasaras sal\u0101tiem. Unik\u0101ls gar\u0161as profils, kas izce\u013c gan s\u0101\u013cos, gan sald\u0101kos \u0113dienus.<br \/>\n[ywcwtl_form product_id=\"\"]<\/p>\n","protected":false},"featured_media":24975,"comment_status":"open","ping_status":"closed","template":"","meta":[],"product_cat":[920,916,922],"product_tag":[],"giftcard-category":[],"class_list":{"0":"post-24986","1":"product","2":"type-product","3":"status-publish","4":"has-post-thumbnail","6":"product_cat-hot-ones-lv","7":"product_cat-merces","8":"product_cat-videjs","9":"pa_brand-dawsons-hot-sauce","11":"first","12":"instock","13":"featured","14":"taxable","15":"shipping-taxable","16":"purchasable","17":"product-type-simple"},"yoast_head":"<!-- This site is optimized with the Yoast SEO plugin v27.3 - https:\/\/yoast.com\/product\/yoast-seo-wordpress\/ -->\n<title>Apple Caraway Sauce - Hotta<\/title>\n<meta name=\"description\" content=\"\u0160\u012b m\u0113rce apvieno \u0101bolu sulas dzirksto\u0161o sk\u0101bumu, date\u013cu dabisko saldumu un habanero asumu - rezult\u0101t\u0101 ir vid\u0113ji asa, l\u012bdzsvarota m\u0113rce.\" \/>\n<meta name=\"robots\" content=\"index, follow, max-snippet:-1, max-image-preview:large, max-video-preview:-1\" \/>\n<link rel=\"canonical\" href=\"https:\/\/hotta.eu\/lv\/shop\/apple-caraway-sauce\/\" \/>\n<meta property=\"og:locale\" content=\"lv_LV\" \/>\n<meta property=\"og:type\" content=\"article\" \/>\n<meta property=\"og:title\" content=\"Apple Caraway Sauce - Hotta\" \/>\n<meta property=\"og:description\" content=\"\u0160\u012b m\u0113rce apvieno \u0101bolu sulas dzirksto\u0161o sk\u0101bumu, date\u013cu dabisko saldumu un habanero asumu - rezult\u0101t\u0101 ir vid\u0113ji asa, l\u012bdzsvarota m\u0113rce.\" \/>\n<meta property=\"og:url\" content=\"https:\/\/hotta.eu\/lv\/shop\/apple-caraway-sauce\/\" \/>\n<meta property=\"og:site_name\" content=\"Hotta\" \/>\n<meta property=\"article:publisher\" content=\"https:\/\/www.facebook.com\/hotta.eu\" \/>\n<meta property=\"article:modified_time\" content=\"2025-12-16T09:30:16+00:00\" \/>\n<meta property=\"og:image\" content=\"https:\/\/hotta.eu\/wp-content\/uploads\/2025\/11\/dawsons-apple-caraway.jpg\" \/>\n\t<meta property=\"og:image:width\" content=\"1215\" \/>\n\t<meta property=\"og:image:height\" content=\"1216\" \/>\n\t<meta property=\"og:image:type\" content=\"image\/jpeg\" \/>\n<meta name=\"twitter:card\" content=\"summary_large_image\" \/>\n<meta name=\"twitter:site\" content=\"@hottashop\" \/>\n<meta name=\"twitter:label1\" content=\"Est. reading time\" \/>\n\t<meta name=\"twitter:data1\" content=\"1 minute\" \/>\n<script type=\"application\/ld+json\" class=\"yoast-schema-graph\">{\"@context\":\"https:\\\/\\\/schema.org\",\"@graph\":[{\"@type\":\"WebPage\",\"@id\":\"https:\\\/\\\/hotta.eu\\\/lv\\\/shop\\\/apple-caraway-sauce\\\/\",\"url\":\"https:\\\/\\\/hotta.eu\\\/lv\\\/shop\\\/apple-caraway-sauce\\\/\",\"name\":\"Apple Caraway Sauce - Hotta\",\"isPartOf\":{\"@id\":\"https:\\\/\\\/hotta.eu\\\/lv\\\/#website\"},\"primaryImageOfPage\":{\"@id\":\"https:\\\/\\\/hotta.eu\\\/lv\\\/shop\\\/apple-caraway-sauce\\\/#primaryimage\"},\"image\":{\"@id\":\"https:\\\/\\\/hotta.eu\\\/lv\\\/shop\\\/apple-caraway-sauce\\\/#primaryimage\"},\"thumbnailUrl\":\"https:\\\/\\\/hotta.eu\\\/wp-content\\\/uploads\\\/2025\\\/11\\\/dawsons-apple-caraway.jpg\",\"datePublished\":\"2025-11-23T14:30:09+00:00\",\"dateModified\":\"2025-12-16T09:30:16+00:00\",\"description\":\"\u0160\u012b m\u0113rce apvieno \u0101bolu sulas dzirksto\u0161o sk\u0101bumu, date\u013cu dabisko saldumu un habanero asumu - rezult\u0101t\u0101 ir vid\u0113ji asa, l\u012bdzsvarota m\u0113rce.\",\"breadcrumb\":{\"@id\":\"https:\\\/\\\/hotta.eu\\\/lv\\\/shop\\\/apple-caraway-sauce\\\/#breadcrumb\"},\"inLanguage\":\"lv-LV\",\"potentialAction\":[{\"@type\":\"ReadAction\",\"target\":[\"https:\\\/\\\/hotta.eu\\\/lv\\\/shop\\\/apple-caraway-sauce\\\/\"]}]},{\"@type\":\"ImageObject\",\"inLanguage\":\"lv-LV\",\"@id\":\"https:\\\/\\\/hotta.eu\\\/lv\\\/shop\\\/apple-caraway-sauce\\\/#primaryimage\",\"url\":\"https:\\\/\\\/hotta.eu\\\/wp-content\\\/uploads\\\/2025\\\/11\\\/dawsons-apple-caraway.jpg\",\"contentUrl\":\"https:\\\/\\\/hotta.eu\\\/wp-content\\\/uploads\\\/2025\\\/11\\\/dawsons-apple-caraway.jpg\",\"width\":1215,\"height\":1216},{\"@type\":\"BreadcrumbList\",\"@id\":\"https:\\\/\\\/hotta.eu\\\/lv\\\/shop\\\/apple-caraway-sauce\\\/#breadcrumb\",\"itemListElement\":[{\"@type\":\"ListItem\",\"position\":1,\"name\":\"S\u0101kums\",\"item\":\"https:\\\/\\\/hotta.eu\\\/lv\\\/sakumlapa\\\/\"},{\"@type\":\"ListItem\",\"position\":2,\"name\":\"Veikals\",\"item\":\"https:\\\/\\\/hotta.eu\\\/lv\\\/shop\\\/\"},{\"@type\":\"ListItem\",\"position\":3,\"name\":\"Apple Caraway Sauce\"}]},{\"@type\":\"WebSite\",\"@id\":\"https:\\\/\\\/hotta.eu\\\/lv\\\/#website\",\"url\":\"https:\\\/\\\/hotta.eu\\\/lv\\\/\",\"name\":\"Hotta\",\"description\":\"Makes your mouth burn a lotta!\",\"publisher\":{\"@id\":\"https:\\\/\\\/hotta.eu\\\/lv\\\/#organization\"},\"potentialAction\":[{\"@type\":\"SearchAction\",\"target\":{\"@type\":\"EntryPoint\",\"urlTemplate\":\"https:\\\/\\\/hotta.eu\\\/lv\\\/?s={search_term_string}\"},\"query-input\":{\"@type\":\"PropertyValueSpecification\",\"valueRequired\":true,\"valueName\":\"search_term_string\"}}],\"inLanguage\":\"lv-LV\"},{\"@type\":\"Organization\",\"@id\":\"https:\\\/\\\/hotta.eu\\\/lv\\\/#organization\",\"name\":\"Hotta\",\"url\":\"https:\\\/\\\/hotta.eu\\\/lv\\\/\",\"logo\":{\"@type\":\"ImageObject\",\"inLanguage\":\"lv-LV\",\"@id\":\"https:\\\/\\\/hotta.eu\\\/lv\\\/#\\\/schema\\\/logo\\\/image\\\/\",\"url\":\"https:\\\/\\\/hotta.eu\\\/wp-content\\\/uploads\\\/2025\\\/04\\\/hotta-logo-invoice.png\",\"contentUrl\":\"https:\\\/\\\/hotta.eu\\\/wp-content\\\/uploads\\\/2025\\\/04\\\/hotta-logo-invoice.png\",\"width\":600,\"height\":411,\"caption\":\"Hotta\"},\"image\":{\"@id\":\"https:\\\/\\\/hotta.eu\\\/lv\\\/#\\\/schema\\\/logo\\\/image\\\/\"},\"sameAs\":[\"https:\\\/\\\/www.facebook.com\\\/hotta.eu\",\"https:\\\/\\\/x.com\\\/hottashop\",\"https:\\\/\\\/www.instagram.com\\\/hotta.shop\"]}]}<\/script>\n<!-- \/ Yoast SEO plugin. -->","yoast_head_json":{"title":"Apple Caraway Sauce - Hotta","description":"\u0160\u012b m\u0113rce apvieno \u0101bolu sulas dzirksto\u0161o sk\u0101bumu, date\u013cu dabisko saldumu un habanero asumu - rezult\u0101t\u0101 ir vid\u0113ji asa, l\u012bdzsvarota m\u0113rce.","robots":{"index":"index","follow":"follow","max-snippet":"max-snippet:-1","max-image-preview":"max-image-preview:large","max-video-preview":"max-video-preview:-1"},"canonical":"https:\/\/hotta.eu\/lv\/shop\/apple-caraway-sauce\/","og_locale":"lv_LV","og_type":"article","og_title":"Apple Caraway Sauce - Hotta","og_description":"\u0160\u012b m\u0113rce apvieno \u0101bolu sulas dzirksto\u0161o sk\u0101bumu, date\u013cu dabisko saldumu un habanero asumu - rezult\u0101t\u0101 ir vid\u0113ji asa, l\u012bdzsvarota m\u0113rce.","og_url":"https:\/\/hotta.eu\/lv\/shop\/apple-caraway-sauce\/","og_site_name":"Hotta","article_publisher":"https:\/\/www.facebook.com\/hotta.eu","article_modified_time":"2025-12-16T09:30:16+00:00","og_image":[{"width":1215,"height":1216,"url":"https:\/\/hotta.eu\/wp-content\/uploads\/2025\/11\/dawsons-apple-caraway.jpg","type":"image\/jpeg"}],"twitter_card":"summary_large_image","twitter_site":"@hottashop","twitter_misc":{"Est. reading time":"1 minute"},"schema":{"@context":"https:\/\/schema.org","@graph":[{"@type":"WebPage","@id":"https:\/\/hotta.eu\/lv\/shop\/apple-caraway-sauce\/","url":"https:\/\/hotta.eu\/lv\/shop\/apple-caraway-sauce\/","name":"Apple Caraway Sauce - Hotta","isPartOf":{"@id":"https:\/\/hotta.eu\/lv\/#website"},"primaryImageOfPage":{"@id":"https:\/\/hotta.eu\/lv\/shop\/apple-caraway-sauce\/#primaryimage"},"image":{"@id":"https:\/\/hotta.eu\/lv\/shop\/apple-caraway-sauce\/#primaryimage"},"thumbnailUrl":"https:\/\/hotta.eu\/wp-content\/uploads\/2025\/11\/dawsons-apple-caraway.jpg","datePublished":"2025-11-23T14:30:09+00:00","dateModified":"2025-12-16T09:30:16+00:00","description":"\u0160\u012b m\u0113rce apvieno \u0101bolu sulas dzirksto\u0161o sk\u0101bumu, date\u013cu dabisko saldumu un habanero asumu - rezult\u0101t\u0101 ir vid\u0113ji asa, l\u012bdzsvarota m\u0113rce.","breadcrumb":{"@id":"https:\/\/hotta.eu\/lv\/shop\/apple-caraway-sauce\/#breadcrumb"},"inLanguage":"lv-LV","potentialAction":[{"@type":"ReadAction","target":["https:\/\/hotta.eu\/lv\/shop\/apple-caraway-sauce\/"]}]},{"@type":"ImageObject","inLanguage":"lv-LV","@id":"https:\/\/hotta.eu\/lv\/shop\/apple-caraway-sauce\/#primaryimage","url":"https:\/\/hotta.eu\/wp-content\/uploads\/2025\/11\/dawsons-apple-caraway.jpg","contentUrl":"https:\/\/hotta.eu\/wp-content\/uploads\/2025\/11\/dawsons-apple-caraway.jpg","width":1215,"height":1216},{"@type":"BreadcrumbList","@id":"https:\/\/hotta.eu\/lv\/shop\/apple-caraway-sauce\/#breadcrumb","itemListElement":[{"@type":"ListItem","position":1,"name":"S\u0101kums","item":"https:\/\/hotta.eu\/lv\/sakumlapa\/"},{"@type":"ListItem","position":2,"name":"Veikals","item":"https:\/\/hotta.eu\/lv\/shop\/"},{"@type":"ListItem","position":3,"name":"Apple Caraway Sauce"}]},{"@type":"WebSite","@id":"https:\/\/hotta.eu\/lv\/#website","url":"https:\/\/hotta.eu\/lv\/","name":"Hotta","description":"Makes your mouth burn a lotta!","publisher":{"@id":"https:\/\/hotta.eu\/lv\/#organization"},"potentialAction":[{"@type":"SearchAction","target":{"@type":"EntryPoint","urlTemplate":"https:\/\/hotta.eu\/lv\/?s={search_term_string}"},"query-input":{"@type":"PropertyValueSpecification","valueRequired":true,"valueName":"search_term_string"}}],"inLanguage":"lv-LV"},{"@type":"Organization","@id":"https:\/\/hotta.eu\/lv\/#organization","name":"Hotta","url":"https:\/\/hotta.eu\/lv\/","logo":{"@type":"ImageObject","inLanguage":"lv-LV","@id":"https:\/\/hotta.eu\/lv\/#\/schema\/logo\/image\/","url":"https:\/\/hotta.eu\/wp-content\/uploads\/2025\/04\/hotta-logo-invoice.png","contentUrl":"https:\/\/hotta.eu\/wp-content\/uploads\/2025\/04\/hotta-logo-invoice.png","width":600,"height":411,"caption":"Hotta"},"image":{"@id":"https:\/\/hotta.eu\/lv\/#\/schema\/logo\/image\/"},"sameAs":["https:\/\/www.facebook.com\/hotta.eu","https:\/\/x.com\/hottashop","https:\/\/www.instagram.com\/hotta.shop"]}]}},"jetpack_sharing_enabled":true,"_links":{"self":[{"href":"https:\/\/hotta.eu\/lv\/wp-json\/wp\/v2\/product\/24986","targetHints":{"allow":["GET"]}}],"collection":[{"href":"https:\/\/hotta.eu\/lv\/wp-json\/wp\/v2\/product"}],"about":[{"href":"https:\/\/hotta.eu\/lv\/wp-json\/wp\/v2\/types\/product"}],"replies":[{"embeddable":true,"href":"https:\/\/hotta.eu\/lv\/wp-json\/wp\/v2\/comments?post=24986"}],"wp:featuredmedia":[{"embeddable":true,"href":"https:\/\/hotta.eu\/lv\/wp-json\/wp\/v2\/media\/24975"}],"wp:attachment":[{"href":"https:\/\/hotta.eu\/lv\/wp-json\/wp\/v2\/media?parent=24986"}],"wp:term":[{"taxonomy":"product_cat","embeddable":true,"href":"https:\/\/hotta.eu\/lv\/wp-json\/wp\/v2\/product_cat?post=24986"},{"taxonomy":"product_tag","embeddable":true,"href":"https:\/\/hotta.eu\/lv\/wp-json\/wp\/v2\/product_tag?post=24986"},{"taxonomy":"giftcard-category","embeddable":true,"href":"https:\/\/hotta.eu\/lv\/wp-json\/wp\/v2\/giftcard-category?post=24986"}],"curies":[{"name":"wp","href":"https:\/\/api.w.org\/{rel}","templated":true}]}}