{"id":25035,"date":"2025-11-30T13:34:49","date_gmt":"2025-11-30T11:34:49","guid":{"rendered":"https:\/\/hotta.eu\/?post_type=product&#038;p=25035"},"modified":"2026-03-06T10:10:10","modified_gmt":"2026-03-06T08:10:10","slug":"bumblefked-hot-sauce-no-extract","status":"publish","type":"product","link":"https:\/\/hotta.eu\/lv\/shop\/bumblefked-hot-sauce-no-extract\/","title":{"rendered":"Bumblef**ked Hot Sauce (No Extract)"},"content":{"rendered":"<p><strong>Sast\u0101vda\u013cas<\/strong><br \/>\nDestil\u0113ts eti\u0137sk\u0101be, oran\u017e\u0101 habanero, \u010dili biezenis, tropiskais sal\u0101ts (anan\u0101ss, sarkan\u0101 un dzelten\u0101 papaja, guavas, \u016bdens, cukurs, pasifloras sula, citronu sk\u0101be), tom\u0101tu pasta, <strong>sinepes<\/strong>, medus un <strong>sinepu m\u0113rce<\/strong>, eti\u0137sk\u0101be, <strong>olas dzeltenums<\/strong>, medus, Monster Energy Drink (g\u0101z\u0113ts \u016bdens, cukurs, glikoze, citronu sk\u0101be, dab\u012bgas aromas, taur\u012bns, n\u0101trija citr\u0101ts, kr\u0101svielas, \u017ee\u0146\u0161e\u0146a ekstrakts, L-karnit\u012bns, L-tartr\u0101ts, kofe\u012bns, sorba sk\u0101be, benzojas sk\u0101be, niac\u012bnam\u012bds (B3 vitam\u012bns), sukraloze, s\u0101ls, D-gliukuronolaktons, inozitols, guaranas ekstrakts, piridoks\u012bna hidrohlor\u012bds (B6 vitam\u012bns), riboflav\u012bns (B2 vitam\u012bns), maltodekstr\u012bns, cianokobalam\u012bns (B12 vitam\u012bns), ingvera sakne, koriandrs).<\/p>\n<p><strong>Uzturv\u0113rt\u012bba (5 ml)<br \/>\n<\/strong> N\u0101trijs 45 mg.<\/p>\n<p><strong>Der\u012bguma termi\u0146\u0161 un uzglab\u0101\u0161ana<\/strong><br \/>\nDer\u012bguma termi\u0146\u0161 uz pudeles attiecas uz neatv\u0113rtiem produktiem. Atv\u0113rtu produktu j\u0101uzglab\u0101 ledusskap\u012b.<\/p>\n","protected":false},"excerpt":{"rendered":"<p>Bumblefoot&#8217;s Bumblef**ked, bet bez ekstrakta. <em>\u012a<\/em>pa\u0161a partija, kur\u0101 ir aizmirsts pievienot \u012bpa\u0161i asu \u010dili ekstraktu. Rezult\u0101t\u0101 ir Bumblef**ked m\u0113rces versija, kas ir gar\u0161\u012bga un vid\u0113ji asa. Guns N&#8217; Roses \u0123it\u0101ristam velt\u012bto m\u0113rci raksturo aizraujo\u0161a \u017ee\u0146\u0161e\u0146a, kofe\u012bna un ingvera kombin\u0101cija.<br \/>\n[ywcwtl_form product_id=\"\"]<\/p>\n","protected":false},"featured_media":15931,"comment_status":"open","ping_status":"closed","template":"","meta":[],"product_cat":[916,922],"product_tag":[],"giftcard-category":[],"class_list":{"0":"post-25035","1":"product","2":"type-product","3":"status-publish","4":"has-post-thumbnail","6":"product_cat-merces","7":"product_cat-videjs","8":"pa_brand-bumblefoots-hot-sauces","10":"first","11":"instock","12":"taxable","13":"shipping-taxable","14":"purchasable","15":"product-type-simple"},"yoast_head":"<!-- This site is optimized with the Yoast SEO plugin v27.3 - https:\/\/yoast.com\/product\/yoast-seo-wordpress\/ -->\n<title>Bumblef**ked Hot Sauce (No Extract) - Hotta<\/title>\n<meta name=\"description\" content=\"Bumblefoot&#039;s Bumblef**ked, bet bez ekstrakta. \u012apa\u0161a partija, kur\u0101 ir aizmirsts pievienot \u012bpa\u0161i asu \u010dili ekstraktu.\" \/>\n<meta name=\"robots\" content=\"index, follow, max-snippet:-1, max-image-preview:large, max-video-preview:-1\" \/>\n<link rel=\"canonical\" href=\"https:\/\/hotta.eu\/lv\/shop\/bumblefked-hot-sauce-no-extract\/\" \/>\n<meta property=\"og:locale\" content=\"lv_LV\" \/>\n<meta property=\"og:type\" content=\"article\" \/>\n<meta property=\"og:title\" content=\"Bumblef**ked Hot Sauce (No Extract) - Hotta\" \/>\n<meta property=\"og:description\" content=\"Bumblefoot&#039;s Bumblef**ked, bet bez ekstrakta. \u012apa\u0161a partija, kur\u0101 ir aizmirsts pievienot \u012bpa\u0161i asu \u010dili ekstraktu.\" \/>\n<meta property=\"og:url\" content=\"https:\/\/hotta.eu\/lv\/shop\/bumblefked-hot-sauce-no-extract\/\" \/>\n<meta property=\"og:site_name\" content=\"Hotta\" \/>\n<meta property=\"article:publisher\" content=\"https:\/\/www.facebook.com\/hotta.eu\" \/>\n<meta property=\"article:modified_time\" content=\"2026-03-06T08:10:10+00:00\" \/>\n<meta property=\"og:image\" content=\"https:\/\/hotta.eu\/wp-content\/uploads\/2024\/03\/IMG_3717a.jpg\" \/>\n\t<meta property=\"og:image:width\" content=\"1000\" \/>\n\t<meta property=\"og:image:height\" content=\"1000\" \/>\n\t<meta property=\"og:image:type\" content=\"image\/jpeg\" \/>\n<meta name=\"twitter:card\" content=\"summary_large_image\" \/>\n<meta name=\"twitter:site\" content=\"@hottashop\" \/>\n<meta name=\"twitter:label1\" content=\"Est. reading time\" \/>\n\t<meta name=\"twitter:data1\" content=\"1 minute\" \/>\n<script type=\"application\/ld+json\" class=\"yoast-schema-graph\">{\"@context\":\"https:\\\/\\\/schema.org\",\"@graph\":[{\"@type\":\"WebPage\",\"@id\":\"https:\\\/\\\/hotta.eu\\\/lv\\\/shop\\\/bumblefked-hot-sauce-no-extract\\\/\",\"url\":\"https:\\\/\\\/hotta.eu\\\/lv\\\/shop\\\/bumblefked-hot-sauce-no-extract\\\/\",\"name\":\"Bumblef**ked Hot Sauce (No Extract) - Hotta\",\"isPartOf\":{\"@id\":\"https:\\\/\\\/hotta.eu\\\/lv\\\/#website\"},\"primaryImageOfPage\":{\"@id\":\"https:\\\/\\\/hotta.eu\\\/lv\\\/shop\\\/bumblefked-hot-sauce-no-extract\\\/#primaryimage\"},\"image\":{\"@id\":\"https:\\\/\\\/hotta.eu\\\/lv\\\/shop\\\/bumblefked-hot-sauce-no-extract\\\/#primaryimage\"},\"thumbnailUrl\":\"https:\\\/\\\/hotta.eu\\\/wp-content\\\/uploads\\\/2024\\\/03\\\/IMG_3717a.jpg\",\"datePublished\":\"2025-11-30T11:34:49+00:00\",\"dateModified\":\"2026-03-06T08:10:10+00:00\",\"description\":\"Bumblefoot's Bumblef**ked, bet bez ekstrakta. \u012apa\u0161a partija, kur\u0101 ir aizmirsts pievienot \u012bpa\u0161i asu \u010dili ekstraktu.\",\"breadcrumb\":{\"@id\":\"https:\\\/\\\/hotta.eu\\\/lv\\\/shop\\\/bumblefked-hot-sauce-no-extract\\\/#breadcrumb\"},\"inLanguage\":\"lv-LV\",\"potentialAction\":[{\"@type\":\"ReadAction\",\"target\":[\"https:\\\/\\\/hotta.eu\\\/lv\\\/shop\\\/bumblefked-hot-sauce-no-extract\\\/\"]}]},{\"@type\":\"ImageObject\",\"inLanguage\":\"lv-LV\",\"@id\":\"https:\\\/\\\/hotta.eu\\\/lv\\\/shop\\\/bumblefked-hot-sauce-no-extract\\\/#primaryimage\",\"url\":\"https:\\\/\\\/hotta.eu\\\/wp-content\\\/uploads\\\/2024\\\/03\\\/IMG_3717a.jpg\",\"contentUrl\":\"https:\\\/\\\/hotta.eu\\\/wp-content\\\/uploads\\\/2024\\\/03\\\/IMG_3717a.jpg\",\"width\":1000,\"height\":1000},{\"@type\":\"BreadcrumbList\",\"@id\":\"https:\\\/\\\/hotta.eu\\\/lv\\\/shop\\\/bumblefked-hot-sauce-no-extract\\\/#breadcrumb\",\"itemListElement\":[{\"@type\":\"ListItem\",\"position\":1,\"name\":\"S\u0101kums\",\"item\":\"https:\\\/\\\/hotta.eu\\\/lv\\\/sakumlapa\\\/\"},{\"@type\":\"ListItem\",\"position\":2,\"name\":\"Veikals\",\"item\":\"https:\\\/\\\/hotta.eu\\\/lv\\\/shop\\\/\"},{\"@type\":\"ListItem\",\"position\":3,\"name\":\"Bumblef**ked Hot Sauce (No Extract)\"}]},{\"@type\":\"WebSite\",\"@id\":\"https:\\\/\\\/hotta.eu\\\/lv\\\/#website\",\"url\":\"https:\\\/\\\/hotta.eu\\\/lv\\\/\",\"name\":\"Hotta\",\"description\":\"Makes your mouth burn a lotta!\",\"publisher\":{\"@id\":\"https:\\\/\\\/hotta.eu\\\/lv\\\/#organization\"},\"potentialAction\":[{\"@type\":\"SearchAction\",\"target\":{\"@type\":\"EntryPoint\",\"urlTemplate\":\"https:\\\/\\\/hotta.eu\\\/lv\\\/?s={search_term_string}\"},\"query-input\":{\"@type\":\"PropertyValueSpecification\",\"valueRequired\":true,\"valueName\":\"search_term_string\"}}],\"inLanguage\":\"lv-LV\"},{\"@type\":\"Organization\",\"@id\":\"https:\\\/\\\/hotta.eu\\\/lv\\\/#organization\",\"name\":\"Hotta\",\"url\":\"https:\\\/\\\/hotta.eu\\\/lv\\\/\",\"logo\":{\"@type\":\"ImageObject\",\"inLanguage\":\"lv-LV\",\"@id\":\"https:\\\/\\\/hotta.eu\\\/lv\\\/#\\\/schema\\\/logo\\\/image\\\/\",\"url\":\"https:\\\/\\\/hotta.eu\\\/wp-content\\\/uploads\\\/2025\\\/04\\\/hotta-logo-invoice.png\",\"contentUrl\":\"https:\\\/\\\/hotta.eu\\\/wp-content\\\/uploads\\\/2025\\\/04\\\/hotta-logo-invoice.png\",\"width\":600,\"height\":411,\"caption\":\"Hotta\"},\"image\":{\"@id\":\"https:\\\/\\\/hotta.eu\\\/lv\\\/#\\\/schema\\\/logo\\\/image\\\/\"},\"sameAs\":[\"https:\\\/\\\/www.facebook.com\\\/hotta.eu\",\"https:\\\/\\\/x.com\\\/hottashop\",\"https:\\\/\\\/www.instagram.com\\\/hotta.shop\"]}]}<\/script>\n<!-- \/ Yoast SEO plugin. -->","yoast_head_json":{"title":"Bumblef**ked Hot Sauce (No Extract) - Hotta","description":"Bumblefoot's Bumblef**ked, bet bez ekstrakta. \u012apa\u0161a partija, kur\u0101 ir aizmirsts pievienot \u012bpa\u0161i asu \u010dili ekstraktu.","robots":{"index":"index","follow":"follow","max-snippet":"max-snippet:-1","max-image-preview":"max-image-preview:large","max-video-preview":"max-video-preview:-1"},"canonical":"https:\/\/hotta.eu\/lv\/shop\/bumblefked-hot-sauce-no-extract\/","og_locale":"lv_LV","og_type":"article","og_title":"Bumblef**ked Hot Sauce (No Extract) - Hotta","og_description":"Bumblefoot's Bumblef**ked, bet bez ekstrakta. \u012apa\u0161a partija, kur\u0101 ir aizmirsts pievienot \u012bpa\u0161i asu \u010dili ekstraktu.","og_url":"https:\/\/hotta.eu\/lv\/shop\/bumblefked-hot-sauce-no-extract\/","og_site_name":"Hotta","article_publisher":"https:\/\/www.facebook.com\/hotta.eu","article_modified_time":"2026-03-06T08:10:10+00:00","og_image":[{"width":1000,"height":1000,"url":"https:\/\/hotta.eu\/wp-content\/uploads\/2024\/03\/IMG_3717a.jpg","type":"image\/jpeg"}],"twitter_card":"summary_large_image","twitter_site":"@hottashop","twitter_misc":{"Est. reading time":"1 minute"},"schema":{"@context":"https:\/\/schema.org","@graph":[{"@type":"WebPage","@id":"https:\/\/hotta.eu\/lv\/shop\/bumblefked-hot-sauce-no-extract\/","url":"https:\/\/hotta.eu\/lv\/shop\/bumblefked-hot-sauce-no-extract\/","name":"Bumblef**ked Hot Sauce (No Extract) - Hotta","isPartOf":{"@id":"https:\/\/hotta.eu\/lv\/#website"},"primaryImageOfPage":{"@id":"https:\/\/hotta.eu\/lv\/shop\/bumblefked-hot-sauce-no-extract\/#primaryimage"},"image":{"@id":"https:\/\/hotta.eu\/lv\/shop\/bumblefked-hot-sauce-no-extract\/#primaryimage"},"thumbnailUrl":"https:\/\/hotta.eu\/wp-content\/uploads\/2024\/03\/IMG_3717a.jpg","datePublished":"2025-11-30T11:34:49+00:00","dateModified":"2026-03-06T08:10:10+00:00","description":"Bumblefoot's Bumblef**ked, bet bez ekstrakta. \u012apa\u0161a partija, kur\u0101 ir aizmirsts pievienot \u012bpa\u0161i asu \u010dili ekstraktu.","breadcrumb":{"@id":"https:\/\/hotta.eu\/lv\/shop\/bumblefked-hot-sauce-no-extract\/#breadcrumb"},"inLanguage":"lv-LV","potentialAction":[{"@type":"ReadAction","target":["https:\/\/hotta.eu\/lv\/shop\/bumblefked-hot-sauce-no-extract\/"]}]},{"@type":"ImageObject","inLanguage":"lv-LV","@id":"https:\/\/hotta.eu\/lv\/shop\/bumblefked-hot-sauce-no-extract\/#primaryimage","url":"https:\/\/hotta.eu\/wp-content\/uploads\/2024\/03\/IMG_3717a.jpg","contentUrl":"https:\/\/hotta.eu\/wp-content\/uploads\/2024\/03\/IMG_3717a.jpg","width":1000,"height":1000},{"@type":"BreadcrumbList","@id":"https:\/\/hotta.eu\/lv\/shop\/bumblefked-hot-sauce-no-extract\/#breadcrumb","itemListElement":[{"@type":"ListItem","position":1,"name":"S\u0101kums","item":"https:\/\/hotta.eu\/lv\/sakumlapa\/"},{"@type":"ListItem","position":2,"name":"Veikals","item":"https:\/\/hotta.eu\/lv\/shop\/"},{"@type":"ListItem","position":3,"name":"Bumblef**ked Hot Sauce (No Extract)"}]},{"@type":"WebSite","@id":"https:\/\/hotta.eu\/lv\/#website","url":"https:\/\/hotta.eu\/lv\/","name":"Hotta","description":"Makes your mouth burn a lotta!","publisher":{"@id":"https:\/\/hotta.eu\/lv\/#organization"},"potentialAction":[{"@type":"SearchAction","target":{"@type":"EntryPoint","urlTemplate":"https:\/\/hotta.eu\/lv\/?s={search_term_string}"},"query-input":{"@type":"PropertyValueSpecification","valueRequired":true,"valueName":"search_term_string"}}],"inLanguage":"lv-LV"},{"@type":"Organization","@id":"https:\/\/hotta.eu\/lv\/#organization","name":"Hotta","url":"https:\/\/hotta.eu\/lv\/","logo":{"@type":"ImageObject","inLanguage":"lv-LV","@id":"https:\/\/hotta.eu\/lv\/#\/schema\/logo\/image\/","url":"https:\/\/hotta.eu\/wp-content\/uploads\/2025\/04\/hotta-logo-invoice.png","contentUrl":"https:\/\/hotta.eu\/wp-content\/uploads\/2025\/04\/hotta-logo-invoice.png","width":600,"height":411,"caption":"Hotta"},"image":{"@id":"https:\/\/hotta.eu\/lv\/#\/schema\/logo\/image\/"},"sameAs":["https:\/\/www.facebook.com\/hotta.eu","https:\/\/x.com\/hottashop","https:\/\/www.instagram.com\/hotta.shop"]}]}},"jetpack_sharing_enabled":true,"_links":{"self":[{"href":"https:\/\/hotta.eu\/lv\/wp-json\/wp\/v2\/product\/25035","targetHints":{"allow":["GET"]}}],"collection":[{"href":"https:\/\/hotta.eu\/lv\/wp-json\/wp\/v2\/product"}],"about":[{"href":"https:\/\/hotta.eu\/lv\/wp-json\/wp\/v2\/types\/product"}],"replies":[{"embeddable":true,"href":"https:\/\/hotta.eu\/lv\/wp-json\/wp\/v2\/comments?post=25035"}],"wp:featuredmedia":[{"embeddable":true,"href":"https:\/\/hotta.eu\/lv\/wp-json\/wp\/v2\/media\/15931"}],"wp:attachment":[{"href":"https:\/\/hotta.eu\/lv\/wp-json\/wp\/v2\/media?parent=25035"}],"wp:term":[{"taxonomy":"product_cat","embeddable":true,"href":"https:\/\/hotta.eu\/lv\/wp-json\/wp\/v2\/product_cat?post=25035"},{"taxonomy":"product_tag","embeddable":true,"href":"https:\/\/hotta.eu\/lv\/wp-json\/wp\/v2\/product_tag?post=25035"},{"taxonomy":"giftcard-category","embeddable":true,"href":"https:\/\/hotta.eu\/lv\/wp-json\/wp\/v2\/giftcard-category?post=25035"}],"curies":[{"name":"wp","href":"https:\/\/api.w.org\/{rel}","templated":true}]}}